{"id":42071,"date":"2024-09-18T09:51:44","date_gmt":"2024-09-18T07:51:44","guid":{"rendered":"https:\/\/tetraktis.si\/izdelek\/farnam-red-cell\/"},"modified":"2024-09-18T10:07:02","modified_gmt":"2024-09-18T08:07:02","slug":"farnam-red-cell","status":"publish","type":"product","link":"https:\/\/tetraktis.si\/en\/izdelek\/farnam-red-cell\/","title":{"rendered":"Farnam Red Cell vitamins and minerals, including iron"},"content":{"rendered":"<h1>Farnam Red Cell<\/h1>\n<p>Farnam Red Cell is the trusted &#8220;industry standard&#8221; for fueling peak equine performance. It delivers a potent blend of essential vitamins and minerals, including 300 mg of chelated iron per ounce, to support your horse&#8217;s health and vitality.<\/p>\n<p>Key Benefits:<\/p>\n<ul>\n<li><strong>Potent Formula<\/strong>: Provides 300 mg of chelated iron per ounce for optimal absorption.<\/li>\n<li><strong>Consistent Quality<\/strong>: Homogenized for reliable, even distribution in every dose.<\/li>\n<li><strong>Palatable<\/strong>: Yucca flavoring ensures high palatability, making it easy to incorporate into your horse&#8217;s diet.<\/li>\n<\/ul>\n<p><strong>Solid Nutritional Support for All Horses<\/strong> Whether your horse is in training or simply in need of balanced nutrition, Red Cell fills crucial dietary gaps. This supplement provides key nutrients that support a healthy metabolism, immune function, and cardiovascular health. Available in both a liquid and a no-mess pellet formula, it offers convenience for any feeding regimen.<\/p>\n<p><strong>Feeding Instructions<\/strong>:<\/p>\n<ul>\n<li><strong>Horses in training<\/strong>: 2 fluid ounces daily<\/li>\n<li><strong>Horses not in training<\/strong>: 1 fluid ounce daily<\/li>\n<\/ul>\n<p>Simply mix Red Cell into your horse\u2019s feed or administer orally using a dose syringe for ease of use.<\/p>\n<p><strong>Important Notes<\/strong>:<\/p>\n<ul>\n<li><strong>Selenium Caution<\/strong>: Ensure total selenium intake does not exceed 0.3 ppm in the complete diet.<\/li>\n<li><strong>Storage<\/strong>: Store in a cool, dry place. Shake well before use and prevent freezing.<\/li>\n<li><strong>Safety<\/strong>: Keep out of reach of children and animals. Do not feed to copper-sensitive animals such as sheep.<\/li>\n<\/ul>\n<p><strong>Caution<\/strong>: Follow label directions carefully. Do not exceed recommended levels of selenium, as excessive amounts may be toxic.<\/p>\n<h3>Guaranteed analysis per 454g &#8230; per 30ml:<\/h3>\n<p>Magnesium, min. . . . . . . . . . . . . . . . 0.06% . . . . . . . . . . . . . . . . . . . . . . . 20 mg<br \/>\nPotassium, min. . . . . . . . . . . . . . . . . 0.31% . . . . . . . . . . . . . . . . . . . . . . 100 mg<br \/>\nSulfur, min. . . . . . . . . . . . . . .. . . . . . 0.78% . . . . . . . . . . . . . . . . . . . . . . 250 mg<br \/>\nCopper, min. . . . . . . .. . . . . . . . . . . . 1,100 ppm . . . . . . . . . . . . . . . . . . . . 36 mg<br \/>\nSelenium, min. . . . . . . . . . . . . . . . . . . . 20 ppm . . . . . . . . . . . . . . . . . . . 0.65 mg<br \/>\nZinc, min.. . . . . . . . . . . . . . . . . . . 3,400 ppm . . . . . . . . . . . . . . . . . . . . . 110 mg<br \/>\nIron, min. . . . . . . . . . . . . . . . . . . 9,400 ppm . . . . . . . . . . . . . . . . . . . . . 300 mg<br \/>\nCobalt, min. . . . . .. . . . . . . . . . . . . . 60 ppm . . . . . . . . . . . . . . . . . . . . . . . . 2 mg<br \/>\nManganese min. . . . . . . . . . . . .. . 1,200 ppm . . . . . . . . . . . . . . . . . . . . . . . 39 mg<br \/>\nIodine, min. . . . . . . . .. . . . . . . . . . . . 8 ppm . . . . . . . . . . . . . . . . . . . . . . 0.25 mg<br \/>\nVitamin A, min. . . . . . .. . . . . . . 356,923.0 I.U. . . . . . . . . . . . . . . . . . . . 25,000 I.U.<br \/>\nVitamin D-3, min. . . . . . .. . . . . . 49,969.0 I.U. . . . . . . . . . . . . . . . . . . . . 3,500 I.U.<br \/>\nVitamin E, min. . . . . . . . . . . . . . . . 500.0 I.U. . . . . . . . . . . . . . . . . . . . . . . . 35 I.U.<br \/>\nVitamin B-12, min. . . . . . . . . . . . . 1,680 mcg . . . . . . . . . . . . . . . . . . . . . . 0.12 mg<br \/>\nThiamine, min. . . . .. . . . . . . . . . . . 428.0 mg . . . . . . . . . . . . . . . . . . . . . . . 30 mg<br \/>\nRiboflavin, min. . . . . . . . . . . . . . . . 356.0 mg . . . . . . . . . . . . . . . . . . . . . . . 25 mg<br \/>\nVitamin B-6, min. . . . . . . . . . . . . . . 114.0 mg . . . . . . . . . . . . . . . . . . . . . . . . 8 mg<br \/>\nMenadione, min. . . . . . . . . . . . . . . . 35.0 mg . . . . . . . . . . . . . . . . . . . . . . . 2.5 mg<br \/>\nFolic Acid, min. . . . . . . . . . . . . . . . . 100.0 mg . . . . . . . . . . . . . . . . . . . . . . . . 7 mg<br \/>\nBiotin, min. . . . . . . . . . . . . . . . . . . 0.285 mg . . . . . . . . . . . . . . . . . . . . . . 0.02 mg<br \/>\nCholine, min. . . . . . . .. . . . . . . . . . . 2,855 mg . . . . . . . . . . . . . . . . . . . . . . 200 mg<br \/>\nd-Pantothenic Acid, min. . .. . . . . . . . 685.0 mg . . . . . . . . . . . . . . . . . . . . . . . 48 mg<\/p>\n<p>Ingredients:<br \/>\nWater, Ferric Sulfate, Ammonium Hydroxide, Citric Acid, Choline Chloride, Zinc Sulfate, Sorbitol, Magnesium Sulfate, Potassium Chloride, Vitamin E supplement, Vitamin A Acetate, D-activated Animal Sterol irradiated (source of Vitamin D-3), Copper Sulfate, Xanthan Gum, Manganese Sulfate, Thiamine Hydrochloride, Calcium Pantothenate, Saccharin Sodium, Riboflavin, Pyridoxine Hydrochloride, Folic Acid, Cobalt Sulfate, Menadione Sodium Bisulfite complex, Sodium Benzoate (a preservative), Niacinamide, Sodium Bicarbonate, Biotin, Sodium Selenite, Kelp Extract, Yucca Schidigera Extract, Ethylenediamine Dihydriodide, Vitamin B-12 Supplement, Artificial Cherry Flavoring, FD&amp;C Red #40 and Potassium Sorbate (a preservative).<\/p>\n","protected":false},"excerpt":{"rendered":"<p>A premium vitamin-mineral supplement for horses, providing 300 mg of chelated iron per ounce.<\/p>\n<p>Supports metabolism, immune, and cardiovascular health with a palatable yucca flavor.<\/p>\n<p>Ideal for horses in training.<\/p>\n","protected":false},"featured_media":42066,"comment_status":"closed","ping_status":"closed","template":"","meta":[],"product_brand":[3769],"product_cat":[3313,3326,3772,3773,3316],"product_tag":[3774,3505,3775,3776,3777,3778],"class_list":{"0":"post-42071","1":"product","2":"type-product","3":"status-publish","4":"has-post-thumbnail","6":"product_brand-farnam","7":"product_cat-competition","8":"product_cat-products-onsale-horses","9":"product_cat-novo-en","10":"product_cat-novo-konji-en","11":"product_cat-vitamins-minerals","12":"product_tag-farnam-en","13":"product_tag-iron-en","14":"product_tag-minerali-2-en","15":"product_tag-red-cell-en","16":"product_tag-vitamini-2-en","17":"product_tag-za-energijo-en","20":"first","21":"instock","22":"taxable","23":"shipping-taxable","24":"purchasable","25":"product-type-variable","26":"has-default-attributes"},"yoast_head":"<!-- This site is optimized with the Yoast SEO Premium plugin v20.10 (Yoast SEO v27.5) - https:\/\/yoast.com\/product\/yoast-seo-premium-wordpress\/ -->\n<title>Farnam Red Cell vitamins and minerals, including iron - Tetraktis- Equine America, Dorwest, Excel<\/title>\n<meta name=\"description\" content=\"Farnam Red Cell is a premium vitamin-mineral supplement for horses. Supports metabolism, immune, and cardiovascular health.\" \/>\n<meta name=\"robots\" content=\"index, follow, max-snippet:-1, max-image-preview:large, max-video-preview:-1\" \/>\n<link rel=\"canonical\" href=\"https:\/\/tetraktis.si\/en\/izdelek\/farnam-red-cell\/\" \/>\n<meta property=\"og:locale\" content=\"en_US\" \/>\n<meta property=\"og:type\" content=\"article\" \/>\n<meta property=\"og:title\" content=\"Farnam Red Cell vitamins and minerals, including iron - Tetraktis- Equine America, Dorwest, Excel\" \/>\n<meta property=\"og:description\" content=\"Farnam Red Cell is a premium vitamin-mineral supplement for horses. Supports metabolism, immune, and cardiovascular health.\" \/>\n<meta property=\"og:url\" content=\"https:\/\/tetraktis.si\/en\/izdelek\/farnam-red-cell\/\" \/>\n<meta property=\"og:site_name\" content=\"Tetraktis- Equine America, Dorwest, Excel\" \/>\n<meta property=\"article:publisher\" content=\"https:\/\/business.facebook.com\/equineamericashop\/?business_id=193323571192825\" \/>\n<meta property=\"article:modified_time\" content=\"2024-09-18T08:07:02+00:00\" \/>\n<meta property=\"og:image\" content=\"https:\/\/tetraktis.si\/wp-content\/uploads\/2024\/09\/Farnam-Red-Cell.jpg\" \/>\n\t<meta property=\"og:image:width\" content=\"500\" \/>\n\t<meta property=\"og:image:height\" content=\"500\" \/>\n\t<meta property=\"og:image:type\" content=\"image\/jpeg\" \/>\n<meta name=\"twitter:card\" content=\"summary_large_image\" \/>\n<meta name=\"twitter:site\" content=\"@TetraktisInfo\" \/>\n<meta name=\"twitter:label1\" content=\"Est. reading time\" \/>\n\t<meta name=\"twitter:data1\" content=\"3 minutes\" \/>\n<script type=\"application\/ld+json\" class=\"yoast-schema-graph\">{\"@context\":\"https:\\\/\\\/schema.org\",\"@graph\":[{\"@type\":\"WebPage\",\"@id\":\"https:\\\/\\\/tetraktis.si\\\/en\\\/izdelek\\\/farnam-red-cell\\\/\",\"url\":\"https:\\\/\\\/tetraktis.si\\\/en\\\/izdelek\\\/farnam-red-cell\\\/\",\"name\":\"Farnam Red Cell vitamins and minerals, including iron - Tetraktis- Equine America, Dorwest, Excel\",\"isPartOf\":{\"@id\":\"https:\\\/\\\/tetraktis.si\\\/en\\\/#website\"},\"primaryImageOfPage\":{\"@id\":\"https:\\\/\\\/tetraktis.si\\\/en\\\/izdelek\\\/farnam-red-cell\\\/#primaryimage\"},\"image\":{\"@id\":\"https:\\\/\\\/tetraktis.si\\\/en\\\/izdelek\\\/farnam-red-cell\\\/#primaryimage\"},\"thumbnailUrl\":\"https:\\\/\\\/tetraktis.si\\\/wp-content\\\/uploads\\\/2024\\\/09\\\/Farnam-Red-Cell.jpg\",\"datePublished\":\"2024-09-18T07:51:44+00:00\",\"dateModified\":\"2024-09-18T08:07:02+00:00\",\"description\":\"Farnam Red Cell is a premium vitamin-mineral supplement for horses. Supports metabolism, immune, and cardiovascular health.\",\"breadcrumb\":{\"@id\":\"https:\\\/\\\/tetraktis.si\\\/en\\\/izdelek\\\/farnam-red-cell\\\/#breadcrumb\"},\"inLanguage\":\"en-US\",\"potentialAction\":[{\"@type\":\"ReadAction\",\"target\":[\"https:\\\/\\\/tetraktis.si\\\/en\\\/izdelek\\\/farnam-red-cell\\\/\"]}]},{\"@type\":\"ImageObject\",\"inLanguage\":\"en-US\",\"@id\":\"https:\\\/\\\/tetraktis.si\\\/en\\\/izdelek\\\/farnam-red-cell\\\/#primaryimage\",\"url\":\"https:\\\/\\\/tetraktis.si\\\/wp-content\\\/uploads\\\/2024\\\/09\\\/Farnam-Red-Cell.jpg\",\"contentUrl\":\"https:\\\/\\\/tetraktis.si\\\/wp-content\\\/uploads\\\/2024\\\/09\\\/Farnam-Red-Cell.jpg\",\"width\":500,\"height\":500,\"caption\":\"Farnam Red Cell\"},{\"@type\":\"BreadcrumbList\",\"@id\":\"https:\\\/\\\/tetraktis.si\\\/en\\\/izdelek\\\/farnam-red-cell\\\/#breadcrumb\",\"itemListElement\":[{\"@type\":\"ListItem\",\"position\":1,\"name\":\"Shop\",\"item\":\"https:\\\/\\\/tetraktis.si\\\/en\\\/shop-3\\\/\"},{\"@type\":\"ListItem\",\"position\":2,\"name\":\"Farnam Red Cell vitamins and minerals, including iron\"}]},{\"@type\":\"WebSite\",\"@id\":\"https:\\\/\\\/tetraktis.si\\\/en\\\/#website\",\"url\":\"https:\\\/\\\/tetraktis.si\\\/en\\\/\",\"name\":\"Tetraktis- Equine America, Dorwest, Excel\",\"description\":\"Samo najbolj\u0161e za va\u0161e \u017eivali\",\"publisher\":{\"@id\":\"https:\\\/\\\/tetraktis.si\\\/en\\\/#organization\"},\"potentialAction\":[{\"@type\":\"SearchAction\",\"target\":{\"@type\":\"EntryPoint\",\"urlTemplate\":\"https:\\\/\\\/tetraktis.si\\\/en\\\/?s={search_term_string}\"},\"query-input\":{\"@type\":\"PropertyValueSpecification\",\"valueRequired\":true,\"valueName\":\"search_term_string\"}}],\"inLanguage\":\"en-US\"},{\"@type\":\"Organization\",\"@id\":\"https:\\\/\\\/tetraktis.si\\\/en\\\/#organization\",\"name\":\"Tetraktis\",\"url\":\"https:\\\/\\\/tetraktis.si\\\/en\\\/\",\"logo\":{\"@type\":\"ImageObject\",\"inLanguage\":\"en-US\",\"@id\":\"https:\\\/\\\/tetraktis.si\\\/en\\\/#\\\/schema\\\/logo\\\/image\\\/\",\"url\":\"https:\\\/\\\/tetraktis.si\\\/wp-content\\\/uploads\\\/2022\\\/06\\\/logo.webp\",\"contentUrl\":\"https:\\\/\\\/tetraktis.si\\\/wp-content\\\/uploads\\\/2022\\\/06\\\/logo.webp\",\"width\":400,\"height\":211,\"caption\":\"Tetraktis\"},\"image\":{\"@id\":\"https:\\\/\\\/tetraktis.si\\\/en\\\/#\\\/schema\\\/logo\\\/image\\\/\"},\"sameAs\":[\"https:\\\/\\\/business.facebook.com\\\/equineamericashop\\\/?business_id=193323571192825\",\"https:\\\/\\\/x.com\\\/TetraktisInfo\",\"https:\\\/\\\/www.instagram.com\\\/tetraktisslovenija\\\/\",\"https:\\\/\\\/www.youtube.com\\\/channel\\\/UCk_PdKMdtpZ4pf0RRFL1vYA\"]}]}<\/script>\n<!-- \/ Yoast SEO Premium plugin. -->","yoast_head_json":{"title":"Farnam Red Cell vitamins and minerals, including iron - Tetraktis- Equine America, Dorwest, Excel","description":"Farnam Red Cell is a premium vitamin-mineral supplement for horses. Supports metabolism, immune, and cardiovascular health.","robots":{"index":"index","follow":"follow","max-snippet":"max-snippet:-1","max-image-preview":"max-image-preview:large","max-video-preview":"max-video-preview:-1"},"canonical":"https:\/\/tetraktis.si\/en\/izdelek\/farnam-red-cell\/","og_locale":"en_US","og_type":"article","og_title":"Farnam Red Cell vitamins and minerals, including iron - Tetraktis- Equine America, Dorwest, Excel","og_description":"Farnam Red Cell is a premium vitamin-mineral supplement for horses. Supports metabolism, immune, and cardiovascular health.","og_url":"https:\/\/tetraktis.si\/en\/izdelek\/farnam-red-cell\/","og_site_name":"Tetraktis- Equine America, Dorwest, Excel","article_publisher":"https:\/\/business.facebook.com\/equineamericashop\/?business_id=193323571192825","article_modified_time":"2024-09-18T08:07:02+00:00","og_image":[{"width":500,"height":500,"url":"https:\/\/tetraktis.si\/wp-content\/uploads\/2024\/09\/Farnam-Red-Cell.jpg","type":"image\/jpeg"}],"twitter_card":"summary_large_image","twitter_site":"@TetraktisInfo","twitter_misc":{"Est. reading time":"3 minutes"},"schema":{"@context":"https:\/\/schema.org","@graph":[{"@type":"WebPage","@id":"https:\/\/tetraktis.si\/en\/izdelek\/farnam-red-cell\/","url":"https:\/\/tetraktis.si\/en\/izdelek\/farnam-red-cell\/","name":"Farnam Red Cell vitamins and minerals, including iron - Tetraktis- Equine America, Dorwest, Excel","isPartOf":{"@id":"https:\/\/tetraktis.si\/en\/#website"},"primaryImageOfPage":{"@id":"https:\/\/tetraktis.si\/en\/izdelek\/farnam-red-cell\/#primaryimage"},"image":{"@id":"https:\/\/tetraktis.si\/en\/izdelek\/farnam-red-cell\/#primaryimage"},"thumbnailUrl":"https:\/\/tetraktis.si\/wp-content\/uploads\/2024\/09\/Farnam-Red-Cell.jpg","datePublished":"2024-09-18T07:51:44+00:00","dateModified":"2024-09-18T08:07:02+00:00","description":"Farnam Red Cell is a premium vitamin-mineral supplement for horses. Supports metabolism, immune, and cardiovascular health.","breadcrumb":{"@id":"https:\/\/tetraktis.si\/en\/izdelek\/farnam-red-cell\/#breadcrumb"},"inLanguage":"en-US","potentialAction":[{"@type":"ReadAction","target":["https:\/\/tetraktis.si\/en\/izdelek\/farnam-red-cell\/"]}]},{"@type":"ImageObject","inLanguage":"en-US","@id":"https:\/\/tetraktis.si\/en\/izdelek\/farnam-red-cell\/#primaryimage","url":"https:\/\/tetraktis.si\/wp-content\/uploads\/2024\/09\/Farnam-Red-Cell.jpg","contentUrl":"https:\/\/tetraktis.si\/wp-content\/uploads\/2024\/09\/Farnam-Red-Cell.jpg","width":500,"height":500,"caption":"Farnam Red Cell"},{"@type":"BreadcrumbList","@id":"https:\/\/tetraktis.si\/en\/izdelek\/farnam-red-cell\/#breadcrumb","itemListElement":[{"@type":"ListItem","position":1,"name":"Shop","item":"https:\/\/tetraktis.si\/en\/shop-3\/"},{"@type":"ListItem","position":2,"name":"Farnam Red Cell vitamins and minerals, including iron"}]},{"@type":"WebSite","@id":"https:\/\/tetraktis.si\/en\/#website","url":"https:\/\/tetraktis.si\/en\/","name":"Tetraktis- Equine America, Dorwest, Excel","description":"Samo najbolj\u0161e za va\u0161e \u017eivali","publisher":{"@id":"https:\/\/tetraktis.si\/en\/#organization"},"potentialAction":[{"@type":"SearchAction","target":{"@type":"EntryPoint","urlTemplate":"https:\/\/tetraktis.si\/en\/?s={search_term_string}"},"query-input":{"@type":"PropertyValueSpecification","valueRequired":true,"valueName":"search_term_string"}}],"inLanguage":"en-US"},{"@type":"Organization","@id":"https:\/\/tetraktis.si\/en\/#organization","name":"Tetraktis","url":"https:\/\/tetraktis.si\/en\/","logo":{"@type":"ImageObject","inLanguage":"en-US","@id":"https:\/\/tetraktis.si\/en\/#\/schema\/logo\/image\/","url":"https:\/\/tetraktis.si\/wp-content\/uploads\/2022\/06\/logo.webp","contentUrl":"https:\/\/tetraktis.si\/wp-content\/uploads\/2022\/06\/logo.webp","width":400,"height":211,"caption":"Tetraktis"},"image":{"@id":"https:\/\/tetraktis.si\/en\/#\/schema\/logo\/image\/"},"sameAs":["https:\/\/business.facebook.com\/equineamericashop\/?business_id=193323571192825","https:\/\/x.com\/TetraktisInfo","https:\/\/www.instagram.com\/tetraktisslovenija\/","https:\/\/www.youtube.com\/channel\/UCk_PdKMdtpZ4pf0RRFL1vYA"]}]}},"_links":{"self":[{"href":"https:\/\/tetraktis.si\/en\/wp-json\/wp\/v2\/product\/42071","targetHints":{"allow":["GET"]}}],"collection":[{"href":"https:\/\/tetraktis.si\/en\/wp-json\/wp\/v2\/product"}],"about":[{"href":"https:\/\/tetraktis.si\/en\/wp-json\/wp\/v2\/types\/product"}],"replies":[{"embeddable":true,"href":"https:\/\/tetraktis.si\/en\/wp-json\/wp\/v2\/comments?post=42071"}],"version-history":[{"count":2,"href":"https:\/\/tetraktis.si\/en\/wp-json\/wp\/v2\/product\/42071\/revisions"}],"predecessor-version":[{"id":42075,"href":"https:\/\/tetraktis.si\/en\/wp-json\/wp\/v2\/product\/42071\/revisions\/42075"}],"wp:featuredmedia":[{"embeddable":true,"href":"https:\/\/tetraktis.si\/en\/wp-json\/wp\/v2\/media\/42066"}],"wp:attachment":[{"href":"https:\/\/tetraktis.si\/en\/wp-json\/wp\/v2\/media?parent=42071"}],"wp:term":[{"taxonomy":"product_brand","embeddable":true,"href":"https:\/\/tetraktis.si\/en\/wp-json\/wp\/v2\/product_brand?post=42071"},{"taxonomy":"product_cat","embeddable":true,"href":"https:\/\/tetraktis.si\/en\/wp-json\/wp\/v2\/product_cat?post=42071"},{"taxonomy":"product_tag","embeddable":true,"href":"https:\/\/tetraktis.si\/en\/wp-json\/wp\/v2\/product_tag?post=42071"}],"curies":[{"name":"wp","href":"https:\/\/api.w.org\/{rel}","templated":true}]}}