{"id":38434,"date":"2023-04-03T09:32:19","date_gmt":"2023-04-03T07:32:19","guid":{"rendered":"https:\/\/tetraktis.si\/?post_type=product&#038;p=38434"},"modified":"2023-04-06T16:00:20","modified_gmt":"2023-04-06T14:00:20","slug":"apple-lytes-electrolytes-kopija","status":"publish","type":"product","link":"https:\/\/tetraktis.si\/en\/izdelek\/apple-lytes-electrolytes-kopija\/","title":{"rendered":"Apple Lytes Solution"},"content":{"rendered":"<h1>Apple Lytes Solution was formulated by Bruce Snipes, creator of <a href=\"https:\/\/www.tetraktis.si\/en\/product\/cortaflex-ha-super-fenn-super-strength-2\/\">Cortaflex\u00ae<\/a>, who pioneered the feeding of electrolytes to horses in the 1960s.<\/h1>\n<p>Apple Lytes Solution has been carefully formulated to replace key electrolytes.<\/p>\n<p>And encourage drinking to help prevent dehydration and maintain peak performance all season.<\/p>\n<p>An increase in body temperature, either as a result of exercise, travelling or high environmental temperature will cause the horse to sweat.<\/p>\n<p>The evaporation of this sweat helps the horse cool down and regulate his body temperature.<\/p>\n<p>Sweating causes fluid loss, together with the loss of body salts called electrolytes, contained in sweat.<\/p>\n<p>A horse in moderate work, trotting and cantering, can lose as much as 5-7 litres of fluid, and 50-70g of electrolytes in an hour.<\/p>\n<p>And this will increase as the work intensity or duration increases. And even more, if the weather is hot and humid!<\/p>\n<h2>The important electrolytes are Sodium and Chloride, Potassium, Calcium and Magnesium.<\/h2>\n<p>Electrolytes for hoses play key roles in muscle contraction, the nervous system, and maintaining the fluid balance around cells.<\/p>\n<p>And very importantly, the concentration of sodium controls the horse\u2019s thirst response.<\/p>\n<p>This is especially notable, as a significant loss of electrolytes can actually reduce the horse\u2019s desire to drink. Even when he has lost a large amount of fluid and is at risk of becoming dehydrated.<\/p>\n<p>If the lost fluid and electrolytes are not replaced, the horse will begin to suffer from dehydration.<\/p>\n<p>Affects performance and results in symptoms of fatigue and reduced exercise tolerance.<\/p>\n<p>And ultimately more serious conditions affecting muscles and the ability to perform.<\/p>\n<h2>As <strong>horses<\/strong> work and sweat they lose vital <strong>electrolytes<\/strong> and mineral salts.<\/h2>\n<p>At low levels, these can be replaced with <strong>Sodium Chloride<\/strong> (salt). But if the horse is in medium to hard work and sweating on a daily basis, an electrolyte supplement must be provided.<\/p>\n<p>Because horse sweat contains a higher concentration of sodium and chloride than other body fluids, it is important that electrolytes for horses are provided at the correct concentrations.<\/p>\n<p>To ensure that the desire to drink is maintained.<\/p>\n<p>So fluid balance AND electrolyte losses can be restored to promote recovery and ensure continued optimum performance.<\/p>\n<p>And this is especially important during longer shows or events, when performance may decline if electrolyte and fluid balance is not restored.<\/p>\n<h2>Without <strong>electrolytes<\/strong>, the horse will feel lethargic.<\/h2>\n<p>And a continuation of this loss is highly detrimental to the horse\u2019s health.<\/p>\n<p>As the main electrolyte is a <strong>salt<\/strong> (sodium chloride) it is important to use a salt \u2013 granular or powder based product (not a solution).<\/p>\n<p>As it is not possible to suspend enough of the mineral salts needed within a solution.<\/p>\n<p>Electrolyte replacement to restore losses and encourage water intake are important for all horses and ponies who sweat.<\/p>\n<p>From Pony Club ponies working hard at rallies in the Summer,\u00a0 through to globe-trotting International eventers, showjumpers and dressage horses!<\/p>\n<p>Apple Lytes Electrolytes are highly palatable, with an appetising cherry flavour.<\/p>\n<p>And should be introduced gradually at home, mixed in feed.<\/p>\n<p>Building up to the recommended level when required after periods of sweating, with fresh water always available.<\/p>\n<h2><strong>When should you feed Apple Lytes Solution?<\/strong><\/h2>\n<p>Feed\u00a0Apple Lytes electrolytes daily to <strong>horses<\/strong> or ponies in hard work, especially those who are sweating.<\/p>\n<p><strong>Apple Lytes electrolytes<\/strong> is a salt-based product which can be added to the feed on a daily basis.<\/p>\n<p>For high-level competition and endurance events.<\/p>\n<p><strong>Electrolytes <\/strong>should not be fed to a dehydrated<strong> horse<\/strong> &#8211; always ensure the water has been ingested first.<\/p>\n<p>And that the <strong>horse<\/strong> has recovered from exercise.<\/p>\n<p><strong>Apple Lytes<\/strong> is an <strong>electrolyte replacement<\/strong> product and should only be used once the <strong>horse\/pony<\/strong> is rehydrated. To aid hydration use Drink More.<\/p>\n<h2>APPLE LYTES ELECTROLYTES SOLUTION<\/h2>\n<p>This product can also be purchased in <a href=\"https:\/\/tetraktis.si\/en\/izdelek\/apple-lytes-electrolytes\/\">powder form<\/a>.<\/p>\n<p>A complementary mineral feed for horses, designed to replace essential electrolytes lost in sweat.<br \/>\nDirections for feeding: Mix well in the feed.<\/p>\n<ul>\n<li>For 500 kg horses: 30ml daily for lighter work; feed up to 60ml per day after strenuous<br \/>\nexercise or when sweating heavily. Maximum 60ml per day.<\/li>\n<li>For smaller ponies: 15ml daily for lighter work; Feed up to 30 ml per day after strenuous<br \/>\nexercise or heavy sweating. Maximum 30ml per day.<br \/>\nDo not exceed recommended intakes unless under professional advice<\/li>\n<\/ul>\n<p>&nbsp;<\/p>\n<p><strong>Additives (per kg):<\/strong>\u00a0 Sensory additives: Mixture of flavouring compounds 7500mg<\/p>\n<p>Analytical Constituents:<br \/>\nAsh 58.5% Potassium 2.3%<br \/>\nSodium 6.8% Calcium 0.45%<br \/>\nChloride 15.4% Magnesium 0.68%<br \/>\n<strong>Composition<\/strong>: Sodium Chloride, Magnesium Chloride, Glycerine, Sorbitol, Potassium<br \/>\n<strong>Analytical Constituents:<\/strong> Crude Ash 58.5%, Sodium 6.8%, Potassium 2.3%, Chloride 15.4%, Magnesium 0.68%, Calcium 0.45%<\/p>\n<p>Available in 1L (33-day supply at maintenance) and 5L.<\/p>\n<p>&nbsp;<\/p>\n","protected":false},"excerpt":{"rendered":"<p>Apple Lytes Electrolytes have been carefully formulated to replace the key electrolytes and encourage drinking to help prevent dehydration and maintain peak performance all season.<\/p>\n<p>Apple Lytes Electrolytes are highly palatable, with an appetising cherry flavour.<\/p>\n","protected":false},"featured_media":38462,"comment_status":"open","ping_status":"closed","template":"","meta":[],"product_brand":[322],"product_cat":[3313,3326,3316,3315],"product_tag":[],"class_list":{"0":"post-38434","1":"product","2":"type-product","3":"status-publish","4":"has-post-thumbnail","6":"product_brand-equine-america","7":"product_cat-competition","8":"product_cat-products-onsale-horses","9":"product_cat-vitamins-minerals","10":"product_cat-wellbeing","13":"first","14":"instock","15":"taxable","16":"shipping-taxable","17":"purchasable","18":"product-type-variable","19":"has-default-attributes"},"yoast_head":"<!-- This site is optimized with the Yoast SEO Premium plugin v20.10 (Yoast SEO v27.5) - https:\/\/yoast.com\/product\/yoast-seo-premium-wordpress\/ -->\n<title>Apple Lytes Solution - Appetising cherry flavour<\/title>\n<meta name=\"description\" content=\"Apple Lytes Electrolytes- formulated to replace the key electrolytes and encourage drinking to help prevent dehydration.Apple Lytes Solution\" \/>\n<meta name=\"robots\" content=\"index, follow, max-snippet:-1, max-image-preview:large, max-video-preview:-1\" \/>\n<link rel=\"canonical\" href=\"https:\/\/tetraktis.si\/en\/izdelek\/apple-lytes-electrolytes-kopija\/\" \/>\n<meta property=\"og:locale\" content=\"en_US\" \/>\n<meta property=\"og:type\" content=\"article\" \/>\n<meta property=\"og:title\" content=\"Apple Lytes Solution - Appetising cherry flavour\" \/>\n<meta property=\"og:description\" content=\"Apple Lytes Electrolytes- formulated to replace the key electrolytes and encourage drinking to help prevent dehydration.Apple Lytes Solution\" \/>\n<meta property=\"og:url\" content=\"https:\/\/tetraktis.si\/en\/izdelek\/apple-lytes-electrolytes-kopija\/\" \/>\n<meta property=\"og:site_name\" content=\"Tetraktis- Equine America, Dorwest, Excel\" \/>\n<meta property=\"article:publisher\" content=\"https:\/\/business.facebook.com\/equineamericashop\/?business_id=193323571192825\" \/>\n<meta property=\"article:modified_time\" content=\"2023-04-06T14:00:20+00:00\" \/>\n<meta property=\"og:image\" content=\"https:\/\/tetraktis.si\/wp-content\/uploads\/2023\/04\/elektroliti-tekocina-za-konje.jpg\" \/>\n\t<meta property=\"og:image:width\" content=\"657\" \/>\n\t<meta property=\"og:image:height\" content=\"657\" \/>\n\t<meta property=\"og:image:type\" content=\"image\/jpeg\" \/>\n<meta name=\"twitter:card\" content=\"summary_large_image\" \/>\n<meta name=\"twitter:site\" content=\"@TetraktisInfo\" \/>\n<meta name=\"twitter:label1\" content=\"Est. reading time\" \/>\n\t<meta name=\"twitter:data1\" content=\"5 minutes\" \/>\n<script type=\"application\/ld+json\" class=\"yoast-schema-graph\">{\"@context\":\"https:\\\/\\\/schema.org\",\"@graph\":[{\"@type\":\"WebPage\",\"@id\":\"https:\\\/\\\/tetraktis.si\\\/en\\\/izdelek\\\/apple-lytes-electrolytes-kopija\\\/\",\"url\":\"https:\\\/\\\/tetraktis.si\\\/en\\\/izdelek\\\/apple-lytes-electrolytes-kopija\\\/\",\"name\":\"Apple Lytes Solution - Appetising cherry flavour\",\"isPartOf\":{\"@id\":\"https:\\\/\\\/tetraktis.si\\\/en\\\/#website\"},\"primaryImageOfPage\":{\"@id\":\"https:\\\/\\\/tetraktis.si\\\/en\\\/izdelek\\\/apple-lytes-electrolytes-kopija\\\/#primaryimage\"},\"image\":{\"@id\":\"https:\\\/\\\/tetraktis.si\\\/en\\\/izdelek\\\/apple-lytes-electrolytes-kopija\\\/#primaryimage\"},\"thumbnailUrl\":\"https:\\\/\\\/tetraktis.si\\\/wp-content\\\/uploads\\\/2023\\\/04\\\/elektroliti-tekocina-za-konje.jpg\",\"datePublished\":\"2023-04-03T07:32:19+00:00\",\"dateModified\":\"2023-04-06T14:00:20+00:00\",\"description\":\"Apple Lytes Electrolytes- formulated to replace the key electrolytes and encourage drinking to help prevent dehydration.Apple Lytes Solution\",\"breadcrumb\":{\"@id\":\"https:\\\/\\\/tetraktis.si\\\/en\\\/izdelek\\\/apple-lytes-electrolytes-kopija\\\/#breadcrumb\"},\"inLanguage\":\"en-US\",\"potentialAction\":[{\"@type\":\"ReadAction\",\"target\":[\"https:\\\/\\\/tetraktis.si\\\/en\\\/izdelek\\\/apple-lytes-electrolytes-kopija\\\/\"]}]},{\"@type\":\"ImageObject\",\"inLanguage\":\"en-US\",\"@id\":\"https:\\\/\\\/tetraktis.si\\\/en\\\/izdelek\\\/apple-lytes-electrolytes-kopija\\\/#primaryimage\",\"url\":\"https:\\\/\\\/tetraktis.si\\\/wp-content\\\/uploads\\\/2023\\\/04\\\/elektroliti-tekocina-za-konje.jpg\",\"contentUrl\":\"https:\\\/\\\/tetraktis.si\\\/wp-content\\\/uploads\\\/2023\\\/04\\\/elektroliti-tekocina-za-konje.jpg\",\"width\":657,\"height\":657,\"caption\":\"Apple-Lytes-Solution\"},{\"@type\":\"BreadcrumbList\",\"@id\":\"https:\\\/\\\/tetraktis.si\\\/en\\\/izdelek\\\/apple-lytes-electrolytes-kopija\\\/#breadcrumb\",\"itemListElement\":[{\"@type\":\"ListItem\",\"position\":1,\"name\":\"Shop\",\"item\":\"https:\\\/\\\/tetraktis.si\\\/en\\\/shop-3\\\/\"},{\"@type\":\"ListItem\",\"position\":2,\"name\":\"Apple Lytes Solution\"}]},{\"@type\":\"WebSite\",\"@id\":\"https:\\\/\\\/tetraktis.si\\\/en\\\/#website\",\"url\":\"https:\\\/\\\/tetraktis.si\\\/en\\\/\",\"name\":\"Tetraktis- Equine America, Dorwest, Excel\",\"description\":\"Samo najbolj\u0161e za va\u0161e \u017eivali\",\"publisher\":{\"@id\":\"https:\\\/\\\/tetraktis.si\\\/en\\\/#organization\"},\"potentialAction\":[{\"@type\":\"SearchAction\",\"target\":{\"@type\":\"EntryPoint\",\"urlTemplate\":\"https:\\\/\\\/tetraktis.si\\\/en\\\/?s={search_term_string}\"},\"query-input\":{\"@type\":\"PropertyValueSpecification\",\"valueRequired\":true,\"valueName\":\"search_term_string\"}}],\"inLanguage\":\"en-US\"},{\"@type\":\"Organization\",\"@id\":\"https:\\\/\\\/tetraktis.si\\\/en\\\/#organization\",\"name\":\"Tetraktis\",\"url\":\"https:\\\/\\\/tetraktis.si\\\/en\\\/\",\"logo\":{\"@type\":\"ImageObject\",\"inLanguage\":\"en-US\",\"@id\":\"https:\\\/\\\/tetraktis.si\\\/en\\\/#\\\/schema\\\/logo\\\/image\\\/\",\"url\":\"https:\\\/\\\/tetraktis.si\\\/wp-content\\\/uploads\\\/2022\\\/06\\\/logo.webp\",\"contentUrl\":\"https:\\\/\\\/tetraktis.si\\\/wp-content\\\/uploads\\\/2022\\\/06\\\/logo.webp\",\"width\":400,\"height\":211,\"caption\":\"Tetraktis\"},\"image\":{\"@id\":\"https:\\\/\\\/tetraktis.si\\\/en\\\/#\\\/schema\\\/logo\\\/image\\\/\"},\"sameAs\":[\"https:\\\/\\\/business.facebook.com\\\/equineamericashop\\\/?business_id=193323571192825\",\"https:\\\/\\\/x.com\\\/TetraktisInfo\",\"https:\\\/\\\/www.instagram.com\\\/tetraktisslovenija\\\/\",\"https:\\\/\\\/www.youtube.com\\\/channel\\\/UCk_PdKMdtpZ4pf0RRFL1vYA\"]}]}<\/script>\n<!-- \/ Yoast SEO Premium plugin. -->","yoast_head_json":{"title":"Apple Lytes Solution - Appetising cherry flavour","description":"Apple Lytes Electrolytes- formulated to replace the key electrolytes and encourage drinking to help prevent dehydration.Apple Lytes Solution","robots":{"index":"index","follow":"follow","max-snippet":"max-snippet:-1","max-image-preview":"max-image-preview:large","max-video-preview":"max-video-preview:-1"},"canonical":"https:\/\/tetraktis.si\/en\/izdelek\/apple-lytes-electrolytes-kopija\/","og_locale":"en_US","og_type":"article","og_title":"Apple Lytes Solution - Appetising cherry flavour","og_description":"Apple Lytes Electrolytes- formulated to replace the key electrolytes and encourage drinking to help prevent dehydration.Apple Lytes Solution","og_url":"https:\/\/tetraktis.si\/en\/izdelek\/apple-lytes-electrolytes-kopija\/","og_site_name":"Tetraktis- Equine America, Dorwest, Excel","article_publisher":"https:\/\/business.facebook.com\/equineamericashop\/?business_id=193323571192825","article_modified_time":"2023-04-06T14:00:20+00:00","og_image":[{"width":657,"height":657,"url":"https:\/\/tetraktis.si\/wp-content\/uploads\/2023\/04\/elektroliti-tekocina-za-konje.jpg","type":"image\/jpeg"}],"twitter_card":"summary_large_image","twitter_site":"@TetraktisInfo","twitter_misc":{"Est. reading time":"5 minutes"},"schema":{"@context":"https:\/\/schema.org","@graph":[{"@type":"WebPage","@id":"https:\/\/tetraktis.si\/en\/izdelek\/apple-lytes-electrolytes-kopija\/","url":"https:\/\/tetraktis.si\/en\/izdelek\/apple-lytes-electrolytes-kopija\/","name":"Apple Lytes Solution - Appetising cherry flavour","isPartOf":{"@id":"https:\/\/tetraktis.si\/en\/#website"},"primaryImageOfPage":{"@id":"https:\/\/tetraktis.si\/en\/izdelek\/apple-lytes-electrolytes-kopija\/#primaryimage"},"image":{"@id":"https:\/\/tetraktis.si\/en\/izdelek\/apple-lytes-electrolytes-kopija\/#primaryimage"},"thumbnailUrl":"https:\/\/tetraktis.si\/wp-content\/uploads\/2023\/04\/elektroliti-tekocina-za-konje.jpg","datePublished":"2023-04-03T07:32:19+00:00","dateModified":"2023-04-06T14:00:20+00:00","description":"Apple Lytes Electrolytes- formulated to replace the key electrolytes and encourage drinking to help prevent dehydration.Apple Lytes Solution","breadcrumb":{"@id":"https:\/\/tetraktis.si\/en\/izdelek\/apple-lytes-electrolytes-kopija\/#breadcrumb"},"inLanguage":"en-US","potentialAction":[{"@type":"ReadAction","target":["https:\/\/tetraktis.si\/en\/izdelek\/apple-lytes-electrolytes-kopija\/"]}]},{"@type":"ImageObject","inLanguage":"en-US","@id":"https:\/\/tetraktis.si\/en\/izdelek\/apple-lytes-electrolytes-kopija\/#primaryimage","url":"https:\/\/tetraktis.si\/wp-content\/uploads\/2023\/04\/elektroliti-tekocina-za-konje.jpg","contentUrl":"https:\/\/tetraktis.si\/wp-content\/uploads\/2023\/04\/elektroliti-tekocina-za-konje.jpg","width":657,"height":657,"caption":"Apple-Lytes-Solution"},{"@type":"BreadcrumbList","@id":"https:\/\/tetraktis.si\/en\/izdelek\/apple-lytes-electrolytes-kopija\/#breadcrumb","itemListElement":[{"@type":"ListItem","position":1,"name":"Shop","item":"https:\/\/tetraktis.si\/en\/shop-3\/"},{"@type":"ListItem","position":2,"name":"Apple Lytes Solution"}]},{"@type":"WebSite","@id":"https:\/\/tetraktis.si\/en\/#website","url":"https:\/\/tetraktis.si\/en\/","name":"Tetraktis- Equine America, Dorwest, Excel","description":"Samo najbolj\u0161e za va\u0161e \u017eivali","publisher":{"@id":"https:\/\/tetraktis.si\/en\/#organization"},"potentialAction":[{"@type":"SearchAction","target":{"@type":"EntryPoint","urlTemplate":"https:\/\/tetraktis.si\/en\/?s={search_term_string}"},"query-input":{"@type":"PropertyValueSpecification","valueRequired":true,"valueName":"search_term_string"}}],"inLanguage":"en-US"},{"@type":"Organization","@id":"https:\/\/tetraktis.si\/en\/#organization","name":"Tetraktis","url":"https:\/\/tetraktis.si\/en\/","logo":{"@type":"ImageObject","inLanguage":"en-US","@id":"https:\/\/tetraktis.si\/en\/#\/schema\/logo\/image\/","url":"https:\/\/tetraktis.si\/wp-content\/uploads\/2022\/06\/logo.webp","contentUrl":"https:\/\/tetraktis.si\/wp-content\/uploads\/2022\/06\/logo.webp","width":400,"height":211,"caption":"Tetraktis"},"image":{"@id":"https:\/\/tetraktis.si\/en\/#\/schema\/logo\/image\/"},"sameAs":["https:\/\/business.facebook.com\/equineamericashop\/?business_id=193323571192825","https:\/\/x.com\/TetraktisInfo","https:\/\/www.instagram.com\/tetraktisslovenija\/","https:\/\/www.youtube.com\/channel\/UCk_PdKMdtpZ4pf0RRFL1vYA"]}]}},"_links":{"self":[{"href":"https:\/\/tetraktis.si\/en\/wp-json\/wp\/v2\/product\/38434","targetHints":{"allow":["GET"]}}],"collection":[{"href":"https:\/\/tetraktis.si\/en\/wp-json\/wp\/v2\/product"}],"about":[{"href":"https:\/\/tetraktis.si\/en\/wp-json\/wp\/v2\/types\/product"}],"replies":[{"embeddable":true,"href":"https:\/\/tetraktis.si\/en\/wp-json\/wp\/v2\/comments?post=38434"}],"version-history":[{"count":2,"href":"https:\/\/tetraktis.si\/en\/wp-json\/wp\/v2\/product\/38434\/revisions"}],"predecessor-version":[{"id":38468,"href":"https:\/\/tetraktis.si\/en\/wp-json\/wp\/v2\/product\/38434\/revisions\/38468"}],"wp:featuredmedia":[{"embeddable":true,"href":"https:\/\/tetraktis.si\/en\/wp-json\/wp\/v2\/media\/38462"}],"wp:attachment":[{"href":"https:\/\/tetraktis.si\/en\/wp-json\/wp\/v2\/media?parent=38434"}],"wp:term":[{"taxonomy":"product_brand","embeddable":true,"href":"https:\/\/tetraktis.si\/en\/wp-json\/wp\/v2\/product_brand?post=38434"},{"taxonomy":"product_cat","embeddable":true,"href":"https:\/\/tetraktis.si\/en\/wp-json\/wp\/v2\/product_cat?post=38434"},{"taxonomy":"product_tag","embeddable":true,"href":"https:\/\/tetraktis.si\/en\/wp-json\/wp\/v2\/product_tag?post=38434"}],"curies":[{"name":"wp","href":"https:\/\/api.w.org\/{rel}","templated":true}]}}