{"id":32618,"date":"2022-04-27T16:00:22","date_gmt":"2022-04-27T14:00:22","guid":{"rendered":"https:\/\/cortaflex.si\/izdelek\/dorwest-keepers-mix-for-dogs-and-cats-kopija\/"},"modified":"2024-02-02T07:28:00","modified_gmt":"2024-02-02T06:28:00","slug":"dorwest-keepers-mix-sensitive-for-dogs-and-cats","status":"publish","type":"product","link":"https:\/\/tetraktis.si\/en\/izdelek\/dorwest-keepers-mix-sensitive-for-dogs-and-cats\/","title":{"rendered":"Keeper&#8217;s Mix SENSITIVE For Dogs And Cats"},"content":{"rendered":"<h2 style=\"text-align: left;\">Keeper\u2019s Mix Sensitive\u00a0For Dogs And Cats<\/h2>\n<p class=\"has-text-align-center\" style=\"text-align: left;\">Keeper&#8217;s Mix SENSITIVE is an even more gentle version of a <a href=\"https:\/\/tetraktis.si\/en\/izdelek\/dorwest-keepers-mix-for-dogs-and-cats\/\">Dorwest best seller,<\/a> and is ideal for pets with specific sensitivities.<\/p>\n<p class=\"has-text-align-center\" style=\"text-align: left;\">Developed to provide whole-body benefits and is suitable for young cats or dogs, or those with known sensitivities. Especially formulated using a blend of seven herbs \u2013 five from the original formula and two new additions. German chamomile is well known for its calming and balancing properties and Marshmallow root is traditionally used for its soothing effect on the gut, making this mix perfect for immature guts or pets that are prone to gut upsets.<br \/>\nA milder flavor means that even sensitive palates are catered for!<\/p>\n<p class=\"has-text-align-center\" style=\"text-align: left;\"><strong>Which beneficial herbs are found in Keeper\u2019s Mix\u00ae Sensitive?<\/strong><\/p>\n<p class=\"has-text-align-center\" style=\"text-align: left;\">Each herb in Keeper&#8217;s Mix SENSITIVE is carefully selected for its active compounds that naturally support your pet\u2019s health and help maintain biological balance:<\/p>\n<hr class=\"wp-block-separator has-text-color has-background has-white-background-color has-white-color is-style-dots\" \/>\n<p class=\"has-text-align-center\" style=\"text-align: left;\">\u2022\u00a0<strong>Kelp Seaweed<\/strong> for minerals, coat growth, and pigmentation. We recommend Keeper\u2019s Mix\u00ae as a coat supplement, as the kelp seaweed encourages healthy coat growth.<\/p>\n<p class=\"has-text-align-center\" style=\"text-align: left;\">\u2022\u00a0<strong>Marshmallow root<\/strong>\u00a0has been traditionally used to help with digestive problems. This mucilaginous herb helps soothe irritated body tissues and assists gut transit.<\/p>\n<p class=\"has-text-align-center\" style=\"text-align: left;\">\u2022<strong>\u00a0Lucerne<\/strong>, also known as alfalfa, is a nutritious plant that is a source of vitamins A, C &amp; K. This herb provides essential vitamins to promote your pet\u2019s health.<\/p>\n<p class=\"has-text-align-center\" style=\"text-align: left;\">\u2022\u00a0<strong>Nettle<\/strong> is rich in chlorophyll, iron, and vitamin C.<\/p>\n<p class=\"has-text-align-center\" style=\"text-align: left;\">\u2022\u00a0<strong>Psyllium<\/strong>\u00a0for a healthy bowel and digestion \u2013 excellent for improving the digestion of both raw and commercial pet food.<\/p>\n<p class=\"has-text-align-center\" style=\"text-align: left;\">\u2022\u00a0<strong>Clivers<\/strong> help to maintain good kidney and bladder function and help maintain clear skin.<\/p>\n<p class=\"has-text-align-center\" style=\"text-align: left;\">\u2022\u00a0<strong>German<\/strong>\u00a0chamomile is well known as a calming herb and also helps maintain balance within the body<\/p>\n<hr class=\"wp-block-separator has-text-color has-background has-white-background-color has-white-color is-style-dots\" \/>\n<div class=\"wp-block-image\" style=\"text-align: left;\">\n<figure class=\"aligncenter size-large\"><img fetchpriority=\"high\" decoding=\"async\" class=\"lazyload lazy-active wp-image-8512 aligncenter\" src=\"https:\/\/www.dorwest.com\/wp-content\/uploads\/2021\/02\/Ingredients.jpg.webp\" alt=\"Keeper's Mix SENSITIVE\" width=\"600\" height=\"403\" data-src=\"\/wp-content\/uploads\/2021\/02\/Ingredients.jpg.webp\" \/><\/figure>\n<\/div>\n<p class=\"has-text-align-center\" style=\"text-align: left;\"><strong>How Is Keeper&#8217;s Mix SENSITIVE Different From <a href=\"https:\/\/tetraktis.si\/en\/izdelek\/dorwest-keepers-mix-for-dogs-and-cats\/\">The Original Product<\/a>?<\/strong><\/p>\n<p class=\"has-text-align-center\" style=\"text-align: left;\">So many pet owners love the visible health benefits of our unique <a href=\"https:\/\/tetraktis.si\/en\/izdelek\/dorwest-keepers-mix-for-dogs-and-cats\/\">Keeper\u2019s Mix\u00ae<\/a>, so we wanted to develop the concept further with a new formulation that suits even the most sensitive of pets, to ensure that no pet has to miss out on this super supplement! The blend of herbs in this formula adaptation is perfectly balanced to be gentle on the gut and other organs but still provides a powerful hit of nutritional benefits. So, whether it\u2019s a proneness to digestive upsets, having to be careful because of certain medical conditions, or just because they are still young, Keeper\u2019s Mix\u00ae Sensitive is an ideal choice. The visible benefits are clear to see, with a wonderfully thick and healthy coat, good pigmentation, and improved overall health.<\/p>\n<hr class=\"wp-block-separator has-text-color has-background has-white-background-color has-white-color is-style-dots\" \/>\n<p class=\"has-text-align-center\" style=\"text-align: left;\"><strong>Administration details:<\/strong><\/p>\n<p class=\"has-text-align-center\" style=\"text-align: left;\">Small = &lt;10kg Medium = 10-25kg Large = 25-45kg Giant = &gt;45kg<\/p>\n<p class=\"has-text-align-center\" style=\"text-align: left;\">Give daily. Small dogs &amp; cats 1 measure, medium dogs 2 measures, large dogs 3 measures; giant breeds 4 measures.<br \/>\nThe measure is included in the pack and equivalent to a half teaspoonful. Introduce gradually to the feed to improve acceptability.<\/p>\n<p style=\"text-align: left;\">The visible benefits are clear to see with a wonderfully thick and healthy coat, good pigmentation, and improved overall health.<\/p>\n<p style=\"text-align: left;\"><strong>Ingredients:\u00a0<\/strong>Finely powdered kelp seaweed, marshmallow root, lucerne (alfalfa), nettles, psyllium husks, clivers, and German chamomile<\/p>\n<p style=\"text-align: left;\"><strong>Can be used during pregnancy?:\u00a0<\/strong>Yes<\/p>\n<p style=\"text-align: left;\"><strong>Can be used during lactation?:\u00a0<\/strong>Yes<\/p>\n<p style=\"text-align: left;\"><strong>Interactions:\u00a0<\/strong>Can be given in conjunction with any medication<\/p>\n<p style=\"text-align: left;\"><strong>Product Finishing:\u00a0<\/strong>Powder<\/p>\n<p style=\"text-align: left;\"><strong>Always read the label<\/strong><\/p>\n<p style=\"text-align: left;\">Check for\u00a0<a href=\"https:\/\/www.tetraktis.si\/en\/product-category\/dogs-cats\/dorwest-herbs\/\">other Dorwest products<\/a>!<\/p>\n","protected":false},"excerpt":{"rendered":"<p style=\"text-align: left;\">Super-boost your sensitive pet\u2019s diet with this unique blend of seven herbs to support all-round health<\/p>\n<p style=\"text-align: left;\">An even gentler and milder flavored version of Dorwest&#8217;s best-selling original Keeper\u2019s Mix supplement &#8211; developed to provide the same whole-body benefits and ideal for young dogs and cats, or those with known sensitivities.<\/p>\n<p style=\"text-align: left;\">The blend of seven herbs is perfectly balanced to provide natural antioxidants (to neutralize free radicals), vitamins, minerals, chlorophyll, fibers, and complex bioactive compounds while being especially gentle on the gut and other organs.<\/p>\n","protected":false},"featured_media":25133,"comment_status":"open","ping_status":"closed","template":"","meta":[],"product_brand":[329],"product_cat":[3323,3349,3336],"product_tag":[],"class_list":{"0":"post-32618","1":"product","2":"type-product","3":"status-publish","4":"has-post-thumbnail","6":"product_brand-dorwest","7":"product_cat-dogs-cats","8":"product_cat-izdelki-za-macke-en","9":"product_cat-pasja-dlaka-in-koza-en","12":"first","13":"instock","14":"taxable","15":"shipping-taxable","16":"purchasable","17":"product-type-simple"},"yoast_head":"<!-- This site is optimized with the Yoast SEO Premium plugin v20.10 (Yoast SEO v27.5) - https:\/\/yoast.com\/product\/yoast-seo-premium-wordpress\/ -->\n<title>Keeper&#039;s Mix SENSITIVE For Dogs And Cats<\/title>\n<meta name=\"description\" content=\"Keeper&#039;s Mix SENSITIVE For Dogs And Cats Promotes all-around health, supporting vital organs and maintaining the natural balance in your pet`s body.\" \/>\n<meta name=\"robots\" content=\"index, follow, max-snippet:-1, max-image-preview:large, max-video-preview:-1\" \/>\n<link rel=\"canonical\" href=\"https:\/\/tetraktis.si\/en\/izdelek\/dorwest-keepers-mix-sensitive-for-dogs-and-cats\/\" \/>\n<meta property=\"og:locale\" content=\"en_US\" \/>\n<meta property=\"og:type\" content=\"article\" \/>\n<meta property=\"og:title\" content=\"Keeper&#039;s Mix SENSITIVE For Dogs And Cats\" \/>\n<meta property=\"og:description\" content=\"Keeper&#039;s Mix SENSITIVE For Dogs And Cats Promotes all-around health, supporting vital organs and maintaining the natural balance in your pet`s body.\" \/>\n<meta property=\"og:url\" content=\"https:\/\/tetraktis.si\/en\/izdelek\/dorwest-keepers-mix-sensitive-for-dogs-and-cats\/\" \/>\n<meta property=\"og:site_name\" content=\"Tetraktis- Equine America, Dorwest, Excel\" \/>\n<meta property=\"article:publisher\" content=\"https:\/\/business.facebook.com\/equineamericashop\/?business_id=193323571192825\" \/>\n<meta property=\"article:modified_time\" content=\"2024-02-02T06:28:00+00:00\" \/>\n<meta property=\"og:image\" content=\"https:\/\/tetraktis.si\/wp-content\/uploads\/2022\/04\/KMS250_new.jpg.webp\" \/>\n\t<meta property=\"og:image:width\" content=\"800\" \/>\n\t<meta property=\"og:image:height\" content=\"800\" \/>\n\t<meta property=\"og:image:type\" content=\"image\/webp\" \/>\n<meta name=\"twitter:card\" content=\"summary_large_image\" \/>\n<meta name=\"twitter:site\" content=\"@TetraktisInfo\" \/>\n<meta name=\"twitter:label1\" content=\"Est. reading time\" \/>\n\t<meta name=\"twitter:data1\" content=\"4 minutes\" \/>\n<script type=\"application\/ld+json\" class=\"yoast-schema-graph\">{\"@context\":\"https:\\\/\\\/schema.org\",\"@graph\":[{\"@type\":\"WebPage\",\"@id\":\"https:\\\/\\\/tetraktis.si\\\/en\\\/izdelek\\\/dorwest-keepers-mix-sensitive-for-dogs-and-cats\\\/\",\"url\":\"https:\\\/\\\/tetraktis.si\\\/en\\\/izdelek\\\/dorwest-keepers-mix-sensitive-for-dogs-and-cats\\\/\",\"name\":\"Keeper's Mix SENSITIVE For Dogs And Cats\",\"isPartOf\":{\"@id\":\"https:\\\/\\\/tetraktis.si\\\/en\\\/#website\"},\"primaryImageOfPage\":{\"@id\":\"https:\\\/\\\/tetraktis.si\\\/en\\\/izdelek\\\/dorwest-keepers-mix-sensitive-for-dogs-and-cats\\\/#primaryimage\"},\"image\":{\"@id\":\"https:\\\/\\\/tetraktis.si\\\/en\\\/izdelek\\\/dorwest-keepers-mix-sensitive-for-dogs-and-cats\\\/#primaryimage\"},\"thumbnailUrl\":\"https:\\\/\\\/tetraktis.si\\\/wp-content\\\/uploads\\\/2022\\\/04\\\/KMS250_new.jpg.webp\",\"datePublished\":\"2022-04-27T14:00:22+00:00\",\"dateModified\":\"2024-02-02T06:28:00+00:00\",\"description\":\"Keeper's Mix SENSITIVE For Dogs And Cats Promotes all-around health, supporting vital organs and maintaining the natural balance in your pet`s body.\",\"breadcrumb\":{\"@id\":\"https:\\\/\\\/tetraktis.si\\\/en\\\/izdelek\\\/dorwest-keepers-mix-sensitive-for-dogs-and-cats\\\/#breadcrumb\"},\"inLanguage\":\"en-US\",\"potentialAction\":[{\"@type\":\"ReadAction\",\"target\":[\"https:\\\/\\\/tetraktis.si\\\/en\\\/izdelek\\\/dorwest-keepers-mix-sensitive-for-dogs-and-cats\\\/\"]}]},{\"@type\":\"ImageObject\",\"inLanguage\":\"en-US\",\"@id\":\"https:\\\/\\\/tetraktis.si\\\/en\\\/izdelek\\\/dorwest-keepers-mix-sensitive-for-dogs-and-cats\\\/#primaryimage\",\"url\":\"https:\\\/\\\/tetraktis.si\\\/wp-content\\\/uploads\\\/2022\\\/04\\\/KMS250_new.jpg.webp\",\"contentUrl\":\"https:\\\/\\\/tetraktis.si\\\/wp-content\\\/uploads\\\/2022\\\/04\\\/KMS250_new.jpg.webp\",\"width\":800,\"height\":800,\"caption\":\"Keeper's Mix SENSITIVE\"},{\"@type\":\"BreadcrumbList\",\"@id\":\"https:\\\/\\\/tetraktis.si\\\/en\\\/izdelek\\\/dorwest-keepers-mix-sensitive-for-dogs-and-cats\\\/#breadcrumb\",\"itemListElement\":[{\"@type\":\"ListItem\",\"position\":1,\"name\":\"Shop\",\"item\":\"https:\\\/\\\/tetraktis.si\\\/en\\\/shop-3\\\/\"},{\"@type\":\"ListItem\",\"position\":2,\"name\":\"Keeper&#8217;s Mix SENSITIVE For Dogs And Cats\"}]},{\"@type\":\"WebSite\",\"@id\":\"https:\\\/\\\/tetraktis.si\\\/en\\\/#website\",\"url\":\"https:\\\/\\\/tetraktis.si\\\/en\\\/\",\"name\":\"Tetraktis- Equine America, Dorwest, Excel\",\"description\":\"Samo najbolj\u0161e za va\u0161e \u017eivali\",\"publisher\":{\"@id\":\"https:\\\/\\\/tetraktis.si\\\/en\\\/#organization\"},\"potentialAction\":[{\"@type\":\"SearchAction\",\"target\":{\"@type\":\"EntryPoint\",\"urlTemplate\":\"https:\\\/\\\/tetraktis.si\\\/en\\\/?s={search_term_string}\"},\"query-input\":{\"@type\":\"PropertyValueSpecification\",\"valueRequired\":true,\"valueName\":\"search_term_string\"}}],\"inLanguage\":\"en-US\"},{\"@type\":\"Organization\",\"@id\":\"https:\\\/\\\/tetraktis.si\\\/en\\\/#organization\",\"name\":\"Tetraktis\",\"url\":\"https:\\\/\\\/tetraktis.si\\\/en\\\/\",\"logo\":{\"@type\":\"ImageObject\",\"inLanguage\":\"en-US\",\"@id\":\"https:\\\/\\\/tetraktis.si\\\/en\\\/#\\\/schema\\\/logo\\\/image\\\/\",\"url\":\"https:\\\/\\\/tetraktis.si\\\/wp-content\\\/uploads\\\/2022\\\/06\\\/logo.webp\",\"contentUrl\":\"https:\\\/\\\/tetraktis.si\\\/wp-content\\\/uploads\\\/2022\\\/06\\\/logo.webp\",\"width\":400,\"height\":211,\"caption\":\"Tetraktis\"},\"image\":{\"@id\":\"https:\\\/\\\/tetraktis.si\\\/en\\\/#\\\/schema\\\/logo\\\/image\\\/\"},\"sameAs\":[\"https:\\\/\\\/business.facebook.com\\\/equineamericashop\\\/?business_id=193323571192825\",\"https:\\\/\\\/x.com\\\/TetraktisInfo\",\"https:\\\/\\\/www.instagram.com\\\/tetraktisslovenija\\\/\",\"https:\\\/\\\/www.youtube.com\\\/channel\\\/UCk_PdKMdtpZ4pf0RRFL1vYA\"]}]}<\/script>\n<!-- \/ Yoast SEO Premium plugin. -->","yoast_head_json":{"title":"Keeper's Mix SENSITIVE For Dogs And Cats","description":"Keeper's Mix SENSITIVE For Dogs And Cats Promotes all-around health, supporting vital organs and maintaining the natural balance in your pet`s body.","robots":{"index":"index","follow":"follow","max-snippet":"max-snippet:-1","max-image-preview":"max-image-preview:large","max-video-preview":"max-video-preview:-1"},"canonical":"https:\/\/tetraktis.si\/en\/izdelek\/dorwest-keepers-mix-sensitive-for-dogs-and-cats\/","og_locale":"en_US","og_type":"article","og_title":"Keeper's Mix SENSITIVE For Dogs And Cats","og_description":"Keeper's Mix SENSITIVE For Dogs And Cats Promotes all-around health, supporting vital organs and maintaining the natural balance in your pet`s body.","og_url":"https:\/\/tetraktis.si\/en\/izdelek\/dorwest-keepers-mix-sensitive-for-dogs-and-cats\/","og_site_name":"Tetraktis- Equine America, Dorwest, Excel","article_publisher":"https:\/\/business.facebook.com\/equineamericashop\/?business_id=193323571192825","article_modified_time":"2024-02-02T06:28:00+00:00","og_image":[{"width":800,"height":800,"url":"https:\/\/tetraktis.si\/wp-content\/uploads\/2022\/04\/KMS250_new.jpg.webp","type":"image\/webp"}],"twitter_card":"summary_large_image","twitter_site":"@TetraktisInfo","twitter_misc":{"Est. reading time":"4 minutes"},"schema":{"@context":"https:\/\/schema.org","@graph":[{"@type":"WebPage","@id":"https:\/\/tetraktis.si\/en\/izdelek\/dorwest-keepers-mix-sensitive-for-dogs-and-cats\/","url":"https:\/\/tetraktis.si\/en\/izdelek\/dorwest-keepers-mix-sensitive-for-dogs-and-cats\/","name":"Keeper's Mix SENSITIVE For Dogs And Cats","isPartOf":{"@id":"https:\/\/tetraktis.si\/en\/#website"},"primaryImageOfPage":{"@id":"https:\/\/tetraktis.si\/en\/izdelek\/dorwest-keepers-mix-sensitive-for-dogs-and-cats\/#primaryimage"},"image":{"@id":"https:\/\/tetraktis.si\/en\/izdelek\/dorwest-keepers-mix-sensitive-for-dogs-and-cats\/#primaryimage"},"thumbnailUrl":"https:\/\/tetraktis.si\/wp-content\/uploads\/2022\/04\/KMS250_new.jpg.webp","datePublished":"2022-04-27T14:00:22+00:00","dateModified":"2024-02-02T06:28:00+00:00","description":"Keeper's Mix SENSITIVE For Dogs And Cats Promotes all-around health, supporting vital organs and maintaining the natural balance in your pet`s body.","breadcrumb":{"@id":"https:\/\/tetraktis.si\/en\/izdelek\/dorwest-keepers-mix-sensitive-for-dogs-and-cats\/#breadcrumb"},"inLanguage":"en-US","potentialAction":[{"@type":"ReadAction","target":["https:\/\/tetraktis.si\/en\/izdelek\/dorwest-keepers-mix-sensitive-for-dogs-and-cats\/"]}]},{"@type":"ImageObject","inLanguage":"en-US","@id":"https:\/\/tetraktis.si\/en\/izdelek\/dorwest-keepers-mix-sensitive-for-dogs-and-cats\/#primaryimage","url":"https:\/\/tetraktis.si\/wp-content\/uploads\/2022\/04\/KMS250_new.jpg.webp","contentUrl":"https:\/\/tetraktis.si\/wp-content\/uploads\/2022\/04\/KMS250_new.jpg.webp","width":800,"height":800,"caption":"Keeper's Mix SENSITIVE"},{"@type":"BreadcrumbList","@id":"https:\/\/tetraktis.si\/en\/izdelek\/dorwest-keepers-mix-sensitive-for-dogs-and-cats\/#breadcrumb","itemListElement":[{"@type":"ListItem","position":1,"name":"Shop","item":"https:\/\/tetraktis.si\/en\/shop-3\/"},{"@type":"ListItem","position":2,"name":"Keeper&#8217;s Mix SENSITIVE For Dogs And Cats"}]},{"@type":"WebSite","@id":"https:\/\/tetraktis.si\/en\/#website","url":"https:\/\/tetraktis.si\/en\/","name":"Tetraktis- Equine America, Dorwest, Excel","description":"Samo najbolj\u0161e za va\u0161e \u017eivali","publisher":{"@id":"https:\/\/tetraktis.si\/en\/#organization"},"potentialAction":[{"@type":"SearchAction","target":{"@type":"EntryPoint","urlTemplate":"https:\/\/tetraktis.si\/en\/?s={search_term_string}"},"query-input":{"@type":"PropertyValueSpecification","valueRequired":true,"valueName":"search_term_string"}}],"inLanguage":"en-US"},{"@type":"Organization","@id":"https:\/\/tetraktis.si\/en\/#organization","name":"Tetraktis","url":"https:\/\/tetraktis.si\/en\/","logo":{"@type":"ImageObject","inLanguage":"en-US","@id":"https:\/\/tetraktis.si\/en\/#\/schema\/logo\/image\/","url":"https:\/\/tetraktis.si\/wp-content\/uploads\/2022\/06\/logo.webp","contentUrl":"https:\/\/tetraktis.si\/wp-content\/uploads\/2022\/06\/logo.webp","width":400,"height":211,"caption":"Tetraktis"},"image":{"@id":"https:\/\/tetraktis.si\/en\/#\/schema\/logo\/image\/"},"sameAs":["https:\/\/business.facebook.com\/equineamericashop\/?business_id=193323571192825","https:\/\/x.com\/TetraktisInfo","https:\/\/www.instagram.com\/tetraktisslovenija\/","https:\/\/www.youtube.com\/channel\/UCk_PdKMdtpZ4pf0RRFL1vYA"]}]}},"_links":{"self":[{"href":"https:\/\/tetraktis.si\/en\/wp-json\/wp\/v2\/product\/32618","targetHints":{"allow":["GET"]}}],"collection":[{"href":"https:\/\/tetraktis.si\/en\/wp-json\/wp\/v2\/product"}],"about":[{"href":"https:\/\/tetraktis.si\/en\/wp-json\/wp\/v2\/types\/product"}],"replies":[{"embeddable":true,"href":"https:\/\/tetraktis.si\/en\/wp-json\/wp\/v2\/comments?post=32618"}],"version-history":[{"count":6,"href":"https:\/\/tetraktis.si\/en\/wp-json\/wp\/v2\/product\/32618\/revisions"}],"predecessor-version":[{"id":38136,"href":"https:\/\/tetraktis.si\/en\/wp-json\/wp\/v2\/product\/32618\/revisions\/38136"}],"wp:featuredmedia":[{"embeddable":true,"href":"https:\/\/tetraktis.si\/en\/wp-json\/wp\/v2\/media\/25133"}],"wp:attachment":[{"href":"https:\/\/tetraktis.si\/en\/wp-json\/wp\/v2\/media?parent=32618"}],"wp:term":[{"taxonomy":"product_brand","embeddable":true,"href":"https:\/\/tetraktis.si\/en\/wp-json\/wp\/v2\/product_brand?post=32618"},{"taxonomy":"product_cat","embeddable":true,"href":"https:\/\/tetraktis.si\/en\/wp-json\/wp\/v2\/product_cat?post=32618"},{"taxonomy":"product_tag","embeddable":true,"href":"https:\/\/tetraktis.si\/en\/wp-json\/wp\/v2\/product_tag?post=32618"}],"curies":[{"name":"wp","href":"https:\/\/api.w.org\/{rel}","templated":true}]}}