{"id":32613,"date":"2022-04-27T16:00:22","date_gmt":"2022-04-27T14:00:22","guid":{"rendered":"https:\/\/cortaflex.si\/izdelek\/dorwest-garlic-fenugreek-tablets-for-dogs-and-cats-kopija\/"},"modified":"2023-10-22T15:18:25","modified_gmt":"2023-10-22T13:18:25","slug":"dorwests-glucosamine-and-chondroitin-tablets","status":"publish","type":"product","link":"https:\/\/tetraktis.si\/en\/izdelek\/dorwests-glucosamine-and-chondroitin-tablets\/","title":{"rendered":"Dorwest\u2019s Glucosamine and Chondroitin Tablets"},"content":{"rendered":"<h1 dir=\"ltr\">Dorwest\u2019s Glucosamine and Chondroitin Tablets For Dogs And Cats<\/h1>\n<h2 dir=\"ltr\">Does my dog need a joint supplement?<\/h2>\n<p>The answer is likely \u2018yes\u2019, as it\u2019s never too early to start your dog\u2019s joint health journey. Many joint health problems start before your dog shows signs, which can be hard to appreciate as you watch them having their \u2018mad five minutes\u2019!<\/p>\n<p>All dogs, regardless of age or breed, will experience wear and tear on their joints throughout their lives. This this can lead to joint problems in the future, causing pain and stiffness. Some dogs are also just more prone to joint issues due to developmental abnormalities or previous injury.<\/p>\n<p>Using the most concentrated and easy to absorb form of high grade glucosamine hydrochloride, this supplement provides the building blocks to manufacture collagen and proteoglycans in the joint cartilage and the synovial membrane which produces the fluid lubricating the joints. Chondroitin has an additive effect alongside glucosamine helping to maintain flexibility and mobility. Both ingredients are from sustainable sources.<\/p>\n<p>Can be used with Garlic &amp; Fenugreek Tablets and Mixed Vegetable Tablets.<\/p>\n<p><strong>Active ingredients:<\/strong>\u00a0Glucosamine HCL 400mg; Chondroitin Sulphate 200mg (marine source)<\/p>\n<p><strong>Administration:<\/strong>\u00a0Small dogs &amp; cats 1 tablet; Medium dogs 2 tablets; Large dogs 3 tablets; Giant breeds 4 tablets, reducing to half this amount after one month.<\/p>\n<p><strong>Use during pregnancy and lactation:<\/strong>\u00a0Yes<\/p>\n<p><strong>Age from which can be used:<\/strong>\u00a08 weeks of age<\/p>\n<p><strong>Interactions:<\/strong>\u00a0Can be given in conjunction with any other medication<\/p>\n<p><strong>Long or short term use:<\/strong>\u00a0Can be given long term if required.<\/p>\n<p><strong>Sugar coated tablet:<\/strong>\u00a0No<\/p>\n<p>&nbsp;<\/p>\n","protected":false},"excerpt":{"rendered":"<p>This supplement provides the building blocks to manufacture collagen and proteoglycans in the joint cartilage, as well as the synovial membrane which produces the fluid lubricating the joints.<\/p>\n","protected":false},"featured_media":25120,"comment_status":"open","ping_status":"closed","template":"","meta":[],"product_brand":[329],"product_cat":[3329,3323,3349],"product_tag":[],"class_list":{"0":"post-32613","1":"product","2":"type-product","3":"status-publish","4":"has-post-thumbnail","6":"product_brand-dorwest","7":"product_cat-food-supplements","8":"product_cat-dogs-cats","9":"product_cat-izdelki-za-macke-en","12":"first","13":"outofstock","14":"taxable","15":"shipping-taxable","16":"purchasable","17":"product-type-variable","18":"has-default-attributes"},"yoast_head":"<!-- This site is optimized with the Yoast SEO Premium plugin v20.10 (Yoast SEO v27.3) - https:\/\/yoast.com\/product\/yoast-seo-premium-wordpress\/ -->\n<title>Dorwest\u2019s Glucosamine and Chondroitin Tablets - Tetraktis- Equine America, Dorwest, Excel<\/title>\n<meta name=\"robots\" content=\"index, follow, max-snippet:-1, max-image-preview:large, max-video-preview:-1\" \/>\n<link rel=\"canonical\" href=\"https:\/\/tetraktis.si\/en\/izdelek\/dorwests-glucosamine-and-chondroitin-tablets\/\" \/>\n<meta property=\"og:locale\" content=\"en_US\" \/>\n<meta property=\"og:type\" content=\"article\" \/>\n<meta property=\"og:title\" content=\"Dorwest\u2019s Glucosamine and Chondroitin Tablets - Tetraktis- Equine America, Dorwest, Excel\" \/>\n<meta property=\"og:description\" content=\"This supplement provides the building blocks to manufacture collagen and proteoglycans in the joint cartilage, as well as the synovial membrane which produces the fluid lubricating the joints.\" \/>\n<meta property=\"og:url\" content=\"https:\/\/tetraktis.si\/en\/izdelek\/dorwests-glucosamine-and-chondroitin-tablets\/\" \/>\n<meta property=\"og:site_name\" content=\"Tetraktis- Equine America, Dorwest, Excel\" \/>\n<meta property=\"article:publisher\" content=\"https:\/\/business.facebook.com\/equineamericashop\/?business_id=193323571192825\" \/>\n<meta property=\"article:modified_time\" content=\"2023-10-22T13:18:25+00:00\" \/>\n<meta property=\"og:image\" content=\"https:\/\/tetraktis.si\/wp-content\/uploads\/2022\/04\/glukosamine-dorwest100.jpg\" \/>\n\t<meta property=\"og:image:width\" content=\"924\" \/>\n\t<meta property=\"og:image:height\" content=\"924\" \/>\n\t<meta property=\"og:image:type\" content=\"image\/jpeg\" \/>\n<meta name=\"twitter:card\" content=\"summary_large_image\" \/>\n<meta name=\"twitter:site\" content=\"@TetraktisInfo\" \/>\n<meta name=\"twitter:label1\" content=\"Est. reading time\" \/>\n\t<meta name=\"twitter:data1\" content=\"2 minutes\" \/>\n<script type=\"application\/ld+json\" class=\"yoast-schema-graph\">{\"@context\":\"https:\\\/\\\/schema.org\",\"@graph\":[{\"@type\":\"WebPage\",\"@id\":\"https:\\\/\\\/tetraktis.si\\\/en\\\/izdelek\\\/dorwests-glucosamine-and-chondroitin-tablets\\\/\",\"url\":\"https:\\\/\\\/tetraktis.si\\\/en\\\/izdelek\\\/dorwests-glucosamine-and-chondroitin-tablets\\\/\",\"name\":\"Dorwest\u2019s Glucosamine and Chondroitin Tablets - Tetraktis- Equine America, Dorwest, Excel\",\"isPartOf\":{\"@id\":\"https:\\\/\\\/tetraktis.si\\\/en\\\/#website\"},\"primaryImageOfPage\":{\"@id\":\"https:\\\/\\\/tetraktis.si\\\/en\\\/izdelek\\\/dorwests-glucosamine-and-chondroitin-tablets\\\/#primaryimage\"},\"image\":{\"@id\":\"https:\\\/\\\/tetraktis.si\\\/en\\\/izdelek\\\/dorwests-glucosamine-and-chondroitin-tablets\\\/#primaryimage\"},\"thumbnailUrl\":\"https:\\\/\\\/tetraktis.si\\\/wp-content\\\/uploads\\\/2022\\\/04\\\/glukosamine-dorwest100.jpg\",\"datePublished\":\"2022-04-27T14:00:22+00:00\",\"dateModified\":\"2023-10-22T13:18:25+00:00\",\"breadcrumb\":{\"@id\":\"https:\\\/\\\/tetraktis.si\\\/en\\\/izdelek\\\/dorwests-glucosamine-and-chondroitin-tablets\\\/#breadcrumb\"},\"inLanguage\":\"en-US\",\"potentialAction\":[{\"@type\":\"ReadAction\",\"target\":[\"https:\\\/\\\/tetraktis.si\\\/en\\\/izdelek\\\/dorwests-glucosamine-and-chondroitin-tablets\\\/\"]}]},{\"@type\":\"ImageObject\",\"inLanguage\":\"en-US\",\"@id\":\"https:\\\/\\\/tetraktis.si\\\/en\\\/izdelek\\\/dorwests-glucosamine-and-chondroitin-tablets\\\/#primaryimage\",\"url\":\"https:\\\/\\\/tetraktis.si\\\/wp-content\\\/uploads\\\/2022\\\/04\\\/glukosamine-dorwest100.jpg\",\"contentUrl\":\"https:\\\/\\\/tetraktis.si\\\/wp-content\\\/uploads\\\/2022\\\/04\\\/glukosamine-dorwest100.jpg\",\"width\":924,\"height\":924,\"caption\":\"glukozamin za ma\u010dke in pse Dorwest\"},{\"@type\":\"BreadcrumbList\",\"@id\":\"https:\\\/\\\/tetraktis.si\\\/en\\\/izdelek\\\/dorwests-glucosamine-and-chondroitin-tablets\\\/#breadcrumb\",\"itemListElement\":[{\"@type\":\"ListItem\",\"position\":1,\"name\":\"Shop\",\"item\":\"https:\\\/\\\/tetraktis.si\\\/en\\\/shop-3\\\/\"},{\"@type\":\"ListItem\",\"position\":2,\"name\":\"Dorwest\u2019s Glucosamine and Chondroitin Tablets\"}]},{\"@type\":\"WebSite\",\"@id\":\"https:\\\/\\\/tetraktis.si\\\/en\\\/#website\",\"url\":\"https:\\\/\\\/tetraktis.si\\\/en\\\/\",\"name\":\"Tetraktis- Equine America, Dorwest, Excel\",\"description\":\"Samo najbolj\u0161e za va\u0161e \u017eivali\",\"publisher\":{\"@id\":\"https:\\\/\\\/tetraktis.si\\\/en\\\/#organization\"},\"potentialAction\":[{\"@type\":\"SearchAction\",\"target\":{\"@type\":\"EntryPoint\",\"urlTemplate\":\"https:\\\/\\\/tetraktis.si\\\/en\\\/?s={search_term_string}\"},\"query-input\":{\"@type\":\"PropertyValueSpecification\",\"valueRequired\":true,\"valueName\":\"search_term_string\"}}],\"inLanguage\":\"en-US\"},{\"@type\":\"Organization\",\"@id\":\"https:\\\/\\\/tetraktis.si\\\/en\\\/#organization\",\"name\":\"Tetraktis\",\"url\":\"https:\\\/\\\/tetraktis.si\\\/en\\\/\",\"logo\":{\"@type\":\"ImageObject\",\"inLanguage\":\"en-US\",\"@id\":\"https:\\\/\\\/tetraktis.si\\\/en\\\/#\\\/schema\\\/logo\\\/image\\\/\",\"url\":\"https:\\\/\\\/tetraktis.si\\\/wp-content\\\/uploads\\\/2022\\\/06\\\/logo.webp\",\"contentUrl\":\"https:\\\/\\\/tetraktis.si\\\/wp-content\\\/uploads\\\/2022\\\/06\\\/logo.webp\",\"width\":400,\"height\":211,\"caption\":\"Tetraktis\"},\"image\":{\"@id\":\"https:\\\/\\\/tetraktis.si\\\/en\\\/#\\\/schema\\\/logo\\\/image\\\/\"},\"sameAs\":[\"https:\\\/\\\/business.facebook.com\\\/equineamericashop\\\/?business_id=193323571192825\",\"https:\\\/\\\/x.com\\\/TetraktisInfo\",\"https:\\\/\\\/www.instagram.com\\\/tetraktisslovenija\\\/\",\"https:\\\/\\\/www.youtube.com\\\/channel\\\/UCk_PdKMdtpZ4pf0RRFL1vYA\"]}]}<\/script>\n<!-- \/ Yoast SEO Premium plugin. -->","yoast_head_json":{"title":"Dorwest\u2019s Glucosamine and Chondroitin Tablets - Tetraktis- Equine America, Dorwest, Excel","robots":{"index":"index","follow":"follow","max-snippet":"max-snippet:-1","max-image-preview":"max-image-preview:large","max-video-preview":"max-video-preview:-1"},"canonical":"https:\/\/tetraktis.si\/en\/izdelek\/dorwests-glucosamine-and-chondroitin-tablets\/","og_locale":"en_US","og_type":"article","og_title":"Dorwest\u2019s Glucosamine and Chondroitin Tablets - Tetraktis- Equine America, Dorwest, Excel","og_description":"This supplement provides the building blocks to manufacture collagen and proteoglycans in the joint cartilage, as well as the synovial membrane which produces the fluid lubricating the joints.","og_url":"https:\/\/tetraktis.si\/en\/izdelek\/dorwests-glucosamine-and-chondroitin-tablets\/","og_site_name":"Tetraktis- Equine America, Dorwest, Excel","article_publisher":"https:\/\/business.facebook.com\/equineamericashop\/?business_id=193323571192825","article_modified_time":"2023-10-22T13:18:25+00:00","og_image":[{"width":924,"height":924,"url":"https:\/\/tetraktis.si\/wp-content\/uploads\/2022\/04\/glukosamine-dorwest100.jpg","type":"image\/jpeg"}],"twitter_card":"summary_large_image","twitter_site":"@TetraktisInfo","twitter_misc":{"Est. reading time":"2 minutes"},"schema":{"@context":"https:\/\/schema.org","@graph":[{"@type":"WebPage","@id":"https:\/\/tetraktis.si\/en\/izdelek\/dorwests-glucosamine-and-chondroitin-tablets\/","url":"https:\/\/tetraktis.si\/en\/izdelek\/dorwests-glucosamine-and-chondroitin-tablets\/","name":"Dorwest\u2019s Glucosamine and Chondroitin Tablets - Tetraktis- Equine America, Dorwest, Excel","isPartOf":{"@id":"https:\/\/tetraktis.si\/en\/#website"},"primaryImageOfPage":{"@id":"https:\/\/tetraktis.si\/en\/izdelek\/dorwests-glucosamine-and-chondroitin-tablets\/#primaryimage"},"image":{"@id":"https:\/\/tetraktis.si\/en\/izdelek\/dorwests-glucosamine-and-chondroitin-tablets\/#primaryimage"},"thumbnailUrl":"https:\/\/tetraktis.si\/wp-content\/uploads\/2022\/04\/glukosamine-dorwest100.jpg","datePublished":"2022-04-27T14:00:22+00:00","dateModified":"2023-10-22T13:18:25+00:00","breadcrumb":{"@id":"https:\/\/tetraktis.si\/en\/izdelek\/dorwests-glucosamine-and-chondroitin-tablets\/#breadcrumb"},"inLanguage":"en-US","potentialAction":[{"@type":"ReadAction","target":["https:\/\/tetraktis.si\/en\/izdelek\/dorwests-glucosamine-and-chondroitin-tablets\/"]}]},{"@type":"ImageObject","inLanguage":"en-US","@id":"https:\/\/tetraktis.si\/en\/izdelek\/dorwests-glucosamine-and-chondroitin-tablets\/#primaryimage","url":"https:\/\/tetraktis.si\/wp-content\/uploads\/2022\/04\/glukosamine-dorwest100.jpg","contentUrl":"https:\/\/tetraktis.si\/wp-content\/uploads\/2022\/04\/glukosamine-dorwest100.jpg","width":924,"height":924,"caption":"glukozamin za ma\u010dke in pse Dorwest"},{"@type":"BreadcrumbList","@id":"https:\/\/tetraktis.si\/en\/izdelek\/dorwests-glucosamine-and-chondroitin-tablets\/#breadcrumb","itemListElement":[{"@type":"ListItem","position":1,"name":"Shop","item":"https:\/\/tetraktis.si\/en\/shop-3\/"},{"@type":"ListItem","position":2,"name":"Dorwest\u2019s Glucosamine and Chondroitin Tablets"}]},{"@type":"WebSite","@id":"https:\/\/tetraktis.si\/en\/#website","url":"https:\/\/tetraktis.si\/en\/","name":"Tetraktis- Equine America, Dorwest, Excel","description":"Samo najbolj\u0161e za va\u0161e \u017eivali","publisher":{"@id":"https:\/\/tetraktis.si\/en\/#organization"},"potentialAction":[{"@type":"SearchAction","target":{"@type":"EntryPoint","urlTemplate":"https:\/\/tetraktis.si\/en\/?s={search_term_string}"},"query-input":{"@type":"PropertyValueSpecification","valueRequired":true,"valueName":"search_term_string"}}],"inLanguage":"en-US"},{"@type":"Organization","@id":"https:\/\/tetraktis.si\/en\/#organization","name":"Tetraktis","url":"https:\/\/tetraktis.si\/en\/","logo":{"@type":"ImageObject","inLanguage":"en-US","@id":"https:\/\/tetraktis.si\/en\/#\/schema\/logo\/image\/","url":"https:\/\/tetraktis.si\/wp-content\/uploads\/2022\/06\/logo.webp","contentUrl":"https:\/\/tetraktis.si\/wp-content\/uploads\/2022\/06\/logo.webp","width":400,"height":211,"caption":"Tetraktis"},"image":{"@id":"https:\/\/tetraktis.si\/en\/#\/schema\/logo\/image\/"},"sameAs":["https:\/\/business.facebook.com\/equineamericashop\/?business_id=193323571192825","https:\/\/x.com\/TetraktisInfo","https:\/\/www.instagram.com\/tetraktisslovenija\/","https:\/\/www.youtube.com\/channel\/UCk_PdKMdtpZ4pf0RRFL1vYA"]}]}},"_links":{"self":[{"href":"https:\/\/tetraktis.si\/en\/wp-json\/wp\/v2\/product\/32613","targetHints":{"allow":["GET"]}}],"collection":[{"href":"https:\/\/tetraktis.si\/en\/wp-json\/wp\/v2\/product"}],"about":[{"href":"https:\/\/tetraktis.si\/en\/wp-json\/wp\/v2\/types\/product"}],"replies":[{"embeddable":true,"href":"https:\/\/tetraktis.si\/en\/wp-json\/wp\/v2\/comments?post=32613"}],"version-history":[{"count":3,"href":"https:\/\/tetraktis.si\/en\/wp-json\/wp\/v2\/product\/32613\/revisions"}],"predecessor-version":[{"id":38298,"href":"https:\/\/tetraktis.si\/en\/wp-json\/wp\/v2\/product\/32613\/revisions\/38298"}],"wp:featuredmedia":[{"embeddable":true,"href":"https:\/\/tetraktis.si\/en\/wp-json\/wp\/v2\/media\/25120"}],"wp:attachment":[{"href":"https:\/\/tetraktis.si\/en\/wp-json\/wp\/v2\/media?parent=32613"}],"wp:term":[{"taxonomy":"product_brand","embeddable":true,"href":"https:\/\/tetraktis.si\/en\/wp-json\/wp\/v2\/product_brand?post=32613"},{"taxonomy":"product_cat","embeddable":true,"href":"https:\/\/tetraktis.si\/en\/wp-json\/wp\/v2\/product_cat?post=32613"},{"taxonomy":"product_tag","embeddable":true,"href":"https:\/\/tetraktis.si\/en\/wp-json\/wp\/v2\/product_tag?post=32613"}],"curies":[{"name":"wp","href":"https:\/\/api.w.org\/{rel}","templated":true}]}}