{"id":32607,"date":"2022-04-27T15:59:19","date_gmt":"2022-04-27T13:59:19","guid":{"rendered":"https:\/\/cortaflex.si\/izdelek\/dorwest-paw-nose-balm-50ml\/"},"modified":"2023-03-30T23:29:35","modified_gmt":"2023-03-30T21:29:35","slug":"dorwest-paw-nose-balm","status":"publish","type":"product","link":"https:\/\/tetraktis.si\/en\/izdelek\/dorwest-paw-nose-balm\/","title":{"rendered":"Dorwest Paw &#038; Nose Balm &#8211; 50ml"},"content":{"rendered":"<h1>Dorwest Paw &amp; Nose Balm<\/h1>\n<p>Dorwest Paw &amp; Nose Balm has the soothing infusion of herbs in natural oils work to nourish the skin.<\/p>\n<ul>\n<li dir=\"LTR\"><strong>Calendula<\/strong> is gently infused in sunflower oil which helps to soften the skin and is renowned for its ability to support skin repair.<\/li>\n<li dir=\"LTR\"><strong>Marshmallow<\/strong> is steeped in Jojoba oil, this herb is nurturing and protective whilst soothing and moisturising the skin.<\/li>\n<li dir=\"LTR\"><strong>Chickweed<\/strong> is included specifically for calming itchy skin but it also has softening and soothing qualities perfect for sensitive skin areas.<\/li>\n<\/ul>\n<h2 dir=\"LTR\" align=\"LEFT\">Along with natural beeswax and rich pure shea butter this balm is a pot of pure goodness.<\/h2>\n<p>Dorwest Paw &amp; Nose Balm moisturises and nourishes crusty noses and cracked pads. It is lick-safe and has no added fragrance so is perfect to use on highly sensitive noses.<\/p>\n<p><strong>Ingredients: <\/strong>Calendula in sunflower oil, marshmallow in jojoba oil, chickweed oil, shea butter, beeswax.<\/p>\n<p><strong>Administration: <\/strong>Apply regularly until all signs of soreness, dryness or irritation have disappeared.<\/p>\n<p><strong>Can be used during pregnancy?: <\/strong>Yes<\/p>\n<p><strong>Can be used during lactation?: <\/strong>Yes<\/p>\n<p><strong>Suitable from: <\/strong>8 weeks<\/p>\n<p dir=\"LTR\" align=\"LEFT\"><span lang=\"EN-GB\">Keep balm out of direct sunlight and store under 25<sup>o<\/sup>C.<\/span><\/p>\n","protected":false},"excerpt":{"rendered":"<p>Ultra-nourishing balm to soften and soothe crusty noses and sore cracked pads.<\/p>\n<p>It has no added fragrance from essential oils so is perfect to use on dogs highly sensitive noses.<\/p>\n","protected":false},"featured_media":25044,"comment_status":"open","ping_status":"closed","template":"","meta":[],"product_brand":[],"product_cat":[3323,3349,3345,3334,3336],"product_tag":[],"class_list":{"0":"post-32607","1":"product","2":"type-product","3":"status-publish","4":"has-post-thumbnail","6":"product_cat-dogs-cats","7":"product_cat-izdelki-za-macke-en","8":"product_cat-kreme-balzami-en","9":"product_cat-nega-psa-en","10":"product_cat-pasja-dlaka-in-koza-en","13":"first","14":"instock","15":"taxable","16":"shipping-taxable","17":"purchasable","18":"product-type-simple"},"yoast_head":"<!-- This site is optimized with the Yoast SEO Premium plugin v20.10 (Yoast SEO v27.5) - https:\/\/yoast.com\/product\/yoast-seo-premium-wordpress\/ -->\n<title>Dorwest Paw &amp; Nose Balm - 50ml - with calendula and jojoba for healing<\/title>\n<meta name=\"description\" content=\"Dorwest Paw &amp; Nose Balm with natural beeswax and rich, pure shea butter is a pot of pure goodness.\" \/>\n<meta name=\"robots\" content=\"index, follow, max-snippet:-1, max-image-preview:large, max-video-preview:-1\" \/>\n<link rel=\"canonical\" href=\"https:\/\/tetraktis.si\/en\/izdelek\/dorwest-paw-nose-balm\/\" \/>\n<meta property=\"og:locale\" content=\"en_US\" \/>\n<meta property=\"og:type\" content=\"article\" \/>\n<meta property=\"og:title\" content=\"Dorwest Paw &amp; Nose Balm - 50ml - with calendula and jojoba for healing\" \/>\n<meta property=\"og:description\" content=\"Dorwest Paw &amp; Nose Balm with natural beeswax and rich, pure shea butter is a pot of pure goodness.\" \/>\n<meta property=\"og:url\" content=\"https:\/\/tetraktis.si\/en\/izdelek\/dorwest-paw-nose-balm\/\" \/>\n<meta property=\"og:site_name\" content=\"Tetraktis- Equine America, Dorwest, Excel\" \/>\n<meta property=\"article:publisher\" content=\"https:\/\/business.facebook.com\/equineamericashop\/?business_id=193323571192825\" \/>\n<meta property=\"article:modified_time\" content=\"2023-03-30T21:29:35+00:00\" \/>\n<meta property=\"og:image\" content=\"https:\/\/tetraktis.si\/wp-content\/uploads\/2022\/04\/Dorwest-Mazilo-za-gobcek-in-tacke.jpg\" \/>\n\t<meta property=\"og:image:width\" content=\"734\" \/>\n\t<meta property=\"og:image:height\" content=\"734\" \/>\n\t<meta property=\"og:image:type\" content=\"image\/jpeg\" \/>\n<meta name=\"twitter:card\" content=\"summary_large_image\" \/>\n<meta name=\"twitter:site\" content=\"@TetraktisInfo\" \/>\n<meta name=\"twitter:label1\" content=\"Est. reading time\" \/>\n\t<meta name=\"twitter:data1\" content=\"1 minute\" \/>\n<script type=\"application\/ld+json\" class=\"yoast-schema-graph\">{\"@context\":\"https:\\\/\\\/schema.org\",\"@graph\":[{\"@type\":\"WebPage\",\"@id\":\"https:\\\/\\\/tetraktis.si\\\/en\\\/izdelek\\\/dorwest-paw-nose-balm\\\/\",\"url\":\"https:\\\/\\\/tetraktis.si\\\/en\\\/izdelek\\\/dorwest-paw-nose-balm\\\/\",\"name\":\"Dorwest Paw & Nose Balm - 50ml - with calendula and jojoba for healing\",\"isPartOf\":{\"@id\":\"https:\\\/\\\/tetraktis.si\\\/en\\\/#website\"},\"primaryImageOfPage\":{\"@id\":\"https:\\\/\\\/tetraktis.si\\\/en\\\/izdelek\\\/dorwest-paw-nose-balm\\\/#primaryimage\"},\"image\":{\"@id\":\"https:\\\/\\\/tetraktis.si\\\/en\\\/izdelek\\\/dorwest-paw-nose-balm\\\/#primaryimage\"},\"thumbnailUrl\":\"https:\\\/\\\/tetraktis.si\\\/wp-content\\\/uploads\\\/2022\\\/04\\\/Dorwest-Mazilo-za-gobcek-in-tacke.jpg\",\"datePublished\":\"2022-04-27T13:59:19+00:00\",\"dateModified\":\"2023-03-30T21:29:35+00:00\",\"description\":\"Dorwest Paw & Nose Balm with natural beeswax and rich, pure shea butter is a pot of pure goodness.\",\"breadcrumb\":{\"@id\":\"https:\\\/\\\/tetraktis.si\\\/en\\\/izdelek\\\/dorwest-paw-nose-balm\\\/#breadcrumb\"},\"inLanguage\":\"en-US\",\"potentialAction\":[{\"@type\":\"ReadAction\",\"target\":[\"https:\\\/\\\/tetraktis.si\\\/en\\\/izdelek\\\/dorwest-paw-nose-balm\\\/\"]}]},{\"@type\":\"ImageObject\",\"inLanguage\":\"en-US\",\"@id\":\"https:\\\/\\\/tetraktis.si\\\/en\\\/izdelek\\\/dorwest-paw-nose-balm\\\/#primaryimage\",\"url\":\"https:\\\/\\\/tetraktis.si\\\/wp-content\\\/uploads\\\/2022\\\/04\\\/Dorwest-Mazilo-za-gobcek-in-tacke.jpg\",\"contentUrl\":\"https:\\\/\\\/tetraktis.si\\\/wp-content\\\/uploads\\\/2022\\\/04\\\/Dorwest-Mazilo-za-gobcek-in-tacke.jpg\",\"width\":734,\"height\":734},{\"@type\":\"BreadcrumbList\",\"@id\":\"https:\\\/\\\/tetraktis.si\\\/en\\\/izdelek\\\/dorwest-paw-nose-balm\\\/#breadcrumb\",\"itemListElement\":[{\"@type\":\"ListItem\",\"position\":1,\"name\":\"Shop\",\"item\":\"https:\\\/\\\/tetraktis.si\\\/en\\\/shop-3\\\/\"},{\"@type\":\"ListItem\",\"position\":2,\"name\":\"Dorwest Paw &#038; Nose Balm &#8211; 50ml\"}]},{\"@type\":\"WebSite\",\"@id\":\"https:\\\/\\\/tetraktis.si\\\/en\\\/#website\",\"url\":\"https:\\\/\\\/tetraktis.si\\\/en\\\/\",\"name\":\"Tetraktis- Equine America, Dorwest, Excel\",\"description\":\"Samo najbolj\u0161e za va\u0161e \u017eivali\",\"publisher\":{\"@id\":\"https:\\\/\\\/tetraktis.si\\\/en\\\/#organization\"},\"potentialAction\":[{\"@type\":\"SearchAction\",\"target\":{\"@type\":\"EntryPoint\",\"urlTemplate\":\"https:\\\/\\\/tetraktis.si\\\/en\\\/?s={search_term_string}\"},\"query-input\":{\"@type\":\"PropertyValueSpecification\",\"valueRequired\":true,\"valueName\":\"search_term_string\"}}],\"inLanguage\":\"en-US\"},{\"@type\":\"Organization\",\"@id\":\"https:\\\/\\\/tetraktis.si\\\/en\\\/#organization\",\"name\":\"Tetraktis\",\"url\":\"https:\\\/\\\/tetraktis.si\\\/en\\\/\",\"logo\":{\"@type\":\"ImageObject\",\"inLanguage\":\"en-US\",\"@id\":\"https:\\\/\\\/tetraktis.si\\\/en\\\/#\\\/schema\\\/logo\\\/image\\\/\",\"url\":\"https:\\\/\\\/tetraktis.si\\\/wp-content\\\/uploads\\\/2022\\\/06\\\/logo.webp\",\"contentUrl\":\"https:\\\/\\\/tetraktis.si\\\/wp-content\\\/uploads\\\/2022\\\/06\\\/logo.webp\",\"width\":400,\"height\":211,\"caption\":\"Tetraktis\"},\"image\":{\"@id\":\"https:\\\/\\\/tetraktis.si\\\/en\\\/#\\\/schema\\\/logo\\\/image\\\/\"},\"sameAs\":[\"https:\\\/\\\/business.facebook.com\\\/equineamericashop\\\/?business_id=193323571192825\",\"https:\\\/\\\/x.com\\\/TetraktisInfo\",\"https:\\\/\\\/www.instagram.com\\\/tetraktisslovenija\\\/\",\"https:\\\/\\\/www.youtube.com\\\/channel\\\/UCk_PdKMdtpZ4pf0RRFL1vYA\"]}]}<\/script>\n<!-- \/ Yoast SEO Premium plugin. -->","yoast_head_json":{"title":"Dorwest Paw & Nose Balm - 50ml - with calendula and jojoba for healing","description":"Dorwest Paw & Nose Balm with natural beeswax and rich, pure shea butter is a pot of pure goodness.","robots":{"index":"index","follow":"follow","max-snippet":"max-snippet:-1","max-image-preview":"max-image-preview:large","max-video-preview":"max-video-preview:-1"},"canonical":"https:\/\/tetraktis.si\/en\/izdelek\/dorwest-paw-nose-balm\/","og_locale":"en_US","og_type":"article","og_title":"Dorwest Paw & Nose Balm - 50ml - with calendula and jojoba for healing","og_description":"Dorwest Paw & Nose Balm with natural beeswax and rich, pure shea butter is a pot of pure goodness.","og_url":"https:\/\/tetraktis.si\/en\/izdelek\/dorwest-paw-nose-balm\/","og_site_name":"Tetraktis- Equine America, Dorwest, Excel","article_publisher":"https:\/\/business.facebook.com\/equineamericashop\/?business_id=193323571192825","article_modified_time":"2023-03-30T21:29:35+00:00","og_image":[{"width":734,"height":734,"url":"https:\/\/tetraktis.si\/wp-content\/uploads\/2022\/04\/Dorwest-Mazilo-za-gobcek-in-tacke.jpg","type":"image\/jpeg"}],"twitter_card":"summary_large_image","twitter_site":"@TetraktisInfo","twitter_misc":{"Est. reading time":"1 minute"},"schema":{"@context":"https:\/\/schema.org","@graph":[{"@type":"WebPage","@id":"https:\/\/tetraktis.si\/en\/izdelek\/dorwest-paw-nose-balm\/","url":"https:\/\/tetraktis.si\/en\/izdelek\/dorwest-paw-nose-balm\/","name":"Dorwest Paw & Nose Balm - 50ml - with calendula and jojoba for healing","isPartOf":{"@id":"https:\/\/tetraktis.si\/en\/#website"},"primaryImageOfPage":{"@id":"https:\/\/tetraktis.si\/en\/izdelek\/dorwest-paw-nose-balm\/#primaryimage"},"image":{"@id":"https:\/\/tetraktis.si\/en\/izdelek\/dorwest-paw-nose-balm\/#primaryimage"},"thumbnailUrl":"https:\/\/tetraktis.si\/wp-content\/uploads\/2022\/04\/Dorwest-Mazilo-za-gobcek-in-tacke.jpg","datePublished":"2022-04-27T13:59:19+00:00","dateModified":"2023-03-30T21:29:35+00:00","description":"Dorwest Paw & Nose Balm with natural beeswax and rich, pure shea butter is a pot of pure goodness.","breadcrumb":{"@id":"https:\/\/tetraktis.si\/en\/izdelek\/dorwest-paw-nose-balm\/#breadcrumb"},"inLanguage":"en-US","potentialAction":[{"@type":"ReadAction","target":["https:\/\/tetraktis.si\/en\/izdelek\/dorwest-paw-nose-balm\/"]}]},{"@type":"ImageObject","inLanguage":"en-US","@id":"https:\/\/tetraktis.si\/en\/izdelek\/dorwest-paw-nose-balm\/#primaryimage","url":"https:\/\/tetraktis.si\/wp-content\/uploads\/2022\/04\/Dorwest-Mazilo-za-gobcek-in-tacke.jpg","contentUrl":"https:\/\/tetraktis.si\/wp-content\/uploads\/2022\/04\/Dorwest-Mazilo-za-gobcek-in-tacke.jpg","width":734,"height":734},{"@type":"BreadcrumbList","@id":"https:\/\/tetraktis.si\/en\/izdelek\/dorwest-paw-nose-balm\/#breadcrumb","itemListElement":[{"@type":"ListItem","position":1,"name":"Shop","item":"https:\/\/tetraktis.si\/en\/shop-3\/"},{"@type":"ListItem","position":2,"name":"Dorwest Paw &#038; Nose Balm &#8211; 50ml"}]},{"@type":"WebSite","@id":"https:\/\/tetraktis.si\/en\/#website","url":"https:\/\/tetraktis.si\/en\/","name":"Tetraktis- Equine America, Dorwest, Excel","description":"Samo najbolj\u0161e za va\u0161e \u017eivali","publisher":{"@id":"https:\/\/tetraktis.si\/en\/#organization"},"potentialAction":[{"@type":"SearchAction","target":{"@type":"EntryPoint","urlTemplate":"https:\/\/tetraktis.si\/en\/?s={search_term_string}"},"query-input":{"@type":"PropertyValueSpecification","valueRequired":true,"valueName":"search_term_string"}}],"inLanguage":"en-US"},{"@type":"Organization","@id":"https:\/\/tetraktis.si\/en\/#organization","name":"Tetraktis","url":"https:\/\/tetraktis.si\/en\/","logo":{"@type":"ImageObject","inLanguage":"en-US","@id":"https:\/\/tetraktis.si\/en\/#\/schema\/logo\/image\/","url":"https:\/\/tetraktis.si\/wp-content\/uploads\/2022\/06\/logo.webp","contentUrl":"https:\/\/tetraktis.si\/wp-content\/uploads\/2022\/06\/logo.webp","width":400,"height":211,"caption":"Tetraktis"},"image":{"@id":"https:\/\/tetraktis.si\/en\/#\/schema\/logo\/image\/"},"sameAs":["https:\/\/business.facebook.com\/equineamericashop\/?business_id=193323571192825","https:\/\/x.com\/TetraktisInfo","https:\/\/www.instagram.com\/tetraktisslovenija\/","https:\/\/www.youtube.com\/channel\/UCk_PdKMdtpZ4pf0RRFL1vYA"]}]}},"_links":{"self":[{"href":"https:\/\/tetraktis.si\/en\/wp-json\/wp\/v2\/product\/32607","targetHints":{"allow":["GET"]}}],"collection":[{"href":"https:\/\/tetraktis.si\/en\/wp-json\/wp\/v2\/product"}],"about":[{"href":"https:\/\/tetraktis.si\/en\/wp-json\/wp\/v2\/types\/product"}],"replies":[{"embeddable":true,"href":"https:\/\/tetraktis.si\/en\/wp-json\/wp\/v2\/comments?post=32607"}],"version-history":[{"count":2,"href":"https:\/\/tetraktis.si\/en\/wp-json\/wp\/v2\/product\/32607\/revisions"}],"predecessor-version":[{"id":37168,"href":"https:\/\/tetraktis.si\/en\/wp-json\/wp\/v2\/product\/32607\/revisions\/37168"}],"wp:featuredmedia":[{"embeddable":true,"href":"https:\/\/tetraktis.si\/en\/wp-json\/wp\/v2\/media\/25044"}],"wp:attachment":[{"href":"https:\/\/tetraktis.si\/en\/wp-json\/wp\/v2\/media?parent=32607"}],"wp:term":[{"taxonomy":"product_brand","embeddable":true,"href":"https:\/\/tetraktis.si\/en\/wp-json\/wp\/v2\/product_brand?post=32607"},{"taxonomy":"product_cat","embeddable":true,"href":"https:\/\/tetraktis.si\/en\/wp-json\/wp\/v2\/product_cat?post=32607"},{"taxonomy":"product_tag","embeddable":true,"href":"https:\/\/tetraktis.si\/en\/wp-json\/wp\/v2\/product_tag?post=32607"}],"curies":[{"name":"wp","href":"https:\/\/api.w.org\/{rel}","templated":true}]}}