{"id":32601,"date":"2022-04-27T15:59:19","date_gmt":"2022-04-27T13:59:19","guid":{"rendered":"https:\/\/cortaflex.si\/izdelek\/dorwest-wheatgerm-oil-liquid-for-dogs-and-cats\/"},"modified":"2023-12-09T08:38:02","modified_gmt":"2023-12-09T07:38:02","slug":"dorwest-wheatgerm-oil-liquid-for-dogs-and-cats","status":"publish","type":"product","link":"https:\/\/tetraktis.si\/en\/izdelek\/dorwest-wheatgerm-oil-liquid-for-dogs-and-cats\/","title":{"rendered":"Dorwest Wheatgerm Oil Liquid For Dogs And Cats"},"content":{"rendered":"<h1>Dorwest Wheatgerm Oil Liquid For Dogs And Cats<\/h1>\n<p>This supplement delivers all the benefits of vitamin E from wheatgerm oil but in an easy to give, premium grade liquid that can be added to your pet\u2019s food.<\/p>\n<p>Just add it to your pet\u2019s food for them to benefit from the powerful natural antioxidant action of Vitamin E, which neutralises free radicals that are produced as a by-product of everyday cell functions.<\/p>\n<h2>Dorwest Wheatgerm Oil Liquid can be given year-round to help promote a healthy skin and coat<\/h2>\n<p>It is also used to maintain fertility and a healthy reproductive system in both male and female pets.<\/p>\n<p>Wheatgerm oil contains a powerful natural antioxidant for general health and to support a healthy skin, coat and reproductive system.<\/p>\n<p><strong>Ingredients: <\/strong>100% cold extracted Wheatgerm oil obtained from non-genetically modified sources<\/p>\n<p><strong>Administration: <\/strong><\/p>\n<ul>\n<li>Small dogs &amp; cats: 1\/4 tsp.<\/li>\n<li>Medium dogs 1\/2 tsp.<\/li>\n<li>Large dogs 1 tsp.<\/li>\n<li>Giant breeds 1.5tsp daily.<\/li>\n<\/ul>\n<p><strong>Can be used during pregnancy?: <\/strong>Yes<\/p>\n<p><strong>Can be used during lactation?: <\/strong>Yes<\/p>\n<p><strong>Interactions: <\/strong>No known interactions. Can be given in conjunction with any medication.<\/p>\n","protected":false},"excerpt":{"rendered":"<p id=\"tw-target-text\" class=\"tw-data-text tw-text-large XcVN5d tw-ta\" dir=\"ltr\" data-placeholder=\"Prevod\"><span class=\"Y2IQFc\" lang=\"en\">A powerful natural antioxidant for overall health. Supports healthy skin, hair and reproductive system.<\/span><\/p>\n<p>Wheatgerm Oil Liquid is a natural source of Vitamin E which helps to maintain fertility in dogs and cats.<\/p>\n","protected":false},"featured_media":25028,"comment_status":"open","ping_status":"closed","template":"","meta":[],"product_brand":[329],"product_cat":[3323,3349,3336],"product_tag":[],"class_list":{"0":"post-32601","1":"product","2":"type-product","3":"status-publish","4":"has-post-thumbnail","6":"product_brand-dorwest","7":"product_cat-dogs-cats","8":"product_cat-izdelki-za-macke-en","9":"product_cat-pasja-dlaka-in-koza-en","12":"first","13":"instock","14":"taxable","15":"shipping-taxable","16":"purchasable","17":"product-type-variable","18":"has-default-attributes"},"yoast_head":"<!-- This site is optimized with the Yoast SEO Premium plugin v20.10 (Yoast SEO v27.3) - https:\/\/yoast.com\/product\/yoast-seo-premium-wordpress\/ -->\n<title>Dorwest Wheatgerm Oil Liquid For Dogs And Cats - Tetraktis- Equine America, Dorwest, Excel<\/title>\n<meta name=\"description\" content=\"Vitamin E for dogs and cats in wheat germ oil - an antioxidant for general health! Supports healthy skin, hair and reproductive system.\" \/>\n<meta name=\"robots\" content=\"index, follow, max-snippet:-1, max-image-preview:large, max-video-preview:-1\" \/>\n<link rel=\"canonical\" href=\"https:\/\/tetraktis.si\/en\/izdelek\/dorwest-wheatgerm-oil-liquid-for-dogs-and-cats\/\" \/>\n<meta property=\"og:locale\" content=\"en_US\" \/>\n<meta property=\"og:type\" content=\"article\" \/>\n<meta property=\"og:title\" content=\"Dorwest Wheatgerm Oil Liquid For Dogs And Cats - Tetraktis- Equine America, Dorwest, Excel\" \/>\n<meta property=\"og:description\" content=\"Vitamin E for dogs and cats in wheat germ oil - an antioxidant for general health! Supports healthy skin, hair and reproductive system.\" \/>\n<meta property=\"og:url\" content=\"https:\/\/tetraktis.si\/en\/izdelek\/dorwest-wheatgerm-oil-liquid-for-dogs-and-cats\/\" \/>\n<meta property=\"og:site_name\" content=\"Tetraktis- Equine America, Dorwest, Excel\" \/>\n<meta property=\"article:publisher\" content=\"https:\/\/business.facebook.com\/equineamericashop\/?business_id=193323571192825\" \/>\n<meta property=\"article:modified_time\" content=\"2023-12-09T07:38:02+00:00\" \/>\n<meta property=\"og:image\" content=\"https:\/\/tetraktis.si\/wp-content\/uploads\/2022\/04\/DORWEST-OLJE-PSENICNIH-KALCKOV-100ml.jpg\" \/>\n\t<meta property=\"og:image:width\" content=\"734\" \/>\n\t<meta property=\"og:image:height\" content=\"734\" \/>\n\t<meta property=\"og:image:type\" content=\"image\/jpeg\" \/>\n<meta name=\"twitter:card\" content=\"summary_large_image\" \/>\n<meta name=\"twitter:site\" content=\"@TetraktisInfo\" \/>\n<meta name=\"twitter:label1\" content=\"Est. reading time\" \/>\n\t<meta name=\"twitter:data1\" content=\"2 minutes\" \/>\n<script type=\"application\/ld+json\" class=\"yoast-schema-graph\">{\"@context\":\"https:\\\/\\\/schema.org\",\"@graph\":[{\"@type\":\"WebPage\",\"@id\":\"https:\\\/\\\/tetraktis.si\\\/en\\\/izdelek\\\/dorwest-wheatgerm-oil-liquid-for-dogs-and-cats\\\/\",\"url\":\"https:\\\/\\\/tetraktis.si\\\/en\\\/izdelek\\\/dorwest-wheatgerm-oil-liquid-for-dogs-and-cats\\\/\",\"name\":\"Dorwest Wheatgerm Oil Liquid For Dogs And Cats - Tetraktis- Equine America, Dorwest, Excel\",\"isPartOf\":{\"@id\":\"https:\\\/\\\/tetraktis.si\\\/en\\\/#website\"},\"primaryImageOfPage\":{\"@id\":\"https:\\\/\\\/tetraktis.si\\\/en\\\/izdelek\\\/dorwest-wheatgerm-oil-liquid-for-dogs-and-cats\\\/#primaryimage\"},\"image\":{\"@id\":\"https:\\\/\\\/tetraktis.si\\\/en\\\/izdelek\\\/dorwest-wheatgerm-oil-liquid-for-dogs-and-cats\\\/#primaryimage\"},\"thumbnailUrl\":\"https:\\\/\\\/tetraktis.si\\\/wp-content\\\/uploads\\\/2022\\\/04\\\/DORWEST-OLJE-PSENICNIH-KALCKOV-100ml.jpg\",\"datePublished\":\"2022-04-27T13:59:19+00:00\",\"dateModified\":\"2023-12-09T07:38:02+00:00\",\"description\":\"Vitamin E for dogs and cats in wheat germ oil - an antioxidant for general health! Supports healthy skin, hair and reproductive system.\",\"breadcrumb\":{\"@id\":\"https:\\\/\\\/tetraktis.si\\\/en\\\/izdelek\\\/dorwest-wheatgerm-oil-liquid-for-dogs-and-cats\\\/#breadcrumb\"},\"inLanguage\":\"en-US\",\"potentialAction\":[{\"@type\":\"ReadAction\",\"target\":[\"https:\\\/\\\/tetraktis.si\\\/en\\\/izdelek\\\/dorwest-wheatgerm-oil-liquid-for-dogs-and-cats\\\/\"]}]},{\"@type\":\"ImageObject\",\"inLanguage\":\"en-US\",\"@id\":\"https:\\\/\\\/tetraktis.si\\\/en\\\/izdelek\\\/dorwest-wheatgerm-oil-liquid-for-dogs-and-cats\\\/#primaryimage\",\"url\":\"https:\\\/\\\/tetraktis.si\\\/wp-content\\\/uploads\\\/2022\\\/04\\\/DORWEST-OLJE-PSENICNIH-KALCKOV-100ml.jpg\",\"contentUrl\":\"https:\\\/\\\/tetraktis.si\\\/wp-content\\\/uploads\\\/2022\\\/04\\\/DORWEST-OLJE-PSENICNIH-KALCKOV-100ml.jpg\",\"width\":734,\"height\":734,\"caption\":\"Vitamin E za pse\"},{\"@type\":\"BreadcrumbList\",\"@id\":\"https:\\\/\\\/tetraktis.si\\\/en\\\/izdelek\\\/dorwest-wheatgerm-oil-liquid-for-dogs-and-cats\\\/#breadcrumb\",\"itemListElement\":[{\"@type\":\"ListItem\",\"position\":1,\"name\":\"Shop\",\"item\":\"https:\\\/\\\/tetraktis.si\\\/en\\\/shop-3\\\/\"},{\"@type\":\"ListItem\",\"position\":2,\"name\":\"Dorwest Wheatgerm Oil Liquid For Dogs And Cats\"}]},{\"@type\":\"WebSite\",\"@id\":\"https:\\\/\\\/tetraktis.si\\\/en\\\/#website\",\"url\":\"https:\\\/\\\/tetraktis.si\\\/en\\\/\",\"name\":\"Tetraktis- Equine America, Dorwest, Excel\",\"description\":\"Samo najbolj\u0161e za va\u0161e \u017eivali\",\"publisher\":{\"@id\":\"https:\\\/\\\/tetraktis.si\\\/en\\\/#organization\"},\"potentialAction\":[{\"@type\":\"SearchAction\",\"target\":{\"@type\":\"EntryPoint\",\"urlTemplate\":\"https:\\\/\\\/tetraktis.si\\\/en\\\/?s={search_term_string}\"},\"query-input\":{\"@type\":\"PropertyValueSpecification\",\"valueRequired\":true,\"valueName\":\"search_term_string\"}}],\"inLanguage\":\"en-US\"},{\"@type\":\"Organization\",\"@id\":\"https:\\\/\\\/tetraktis.si\\\/en\\\/#organization\",\"name\":\"Tetraktis\",\"url\":\"https:\\\/\\\/tetraktis.si\\\/en\\\/\",\"logo\":{\"@type\":\"ImageObject\",\"inLanguage\":\"en-US\",\"@id\":\"https:\\\/\\\/tetraktis.si\\\/en\\\/#\\\/schema\\\/logo\\\/image\\\/\",\"url\":\"https:\\\/\\\/tetraktis.si\\\/wp-content\\\/uploads\\\/2022\\\/06\\\/logo.webp\",\"contentUrl\":\"https:\\\/\\\/tetraktis.si\\\/wp-content\\\/uploads\\\/2022\\\/06\\\/logo.webp\",\"width\":400,\"height\":211,\"caption\":\"Tetraktis\"},\"image\":{\"@id\":\"https:\\\/\\\/tetraktis.si\\\/en\\\/#\\\/schema\\\/logo\\\/image\\\/\"},\"sameAs\":[\"https:\\\/\\\/business.facebook.com\\\/equineamericashop\\\/?business_id=193323571192825\",\"https:\\\/\\\/x.com\\\/TetraktisInfo\",\"https:\\\/\\\/www.instagram.com\\\/tetraktisslovenija\\\/\",\"https:\\\/\\\/www.youtube.com\\\/channel\\\/UCk_PdKMdtpZ4pf0RRFL1vYA\"]}]}<\/script>\n<!-- \/ Yoast SEO Premium plugin. -->","yoast_head_json":{"title":"Dorwest Wheatgerm Oil Liquid For Dogs And Cats - Tetraktis- Equine America, Dorwest, Excel","description":"Vitamin E for dogs and cats in wheat germ oil - an antioxidant for general health! Supports healthy skin, hair and reproductive system.","robots":{"index":"index","follow":"follow","max-snippet":"max-snippet:-1","max-image-preview":"max-image-preview:large","max-video-preview":"max-video-preview:-1"},"canonical":"https:\/\/tetraktis.si\/en\/izdelek\/dorwest-wheatgerm-oil-liquid-for-dogs-and-cats\/","og_locale":"en_US","og_type":"article","og_title":"Dorwest Wheatgerm Oil Liquid For Dogs And Cats - Tetraktis- Equine America, Dorwest, Excel","og_description":"Vitamin E for dogs and cats in wheat germ oil - an antioxidant for general health! Supports healthy skin, hair and reproductive system.","og_url":"https:\/\/tetraktis.si\/en\/izdelek\/dorwest-wheatgerm-oil-liquid-for-dogs-and-cats\/","og_site_name":"Tetraktis- Equine America, Dorwest, Excel","article_publisher":"https:\/\/business.facebook.com\/equineamericashop\/?business_id=193323571192825","article_modified_time":"2023-12-09T07:38:02+00:00","og_image":[{"width":734,"height":734,"url":"https:\/\/tetraktis.si\/wp-content\/uploads\/2022\/04\/DORWEST-OLJE-PSENICNIH-KALCKOV-100ml.jpg","type":"image\/jpeg"}],"twitter_card":"summary_large_image","twitter_site":"@TetraktisInfo","twitter_misc":{"Est. reading time":"2 minutes"},"schema":{"@context":"https:\/\/schema.org","@graph":[{"@type":"WebPage","@id":"https:\/\/tetraktis.si\/en\/izdelek\/dorwest-wheatgerm-oil-liquid-for-dogs-and-cats\/","url":"https:\/\/tetraktis.si\/en\/izdelek\/dorwest-wheatgerm-oil-liquid-for-dogs-and-cats\/","name":"Dorwest Wheatgerm Oil Liquid For Dogs And Cats - Tetraktis- Equine America, Dorwest, Excel","isPartOf":{"@id":"https:\/\/tetraktis.si\/en\/#website"},"primaryImageOfPage":{"@id":"https:\/\/tetraktis.si\/en\/izdelek\/dorwest-wheatgerm-oil-liquid-for-dogs-and-cats\/#primaryimage"},"image":{"@id":"https:\/\/tetraktis.si\/en\/izdelek\/dorwest-wheatgerm-oil-liquid-for-dogs-and-cats\/#primaryimage"},"thumbnailUrl":"https:\/\/tetraktis.si\/wp-content\/uploads\/2022\/04\/DORWEST-OLJE-PSENICNIH-KALCKOV-100ml.jpg","datePublished":"2022-04-27T13:59:19+00:00","dateModified":"2023-12-09T07:38:02+00:00","description":"Vitamin E for dogs and cats in wheat germ oil - an antioxidant for general health! Supports healthy skin, hair and reproductive system.","breadcrumb":{"@id":"https:\/\/tetraktis.si\/en\/izdelek\/dorwest-wheatgerm-oil-liquid-for-dogs-and-cats\/#breadcrumb"},"inLanguage":"en-US","potentialAction":[{"@type":"ReadAction","target":["https:\/\/tetraktis.si\/en\/izdelek\/dorwest-wheatgerm-oil-liquid-for-dogs-and-cats\/"]}]},{"@type":"ImageObject","inLanguage":"en-US","@id":"https:\/\/tetraktis.si\/en\/izdelek\/dorwest-wheatgerm-oil-liquid-for-dogs-and-cats\/#primaryimage","url":"https:\/\/tetraktis.si\/wp-content\/uploads\/2022\/04\/DORWEST-OLJE-PSENICNIH-KALCKOV-100ml.jpg","contentUrl":"https:\/\/tetraktis.si\/wp-content\/uploads\/2022\/04\/DORWEST-OLJE-PSENICNIH-KALCKOV-100ml.jpg","width":734,"height":734,"caption":"Vitamin E za pse"},{"@type":"BreadcrumbList","@id":"https:\/\/tetraktis.si\/en\/izdelek\/dorwest-wheatgerm-oil-liquid-for-dogs-and-cats\/#breadcrumb","itemListElement":[{"@type":"ListItem","position":1,"name":"Shop","item":"https:\/\/tetraktis.si\/en\/shop-3\/"},{"@type":"ListItem","position":2,"name":"Dorwest Wheatgerm Oil Liquid For Dogs And Cats"}]},{"@type":"WebSite","@id":"https:\/\/tetraktis.si\/en\/#website","url":"https:\/\/tetraktis.si\/en\/","name":"Tetraktis- Equine America, Dorwest, Excel","description":"Samo najbolj\u0161e za va\u0161e \u017eivali","publisher":{"@id":"https:\/\/tetraktis.si\/en\/#organization"},"potentialAction":[{"@type":"SearchAction","target":{"@type":"EntryPoint","urlTemplate":"https:\/\/tetraktis.si\/en\/?s={search_term_string}"},"query-input":{"@type":"PropertyValueSpecification","valueRequired":true,"valueName":"search_term_string"}}],"inLanguage":"en-US"},{"@type":"Organization","@id":"https:\/\/tetraktis.si\/en\/#organization","name":"Tetraktis","url":"https:\/\/tetraktis.si\/en\/","logo":{"@type":"ImageObject","inLanguage":"en-US","@id":"https:\/\/tetraktis.si\/en\/#\/schema\/logo\/image\/","url":"https:\/\/tetraktis.si\/wp-content\/uploads\/2022\/06\/logo.webp","contentUrl":"https:\/\/tetraktis.si\/wp-content\/uploads\/2022\/06\/logo.webp","width":400,"height":211,"caption":"Tetraktis"},"image":{"@id":"https:\/\/tetraktis.si\/en\/#\/schema\/logo\/image\/"},"sameAs":["https:\/\/business.facebook.com\/equineamericashop\/?business_id=193323571192825","https:\/\/x.com\/TetraktisInfo","https:\/\/www.instagram.com\/tetraktisslovenija\/","https:\/\/www.youtube.com\/channel\/UCk_PdKMdtpZ4pf0RRFL1vYA"]}]}},"_links":{"self":[{"href":"https:\/\/tetraktis.si\/en\/wp-json\/wp\/v2\/product\/32601","targetHints":{"allow":["GET"]}}],"collection":[{"href":"https:\/\/tetraktis.si\/en\/wp-json\/wp\/v2\/product"}],"about":[{"href":"https:\/\/tetraktis.si\/en\/wp-json\/wp\/v2\/types\/product"}],"replies":[{"embeddable":true,"href":"https:\/\/tetraktis.si\/en\/wp-json\/wp\/v2\/comments?post=32601"}],"version-history":[{"count":1,"href":"https:\/\/tetraktis.si\/en\/wp-json\/wp\/v2\/product\/32601\/revisions"}],"predecessor-version":[{"id":37163,"href":"https:\/\/tetraktis.si\/en\/wp-json\/wp\/v2\/product\/32601\/revisions\/37163"}],"wp:featuredmedia":[{"embeddable":true,"href":"https:\/\/tetraktis.si\/en\/wp-json\/wp\/v2\/media\/25028"}],"wp:attachment":[{"href":"https:\/\/tetraktis.si\/en\/wp-json\/wp\/v2\/media?parent=32601"}],"wp:term":[{"taxonomy":"product_brand","embeddable":true,"href":"https:\/\/tetraktis.si\/en\/wp-json\/wp\/v2\/product_brand?post=32601"},{"taxonomy":"product_cat","embeddable":true,"href":"https:\/\/tetraktis.si\/en\/wp-json\/wp\/v2\/product_cat?post=32601"},{"taxonomy":"product_tag","embeddable":true,"href":"https:\/\/tetraktis.si\/en\/wp-json\/wp\/v2\/product_tag?post=32601"}],"curies":[{"name":"wp","href":"https:\/\/api.w.org\/{rel}","templated":true}]}}