{"id":32592,"date":"2022-04-27T15:59:19","date_gmt":"2022-04-27T13:59:19","guid":{"rendered":"https:\/\/cortaflex.si\/izdelek\/dorwest-wheatgerm-oil-capsules-for-dogs-and-cats\/"},"modified":"2023-03-28T08:59:28","modified_gmt":"2023-03-28T06:59:28","slug":"wheatgerm-oil-capsules-for-dogs-and-cats","status":"publish","type":"product","link":"https:\/\/tetraktis.si\/en\/izdelek\/wheatgerm-oil-capsules-for-dogs-and-cats\/","title":{"rendered":"Dorwest Wheatgerm Oil Capsules For Dogs And Cats"},"content":{"rendered":"<h1 class=\"product-title\" data-gtm-vis-recent-on-screen-1973397_197=\"1483\" data-gtm-vis-first-on-screen-1973397_197=\"1483\" data-gtm-vis-total-visible-time-1973397_197=\"100\" data-gtm-vis-has-fired-1973397_197=\"1\">Dorwest Wheatgerm Oil Capsules For Dogs And Cats<\/h1>\n<p>This natural source of antioxidant vitamin E can be given all year round to mop up harmful free radicals formed as a by-product of everyday metabolism. Free radicals affect cells so ensuring that there is a plentiful supply of vitamin E to scavenge and support them is invaluable.<\/p>\n<p>Important for the healthy function of skin, coat and the nervous system, vitamin E is widely used to help maintain fertility and a healthy reproductive system in both male and female animals.<\/p>\n<p><strong>Ingredients<\/strong>: Wheatgerm oil 278mg, obtained from non-genetically modified sources. Gelatin, Glycerin<\/p>\n<p><strong>Administration:<\/strong> One capsule per 10kgs bodyweight daily to maintain healthy skin and coat. When being used as a fertility support, give from one week prior to mating, give to both the male and female for a full 7 days, doubling the amount given on the day before and the actual day of mating. The female\u2019s diet should continue to be supplemented with Wheatgerm Oil for three weeks following mating to provide support to the foetuses during the important first trimester.<\/p>\n<p>Can be used during pregnancy?: Yes<\/p>\n<p>Can be used during lactation?: Yes<\/p>\n<p>Interactions: No known interactions. Can be given in conjunction with any medication.<\/p>\n<p>Check for other great Dorwest products in <a href=\"https:\/\/www.tetraktis.si\/en\/product-category\/dogs-cats\/dorwest-herbs\/\">our shop<\/a>!<\/p>\n<p>Producer of Wheatgerm Oil Capsules: <a href=\"https:\/\/www.dorwest.com\/\">Dorwest Ltd<\/a>, Uk.<\/p>\n<p><a href=\"https:\/\/www.dorwest.com\/\">Dorwest<\/a> is an expert in herbal pet care. They take the word \u2018expert\u2019 very seriously. It\u2019s taken years of experience, a wealth of knowledge, and working to only the highest standards to become the UK\u2019s leading provider of canine and feline herbal supplements.<\/p>\n<p>Dorwest is the leading authority on veterinary herbal supplements which they have been producing for over 70 years.<\/p>\n","protected":false},"excerpt":{"rendered":"<p>Wheatgerm Oil Capsules are a natural source of Vitamin E which helps skin, coat and maintains fertility in dogs and cats.<\/p>\n<p>&nbsp;<\/p>\n","protected":false},"featured_media":25025,"comment_status":"open","ping_status":"closed","template":"","meta":[],"product_brand":[329],"product_cat":[3323,3349,3336],"product_tag":[],"class_list":{"0":"post-32592","1":"product","2":"type-product","3":"status-publish","4":"has-post-thumbnail","6":"product_brand-dorwest","7":"product_cat-dogs-cats","8":"product_cat-izdelki-za-macke-en","9":"product_cat-pasja-dlaka-in-koza-en","12":"first","13":"outofstock","14":"taxable","15":"shipping-taxable","16":"purchasable","17":"product-type-variable","18":"has-default-attributes"},"yoast_head":"<!-- This site is optimized with the Yoast SEO Premium plugin v20.10 (Yoast SEO v27.3) - https:\/\/yoast.com\/product\/yoast-seo-premium-wordpress\/ -->\n<title>Dorwest Wheatgerm Oil Capsules For Dogs And Cats<\/title>\n<meta name=\"description\" content=\"Dorwest Wheatgerm Oil Capsules For Dogs And Cats containe important vitamin E, to improve skin, hair and maintain fertility.\" \/>\n<meta name=\"robots\" content=\"index, follow, max-snippet:-1, max-image-preview:large, max-video-preview:-1\" \/>\n<link rel=\"canonical\" href=\"https:\/\/tetraktis.si\/en\/izdelek\/wheatgerm-oil-capsules-for-dogs-and-cats\/\" \/>\n<meta property=\"og:locale\" content=\"en_US\" \/>\n<meta property=\"og:type\" content=\"article\" \/>\n<meta property=\"og:title\" content=\"Dorwest Wheatgerm Oil Capsules For Dogs And Cats\" \/>\n<meta property=\"og:description\" content=\"Dorwest Wheatgerm Oil Capsules For Dogs And Cats containe important vitamin E, to improve skin, hair and maintain fertility.\" \/>\n<meta property=\"og:url\" content=\"https:\/\/tetraktis.si\/en\/izdelek\/wheatgerm-oil-capsules-for-dogs-and-cats\/\" \/>\n<meta property=\"og:site_name\" content=\"Tetraktis- Equine America, Dorwest, Excel\" \/>\n<meta property=\"article:publisher\" content=\"https:\/\/business.facebook.com\/equineamericashop\/?business_id=193323571192825\" \/>\n<meta property=\"article:modified_time\" content=\"2023-03-28T06:59:28+00:00\" \/>\n<meta property=\"og:image\" content=\"https:\/\/tetraktis.si\/wp-content\/uploads\/2022\/04\/Dorwest-OLJE-PSENICNIH-KALCKOV-kapsule-100.jpg\" \/>\n\t<meta property=\"og:image:width\" content=\"734\" \/>\n\t<meta property=\"og:image:height\" content=\"734\" \/>\n\t<meta property=\"og:image:type\" content=\"image\/jpeg\" \/>\n<meta name=\"twitter:card\" content=\"summary_large_image\" \/>\n<meta name=\"twitter:site\" content=\"@TetraktisInfo\" \/>\n<meta name=\"twitter:label1\" content=\"Est. reading time\" \/>\n\t<meta name=\"twitter:data1\" content=\"2 minutes\" \/>\n<script type=\"application\/ld+json\" class=\"yoast-schema-graph\">{\"@context\":\"https:\\\/\\\/schema.org\",\"@graph\":[{\"@type\":\"WebPage\",\"@id\":\"https:\\\/\\\/tetraktis.si\\\/en\\\/izdelek\\\/wheatgerm-oil-capsules-for-dogs-and-cats\\\/\",\"url\":\"https:\\\/\\\/tetraktis.si\\\/en\\\/izdelek\\\/wheatgerm-oil-capsules-for-dogs-and-cats\\\/\",\"name\":\"Dorwest Wheatgerm Oil Capsules For Dogs And Cats\",\"isPartOf\":{\"@id\":\"https:\\\/\\\/tetraktis.si\\\/en\\\/#website\"},\"primaryImageOfPage\":{\"@id\":\"https:\\\/\\\/tetraktis.si\\\/en\\\/izdelek\\\/wheatgerm-oil-capsules-for-dogs-and-cats\\\/#primaryimage\"},\"image\":{\"@id\":\"https:\\\/\\\/tetraktis.si\\\/en\\\/izdelek\\\/wheatgerm-oil-capsules-for-dogs-and-cats\\\/#primaryimage\"},\"thumbnailUrl\":\"https:\\\/\\\/tetraktis.si\\\/wp-content\\\/uploads\\\/2022\\\/04\\\/Dorwest-OLJE-PSENICNIH-KALCKOV-kapsule-100.jpg\",\"datePublished\":\"2022-04-27T13:59:19+00:00\",\"dateModified\":\"2023-03-28T06:59:28+00:00\",\"description\":\"Dorwest Wheatgerm Oil Capsules For Dogs And Cats containe important vitamin E, to improve skin, hair and maintain fertility.\",\"breadcrumb\":{\"@id\":\"https:\\\/\\\/tetraktis.si\\\/en\\\/izdelek\\\/wheatgerm-oil-capsules-for-dogs-and-cats\\\/#breadcrumb\"},\"inLanguage\":\"en-US\",\"potentialAction\":[{\"@type\":\"ReadAction\",\"target\":[\"https:\\\/\\\/tetraktis.si\\\/en\\\/izdelek\\\/wheatgerm-oil-capsules-for-dogs-and-cats\\\/\"]}]},{\"@type\":\"ImageObject\",\"inLanguage\":\"en-US\",\"@id\":\"https:\\\/\\\/tetraktis.si\\\/en\\\/izdelek\\\/wheatgerm-oil-capsules-for-dogs-and-cats\\\/#primaryimage\",\"url\":\"https:\\\/\\\/tetraktis.si\\\/wp-content\\\/uploads\\\/2022\\\/04\\\/Dorwest-OLJE-PSENICNIH-KALCKOV-kapsule-100.jpg\",\"contentUrl\":\"https:\\\/\\\/tetraktis.si\\\/wp-content\\\/uploads\\\/2022\\\/04\\\/Dorwest-OLJE-PSENICNIH-KALCKOV-kapsule-100.jpg\",\"width\":734,\"height\":734,\"caption\":\"Dorwest olje p\u0161eni\u010dnih kal\u010dkov\"},{\"@type\":\"BreadcrumbList\",\"@id\":\"https:\\\/\\\/tetraktis.si\\\/en\\\/izdelek\\\/wheatgerm-oil-capsules-for-dogs-and-cats\\\/#breadcrumb\",\"itemListElement\":[{\"@type\":\"ListItem\",\"position\":1,\"name\":\"Shop\",\"item\":\"https:\\\/\\\/tetraktis.si\\\/en\\\/shop-3\\\/\"},{\"@type\":\"ListItem\",\"position\":2,\"name\":\"Dorwest Wheatgerm Oil Capsules For Dogs And Cats\"}]},{\"@type\":\"WebSite\",\"@id\":\"https:\\\/\\\/tetraktis.si\\\/en\\\/#website\",\"url\":\"https:\\\/\\\/tetraktis.si\\\/en\\\/\",\"name\":\"Tetraktis- Equine America, Dorwest, Excel\",\"description\":\"Samo najbolj\u0161e za va\u0161e \u017eivali\",\"publisher\":{\"@id\":\"https:\\\/\\\/tetraktis.si\\\/en\\\/#organization\"},\"potentialAction\":[{\"@type\":\"SearchAction\",\"target\":{\"@type\":\"EntryPoint\",\"urlTemplate\":\"https:\\\/\\\/tetraktis.si\\\/en\\\/?s={search_term_string}\"},\"query-input\":{\"@type\":\"PropertyValueSpecification\",\"valueRequired\":true,\"valueName\":\"search_term_string\"}}],\"inLanguage\":\"en-US\"},{\"@type\":\"Organization\",\"@id\":\"https:\\\/\\\/tetraktis.si\\\/en\\\/#organization\",\"name\":\"Tetraktis\",\"url\":\"https:\\\/\\\/tetraktis.si\\\/en\\\/\",\"logo\":{\"@type\":\"ImageObject\",\"inLanguage\":\"en-US\",\"@id\":\"https:\\\/\\\/tetraktis.si\\\/en\\\/#\\\/schema\\\/logo\\\/image\\\/\",\"url\":\"https:\\\/\\\/tetraktis.si\\\/wp-content\\\/uploads\\\/2022\\\/06\\\/logo.webp\",\"contentUrl\":\"https:\\\/\\\/tetraktis.si\\\/wp-content\\\/uploads\\\/2022\\\/06\\\/logo.webp\",\"width\":400,\"height\":211,\"caption\":\"Tetraktis\"},\"image\":{\"@id\":\"https:\\\/\\\/tetraktis.si\\\/en\\\/#\\\/schema\\\/logo\\\/image\\\/\"},\"sameAs\":[\"https:\\\/\\\/business.facebook.com\\\/equineamericashop\\\/?business_id=193323571192825\",\"https:\\\/\\\/x.com\\\/TetraktisInfo\",\"https:\\\/\\\/www.instagram.com\\\/tetraktisslovenija\\\/\",\"https:\\\/\\\/www.youtube.com\\\/channel\\\/UCk_PdKMdtpZ4pf0RRFL1vYA\"]}]}<\/script>\n<!-- \/ Yoast SEO Premium plugin. -->","yoast_head_json":{"title":"Dorwest Wheatgerm Oil Capsules For Dogs And Cats","description":"Dorwest Wheatgerm Oil Capsules For Dogs And Cats containe important vitamin E, to improve skin, hair and maintain fertility.","robots":{"index":"index","follow":"follow","max-snippet":"max-snippet:-1","max-image-preview":"max-image-preview:large","max-video-preview":"max-video-preview:-1"},"canonical":"https:\/\/tetraktis.si\/en\/izdelek\/wheatgerm-oil-capsules-for-dogs-and-cats\/","og_locale":"en_US","og_type":"article","og_title":"Dorwest Wheatgerm Oil Capsules For Dogs And Cats","og_description":"Dorwest Wheatgerm Oil Capsules For Dogs And Cats containe important vitamin E, to improve skin, hair and maintain fertility.","og_url":"https:\/\/tetraktis.si\/en\/izdelek\/wheatgerm-oil-capsules-for-dogs-and-cats\/","og_site_name":"Tetraktis- Equine America, Dorwest, Excel","article_publisher":"https:\/\/business.facebook.com\/equineamericashop\/?business_id=193323571192825","article_modified_time":"2023-03-28T06:59:28+00:00","og_image":[{"width":734,"height":734,"url":"https:\/\/tetraktis.si\/wp-content\/uploads\/2022\/04\/Dorwest-OLJE-PSENICNIH-KALCKOV-kapsule-100.jpg","type":"image\/jpeg"}],"twitter_card":"summary_large_image","twitter_site":"@TetraktisInfo","twitter_misc":{"Est. reading time":"2 minutes"},"schema":{"@context":"https:\/\/schema.org","@graph":[{"@type":"WebPage","@id":"https:\/\/tetraktis.si\/en\/izdelek\/wheatgerm-oil-capsules-for-dogs-and-cats\/","url":"https:\/\/tetraktis.si\/en\/izdelek\/wheatgerm-oil-capsules-for-dogs-and-cats\/","name":"Dorwest Wheatgerm Oil Capsules For Dogs And Cats","isPartOf":{"@id":"https:\/\/tetraktis.si\/en\/#website"},"primaryImageOfPage":{"@id":"https:\/\/tetraktis.si\/en\/izdelek\/wheatgerm-oil-capsules-for-dogs-and-cats\/#primaryimage"},"image":{"@id":"https:\/\/tetraktis.si\/en\/izdelek\/wheatgerm-oil-capsules-for-dogs-and-cats\/#primaryimage"},"thumbnailUrl":"https:\/\/tetraktis.si\/wp-content\/uploads\/2022\/04\/Dorwest-OLJE-PSENICNIH-KALCKOV-kapsule-100.jpg","datePublished":"2022-04-27T13:59:19+00:00","dateModified":"2023-03-28T06:59:28+00:00","description":"Dorwest Wheatgerm Oil Capsules For Dogs And Cats containe important vitamin E, to improve skin, hair and maintain fertility.","breadcrumb":{"@id":"https:\/\/tetraktis.si\/en\/izdelek\/wheatgerm-oil-capsules-for-dogs-and-cats\/#breadcrumb"},"inLanguage":"en-US","potentialAction":[{"@type":"ReadAction","target":["https:\/\/tetraktis.si\/en\/izdelek\/wheatgerm-oil-capsules-for-dogs-and-cats\/"]}]},{"@type":"ImageObject","inLanguage":"en-US","@id":"https:\/\/tetraktis.si\/en\/izdelek\/wheatgerm-oil-capsules-for-dogs-and-cats\/#primaryimage","url":"https:\/\/tetraktis.si\/wp-content\/uploads\/2022\/04\/Dorwest-OLJE-PSENICNIH-KALCKOV-kapsule-100.jpg","contentUrl":"https:\/\/tetraktis.si\/wp-content\/uploads\/2022\/04\/Dorwest-OLJE-PSENICNIH-KALCKOV-kapsule-100.jpg","width":734,"height":734,"caption":"Dorwest olje p\u0161eni\u010dnih kal\u010dkov"},{"@type":"BreadcrumbList","@id":"https:\/\/tetraktis.si\/en\/izdelek\/wheatgerm-oil-capsules-for-dogs-and-cats\/#breadcrumb","itemListElement":[{"@type":"ListItem","position":1,"name":"Shop","item":"https:\/\/tetraktis.si\/en\/shop-3\/"},{"@type":"ListItem","position":2,"name":"Dorwest Wheatgerm Oil Capsules For Dogs And Cats"}]},{"@type":"WebSite","@id":"https:\/\/tetraktis.si\/en\/#website","url":"https:\/\/tetraktis.si\/en\/","name":"Tetraktis- Equine America, Dorwest, Excel","description":"Samo najbolj\u0161e za va\u0161e \u017eivali","publisher":{"@id":"https:\/\/tetraktis.si\/en\/#organization"},"potentialAction":[{"@type":"SearchAction","target":{"@type":"EntryPoint","urlTemplate":"https:\/\/tetraktis.si\/en\/?s={search_term_string}"},"query-input":{"@type":"PropertyValueSpecification","valueRequired":true,"valueName":"search_term_string"}}],"inLanguage":"en-US"},{"@type":"Organization","@id":"https:\/\/tetraktis.si\/en\/#organization","name":"Tetraktis","url":"https:\/\/tetraktis.si\/en\/","logo":{"@type":"ImageObject","inLanguage":"en-US","@id":"https:\/\/tetraktis.si\/en\/#\/schema\/logo\/image\/","url":"https:\/\/tetraktis.si\/wp-content\/uploads\/2022\/06\/logo.webp","contentUrl":"https:\/\/tetraktis.si\/wp-content\/uploads\/2022\/06\/logo.webp","width":400,"height":211,"caption":"Tetraktis"},"image":{"@id":"https:\/\/tetraktis.si\/en\/#\/schema\/logo\/image\/"},"sameAs":["https:\/\/business.facebook.com\/equineamericashop\/?business_id=193323571192825","https:\/\/x.com\/TetraktisInfo","https:\/\/www.instagram.com\/tetraktisslovenija\/","https:\/\/www.youtube.com\/channel\/UCk_PdKMdtpZ4pf0RRFL1vYA"]}]}},"_links":{"self":[{"href":"https:\/\/tetraktis.si\/en\/wp-json\/wp\/v2\/product\/32592","targetHints":{"allow":["GET"]}}],"collection":[{"href":"https:\/\/tetraktis.si\/en\/wp-json\/wp\/v2\/product"}],"about":[{"href":"https:\/\/tetraktis.si\/en\/wp-json\/wp\/v2\/types\/product"}],"replies":[{"embeddable":true,"href":"https:\/\/tetraktis.si\/en\/wp-json\/wp\/v2\/comments?post=32592"}],"version-history":[{"count":1,"href":"https:\/\/tetraktis.si\/en\/wp-json\/wp\/v2\/product\/32592\/revisions"}],"predecessor-version":[{"id":37159,"href":"https:\/\/tetraktis.si\/en\/wp-json\/wp\/v2\/product\/32592\/revisions\/37159"}],"wp:featuredmedia":[{"embeddable":true,"href":"https:\/\/tetraktis.si\/en\/wp-json\/wp\/v2\/media\/25025"}],"wp:attachment":[{"href":"https:\/\/tetraktis.si\/en\/wp-json\/wp\/v2\/media?parent=32592"}],"wp:term":[{"taxonomy":"product_brand","embeddable":true,"href":"https:\/\/tetraktis.si\/en\/wp-json\/wp\/v2\/product_brand?post=32592"},{"taxonomy":"product_cat","embeddable":true,"href":"https:\/\/tetraktis.si\/en\/wp-json\/wp\/v2\/product_cat?post=32592"},{"taxonomy":"product_tag","embeddable":true,"href":"https:\/\/tetraktis.si\/en\/wp-json\/wp\/v2\/product_tag?post=32592"}],"curies":[{"name":"wp","href":"https:\/\/api.w.org\/{rel}","templated":true}]}}