{"id":32588,"date":"2022-04-27T15:59:19","date_gmt":"2022-04-27T13:59:19","guid":{"rendered":"https:\/\/cortaflex.si\/izdelek\/dorwest-omega-star-for-dogs\/"},"modified":"2023-03-28T08:59:30","modified_gmt":"2023-03-28T06:59:30","slug":"dorwest-omega-star-for-dogs","status":"publish","type":"product","link":"https:\/\/tetraktis.si\/en\/izdelek\/dorwest-omega-star-for-dogs\/","title":{"rendered":"Dorwest Omega Star For Dogs"},"content":{"rendered":"<h1>Dorwest Omega Star For Dogs<\/h1>\n<p>Omega Star For Dogs is a naturally balanced blend of Omega Oils containing superior natural ingredients.<\/p>\n<p>UK grown cold pressed Flax Seed Oil provides high levels of Omega 3 &amp; 6 oils. These are important in regulating skin renewal, keeping scurfiness under control, and improving coat condition and quality.<\/p>\n<ul>\n<li><strong>Blackcurrant Seed Oil<\/strong> is a potent mix of significant Omega 3 and 6 oils including an Omega 3 rarely found in nature, with unique properties to help soothe sensitive skins. The combination of Omega 3 fatty acids in this oil is perfect to help thin, poor coats.<\/li>\n<li><strong>Borage Seed Oil<\/strong> (Starflower) is highly regarded as one of the richest sources of Omega 6 GLA, which is known to help coat growth and improve skin conditions. Natural Vitamin E is a well-known anti-oxidant from natural sources, perfect for maintaining the skin&#8217;s defenses.<\/li>\n<\/ul>\n<h2>Acting together, this carefully created blend of nutritious oils effectively moisturizes, calms, and nourishes the skin moisture barrier and helps restore coat shine, and supports quality coat growth.<\/h2>\n<p><strong>Administration:<\/strong><\/p>\n<ul>\n<li>Small dogs &lt;10kgs: 2.5ml<\/li>\n<li>Medium dogs 10-25kgs: 5ml<\/li>\n<li>Large dogs 25-45kg: 7.5ml<\/li>\n<li>Giant dogs &gt;45kgs: 10ml<\/li>\n<\/ul>\n<p>Add to your dog&#8217;s food, start by using a smaller dose for the first few days and increasing to the recommended quantity. Can be administered directly into the mouth using an oral syringe.<\/p>\n<p><strong>Ingredients:<\/strong> Pure unrefined Flax seed oil, Borage seed oil, Blackcurrant seed oil, and natural Vitamin E (0.5%). Uk sourced ingredients.<\/p>\n<p>Can be used during pregnancy?: No<\/p>\n<p>Can be used during lactation?: No<\/p>\n<p>Interactions: Can be given in conjunction with any medication.<\/p>\n<p>Special Warnings: This special blend of oils can be degraded by oxygen and sunlight. Therefore this bottle has an integrated oxygen barrier and is also dark and opaque to limit sunlight exposure. Please ensure the lid is tightly closed after use. Refrigeration will help prevent oil degradation but please shake before use.<\/p>\n<p>Check for other great Dorwest products in <a href=\"https:\/\/www.tetraktis.si\/en\/product-category\/dogs-cats\/dorwest-herbs\/\">our shop<\/a>!<\/p>\n<p>Producer of\u00a0Omega Star For Dogs: <a href=\"https:\/\/www.dorwest.com\/\">Dorwest Ltd<\/a>, Uk.<\/p>\n<p><a href=\"https:\/\/www.dorwest.com\/\">Dorwest<\/a> is an expert in herbal pet care. They take the word \u2018expert\u2019 very seriously. It\u2019s taken years of experience, a wealth of knowledge, and working to only the highest standards to become the UK\u2019s leading provider of canine and feline herbal supplements.<\/p>\n<p>Dorwest is the leading authority on veterinary herbal supplements which they have been producing for over 70 years.<\/p>\n","protected":false},"excerpt":{"rendered":"<p>Omega Star\u00ae for dogs provides plant based omega enrichment for nourished skin and a quality coat.<\/p>\n","protected":false},"featured_media":25019,"comment_status":"open","ping_status":"closed","template":"","meta":[],"product_brand":[],"product_cat":[3323,3336],"product_tag":[],"class_list":{"0":"post-32588","1":"product","2":"type-product","3":"status-publish","4":"has-post-thumbnail","6":"product_cat-dogs-cats","7":"product_cat-pasja-dlaka-in-koza-en","10":"first","11":"onbackorder","12":"taxable","13":"shipping-taxable","14":"purchasable","15":"product-type-simple"},"yoast_head":"<!-- This site is optimized with the Yoast SEO Premium plugin v20.10 (Yoast SEO v27.3) - https:\/\/yoast.com\/product\/yoast-seo-premium-wordpress\/ -->\n<title>Dorwest Omega Star For Dogs - high levels of Omega 3 &amp; 6 oils<\/title>\n<meta name=\"description\" content=\"Omega Star for dogs effectively moisturizes, soothes and nourishes the skin and helps restore the shine and growth of the coat.\" \/>\n<meta name=\"robots\" content=\"index, follow, max-snippet:-1, max-image-preview:large, max-video-preview:-1\" \/>\n<link rel=\"canonical\" href=\"https:\/\/tetraktis.si\/en\/izdelek\/dorwest-omega-star-for-dogs\/\" \/>\n<meta property=\"og:locale\" content=\"en_US\" \/>\n<meta property=\"og:type\" content=\"article\" \/>\n<meta property=\"og:title\" content=\"Dorwest Omega Star For Dogs - high levels of Omega 3 &amp; 6 oils\" \/>\n<meta property=\"og:description\" content=\"Omega Star for dogs effectively moisturizes, soothes and nourishes the skin and helps restore the shine and growth of the coat.\" \/>\n<meta property=\"og:url\" content=\"https:\/\/tetraktis.si\/en\/izdelek\/dorwest-omega-star-for-dogs\/\" \/>\n<meta property=\"og:site_name\" content=\"Tetraktis- Equine America, Dorwest, Excel\" \/>\n<meta property=\"article:publisher\" content=\"https:\/\/business.facebook.com\/equineamericashop\/?business_id=193323571192825\" \/>\n<meta property=\"article:modified_time\" content=\"2023-03-28T06:59:30+00:00\" \/>\n<meta property=\"og:image\" content=\"https:\/\/tetraktis.si\/wp-content\/uploads\/2022\/04\/Dorwest-omega-star.jpg\" \/>\n\t<meta property=\"og:image:width\" content=\"734\" \/>\n\t<meta property=\"og:image:height\" content=\"734\" \/>\n\t<meta property=\"og:image:type\" content=\"image\/jpeg\" \/>\n<meta name=\"twitter:card\" content=\"summary_large_image\" \/>\n<meta name=\"twitter:site\" content=\"@TetraktisInfo\" \/>\n<meta name=\"twitter:label1\" content=\"Est. reading time\" \/>\n\t<meta name=\"twitter:data1\" content=\"2 minutes\" \/>\n<script type=\"application\/ld+json\" class=\"yoast-schema-graph\">{\"@context\":\"https:\\\/\\\/schema.org\",\"@graph\":[{\"@type\":\"WebPage\",\"@id\":\"https:\\\/\\\/tetraktis.si\\\/en\\\/izdelek\\\/dorwest-omega-star-for-dogs\\\/\",\"url\":\"https:\\\/\\\/tetraktis.si\\\/en\\\/izdelek\\\/dorwest-omega-star-for-dogs\\\/\",\"name\":\"Dorwest Omega Star For Dogs - high levels of Omega 3 & 6 oils\",\"isPartOf\":{\"@id\":\"https:\\\/\\\/tetraktis.si\\\/en\\\/#website\"},\"primaryImageOfPage\":{\"@id\":\"https:\\\/\\\/tetraktis.si\\\/en\\\/izdelek\\\/dorwest-omega-star-for-dogs\\\/#primaryimage\"},\"image\":{\"@id\":\"https:\\\/\\\/tetraktis.si\\\/en\\\/izdelek\\\/dorwest-omega-star-for-dogs\\\/#primaryimage\"},\"thumbnailUrl\":\"https:\\\/\\\/tetraktis.si\\\/wp-content\\\/uploads\\\/2022\\\/04\\\/Dorwest-omega-star.jpg\",\"datePublished\":\"2022-04-27T13:59:19+00:00\",\"dateModified\":\"2023-03-28T06:59:30+00:00\",\"description\":\"Omega Star for dogs effectively moisturizes, soothes and nourishes the skin and helps restore the shine and growth of the coat.\",\"breadcrumb\":{\"@id\":\"https:\\\/\\\/tetraktis.si\\\/en\\\/izdelek\\\/dorwest-omega-star-for-dogs\\\/#breadcrumb\"},\"inLanguage\":\"en-US\",\"potentialAction\":[{\"@type\":\"ReadAction\",\"target\":[\"https:\\\/\\\/tetraktis.si\\\/en\\\/izdelek\\\/dorwest-omega-star-for-dogs\\\/\"]}]},{\"@type\":\"ImageObject\",\"inLanguage\":\"en-US\",\"@id\":\"https:\\\/\\\/tetraktis.si\\\/en\\\/izdelek\\\/dorwest-omega-star-for-dogs\\\/#primaryimage\",\"url\":\"https:\\\/\\\/tetraktis.si\\\/wp-content\\\/uploads\\\/2022\\\/04\\\/Dorwest-omega-star.jpg\",\"contentUrl\":\"https:\\\/\\\/tetraktis.si\\\/wp-content\\\/uploads\\\/2022\\\/04\\\/Dorwest-omega-star.jpg\",\"width\":734,\"height\":734},{\"@type\":\"BreadcrumbList\",\"@id\":\"https:\\\/\\\/tetraktis.si\\\/en\\\/izdelek\\\/dorwest-omega-star-for-dogs\\\/#breadcrumb\",\"itemListElement\":[{\"@type\":\"ListItem\",\"position\":1,\"name\":\"Shop\",\"item\":\"https:\\\/\\\/tetraktis.si\\\/en\\\/shop-3\\\/\"},{\"@type\":\"ListItem\",\"position\":2,\"name\":\"Dorwest Omega Star For Dogs\"}]},{\"@type\":\"WebSite\",\"@id\":\"https:\\\/\\\/tetraktis.si\\\/en\\\/#website\",\"url\":\"https:\\\/\\\/tetraktis.si\\\/en\\\/\",\"name\":\"Tetraktis- Equine America, Dorwest, Excel\",\"description\":\"Samo najbolj\u0161e za va\u0161e \u017eivali\",\"publisher\":{\"@id\":\"https:\\\/\\\/tetraktis.si\\\/en\\\/#organization\"},\"potentialAction\":[{\"@type\":\"SearchAction\",\"target\":{\"@type\":\"EntryPoint\",\"urlTemplate\":\"https:\\\/\\\/tetraktis.si\\\/en\\\/?s={search_term_string}\"},\"query-input\":{\"@type\":\"PropertyValueSpecification\",\"valueRequired\":true,\"valueName\":\"search_term_string\"}}],\"inLanguage\":\"en-US\"},{\"@type\":\"Organization\",\"@id\":\"https:\\\/\\\/tetraktis.si\\\/en\\\/#organization\",\"name\":\"Tetraktis\",\"url\":\"https:\\\/\\\/tetraktis.si\\\/en\\\/\",\"logo\":{\"@type\":\"ImageObject\",\"inLanguage\":\"en-US\",\"@id\":\"https:\\\/\\\/tetraktis.si\\\/en\\\/#\\\/schema\\\/logo\\\/image\\\/\",\"url\":\"https:\\\/\\\/tetraktis.si\\\/wp-content\\\/uploads\\\/2022\\\/06\\\/logo.webp\",\"contentUrl\":\"https:\\\/\\\/tetraktis.si\\\/wp-content\\\/uploads\\\/2022\\\/06\\\/logo.webp\",\"width\":400,\"height\":211,\"caption\":\"Tetraktis\"},\"image\":{\"@id\":\"https:\\\/\\\/tetraktis.si\\\/en\\\/#\\\/schema\\\/logo\\\/image\\\/\"},\"sameAs\":[\"https:\\\/\\\/business.facebook.com\\\/equineamericashop\\\/?business_id=193323571192825\",\"https:\\\/\\\/x.com\\\/TetraktisInfo\",\"https:\\\/\\\/www.instagram.com\\\/tetraktisslovenija\\\/\",\"https:\\\/\\\/www.youtube.com\\\/channel\\\/UCk_PdKMdtpZ4pf0RRFL1vYA\"]}]}<\/script>\n<!-- \/ Yoast SEO Premium plugin. -->","yoast_head_json":{"title":"Dorwest Omega Star For Dogs - high levels of Omega 3 & 6 oils","description":"Omega Star for dogs effectively moisturizes, soothes and nourishes the skin and helps restore the shine and growth of the coat.","robots":{"index":"index","follow":"follow","max-snippet":"max-snippet:-1","max-image-preview":"max-image-preview:large","max-video-preview":"max-video-preview:-1"},"canonical":"https:\/\/tetraktis.si\/en\/izdelek\/dorwest-omega-star-for-dogs\/","og_locale":"en_US","og_type":"article","og_title":"Dorwest Omega Star For Dogs - high levels of Omega 3 & 6 oils","og_description":"Omega Star for dogs effectively moisturizes, soothes and nourishes the skin and helps restore the shine and growth of the coat.","og_url":"https:\/\/tetraktis.si\/en\/izdelek\/dorwest-omega-star-for-dogs\/","og_site_name":"Tetraktis- Equine America, Dorwest, Excel","article_publisher":"https:\/\/business.facebook.com\/equineamericashop\/?business_id=193323571192825","article_modified_time":"2023-03-28T06:59:30+00:00","og_image":[{"width":734,"height":734,"url":"https:\/\/tetraktis.si\/wp-content\/uploads\/2022\/04\/Dorwest-omega-star.jpg","type":"image\/jpeg"}],"twitter_card":"summary_large_image","twitter_site":"@TetraktisInfo","twitter_misc":{"Est. reading time":"2 minutes"},"schema":{"@context":"https:\/\/schema.org","@graph":[{"@type":"WebPage","@id":"https:\/\/tetraktis.si\/en\/izdelek\/dorwest-omega-star-for-dogs\/","url":"https:\/\/tetraktis.si\/en\/izdelek\/dorwest-omega-star-for-dogs\/","name":"Dorwest Omega Star For Dogs - high levels of Omega 3 & 6 oils","isPartOf":{"@id":"https:\/\/tetraktis.si\/en\/#website"},"primaryImageOfPage":{"@id":"https:\/\/tetraktis.si\/en\/izdelek\/dorwest-omega-star-for-dogs\/#primaryimage"},"image":{"@id":"https:\/\/tetraktis.si\/en\/izdelek\/dorwest-omega-star-for-dogs\/#primaryimage"},"thumbnailUrl":"https:\/\/tetraktis.si\/wp-content\/uploads\/2022\/04\/Dorwest-omega-star.jpg","datePublished":"2022-04-27T13:59:19+00:00","dateModified":"2023-03-28T06:59:30+00:00","description":"Omega Star for dogs effectively moisturizes, soothes and nourishes the skin and helps restore the shine and growth of the coat.","breadcrumb":{"@id":"https:\/\/tetraktis.si\/en\/izdelek\/dorwest-omega-star-for-dogs\/#breadcrumb"},"inLanguage":"en-US","potentialAction":[{"@type":"ReadAction","target":["https:\/\/tetraktis.si\/en\/izdelek\/dorwest-omega-star-for-dogs\/"]}]},{"@type":"ImageObject","inLanguage":"en-US","@id":"https:\/\/tetraktis.si\/en\/izdelek\/dorwest-omega-star-for-dogs\/#primaryimage","url":"https:\/\/tetraktis.si\/wp-content\/uploads\/2022\/04\/Dorwest-omega-star.jpg","contentUrl":"https:\/\/tetraktis.si\/wp-content\/uploads\/2022\/04\/Dorwest-omega-star.jpg","width":734,"height":734},{"@type":"BreadcrumbList","@id":"https:\/\/tetraktis.si\/en\/izdelek\/dorwest-omega-star-for-dogs\/#breadcrumb","itemListElement":[{"@type":"ListItem","position":1,"name":"Shop","item":"https:\/\/tetraktis.si\/en\/shop-3\/"},{"@type":"ListItem","position":2,"name":"Dorwest Omega Star For Dogs"}]},{"@type":"WebSite","@id":"https:\/\/tetraktis.si\/en\/#website","url":"https:\/\/tetraktis.si\/en\/","name":"Tetraktis- Equine America, Dorwest, Excel","description":"Samo najbolj\u0161e za va\u0161e \u017eivali","publisher":{"@id":"https:\/\/tetraktis.si\/en\/#organization"},"potentialAction":[{"@type":"SearchAction","target":{"@type":"EntryPoint","urlTemplate":"https:\/\/tetraktis.si\/en\/?s={search_term_string}"},"query-input":{"@type":"PropertyValueSpecification","valueRequired":true,"valueName":"search_term_string"}}],"inLanguage":"en-US"},{"@type":"Organization","@id":"https:\/\/tetraktis.si\/en\/#organization","name":"Tetraktis","url":"https:\/\/tetraktis.si\/en\/","logo":{"@type":"ImageObject","inLanguage":"en-US","@id":"https:\/\/tetraktis.si\/en\/#\/schema\/logo\/image\/","url":"https:\/\/tetraktis.si\/wp-content\/uploads\/2022\/06\/logo.webp","contentUrl":"https:\/\/tetraktis.si\/wp-content\/uploads\/2022\/06\/logo.webp","width":400,"height":211,"caption":"Tetraktis"},"image":{"@id":"https:\/\/tetraktis.si\/en\/#\/schema\/logo\/image\/"},"sameAs":["https:\/\/business.facebook.com\/equineamericashop\/?business_id=193323571192825","https:\/\/x.com\/TetraktisInfo","https:\/\/www.instagram.com\/tetraktisslovenija\/","https:\/\/www.youtube.com\/channel\/UCk_PdKMdtpZ4pf0RRFL1vYA"]}]}},"_links":{"self":[{"href":"https:\/\/tetraktis.si\/en\/wp-json\/wp\/v2\/product\/32588","targetHints":{"allow":["GET"]}}],"collection":[{"href":"https:\/\/tetraktis.si\/en\/wp-json\/wp\/v2\/product"}],"about":[{"href":"https:\/\/tetraktis.si\/en\/wp-json\/wp\/v2\/types\/product"}],"replies":[{"embeddable":true,"href":"https:\/\/tetraktis.si\/en\/wp-json\/wp\/v2\/comments?post=32588"}],"version-history":[{"count":1,"href":"https:\/\/tetraktis.si\/en\/wp-json\/wp\/v2\/product\/32588\/revisions"}],"predecessor-version":[{"id":37157,"href":"https:\/\/tetraktis.si\/en\/wp-json\/wp\/v2\/product\/32588\/revisions\/37157"}],"wp:featuredmedia":[{"embeddable":true,"href":"https:\/\/tetraktis.si\/en\/wp-json\/wp\/v2\/media\/25019"}],"wp:attachment":[{"href":"https:\/\/tetraktis.si\/en\/wp-json\/wp\/v2\/media?parent=32588"}],"wp:term":[{"taxonomy":"product_brand","embeddable":true,"href":"https:\/\/tetraktis.si\/en\/wp-json\/wp\/v2\/product_brand?post=32588"},{"taxonomy":"product_cat","embeddable":true,"href":"https:\/\/tetraktis.si\/en\/wp-json\/wp\/v2\/product_cat?post=32588"},{"taxonomy":"product_tag","embeddable":true,"href":"https:\/\/tetraktis.si\/en\/wp-json\/wp\/v2\/product_tag?post=32588"}],"curies":[{"name":"wp","href":"https:\/\/api.w.org\/{rel}","templated":true}]}}