{"id":32583,"date":"2022-04-27T15:59:46","date_gmt":"2022-04-27T13:59:46","guid":{"rendered":"https:\/\/cortaflex.si\/izdelek\/udder-wipes-160-sheets\/"},"modified":"2023-03-28T08:59:16","modified_gmt":"2023-03-28T06:59:16","slug":"udder-wipes-160-sheets","status":"publish","type":"product","link":"https:\/\/tetraktis.si\/en\/izdelek\/udder-wipes-160-sheets\/","title":{"rendered":"Udder Wipes &#8211; 160 sheets"},"content":{"rendered":"<h1>Udder Wipes<\/h1>\n<p>Udder Wipes are used for the routine cleansing and disinfection of the udder and teats prior to milking. They also have many other uses around the house, smallholding or farm, including cleaning of surfaces and mopping up after &#8216;accidents&#8217;!<\/p>\n<p>Simple and hygienic to use, these wipes contain high levels of 2 powerful bactericides &#8211; cetrimide and chlorhexidine &#8211; to help prevent the transfer of bacteria, especially via the milker&#8217;s hands.<\/p>\n<p>They are unperfumed and contain low levels of alcohol to assist in cleansing the skin without causing excess cooling. There is also lanolin and other emollients included in the formulation to ensure that the udder and teats are maintained in excellent condition with additional protection against soreness and chapping.<\/p>\n<p>Each canister contains 160 full-sized wipes, with each sheet measuring 200 x 220mm (7.9 x 8.6 inches). The canisters are provided with a re-sealable overcap to maintain freshness and keep wipes moist and clean.<\/p>\n<p>Manufacturer <a href=\"https:\/\/gnltd.co.uk\/\">Goat Nutrition Ltd<\/a> with over 35 years of expertise, they specialize in products specifically designed for small farmers and cheesemakers. They are proud of the quality of their products.<\/p>\n<p>Check for other great goat products in\u00a0<a href=\"https:\/\/www.tetraktis.si\/en\/product-category\/goats-sheeps\/\">our shop<\/a>!<\/p>\n<p>&nbsp;<\/p>\n","protected":false},"excerpt":{"rendered":"<p>They help clean the skin and keep the udder and pacifier in excellent condition with additional protection for the skin from cracks.<\/p>\n<p>Of course, easy and hygienic to use \ud83d\ude42<\/p>\n<p>&nbsp;<\/p>\n","protected":false},"featured_media":25067,"comment_status":"open","ping_status":"closed","template":"","meta":[],"product_brand":[330],"product_cat":[3333],"product_tag":[],"class_list":{"0":"post-32583","1":"product","2":"type-product","3":"status-publish","4":"has-post-thumbnail","6":"product_brand-goat-nutrition","7":"product_cat-goats-sheeps","10":"first","11":"outofstock","12":"taxable","13":"shipping-taxable","14":"purchasable","15":"product-type-simple"},"yoast_head":"<!-- This site is optimized with the Yoast SEO Premium plugin v20.10 (Yoast SEO v27.3) - https:\/\/yoast.com\/product\/yoast-seo-premium-wordpress\/ -->\n<title>Udder Wipes - 160 sheets Disinfectant wipes by Goat Nutrition Ltd<\/title>\n<meta name=\"description\" content=\"Udder Wipes with 2 levels of strong bactericides - cetrimide and chlorhexidine - to prevent the transmission of bacteria!\" \/>\n<meta name=\"robots\" content=\"index, follow, max-snippet:-1, max-image-preview:large, max-video-preview:-1\" \/>\n<link rel=\"canonical\" href=\"https:\/\/tetraktis.si\/en\/izdelek\/udder-wipes-160-sheets\/\" \/>\n<meta property=\"og:locale\" content=\"en_US\" \/>\n<meta property=\"og:type\" content=\"article\" \/>\n<meta property=\"og:title\" content=\"Udder Wipes - 160 sheets Disinfectant wipes by Goat Nutrition Ltd\" \/>\n<meta property=\"og:description\" content=\"Udder Wipes with 2 levels of strong bactericides - cetrimide and chlorhexidine - to prevent the transmission of bacteria!\" \/>\n<meta property=\"og:url\" content=\"https:\/\/tetraktis.si\/en\/izdelek\/udder-wipes-160-sheets\/\" \/>\n<meta property=\"og:site_name\" content=\"Tetraktis- Equine America, Dorwest, Excel\" \/>\n<meta property=\"article:publisher\" content=\"https:\/\/business.facebook.com\/equineamericashop\/?business_id=193323571192825\" \/>\n<meta property=\"article:modified_time\" content=\"2023-03-28T06:59:16+00:00\" \/>\n<meta property=\"og:image\" content=\"https:\/\/tetraktis.si\/wp-content\/uploads\/2022\/04\/Robcki-za-ciscenje-vimena-pred-molzo.jpg\" \/>\n\t<meta property=\"og:image:width\" content=\"360\" \/>\n\t<meta property=\"og:image:height\" content=\"360\" \/>\n\t<meta property=\"og:image:type\" content=\"image\/jpeg\" \/>\n<meta name=\"twitter:card\" content=\"summary_large_image\" \/>\n<meta name=\"twitter:site\" content=\"@TetraktisInfo\" \/>\n<meta name=\"twitter:label1\" content=\"Est. reading time\" \/>\n\t<meta name=\"twitter:data1\" content=\"1 minute\" \/>\n<script type=\"application\/ld+json\" class=\"yoast-schema-graph\">{\"@context\":\"https:\\\/\\\/schema.org\",\"@graph\":[{\"@type\":\"WebPage\",\"@id\":\"https:\\\/\\\/tetraktis.si\\\/en\\\/izdelek\\\/udder-wipes-160-sheets\\\/\",\"url\":\"https:\\\/\\\/tetraktis.si\\\/en\\\/izdelek\\\/udder-wipes-160-sheets\\\/\",\"name\":\"Udder Wipes - 160 sheets Disinfectant wipes by Goat Nutrition Ltd\",\"isPartOf\":{\"@id\":\"https:\\\/\\\/tetraktis.si\\\/en\\\/#website\"},\"primaryImageOfPage\":{\"@id\":\"https:\\\/\\\/tetraktis.si\\\/en\\\/izdelek\\\/udder-wipes-160-sheets\\\/#primaryimage\"},\"image\":{\"@id\":\"https:\\\/\\\/tetraktis.si\\\/en\\\/izdelek\\\/udder-wipes-160-sheets\\\/#primaryimage\"},\"thumbnailUrl\":\"https:\\\/\\\/tetraktis.si\\\/wp-content\\\/uploads\\\/2022\\\/04\\\/Robcki-za-ciscenje-vimena-pred-molzo.jpg\",\"datePublished\":\"2022-04-27T13:59:46+00:00\",\"dateModified\":\"2023-03-28T06:59:16+00:00\",\"description\":\"Udder Wipes with 2 levels of strong bactericides - cetrimide and chlorhexidine - to prevent the transmission of bacteria!\",\"breadcrumb\":{\"@id\":\"https:\\\/\\\/tetraktis.si\\\/en\\\/izdelek\\\/udder-wipes-160-sheets\\\/#breadcrumb\"},\"inLanguage\":\"en-US\",\"potentialAction\":[{\"@type\":\"ReadAction\",\"target\":[\"https:\\\/\\\/tetraktis.si\\\/en\\\/izdelek\\\/udder-wipes-160-sheets\\\/\"]}]},{\"@type\":\"ImageObject\",\"inLanguage\":\"en-US\",\"@id\":\"https:\\\/\\\/tetraktis.si\\\/en\\\/izdelek\\\/udder-wipes-160-sheets\\\/#primaryimage\",\"url\":\"https:\\\/\\\/tetraktis.si\\\/wp-content\\\/uploads\\\/2022\\\/04\\\/Robcki-za-ciscenje-vimena-pred-molzo.jpg\",\"contentUrl\":\"https:\\\/\\\/tetraktis.si\\\/wp-content\\\/uploads\\\/2022\\\/04\\\/Robcki-za-ciscenje-vimena-pred-molzo.jpg\",\"width\":360,\"height\":360},{\"@type\":\"BreadcrumbList\",\"@id\":\"https:\\\/\\\/tetraktis.si\\\/en\\\/izdelek\\\/udder-wipes-160-sheets\\\/#breadcrumb\",\"itemListElement\":[{\"@type\":\"ListItem\",\"position\":1,\"name\":\"Shop\",\"item\":\"https:\\\/\\\/tetraktis.si\\\/en\\\/shop-3\\\/\"},{\"@type\":\"ListItem\",\"position\":2,\"name\":\"Udder Wipes &#8211; 160 sheets\"}]},{\"@type\":\"WebSite\",\"@id\":\"https:\\\/\\\/tetraktis.si\\\/en\\\/#website\",\"url\":\"https:\\\/\\\/tetraktis.si\\\/en\\\/\",\"name\":\"Tetraktis- Equine America, Dorwest, Excel\",\"description\":\"Samo najbolj\u0161e za va\u0161e \u017eivali\",\"publisher\":{\"@id\":\"https:\\\/\\\/tetraktis.si\\\/en\\\/#organization\"},\"potentialAction\":[{\"@type\":\"SearchAction\",\"target\":{\"@type\":\"EntryPoint\",\"urlTemplate\":\"https:\\\/\\\/tetraktis.si\\\/en\\\/?s={search_term_string}\"},\"query-input\":{\"@type\":\"PropertyValueSpecification\",\"valueRequired\":true,\"valueName\":\"search_term_string\"}}],\"inLanguage\":\"en-US\"},{\"@type\":\"Organization\",\"@id\":\"https:\\\/\\\/tetraktis.si\\\/en\\\/#organization\",\"name\":\"Tetraktis\",\"url\":\"https:\\\/\\\/tetraktis.si\\\/en\\\/\",\"logo\":{\"@type\":\"ImageObject\",\"inLanguage\":\"en-US\",\"@id\":\"https:\\\/\\\/tetraktis.si\\\/en\\\/#\\\/schema\\\/logo\\\/image\\\/\",\"url\":\"https:\\\/\\\/tetraktis.si\\\/wp-content\\\/uploads\\\/2022\\\/06\\\/logo.webp\",\"contentUrl\":\"https:\\\/\\\/tetraktis.si\\\/wp-content\\\/uploads\\\/2022\\\/06\\\/logo.webp\",\"width\":400,\"height\":211,\"caption\":\"Tetraktis\"},\"image\":{\"@id\":\"https:\\\/\\\/tetraktis.si\\\/en\\\/#\\\/schema\\\/logo\\\/image\\\/\"},\"sameAs\":[\"https:\\\/\\\/business.facebook.com\\\/equineamericashop\\\/?business_id=193323571192825\",\"https:\\\/\\\/x.com\\\/TetraktisInfo\",\"https:\\\/\\\/www.instagram.com\\\/tetraktisslovenija\\\/\",\"https:\\\/\\\/www.youtube.com\\\/channel\\\/UCk_PdKMdtpZ4pf0RRFL1vYA\"]}]}<\/script>\n<!-- \/ Yoast SEO Premium plugin. -->","yoast_head_json":{"title":"Udder Wipes - 160 sheets Disinfectant wipes by Goat Nutrition Ltd","description":"Udder Wipes with 2 levels of strong bactericides - cetrimide and chlorhexidine - to prevent the transmission of bacteria!","robots":{"index":"index","follow":"follow","max-snippet":"max-snippet:-1","max-image-preview":"max-image-preview:large","max-video-preview":"max-video-preview:-1"},"canonical":"https:\/\/tetraktis.si\/en\/izdelek\/udder-wipes-160-sheets\/","og_locale":"en_US","og_type":"article","og_title":"Udder Wipes - 160 sheets Disinfectant wipes by Goat Nutrition Ltd","og_description":"Udder Wipes with 2 levels of strong bactericides - cetrimide and chlorhexidine - to prevent the transmission of bacteria!","og_url":"https:\/\/tetraktis.si\/en\/izdelek\/udder-wipes-160-sheets\/","og_site_name":"Tetraktis- Equine America, Dorwest, Excel","article_publisher":"https:\/\/business.facebook.com\/equineamericashop\/?business_id=193323571192825","article_modified_time":"2023-03-28T06:59:16+00:00","og_image":[{"width":360,"height":360,"url":"https:\/\/tetraktis.si\/wp-content\/uploads\/2022\/04\/Robcki-za-ciscenje-vimena-pred-molzo.jpg","type":"image\/jpeg"}],"twitter_card":"summary_large_image","twitter_site":"@TetraktisInfo","twitter_misc":{"Est. reading time":"1 minute"},"schema":{"@context":"https:\/\/schema.org","@graph":[{"@type":"WebPage","@id":"https:\/\/tetraktis.si\/en\/izdelek\/udder-wipes-160-sheets\/","url":"https:\/\/tetraktis.si\/en\/izdelek\/udder-wipes-160-sheets\/","name":"Udder Wipes - 160 sheets Disinfectant wipes by Goat Nutrition Ltd","isPartOf":{"@id":"https:\/\/tetraktis.si\/en\/#website"},"primaryImageOfPage":{"@id":"https:\/\/tetraktis.si\/en\/izdelek\/udder-wipes-160-sheets\/#primaryimage"},"image":{"@id":"https:\/\/tetraktis.si\/en\/izdelek\/udder-wipes-160-sheets\/#primaryimage"},"thumbnailUrl":"https:\/\/tetraktis.si\/wp-content\/uploads\/2022\/04\/Robcki-za-ciscenje-vimena-pred-molzo.jpg","datePublished":"2022-04-27T13:59:46+00:00","dateModified":"2023-03-28T06:59:16+00:00","description":"Udder Wipes with 2 levels of strong bactericides - cetrimide and chlorhexidine - to prevent the transmission of bacteria!","breadcrumb":{"@id":"https:\/\/tetraktis.si\/en\/izdelek\/udder-wipes-160-sheets\/#breadcrumb"},"inLanguage":"en-US","potentialAction":[{"@type":"ReadAction","target":["https:\/\/tetraktis.si\/en\/izdelek\/udder-wipes-160-sheets\/"]}]},{"@type":"ImageObject","inLanguage":"en-US","@id":"https:\/\/tetraktis.si\/en\/izdelek\/udder-wipes-160-sheets\/#primaryimage","url":"https:\/\/tetraktis.si\/wp-content\/uploads\/2022\/04\/Robcki-za-ciscenje-vimena-pred-molzo.jpg","contentUrl":"https:\/\/tetraktis.si\/wp-content\/uploads\/2022\/04\/Robcki-za-ciscenje-vimena-pred-molzo.jpg","width":360,"height":360},{"@type":"BreadcrumbList","@id":"https:\/\/tetraktis.si\/en\/izdelek\/udder-wipes-160-sheets\/#breadcrumb","itemListElement":[{"@type":"ListItem","position":1,"name":"Shop","item":"https:\/\/tetraktis.si\/en\/shop-3\/"},{"@type":"ListItem","position":2,"name":"Udder Wipes &#8211; 160 sheets"}]},{"@type":"WebSite","@id":"https:\/\/tetraktis.si\/en\/#website","url":"https:\/\/tetraktis.si\/en\/","name":"Tetraktis- Equine America, Dorwest, Excel","description":"Samo najbolj\u0161e za va\u0161e \u017eivali","publisher":{"@id":"https:\/\/tetraktis.si\/en\/#organization"},"potentialAction":[{"@type":"SearchAction","target":{"@type":"EntryPoint","urlTemplate":"https:\/\/tetraktis.si\/en\/?s={search_term_string}"},"query-input":{"@type":"PropertyValueSpecification","valueRequired":true,"valueName":"search_term_string"}}],"inLanguage":"en-US"},{"@type":"Organization","@id":"https:\/\/tetraktis.si\/en\/#organization","name":"Tetraktis","url":"https:\/\/tetraktis.si\/en\/","logo":{"@type":"ImageObject","inLanguage":"en-US","@id":"https:\/\/tetraktis.si\/en\/#\/schema\/logo\/image\/","url":"https:\/\/tetraktis.si\/wp-content\/uploads\/2022\/06\/logo.webp","contentUrl":"https:\/\/tetraktis.si\/wp-content\/uploads\/2022\/06\/logo.webp","width":400,"height":211,"caption":"Tetraktis"},"image":{"@id":"https:\/\/tetraktis.si\/en\/#\/schema\/logo\/image\/"},"sameAs":["https:\/\/business.facebook.com\/equineamericashop\/?business_id=193323571192825","https:\/\/x.com\/TetraktisInfo","https:\/\/www.instagram.com\/tetraktisslovenija\/","https:\/\/www.youtube.com\/channel\/UCk_PdKMdtpZ4pf0RRFL1vYA"]}]}},"_links":{"self":[{"href":"https:\/\/tetraktis.si\/en\/wp-json\/wp\/v2\/product\/32583","targetHints":{"allow":["GET"]}}],"collection":[{"href":"https:\/\/tetraktis.si\/en\/wp-json\/wp\/v2\/product"}],"about":[{"href":"https:\/\/tetraktis.si\/en\/wp-json\/wp\/v2\/types\/product"}],"replies":[{"embeddable":true,"href":"https:\/\/tetraktis.si\/en\/wp-json\/wp\/v2\/comments?post=32583"}],"version-history":[{"count":1,"href":"https:\/\/tetraktis.si\/en\/wp-json\/wp\/v2\/product\/32583\/revisions"}],"predecessor-version":[{"id":37154,"href":"https:\/\/tetraktis.si\/en\/wp-json\/wp\/v2\/product\/32583\/revisions\/37154"}],"wp:featuredmedia":[{"embeddable":true,"href":"https:\/\/tetraktis.si\/en\/wp-json\/wp\/v2\/media\/25067"}],"wp:attachment":[{"href":"https:\/\/tetraktis.si\/en\/wp-json\/wp\/v2\/media?parent=32583"}],"wp:term":[{"taxonomy":"product_brand","embeddable":true,"href":"https:\/\/tetraktis.si\/en\/wp-json\/wp\/v2\/product_brand?post=32583"},{"taxonomy":"product_cat","embeddable":true,"href":"https:\/\/tetraktis.si\/en\/wp-json\/wp\/v2\/product_cat?post=32583"},{"taxonomy":"product_tag","embeddable":true,"href":"https:\/\/tetraktis.si\/en\/wp-json\/wp\/v2\/product_tag?post=32583"}],"curies":[{"name":"wp","href":"https:\/\/api.w.org\/{rel}","templated":true}]}}