{"id":32578,"date":"2022-04-27T15:59:46","date_gmt":"2022-04-27T13:59:46","guid":{"rendered":"https:\/\/cortaflex.si\/izdelek\/caprivite-vitamin-mineral-feed-supplement-for-goats\/"},"modified":"2023-03-28T08:59:09","modified_gmt":"2023-03-28T06:59:09","slug":"caprivite-vitamin-mineral-feed-supplement-for-goats","status":"publish","type":"product","link":"https:\/\/tetraktis.si\/en\/izdelek\/caprivite-vitamin-mineral-feed-supplement-for-goats\/","title":{"rendered":"Caprivite Vitamin Mineral Feed Supplement for Goats"},"content":{"rendered":"<h1 class=\"h2\">Caprivite Vitamin Mineral Feed Supplement for Goats<\/h1>\n<p>Caprivite Vitamin Mineral feed supplement is formulated from the latest worldwide nutritional research. Caprivite provides vitamins, minerals and trace elements essential to optimum health, milk yield and performance.<\/p>\n<p>Caprivite is highly palatable and the unique apple flavouring on a cereal base ensures long-term acceptance.<\/p>\n<h2>The major vitamin\/mineral feed supplement designed specifically for goats.<\/h2>\n<p>Presented in 2kg (sold in a pouch) 4kg and 8kg buckets, each equipped with a handy measuring scoop, as well as 25kg sacks for the larger user.<\/p>\n<p>Caprivite, with its unique apple flavouring is a highly palatable supplement designed specifically for goats from the very latest worldwide nutritional research.<\/p>\n<p>When incorporated into the normal feeding regime, Caprivite should ensure at least 50% of the necessary daily requirement of vitamins, minerals and trace elements essential to the optimum health and performance of the dairy goat.<\/p>\n<p>Formulated from 25 carefully selected ingredients to guarantee balanced levels of Calcium and Phosphorous. Caprivite helps maintain condition resulting in higher milk yields and better breeding potential.<\/p>\n<p>Available in 2, 4 &amp; 8kg handy resealable buckets equipped with measuring scoop and in 25kg sacks for the larger user.<\/p>\n<p><strong>Feeding recommendations:<\/strong> 15g (\u00bd oz.) measuring scoop provided with every bucket.<\/p>\n<p>Sprinkle 15g (\u00bd oz. approx.) on to the concentrate ration each morning and evening.<\/p>\n<p>Alternatively the entire requirement (30g) may be given at one feed if preferred. These recommendations apply specifically to lactating females, although kids over 3 months, pygmy goats and males will also benefit (15g per day).<\/p>\n<p>The daily level may be increased to a maximum of 50g (1\u00be oz.) per day in the following cases:<\/p>\n<ul>\n<li>\u00a0For heavy milkers to maintain peak production<\/li>\n<li>In cases where there is a known mineral or trace element deficiency present in the soil.<\/li>\n<li>\u00a0When bad weather prevents goats getting their usual daily intake of natural grazing; especially important during the winter months.<\/li>\n<\/ul>\n<p><strong>Analysis per Kg:<\/strong> Calcium (Ca) 65.5g Selenium (Se) 4.5mg,Phosphorous (P) 45g Cobalt (Co) 11.1mg, Magnesium (Mg) 24g Potassium (K) 400mg, Sodium (Na) 30g Vitamin A 110,000 i.u., Iron (Fe) 1.5g Vitamin D3 10,000 i.u., Iodine (I) 12mg Vitamin E 560 i.u., Copper (Cu) 60mg Vitamin B1 100mg, Zinc (Zn) 1.2g Nicotinamide 200mg, Manganese (Mn) 1.2g, Vitamin B12 1mg, Calcium D Pantothenate 200mg, plus flavourings, colouring and preservative on a cereal base.<\/p>\n<p>Manufactured by <a href=\"https:\/\/gnltd.co.uk\/\">Goat Nutrition Ltd<\/a>, UK.\u00a0Responsible for labeling in Slo: Tetraktis d.o.o.<\/p>\n<p>Are you interested in other goat products from our offer? Check for other great goat products in\u00a0<a href=\"https:\/\/www.tetraktis.si\/en\/product-category\/goats-sheeps\/\">our shop<\/a>!<\/p>\n<p>The net quantity, batch or lot reference number and expiry date (valid at least until the indicated date) are printed on the packaging.<\/p>\n","protected":false},"excerpt":{"rendered":"<p>A delicious vitamin and mineral supplement specifically designed for goats.<\/p>\n<p>Consisting of 25 carefully selected ingredients that provide balanced levels of calcium and phosphorus, Caprivite helps maintain optimal health, resulting in greater milk yield and better breeding potential.<\/p>\n","protected":false},"featured_media":25075,"comment_status":"open","ping_status":"closed","template":"","meta":[],"product_brand":[330],"product_cat":[3333],"product_tag":[],"class_list":{"0":"post-32578","1":"product","2":"type-product","3":"status-publish","4":"has-post-thumbnail","6":"product_brand-goat-nutrition","7":"product_cat-goats-sheeps","10":"first","11":"outofstock","12":"taxable","13":"shipping-taxable","14":"purchasable","15":"product-type-variable","16":"has-default-attributes"},"yoast_head":"<!-- This site is optimized with the Yoast SEO Premium plugin v20.10 (Yoast SEO v27.3) - https:\/\/yoast.com\/product\/yoast-seo-premium-wordpress\/ -->\n<title>Caprivite Vitamin Mineral feed supplement for goats<\/title>\n<meta name=\"description\" content=\"Caprivite Vitamin Mineral provides vitamins, minerals and trace elements essential to optimum health, milk yield and performance of goats.\" \/>\n<meta name=\"robots\" content=\"index, follow, max-snippet:-1, max-image-preview:large, max-video-preview:-1\" \/>\n<link rel=\"canonical\" href=\"https:\/\/tetraktis.si\/en\/izdelek\/caprivite-vitamin-mineral-feed-supplement-for-goats\/\" \/>\n<meta property=\"og:locale\" content=\"en_US\" \/>\n<meta property=\"og:type\" content=\"article\" \/>\n<meta property=\"og:title\" content=\"Caprivite Vitamin Mineral feed supplement for goats\" \/>\n<meta property=\"og:description\" content=\"Caprivite Vitamin Mineral provides vitamins, minerals and trace elements essential to optimum health, milk yield and performance of goats.\" \/>\n<meta property=\"og:url\" content=\"https:\/\/tetraktis.si\/en\/izdelek\/caprivite-vitamin-mineral-feed-supplement-for-goats\/\" \/>\n<meta property=\"og:site_name\" content=\"Tetraktis- Equine America, Dorwest, Excel\" \/>\n<meta property=\"article:publisher\" content=\"https:\/\/business.facebook.com\/equineamericashop\/?business_id=193323571192825\" \/>\n<meta property=\"article:modified_time\" content=\"2023-03-28T06:59:09+00:00\" \/>\n<meta property=\"og:image\" content=\"https:\/\/tetraktis.si\/wp-content\/uploads\/2022\/04\/caprivite-4kg.jpg\" \/>\n\t<meta property=\"og:image:width\" content=\"360\" \/>\n\t<meta property=\"og:image:height\" content=\"480\" \/>\n\t<meta property=\"og:image:type\" content=\"image\/jpeg\" \/>\n<meta name=\"twitter:card\" content=\"summary_large_image\" \/>\n<meta name=\"twitter:site\" content=\"@TetraktisInfo\" \/>\n<meta name=\"twitter:label1\" content=\"Est. reading time\" \/>\n\t<meta name=\"twitter:data1\" content=\"2 minutes\" \/>\n<script type=\"application\/ld+json\" class=\"yoast-schema-graph\">{\"@context\":\"https:\\\/\\\/schema.org\",\"@graph\":[{\"@type\":\"WebPage\",\"@id\":\"https:\\\/\\\/tetraktis.si\\\/en\\\/izdelek\\\/caprivite-vitamin-mineral-feed-supplement-for-goats\\\/\",\"url\":\"https:\\\/\\\/tetraktis.si\\\/en\\\/izdelek\\\/caprivite-vitamin-mineral-feed-supplement-for-goats\\\/\",\"name\":\"Caprivite Vitamin Mineral feed supplement for goats\",\"isPartOf\":{\"@id\":\"https:\\\/\\\/tetraktis.si\\\/en\\\/#website\"},\"primaryImageOfPage\":{\"@id\":\"https:\\\/\\\/tetraktis.si\\\/en\\\/izdelek\\\/caprivite-vitamin-mineral-feed-supplement-for-goats\\\/#primaryimage\"},\"image\":{\"@id\":\"https:\\\/\\\/tetraktis.si\\\/en\\\/izdelek\\\/caprivite-vitamin-mineral-feed-supplement-for-goats\\\/#primaryimage\"},\"thumbnailUrl\":\"https:\\\/\\\/tetraktis.si\\\/wp-content\\\/uploads\\\/2022\\\/04\\\/caprivite-4kg.jpg\",\"datePublished\":\"2022-04-27T13:59:46+00:00\",\"dateModified\":\"2023-03-28T06:59:09+00:00\",\"description\":\"Caprivite Vitamin Mineral provides vitamins, minerals and trace elements essential to optimum health, milk yield and performance of goats.\",\"breadcrumb\":{\"@id\":\"https:\\\/\\\/tetraktis.si\\\/en\\\/izdelek\\\/caprivite-vitamin-mineral-feed-supplement-for-goats\\\/#breadcrumb\"},\"inLanguage\":\"en-US\",\"potentialAction\":[{\"@type\":\"ReadAction\",\"target\":[\"https:\\\/\\\/tetraktis.si\\\/en\\\/izdelek\\\/caprivite-vitamin-mineral-feed-supplement-for-goats\\\/\"]}]},{\"@type\":\"ImageObject\",\"inLanguage\":\"en-US\",\"@id\":\"https:\\\/\\\/tetraktis.si\\\/en\\\/izdelek\\\/caprivite-vitamin-mineral-feed-supplement-for-goats\\\/#primaryimage\",\"url\":\"https:\\\/\\\/tetraktis.si\\\/wp-content\\\/uploads\\\/2022\\\/04\\\/caprivite-4kg.jpg\",\"contentUrl\":\"https:\\\/\\\/tetraktis.si\\\/wp-content\\\/uploads\\\/2022\\\/04\\\/caprivite-4kg.jpg\",\"width\":360,\"height\":480,\"caption\":\"vitamini za koze\"},{\"@type\":\"BreadcrumbList\",\"@id\":\"https:\\\/\\\/tetraktis.si\\\/en\\\/izdelek\\\/caprivite-vitamin-mineral-feed-supplement-for-goats\\\/#breadcrumb\",\"itemListElement\":[{\"@type\":\"ListItem\",\"position\":1,\"name\":\"Shop\",\"item\":\"https:\\\/\\\/tetraktis.si\\\/en\\\/shop-3\\\/\"},{\"@type\":\"ListItem\",\"position\":2,\"name\":\"Caprivite Vitamin Mineral Feed Supplement for Goats\"}]},{\"@type\":\"WebSite\",\"@id\":\"https:\\\/\\\/tetraktis.si\\\/en\\\/#website\",\"url\":\"https:\\\/\\\/tetraktis.si\\\/en\\\/\",\"name\":\"Tetraktis- Equine America, Dorwest, Excel\",\"description\":\"Samo najbolj\u0161e za va\u0161e \u017eivali\",\"publisher\":{\"@id\":\"https:\\\/\\\/tetraktis.si\\\/en\\\/#organization\"},\"potentialAction\":[{\"@type\":\"SearchAction\",\"target\":{\"@type\":\"EntryPoint\",\"urlTemplate\":\"https:\\\/\\\/tetraktis.si\\\/en\\\/?s={search_term_string}\"},\"query-input\":{\"@type\":\"PropertyValueSpecification\",\"valueRequired\":true,\"valueName\":\"search_term_string\"}}],\"inLanguage\":\"en-US\"},{\"@type\":\"Organization\",\"@id\":\"https:\\\/\\\/tetraktis.si\\\/en\\\/#organization\",\"name\":\"Tetraktis\",\"url\":\"https:\\\/\\\/tetraktis.si\\\/en\\\/\",\"logo\":{\"@type\":\"ImageObject\",\"inLanguage\":\"en-US\",\"@id\":\"https:\\\/\\\/tetraktis.si\\\/en\\\/#\\\/schema\\\/logo\\\/image\\\/\",\"url\":\"https:\\\/\\\/tetraktis.si\\\/wp-content\\\/uploads\\\/2022\\\/06\\\/logo.webp\",\"contentUrl\":\"https:\\\/\\\/tetraktis.si\\\/wp-content\\\/uploads\\\/2022\\\/06\\\/logo.webp\",\"width\":400,\"height\":211,\"caption\":\"Tetraktis\"},\"image\":{\"@id\":\"https:\\\/\\\/tetraktis.si\\\/en\\\/#\\\/schema\\\/logo\\\/image\\\/\"},\"sameAs\":[\"https:\\\/\\\/business.facebook.com\\\/equineamericashop\\\/?business_id=193323571192825\",\"https:\\\/\\\/x.com\\\/TetraktisInfo\",\"https:\\\/\\\/www.instagram.com\\\/tetraktisslovenija\\\/\",\"https:\\\/\\\/www.youtube.com\\\/channel\\\/UCk_PdKMdtpZ4pf0RRFL1vYA\"]}]}<\/script>\n<!-- \/ Yoast SEO Premium plugin. -->","yoast_head_json":{"title":"Caprivite Vitamin Mineral feed supplement for goats","description":"Caprivite Vitamin Mineral provides vitamins, minerals and trace elements essential to optimum health, milk yield and performance of goats.","robots":{"index":"index","follow":"follow","max-snippet":"max-snippet:-1","max-image-preview":"max-image-preview:large","max-video-preview":"max-video-preview:-1"},"canonical":"https:\/\/tetraktis.si\/en\/izdelek\/caprivite-vitamin-mineral-feed-supplement-for-goats\/","og_locale":"en_US","og_type":"article","og_title":"Caprivite Vitamin Mineral feed supplement for goats","og_description":"Caprivite Vitamin Mineral provides vitamins, minerals and trace elements essential to optimum health, milk yield and performance of goats.","og_url":"https:\/\/tetraktis.si\/en\/izdelek\/caprivite-vitamin-mineral-feed-supplement-for-goats\/","og_site_name":"Tetraktis- Equine America, Dorwest, Excel","article_publisher":"https:\/\/business.facebook.com\/equineamericashop\/?business_id=193323571192825","article_modified_time":"2023-03-28T06:59:09+00:00","og_image":[{"width":360,"height":480,"url":"https:\/\/tetraktis.si\/wp-content\/uploads\/2022\/04\/caprivite-4kg.jpg","type":"image\/jpeg"}],"twitter_card":"summary_large_image","twitter_site":"@TetraktisInfo","twitter_misc":{"Est. reading time":"2 minutes"},"schema":{"@context":"https:\/\/schema.org","@graph":[{"@type":"WebPage","@id":"https:\/\/tetraktis.si\/en\/izdelek\/caprivite-vitamin-mineral-feed-supplement-for-goats\/","url":"https:\/\/tetraktis.si\/en\/izdelek\/caprivite-vitamin-mineral-feed-supplement-for-goats\/","name":"Caprivite Vitamin Mineral feed supplement for goats","isPartOf":{"@id":"https:\/\/tetraktis.si\/en\/#website"},"primaryImageOfPage":{"@id":"https:\/\/tetraktis.si\/en\/izdelek\/caprivite-vitamin-mineral-feed-supplement-for-goats\/#primaryimage"},"image":{"@id":"https:\/\/tetraktis.si\/en\/izdelek\/caprivite-vitamin-mineral-feed-supplement-for-goats\/#primaryimage"},"thumbnailUrl":"https:\/\/tetraktis.si\/wp-content\/uploads\/2022\/04\/caprivite-4kg.jpg","datePublished":"2022-04-27T13:59:46+00:00","dateModified":"2023-03-28T06:59:09+00:00","description":"Caprivite Vitamin Mineral provides vitamins, minerals and trace elements essential to optimum health, milk yield and performance of goats.","breadcrumb":{"@id":"https:\/\/tetraktis.si\/en\/izdelek\/caprivite-vitamin-mineral-feed-supplement-for-goats\/#breadcrumb"},"inLanguage":"en-US","potentialAction":[{"@type":"ReadAction","target":["https:\/\/tetraktis.si\/en\/izdelek\/caprivite-vitamin-mineral-feed-supplement-for-goats\/"]}]},{"@type":"ImageObject","inLanguage":"en-US","@id":"https:\/\/tetraktis.si\/en\/izdelek\/caprivite-vitamin-mineral-feed-supplement-for-goats\/#primaryimage","url":"https:\/\/tetraktis.si\/wp-content\/uploads\/2022\/04\/caprivite-4kg.jpg","contentUrl":"https:\/\/tetraktis.si\/wp-content\/uploads\/2022\/04\/caprivite-4kg.jpg","width":360,"height":480,"caption":"vitamini za koze"},{"@type":"BreadcrumbList","@id":"https:\/\/tetraktis.si\/en\/izdelek\/caprivite-vitamin-mineral-feed-supplement-for-goats\/#breadcrumb","itemListElement":[{"@type":"ListItem","position":1,"name":"Shop","item":"https:\/\/tetraktis.si\/en\/shop-3\/"},{"@type":"ListItem","position":2,"name":"Caprivite Vitamin Mineral Feed Supplement for Goats"}]},{"@type":"WebSite","@id":"https:\/\/tetraktis.si\/en\/#website","url":"https:\/\/tetraktis.si\/en\/","name":"Tetraktis- Equine America, Dorwest, Excel","description":"Samo najbolj\u0161e za va\u0161e \u017eivali","publisher":{"@id":"https:\/\/tetraktis.si\/en\/#organization"},"potentialAction":[{"@type":"SearchAction","target":{"@type":"EntryPoint","urlTemplate":"https:\/\/tetraktis.si\/en\/?s={search_term_string}"},"query-input":{"@type":"PropertyValueSpecification","valueRequired":true,"valueName":"search_term_string"}}],"inLanguage":"en-US"},{"@type":"Organization","@id":"https:\/\/tetraktis.si\/en\/#organization","name":"Tetraktis","url":"https:\/\/tetraktis.si\/en\/","logo":{"@type":"ImageObject","inLanguage":"en-US","@id":"https:\/\/tetraktis.si\/en\/#\/schema\/logo\/image\/","url":"https:\/\/tetraktis.si\/wp-content\/uploads\/2022\/06\/logo.webp","contentUrl":"https:\/\/tetraktis.si\/wp-content\/uploads\/2022\/06\/logo.webp","width":400,"height":211,"caption":"Tetraktis"},"image":{"@id":"https:\/\/tetraktis.si\/en\/#\/schema\/logo\/image\/"},"sameAs":["https:\/\/business.facebook.com\/equineamericashop\/?business_id=193323571192825","https:\/\/x.com\/TetraktisInfo","https:\/\/www.instagram.com\/tetraktisslovenija\/","https:\/\/www.youtube.com\/channel\/UCk_PdKMdtpZ4pf0RRFL1vYA"]}]}},"_links":{"self":[{"href":"https:\/\/tetraktis.si\/en\/wp-json\/wp\/v2\/product\/32578","targetHints":{"allow":["GET"]}}],"collection":[{"href":"https:\/\/tetraktis.si\/en\/wp-json\/wp\/v2\/product"}],"about":[{"href":"https:\/\/tetraktis.si\/en\/wp-json\/wp\/v2\/types\/product"}],"replies":[{"embeddable":true,"href":"https:\/\/tetraktis.si\/en\/wp-json\/wp\/v2\/comments?post=32578"}],"version-history":[{"count":1,"href":"https:\/\/tetraktis.si\/en\/wp-json\/wp\/v2\/product\/32578\/revisions"}],"predecessor-version":[{"id":37152,"href":"https:\/\/tetraktis.si\/en\/wp-json\/wp\/v2\/product\/32578\/revisions\/37152"}],"wp:featuredmedia":[{"embeddable":true,"href":"https:\/\/tetraktis.si\/en\/wp-json\/wp\/v2\/media\/25075"}],"wp:attachment":[{"href":"https:\/\/tetraktis.si\/en\/wp-json\/wp\/v2\/media?parent=32578"}],"wp:term":[{"taxonomy":"product_brand","embeddable":true,"href":"https:\/\/tetraktis.si\/en\/wp-json\/wp\/v2\/product_brand?post=32578"},{"taxonomy":"product_cat","embeddable":true,"href":"https:\/\/tetraktis.si\/en\/wp-json\/wp\/v2\/product_cat?post=32578"},{"taxonomy":"product_tag","embeddable":true,"href":"https:\/\/tetraktis.si\/en\/wp-json\/wp\/v2\/product_tag?post=32578"}],"curies":[{"name":"wp","href":"https:\/\/api.w.org\/{rel}","templated":true}]}}