{"id":32577,"date":"2022-04-27T15:59:46","date_gmt":"2022-04-27T13:59:46","guid":{"rendered":"https:\/\/cortaflex.si\/izdelek\/treats-to-go-for-goats-and-sheeps\/"},"modified":"2023-03-28T08:59:13","modified_gmt":"2023-03-28T06:59:13","slug":"treats-to-go-for-goats-and-sheeps","status":"publish","type":"product","link":"https:\/\/tetraktis.si\/en\/izdelek\/treats-to-go-for-goats-and-sheeps\/","title":{"rendered":"Treats to Go for goats and sheeps"},"content":{"rendered":"<h1>Treats to Go for goats and sheeps<\/h1>\n<p>Treats to Go for goats and sheeps are a nutritious combination of pure dried apples, carrots and dates &#8211; and nothing else!<\/p>\n<p>They are free from additives, colourants and any artificial ingredients.<\/p>\n<p>Quality treats for goats, sheeps, horses all other farm stock &#8211; to be fed as a supplement to the normal diet.<\/p>\n<p>Treats-to-Go are packed in 500g sealable pouches &#8211; perfect packaging!<\/p>\n<h2>Why choose our treats for goats and sheep?<\/h2>\n<ul>\n<li>100% natural ingredients<\/li>\n<li>Healthy reward<\/li>\n<li>ZIP bag for freshness (can be sealed)<\/li>\n<\/ul>\n<p><strong>Directions for use<\/strong>: You can give as a reward or as a supplement to a regular diet.<\/p>\n<p><strong>Ingredients:<\/strong> dried apples, dried carrots and dried dates.<\/p>\n<p>The resealable zip bag contains 500 g. Close the bag tightly after use.<\/p>\n<p>Manufacturer <a href=\"https:\/\/gnltd.co.uk\/\">Goat Nutrition Ltd<\/a> with over 35 years of expertise, they specialize in products specifically designed for small farmers and cheesemakers. They are proud of the quality of their products.<\/p>\n<p>The net quantity, batch or lot reference number and expiry date (valid at least until the indicated date) are printed on the packaging.<\/p>\n<p>Responsible for labeling in Slo: Tetraktis d.o.o.<\/p>\n<p>Check for other great goat products in\u00a0<a href=\"https:\/\/www.tetraktis.si\/en\/product-category\/goats-sheeps\/\">our shop<\/a>!<\/p>\n","protected":false},"excerpt":{"rendered":"<p>Treats for goats and sheep as well as other livestock are delicious, healthy treats made from 100% natural ingredients.<\/p>\n<p>A quality combination of dried apples, carrots and dates &#8211; they do not contain additives, dyes and artificial ingredients.<\/p>\n","protected":false},"featured_media":25092,"comment_status":"open","ping_status":"closed","template":"","meta":[],"product_brand":[330],"product_cat":[3333],"product_tag":[3507],"class_list":{"0":"post-32577","1":"product","2":"type-product","3":"status-publish","4":"has-post-thumbnail","6":"product_brand-goat-nutrition","7":"product_cat-goats-sheeps","8":"product_tag-for-horses","11":"first","12":"outofstock","13":"taxable","14":"shipping-taxable","15":"purchasable","16":"product-type-simple"},"yoast_head":"<!-- This site is optimized with the Yoast SEO Premium plugin v20.10 (Yoast SEO v27.3) - https:\/\/yoast.com\/product\/yoast-seo-premium-wordpress\/ -->\n<title>Treats to Go for goats and sheeps - No any artificial ingredients<\/title>\n<meta name=\"description\" content=\"Treats to Go for goats and sheeps are a nutritious combination of pure dried apples, carrots and dates - and nothing else!\" \/>\n<meta name=\"robots\" content=\"index, follow, max-snippet:-1, max-image-preview:large, max-video-preview:-1\" \/>\n<link rel=\"canonical\" href=\"https:\/\/tetraktis.si\/en\/izdelek\/treats-to-go-for-goats-and-sheeps\/\" \/>\n<meta property=\"og:locale\" content=\"en_US\" \/>\n<meta property=\"og:type\" content=\"article\" \/>\n<meta property=\"og:title\" content=\"Treats to Go for goats and sheeps - No any artificial ingredients\" \/>\n<meta property=\"og:description\" content=\"Treats to Go for goats and sheeps are a nutritious combination of pure dried apples, carrots and dates - and nothing else!\" \/>\n<meta property=\"og:url\" content=\"https:\/\/tetraktis.si\/en\/izdelek\/treats-to-go-for-goats-and-sheeps\/\" \/>\n<meta property=\"og:site_name\" content=\"Tetraktis- Equine America, Dorwest, Excel\" \/>\n<meta property=\"article:publisher\" content=\"https:\/\/business.facebook.com\/equineamericashop\/?business_id=193323571192825\" \/>\n<meta property=\"article:modified_time\" content=\"2023-03-28T06:59:13+00:00\" \/>\n<meta property=\"og:image\" content=\"https:\/\/tetraktis.si\/wp-content\/uploads\/2022\/04\/Priboljski-za-konje-ovce-in-koze.jpg\" \/>\n\t<meta property=\"og:image:width\" content=\"360\" \/>\n\t<meta property=\"og:image:height\" content=\"539\" \/>\n\t<meta property=\"og:image:type\" content=\"image\/jpeg\" \/>\n<meta name=\"twitter:card\" content=\"summary_large_image\" \/>\n<meta name=\"twitter:site\" content=\"@TetraktisInfo\" \/>\n<meta name=\"twitter:label1\" content=\"Est. reading time\" \/>\n\t<meta name=\"twitter:data1\" content=\"1 minute\" \/>\n<script type=\"application\/ld+json\" class=\"yoast-schema-graph\">{\"@context\":\"https:\\\/\\\/schema.org\",\"@graph\":[{\"@type\":\"WebPage\",\"@id\":\"https:\\\/\\\/tetraktis.si\\\/en\\\/izdelek\\\/treats-to-go-for-goats-and-sheeps\\\/\",\"url\":\"https:\\\/\\\/tetraktis.si\\\/en\\\/izdelek\\\/treats-to-go-for-goats-and-sheeps\\\/\",\"name\":\"Treats to Go for goats and sheeps - No any artificial ingredients\",\"isPartOf\":{\"@id\":\"https:\\\/\\\/tetraktis.si\\\/en\\\/#website\"},\"primaryImageOfPage\":{\"@id\":\"https:\\\/\\\/tetraktis.si\\\/en\\\/izdelek\\\/treats-to-go-for-goats-and-sheeps\\\/#primaryimage\"},\"image\":{\"@id\":\"https:\\\/\\\/tetraktis.si\\\/en\\\/izdelek\\\/treats-to-go-for-goats-and-sheeps\\\/#primaryimage\"},\"thumbnailUrl\":\"https:\\\/\\\/tetraktis.si\\\/wp-content\\\/uploads\\\/2022\\\/04\\\/Priboljski-za-konje-ovce-in-koze.jpg\",\"datePublished\":\"2022-04-27T13:59:46+00:00\",\"dateModified\":\"2023-03-28T06:59:13+00:00\",\"description\":\"Treats to Go for goats and sheeps are a nutritious combination of pure dried apples, carrots and dates - and nothing else!\",\"breadcrumb\":{\"@id\":\"https:\\\/\\\/tetraktis.si\\\/en\\\/izdelek\\\/treats-to-go-for-goats-and-sheeps\\\/#breadcrumb\"},\"inLanguage\":\"en-US\",\"potentialAction\":[{\"@type\":\"ReadAction\",\"target\":[\"https:\\\/\\\/tetraktis.si\\\/en\\\/izdelek\\\/treats-to-go-for-goats-and-sheeps\\\/\"]}]},{\"@type\":\"ImageObject\",\"inLanguage\":\"en-US\",\"@id\":\"https:\\\/\\\/tetraktis.si\\\/en\\\/izdelek\\\/treats-to-go-for-goats-and-sheeps\\\/#primaryimage\",\"url\":\"https:\\\/\\\/tetraktis.si\\\/wp-content\\\/uploads\\\/2022\\\/04\\\/Priboljski-za-konje-ovce-in-koze.jpg\",\"contentUrl\":\"https:\\\/\\\/tetraktis.si\\\/wp-content\\\/uploads\\\/2022\\\/04\\\/Priboljski-za-konje-ovce-in-koze.jpg\",\"width\":360,\"height\":539,\"caption\":\"pribolj\u0161ki za koze\"},{\"@type\":\"BreadcrumbList\",\"@id\":\"https:\\\/\\\/tetraktis.si\\\/en\\\/izdelek\\\/treats-to-go-for-goats-and-sheeps\\\/#breadcrumb\",\"itemListElement\":[{\"@type\":\"ListItem\",\"position\":1,\"name\":\"Shop\",\"item\":\"https:\\\/\\\/tetraktis.si\\\/en\\\/shop-3\\\/\"},{\"@type\":\"ListItem\",\"position\":2,\"name\":\"Treats to Go for goats and sheeps\"}]},{\"@type\":\"WebSite\",\"@id\":\"https:\\\/\\\/tetraktis.si\\\/en\\\/#website\",\"url\":\"https:\\\/\\\/tetraktis.si\\\/en\\\/\",\"name\":\"Tetraktis- Equine America, Dorwest, Excel\",\"description\":\"Samo najbolj\u0161e za va\u0161e \u017eivali\",\"publisher\":{\"@id\":\"https:\\\/\\\/tetraktis.si\\\/en\\\/#organization\"},\"potentialAction\":[{\"@type\":\"SearchAction\",\"target\":{\"@type\":\"EntryPoint\",\"urlTemplate\":\"https:\\\/\\\/tetraktis.si\\\/en\\\/?s={search_term_string}\"},\"query-input\":{\"@type\":\"PropertyValueSpecification\",\"valueRequired\":true,\"valueName\":\"search_term_string\"}}],\"inLanguage\":\"en-US\"},{\"@type\":\"Organization\",\"@id\":\"https:\\\/\\\/tetraktis.si\\\/en\\\/#organization\",\"name\":\"Tetraktis\",\"url\":\"https:\\\/\\\/tetraktis.si\\\/en\\\/\",\"logo\":{\"@type\":\"ImageObject\",\"inLanguage\":\"en-US\",\"@id\":\"https:\\\/\\\/tetraktis.si\\\/en\\\/#\\\/schema\\\/logo\\\/image\\\/\",\"url\":\"https:\\\/\\\/tetraktis.si\\\/wp-content\\\/uploads\\\/2022\\\/06\\\/logo.webp\",\"contentUrl\":\"https:\\\/\\\/tetraktis.si\\\/wp-content\\\/uploads\\\/2022\\\/06\\\/logo.webp\",\"width\":400,\"height\":211,\"caption\":\"Tetraktis\"},\"image\":{\"@id\":\"https:\\\/\\\/tetraktis.si\\\/en\\\/#\\\/schema\\\/logo\\\/image\\\/\"},\"sameAs\":[\"https:\\\/\\\/business.facebook.com\\\/equineamericashop\\\/?business_id=193323571192825\",\"https:\\\/\\\/x.com\\\/TetraktisInfo\",\"https:\\\/\\\/www.instagram.com\\\/tetraktisslovenija\\\/\",\"https:\\\/\\\/www.youtube.com\\\/channel\\\/UCk_PdKMdtpZ4pf0RRFL1vYA\"]}]}<\/script>\n<!-- \/ Yoast SEO Premium plugin. -->","yoast_head_json":{"title":"Treats to Go for goats and sheeps - No any artificial ingredients","description":"Treats to Go for goats and sheeps are a nutritious combination of pure dried apples, carrots and dates - and nothing else!","robots":{"index":"index","follow":"follow","max-snippet":"max-snippet:-1","max-image-preview":"max-image-preview:large","max-video-preview":"max-video-preview:-1"},"canonical":"https:\/\/tetraktis.si\/en\/izdelek\/treats-to-go-for-goats-and-sheeps\/","og_locale":"en_US","og_type":"article","og_title":"Treats to Go for goats and sheeps - No any artificial ingredients","og_description":"Treats to Go for goats and sheeps are a nutritious combination of pure dried apples, carrots and dates - and nothing else!","og_url":"https:\/\/tetraktis.si\/en\/izdelek\/treats-to-go-for-goats-and-sheeps\/","og_site_name":"Tetraktis- Equine America, Dorwest, Excel","article_publisher":"https:\/\/business.facebook.com\/equineamericashop\/?business_id=193323571192825","article_modified_time":"2023-03-28T06:59:13+00:00","og_image":[{"width":360,"height":539,"url":"https:\/\/tetraktis.si\/wp-content\/uploads\/2022\/04\/Priboljski-za-konje-ovce-in-koze.jpg","type":"image\/jpeg"}],"twitter_card":"summary_large_image","twitter_site":"@TetraktisInfo","twitter_misc":{"Est. reading time":"1 minute"},"schema":{"@context":"https:\/\/schema.org","@graph":[{"@type":"WebPage","@id":"https:\/\/tetraktis.si\/en\/izdelek\/treats-to-go-for-goats-and-sheeps\/","url":"https:\/\/tetraktis.si\/en\/izdelek\/treats-to-go-for-goats-and-sheeps\/","name":"Treats to Go for goats and sheeps - No any artificial ingredients","isPartOf":{"@id":"https:\/\/tetraktis.si\/en\/#website"},"primaryImageOfPage":{"@id":"https:\/\/tetraktis.si\/en\/izdelek\/treats-to-go-for-goats-and-sheeps\/#primaryimage"},"image":{"@id":"https:\/\/tetraktis.si\/en\/izdelek\/treats-to-go-for-goats-and-sheeps\/#primaryimage"},"thumbnailUrl":"https:\/\/tetraktis.si\/wp-content\/uploads\/2022\/04\/Priboljski-za-konje-ovce-in-koze.jpg","datePublished":"2022-04-27T13:59:46+00:00","dateModified":"2023-03-28T06:59:13+00:00","description":"Treats to Go for goats and sheeps are a nutritious combination of pure dried apples, carrots and dates - and nothing else!","breadcrumb":{"@id":"https:\/\/tetraktis.si\/en\/izdelek\/treats-to-go-for-goats-and-sheeps\/#breadcrumb"},"inLanguage":"en-US","potentialAction":[{"@type":"ReadAction","target":["https:\/\/tetraktis.si\/en\/izdelek\/treats-to-go-for-goats-and-sheeps\/"]}]},{"@type":"ImageObject","inLanguage":"en-US","@id":"https:\/\/tetraktis.si\/en\/izdelek\/treats-to-go-for-goats-and-sheeps\/#primaryimage","url":"https:\/\/tetraktis.si\/wp-content\/uploads\/2022\/04\/Priboljski-za-konje-ovce-in-koze.jpg","contentUrl":"https:\/\/tetraktis.si\/wp-content\/uploads\/2022\/04\/Priboljski-za-konje-ovce-in-koze.jpg","width":360,"height":539,"caption":"pribolj\u0161ki za koze"},{"@type":"BreadcrumbList","@id":"https:\/\/tetraktis.si\/en\/izdelek\/treats-to-go-for-goats-and-sheeps\/#breadcrumb","itemListElement":[{"@type":"ListItem","position":1,"name":"Shop","item":"https:\/\/tetraktis.si\/en\/shop-3\/"},{"@type":"ListItem","position":2,"name":"Treats to Go for goats and sheeps"}]},{"@type":"WebSite","@id":"https:\/\/tetraktis.si\/en\/#website","url":"https:\/\/tetraktis.si\/en\/","name":"Tetraktis- Equine America, Dorwest, Excel","description":"Samo najbolj\u0161e za va\u0161e \u017eivali","publisher":{"@id":"https:\/\/tetraktis.si\/en\/#organization"},"potentialAction":[{"@type":"SearchAction","target":{"@type":"EntryPoint","urlTemplate":"https:\/\/tetraktis.si\/en\/?s={search_term_string}"},"query-input":{"@type":"PropertyValueSpecification","valueRequired":true,"valueName":"search_term_string"}}],"inLanguage":"en-US"},{"@type":"Organization","@id":"https:\/\/tetraktis.si\/en\/#organization","name":"Tetraktis","url":"https:\/\/tetraktis.si\/en\/","logo":{"@type":"ImageObject","inLanguage":"en-US","@id":"https:\/\/tetraktis.si\/en\/#\/schema\/logo\/image\/","url":"https:\/\/tetraktis.si\/wp-content\/uploads\/2022\/06\/logo.webp","contentUrl":"https:\/\/tetraktis.si\/wp-content\/uploads\/2022\/06\/logo.webp","width":400,"height":211,"caption":"Tetraktis"},"image":{"@id":"https:\/\/tetraktis.si\/en\/#\/schema\/logo\/image\/"},"sameAs":["https:\/\/business.facebook.com\/equineamericashop\/?business_id=193323571192825","https:\/\/x.com\/TetraktisInfo","https:\/\/www.instagram.com\/tetraktisslovenija\/","https:\/\/www.youtube.com\/channel\/UCk_PdKMdtpZ4pf0RRFL1vYA"]}]}},"_links":{"self":[{"href":"https:\/\/tetraktis.si\/en\/wp-json\/wp\/v2\/product\/32577","targetHints":{"allow":["GET"]}}],"collection":[{"href":"https:\/\/tetraktis.si\/en\/wp-json\/wp\/v2\/product"}],"about":[{"href":"https:\/\/tetraktis.si\/en\/wp-json\/wp\/v2\/types\/product"}],"replies":[{"embeddable":true,"href":"https:\/\/tetraktis.si\/en\/wp-json\/wp\/v2\/comments?post=32577"}],"version-history":[{"count":1,"href":"https:\/\/tetraktis.si\/en\/wp-json\/wp\/v2\/product\/32577\/revisions"}],"predecessor-version":[{"id":37151,"href":"https:\/\/tetraktis.si\/en\/wp-json\/wp\/v2\/product\/32577\/revisions\/37151"}],"wp:featuredmedia":[{"embeddable":true,"href":"https:\/\/tetraktis.si\/en\/wp-json\/wp\/v2\/media\/25092"}],"wp:attachment":[{"href":"https:\/\/tetraktis.si\/en\/wp-json\/wp\/v2\/media?parent=32577"}],"wp:term":[{"taxonomy":"product_brand","embeddable":true,"href":"https:\/\/tetraktis.si\/en\/wp-json\/wp\/v2\/product_brand?post=32577"},{"taxonomy":"product_cat","embeddable":true,"href":"https:\/\/tetraktis.si\/en\/wp-json\/wp\/v2\/product_cat?post=32577"},{"taxonomy":"product_tag","embeddable":true,"href":"https:\/\/tetraktis.si\/en\/wp-json\/wp\/v2\/product_tag?post=32577"}],"curies":[{"name":"wp","href":"https:\/\/api.w.org\/{rel}","templated":true}]}}