{"id":32576,"date":"2022-04-27T15:59:46","date_gmt":"2022-04-27T13:59:46","guid":{"rendered":"https:\/\/cortaflex.si\/izdelek\/garlic-powder-for-goats-750g\/"},"modified":"2023-03-28T08:59:10","modified_gmt":"2023-03-28T06:59:10","slug":"garlic-powder-for-goats-750g","status":"publish","type":"product","link":"https:\/\/tetraktis.si\/en\/izdelek\/garlic-powder-for-goats-750g\/","title":{"rendered":"Garlic powder for goats, 750g"},"content":{"rendered":"<h1>Garlic powder for goats<\/h1>\n<p>Garlic powder for goats has a beneficial effect on the general health of animals. The properties of garlic are well established over the years but it is perhaps most widely known for its reputation as the most popular \u2018natural worming\u2019 agent available &#8211; as well as being a potent insect deterrent too.<\/p>\n<p>Each pack is produced from natural materials can be given with complete safety.<\/p>\n<p>Packed in either a 750g resealable pouch for perfect hygiene or larger 12.5kg (27.5 lbs)\u00a0bulk pack which is presented in a hermetically sealed heavy-duty &#8216;pillow&#8217;\u00a0and once opened should be transferred to a suitable container with a sealed lid.<\/p>\n<h2>Garlic for goats has a beneficial effect on the general health of animals. It is also excellent in the natural fight against parasites.<\/h2>\n<p>Garlic is said to contain more than 25 substances that kill disease germs and therefore contributes to improved immune function, especially desirable in the winter months.<\/p>\n<p>Garlic for goats also contains substances that are useful in relieving pain or. anti-inflammatory action and reduction of swelling, so it is also called a natural analgesic. It is often used in conjunction with antibiotics to treat respiratory diseases and lung infections.<\/p>\n<p>Manufacturer <a href=\"https:\/\/gnltd.co.uk\/\">Goat Nutrition Ltd<\/a>, UK.<\/p>\n<p>Responsible for labeling in Slo: Tetraktis d.o.o.<\/p>\n<p>The net quantity, batch or lot reference number and expiry date (valid at least until the indicated date) are printed on the packaging.<\/p>\n<p>Check for other great goat products in\u00a0<a href=\"https:\/\/www.tetraktis.si\/en\/product-category\/goats-sheeps\/\">our shop<\/a>!<\/p>\n","protected":false},"excerpt":{"rendered":"<p>The properties of garlic have been well established over the years, but it is perhaps best known for its reputation as the most popular natural cleanser for internal parasites, as well as a powerful insect repellent.<\/p>\n","protected":false},"featured_media":25097,"comment_status":"open","ping_status":"closed","template":"","meta":[],"product_brand":[330],"product_cat":[3333],"product_tag":[],"class_list":{"0":"post-32576","1":"product","2":"type-product","3":"status-publish","4":"has-post-thumbnail","6":"product_brand-goat-nutrition","7":"product_cat-goats-sheeps","10":"first","11":"outofstock","12":"taxable","13":"shipping-taxable","14":"purchasable","15":"product-type-simple"},"yoast_head":"<!-- This site is optimized with the Yoast SEO Premium plugin v20.10 (Yoast SEO v27.3) - https:\/\/yoast.com\/product\/yoast-seo-premium-wordpress\/ -->\n<title>Garlic powder for goats, 750g - by Goat Nutrition Ltd<\/title>\n<meta name=\"description\" content=\"Garlic powder for goats has a beneficial effect on the general health of animals. Also excellent in the natural fight against parasites.\" \/>\n<meta name=\"robots\" content=\"index, follow, max-snippet:-1, max-image-preview:large, max-video-preview:-1\" \/>\n<link rel=\"canonical\" href=\"https:\/\/tetraktis.si\/en\/izdelek\/garlic-powder-for-goats-750g\/\" \/>\n<meta property=\"og:locale\" content=\"en_US\" \/>\n<meta property=\"og:type\" content=\"article\" \/>\n<meta property=\"og:title\" content=\"Garlic powder for goats, 750g - by Goat Nutrition Ltd\" \/>\n<meta property=\"og:description\" content=\"Garlic powder for goats has a beneficial effect on the general health of animals. Also excellent in the natural fight against parasites.\" \/>\n<meta property=\"og:url\" content=\"https:\/\/tetraktis.si\/en\/izdelek\/garlic-powder-for-goats-750g\/\" \/>\n<meta property=\"og:site_name\" content=\"Tetraktis- Equine America, Dorwest, Excel\" \/>\n<meta property=\"article:publisher\" content=\"https:\/\/business.facebook.com\/equineamericashop\/?business_id=193323571192825\" \/>\n<meta property=\"article:modified_time\" content=\"2023-03-28T06:59:10+00:00\" \/>\n<meta property=\"og:image\" content=\"https:\/\/tetraktis.si\/wp-content\/uploads\/2022\/04\/cesen-750g.jpg\" \/>\n\t<meta property=\"og:image:width\" content=\"360\" \/>\n\t<meta property=\"og:image:height\" content=\"456\" \/>\n\t<meta property=\"og:image:type\" content=\"image\/jpeg\" \/>\n<meta name=\"twitter:card\" content=\"summary_large_image\" \/>\n<meta name=\"twitter:site\" content=\"@TetraktisInfo\" \/>\n<meta name=\"twitter:label1\" content=\"Est. reading time\" \/>\n\t<meta name=\"twitter:data1\" content=\"2 minutes\" \/>\n<script type=\"application\/ld+json\" class=\"yoast-schema-graph\">{\"@context\":\"https:\\\/\\\/schema.org\",\"@graph\":[{\"@type\":\"WebPage\",\"@id\":\"https:\\\/\\\/tetraktis.si\\\/en\\\/izdelek\\\/garlic-powder-for-goats-750g\\\/\",\"url\":\"https:\\\/\\\/tetraktis.si\\\/en\\\/izdelek\\\/garlic-powder-for-goats-750g\\\/\",\"name\":\"Garlic powder for goats, 750g - by Goat Nutrition Ltd\",\"isPartOf\":{\"@id\":\"https:\\\/\\\/tetraktis.si\\\/en\\\/#website\"},\"primaryImageOfPage\":{\"@id\":\"https:\\\/\\\/tetraktis.si\\\/en\\\/izdelek\\\/garlic-powder-for-goats-750g\\\/#primaryimage\"},\"image\":{\"@id\":\"https:\\\/\\\/tetraktis.si\\\/en\\\/izdelek\\\/garlic-powder-for-goats-750g\\\/#primaryimage\"},\"thumbnailUrl\":\"https:\\\/\\\/tetraktis.si\\\/wp-content\\\/uploads\\\/2022\\\/04\\\/cesen-750g.jpg\",\"datePublished\":\"2022-04-27T13:59:46+00:00\",\"dateModified\":\"2023-03-28T06:59:10+00:00\",\"description\":\"Garlic powder for goats has a beneficial effect on the general health of animals. Also excellent in the natural fight against parasites.\",\"breadcrumb\":{\"@id\":\"https:\\\/\\\/tetraktis.si\\\/en\\\/izdelek\\\/garlic-powder-for-goats-750g\\\/#breadcrumb\"},\"inLanguage\":\"en-US\",\"potentialAction\":[{\"@type\":\"ReadAction\",\"target\":[\"https:\\\/\\\/tetraktis.si\\\/en\\\/izdelek\\\/garlic-powder-for-goats-750g\\\/\"]}]},{\"@type\":\"ImageObject\",\"inLanguage\":\"en-US\",\"@id\":\"https:\\\/\\\/tetraktis.si\\\/en\\\/izdelek\\\/garlic-powder-for-goats-750g\\\/#primaryimage\",\"url\":\"https:\\\/\\\/tetraktis.si\\\/wp-content\\\/uploads\\\/2022\\\/04\\\/cesen-750g.jpg\",\"contentUrl\":\"https:\\\/\\\/tetraktis.si\\\/wp-content\\\/uploads\\\/2022\\\/04\\\/cesen-750g.jpg\",\"width\":360,\"height\":456},{\"@type\":\"BreadcrumbList\",\"@id\":\"https:\\\/\\\/tetraktis.si\\\/en\\\/izdelek\\\/garlic-powder-for-goats-750g\\\/#breadcrumb\",\"itemListElement\":[{\"@type\":\"ListItem\",\"position\":1,\"name\":\"Shop\",\"item\":\"https:\\\/\\\/tetraktis.si\\\/en\\\/shop-3\\\/\"},{\"@type\":\"ListItem\",\"position\":2,\"name\":\"Garlic powder for goats, 750g\"}]},{\"@type\":\"WebSite\",\"@id\":\"https:\\\/\\\/tetraktis.si\\\/en\\\/#website\",\"url\":\"https:\\\/\\\/tetraktis.si\\\/en\\\/\",\"name\":\"Tetraktis- Equine America, Dorwest, Excel\",\"description\":\"Samo najbolj\u0161e za va\u0161e \u017eivali\",\"publisher\":{\"@id\":\"https:\\\/\\\/tetraktis.si\\\/en\\\/#organization\"},\"potentialAction\":[{\"@type\":\"SearchAction\",\"target\":{\"@type\":\"EntryPoint\",\"urlTemplate\":\"https:\\\/\\\/tetraktis.si\\\/en\\\/?s={search_term_string}\"},\"query-input\":{\"@type\":\"PropertyValueSpecification\",\"valueRequired\":true,\"valueName\":\"search_term_string\"}}],\"inLanguage\":\"en-US\"},{\"@type\":\"Organization\",\"@id\":\"https:\\\/\\\/tetraktis.si\\\/en\\\/#organization\",\"name\":\"Tetraktis\",\"url\":\"https:\\\/\\\/tetraktis.si\\\/en\\\/\",\"logo\":{\"@type\":\"ImageObject\",\"inLanguage\":\"en-US\",\"@id\":\"https:\\\/\\\/tetraktis.si\\\/en\\\/#\\\/schema\\\/logo\\\/image\\\/\",\"url\":\"https:\\\/\\\/tetraktis.si\\\/wp-content\\\/uploads\\\/2022\\\/06\\\/logo.webp\",\"contentUrl\":\"https:\\\/\\\/tetraktis.si\\\/wp-content\\\/uploads\\\/2022\\\/06\\\/logo.webp\",\"width\":400,\"height\":211,\"caption\":\"Tetraktis\"},\"image\":{\"@id\":\"https:\\\/\\\/tetraktis.si\\\/en\\\/#\\\/schema\\\/logo\\\/image\\\/\"},\"sameAs\":[\"https:\\\/\\\/business.facebook.com\\\/equineamericashop\\\/?business_id=193323571192825\",\"https:\\\/\\\/x.com\\\/TetraktisInfo\",\"https:\\\/\\\/www.instagram.com\\\/tetraktisslovenija\\\/\",\"https:\\\/\\\/www.youtube.com\\\/channel\\\/UCk_PdKMdtpZ4pf0RRFL1vYA\"]}]}<\/script>\n<!-- \/ Yoast SEO Premium plugin. -->","yoast_head_json":{"title":"Garlic powder for goats, 750g - by Goat Nutrition Ltd","description":"Garlic powder for goats has a beneficial effect on the general health of animals. Also excellent in the natural fight against parasites.","robots":{"index":"index","follow":"follow","max-snippet":"max-snippet:-1","max-image-preview":"max-image-preview:large","max-video-preview":"max-video-preview:-1"},"canonical":"https:\/\/tetraktis.si\/en\/izdelek\/garlic-powder-for-goats-750g\/","og_locale":"en_US","og_type":"article","og_title":"Garlic powder for goats, 750g - by Goat Nutrition Ltd","og_description":"Garlic powder for goats has a beneficial effect on the general health of animals. Also excellent in the natural fight against parasites.","og_url":"https:\/\/tetraktis.si\/en\/izdelek\/garlic-powder-for-goats-750g\/","og_site_name":"Tetraktis- Equine America, Dorwest, Excel","article_publisher":"https:\/\/business.facebook.com\/equineamericashop\/?business_id=193323571192825","article_modified_time":"2023-03-28T06:59:10+00:00","og_image":[{"width":360,"height":456,"url":"https:\/\/tetraktis.si\/wp-content\/uploads\/2022\/04\/cesen-750g.jpg","type":"image\/jpeg"}],"twitter_card":"summary_large_image","twitter_site":"@TetraktisInfo","twitter_misc":{"Est. reading time":"2 minutes"},"schema":{"@context":"https:\/\/schema.org","@graph":[{"@type":"WebPage","@id":"https:\/\/tetraktis.si\/en\/izdelek\/garlic-powder-for-goats-750g\/","url":"https:\/\/tetraktis.si\/en\/izdelek\/garlic-powder-for-goats-750g\/","name":"Garlic powder for goats, 750g - by Goat Nutrition Ltd","isPartOf":{"@id":"https:\/\/tetraktis.si\/en\/#website"},"primaryImageOfPage":{"@id":"https:\/\/tetraktis.si\/en\/izdelek\/garlic-powder-for-goats-750g\/#primaryimage"},"image":{"@id":"https:\/\/tetraktis.si\/en\/izdelek\/garlic-powder-for-goats-750g\/#primaryimage"},"thumbnailUrl":"https:\/\/tetraktis.si\/wp-content\/uploads\/2022\/04\/cesen-750g.jpg","datePublished":"2022-04-27T13:59:46+00:00","dateModified":"2023-03-28T06:59:10+00:00","description":"Garlic powder for goats has a beneficial effect on the general health of animals. Also excellent in the natural fight against parasites.","breadcrumb":{"@id":"https:\/\/tetraktis.si\/en\/izdelek\/garlic-powder-for-goats-750g\/#breadcrumb"},"inLanguage":"en-US","potentialAction":[{"@type":"ReadAction","target":["https:\/\/tetraktis.si\/en\/izdelek\/garlic-powder-for-goats-750g\/"]}]},{"@type":"ImageObject","inLanguage":"en-US","@id":"https:\/\/tetraktis.si\/en\/izdelek\/garlic-powder-for-goats-750g\/#primaryimage","url":"https:\/\/tetraktis.si\/wp-content\/uploads\/2022\/04\/cesen-750g.jpg","contentUrl":"https:\/\/tetraktis.si\/wp-content\/uploads\/2022\/04\/cesen-750g.jpg","width":360,"height":456},{"@type":"BreadcrumbList","@id":"https:\/\/tetraktis.si\/en\/izdelek\/garlic-powder-for-goats-750g\/#breadcrumb","itemListElement":[{"@type":"ListItem","position":1,"name":"Shop","item":"https:\/\/tetraktis.si\/en\/shop-3\/"},{"@type":"ListItem","position":2,"name":"Garlic powder for goats, 750g"}]},{"@type":"WebSite","@id":"https:\/\/tetraktis.si\/en\/#website","url":"https:\/\/tetraktis.si\/en\/","name":"Tetraktis- Equine America, Dorwest, Excel","description":"Samo najbolj\u0161e za va\u0161e \u017eivali","publisher":{"@id":"https:\/\/tetraktis.si\/en\/#organization"},"potentialAction":[{"@type":"SearchAction","target":{"@type":"EntryPoint","urlTemplate":"https:\/\/tetraktis.si\/en\/?s={search_term_string}"},"query-input":{"@type":"PropertyValueSpecification","valueRequired":true,"valueName":"search_term_string"}}],"inLanguage":"en-US"},{"@type":"Organization","@id":"https:\/\/tetraktis.si\/en\/#organization","name":"Tetraktis","url":"https:\/\/tetraktis.si\/en\/","logo":{"@type":"ImageObject","inLanguage":"en-US","@id":"https:\/\/tetraktis.si\/en\/#\/schema\/logo\/image\/","url":"https:\/\/tetraktis.si\/wp-content\/uploads\/2022\/06\/logo.webp","contentUrl":"https:\/\/tetraktis.si\/wp-content\/uploads\/2022\/06\/logo.webp","width":400,"height":211,"caption":"Tetraktis"},"image":{"@id":"https:\/\/tetraktis.si\/en\/#\/schema\/logo\/image\/"},"sameAs":["https:\/\/business.facebook.com\/equineamericashop\/?business_id=193323571192825","https:\/\/x.com\/TetraktisInfo","https:\/\/www.instagram.com\/tetraktisslovenija\/","https:\/\/www.youtube.com\/channel\/UCk_PdKMdtpZ4pf0RRFL1vYA"]}]}},"_links":{"self":[{"href":"https:\/\/tetraktis.si\/en\/wp-json\/wp\/v2\/product\/32576","targetHints":{"allow":["GET"]}}],"collection":[{"href":"https:\/\/tetraktis.si\/en\/wp-json\/wp\/v2\/product"}],"about":[{"href":"https:\/\/tetraktis.si\/en\/wp-json\/wp\/v2\/types\/product"}],"replies":[{"embeddable":true,"href":"https:\/\/tetraktis.si\/en\/wp-json\/wp\/v2\/comments?post=32576"}],"version-history":[{"count":1,"href":"https:\/\/tetraktis.si\/en\/wp-json\/wp\/v2\/product\/32576\/revisions"}],"predecessor-version":[{"id":37150,"href":"https:\/\/tetraktis.si\/en\/wp-json\/wp\/v2\/product\/32576\/revisions\/37150"}],"wp:featuredmedia":[{"embeddable":true,"href":"https:\/\/tetraktis.si\/en\/wp-json\/wp\/v2\/media\/25097"}],"wp:attachment":[{"href":"https:\/\/tetraktis.si\/en\/wp-json\/wp\/v2\/media?parent=32576"}],"wp:term":[{"taxonomy":"product_brand","embeddable":true,"href":"https:\/\/tetraktis.si\/en\/wp-json\/wp\/v2\/product_brand?post=32576"},{"taxonomy":"product_cat","embeddable":true,"href":"https:\/\/tetraktis.si\/en\/wp-json\/wp\/v2\/product_cat?post=32576"},{"taxonomy":"product_tag","embeddable":true,"href":"https:\/\/tetraktis.si\/en\/wp-json\/wp\/v2\/product_tag?post=32576"}],"curies":[{"name":"wp","href":"https:\/\/api.w.org\/{rel}","templated":true}]}}