{"id":32575,"date":"2022-04-27T15:59:46","date_gmt":"2022-04-27T13:59:46","guid":{"rendered":"https:\/\/cortaflex.si\/izdelek\/starting-with-goats-by-katie-thear\/"},"modified":"2023-03-28T08:59:19","modified_gmt":"2023-03-28T06:59:19","slug":"starting-with-goats-by-katie-thear","status":"publish","type":"product","link":"https:\/\/tetraktis.si\/en\/izdelek\/starting-with-goats-by-katie-thear\/","title":{"rendered":"Starting with Goats by Katie Thear"},"content":{"rendered":"<h1>Starting with Goats by Katie Thear<\/h1>\n<p>Starting with Goats is indispensable guide to keeping goats; for both Smallholders and as pets &#8211; by Katie Thear.<\/p>\n<p>The guide to goats and goatkeeping from highly experienced goatkeeper and smallholder Katie Thear.<\/p>\n<p>Well illustrated, with useful and practical information for beginners and as a reference work for experienced goatkeepers.<\/p>\n<ul>\n<li>Choose the right breed for you &#8211; includes comprehensive list of breeds.<\/li>\n<li>How to acquire your goat &#8211; what to look for.<\/li>\n<li>Housing, pasture and feeding advice.<\/li>\n<li>Regulations and keeping your goats healthy.<\/li>\n<li>Milking and making cheeses, butter, yogurt and ice cream.<\/li>\n<li>Breeding and showing goats.<\/li>\n<\/ul>\n<p>Publisher Broad Leys Publications The Limited<\/p>\n<p>Number of Pages: 104<\/p>\n<p><span class=\"product-details-title\">Dimensions <\/span>Item: Height 85mm, Width 59mm, Weight 184g<\/p>\n<p>The author is clearly very knowledgeable and the book is great for beginners.<\/p>\n<p>Check for other great goat products from <a href=\"https:\/\/gnltd.co.uk\/\">Goat Nutritition Ltd<\/a> in <a href=\"https:\/\/www.tetraktis.si\/en\/product-category\/goats-sheeps\/\">our shop<\/a>!<\/p>\n","protected":false},"excerpt":{"rendered":"<p>A practical guide to raising goats.<\/p>\n<p>Deals mainly with dairy animals and milking, from milk hygiene, milk processing and dairy products, as well as breeding topics such as feeding, accommodation in health.<\/p>\n","protected":false},"featured_media":25064,"comment_status":"open","ping_status":"closed","template":"","meta":[],"product_brand":[330],"product_cat":[3333],"product_tag":[],"class_list":{"0":"post-32575","1":"product","2":"type-product","3":"status-publish","4":"has-post-thumbnail","6":"product_brand-goat-nutrition","7":"product_cat-goats-sheeps","10":"first","11":"outofstock","12":"taxable","13":"shipping-taxable","14":"purchasable","15":"product-type-simple"},"yoast_head":"<!-- This site is optimized with the Yoast SEO Premium plugin v20.10 (Yoast SEO v27.3) - https:\/\/yoast.com\/product\/yoast-seo-premium-wordpress\/ -->\n<title>Starting with Goats by Katie Thear - guide to keeping goats<\/title>\n<meta name=\"description\" content=\"Starting with Goats is an indispensable guide in goat breeding for both owners with a smaller herd and pets. Price 17.64 eur\" \/>\n<meta name=\"robots\" content=\"index, follow, max-snippet:-1, max-image-preview:large, max-video-preview:-1\" \/>\n<link rel=\"canonical\" href=\"https:\/\/tetraktis.si\/en\/izdelek\/starting-with-goats-by-katie-thear\/\" \/>\n<meta property=\"og:locale\" content=\"en_US\" \/>\n<meta property=\"og:type\" content=\"article\" \/>\n<meta property=\"og:title\" content=\"Starting with Goats by Katie Thear - guide to keeping goats\" \/>\n<meta property=\"og:description\" content=\"Starting with Goats is an indispensable guide in goat breeding for both owners with a smaller herd and pets. Price 17.64 eur\" \/>\n<meta property=\"og:url\" content=\"https:\/\/tetraktis.si\/en\/izdelek\/starting-with-goats-by-katie-thear\/\" \/>\n<meta property=\"og:site_name\" content=\"Tetraktis- Equine America, Dorwest, Excel\" \/>\n<meta property=\"article:publisher\" content=\"https:\/\/business.facebook.com\/equineamericashop\/?business_id=193323571192825\" \/>\n<meta property=\"article:modified_time\" content=\"2023-03-28T06:59:19+00:00\" \/>\n<meta property=\"og:image\" content=\"https:\/\/tetraktis.si\/wp-content\/uploads\/2022\/04\/Prirocnik-pri-vzreji-koz.jpg\" \/>\n\t<meta property=\"og:image:width\" content=\"360\" \/>\n\t<meta property=\"og:image:height\" content=\"500\" \/>\n\t<meta property=\"og:image:type\" content=\"image\/jpeg\" \/>\n<meta name=\"twitter:card\" content=\"summary_large_image\" \/>\n<meta name=\"twitter:site\" content=\"@TetraktisInfo\" \/>\n<meta name=\"twitter:label1\" content=\"Est. reading time\" \/>\n\t<meta name=\"twitter:data1\" content=\"1 minute\" \/>\n<script type=\"application\/ld+json\" class=\"yoast-schema-graph\">{\"@context\":\"https:\\\/\\\/schema.org\",\"@graph\":[{\"@type\":\"WebPage\",\"@id\":\"https:\\\/\\\/tetraktis.si\\\/en\\\/izdelek\\\/starting-with-goats-by-katie-thear\\\/\",\"url\":\"https:\\\/\\\/tetraktis.si\\\/en\\\/izdelek\\\/starting-with-goats-by-katie-thear\\\/\",\"name\":\"Starting with Goats by Katie Thear - guide to keeping goats\",\"isPartOf\":{\"@id\":\"https:\\\/\\\/tetraktis.si\\\/en\\\/#website\"},\"primaryImageOfPage\":{\"@id\":\"https:\\\/\\\/tetraktis.si\\\/en\\\/izdelek\\\/starting-with-goats-by-katie-thear\\\/#primaryimage\"},\"image\":{\"@id\":\"https:\\\/\\\/tetraktis.si\\\/en\\\/izdelek\\\/starting-with-goats-by-katie-thear\\\/#primaryimage\"},\"thumbnailUrl\":\"https:\\\/\\\/tetraktis.si\\\/wp-content\\\/uploads\\\/2022\\\/04\\\/Prirocnik-pri-vzreji-koz.jpg\",\"datePublished\":\"2022-04-27T13:59:46+00:00\",\"dateModified\":\"2023-03-28T06:59:19+00:00\",\"description\":\"Starting with Goats is an indispensable guide in goat breeding for both owners with a smaller herd and pets. Price 17.64 eur\",\"breadcrumb\":{\"@id\":\"https:\\\/\\\/tetraktis.si\\\/en\\\/izdelek\\\/starting-with-goats-by-katie-thear\\\/#breadcrumb\"},\"inLanguage\":\"en-US\",\"potentialAction\":[{\"@type\":\"ReadAction\",\"target\":[\"https:\\\/\\\/tetraktis.si\\\/en\\\/izdelek\\\/starting-with-goats-by-katie-thear\\\/\"]}]},{\"@type\":\"ImageObject\",\"inLanguage\":\"en-US\",\"@id\":\"https:\\\/\\\/tetraktis.si\\\/en\\\/izdelek\\\/starting-with-goats-by-katie-thear\\\/#primaryimage\",\"url\":\"https:\\\/\\\/tetraktis.si\\\/wp-content\\\/uploads\\\/2022\\\/04\\\/Prirocnik-pri-vzreji-koz.jpg\",\"contentUrl\":\"https:\\\/\\\/tetraktis.si\\\/wp-content\\\/uploads\\\/2022\\\/04\\\/Prirocnik-pri-vzreji-koz.jpg\",\"width\":360,\"height\":500},{\"@type\":\"BreadcrumbList\",\"@id\":\"https:\\\/\\\/tetraktis.si\\\/en\\\/izdelek\\\/starting-with-goats-by-katie-thear\\\/#breadcrumb\",\"itemListElement\":[{\"@type\":\"ListItem\",\"position\":1,\"name\":\"Shop\",\"item\":\"https:\\\/\\\/tetraktis.si\\\/en\\\/shop-3\\\/\"},{\"@type\":\"ListItem\",\"position\":2,\"name\":\"Starting with Goats by Katie Thear\"}]},{\"@type\":\"WebSite\",\"@id\":\"https:\\\/\\\/tetraktis.si\\\/en\\\/#website\",\"url\":\"https:\\\/\\\/tetraktis.si\\\/en\\\/\",\"name\":\"Tetraktis- Equine America, Dorwest, Excel\",\"description\":\"Samo najbolj\u0161e za va\u0161e \u017eivali\",\"publisher\":{\"@id\":\"https:\\\/\\\/tetraktis.si\\\/en\\\/#organization\"},\"potentialAction\":[{\"@type\":\"SearchAction\",\"target\":{\"@type\":\"EntryPoint\",\"urlTemplate\":\"https:\\\/\\\/tetraktis.si\\\/en\\\/?s={search_term_string}\"},\"query-input\":{\"@type\":\"PropertyValueSpecification\",\"valueRequired\":true,\"valueName\":\"search_term_string\"}}],\"inLanguage\":\"en-US\"},{\"@type\":\"Organization\",\"@id\":\"https:\\\/\\\/tetraktis.si\\\/en\\\/#organization\",\"name\":\"Tetraktis\",\"url\":\"https:\\\/\\\/tetraktis.si\\\/en\\\/\",\"logo\":{\"@type\":\"ImageObject\",\"inLanguage\":\"en-US\",\"@id\":\"https:\\\/\\\/tetraktis.si\\\/en\\\/#\\\/schema\\\/logo\\\/image\\\/\",\"url\":\"https:\\\/\\\/tetraktis.si\\\/wp-content\\\/uploads\\\/2022\\\/06\\\/logo.webp\",\"contentUrl\":\"https:\\\/\\\/tetraktis.si\\\/wp-content\\\/uploads\\\/2022\\\/06\\\/logo.webp\",\"width\":400,\"height\":211,\"caption\":\"Tetraktis\"},\"image\":{\"@id\":\"https:\\\/\\\/tetraktis.si\\\/en\\\/#\\\/schema\\\/logo\\\/image\\\/\"},\"sameAs\":[\"https:\\\/\\\/business.facebook.com\\\/equineamericashop\\\/?business_id=193323571192825\",\"https:\\\/\\\/x.com\\\/TetraktisInfo\",\"https:\\\/\\\/www.instagram.com\\\/tetraktisslovenija\\\/\",\"https:\\\/\\\/www.youtube.com\\\/channel\\\/UCk_PdKMdtpZ4pf0RRFL1vYA\"]}]}<\/script>\n<!-- \/ Yoast SEO Premium plugin. -->","yoast_head_json":{"title":"Starting with Goats by Katie Thear - guide to keeping goats","description":"Starting with Goats is an indispensable guide in goat breeding for both owners with a smaller herd and pets. Price 17.64 eur","robots":{"index":"index","follow":"follow","max-snippet":"max-snippet:-1","max-image-preview":"max-image-preview:large","max-video-preview":"max-video-preview:-1"},"canonical":"https:\/\/tetraktis.si\/en\/izdelek\/starting-with-goats-by-katie-thear\/","og_locale":"en_US","og_type":"article","og_title":"Starting with Goats by Katie Thear - guide to keeping goats","og_description":"Starting with Goats is an indispensable guide in goat breeding for both owners with a smaller herd and pets. Price 17.64 eur","og_url":"https:\/\/tetraktis.si\/en\/izdelek\/starting-with-goats-by-katie-thear\/","og_site_name":"Tetraktis- Equine America, Dorwest, Excel","article_publisher":"https:\/\/business.facebook.com\/equineamericashop\/?business_id=193323571192825","article_modified_time":"2023-03-28T06:59:19+00:00","og_image":[{"width":360,"height":500,"url":"https:\/\/tetraktis.si\/wp-content\/uploads\/2022\/04\/Prirocnik-pri-vzreji-koz.jpg","type":"image\/jpeg"}],"twitter_card":"summary_large_image","twitter_site":"@TetraktisInfo","twitter_misc":{"Est. reading time":"1 minute"},"schema":{"@context":"https:\/\/schema.org","@graph":[{"@type":"WebPage","@id":"https:\/\/tetraktis.si\/en\/izdelek\/starting-with-goats-by-katie-thear\/","url":"https:\/\/tetraktis.si\/en\/izdelek\/starting-with-goats-by-katie-thear\/","name":"Starting with Goats by Katie Thear - guide to keeping goats","isPartOf":{"@id":"https:\/\/tetraktis.si\/en\/#website"},"primaryImageOfPage":{"@id":"https:\/\/tetraktis.si\/en\/izdelek\/starting-with-goats-by-katie-thear\/#primaryimage"},"image":{"@id":"https:\/\/tetraktis.si\/en\/izdelek\/starting-with-goats-by-katie-thear\/#primaryimage"},"thumbnailUrl":"https:\/\/tetraktis.si\/wp-content\/uploads\/2022\/04\/Prirocnik-pri-vzreji-koz.jpg","datePublished":"2022-04-27T13:59:46+00:00","dateModified":"2023-03-28T06:59:19+00:00","description":"Starting with Goats is an indispensable guide in goat breeding for both owners with a smaller herd and pets. Price 17.64 eur","breadcrumb":{"@id":"https:\/\/tetraktis.si\/en\/izdelek\/starting-with-goats-by-katie-thear\/#breadcrumb"},"inLanguage":"en-US","potentialAction":[{"@type":"ReadAction","target":["https:\/\/tetraktis.si\/en\/izdelek\/starting-with-goats-by-katie-thear\/"]}]},{"@type":"ImageObject","inLanguage":"en-US","@id":"https:\/\/tetraktis.si\/en\/izdelek\/starting-with-goats-by-katie-thear\/#primaryimage","url":"https:\/\/tetraktis.si\/wp-content\/uploads\/2022\/04\/Prirocnik-pri-vzreji-koz.jpg","contentUrl":"https:\/\/tetraktis.si\/wp-content\/uploads\/2022\/04\/Prirocnik-pri-vzreji-koz.jpg","width":360,"height":500},{"@type":"BreadcrumbList","@id":"https:\/\/tetraktis.si\/en\/izdelek\/starting-with-goats-by-katie-thear\/#breadcrumb","itemListElement":[{"@type":"ListItem","position":1,"name":"Shop","item":"https:\/\/tetraktis.si\/en\/shop-3\/"},{"@type":"ListItem","position":2,"name":"Starting with Goats by Katie Thear"}]},{"@type":"WebSite","@id":"https:\/\/tetraktis.si\/en\/#website","url":"https:\/\/tetraktis.si\/en\/","name":"Tetraktis- Equine America, Dorwest, Excel","description":"Samo najbolj\u0161e za va\u0161e \u017eivali","publisher":{"@id":"https:\/\/tetraktis.si\/en\/#organization"},"potentialAction":[{"@type":"SearchAction","target":{"@type":"EntryPoint","urlTemplate":"https:\/\/tetraktis.si\/en\/?s={search_term_string}"},"query-input":{"@type":"PropertyValueSpecification","valueRequired":true,"valueName":"search_term_string"}}],"inLanguage":"en-US"},{"@type":"Organization","@id":"https:\/\/tetraktis.si\/en\/#organization","name":"Tetraktis","url":"https:\/\/tetraktis.si\/en\/","logo":{"@type":"ImageObject","inLanguage":"en-US","@id":"https:\/\/tetraktis.si\/en\/#\/schema\/logo\/image\/","url":"https:\/\/tetraktis.si\/wp-content\/uploads\/2022\/06\/logo.webp","contentUrl":"https:\/\/tetraktis.si\/wp-content\/uploads\/2022\/06\/logo.webp","width":400,"height":211,"caption":"Tetraktis"},"image":{"@id":"https:\/\/tetraktis.si\/en\/#\/schema\/logo\/image\/"},"sameAs":["https:\/\/business.facebook.com\/equineamericashop\/?business_id=193323571192825","https:\/\/x.com\/TetraktisInfo","https:\/\/www.instagram.com\/tetraktisslovenija\/","https:\/\/www.youtube.com\/channel\/UCk_PdKMdtpZ4pf0RRFL1vYA"]}]}},"_links":{"self":[{"href":"https:\/\/tetraktis.si\/en\/wp-json\/wp\/v2\/product\/32575","targetHints":{"allow":["GET"]}}],"collection":[{"href":"https:\/\/tetraktis.si\/en\/wp-json\/wp\/v2\/product"}],"about":[{"href":"https:\/\/tetraktis.si\/en\/wp-json\/wp\/v2\/types\/product"}],"replies":[{"embeddable":true,"href":"https:\/\/tetraktis.si\/en\/wp-json\/wp\/v2\/comments?post=32575"}],"version-history":[{"count":1,"href":"https:\/\/tetraktis.si\/en\/wp-json\/wp\/v2\/product\/32575\/revisions"}],"predecessor-version":[{"id":37149,"href":"https:\/\/tetraktis.si\/en\/wp-json\/wp\/v2\/product\/32575\/revisions\/37149"}],"wp:featuredmedia":[{"embeddable":true,"href":"https:\/\/tetraktis.si\/en\/wp-json\/wp\/v2\/media\/25064"}],"wp:attachment":[{"href":"https:\/\/tetraktis.si\/en\/wp-json\/wp\/v2\/media?parent=32575"}],"wp:term":[{"taxonomy":"product_brand","embeddable":true,"href":"https:\/\/tetraktis.si\/en\/wp-json\/wp\/v2\/product_brand?post=32575"},{"taxonomy":"product_cat","embeddable":true,"href":"https:\/\/tetraktis.si\/en\/wp-json\/wp\/v2\/product_cat?post=32575"},{"taxonomy":"product_tag","embeddable":true,"href":"https:\/\/tetraktis.si\/en\/wp-json\/wp\/v2\/product_tag?post=32575"}],"curies":[{"name":"wp","href":"https:\/\/api.w.org\/{rel}","templated":true}]}}