{"id":32568,"date":"2022-04-27T15:58:17","date_gmt":"2022-04-27T13:58:17","guid":{"rendered":"https:\/\/cortaflex.si\/izdelek\/dorwest-evening-primrose-oil-capsules-for-dogs-and-cats\/"},"modified":"2023-03-28T09:00:08","modified_gmt":"2023-03-28T07:00:08","slug":"dorwest-evening-primrose-oil-capsules-for-dogs-and-cats","status":"publish","type":"product","link":"https:\/\/tetraktis.si\/en\/izdelek\/dorwest-evening-primrose-oil-capsules-for-dogs-and-cats\/","title":{"rendered":"Dorwest Evening Primrose Oil Capsules For Dogs And Cats"},"content":{"rendered":"<h1>Dorwest Evening Primrose Oil Capsules For Pets<\/h1>\n<p>Dorwest Evening Primrose Oil Capsules contains the highest available levels of gamma linolenic acid (GLA), the omega 6 fatty acid, beneficial for skin and coat condition. Skin renewal, scurfiness, dryness and coat shine are all influenced by the important omega fatty acids.<\/p>\n<p>We recommend this preparation for show dogs, those breeds with long coats and after a moult or other conditions causing hair loss.<\/p>\n<p>Evening primrose is also well known for its ability to maintain a normal hormonal balance, that can otherwise influence behaviour and coat quality.<\/p>\n<div class=\"kvgmc6g5 cxmmr5t8 oygrvhab hcukyx3x c1et5uql ii04i59q\">\n<h2 dir=\"auto\">If you\u2019re planning a litter<\/h2>\n<div dir=\"auto\">Remember to give our <a href=\"https:\/\/www.tetraktis.si\/en\/product\/dorwest-raspberry-leaf\/\">Raspberry Leaf Tablets<\/a> to ensure labour runs smoothly. Popular with breeders, raspberry leaf has been part of herbal tradition as a birth aid for centuries and is still recommended today!<\/div>\n<\/div>\n<div class=\"o9v6fnle cxmmr5t8 oygrvhab hcukyx3x c1et5uql ii04i59q\">\n<div dir=\"auto\">Following the birth, your bitch may experience mood swings and hair loss. This is the time to start giving our Evening Primrose Oil Capsules. <span style=\"color: #555555;\">To restore hormonal balance and avoid that \u2018moody\u2019 phase that many bitches suffer from following a season or phantom pregnancy, we would always recommend giving <\/span><strong style=\"color: #555555;\">Dorwest Evening Primrose Oil Capsules<\/strong><span style=\"color: #555555;\">.<\/span><\/div>\n<\/div>\n<p>Available in capsule or <a href=\"https:\/\/www.tetraktis.si\/en\/product\/dorwest-evening-primrose-oil-liquid\/\">liquid form<\/a> and should be given daily to help her feel more like herself again!<\/p>\n<p><strong>Ingredients:\u00a0<\/strong>Evening Primrose Oil 500mg (10% GLA), Gelatin, Glycerin, d-Alpha Tocopherol Vitamin E<\/p>\n<p><strong>Administration:\u00a0<\/strong>1 capsule per 10kgs bodyweight daily<\/p>\n<p><strong>Can be used during pregnancy?:\u00a0<\/strong>Yes<\/p>\n<p><strong>Can be used during lactation?:\u00a0<\/strong>Yes<\/p>\n<p><strong>Interactions:\u00a0<\/strong>Can be given in conjunction with any medication<\/p>\n<p><strong>Suitable from:\u00a0<\/strong>From 8 weeks<\/p>\n","protected":false},"excerpt":{"rendered":"<p>Evening Primrose Oil Capsules for dogs and cats can support dry skin, improve coat and maintain a normal hormonal balance.<\/p>\n","protected":false},"featured_media":24924,"comment_status":"open","ping_status":"closed","template":"","meta":[],"product_brand":[329],"product_cat":[3323,3349,3336],"product_tag":[],"class_list":{"0":"post-32568","1":"product","2":"type-product","3":"status-publish","4":"has-post-thumbnail","6":"product_brand-dorwest","7":"product_cat-dogs-cats","8":"product_cat-izdelki-za-macke-en","9":"product_cat-pasja-dlaka-in-koza-en","12":"first","13":"outofstock","14":"taxable","15":"shipping-taxable","16":"purchasable","17":"product-type-variable","18":"has-default-attributes"},"yoast_head":"<!-- This site is optimized with the Yoast SEO Premium plugin v20.10 (Yoast SEO v27.3) - https:\/\/yoast.com\/product\/yoast-seo-premium-wordpress\/ -->\n<title>Dorwest Evening Primrose Oil Capsules For Dogs And Cats<\/title>\n<meta name=\"description\" content=\"Dorwest Evening Primrose Oil Capsules For Dogs And Cats not only enhance the skin and coat but also help maintain normal hormonal balance.\" \/>\n<meta name=\"robots\" content=\"index, follow, max-snippet:-1, max-image-preview:large, max-video-preview:-1\" \/>\n<link rel=\"canonical\" href=\"https:\/\/tetraktis.si\/en\/izdelek\/dorwest-evening-primrose-oil-capsules-for-dogs-and-cats\/\" \/>\n<meta property=\"og:locale\" content=\"en_US\" \/>\n<meta property=\"og:type\" content=\"article\" \/>\n<meta property=\"og:title\" content=\"Dorwest Evening Primrose Oil Capsules For Dogs And Cats\" \/>\n<meta property=\"og:description\" content=\"Dorwest Evening Primrose Oil Capsules For Dogs And Cats not only enhance the skin and coat but also help maintain normal hormonal balance.\" \/>\n<meta property=\"og:url\" content=\"https:\/\/tetraktis.si\/en\/izdelek\/dorwest-evening-primrose-oil-capsules-for-dogs-and-cats\/\" \/>\n<meta property=\"og:site_name\" content=\"Tetraktis- Equine America, Dorwest, Excel\" \/>\n<meta property=\"article:publisher\" content=\"https:\/\/business.facebook.com\/equineamericashop\/?business_id=193323571192825\" \/>\n<meta property=\"article:modified_time\" content=\"2023-03-28T07:00:08+00:00\" \/>\n<meta property=\"og:image\" content=\"https:\/\/tetraktis.si\/wp-content\/uploads\/2022\/04\/Dorwest-dvoletni-svetlin-olje-za-pse-in-macke-kapsule-3.jpg\" \/>\n\t<meta property=\"og:image:width\" content=\"734\" \/>\n\t<meta property=\"og:image:height\" content=\"734\" \/>\n\t<meta property=\"og:image:type\" content=\"image\/jpeg\" \/>\n<meta name=\"twitter:card\" content=\"summary_large_image\" \/>\n<meta name=\"twitter:site\" content=\"@TetraktisInfo\" \/>\n<meta name=\"twitter:label1\" content=\"Est. reading time\" \/>\n\t<meta name=\"twitter:data1\" content=\"2 minutes\" \/>\n<script type=\"application\/ld+json\" class=\"yoast-schema-graph\">{\"@context\":\"https:\\\/\\\/schema.org\",\"@graph\":[{\"@type\":\"WebPage\",\"@id\":\"https:\\\/\\\/tetraktis.si\\\/en\\\/izdelek\\\/dorwest-evening-primrose-oil-capsules-for-dogs-and-cats\\\/\",\"url\":\"https:\\\/\\\/tetraktis.si\\\/en\\\/izdelek\\\/dorwest-evening-primrose-oil-capsules-for-dogs-and-cats\\\/\",\"name\":\"Dorwest Evening Primrose Oil Capsules For Dogs And Cats\",\"isPartOf\":{\"@id\":\"https:\\\/\\\/tetraktis.si\\\/en\\\/#website\"},\"primaryImageOfPage\":{\"@id\":\"https:\\\/\\\/tetraktis.si\\\/en\\\/izdelek\\\/dorwest-evening-primrose-oil-capsules-for-dogs-and-cats\\\/#primaryimage\"},\"image\":{\"@id\":\"https:\\\/\\\/tetraktis.si\\\/en\\\/izdelek\\\/dorwest-evening-primrose-oil-capsules-for-dogs-and-cats\\\/#primaryimage\"},\"thumbnailUrl\":\"https:\\\/\\\/tetraktis.si\\\/wp-content\\\/uploads\\\/2022\\\/04\\\/Dorwest-dvoletni-svetlin-olje-za-pse-in-macke-kapsule-3.jpg\",\"datePublished\":\"2022-04-27T13:58:17+00:00\",\"dateModified\":\"2023-03-28T07:00:08+00:00\",\"description\":\"Dorwest Evening Primrose Oil Capsules For Dogs And Cats not only enhance the skin and coat but also help maintain normal hormonal balance.\",\"breadcrumb\":{\"@id\":\"https:\\\/\\\/tetraktis.si\\\/en\\\/izdelek\\\/dorwest-evening-primrose-oil-capsules-for-dogs-and-cats\\\/#breadcrumb\"},\"inLanguage\":\"en-US\",\"potentialAction\":[{\"@type\":\"ReadAction\",\"target\":[\"https:\\\/\\\/tetraktis.si\\\/en\\\/izdelek\\\/dorwest-evening-primrose-oil-capsules-for-dogs-and-cats\\\/\"]}]},{\"@type\":\"ImageObject\",\"inLanguage\":\"en-US\",\"@id\":\"https:\\\/\\\/tetraktis.si\\\/en\\\/izdelek\\\/dorwest-evening-primrose-oil-capsules-for-dogs-and-cats\\\/#primaryimage\",\"url\":\"https:\\\/\\\/tetraktis.si\\\/wp-content\\\/uploads\\\/2022\\\/04\\\/Dorwest-dvoletni-svetlin-olje-za-pse-in-macke-kapsule-3.jpg\",\"contentUrl\":\"https:\\\/\\\/tetraktis.si\\\/wp-content\\\/uploads\\\/2022\\\/04\\\/Dorwest-dvoletni-svetlin-olje-za-pse-in-macke-kapsule-3.jpg\",\"width\":734,\"height\":734,\"caption\":\"ma\u010dja dlaka\"},{\"@type\":\"BreadcrumbList\",\"@id\":\"https:\\\/\\\/tetraktis.si\\\/en\\\/izdelek\\\/dorwest-evening-primrose-oil-capsules-for-dogs-and-cats\\\/#breadcrumb\",\"itemListElement\":[{\"@type\":\"ListItem\",\"position\":1,\"name\":\"Shop\",\"item\":\"https:\\\/\\\/tetraktis.si\\\/en\\\/shop-3\\\/\"},{\"@type\":\"ListItem\",\"position\":2,\"name\":\"Dorwest Evening Primrose Oil Capsules For Dogs And Cats\"}]},{\"@type\":\"WebSite\",\"@id\":\"https:\\\/\\\/tetraktis.si\\\/en\\\/#website\",\"url\":\"https:\\\/\\\/tetraktis.si\\\/en\\\/\",\"name\":\"Tetraktis- Equine America, Dorwest, Excel\",\"description\":\"Samo najbolj\u0161e za va\u0161e \u017eivali\",\"publisher\":{\"@id\":\"https:\\\/\\\/tetraktis.si\\\/en\\\/#organization\"},\"potentialAction\":[{\"@type\":\"SearchAction\",\"target\":{\"@type\":\"EntryPoint\",\"urlTemplate\":\"https:\\\/\\\/tetraktis.si\\\/en\\\/?s={search_term_string}\"},\"query-input\":{\"@type\":\"PropertyValueSpecification\",\"valueRequired\":true,\"valueName\":\"search_term_string\"}}],\"inLanguage\":\"en-US\"},{\"@type\":\"Organization\",\"@id\":\"https:\\\/\\\/tetraktis.si\\\/en\\\/#organization\",\"name\":\"Tetraktis\",\"url\":\"https:\\\/\\\/tetraktis.si\\\/en\\\/\",\"logo\":{\"@type\":\"ImageObject\",\"inLanguage\":\"en-US\",\"@id\":\"https:\\\/\\\/tetraktis.si\\\/en\\\/#\\\/schema\\\/logo\\\/image\\\/\",\"url\":\"https:\\\/\\\/tetraktis.si\\\/wp-content\\\/uploads\\\/2022\\\/06\\\/logo.webp\",\"contentUrl\":\"https:\\\/\\\/tetraktis.si\\\/wp-content\\\/uploads\\\/2022\\\/06\\\/logo.webp\",\"width\":400,\"height\":211,\"caption\":\"Tetraktis\"},\"image\":{\"@id\":\"https:\\\/\\\/tetraktis.si\\\/en\\\/#\\\/schema\\\/logo\\\/image\\\/\"},\"sameAs\":[\"https:\\\/\\\/business.facebook.com\\\/equineamericashop\\\/?business_id=193323571192825\",\"https:\\\/\\\/x.com\\\/TetraktisInfo\",\"https:\\\/\\\/www.instagram.com\\\/tetraktisslovenija\\\/\",\"https:\\\/\\\/www.youtube.com\\\/channel\\\/UCk_PdKMdtpZ4pf0RRFL1vYA\"]}]}<\/script>\n<!-- \/ Yoast SEO Premium plugin. -->","yoast_head_json":{"title":"Dorwest Evening Primrose Oil Capsules For Dogs And Cats","description":"Dorwest Evening Primrose Oil Capsules For Dogs And Cats not only enhance the skin and coat but also help maintain normal hormonal balance.","robots":{"index":"index","follow":"follow","max-snippet":"max-snippet:-1","max-image-preview":"max-image-preview:large","max-video-preview":"max-video-preview:-1"},"canonical":"https:\/\/tetraktis.si\/en\/izdelek\/dorwest-evening-primrose-oil-capsules-for-dogs-and-cats\/","og_locale":"en_US","og_type":"article","og_title":"Dorwest Evening Primrose Oil Capsules For Dogs And Cats","og_description":"Dorwest Evening Primrose Oil Capsules For Dogs And Cats not only enhance the skin and coat but also help maintain normal hormonal balance.","og_url":"https:\/\/tetraktis.si\/en\/izdelek\/dorwest-evening-primrose-oil-capsules-for-dogs-and-cats\/","og_site_name":"Tetraktis- Equine America, Dorwest, Excel","article_publisher":"https:\/\/business.facebook.com\/equineamericashop\/?business_id=193323571192825","article_modified_time":"2023-03-28T07:00:08+00:00","og_image":[{"width":734,"height":734,"url":"https:\/\/tetraktis.si\/wp-content\/uploads\/2022\/04\/Dorwest-dvoletni-svetlin-olje-za-pse-in-macke-kapsule-3.jpg","type":"image\/jpeg"}],"twitter_card":"summary_large_image","twitter_site":"@TetraktisInfo","twitter_misc":{"Est. reading time":"2 minutes"},"schema":{"@context":"https:\/\/schema.org","@graph":[{"@type":"WebPage","@id":"https:\/\/tetraktis.si\/en\/izdelek\/dorwest-evening-primrose-oil-capsules-for-dogs-and-cats\/","url":"https:\/\/tetraktis.si\/en\/izdelek\/dorwest-evening-primrose-oil-capsules-for-dogs-and-cats\/","name":"Dorwest Evening Primrose Oil Capsules For Dogs And Cats","isPartOf":{"@id":"https:\/\/tetraktis.si\/en\/#website"},"primaryImageOfPage":{"@id":"https:\/\/tetraktis.si\/en\/izdelek\/dorwest-evening-primrose-oil-capsules-for-dogs-and-cats\/#primaryimage"},"image":{"@id":"https:\/\/tetraktis.si\/en\/izdelek\/dorwest-evening-primrose-oil-capsules-for-dogs-and-cats\/#primaryimage"},"thumbnailUrl":"https:\/\/tetraktis.si\/wp-content\/uploads\/2022\/04\/Dorwest-dvoletni-svetlin-olje-za-pse-in-macke-kapsule-3.jpg","datePublished":"2022-04-27T13:58:17+00:00","dateModified":"2023-03-28T07:00:08+00:00","description":"Dorwest Evening Primrose Oil Capsules For Dogs And Cats not only enhance the skin and coat but also help maintain normal hormonal balance.","breadcrumb":{"@id":"https:\/\/tetraktis.si\/en\/izdelek\/dorwest-evening-primrose-oil-capsules-for-dogs-and-cats\/#breadcrumb"},"inLanguage":"en-US","potentialAction":[{"@type":"ReadAction","target":["https:\/\/tetraktis.si\/en\/izdelek\/dorwest-evening-primrose-oil-capsules-for-dogs-and-cats\/"]}]},{"@type":"ImageObject","inLanguage":"en-US","@id":"https:\/\/tetraktis.si\/en\/izdelek\/dorwest-evening-primrose-oil-capsules-for-dogs-and-cats\/#primaryimage","url":"https:\/\/tetraktis.si\/wp-content\/uploads\/2022\/04\/Dorwest-dvoletni-svetlin-olje-za-pse-in-macke-kapsule-3.jpg","contentUrl":"https:\/\/tetraktis.si\/wp-content\/uploads\/2022\/04\/Dorwest-dvoletni-svetlin-olje-za-pse-in-macke-kapsule-3.jpg","width":734,"height":734,"caption":"ma\u010dja dlaka"},{"@type":"BreadcrumbList","@id":"https:\/\/tetraktis.si\/en\/izdelek\/dorwest-evening-primrose-oil-capsules-for-dogs-and-cats\/#breadcrumb","itemListElement":[{"@type":"ListItem","position":1,"name":"Shop","item":"https:\/\/tetraktis.si\/en\/shop-3\/"},{"@type":"ListItem","position":2,"name":"Dorwest Evening Primrose Oil Capsules For Dogs And Cats"}]},{"@type":"WebSite","@id":"https:\/\/tetraktis.si\/en\/#website","url":"https:\/\/tetraktis.si\/en\/","name":"Tetraktis- Equine America, Dorwest, Excel","description":"Samo najbolj\u0161e za va\u0161e \u017eivali","publisher":{"@id":"https:\/\/tetraktis.si\/en\/#organization"},"potentialAction":[{"@type":"SearchAction","target":{"@type":"EntryPoint","urlTemplate":"https:\/\/tetraktis.si\/en\/?s={search_term_string}"},"query-input":{"@type":"PropertyValueSpecification","valueRequired":true,"valueName":"search_term_string"}}],"inLanguage":"en-US"},{"@type":"Organization","@id":"https:\/\/tetraktis.si\/en\/#organization","name":"Tetraktis","url":"https:\/\/tetraktis.si\/en\/","logo":{"@type":"ImageObject","inLanguage":"en-US","@id":"https:\/\/tetraktis.si\/en\/#\/schema\/logo\/image\/","url":"https:\/\/tetraktis.si\/wp-content\/uploads\/2022\/06\/logo.webp","contentUrl":"https:\/\/tetraktis.si\/wp-content\/uploads\/2022\/06\/logo.webp","width":400,"height":211,"caption":"Tetraktis"},"image":{"@id":"https:\/\/tetraktis.si\/en\/#\/schema\/logo\/image\/"},"sameAs":["https:\/\/business.facebook.com\/equineamericashop\/?business_id=193323571192825","https:\/\/x.com\/TetraktisInfo","https:\/\/www.instagram.com\/tetraktisslovenija\/","https:\/\/www.youtube.com\/channel\/UCk_PdKMdtpZ4pf0RRFL1vYA"]}]}},"_links":{"self":[{"href":"https:\/\/tetraktis.si\/en\/wp-json\/wp\/v2\/product\/32568","targetHints":{"allow":["GET"]}}],"collection":[{"href":"https:\/\/tetraktis.si\/en\/wp-json\/wp\/v2\/product"}],"about":[{"href":"https:\/\/tetraktis.si\/en\/wp-json\/wp\/v2\/types\/product"}],"replies":[{"embeddable":true,"href":"https:\/\/tetraktis.si\/en\/wp-json\/wp\/v2\/comments?post=32568"}],"version-history":[{"count":1,"href":"https:\/\/tetraktis.si\/en\/wp-json\/wp\/v2\/product\/32568\/revisions"}],"predecessor-version":[{"id":37147,"href":"https:\/\/tetraktis.si\/en\/wp-json\/wp\/v2\/product\/32568\/revisions\/37147"}],"wp:featuredmedia":[{"embeddable":true,"href":"https:\/\/tetraktis.si\/en\/wp-json\/wp\/v2\/media\/24924"}],"wp:attachment":[{"href":"https:\/\/tetraktis.si\/en\/wp-json\/wp\/v2\/media?parent=32568"}],"wp:term":[{"taxonomy":"product_brand","embeddable":true,"href":"https:\/\/tetraktis.si\/en\/wp-json\/wp\/v2\/product_brand?post=32568"},{"taxonomy":"product_cat","embeddable":true,"href":"https:\/\/tetraktis.si\/en\/wp-json\/wp\/v2\/product_cat?post=32568"},{"taxonomy":"product_tag","embeddable":true,"href":"https:\/\/tetraktis.si\/en\/wp-json\/wp\/v2\/product_tag?post=32568"}],"curies":[{"name":"wp","href":"https:\/\/api.w.org\/{rel}","templated":true}]}}