{"id":32562,"date":"2022-04-27T15:58:17","date_gmt":"2022-04-27T13:58:17","guid":{"rendered":"https:\/\/cortaflex.si\/izdelek\/dorwest-neutradog-tablets-for-dogs-and-cats\/"},"modified":"2023-03-28T09:00:05","modified_gmt":"2023-03-28T07:00:05","slug":"dorwest-neutradog-tablets-for-dogs-and-cats","status":"publish","type":"product","link":"https:\/\/tetraktis.si\/en\/izdelek\/dorwest-neutradog-tablets-for-dogs-and-cats\/","title":{"rendered":"Dorwest Neutradog Tablets For Dogs And Cats"},"content":{"rendered":"<h1>Dorwest Neutradog Tablets For Dogs And Cats<\/h1>\n<p>Dorwest Neutradog Tablets For Dogs And Cats is powerful combination of chlorophyllin, parsley, seaweed and mint, which is perfect to neutralise smells by absorbing odour causing compounds and naturally removing them through the body.<\/p>\n<p>You may notice your dog has a stronger smell as they get older.<\/p>\n<p><strong>Dorwest Neutradog Tablets<\/strong> For Dogs And Cats ensures the odours are neutralised before they can be secreted through the skin, making it perfect for a whole host of \u2018smelly\u2019 issues! Ideal for:<\/p>\n<ul>\n<li>Smelly older dogs<\/li>\n<li>Bitches in season<\/li>\n<li>Yeasty smelly skin<\/li>\n<li>Bad breath<\/li>\n<\/ul>\n<p>The humble Parsley plant is often underestimated, however this green leafed herb is naturally rich in chlorophyll, a natural odour absorbing compound.<\/p>\n<p>Chlorophyll, or more importantly chlorophyllin (a water soluble version), helps to neutralise smells by absorbing odour causing compounds and naturally removing them through the system.<\/p>\n<p><a href=\"https:\/\/www.tetraktis.si\/en\/product\/dorwest-kelp-seaweed\/\">Kelp seaweed<\/a> has an important role to play in helping to eliminate toxins. Naturally rich in anti-oxidants this provides support to the natural anti-inflammatory processes within the body.<\/p>\n<p>Mint, a\u00a0cooling herb, is perfect for neutralising nasty smells within the body and also soothing the digestion.<\/p>\n<p><strong>Ingredients:\u00a0<\/strong>Calcium Carbonate, Maltodextrin, Cellulose, Peppermint oil powder (40mg), Kelp Seaweed extract (Fucus vesiculosis) (equiv. 100mg), Sodium copper chlorophyllin (15mg), Parsley extract (equiv 50mg), Cellulose coating, Magnesium sterate, Silicon Dixoide<\/p>\n<p><strong>Administration:\u00a0<\/strong>1 tablet per 10kg bodyweight daily. Can increase to double the amount, if necessary. Recommended to be given for the minimum of one month.<\/p>\n<p><strong>Can be used during pregnancy?:\u00a0<\/strong>No<\/p>\n<p><strong>Can be used during lactation?:\u00a0<\/strong>No<\/p>\n<p><strong>Interactions:\u00a0<\/strong>Can be given in conjunction with any medication.<\/p>\n<p><strong>Product Finishing:\u00a0<\/strong>Film Coated<\/p>\n<p><strong>Suitable from:\u00a0<\/strong>From 8 weeks<\/p>\n","protected":false},"excerpt":{"rendered":"<p>This powerful combination of chlorophyllin, parsley, seaweed and mint is perfect to neutralise a whole host of `smelly` issues!<\/p>\n","protected":false},"featured_media":24953,"comment_status":"open","ping_status":"closed","template":"","meta":[],"product_brand":[329],"product_cat":[3323,3349],"product_tag":[],"class_list":{"0":"post-32562","1":"product","2":"type-product","3":"status-publish","4":"has-post-thumbnail","6":"product_brand-dorwest","7":"product_cat-dogs-cats","8":"product_cat-izdelki-za-macke-en","11":"first","12":"instock","13":"taxable","14":"shipping-taxable","15":"purchasable","16":"product-type-variable"},"yoast_head":"<!-- This site is optimized with the Yoast SEO Premium plugin v20.10 (Yoast SEO v27.3) - https:\/\/yoast.com\/product\/yoast-seo-premium-wordpress\/ -->\n<title>Dorwest Neutradog Tablets For Cats and Dogs- neutralising odours<\/title>\n<meta name=\"description\" content=\"Dorwest Neutradog tablets- neutralising smells by absorbing odour causing compounds and naturally removing them through the body.\" \/>\n<meta name=\"robots\" content=\"index, follow, max-snippet:-1, max-image-preview:large, max-video-preview:-1\" \/>\n<link rel=\"canonical\" href=\"https:\/\/tetraktis.si\/en\/izdelek\/dorwest-neutradog-tablets-for-dogs-and-cats\/\" \/>\n<meta property=\"og:locale\" content=\"en_US\" \/>\n<meta property=\"og:type\" content=\"article\" \/>\n<meta property=\"og:title\" content=\"Dorwest Neutradog Tablets For Cats and Dogs- neutralising odours\" \/>\n<meta property=\"og:description\" content=\"Dorwest Neutradog tablets- neutralising smells by absorbing odour causing compounds and naturally removing them through the body.\" \/>\n<meta property=\"og:url\" content=\"https:\/\/tetraktis.si\/en\/izdelek\/dorwest-neutradog-tablets-for-dogs-and-cats\/\" \/>\n<meta property=\"og:site_name\" content=\"Tetraktis- Equine America, Dorwest, Excel\" \/>\n<meta property=\"article:publisher\" content=\"https:\/\/business.facebook.com\/equineamericashop\/?business_id=193323571192825\" \/>\n<meta property=\"article:modified_time\" content=\"2023-03-28T07:00:05+00:00\" \/>\n<meta property=\"og:image\" content=\"https:\/\/tetraktis.si\/wp-content\/uploads\/2022\/04\/Dorwest-Neutradog-tablete-za-pse-1.jpg\" \/>\n\t<meta property=\"og:image:width\" content=\"734\" \/>\n\t<meta property=\"og:image:height\" content=\"734\" \/>\n\t<meta property=\"og:image:type\" content=\"image\/jpeg\" \/>\n<meta name=\"twitter:card\" content=\"summary_large_image\" \/>\n<meta name=\"twitter:site\" content=\"@TetraktisInfo\" \/>\n<meta name=\"twitter:label1\" content=\"Est. reading time\" \/>\n\t<meta name=\"twitter:data1\" content=\"2 minutes\" \/>\n<script type=\"application\/ld+json\" class=\"yoast-schema-graph\">{\"@context\":\"https:\\\/\\\/schema.org\",\"@graph\":[{\"@type\":\"WebPage\",\"@id\":\"https:\\\/\\\/tetraktis.si\\\/en\\\/izdelek\\\/dorwest-neutradog-tablets-for-dogs-and-cats\\\/\",\"url\":\"https:\\\/\\\/tetraktis.si\\\/en\\\/izdelek\\\/dorwest-neutradog-tablets-for-dogs-and-cats\\\/\",\"name\":\"Dorwest Neutradog Tablets For Cats and Dogs- neutralising odours\",\"isPartOf\":{\"@id\":\"https:\\\/\\\/tetraktis.si\\\/en\\\/#website\"},\"primaryImageOfPage\":{\"@id\":\"https:\\\/\\\/tetraktis.si\\\/en\\\/izdelek\\\/dorwest-neutradog-tablets-for-dogs-and-cats\\\/#primaryimage\"},\"image\":{\"@id\":\"https:\\\/\\\/tetraktis.si\\\/en\\\/izdelek\\\/dorwest-neutradog-tablets-for-dogs-and-cats\\\/#primaryimage\"},\"thumbnailUrl\":\"https:\\\/\\\/tetraktis.si\\\/wp-content\\\/uploads\\\/2022\\\/04\\\/Dorwest-Neutradog-tablete-za-pse-1.jpg\",\"datePublished\":\"2022-04-27T13:58:17+00:00\",\"dateModified\":\"2023-03-28T07:00:05+00:00\",\"description\":\"Dorwest Neutradog tablets- neutralising smells by absorbing odour causing compounds and naturally removing them through the body.\",\"breadcrumb\":{\"@id\":\"https:\\\/\\\/tetraktis.si\\\/en\\\/izdelek\\\/dorwest-neutradog-tablets-for-dogs-and-cats\\\/#breadcrumb\"},\"inLanguage\":\"en-US\",\"potentialAction\":[{\"@type\":\"ReadAction\",\"target\":[\"https:\\\/\\\/tetraktis.si\\\/en\\\/izdelek\\\/dorwest-neutradog-tablets-for-dogs-and-cats\\\/\"]}]},{\"@type\":\"ImageObject\",\"inLanguage\":\"en-US\",\"@id\":\"https:\\\/\\\/tetraktis.si\\\/en\\\/izdelek\\\/dorwest-neutradog-tablets-for-dogs-and-cats\\\/#primaryimage\",\"url\":\"https:\\\/\\\/tetraktis.si\\\/wp-content\\\/uploads\\\/2022\\\/04\\\/Dorwest-Neutradog-tablete-za-pse-1.jpg\",\"contentUrl\":\"https:\\\/\\\/tetraktis.si\\\/wp-content\\\/uploads\\\/2022\\\/04\\\/Dorwest-Neutradog-tablete-za-pse-1.jpg\",\"width\":734,\"height\":734,\"caption\":\"Zadah pri psu\"},{\"@type\":\"BreadcrumbList\",\"@id\":\"https:\\\/\\\/tetraktis.si\\\/en\\\/izdelek\\\/dorwest-neutradog-tablets-for-dogs-and-cats\\\/#breadcrumb\",\"itemListElement\":[{\"@type\":\"ListItem\",\"position\":1,\"name\":\"Shop\",\"item\":\"https:\\\/\\\/tetraktis.si\\\/en\\\/shop-3\\\/\"},{\"@type\":\"ListItem\",\"position\":2,\"name\":\"Dorwest Neutradog Tablets For Dogs And Cats\"}]},{\"@type\":\"WebSite\",\"@id\":\"https:\\\/\\\/tetraktis.si\\\/en\\\/#website\",\"url\":\"https:\\\/\\\/tetraktis.si\\\/en\\\/\",\"name\":\"Tetraktis- Equine America, Dorwest, Excel\",\"description\":\"Samo najbolj\u0161e za va\u0161e \u017eivali\",\"publisher\":{\"@id\":\"https:\\\/\\\/tetraktis.si\\\/en\\\/#organization\"},\"potentialAction\":[{\"@type\":\"SearchAction\",\"target\":{\"@type\":\"EntryPoint\",\"urlTemplate\":\"https:\\\/\\\/tetraktis.si\\\/en\\\/?s={search_term_string}\"},\"query-input\":{\"@type\":\"PropertyValueSpecification\",\"valueRequired\":true,\"valueName\":\"search_term_string\"}}],\"inLanguage\":\"en-US\"},{\"@type\":\"Organization\",\"@id\":\"https:\\\/\\\/tetraktis.si\\\/en\\\/#organization\",\"name\":\"Tetraktis\",\"url\":\"https:\\\/\\\/tetraktis.si\\\/en\\\/\",\"logo\":{\"@type\":\"ImageObject\",\"inLanguage\":\"en-US\",\"@id\":\"https:\\\/\\\/tetraktis.si\\\/en\\\/#\\\/schema\\\/logo\\\/image\\\/\",\"url\":\"https:\\\/\\\/tetraktis.si\\\/wp-content\\\/uploads\\\/2022\\\/06\\\/logo.webp\",\"contentUrl\":\"https:\\\/\\\/tetraktis.si\\\/wp-content\\\/uploads\\\/2022\\\/06\\\/logo.webp\",\"width\":400,\"height\":211,\"caption\":\"Tetraktis\"},\"image\":{\"@id\":\"https:\\\/\\\/tetraktis.si\\\/en\\\/#\\\/schema\\\/logo\\\/image\\\/\"},\"sameAs\":[\"https:\\\/\\\/business.facebook.com\\\/equineamericashop\\\/?business_id=193323571192825\",\"https:\\\/\\\/x.com\\\/TetraktisInfo\",\"https:\\\/\\\/www.instagram.com\\\/tetraktisslovenija\\\/\",\"https:\\\/\\\/www.youtube.com\\\/channel\\\/UCk_PdKMdtpZ4pf0RRFL1vYA\"]}]}<\/script>\n<!-- \/ Yoast SEO Premium plugin. -->","yoast_head_json":{"title":"Dorwest Neutradog Tablets For Cats and Dogs- neutralising odours","description":"Dorwest Neutradog tablets- neutralising smells by absorbing odour causing compounds and naturally removing them through the body.","robots":{"index":"index","follow":"follow","max-snippet":"max-snippet:-1","max-image-preview":"max-image-preview:large","max-video-preview":"max-video-preview:-1"},"canonical":"https:\/\/tetraktis.si\/en\/izdelek\/dorwest-neutradog-tablets-for-dogs-and-cats\/","og_locale":"en_US","og_type":"article","og_title":"Dorwest Neutradog Tablets For Cats and Dogs- neutralising odours","og_description":"Dorwest Neutradog tablets- neutralising smells by absorbing odour causing compounds and naturally removing them through the body.","og_url":"https:\/\/tetraktis.si\/en\/izdelek\/dorwest-neutradog-tablets-for-dogs-and-cats\/","og_site_name":"Tetraktis- Equine America, Dorwest, Excel","article_publisher":"https:\/\/business.facebook.com\/equineamericashop\/?business_id=193323571192825","article_modified_time":"2023-03-28T07:00:05+00:00","og_image":[{"width":734,"height":734,"url":"https:\/\/tetraktis.si\/wp-content\/uploads\/2022\/04\/Dorwest-Neutradog-tablete-za-pse-1.jpg","type":"image\/jpeg"}],"twitter_card":"summary_large_image","twitter_site":"@TetraktisInfo","twitter_misc":{"Est. reading time":"2 minutes"},"schema":{"@context":"https:\/\/schema.org","@graph":[{"@type":"WebPage","@id":"https:\/\/tetraktis.si\/en\/izdelek\/dorwest-neutradog-tablets-for-dogs-and-cats\/","url":"https:\/\/tetraktis.si\/en\/izdelek\/dorwest-neutradog-tablets-for-dogs-and-cats\/","name":"Dorwest Neutradog Tablets For Cats and Dogs- neutralising odours","isPartOf":{"@id":"https:\/\/tetraktis.si\/en\/#website"},"primaryImageOfPage":{"@id":"https:\/\/tetraktis.si\/en\/izdelek\/dorwest-neutradog-tablets-for-dogs-and-cats\/#primaryimage"},"image":{"@id":"https:\/\/tetraktis.si\/en\/izdelek\/dorwest-neutradog-tablets-for-dogs-and-cats\/#primaryimage"},"thumbnailUrl":"https:\/\/tetraktis.si\/wp-content\/uploads\/2022\/04\/Dorwest-Neutradog-tablete-za-pse-1.jpg","datePublished":"2022-04-27T13:58:17+00:00","dateModified":"2023-03-28T07:00:05+00:00","description":"Dorwest Neutradog tablets- neutralising smells by absorbing odour causing compounds and naturally removing them through the body.","breadcrumb":{"@id":"https:\/\/tetraktis.si\/en\/izdelek\/dorwest-neutradog-tablets-for-dogs-and-cats\/#breadcrumb"},"inLanguage":"en-US","potentialAction":[{"@type":"ReadAction","target":["https:\/\/tetraktis.si\/en\/izdelek\/dorwest-neutradog-tablets-for-dogs-and-cats\/"]}]},{"@type":"ImageObject","inLanguage":"en-US","@id":"https:\/\/tetraktis.si\/en\/izdelek\/dorwest-neutradog-tablets-for-dogs-and-cats\/#primaryimage","url":"https:\/\/tetraktis.si\/wp-content\/uploads\/2022\/04\/Dorwest-Neutradog-tablete-za-pse-1.jpg","contentUrl":"https:\/\/tetraktis.si\/wp-content\/uploads\/2022\/04\/Dorwest-Neutradog-tablete-za-pse-1.jpg","width":734,"height":734,"caption":"Zadah pri psu"},{"@type":"BreadcrumbList","@id":"https:\/\/tetraktis.si\/en\/izdelek\/dorwest-neutradog-tablets-for-dogs-and-cats\/#breadcrumb","itemListElement":[{"@type":"ListItem","position":1,"name":"Shop","item":"https:\/\/tetraktis.si\/en\/shop-3\/"},{"@type":"ListItem","position":2,"name":"Dorwest Neutradog Tablets For Dogs And Cats"}]},{"@type":"WebSite","@id":"https:\/\/tetraktis.si\/en\/#website","url":"https:\/\/tetraktis.si\/en\/","name":"Tetraktis- Equine America, Dorwest, Excel","description":"Samo najbolj\u0161e za va\u0161e \u017eivali","publisher":{"@id":"https:\/\/tetraktis.si\/en\/#organization"},"potentialAction":[{"@type":"SearchAction","target":{"@type":"EntryPoint","urlTemplate":"https:\/\/tetraktis.si\/en\/?s={search_term_string}"},"query-input":{"@type":"PropertyValueSpecification","valueRequired":true,"valueName":"search_term_string"}}],"inLanguage":"en-US"},{"@type":"Organization","@id":"https:\/\/tetraktis.si\/en\/#organization","name":"Tetraktis","url":"https:\/\/tetraktis.si\/en\/","logo":{"@type":"ImageObject","inLanguage":"en-US","@id":"https:\/\/tetraktis.si\/en\/#\/schema\/logo\/image\/","url":"https:\/\/tetraktis.si\/wp-content\/uploads\/2022\/06\/logo.webp","contentUrl":"https:\/\/tetraktis.si\/wp-content\/uploads\/2022\/06\/logo.webp","width":400,"height":211,"caption":"Tetraktis"},"image":{"@id":"https:\/\/tetraktis.si\/en\/#\/schema\/logo\/image\/"},"sameAs":["https:\/\/business.facebook.com\/equineamericashop\/?business_id=193323571192825","https:\/\/x.com\/TetraktisInfo","https:\/\/www.instagram.com\/tetraktisslovenija\/","https:\/\/www.youtube.com\/channel\/UCk_PdKMdtpZ4pf0RRFL1vYA"]}]}},"_links":{"self":[{"href":"https:\/\/tetraktis.si\/en\/wp-json\/wp\/v2\/product\/32562","targetHints":{"allow":["GET"]}}],"collection":[{"href":"https:\/\/tetraktis.si\/en\/wp-json\/wp\/v2\/product"}],"about":[{"href":"https:\/\/tetraktis.si\/en\/wp-json\/wp\/v2\/types\/product"}],"replies":[{"embeddable":true,"href":"https:\/\/tetraktis.si\/en\/wp-json\/wp\/v2\/comments?post=32562"}],"version-history":[{"count":1,"href":"https:\/\/tetraktis.si\/en\/wp-json\/wp\/v2\/product\/32562\/revisions"}],"predecessor-version":[{"id":37145,"href":"https:\/\/tetraktis.si\/en\/wp-json\/wp\/v2\/product\/32562\/revisions\/37145"}],"wp:featuredmedia":[{"embeddable":true,"href":"https:\/\/tetraktis.si\/en\/wp-json\/wp\/v2\/media\/24953"}],"wp:attachment":[{"href":"https:\/\/tetraktis.si\/en\/wp-json\/wp\/v2\/media?parent=32562"}],"wp:term":[{"taxonomy":"product_brand","embeddable":true,"href":"https:\/\/tetraktis.si\/en\/wp-json\/wp\/v2\/product_brand?post=32562"},{"taxonomy":"product_cat","embeddable":true,"href":"https:\/\/tetraktis.si\/en\/wp-json\/wp\/v2\/product_cat?post=32562"},{"taxonomy":"product_tag","embeddable":true,"href":"https:\/\/tetraktis.si\/en\/wp-json\/wp\/v2\/product_tag?post=32562"}],"curies":[{"name":"wp","href":"https:\/\/api.w.org\/{rel}","templated":true}]}}