{"id":32559,"date":"2022-04-27T15:59:19","date_gmt":"2022-04-27T13:59:19","guid":{"rendered":"https:\/\/cortaflex.si\/izdelek\/dorwest-soothe-calm-shampoo-for-dogs-and-cats\/"},"modified":"2023-03-28T08:59:34","modified_gmt":"2023-03-28T06:59:34","slug":"dorwest-soothe-shampoo","status":"publish","type":"product","link":"https:\/\/tetraktis.si\/en\/izdelek\/dorwest-soothe-shampoo\/","title":{"rendered":"Dorwest Soothe &#038; Calm Shampoo for dogs and cats"},"content":{"rendered":"<h1 dir=\"LTR\" align=\"LEFT\"><strong>Dorwest Soothe &amp; Calm Shampoo<\/strong><\/h1>\n<p dir=\"LTR\" align=\"LEFT\"><strong>Dorwest Soothe &amp; Calm Shampoo is a<\/strong><strong> naturally soothing, moisturizing and calming shampoo, ideal for sensitive skin<\/strong><\/p>\n<p dir=\"LTR\" align=\"LEFT\">Specially formulated for sensitive skin, this nourishing, natural shampoo for dogs and cats helps to restore, moisturize and rebalance.<\/p>\n<p dir=\"LTR\" align=\"LEFT\">It combines the soothing and hydrating powers of oatmeal, aloe vera, and chamomile extract with the calming properties of lavender essential oil and extract. A neutral pH ensures this shampoo works harmoniously with your pet\u2019s skin and by using no artificial fragrances, SLS or parabens and being free of silicone, mineral oil, and PEGs, it`s both natural and hypoallergenic.<\/p>\n<h2 dir=\"LTR\" align=\"LEFT\">Dorwest Soothe &amp; Calm Shampoo\u00a0From helping to relieve dry, irritated or flaky skin, to maintaining healthy skin and a glossy coat, this shampoo provides the perfect pamper treat for your pet<\/h2>\n<h2><strong>Do I need to wash my dog?<\/strong><\/h2>\n<p>Some dogs would rather skip bath time but alongside regular brushing, washing your dog with a natural dog shampoo is an important step in your dog\u2019s grooming regime. As well as cleaning dust, dirt, and mud from the coat, washing also helps remove any allergens such as pollens, that can be picked up whilst out on their adventures.<\/p>\n<h2><strong>How often should I wash my pet?<\/strong><\/h2>\n<p>This will be different for every dog, depending on their particular needs. Dogs with skin conditions shouldn\u2019t be washed more than is necessary to avoid their skin from becoming overly sensitive.<\/p>\n<p>Smooth-coated breeds are relatively low-maintenance grooming-wise and do not need to be washed as often as other coat types. However, a dog with a double coat needs regular brushing and washing to remove hair, dead skin and to avoid knots. Similarly, with curly-coated breeds like Poodles or Welsh Terriers, daily brushing will keep their coat knot-free and regular washing will leave it feeling soft and healthy.<\/p>\n<h2><strong>What makes Dorwest shampoos different?<\/strong><\/h2>\n<p>When it comes to healthy, glossy coats we believe going natural is best, which is why our natural shampoos for dogs and cats contain no artificial fragrances, SLS, or parabens as well as being silicone, mineral oil, petroleum, and PEG-free. Using only the highest quality, natural ingredients, our shampoos are perfectly balanced to enhance your pet`s coat condition and shine. Each shampoo is suitable for regular use with unique benefits to ensure you find the perfect match for your pet. Good instability means no residues are left behind and the pH is balanced for your pet`s skin (unlike human shampoos) for gentle and effective cleaning. We aren`t promising they`ll make washing your pet any easier, but we do promise showstopping results.<\/p>\n<p><strong>Ingredients:\u00a0<\/strong>Oatmeal, lavender essential oil, lavender, aloe vera, and chamomile extracts. See label for full ingredients listing.<\/p>\n<p><strong>Administration:\u00a0<\/strong>Apply externally to coat and skin, leave for a few minutes before rinsing.<\/p>\n<p><strong>Can be used during pregnancy?:\u00a0<\/strong>Yes<\/p>\n<p><strong>Can be used during lactation?:\u00a0<\/strong>Yes<\/p>\n<p><strong>Interactions:\u00a0<\/strong>Can be given in conjunction with any medication<\/p>\n<p><strong>Product Finishing:\u00a0<\/strong>Liquid (Non-extracted)<\/p>\n<p><strong>Special Warnings:\u00a0<\/strong>Care should be taken when using near the eye, ear and nose area. Not for internal use.<\/p>\n<p>Check for other great Dorwest products in <a href=\"https:\/\/www.tetraktis.si\/en\/product-category\/dogs-cats\/dorwest-herbs\/\">our shop<\/a>!<\/p>\n<p>Producer of\u00a0Dorwest Soothe &amp; Calm Shampoo: <a href=\"https:\/\/www.dorwest.com\/\">Dorwest Ltd<\/a>, Uk.<\/p>\n<p><a href=\"https:\/\/www.dorwest.com\/\">Dorwest<\/a> is an expert in herbal pet care. They take the word \u2018expert\u2019 very seriously. It\u2019s taken years of experience, a wealth of knowledge, and working to only the highest standards to become the UK\u2019s leading provider of canine and feline herbal supplements.<\/p>\n<p>Dorwest is the leading authority on veterinary herbal supplements which they have been producing for over 70 years.<\/p>\n","protected":false},"excerpt":{"rendered":"<p>Specially formulated for sensitive skin, this nourishing, natural shampoo for dogs and cats helps to restore, moisturise and rebalance.<\/p>\n","protected":false},"featured_media":25006,"comment_status":"open","ping_status":"closed","template":"","meta":[],"product_brand":[],"product_cat":[3323,3349,3334,3336,3344],"product_tag":[],"class_list":{"0":"post-32559","1":"product","2":"type-product","3":"status-publish","4":"has-post-thumbnail","6":"product_cat-dogs-cats","7":"product_cat-izdelki-za-macke-en","8":"product_cat-nega-psa-en","9":"product_cat-pasja-dlaka-in-koza-en","10":"product_cat-samponi-in-nega-en","13":"first","14":"instock","15":"taxable","16":"shipping-taxable","17":"purchasable","18":"product-type-simple"},"yoast_head":"<!-- This site is optimized with the Yoast SEO Premium plugin v20.10 (Yoast SEO v27.5) - https:\/\/yoast.com\/product\/yoast-seo-premium-wordpress\/ -->\n<title>Dorwest Soothe &amp; Calm Shampoo for dogs and cats - for sensitive skin<\/title>\n<meta name=\"description\" content=\"Dorwest Soothe &amp; Calm Shampoo is a naturally soothing, moisturizing, and calming shampoo. Specially formulated for sensitive skin\" \/>\n<meta name=\"robots\" content=\"index, follow, max-snippet:-1, max-image-preview:large, max-video-preview:-1\" \/>\n<link rel=\"canonical\" href=\"https:\/\/tetraktis.si\/en\/izdelek\/dorwest-soothe-shampoo\/\" \/>\n<meta property=\"og:locale\" content=\"en_US\" \/>\n<meta property=\"og:type\" content=\"article\" \/>\n<meta property=\"og:title\" content=\"Dorwest Soothe &amp; Calm Shampoo for dogs and cats - for sensitive skin\" \/>\n<meta property=\"og:description\" content=\"Dorwest Soothe &amp; Calm Shampoo is a naturally soothing, moisturizing, and calming shampoo. Specially formulated for sensitive skin\" \/>\n<meta property=\"og:url\" content=\"https:\/\/tetraktis.si\/en\/izdelek\/dorwest-soothe-shampoo\/\" \/>\n<meta property=\"og:site_name\" content=\"Tetraktis- Equine America, Dorwest, Excel\" \/>\n<meta property=\"article:publisher\" content=\"https:\/\/business.facebook.com\/equineamericashop\/?business_id=193323571192825\" \/>\n<meta property=\"article:modified_time\" content=\"2023-03-28T06:59:34+00:00\" \/>\n<meta property=\"og:image\" content=\"https:\/\/tetraktis.si\/wp-content\/uploads\/2022\/04\/dorwest-Sivka-Oves-250.jpg\" \/>\n\t<meta property=\"og:image:width\" content=\"734\" \/>\n\t<meta property=\"og:image:height\" content=\"734\" \/>\n\t<meta property=\"og:image:type\" content=\"image\/jpeg\" \/>\n<meta name=\"twitter:card\" content=\"summary_large_image\" \/>\n<meta name=\"twitter:site\" content=\"@TetraktisInfo\" \/>\n<meta name=\"twitter:label1\" content=\"Est. reading time\" \/>\n\t<meta name=\"twitter:data1\" content=\"3 minutes\" \/>\n<script type=\"application\/ld+json\" class=\"yoast-schema-graph\">{\"@context\":\"https:\\\/\\\/schema.org\",\"@graph\":[{\"@type\":\"WebPage\",\"@id\":\"https:\\\/\\\/tetraktis.si\\\/en\\\/izdelek\\\/dorwest-soothe-shampoo\\\/\",\"url\":\"https:\\\/\\\/tetraktis.si\\\/en\\\/izdelek\\\/dorwest-soothe-shampoo\\\/\",\"name\":\"Dorwest Soothe & Calm Shampoo for dogs and cats - for sensitive skin\",\"isPartOf\":{\"@id\":\"https:\\\/\\\/tetraktis.si\\\/en\\\/#website\"},\"primaryImageOfPage\":{\"@id\":\"https:\\\/\\\/tetraktis.si\\\/en\\\/izdelek\\\/dorwest-soothe-shampoo\\\/#primaryimage\"},\"image\":{\"@id\":\"https:\\\/\\\/tetraktis.si\\\/en\\\/izdelek\\\/dorwest-soothe-shampoo\\\/#primaryimage\"},\"thumbnailUrl\":\"https:\\\/\\\/tetraktis.si\\\/wp-content\\\/uploads\\\/2022\\\/04\\\/dorwest-Sivka-Oves-250.jpg\",\"datePublished\":\"2022-04-27T13:59:19+00:00\",\"dateModified\":\"2023-03-28T06:59:34+00:00\",\"description\":\"Dorwest Soothe & Calm Shampoo is a naturally soothing, moisturizing, and calming shampoo. Specially formulated for sensitive skin\",\"breadcrumb\":{\"@id\":\"https:\\\/\\\/tetraktis.si\\\/en\\\/izdelek\\\/dorwest-soothe-shampoo\\\/#breadcrumb\"},\"inLanguage\":\"en-US\",\"potentialAction\":[{\"@type\":\"ReadAction\",\"target\":[\"https:\\\/\\\/tetraktis.si\\\/en\\\/izdelek\\\/dorwest-soothe-shampoo\\\/\"]}]},{\"@type\":\"ImageObject\",\"inLanguage\":\"en-US\",\"@id\":\"https:\\\/\\\/tetraktis.si\\\/en\\\/izdelek\\\/dorwest-soothe-shampoo\\\/#primaryimage\",\"url\":\"https:\\\/\\\/tetraktis.si\\\/wp-content\\\/uploads\\\/2022\\\/04\\\/dorwest-Sivka-Oves-250.jpg\",\"contentUrl\":\"https:\\\/\\\/tetraktis.si\\\/wp-content\\\/uploads\\\/2022\\\/04\\\/dorwest-Sivka-Oves-250.jpg\",\"width\":734,\"height\":734},{\"@type\":\"BreadcrumbList\",\"@id\":\"https:\\\/\\\/tetraktis.si\\\/en\\\/izdelek\\\/dorwest-soothe-shampoo\\\/#breadcrumb\",\"itemListElement\":[{\"@type\":\"ListItem\",\"position\":1,\"name\":\"Shop\",\"item\":\"https:\\\/\\\/tetraktis.si\\\/en\\\/shop-3\\\/\"},{\"@type\":\"ListItem\",\"position\":2,\"name\":\"Dorwest Soothe &#038; Calm Shampoo for dogs and cats\"}]},{\"@type\":\"WebSite\",\"@id\":\"https:\\\/\\\/tetraktis.si\\\/en\\\/#website\",\"url\":\"https:\\\/\\\/tetraktis.si\\\/en\\\/\",\"name\":\"Tetraktis- Equine America, Dorwest, Excel\",\"description\":\"Samo najbolj\u0161e za va\u0161e \u017eivali\",\"publisher\":{\"@id\":\"https:\\\/\\\/tetraktis.si\\\/en\\\/#organization\"},\"potentialAction\":[{\"@type\":\"SearchAction\",\"target\":{\"@type\":\"EntryPoint\",\"urlTemplate\":\"https:\\\/\\\/tetraktis.si\\\/en\\\/?s={search_term_string}\"},\"query-input\":{\"@type\":\"PropertyValueSpecification\",\"valueRequired\":true,\"valueName\":\"search_term_string\"}}],\"inLanguage\":\"en-US\"},{\"@type\":\"Organization\",\"@id\":\"https:\\\/\\\/tetraktis.si\\\/en\\\/#organization\",\"name\":\"Tetraktis\",\"url\":\"https:\\\/\\\/tetraktis.si\\\/en\\\/\",\"logo\":{\"@type\":\"ImageObject\",\"inLanguage\":\"en-US\",\"@id\":\"https:\\\/\\\/tetraktis.si\\\/en\\\/#\\\/schema\\\/logo\\\/image\\\/\",\"url\":\"https:\\\/\\\/tetraktis.si\\\/wp-content\\\/uploads\\\/2022\\\/06\\\/logo.webp\",\"contentUrl\":\"https:\\\/\\\/tetraktis.si\\\/wp-content\\\/uploads\\\/2022\\\/06\\\/logo.webp\",\"width\":400,\"height\":211,\"caption\":\"Tetraktis\"},\"image\":{\"@id\":\"https:\\\/\\\/tetraktis.si\\\/en\\\/#\\\/schema\\\/logo\\\/image\\\/\"},\"sameAs\":[\"https:\\\/\\\/business.facebook.com\\\/equineamericashop\\\/?business_id=193323571192825\",\"https:\\\/\\\/x.com\\\/TetraktisInfo\",\"https:\\\/\\\/www.instagram.com\\\/tetraktisslovenija\\\/\",\"https:\\\/\\\/www.youtube.com\\\/channel\\\/UCk_PdKMdtpZ4pf0RRFL1vYA\"]}]}<\/script>\n<!-- \/ Yoast SEO Premium plugin. -->","yoast_head_json":{"title":"Dorwest Soothe & Calm Shampoo for dogs and cats - for sensitive skin","description":"Dorwest Soothe & Calm Shampoo is a naturally soothing, moisturizing, and calming shampoo. Specially formulated for sensitive skin","robots":{"index":"index","follow":"follow","max-snippet":"max-snippet:-1","max-image-preview":"max-image-preview:large","max-video-preview":"max-video-preview:-1"},"canonical":"https:\/\/tetraktis.si\/en\/izdelek\/dorwest-soothe-shampoo\/","og_locale":"en_US","og_type":"article","og_title":"Dorwest Soothe & Calm Shampoo for dogs and cats - for sensitive skin","og_description":"Dorwest Soothe & Calm Shampoo is a naturally soothing, moisturizing, and calming shampoo. Specially formulated for sensitive skin","og_url":"https:\/\/tetraktis.si\/en\/izdelek\/dorwest-soothe-shampoo\/","og_site_name":"Tetraktis- Equine America, Dorwest, Excel","article_publisher":"https:\/\/business.facebook.com\/equineamericashop\/?business_id=193323571192825","article_modified_time":"2023-03-28T06:59:34+00:00","og_image":[{"width":734,"height":734,"url":"https:\/\/tetraktis.si\/wp-content\/uploads\/2022\/04\/dorwest-Sivka-Oves-250.jpg","type":"image\/jpeg"}],"twitter_card":"summary_large_image","twitter_site":"@TetraktisInfo","twitter_misc":{"Est. reading time":"3 minutes"},"schema":{"@context":"https:\/\/schema.org","@graph":[{"@type":"WebPage","@id":"https:\/\/tetraktis.si\/en\/izdelek\/dorwest-soothe-shampoo\/","url":"https:\/\/tetraktis.si\/en\/izdelek\/dorwest-soothe-shampoo\/","name":"Dorwest Soothe & Calm Shampoo for dogs and cats - for sensitive skin","isPartOf":{"@id":"https:\/\/tetraktis.si\/en\/#website"},"primaryImageOfPage":{"@id":"https:\/\/tetraktis.si\/en\/izdelek\/dorwest-soothe-shampoo\/#primaryimage"},"image":{"@id":"https:\/\/tetraktis.si\/en\/izdelek\/dorwest-soothe-shampoo\/#primaryimage"},"thumbnailUrl":"https:\/\/tetraktis.si\/wp-content\/uploads\/2022\/04\/dorwest-Sivka-Oves-250.jpg","datePublished":"2022-04-27T13:59:19+00:00","dateModified":"2023-03-28T06:59:34+00:00","description":"Dorwest Soothe & Calm Shampoo is a naturally soothing, moisturizing, and calming shampoo. Specially formulated for sensitive skin","breadcrumb":{"@id":"https:\/\/tetraktis.si\/en\/izdelek\/dorwest-soothe-shampoo\/#breadcrumb"},"inLanguage":"en-US","potentialAction":[{"@type":"ReadAction","target":["https:\/\/tetraktis.si\/en\/izdelek\/dorwest-soothe-shampoo\/"]}]},{"@type":"ImageObject","inLanguage":"en-US","@id":"https:\/\/tetraktis.si\/en\/izdelek\/dorwest-soothe-shampoo\/#primaryimage","url":"https:\/\/tetraktis.si\/wp-content\/uploads\/2022\/04\/dorwest-Sivka-Oves-250.jpg","contentUrl":"https:\/\/tetraktis.si\/wp-content\/uploads\/2022\/04\/dorwest-Sivka-Oves-250.jpg","width":734,"height":734},{"@type":"BreadcrumbList","@id":"https:\/\/tetraktis.si\/en\/izdelek\/dorwest-soothe-shampoo\/#breadcrumb","itemListElement":[{"@type":"ListItem","position":1,"name":"Shop","item":"https:\/\/tetraktis.si\/en\/shop-3\/"},{"@type":"ListItem","position":2,"name":"Dorwest Soothe &#038; Calm Shampoo for dogs and cats"}]},{"@type":"WebSite","@id":"https:\/\/tetraktis.si\/en\/#website","url":"https:\/\/tetraktis.si\/en\/","name":"Tetraktis- Equine America, Dorwest, Excel","description":"Samo najbolj\u0161e za va\u0161e \u017eivali","publisher":{"@id":"https:\/\/tetraktis.si\/en\/#organization"},"potentialAction":[{"@type":"SearchAction","target":{"@type":"EntryPoint","urlTemplate":"https:\/\/tetraktis.si\/en\/?s={search_term_string}"},"query-input":{"@type":"PropertyValueSpecification","valueRequired":true,"valueName":"search_term_string"}}],"inLanguage":"en-US"},{"@type":"Organization","@id":"https:\/\/tetraktis.si\/en\/#organization","name":"Tetraktis","url":"https:\/\/tetraktis.si\/en\/","logo":{"@type":"ImageObject","inLanguage":"en-US","@id":"https:\/\/tetraktis.si\/en\/#\/schema\/logo\/image\/","url":"https:\/\/tetraktis.si\/wp-content\/uploads\/2022\/06\/logo.webp","contentUrl":"https:\/\/tetraktis.si\/wp-content\/uploads\/2022\/06\/logo.webp","width":400,"height":211,"caption":"Tetraktis"},"image":{"@id":"https:\/\/tetraktis.si\/en\/#\/schema\/logo\/image\/"},"sameAs":["https:\/\/business.facebook.com\/equineamericashop\/?business_id=193323571192825","https:\/\/x.com\/TetraktisInfo","https:\/\/www.instagram.com\/tetraktisslovenija\/","https:\/\/www.youtube.com\/channel\/UCk_PdKMdtpZ4pf0RRFL1vYA"]}]}},"_links":{"self":[{"href":"https:\/\/tetraktis.si\/en\/wp-json\/wp\/v2\/product\/32559","targetHints":{"allow":["GET"]}}],"collection":[{"href":"https:\/\/tetraktis.si\/en\/wp-json\/wp\/v2\/product"}],"about":[{"href":"https:\/\/tetraktis.si\/en\/wp-json\/wp\/v2\/types\/product"}],"replies":[{"embeddable":true,"href":"https:\/\/tetraktis.si\/en\/wp-json\/wp\/v2\/comments?post=32559"}],"version-history":[{"count":1,"href":"https:\/\/tetraktis.si\/en\/wp-json\/wp\/v2\/product\/32559\/revisions"}],"predecessor-version":[{"id":37144,"href":"https:\/\/tetraktis.si\/en\/wp-json\/wp\/v2\/product\/32559\/revisions\/37144"}],"wp:featuredmedia":[{"embeddable":true,"href":"https:\/\/tetraktis.si\/en\/wp-json\/wp\/v2\/media\/25006"}],"wp:attachment":[{"href":"https:\/\/tetraktis.si\/en\/wp-json\/wp\/v2\/media?parent=32559"}],"wp:term":[{"taxonomy":"product_brand","embeddable":true,"href":"https:\/\/tetraktis.si\/en\/wp-json\/wp\/v2\/product_brand?post=32559"},{"taxonomy":"product_cat","embeddable":true,"href":"https:\/\/tetraktis.si\/en\/wp-json\/wp\/v2\/product_cat?post=32559"},{"taxonomy":"product_tag","embeddable":true,"href":"https:\/\/tetraktis.si\/en\/wp-json\/wp\/v2\/product_tag?post=32559"}],"curies":[{"name":"wp","href":"https:\/\/api.w.org\/{rel}","templated":true}]}}