{"id":32546,"date":"2022-04-27T15:57:42","date_gmt":"2022-04-27T13:57:42","guid":{"rendered":"https:\/\/cortaflex.si\/izdelek\/dorwest-raspberry-leaf-tablets-for-dogs-and-cats\/"},"modified":"2025-03-12T16:48:10","modified_gmt":"2025-03-12T15:48:10","slug":"dorwest-raspberry-leaf-tablets-for-dogs-and-cats","status":"publish","type":"product","link":"https:\/\/tetraktis.si\/en\/izdelek\/dorwest-raspberry-leaf-tablets-for-dogs-and-cats\/","title":{"rendered":"Dorwest Raspberry Leaf Tablets For Dogs And Cats"},"content":{"rendered":"<h1>Dorwest Raspberry Leaf Tablets For Dogs And Cats<\/h1>\n<p>Dorwest Raspberry Leaf Tablets For Dogs And Cats are popular with breeders. Raspberry Leaf has been a part of herbal lore as a birth aid for centuries and is still recommended by veterinary and healthcare professionals today.<\/p>\n<p>This is an especially good choice for queens or bitches where a difficult delivery is anticipated but also recommended for every pregnancy to help ensure an easy delivery.<\/p>\n<p>This veterinary licensed medicine is not just for use in and around pregnancy, it\u2019s also a useful aid in the prevention of pseudo-pregnancy (false pregnancy\/phantom pregnancy) in dogs and cats \u2013 a condition where milk is produced in the absence of actual pregnancy and which is often persistent after each oestrus (also called heat or season).<\/p>\n<div class=\"kvgmc6g5 cxmmr5t8 oygrvhab hcukyx3x c1et5uql ii04i59q\">\n<h2 dir=\"auto\">How to prevent phantom pregnancy?<\/h2>\n<div dir=\"auto\">However not many dog owners know what signs to look out for when their bitch may be experiencing a phantom pregnancy <span class=\"pq6dq46d tbxw36s4 knj5qynh kvgmc6g5 ditlmg2l oygrvhab nvdbi5me sf5mxxl7 gl3lb2sf hhz5lgdu\"><img decoding=\"async\" src=\"https:\/\/static.xx.fbcdn.net\/images\/emoji.php\/v9\/t2f\/1\/16\/1f436.png\" alt=\" \" width=\"16\" height=\"16\" \/><\/span><\/div>\n<div dir=\"auto\"><\/div>\n<\/div>\n<div class=\"o9v6fnle cxmmr5t8 oygrvhab hcukyx3x c1et5uql ii04i59q\">\n<div dir=\"auto\">Symptoms can range from mild unsettled behavior to more extreme nesting habits such as carrying toys, looking for pups, and depression. Physical changes can also occur, including a change in body shape, enlarged teats, and even milk production.<\/div>\n<\/div>\n<div class=\"o9v6fnle cxmmr5t8 oygrvhab hcukyx3x c1et5uql ii04i59q\">\n<div dir=\"auto\">Prevention really is the best answer for a bitch who is prone to phantom pregnancies. In extreme cases where pseudo-pregnancy in dogs occurs at every season, it may be advisable to seek veterinary advice regarding the ultimate spaying of the bitch if she is not going to be bred from.<\/div>\n<div dir=\"auto\">However, if this is not an option, then try <strong>Dorwest Raspberry Leaf<\/strong> Tablets which have been used successfully to help many bitches in this situation.<\/div>\n<div dir=\"auto\"><\/div>\n<div dir=\"auto\">We find it upsetting to see our bitch being upset and confused by what is happening to her. Effects may include anxiety, confusion and general insecurity that often results in her wanting to cling to us more than usual. The best way to help, apart from reassurance and lots of cuddles, is to give <a href=\"https:\/\/www.tetraktis.si\/en\/product\/dorwest-scullcap-valerian\/\">Scullcap &amp; Valerian Tablets<\/a>. These will help with anxiety and stress, so it will help her to feel more calm and relaxed, and she will be noticeably less fretful and worried by the condition.<\/div>\n<\/div>\n<div class=\"o9v6fnle cxmmr5t8 oygrvhab hcukyx3x c1et5uql ii04i59q\">\n<div dir=\"auto\">We would always recommend giving <a href=\"https:\/\/www.tetraktis.si\/en\/product\/dorwest-evening-primrose-oil-liquid\/\">Evening Primrose Oil Capsules<\/a> to all bitches after a season as it helps to restore hormonal balance and also avoid that \u2018moody\u2019 phase that many bitches suffer from!<\/div>\n<\/div>\n<div class=\"o9v6fnle cxmmr5t8 oygrvhab hcukyx3x c1et5uql ii04i59q\">\n<div dir=\"auto\"><\/div>\n<div dir=\"auto\"><strong style=\"color: #555555;\">Ingredients: <\/strong><span style=\"color: #555555;\">Extract of Raspberry Leaf 3:1; 150mg<\/span><\/div>\n<\/div>\n<p><strong>Dosage:\u00a0<\/strong>During pregnancy &#8211; 1 tablet per 10kgs bodyweight daily from the third week of gestation until one week after whelping or kittening. To prevent false pregnancy &#8211; 2 tablets per 10kgs bodyweight daily.<\/p>\n<p><strong>Can be used during pregnancy?:\u00a0<\/strong>Yes<\/p>\n<p><strong>Can be used during lactation?:\u00a0<\/strong>Yes<\/p>\n<p><strong>Interactions:\u00a0<\/strong>Can be given in conjunction with other medication<\/p>\n<p><strong>Product Finishing:\u00a0<\/strong>Film Coated<\/p>\n<p><strong>Suitable from:\u00a0<\/strong>From 8 weeks<\/p>\n","protected":false},"excerpt":{"rendered":"<p>For use in and around pregnancy, it\u2019s also a useful aid in the prevention of pseudo-pregnancy (false pregnancy\/phantom pregnancy) in dogs and cats.<\/p>\n<p>Able to tone the smooth muscle of the uterus, Raspberry Leaf Tablets will help ensure that your dog or cat\u2019s labor runs smoothly.<\/p>\n","protected":false},"featured_media":24855,"comment_status":"open","ping_status":"closed","template":"","meta":[],"product_brand":[329],"product_cat":[3323,3349],"product_tag":[],"class_list":{"0":"post-32546","1":"product","2":"type-product","3":"status-publish","4":"has-post-thumbnail","6":"product_brand-dorwest","7":"product_cat-dogs-cats","8":"product_cat-izdelki-za-macke-en","11":"first","12":"instock","13":"sale","14":"taxable","15":"shipping-taxable","16":"purchasable","17":"product-type-variable","18":"has-default-attributes"},"yoast_head":"<!-- This site is optimized with the Yoast SEO Premium plugin v20.10 (Yoast SEO v27.3) - https:\/\/yoast.com\/product\/yoast-seo-premium-wordpress\/ -->\n<title>Dorwest Raspberry Leaf Tablets For Dogs And Cats<\/title>\n<meta name=\"description\" content=\"Dorwest Raspberry Leaf tablets help to tone the smooth muscle of the uterus, which will help ensure that your pet\u2019s labour runs smoothly.\" \/>\n<meta name=\"robots\" content=\"index, follow, max-snippet:-1, max-image-preview:large, max-video-preview:-1\" \/>\n<link rel=\"canonical\" href=\"https:\/\/tetraktis.si\/en\/izdelek\/dorwest-raspberry-leaf-tablets-for-dogs-and-cats\/\" \/>\n<meta property=\"og:locale\" content=\"en_US\" \/>\n<meta property=\"og:type\" content=\"article\" \/>\n<meta property=\"og:title\" content=\"Dorwest Raspberry Leaf Tablets For Dogs And Cats\" \/>\n<meta property=\"og:description\" content=\"Dorwest Raspberry Leaf tablets help to tone the smooth muscle of the uterus, which will help ensure that your pet\u2019s labour runs smoothly.\" \/>\n<meta property=\"og:url\" content=\"https:\/\/tetraktis.si\/en\/izdelek\/dorwest-raspberry-leaf-tablets-for-dogs-and-cats\/\" \/>\n<meta property=\"og:site_name\" content=\"Tetraktis- Equine America, Dorwest, Excel\" \/>\n<meta property=\"article:publisher\" content=\"https:\/\/business.facebook.com\/equineamericashop\/?business_id=193323571192825\" \/>\n<meta property=\"article:modified_time\" content=\"2025-03-12T15:48:10+00:00\" \/>\n<meta property=\"og:image\" content=\"https:\/\/tetraktis.si\/wp-content\/uploads\/2022\/04\/Malinjak-100.jpg\" \/>\n\t<meta property=\"og:image:width\" content=\"734\" \/>\n\t<meta property=\"og:image:height\" content=\"734\" \/>\n\t<meta property=\"og:image:type\" content=\"image\/jpeg\" \/>\n<meta name=\"twitter:card\" content=\"summary_large_image\" \/>\n<meta name=\"twitter:site\" content=\"@TetraktisInfo\" \/>\n<meta name=\"twitter:label1\" content=\"Est. reading time\" \/>\n\t<meta name=\"twitter:data1\" content=\"3 minutes\" \/>\n<script type=\"application\/ld+json\" class=\"yoast-schema-graph\">{\"@context\":\"https:\\\/\\\/schema.org\",\"@graph\":[{\"@type\":\"WebPage\",\"@id\":\"https:\\\/\\\/tetraktis.si\\\/en\\\/izdelek\\\/dorwest-raspberry-leaf-tablets-for-dogs-and-cats\\\/\",\"url\":\"https:\\\/\\\/tetraktis.si\\\/en\\\/izdelek\\\/dorwest-raspberry-leaf-tablets-for-dogs-and-cats\\\/\",\"name\":\"Dorwest Raspberry Leaf Tablets For Dogs And Cats\",\"isPartOf\":{\"@id\":\"https:\\\/\\\/tetraktis.si\\\/en\\\/#website\"},\"primaryImageOfPage\":{\"@id\":\"https:\\\/\\\/tetraktis.si\\\/en\\\/izdelek\\\/dorwest-raspberry-leaf-tablets-for-dogs-and-cats\\\/#primaryimage\"},\"image\":{\"@id\":\"https:\\\/\\\/tetraktis.si\\\/en\\\/izdelek\\\/dorwest-raspberry-leaf-tablets-for-dogs-and-cats\\\/#primaryimage\"},\"thumbnailUrl\":\"https:\\\/\\\/tetraktis.si\\\/wp-content\\\/uploads\\\/2022\\\/04\\\/Malinjak-100.jpg\",\"datePublished\":\"2022-04-27T13:57:42+00:00\",\"dateModified\":\"2025-03-12T15:48:10+00:00\",\"description\":\"Dorwest Raspberry Leaf tablets help to tone the smooth muscle of the uterus, which will help ensure that your pet\u2019s labour runs smoothly.\",\"breadcrumb\":{\"@id\":\"https:\\\/\\\/tetraktis.si\\\/en\\\/izdelek\\\/dorwest-raspberry-leaf-tablets-for-dogs-and-cats\\\/#breadcrumb\"},\"inLanguage\":\"en-US\",\"potentialAction\":[{\"@type\":\"ReadAction\",\"target\":[\"https:\\\/\\\/tetraktis.si\\\/en\\\/izdelek\\\/dorwest-raspberry-leaf-tablets-for-dogs-and-cats\\\/\"]}]},{\"@type\":\"ImageObject\",\"inLanguage\":\"en-US\",\"@id\":\"https:\\\/\\\/tetraktis.si\\\/en\\\/izdelek\\\/dorwest-raspberry-leaf-tablets-for-dogs-and-cats\\\/#primaryimage\",\"url\":\"https:\\\/\\\/tetraktis.si\\\/wp-content\\\/uploads\\\/2022\\\/04\\\/Malinjak-100.jpg\",\"contentUrl\":\"https:\\\/\\\/tetraktis.si\\\/wp-content\\\/uploads\\\/2022\\\/04\\\/Malinjak-100.jpg\",\"width\":734,\"height\":734,\"caption\":\"kotenje psov\"},{\"@type\":\"BreadcrumbList\",\"@id\":\"https:\\\/\\\/tetraktis.si\\\/en\\\/izdelek\\\/dorwest-raspberry-leaf-tablets-for-dogs-and-cats\\\/#breadcrumb\",\"itemListElement\":[{\"@type\":\"ListItem\",\"position\":1,\"name\":\"Shop\",\"item\":\"https:\\\/\\\/tetraktis.si\\\/en\\\/shop-3\\\/\"},{\"@type\":\"ListItem\",\"position\":2,\"name\":\"Dorwest Raspberry Leaf Tablets For Dogs And Cats\"}]},{\"@type\":\"WebSite\",\"@id\":\"https:\\\/\\\/tetraktis.si\\\/en\\\/#website\",\"url\":\"https:\\\/\\\/tetraktis.si\\\/en\\\/\",\"name\":\"Tetraktis- Equine America, Dorwest, Excel\",\"description\":\"Samo najbolj\u0161e za va\u0161e \u017eivali\",\"publisher\":{\"@id\":\"https:\\\/\\\/tetraktis.si\\\/en\\\/#organization\"},\"potentialAction\":[{\"@type\":\"SearchAction\",\"target\":{\"@type\":\"EntryPoint\",\"urlTemplate\":\"https:\\\/\\\/tetraktis.si\\\/en\\\/?s={search_term_string}\"},\"query-input\":{\"@type\":\"PropertyValueSpecification\",\"valueRequired\":true,\"valueName\":\"search_term_string\"}}],\"inLanguage\":\"en-US\"},{\"@type\":\"Organization\",\"@id\":\"https:\\\/\\\/tetraktis.si\\\/en\\\/#organization\",\"name\":\"Tetraktis\",\"url\":\"https:\\\/\\\/tetraktis.si\\\/en\\\/\",\"logo\":{\"@type\":\"ImageObject\",\"inLanguage\":\"en-US\",\"@id\":\"https:\\\/\\\/tetraktis.si\\\/en\\\/#\\\/schema\\\/logo\\\/image\\\/\",\"url\":\"https:\\\/\\\/tetraktis.si\\\/wp-content\\\/uploads\\\/2022\\\/06\\\/logo.webp\",\"contentUrl\":\"https:\\\/\\\/tetraktis.si\\\/wp-content\\\/uploads\\\/2022\\\/06\\\/logo.webp\",\"width\":400,\"height\":211,\"caption\":\"Tetraktis\"},\"image\":{\"@id\":\"https:\\\/\\\/tetraktis.si\\\/en\\\/#\\\/schema\\\/logo\\\/image\\\/\"},\"sameAs\":[\"https:\\\/\\\/business.facebook.com\\\/equineamericashop\\\/?business_id=193323571192825\",\"https:\\\/\\\/x.com\\\/TetraktisInfo\",\"https:\\\/\\\/www.instagram.com\\\/tetraktisslovenija\\\/\",\"https:\\\/\\\/www.youtube.com\\\/channel\\\/UCk_PdKMdtpZ4pf0RRFL1vYA\"]}]}<\/script>\n<!-- \/ Yoast SEO Premium plugin. -->","yoast_head_json":{"title":"Dorwest Raspberry Leaf Tablets For Dogs And Cats","description":"Dorwest Raspberry Leaf tablets help to tone the smooth muscle of the uterus, which will help ensure that your pet\u2019s labour runs smoothly.","robots":{"index":"index","follow":"follow","max-snippet":"max-snippet:-1","max-image-preview":"max-image-preview:large","max-video-preview":"max-video-preview:-1"},"canonical":"https:\/\/tetraktis.si\/en\/izdelek\/dorwest-raspberry-leaf-tablets-for-dogs-and-cats\/","og_locale":"en_US","og_type":"article","og_title":"Dorwest Raspberry Leaf Tablets For Dogs And Cats","og_description":"Dorwest Raspberry Leaf tablets help to tone the smooth muscle of the uterus, which will help ensure that your pet\u2019s labour runs smoothly.","og_url":"https:\/\/tetraktis.si\/en\/izdelek\/dorwest-raspberry-leaf-tablets-for-dogs-and-cats\/","og_site_name":"Tetraktis- Equine America, Dorwest, Excel","article_publisher":"https:\/\/business.facebook.com\/equineamericashop\/?business_id=193323571192825","article_modified_time":"2025-03-12T15:48:10+00:00","og_image":[{"width":734,"height":734,"url":"https:\/\/tetraktis.si\/wp-content\/uploads\/2022\/04\/Malinjak-100.jpg","type":"image\/jpeg"}],"twitter_card":"summary_large_image","twitter_site":"@TetraktisInfo","twitter_misc":{"Est. reading time":"3 minutes"},"schema":{"@context":"https:\/\/schema.org","@graph":[{"@type":"WebPage","@id":"https:\/\/tetraktis.si\/en\/izdelek\/dorwest-raspberry-leaf-tablets-for-dogs-and-cats\/","url":"https:\/\/tetraktis.si\/en\/izdelek\/dorwest-raspberry-leaf-tablets-for-dogs-and-cats\/","name":"Dorwest Raspberry Leaf Tablets For Dogs And Cats","isPartOf":{"@id":"https:\/\/tetraktis.si\/en\/#website"},"primaryImageOfPage":{"@id":"https:\/\/tetraktis.si\/en\/izdelek\/dorwest-raspberry-leaf-tablets-for-dogs-and-cats\/#primaryimage"},"image":{"@id":"https:\/\/tetraktis.si\/en\/izdelek\/dorwest-raspberry-leaf-tablets-for-dogs-and-cats\/#primaryimage"},"thumbnailUrl":"https:\/\/tetraktis.si\/wp-content\/uploads\/2022\/04\/Malinjak-100.jpg","datePublished":"2022-04-27T13:57:42+00:00","dateModified":"2025-03-12T15:48:10+00:00","description":"Dorwest Raspberry Leaf tablets help to tone the smooth muscle of the uterus, which will help ensure that your pet\u2019s labour runs smoothly.","breadcrumb":{"@id":"https:\/\/tetraktis.si\/en\/izdelek\/dorwest-raspberry-leaf-tablets-for-dogs-and-cats\/#breadcrumb"},"inLanguage":"en-US","potentialAction":[{"@type":"ReadAction","target":["https:\/\/tetraktis.si\/en\/izdelek\/dorwest-raspberry-leaf-tablets-for-dogs-and-cats\/"]}]},{"@type":"ImageObject","inLanguage":"en-US","@id":"https:\/\/tetraktis.si\/en\/izdelek\/dorwest-raspberry-leaf-tablets-for-dogs-and-cats\/#primaryimage","url":"https:\/\/tetraktis.si\/wp-content\/uploads\/2022\/04\/Malinjak-100.jpg","contentUrl":"https:\/\/tetraktis.si\/wp-content\/uploads\/2022\/04\/Malinjak-100.jpg","width":734,"height":734,"caption":"kotenje psov"},{"@type":"BreadcrumbList","@id":"https:\/\/tetraktis.si\/en\/izdelek\/dorwest-raspberry-leaf-tablets-for-dogs-and-cats\/#breadcrumb","itemListElement":[{"@type":"ListItem","position":1,"name":"Shop","item":"https:\/\/tetraktis.si\/en\/shop-3\/"},{"@type":"ListItem","position":2,"name":"Dorwest Raspberry Leaf Tablets For Dogs And Cats"}]},{"@type":"WebSite","@id":"https:\/\/tetraktis.si\/en\/#website","url":"https:\/\/tetraktis.si\/en\/","name":"Tetraktis- Equine America, Dorwest, Excel","description":"Samo najbolj\u0161e za va\u0161e \u017eivali","publisher":{"@id":"https:\/\/tetraktis.si\/en\/#organization"},"potentialAction":[{"@type":"SearchAction","target":{"@type":"EntryPoint","urlTemplate":"https:\/\/tetraktis.si\/en\/?s={search_term_string}"},"query-input":{"@type":"PropertyValueSpecification","valueRequired":true,"valueName":"search_term_string"}}],"inLanguage":"en-US"},{"@type":"Organization","@id":"https:\/\/tetraktis.si\/en\/#organization","name":"Tetraktis","url":"https:\/\/tetraktis.si\/en\/","logo":{"@type":"ImageObject","inLanguage":"en-US","@id":"https:\/\/tetraktis.si\/en\/#\/schema\/logo\/image\/","url":"https:\/\/tetraktis.si\/wp-content\/uploads\/2022\/06\/logo.webp","contentUrl":"https:\/\/tetraktis.si\/wp-content\/uploads\/2022\/06\/logo.webp","width":400,"height":211,"caption":"Tetraktis"},"image":{"@id":"https:\/\/tetraktis.si\/en\/#\/schema\/logo\/image\/"},"sameAs":["https:\/\/business.facebook.com\/equineamericashop\/?business_id=193323571192825","https:\/\/x.com\/TetraktisInfo","https:\/\/www.instagram.com\/tetraktisslovenija\/","https:\/\/www.youtube.com\/channel\/UCk_PdKMdtpZ4pf0RRFL1vYA"]}]}},"_links":{"self":[{"href":"https:\/\/tetraktis.si\/en\/wp-json\/wp\/v2\/product\/32546","targetHints":{"allow":["GET"]}}],"collection":[{"href":"https:\/\/tetraktis.si\/en\/wp-json\/wp\/v2\/product"}],"about":[{"href":"https:\/\/tetraktis.si\/en\/wp-json\/wp\/v2\/types\/product"}],"replies":[{"embeddable":true,"href":"https:\/\/tetraktis.si\/en\/wp-json\/wp\/v2\/comments?post=32546"}],"version-history":[{"count":1,"href":"https:\/\/tetraktis.si\/en\/wp-json\/wp\/v2\/product\/32546\/revisions"}],"predecessor-version":[{"id":37140,"href":"https:\/\/tetraktis.si\/en\/wp-json\/wp\/v2\/product\/32546\/revisions\/37140"}],"wp:featuredmedia":[{"embeddable":true,"href":"https:\/\/tetraktis.si\/en\/wp-json\/wp\/v2\/media\/24855"}],"wp:attachment":[{"href":"https:\/\/tetraktis.si\/en\/wp-json\/wp\/v2\/media?parent=32546"}],"wp:term":[{"taxonomy":"product_brand","embeddable":true,"href":"https:\/\/tetraktis.si\/en\/wp-json\/wp\/v2\/product_brand?post=32546"},{"taxonomy":"product_cat","embeddable":true,"href":"https:\/\/tetraktis.si\/en\/wp-json\/wp\/v2\/product_cat?post=32546"},{"taxonomy":"product_tag","embeddable":true,"href":"https:\/\/tetraktis.si\/en\/wp-json\/wp\/v2\/product_tag?post=32546"}],"curies":[{"name":"wp","href":"https:\/\/api.w.org\/{rel}","templated":true}]}}