{"id":32542,"date":"2022-04-27T15:58:17","date_gmt":"2022-04-27T13:58:17","guid":{"rendered":"https:\/\/cortaflex.si\/izdelek\/dorwest-easy-green-powder-for-dogs-and-cats\/"},"modified":"2023-12-21T15:20:24","modified_gmt":"2023-12-21T14:20:24","slug":"dorwest-easy-green-powder-for-dogs-and-cats","status":"publish","type":"product","link":"https:\/\/tetraktis.si\/en\/izdelek\/dorwest-easy-green-powder-for-dogs-and-cats\/","title":{"rendered":"Dorwest Easy Green Powder For Dogs And Cats"},"content":{"rendered":"<h1>Dorwest Easy Green Powder For Dogs And Cats<\/h1>\n<p>Dorwest Easy Green Powder For Dogs And Cats has all the power of \u2018super-greens\u2019 in an easy to give powder for an all-round health boost. Easy Green Powder supplement has all the power of `super-greens` in an easy-to-give powder. Just add to your pet`s normal food for them to get all the benefits of eating a bowl of greens, without a spinach leaf in sight!<\/p>\n<p>The quick air-drying process retains maximum nutrients in a digestible form to naturally boost levels of iron, vitamin C, chlorophyll, calcium, magnesium and antioxidants (to neutralise free radicals) for all-round health. For pets with hot, itchy skin, our Easy Green Powder also has cooling properties.<\/p>\n<h2>Why might my dog need Easy Green Powder?<\/h2>\n<p>Did you know that dogs find it hard to digest vegetables? Even a super green dinner packed full of vegetables might not give your dog much veggie goodness! This is because dogs find it hard to break down the cellulose in vegetables, so these nutritious plants need to be given pulsed, or more easily, in an appropriate supplement for better absorption. Dogs also have a much shorter digestive tract than humans, so have a smaller time period in which to absorb the nutrients from food. Our Easy Green Powder is especially made for dogs to maximise absorption, providing a diet super-boost.<\/p>\n<h2>Is this suitable for dogs on a raw diet?<\/h2>\n<p>Yes, absolutely! Our Easy Green Powder is the perfect partner for a raw diet. Providing a range of nutrients in an easily digestible form, it is 100% natural, with no fillers or additives.<\/p>\n<p><strong>Ingredients:\u00a0<\/strong>Finely powdered Spinach, Parsley and Watercress<\/p>\n<p><strong>Administration:\u00a0<\/strong>Small dogs &amp; cats 1 x 2.5ml measure, Medium dogs 2 x 2.5ml measures, Large dogs 3 x 2.5ml measures, Giant breeds 4 x 2.5ml measures. 2.5ml measure included in pack and equivalent to a half teaspoon.<\/p>\n<p><strong>Can be used during pregnancy?:\u00a0<\/strong>Yes<\/p>\n<p><strong>Can be used during lactation?:\u00a0<\/strong>Yes<\/p>\n<p><strong>Interactions:\u00a0<\/strong>Can be given in conjunction with any medication.<\/p>\n<p><strong>Product Finishing:\u00a0<\/strong>Powder<\/p>\n<p><strong>Suitable from:\u00a0<\/strong>From 8 weeks<\/p>\n<p>Check for\u00a0<a href=\"https:\/\/www.tetraktis.si\/en\/product-category\/dogs-cats\/dorwest-herbs\/\">others Dorwest products<\/a>!<\/p>\n","protected":false},"excerpt":{"rendered":"<p>This food supplement has all the power of `super-greens` in an easy-to-give powder. Just add to your pet`s normal food for them to get all the benefits of eating a bowl of greens, without a spinach leaf in sight!<\/p>\n","protected":false},"featured_media":24968,"comment_status":"open","ping_status":"closed","template":"","meta":[],"product_brand":[329],"product_cat":[3323,3349,3336],"product_tag":[],"class_list":{"0":"post-32542","1":"product","2":"type-product","3":"status-publish","4":"has-post-thumbnail","6":"product_brand-dorwest","7":"product_cat-dogs-cats","8":"product_cat-izdelki-za-macke-en","9":"product_cat-pasja-dlaka-in-koza-en","12":"first","13":"instock","14":"taxable","15":"shipping-taxable","16":"purchasable","17":"product-type-variable","18":"has-default-attributes"},"yoast_head":"<!-- This site is optimized with the Yoast SEO Premium plugin v20.10 (Yoast SEO v27.3) - https:\/\/yoast.com\/product\/yoast-seo-premium-wordpress\/ -->\n<title>Dorwest Easy Green Powder is your&#039;s pet bowl of greens<\/title>\n<meta name=\"description\" content=\"Dorwest Easy Green Powder For Dogs And Cats Easy Green Powder supplement has all the power of `super-greens` in an easy-to-give powder.\" \/>\n<meta name=\"robots\" content=\"index, follow, max-snippet:-1, max-image-preview:large, max-video-preview:-1\" \/>\n<link rel=\"canonical\" href=\"https:\/\/tetraktis.si\/en\/izdelek\/dorwest-easy-green-powder-for-dogs-and-cats\/\" \/>\n<meta property=\"og:locale\" content=\"en_US\" \/>\n<meta property=\"og:type\" content=\"article\" \/>\n<meta property=\"og:title\" content=\"Dorwest Easy Green Powder is your&#039;s pet bowl of greens\" \/>\n<meta property=\"og:description\" content=\"Dorwest Easy Green Powder For Dogs And Cats Easy Green Powder supplement has all the power of `super-greens` in an easy-to-give powder.\" \/>\n<meta property=\"og:url\" content=\"https:\/\/tetraktis.si\/en\/izdelek\/dorwest-easy-green-powder-for-dogs-and-cats\/\" \/>\n<meta property=\"og:site_name\" content=\"Tetraktis- Equine America, Dorwest, Excel\" \/>\n<meta property=\"article:publisher\" content=\"https:\/\/business.facebook.com\/equineamericashop\/?business_id=193323571192825\" \/>\n<meta property=\"article:modified_time\" content=\"2023-12-21T14:20:24+00:00\" \/>\n<meta property=\"og:image\" content=\"https:\/\/tetraktis.si\/wp-content\/uploads\/2022\/04\/Dorwest-zeleni-prasek-za-pse-in-macke-500g.jpg\" \/>\n\t<meta property=\"og:image:width\" content=\"734\" \/>\n\t<meta property=\"og:image:height\" content=\"734\" \/>\n\t<meta property=\"og:image:type\" content=\"image\/jpeg\" \/>\n<meta name=\"twitter:card\" content=\"summary_large_image\" \/>\n<meta name=\"twitter:site\" content=\"@TetraktisInfo\" \/>\n<meta name=\"twitter:label1\" content=\"Est. reading time\" \/>\n\t<meta name=\"twitter:data1\" content=\"2 minutes\" \/>\n<script type=\"application\/ld+json\" class=\"yoast-schema-graph\">{\"@context\":\"https:\\\/\\\/schema.org\",\"@graph\":[{\"@type\":\"WebPage\",\"@id\":\"https:\\\/\\\/tetraktis.si\\\/en\\\/izdelek\\\/dorwest-easy-green-powder-for-dogs-and-cats\\\/\",\"url\":\"https:\\\/\\\/tetraktis.si\\\/en\\\/izdelek\\\/dorwest-easy-green-powder-for-dogs-and-cats\\\/\",\"name\":\"Dorwest Easy Green Powder is your's pet bowl of greens\",\"isPartOf\":{\"@id\":\"https:\\\/\\\/tetraktis.si\\\/en\\\/#website\"},\"primaryImageOfPage\":{\"@id\":\"https:\\\/\\\/tetraktis.si\\\/en\\\/izdelek\\\/dorwest-easy-green-powder-for-dogs-and-cats\\\/#primaryimage\"},\"image\":{\"@id\":\"https:\\\/\\\/tetraktis.si\\\/en\\\/izdelek\\\/dorwest-easy-green-powder-for-dogs-and-cats\\\/#primaryimage\"},\"thumbnailUrl\":\"https:\\\/\\\/tetraktis.si\\\/wp-content\\\/uploads\\\/2022\\\/04\\\/Dorwest-zeleni-prasek-za-pse-in-macke-500g.jpg\",\"datePublished\":\"2022-04-27T13:58:17+00:00\",\"dateModified\":\"2023-12-21T14:20:24+00:00\",\"description\":\"Dorwest Easy Green Powder For Dogs And Cats Easy Green Powder supplement has all the power of `super-greens` in an easy-to-give powder.\",\"breadcrumb\":{\"@id\":\"https:\\\/\\\/tetraktis.si\\\/en\\\/izdelek\\\/dorwest-easy-green-powder-for-dogs-and-cats\\\/#breadcrumb\"},\"inLanguage\":\"en-US\",\"potentialAction\":[{\"@type\":\"ReadAction\",\"target\":[\"https:\\\/\\\/tetraktis.si\\\/en\\\/izdelek\\\/dorwest-easy-green-powder-for-dogs-and-cats\\\/\"]}]},{\"@type\":\"ImageObject\",\"inLanguage\":\"en-US\",\"@id\":\"https:\\\/\\\/tetraktis.si\\\/en\\\/izdelek\\\/dorwest-easy-green-powder-for-dogs-and-cats\\\/#primaryimage\",\"url\":\"https:\\\/\\\/tetraktis.si\\\/wp-content\\\/uploads\\\/2022\\\/04\\\/Dorwest-zeleni-prasek-za-pse-in-macke-500g.jpg\",\"contentUrl\":\"https:\\\/\\\/tetraktis.si\\\/wp-content\\\/uploads\\\/2022\\\/04\\\/Dorwest-zeleni-prasek-za-pse-in-macke-500g.jpg\",\"width\":734,\"height\":734,\"caption\":\"zelenjava za psa\"},{\"@type\":\"BreadcrumbList\",\"@id\":\"https:\\\/\\\/tetraktis.si\\\/en\\\/izdelek\\\/dorwest-easy-green-powder-for-dogs-and-cats\\\/#breadcrumb\",\"itemListElement\":[{\"@type\":\"ListItem\",\"position\":1,\"name\":\"Shop\",\"item\":\"https:\\\/\\\/tetraktis.si\\\/en\\\/shop-3\\\/\"},{\"@type\":\"ListItem\",\"position\":2,\"name\":\"Dorwest Easy Green Powder For Dogs And Cats\"}]},{\"@type\":\"WebSite\",\"@id\":\"https:\\\/\\\/tetraktis.si\\\/en\\\/#website\",\"url\":\"https:\\\/\\\/tetraktis.si\\\/en\\\/\",\"name\":\"Tetraktis- Equine America, Dorwest, Excel\",\"description\":\"Samo najbolj\u0161e za va\u0161e \u017eivali\",\"publisher\":{\"@id\":\"https:\\\/\\\/tetraktis.si\\\/en\\\/#organization\"},\"potentialAction\":[{\"@type\":\"SearchAction\",\"target\":{\"@type\":\"EntryPoint\",\"urlTemplate\":\"https:\\\/\\\/tetraktis.si\\\/en\\\/?s={search_term_string}\"},\"query-input\":{\"@type\":\"PropertyValueSpecification\",\"valueRequired\":true,\"valueName\":\"search_term_string\"}}],\"inLanguage\":\"en-US\"},{\"@type\":\"Organization\",\"@id\":\"https:\\\/\\\/tetraktis.si\\\/en\\\/#organization\",\"name\":\"Tetraktis\",\"url\":\"https:\\\/\\\/tetraktis.si\\\/en\\\/\",\"logo\":{\"@type\":\"ImageObject\",\"inLanguage\":\"en-US\",\"@id\":\"https:\\\/\\\/tetraktis.si\\\/en\\\/#\\\/schema\\\/logo\\\/image\\\/\",\"url\":\"https:\\\/\\\/tetraktis.si\\\/wp-content\\\/uploads\\\/2022\\\/06\\\/logo.webp\",\"contentUrl\":\"https:\\\/\\\/tetraktis.si\\\/wp-content\\\/uploads\\\/2022\\\/06\\\/logo.webp\",\"width\":400,\"height\":211,\"caption\":\"Tetraktis\"},\"image\":{\"@id\":\"https:\\\/\\\/tetraktis.si\\\/en\\\/#\\\/schema\\\/logo\\\/image\\\/\"},\"sameAs\":[\"https:\\\/\\\/business.facebook.com\\\/equineamericashop\\\/?business_id=193323571192825\",\"https:\\\/\\\/x.com\\\/TetraktisInfo\",\"https:\\\/\\\/www.instagram.com\\\/tetraktisslovenija\\\/\",\"https:\\\/\\\/www.youtube.com\\\/channel\\\/UCk_PdKMdtpZ4pf0RRFL1vYA\"]}]}<\/script>\n<!-- \/ Yoast SEO Premium plugin. -->","yoast_head_json":{"title":"Dorwest Easy Green Powder is your's pet bowl of greens","description":"Dorwest Easy Green Powder For Dogs And Cats Easy Green Powder supplement has all the power of `super-greens` in an easy-to-give powder.","robots":{"index":"index","follow":"follow","max-snippet":"max-snippet:-1","max-image-preview":"max-image-preview:large","max-video-preview":"max-video-preview:-1"},"canonical":"https:\/\/tetraktis.si\/en\/izdelek\/dorwest-easy-green-powder-for-dogs-and-cats\/","og_locale":"en_US","og_type":"article","og_title":"Dorwest Easy Green Powder is your's pet bowl of greens","og_description":"Dorwest Easy Green Powder For Dogs And Cats Easy Green Powder supplement has all the power of `super-greens` in an easy-to-give powder.","og_url":"https:\/\/tetraktis.si\/en\/izdelek\/dorwest-easy-green-powder-for-dogs-and-cats\/","og_site_name":"Tetraktis- Equine America, Dorwest, Excel","article_publisher":"https:\/\/business.facebook.com\/equineamericashop\/?business_id=193323571192825","article_modified_time":"2023-12-21T14:20:24+00:00","og_image":[{"width":734,"height":734,"url":"https:\/\/tetraktis.si\/wp-content\/uploads\/2022\/04\/Dorwest-zeleni-prasek-za-pse-in-macke-500g.jpg","type":"image\/jpeg"}],"twitter_card":"summary_large_image","twitter_site":"@TetraktisInfo","twitter_misc":{"Est. reading time":"2 minutes"},"schema":{"@context":"https:\/\/schema.org","@graph":[{"@type":"WebPage","@id":"https:\/\/tetraktis.si\/en\/izdelek\/dorwest-easy-green-powder-for-dogs-and-cats\/","url":"https:\/\/tetraktis.si\/en\/izdelek\/dorwest-easy-green-powder-for-dogs-and-cats\/","name":"Dorwest Easy Green Powder is your's pet bowl of greens","isPartOf":{"@id":"https:\/\/tetraktis.si\/en\/#website"},"primaryImageOfPage":{"@id":"https:\/\/tetraktis.si\/en\/izdelek\/dorwest-easy-green-powder-for-dogs-and-cats\/#primaryimage"},"image":{"@id":"https:\/\/tetraktis.si\/en\/izdelek\/dorwest-easy-green-powder-for-dogs-and-cats\/#primaryimage"},"thumbnailUrl":"https:\/\/tetraktis.si\/wp-content\/uploads\/2022\/04\/Dorwest-zeleni-prasek-za-pse-in-macke-500g.jpg","datePublished":"2022-04-27T13:58:17+00:00","dateModified":"2023-12-21T14:20:24+00:00","description":"Dorwest Easy Green Powder For Dogs And Cats Easy Green Powder supplement has all the power of `super-greens` in an easy-to-give powder.","breadcrumb":{"@id":"https:\/\/tetraktis.si\/en\/izdelek\/dorwest-easy-green-powder-for-dogs-and-cats\/#breadcrumb"},"inLanguage":"en-US","potentialAction":[{"@type":"ReadAction","target":["https:\/\/tetraktis.si\/en\/izdelek\/dorwest-easy-green-powder-for-dogs-and-cats\/"]}]},{"@type":"ImageObject","inLanguage":"en-US","@id":"https:\/\/tetraktis.si\/en\/izdelek\/dorwest-easy-green-powder-for-dogs-and-cats\/#primaryimage","url":"https:\/\/tetraktis.si\/wp-content\/uploads\/2022\/04\/Dorwest-zeleni-prasek-za-pse-in-macke-500g.jpg","contentUrl":"https:\/\/tetraktis.si\/wp-content\/uploads\/2022\/04\/Dorwest-zeleni-prasek-za-pse-in-macke-500g.jpg","width":734,"height":734,"caption":"zelenjava za psa"},{"@type":"BreadcrumbList","@id":"https:\/\/tetraktis.si\/en\/izdelek\/dorwest-easy-green-powder-for-dogs-and-cats\/#breadcrumb","itemListElement":[{"@type":"ListItem","position":1,"name":"Shop","item":"https:\/\/tetraktis.si\/en\/shop-3\/"},{"@type":"ListItem","position":2,"name":"Dorwest Easy Green Powder For Dogs And Cats"}]},{"@type":"WebSite","@id":"https:\/\/tetraktis.si\/en\/#website","url":"https:\/\/tetraktis.si\/en\/","name":"Tetraktis- Equine America, Dorwest, Excel","description":"Samo najbolj\u0161e za va\u0161e \u017eivali","publisher":{"@id":"https:\/\/tetraktis.si\/en\/#organization"},"potentialAction":[{"@type":"SearchAction","target":{"@type":"EntryPoint","urlTemplate":"https:\/\/tetraktis.si\/en\/?s={search_term_string}"},"query-input":{"@type":"PropertyValueSpecification","valueRequired":true,"valueName":"search_term_string"}}],"inLanguage":"en-US"},{"@type":"Organization","@id":"https:\/\/tetraktis.si\/en\/#organization","name":"Tetraktis","url":"https:\/\/tetraktis.si\/en\/","logo":{"@type":"ImageObject","inLanguage":"en-US","@id":"https:\/\/tetraktis.si\/en\/#\/schema\/logo\/image\/","url":"https:\/\/tetraktis.si\/wp-content\/uploads\/2022\/06\/logo.webp","contentUrl":"https:\/\/tetraktis.si\/wp-content\/uploads\/2022\/06\/logo.webp","width":400,"height":211,"caption":"Tetraktis"},"image":{"@id":"https:\/\/tetraktis.si\/en\/#\/schema\/logo\/image\/"},"sameAs":["https:\/\/business.facebook.com\/equineamericashop\/?business_id=193323571192825","https:\/\/x.com\/TetraktisInfo","https:\/\/www.instagram.com\/tetraktisslovenija\/","https:\/\/www.youtube.com\/channel\/UCk_PdKMdtpZ4pf0RRFL1vYA"]}]}},"_links":{"self":[{"href":"https:\/\/tetraktis.si\/en\/wp-json\/wp\/v2\/product\/32542","targetHints":{"allow":["GET"]}}],"collection":[{"href":"https:\/\/tetraktis.si\/en\/wp-json\/wp\/v2\/product"}],"about":[{"href":"https:\/\/tetraktis.si\/en\/wp-json\/wp\/v2\/types\/product"}],"replies":[{"embeddable":true,"href":"https:\/\/tetraktis.si\/en\/wp-json\/wp\/v2\/comments?post=32542"}],"version-history":[{"count":1,"href":"https:\/\/tetraktis.si\/en\/wp-json\/wp\/v2\/product\/32542\/revisions"}],"predecessor-version":[{"id":37139,"href":"https:\/\/tetraktis.si\/en\/wp-json\/wp\/v2\/product\/32542\/revisions\/37139"}],"wp:featuredmedia":[{"embeddable":true,"href":"https:\/\/tetraktis.si\/en\/wp-json\/wp\/v2\/media\/24968"}],"wp:attachment":[{"href":"https:\/\/tetraktis.si\/en\/wp-json\/wp\/v2\/media?parent=32542"}],"wp:term":[{"taxonomy":"product_brand","embeddable":true,"href":"https:\/\/tetraktis.si\/en\/wp-json\/wp\/v2\/product_brand?post=32542"},{"taxonomy":"product_cat","embeddable":true,"href":"https:\/\/tetraktis.si\/en\/wp-json\/wp\/v2\/product_cat?post=32542"},{"taxonomy":"product_tag","embeddable":true,"href":"https:\/\/tetraktis.si\/en\/wp-json\/wp\/v2\/product_tag?post=32542"}],"curies":[{"name":"wp","href":"https:\/\/api.w.org\/{rel}","templated":true}]}}