{"id":32535,"date":"2022-04-27T15:58:17","date_gmt":"2022-04-27T13:58:17","guid":{"rendered":"https:\/\/cortaflex.si\/izdelek\/dorwest-milk-thistle-tablets-for-dogs-and-cats\/"},"modified":"2025-07-31T20:20:33","modified_gmt":"2025-07-31T18:20:33","slug":"dorwest-milk-thistle-tablets-for-dogs-and-cats","status":"publish","type":"product","link":"https:\/\/tetraktis.si\/en\/izdelek\/dorwest-milk-thistle-tablets-for-dogs-and-cats\/","title":{"rendered":"Dorwest Milk Thistle Tablets For Dogs And Cats"},"content":{"rendered":"<h1>Dorwest Milk Thistle Tablets For Dogs And Cats<\/h1>\n<p>Dorwest Milk Thistle Tablets For Dogs And Cats are natural support for the liver using whole fruit extract. High in silymarin and other active compounds.\u00a0Help maintain good liver function in your pet with our high-grade Milk Thistle Tablets for dogs and cats. The liver is the ultimate multi-tasker, involved in almost all body processes, including the production of essential proteins, immunity and nutrient storage. It is also a powerhouse when it comes to toxins, removing and neutralising harmful substances from the circulation. This supplement naturally supports the liver, using pure milk thistle from whole fruit extract. It is high in silymarin, but also benefits from the other active compounds found in milk thistle fruits.<\/p>\n<h2>How does Milk Thistle work?<\/h2>\n<p>One of Milk Thistle\u2019s major actions is as an antioxidant. Antioxidants are required to neutralise unstable molecules called \u2018free radicals\u2019 which are produced during metabolic activity \u2013 something the liver does a lot of. A liver under pressure is more vulnerable to the effects of free radicals, at a time when it is likely producing more of them.<\/p>\n<p><strong>Dorwest Milk Thistle<\/strong> also helps to maintain the stability of cell membranes of liver cells. This structure of the cell is essential to protect it against damage and prevent the infiltration of toxins and infectious agents.<\/p>\n<p>The body\u2019s soldiers \u2013 the immune cells \u2013 are vitally important in fighting infectious attacks. Milk Thistle has been shown to support specific immune cells called lymphocytes.<\/p>\n<h2>What makes Dorwest Milk Thistle Tablets different?<\/h2>\n<p>Milk Thistle\u2019s beneficial effects are largely down to the active compound found in the seeds and fruit called silymarin. There are however other compounds present in the fruit that also have a potential role to play in supporting the liver, and wider body. Healthy oils such as linoleic acid, flavenoids, and vitamin E are all known for their antioxidant (to neutralise free radicals) and immune supportive action and all are present in the Milk Thistle fruit.<\/p>\n<p>Dorwest Milk Thistle Tablets for dogs and cats contains whole fruit extract, to preserve the benefits of these other compounds, and provide consistently high levels of Silymarin, at 80%.<\/p>\n<p>Trusted by vets and with over 70 years of expertise behind them, Dorwest Milk Thistle Tablets for dogs and cats reliably help support pets with liver disease.<\/p>\n<p><strong>Ingredients:\u00a0<\/strong>Milk thistle extract 100mg (80% sillymarin)<\/p>\n<p><strong>Administration:\u00a0<\/strong>1 tablet per 5kgs bodyweight daily, split into at least 2 amounts during the day.<\/p>\n<p><strong>Can be used during pregnancy?:\u00a0<\/strong>No<\/p>\n<p><strong>Can be used during lactation?:\u00a0<\/strong>No<\/p>\n<p><strong>Interactions:\u00a0<\/strong>Can be given in conjunction with other medications under veterinary advice<\/p>\n<p><strong>Product Finishing:\u00a0<\/strong>Film Coated<\/p>\n<p><strong>Special Warnings:\u00a0<\/strong>This product should only be used when the liver is in need of support.<\/p>\n<p>Check for\u00a0<a href=\"https:\/\/www.tetraktis.si\/en\/product-category\/dogs-cats\/dorwest-herbs\/\">others Dorwest products<\/a>!<\/p>\n","protected":false},"excerpt":{"rendered":"<p>Naturally supports the liver, using pure milk thistle from whole fruit extract. It is high in silymarin, but also benefits from the other active compounds found in milk thistle fruits.<\/p>\n","protected":false},"featured_media":24961,"comment_status":"open","ping_status":"closed","template":"","meta":[],"product_brand":[329],"product_cat":[3323,3347,3349],"product_tag":[],"class_list":{"0":"post-32535","1":"product","2":"type-product","3":"status-publish","4":"has-post-thumbnail","6":"product_brand-dorwest","7":"product_cat-dogs-cats","8":"product_cat-hormoni-in-plodnost-en","9":"product_cat-izdelki-za-macke-en","12":"first","13":"instock","14":"taxable","15":"shipping-taxable","16":"purchasable","17":"product-type-variable","18":"has-default-attributes"},"yoast_head":"<!-- This site is optimized with the Yoast SEO Premium plugin v20.10 (Yoast SEO v27.3) - https:\/\/yoast.com\/product\/yoast-seo-premium-wordpress\/ -->\n<title>Dorwest Milk Thistle Tablets For Dogs And Cats- natural support for liver<\/title>\n<meta name=\"description\" content=\"Dorwest Milk Thistle help maintain good liver function in your pet. Removing and neutralizing harmful substances from the circulation.\" \/>\n<meta name=\"robots\" content=\"index, follow, max-snippet:-1, max-image-preview:large, max-video-preview:-1\" \/>\n<link rel=\"canonical\" href=\"https:\/\/tetraktis.si\/en\/izdelek\/dorwest-milk-thistle-tablets-for-dogs-and-cats\/\" \/>\n<meta property=\"og:locale\" content=\"en_US\" \/>\n<meta property=\"og:type\" content=\"article\" \/>\n<meta property=\"og:title\" content=\"Dorwest Milk Thistle Tablets For Dogs And Cats- natural support for liver\" \/>\n<meta property=\"og:description\" content=\"Dorwest Milk Thistle help maintain good liver function in your pet. Removing and neutralizing harmful substances from the circulation.\" \/>\n<meta property=\"og:url\" content=\"https:\/\/tetraktis.si\/en\/izdelek\/dorwest-milk-thistle-tablets-for-dogs-and-cats\/\" \/>\n<meta property=\"og:site_name\" content=\"Tetraktis- Equine America, Dorwest, Excel\" \/>\n<meta property=\"article:publisher\" content=\"https:\/\/business.facebook.com\/equineamericashop\/?business_id=193323571192825\" \/>\n<meta property=\"article:modified_time\" content=\"2025-07-31T18:20:33+00:00\" \/>\n<meta property=\"og:image\" content=\"https:\/\/tetraktis.si\/wp-content\/uploads\/2022\/04\/Dorwest-pegasti-badelj-tablete-za-pse-in-macke.jpg\" \/>\n\t<meta property=\"og:image:width\" content=\"734\" \/>\n\t<meta property=\"og:image:height\" content=\"734\" \/>\n\t<meta property=\"og:image:type\" content=\"image\/jpeg\" \/>\n<meta name=\"twitter:card\" content=\"summary_large_image\" \/>\n<meta name=\"twitter:site\" content=\"@TetraktisInfo\" \/>\n<meta name=\"twitter:label1\" content=\"Est. reading time\" \/>\n\t<meta name=\"twitter:data1\" content=\"3 minutes\" \/>\n<script type=\"application\/ld+json\" class=\"yoast-schema-graph\">{\"@context\":\"https:\\\/\\\/schema.org\",\"@graph\":[{\"@type\":\"WebPage\",\"@id\":\"https:\\\/\\\/tetraktis.si\\\/en\\\/izdelek\\\/dorwest-milk-thistle-tablets-for-dogs-and-cats\\\/\",\"url\":\"https:\\\/\\\/tetraktis.si\\\/en\\\/izdelek\\\/dorwest-milk-thistle-tablets-for-dogs-and-cats\\\/\",\"name\":\"Dorwest Milk Thistle Tablets For Dogs And Cats- natural support for liver\",\"isPartOf\":{\"@id\":\"https:\\\/\\\/tetraktis.si\\\/en\\\/#website\"},\"primaryImageOfPage\":{\"@id\":\"https:\\\/\\\/tetraktis.si\\\/en\\\/izdelek\\\/dorwest-milk-thistle-tablets-for-dogs-and-cats\\\/#primaryimage\"},\"image\":{\"@id\":\"https:\\\/\\\/tetraktis.si\\\/en\\\/izdelek\\\/dorwest-milk-thistle-tablets-for-dogs-and-cats\\\/#primaryimage\"},\"thumbnailUrl\":\"https:\\\/\\\/tetraktis.si\\\/wp-content\\\/uploads\\\/2022\\\/04\\\/Dorwest-pegasti-badelj-tablete-za-pse-in-macke.jpg\",\"datePublished\":\"2022-04-27T13:58:17+00:00\",\"dateModified\":\"2025-07-31T18:20:33+00:00\",\"description\":\"Dorwest Milk Thistle help maintain good liver function in your pet. Removing and neutralizing harmful substances from the circulation.\",\"breadcrumb\":{\"@id\":\"https:\\\/\\\/tetraktis.si\\\/en\\\/izdelek\\\/dorwest-milk-thistle-tablets-for-dogs-and-cats\\\/#breadcrumb\"},\"inLanguage\":\"en-US\",\"potentialAction\":[{\"@type\":\"ReadAction\",\"target\":[\"https:\\\/\\\/tetraktis.si\\\/en\\\/izdelek\\\/dorwest-milk-thistle-tablets-for-dogs-and-cats\\\/\"]}]},{\"@type\":\"ImageObject\",\"inLanguage\":\"en-US\",\"@id\":\"https:\\\/\\\/tetraktis.si\\\/en\\\/izdelek\\\/dorwest-milk-thistle-tablets-for-dogs-and-cats\\\/#primaryimage\",\"url\":\"https:\\\/\\\/tetraktis.si\\\/wp-content\\\/uploads\\\/2022\\\/04\\\/Dorwest-pegasti-badelj-tablete-za-pse-in-macke.jpg\",\"contentUrl\":\"https:\\\/\\\/tetraktis.si\\\/wp-content\\\/uploads\\\/2022\\\/04\\\/Dorwest-pegasti-badelj-tablete-za-pse-in-macke.jpg\",\"width\":734,\"height\":734,\"caption\":\"Pegasti badelj za pse\"},{\"@type\":\"BreadcrumbList\",\"@id\":\"https:\\\/\\\/tetraktis.si\\\/en\\\/izdelek\\\/dorwest-milk-thistle-tablets-for-dogs-and-cats\\\/#breadcrumb\",\"itemListElement\":[{\"@type\":\"ListItem\",\"position\":1,\"name\":\"Shop\",\"item\":\"https:\\\/\\\/tetraktis.si\\\/en\\\/shop-3\\\/\"},{\"@type\":\"ListItem\",\"position\":2,\"name\":\"Dorwest Milk Thistle Tablets For Dogs And Cats\"}]},{\"@type\":\"WebSite\",\"@id\":\"https:\\\/\\\/tetraktis.si\\\/en\\\/#website\",\"url\":\"https:\\\/\\\/tetraktis.si\\\/en\\\/\",\"name\":\"Tetraktis- Equine America, Dorwest, Excel\",\"description\":\"Samo najbolj\u0161e za va\u0161e \u017eivali\",\"publisher\":{\"@id\":\"https:\\\/\\\/tetraktis.si\\\/en\\\/#organization\"},\"potentialAction\":[{\"@type\":\"SearchAction\",\"target\":{\"@type\":\"EntryPoint\",\"urlTemplate\":\"https:\\\/\\\/tetraktis.si\\\/en\\\/?s={search_term_string}\"},\"query-input\":{\"@type\":\"PropertyValueSpecification\",\"valueRequired\":true,\"valueName\":\"search_term_string\"}}],\"inLanguage\":\"en-US\"},{\"@type\":\"Organization\",\"@id\":\"https:\\\/\\\/tetraktis.si\\\/en\\\/#organization\",\"name\":\"Tetraktis\",\"url\":\"https:\\\/\\\/tetraktis.si\\\/en\\\/\",\"logo\":{\"@type\":\"ImageObject\",\"inLanguage\":\"en-US\",\"@id\":\"https:\\\/\\\/tetraktis.si\\\/en\\\/#\\\/schema\\\/logo\\\/image\\\/\",\"url\":\"https:\\\/\\\/tetraktis.si\\\/wp-content\\\/uploads\\\/2022\\\/06\\\/logo.webp\",\"contentUrl\":\"https:\\\/\\\/tetraktis.si\\\/wp-content\\\/uploads\\\/2022\\\/06\\\/logo.webp\",\"width\":400,\"height\":211,\"caption\":\"Tetraktis\"},\"image\":{\"@id\":\"https:\\\/\\\/tetraktis.si\\\/en\\\/#\\\/schema\\\/logo\\\/image\\\/\"},\"sameAs\":[\"https:\\\/\\\/business.facebook.com\\\/equineamericashop\\\/?business_id=193323571192825\",\"https:\\\/\\\/x.com\\\/TetraktisInfo\",\"https:\\\/\\\/www.instagram.com\\\/tetraktisslovenija\\\/\",\"https:\\\/\\\/www.youtube.com\\\/channel\\\/UCk_PdKMdtpZ4pf0RRFL1vYA\"]}]}<\/script>\n<!-- \/ Yoast SEO Premium plugin. -->","yoast_head_json":{"title":"Dorwest Milk Thistle Tablets For Dogs And Cats- natural support for liver","description":"Dorwest Milk Thistle help maintain good liver function in your pet. Removing and neutralizing harmful substances from the circulation.","robots":{"index":"index","follow":"follow","max-snippet":"max-snippet:-1","max-image-preview":"max-image-preview:large","max-video-preview":"max-video-preview:-1"},"canonical":"https:\/\/tetraktis.si\/en\/izdelek\/dorwest-milk-thistle-tablets-for-dogs-and-cats\/","og_locale":"en_US","og_type":"article","og_title":"Dorwest Milk Thistle Tablets For Dogs And Cats- natural support for liver","og_description":"Dorwest Milk Thistle help maintain good liver function in your pet. Removing and neutralizing harmful substances from the circulation.","og_url":"https:\/\/tetraktis.si\/en\/izdelek\/dorwest-milk-thistle-tablets-for-dogs-and-cats\/","og_site_name":"Tetraktis- Equine America, Dorwest, Excel","article_publisher":"https:\/\/business.facebook.com\/equineamericashop\/?business_id=193323571192825","article_modified_time":"2025-07-31T18:20:33+00:00","og_image":[{"width":734,"height":734,"url":"https:\/\/tetraktis.si\/wp-content\/uploads\/2022\/04\/Dorwest-pegasti-badelj-tablete-za-pse-in-macke.jpg","type":"image\/jpeg"}],"twitter_card":"summary_large_image","twitter_site":"@TetraktisInfo","twitter_misc":{"Est. reading time":"3 minutes"},"schema":{"@context":"https:\/\/schema.org","@graph":[{"@type":"WebPage","@id":"https:\/\/tetraktis.si\/en\/izdelek\/dorwest-milk-thistle-tablets-for-dogs-and-cats\/","url":"https:\/\/tetraktis.si\/en\/izdelek\/dorwest-milk-thistle-tablets-for-dogs-and-cats\/","name":"Dorwest Milk Thistle Tablets For Dogs And Cats- natural support for liver","isPartOf":{"@id":"https:\/\/tetraktis.si\/en\/#website"},"primaryImageOfPage":{"@id":"https:\/\/tetraktis.si\/en\/izdelek\/dorwest-milk-thistle-tablets-for-dogs-and-cats\/#primaryimage"},"image":{"@id":"https:\/\/tetraktis.si\/en\/izdelek\/dorwest-milk-thistle-tablets-for-dogs-and-cats\/#primaryimage"},"thumbnailUrl":"https:\/\/tetraktis.si\/wp-content\/uploads\/2022\/04\/Dorwest-pegasti-badelj-tablete-za-pse-in-macke.jpg","datePublished":"2022-04-27T13:58:17+00:00","dateModified":"2025-07-31T18:20:33+00:00","description":"Dorwest Milk Thistle help maintain good liver function in your pet. Removing and neutralizing harmful substances from the circulation.","breadcrumb":{"@id":"https:\/\/tetraktis.si\/en\/izdelek\/dorwest-milk-thistle-tablets-for-dogs-and-cats\/#breadcrumb"},"inLanguage":"en-US","potentialAction":[{"@type":"ReadAction","target":["https:\/\/tetraktis.si\/en\/izdelek\/dorwest-milk-thistle-tablets-for-dogs-and-cats\/"]}]},{"@type":"ImageObject","inLanguage":"en-US","@id":"https:\/\/tetraktis.si\/en\/izdelek\/dorwest-milk-thistle-tablets-for-dogs-and-cats\/#primaryimage","url":"https:\/\/tetraktis.si\/wp-content\/uploads\/2022\/04\/Dorwest-pegasti-badelj-tablete-za-pse-in-macke.jpg","contentUrl":"https:\/\/tetraktis.si\/wp-content\/uploads\/2022\/04\/Dorwest-pegasti-badelj-tablete-za-pse-in-macke.jpg","width":734,"height":734,"caption":"Pegasti badelj za pse"},{"@type":"BreadcrumbList","@id":"https:\/\/tetraktis.si\/en\/izdelek\/dorwest-milk-thistle-tablets-for-dogs-and-cats\/#breadcrumb","itemListElement":[{"@type":"ListItem","position":1,"name":"Shop","item":"https:\/\/tetraktis.si\/en\/shop-3\/"},{"@type":"ListItem","position":2,"name":"Dorwest Milk Thistle Tablets For Dogs And Cats"}]},{"@type":"WebSite","@id":"https:\/\/tetraktis.si\/en\/#website","url":"https:\/\/tetraktis.si\/en\/","name":"Tetraktis- Equine America, Dorwest, Excel","description":"Samo najbolj\u0161e za va\u0161e \u017eivali","publisher":{"@id":"https:\/\/tetraktis.si\/en\/#organization"},"potentialAction":[{"@type":"SearchAction","target":{"@type":"EntryPoint","urlTemplate":"https:\/\/tetraktis.si\/en\/?s={search_term_string}"},"query-input":{"@type":"PropertyValueSpecification","valueRequired":true,"valueName":"search_term_string"}}],"inLanguage":"en-US"},{"@type":"Organization","@id":"https:\/\/tetraktis.si\/en\/#organization","name":"Tetraktis","url":"https:\/\/tetraktis.si\/en\/","logo":{"@type":"ImageObject","inLanguage":"en-US","@id":"https:\/\/tetraktis.si\/en\/#\/schema\/logo\/image\/","url":"https:\/\/tetraktis.si\/wp-content\/uploads\/2022\/06\/logo.webp","contentUrl":"https:\/\/tetraktis.si\/wp-content\/uploads\/2022\/06\/logo.webp","width":400,"height":211,"caption":"Tetraktis"},"image":{"@id":"https:\/\/tetraktis.si\/en\/#\/schema\/logo\/image\/"},"sameAs":["https:\/\/business.facebook.com\/equineamericashop\/?business_id=193323571192825","https:\/\/x.com\/TetraktisInfo","https:\/\/www.instagram.com\/tetraktisslovenija\/","https:\/\/www.youtube.com\/channel\/UCk_PdKMdtpZ4pf0RRFL1vYA"]}]}},"_links":{"self":[{"href":"https:\/\/tetraktis.si\/en\/wp-json\/wp\/v2\/product\/32535","targetHints":{"allow":["GET"]}}],"collection":[{"href":"https:\/\/tetraktis.si\/en\/wp-json\/wp\/v2\/product"}],"about":[{"href":"https:\/\/tetraktis.si\/en\/wp-json\/wp\/v2\/types\/product"}],"replies":[{"embeddable":true,"href":"https:\/\/tetraktis.si\/en\/wp-json\/wp\/v2\/comments?post=32535"}],"version-history":[{"count":1,"href":"https:\/\/tetraktis.si\/en\/wp-json\/wp\/v2\/product\/32535\/revisions"}],"predecessor-version":[{"id":37137,"href":"https:\/\/tetraktis.si\/en\/wp-json\/wp\/v2\/product\/32535\/revisions\/37137"}],"wp:featuredmedia":[{"embeddable":true,"href":"https:\/\/tetraktis.si\/en\/wp-json\/wp\/v2\/media\/24961"}],"wp:attachment":[{"href":"https:\/\/tetraktis.si\/en\/wp-json\/wp\/v2\/media?parent=32535"}],"wp:term":[{"taxonomy":"product_brand","embeddable":true,"href":"https:\/\/tetraktis.si\/en\/wp-json\/wp\/v2\/product_brand?post=32535"},{"taxonomy":"product_cat","embeddable":true,"href":"https:\/\/tetraktis.si\/en\/wp-json\/wp\/v2\/product_cat?post=32535"},{"taxonomy":"product_tag","embeddable":true,"href":"https:\/\/tetraktis.si\/en\/wp-json\/wp\/v2\/product_tag?post=32535"}],"curies":[{"name":"wp","href":"https:\/\/api.w.org\/{rel}","templated":true}]}}