{"id":32531,"date":"2022-04-27T15:58:17","date_gmt":"2022-04-27T13:58:17","guid":{"rendered":"https:\/\/cortaflex.si\/izdelek\/dorwest-green-releaf-tablets-for-dogs-and-cats\/"},"modified":"2023-03-28T09:00:01","modified_gmt":"2023-03-28T07:00:01","slug":"dorwest-green-releaf-tablets-for-dogs-and-cats","status":"publish","type":"product","link":"https:\/\/tetraktis.si\/en\/izdelek\/dorwest-green-releaf-tablets-for-dogs-and-cats\/","title":{"rendered":"Dorwest Green Releaf Tablets For Dogs And Cats"},"content":{"rendered":"<h1>Dorwest Green Releaf Tablets For Dogs And Cats<\/h1>\n<p>Dorwest Green Releaf Tablets For Dogs And Cats offer n<span lang=\"EN-GB\">atural support for your pet`s skin, joints, and urinary system &#8211; with soothing, cleansing, and pH balancing properties. <\/span>With a powerful combination of specially selected whole green plants, Green Releaf\u00ae Tablets have natural soothing, cleansing, and pH balancing properties. They can help to maintain healthy skin, particularly when it is sensitive, and can also be used to help maintain healthy joints and kidneys and as an aid for normal urination &#8211; things that owners of older dogs often worry about.<\/p>\n<ul>\n<li>Skin \u2013 calms and soothes<\/li>\n<li><a href=\"https:\/\/www.tetraktis.si\/en\/why-cortaflex\/\">Joints<\/a> &#8211; helps to improve comfort and mobility<\/li>\n<li>Normal urination &#8211; promotes mild water loss, helping to maintain normal urine flow and pH balance<\/li>\n<\/ul>\n<p dir=\"LTR\" align=\"LEFT\">The pH balancing effect of Green Releaf\u00ae Tablets has been reported by pet owners to help reduce tear staining and lawn burn.<\/p>\n<h2 dir=\"LTR\" align=\"LEFT\">How do Green Releaf\u00ae Tablets work?<\/h2>\n<p>The specially selected whole green plants found in <strong>Dorwest Green Releaf<\/strong> Tablets deliver a powerful combination of natural active compounds which work together to naturally support your pet:<\/p>\n<ul>\n<li>Watercress &#8211; packed with nutrients and antioxidants, useful for neutralizing free radicals across the body &#8211; a real superfood!<\/li>\n<li>Celery Seed &#8211; helps maintain suppleness and free movement<\/li>\n<li>Celery Plant &#8211; has a naturally soothing effect<\/li>\n<li>Horseradish &#8211; naturally supports the urinary system<\/li>\n<li>Parsley &#8211; helps maintain a healthy pH balance<\/li>\n<\/ul>\n<h2>Do Green Releaf\u00ae Tablets work well with other <a href=\"https:\/\/www.tetraktis.si\/en\/product-category\/dogs-cats\/dorwest-herbs\/\">Dorwest products<\/a>?<\/h2>\n<p>Yes, Green Releaf\u00ae Tablets can be used with any of our other products. In fact, some things are better together and by using some of our products together you can really maximize their effects. We recommend using Dorwest Green Releaf Tablets with the following:<\/p>\n<ul>\n<li>To maintain healthy skin: Use with our <a href=\"https:\/\/www.tetraktis.si\/en\/product\/dorwest-garlic\/\">Garlic &amp; Fenugreek<\/a> Tablets to help maximize the results \u2013 soothing the skin from the inside out<\/li>\n<li>To maintain healthy joints: Use with our <a href=\"https:\/\/www.tetraktis.si\/en\/product\/dorwest-garlic\/\">Garlic &amp; Fenugreek Tablets<\/a> for easier movement and a more comfortable pet. Our Glucosamine &amp; Chondroitin Tablets also complement these to help maintain flexibility and mobility<\/li>\n<\/ul>\n<p dir=\"LTR\" align=\"LEFT\">Green Releaf\u00ae Tablets can also be used alongside other supplements and medications, although if these are on prescription, you should check with your vet first.<\/p>\n<h2>How do I give Green Releaf\u00ae Tablets?<\/h2>\n<p>Our Green Releaf\u00ae Tablets should be given daily, ideally splitting the recommended daily amount in two, to give half in the morning and a half in the evening. They can be given with or without food &#8211; whatever your pet prefers &#8211; and the new smaller tablet size helps make administration easier than ever.<\/p>\n<p align=\"LEFT\">To help maintain healthy skin you should use Green Releaf\u00ae Tablets continuously for at least a month. It takes this long for the full effects of Green Releaf\u00ae Tablets to be seen, as the skin takes about three weeks to regenerate in dogs. If you know your pet suffers from their skin at particular times, for example, due to pollen allergies, you can start using our Green Releaf\u00ae Tablets a month before.<\/p>\n<p><strong>Ingredients:\u00a0<\/strong>Watercress 70mg*; celery seed 30mg*; horseradish 30mg; celery plant 30mg; parsley 20mg* (*Equivalent from extracts)<\/p>\n<p><strong>Administration:\u00a0<\/strong>Initial 3 weeks or as required: 2 tablets per 10kgs bodyweight daily. Maintenance: 1 tablet per 10kgs bodyweight daily.<\/p>\n<p><strong>Can be used during pregnancy?:\u00a0<\/strong>Yes<\/p>\n<p><strong>Can be used during lactation?:\u00a0<\/strong>Yes<\/p>\n<p><strong>Interactions:\u00a0<\/strong>None, can be given in conjunction with any other medication<\/p>\n<p><strong>Product Finishing:\u00a0<\/strong>Film Coated<\/p>\n","protected":false},"excerpt":{"rendered":"<p>They can help to maintain healthy skin, particularly when it is sensitive, and can also be used to help maintain healthy joints and kidneys and as an aid for normal urination &#8211; things that owners of older dogs often worry about.<\/p>\n<p>Packages 100, 200 or 500 tablets.<\/p>\n","protected":false},"featured_media":24914,"comment_status":"open","ping_status":"closed","template":"","meta":[],"product_brand":[329],"product_cat":[3323,3347,3349,3336],"product_tag":[],"class_list":{"0":"post-32531","1":"product","2":"type-product","3":"status-publish","4":"has-post-thumbnail","6":"product_brand-dorwest","7":"product_cat-dogs-cats","8":"product_cat-hormoni-in-plodnost-en","9":"product_cat-izdelki-za-macke-en","10":"product_cat-pasja-dlaka-in-koza-en","13":"first","14":"instock","15":"taxable","16":"shipping-taxable","17":"purchasable","18":"product-type-variable","19":"has-default-attributes"},"yoast_head":"<!-- This site is optimized with the Yoast SEO Premium plugin v20.10 (Yoast SEO v27.3) - https:\/\/yoast.com\/product\/yoast-seo-premium-wordpress\/ -->\n<title>Dorwest Green Releaf Tablets For Dogs And Cats - especially for elderly<\/title>\n<meta name=\"description\" content=\"Dorwest Green Releaf Tablets For Dogs And Cats help to maintain healthy skin, healthy joints and kidneys and as an aid for normal urination.\" \/>\n<meta name=\"robots\" content=\"index, follow, max-snippet:-1, max-image-preview:large, max-video-preview:-1\" \/>\n<link rel=\"canonical\" href=\"https:\/\/tetraktis.si\/en\/izdelek\/dorwest-green-releaf-tablets-for-dogs-and-cats\/\" \/>\n<meta property=\"og:locale\" content=\"en_US\" \/>\n<meta property=\"og:type\" content=\"article\" \/>\n<meta property=\"og:title\" content=\"Dorwest Green Releaf Tablets For Dogs And Cats - especially for elderly\" \/>\n<meta property=\"og:description\" content=\"Dorwest Green Releaf Tablets For Dogs And Cats help to maintain healthy skin, healthy joints and kidneys and as an aid for normal urination.\" \/>\n<meta property=\"og:url\" content=\"https:\/\/tetraktis.si\/en\/izdelek\/dorwest-green-releaf-tablets-for-dogs-and-cats\/\" \/>\n<meta property=\"og:site_name\" content=\"Tetraktis- Equine America, Dorwest, Excel\" \/>\n<meta property=\"article:publisher\" content=\"https:\/\/business.facebook.com\/equineamericashop\/?business_id=193323571192825\" \/>\n<meta property=\"article:modified_time\" content=\"2023-03-28T07:00:01+00:00\" \/>\n<meta property=\"og:image\" content=\"https:\/\/tetraktis.si\/wp-content\/uploads\/2022\/04\/Dorwest-zelenjavna-mesanica-tablete-2.jpg\" \/>\n\t<meta property=\"og:image:width\" content=\"734\" \/>\n\t<meta property=\"og:image:height\" content=\"734\" \/>\n\t<meta property=\"og:image:type\" content=\"image\/jpeg\" \/>\n<meta name=\"twitter:card\" content=\"summary_large_image\" \/>\n<meta name=\"twitter:site\" content=\"@TetraktisInfo\" \/>\n<meta name=\"twitter:label1\" content=\"Est. reading time\" \/>\n\t<meta name=\"twitter:data1\" content=\"3 minutes\" \/>\n<script type=\"application\/ld+json\" class=\"yoast-schema-graph\">{\"@context\":\"https:\\\/\\\/schema.org\",\"@graph\":[{\"@type\":\"WebPage\",\"@id\":\"https:\\\/\\\/tetraktis.si\\\/en\\\/izdelek\\\/dorwest-green-releaf-tablets-for-dogs-and-cats\\\/\",\"url\":\"https:\\\/\\\/tetraktis.si\\\/en\\\/izdelek\\\/dorwest-green-releaf-tablets-for-dogs-and-cats\\\/\",\"name\":\"Dorwest Green Releaf Tablets For Dogs And Cats - especially for elderly\",\"isPartOf\":{\"@id\":\"https:\\\/\\\/tetraktis.si\\\/en\\\/#website\"},\"primaryImageOfPage\":{\"@id\":\"https:\\\/\\\/tetraktis.si\\\/en\\\/izdelek\\\/dorwest-green-releaf-tablets-for-dogs-and-cats\\\/#primaryimage\"},\"image\":{\"@id\":\"https:\\\/\\\/tetraktis.si\\\/en\\\/izdelek\\\/dorwest-green-releaf-tablets-for-dogs-and-cats\\\/#primaryimage\"},\"thumbnailUrl\":\"https:\\\/\\\/tetraktis.si\\\/wp-content\\\/uploads\\\/2022\\\/04\\\/Dorwest-zelenjavna-mesanica-tablete-2.jpg\",\"datePublished\":\"2022-04-27T13:58:17+00:00\",\"dateModified\":\"2023-03-28T07:00:01+00:00\",\"description\":\"Dorwest Green Releaf Tablets For Dogs And Cats help to maintain healthy skin, healthy joints and kidneys and as an aid for normal urination.\",\"breadcrumb\":{\"@id\":\"https:\\\/\\\/tetraktis.si\\\/en\\\/izdelek\\\/dorwest-green-releaf-tablets-for-dogs-and-cats\\\/#breadcrumb\"},\"inLanguage\":\"en-US\",\"potentialAction\":[{\"@type\":\"ReadAction\",\"target\":[\"https:\\\/\\\/tetraktis.si\\\/en\\\/izdelek\\\/dorwest-green-releaf-tablets-for-dogs-and-cats\\\/\"]}]},{\"@type\":\"ImageObject\",\"inLanguage\":\"en-US\",\"@id\":\"https:\\\/\\\/tetraktis.si\\\/en\\\/izdelek\\\/dorwest-green-releaf-tablets-for-dogs-and-cats\\\/#primaryimage\",\"url\":\"https:\\\/\\\/tetraktis.si\\\/wp-content\\\/uploads\\\/2022\\\/04\\\/Dorwest-zelenjavna-mesanica-tablete-2.jpg\",\"contentUrl\":\"https:\\\/\\\/tetraktis.si\\\/wp-content\\\/uploads\\\/2022\\\/04\\\/Dorwest-zelenjavna-mesanica-tablete-2.jpg\",\"width\":734,\"height\":734,\"caption\":\"zelenjavna me\u0161anica za psa\"},{\"@type\":\"BreadcrumbList\",\"@id\":\"https:\\\/\\\/tetraktis.si\\\/en\\\/izdelek\\\/dorwest-green-releaf-tablets-for-dogs-and-cats\\\/#breadcrumb\",\"itemListElement\":[{\"@type\":\"ListItem\",\"position\":1,\"name\":\"Shop\",\"item\":\"https:\\\/\\\/tetraktis.si\\\/en\\\/shop-3\\\/\"},{\"@type\":\"ListItem\",\"position\":2,\"name\":\"Dorwest Green Releaf Tablets For Dogs And Cats\"}]},{\"@type\":\"WebSite\",\"@id\":\"https:\\\/\\\/tetraktis.si\\\/en\\\/#website\",\"url\":\"https:\\\/\\\/tetraktis.si\\\/en\\\/\",\"name\":\"Tetraktis- Equine America, Dorwest, Excel\",\"description\":\"Samo najbolj\u0161e za va\u0161e \u017eivali\",\"publisher\":{\"@id\":\"https:\\\/\\\/tetraktis.si\\\/en\\\/#organization\"},\"potentialAction\":[{\"@type\":\"SearchAction\",\"target\":{\"@type\":\"EntryPoint\",\"urlTemplate\":\"https:\\\/\\\/tetraktis.si\\\/en\\\/?s={search_term_string}\"},\"query-input\":{\"@type\":\"PropertyValueSpecification\",\"valueRequired\":true,\"valueName\":\"search_term_string\"}}],\"inLanguage\":\"en-US\"},{\"@type\":\"Organization\",\"@id\":\"https:\\\/\\\/tetraktis.si\\\/en\\\/#organization\",\"name\":\"Tetraktis\",\"url\":\"https:\\\/\\\/tetraktis.si\\\/en\\\/\",\"logo\":{\"@type\":\"ImageObject\",\"inLanguage\":\"en-US\",\"@id\":\"https:\\\/\\\/tetraktis.si\\\/en\\\/#\\\/schema\\\/logo\\\/image\\\/\",\"url\":\"https:\\\/\\\/tetraktis.si\\\/wp-content\\\/uploads\\\/2022\\\/06\\\/logo.webp\",\"contentUrl\":\"https:\\\/\\\/tetraktis.si\\\/wp-content\\\/uploads\\\/2022\\\/06\\\/logo.webp\",\"width\":400,\"height\":211,\"caption\":\"Tetraktis\"},\"image\":{\"@id\":\"https:\\\/\\\/tetraktis.si\\\/en\\\/#\\\/schema\\\/logo\\\/image\\\/\"},\"sameAs\":[\"https:\\\/\\\/business.facebook.com\\\/equineamericashop\\\/?business_id=193323571192825\",\"https:\\\/\\\/x.com\\\/TetraktisInfo\",\"https:\\\/\\\/www.instagram.com\\\/tetraktisslovenija\\\/\",\"https:\\\/\\\/www.youtube.com\\\/channel\\\/UCk_PdKMdtpZ4pf0RRFL1vYA\"]}]}<\/script>\n<!-- \/ Yoast SEO Premium plugin. -->","yoast_head_json":{"title":"Dorwest Green Releaf Tablets For Dogs And Cats - especially for elderly","description":"Dorwest Green Releaf Tablets For Dogs And Cats help to maintain healthy skin, healthy joints and kidneys and as an aid for normal urination.","robots":{"index":"index","follow":"follow","max-snippet":"max-snippet:-1","max-image-preview":"max-image-preview:large","max-video-preview":"max-video-preview:-1"},"canonical":"https:\/\/tetraktis.si\/en\/izdelek\/dorwest-green-releaf-tablets-for-dogs-and-cats\/","og_locale":"en_US","og_type":"article","og_title":"Dorwest Green Releaf Tablets For Dogs And Cats - especially for elderly","og_description":"Dorwest Green Releaf Tablets For Dogs And Cats help to maintain healthy skin, healthy joints and kidneys and as an aid for normal urination.","og_url":"https:\/\/tetraktis.si\/en\/izdelek\/dorwest-green-releaf-tablets-for-dogs-and-cats\/","og_site_name":"Tetraktis- Equine America, Dorwest, Excel","article_publisher":"https:\/\/business.facebook.com\/equineamericashop\/?business_id=193323571192825","article_modified_time":"2023-03-28T07:00:01+00:00","og_image":[{"width":734,"height":734,"url":"https:\/\/tetraktis.si\/wp-content\/uploads\/2022\/04\/Dorwest-zelenjavna-mesanica-tablete-2.jpg","type":"image\/jpeg"}],"twitter_card":"summary_large_image","twitter_site":"@TetraktisInfo","twitter_misc":{"Est. reading time":"3 minutes"},"schema":{"@context":"https:\/\/schema.org","@graph":[{"@type":"WebPage","@id":"https:\/\/tetraktis.si\/en\/izdelek\/dorwest-green-releaf-tablets-for-dogs-and-cats\/","url":"https:\/\/tetraktis.si\/en\/izdelek\/dorwest-green-releaf-tablets-for-dogs-and-cats\/","name":"Dorwest Green Releaf Tablets For Dogs And Cats - especially for elderly","isPartOf":{"@id":"https:\/\/tetraktis.si\/en\/#website"},"primaryImageOfPage":{"@id":"https:\/\/tetraktis.si\/en\/izdelek\/dorwest-green-releaf-tablets-for-dogs-and-cats\/#primaryimage"},"image":{"@id":"https:\/\/tetraktis.si\/en\/izdelek\/dorwest-green-releaf-tablets-for-dogs-and-cats\/#primaryimage"},"thumbnailUrl":"https:\/\/tetraktis.si\/wp-content\/uploads\/2022\/04\/Dorwest-zelenjavna-mesanica-tablete-2.jpg","datePublished":"2022-04-27T13:58:17+00:00","dateModified":"2023-03-28T07:00:01+00:00","description":"Dorwest Green Releaf Tablets For Dogs And Cats help to maintain healthy skin, healthy joints and kidneys and as an aid for normal urination.","breadcrumb":{"@id":"https:\/\/tetraktis.si\/en\/izdelek\/dorwest-green-releaf-tablets-for-dogs-and-cats\/#breadcrumb"},"inLanguage":"en-US","potentialAction":[{"@type":"ReadAction","target":["https:\/\/tetraktis.si\/en\/izdelek\/dorwest-green-releaf-tablets-for-dogs-and-cats\/"]}]},{"@type":"ImageObject","inLanguage":"en-US","@id":"https:\/\/tetraktis.si\/en\/izdelek\/dorwest-green-releaf-tablets-for-dogs-and-cats\/#primaryimage","url":"https:\/\/tetraktis.si\/wp-content\/uploads\/2022\/04\/Dorwest-zelenjavna-mesanica-tablete-2.jpg","contentUrl":"https:\/\/tetraktis.si\/wp-content\/uploads\/2022\/04\/Dorwest-zelenjavna-mesanica-tablete-2.jpg","width":734,"height":734,"caption":"zelenjavna me\u0161anica za psa"},{"@type":"BreadcrumbList","@id":"https:\/\/tetraktis.si\/en\/izdelek\/dorwest-green-releaf-tablets-for-dogs-and-cats\/#breadcrumb","itemListElement":[{"@type":"ListItem","position":1,"name":"Shop","item":"https:\/\/tetraktis.si\/en\/shop-3\/"},{"@type":"ListItem","position":2,"name":"Dorwest Green Releaf Tablets For Dogs And Cats"}]},{"@type":"WebSite","@id":"https:\/\/tetraktis.si\/en\/#website","url":"https:\/\/tetraktis.si\/en\/","name":"Tetraktis- Equine America, Dorwest, Excel","description":"Samo najbolj\u0161e za va\u0161e \u017eivali","publisher":{"@id":"https:\/\/tetraktis.si\/en\/#organization"},"potentialAction":[{"@type":"SearchAction","target":{"@type":"EntryPoint","urlTemplate":"https:\/\/tetraktis.si\/en\/?s={search_term_string}"},"query-input":{"@type":"PropertyValueSpecification","valueRequired":true,"valueName":"search_term_string"}}],"inLanguage":"en-US"},{"@type":"Organization","@id":"https:\/\/tetraktis.si\/en\/#organization","name":"Tetraktis","url":"https:\/\/tetraktis.si\/en\/","logo":{"@type":"ImageObject","inLanguage":"en-US","@id":"https:\/\/tetraktis.si\/en\/#\/schema\/logo\/image\/","url":"https:\/\/tetraktis.si\/wp-content\/uploads\/2022\/06\/logo.webp","contentUrl":"https:\/\/tetraktis.si\/wp-content\/uploads\/2022\/06\/logo.webp","width":400,"height":211,"caption":"Tetraktis"},"image":{"@id":"https:\/\/tetraktis.si\/en\/#\/schema\/logo\/image\/"},"sameAs":["https:\/\/business.facebook.com\/equineamericashop\/?business_id=193323571192825","https:\/\/x.com\/TetraktisInfo","https:\/\/www.instagram.com\/tetraktisslovenija\/","https:\/\/www.youtube.com\/channel\/UCk_PdKMdtpZ4pf0RRFL1vYA"]}]}},"_links":{"self":[{"href":"https:\/\/tetraktis.si\/en\/wp-json\/wp\/v2\/product\/32531","targetHints":{"allow":["GET"]}}],"collection":[{"href":"https:\/\/tetraktis.si\/en\/wp-json\/wp\/v2\/product"}],"about":[{"href":"https:\/\/tetraktis.si\/en\/wp-json\/wp\/v2\/types\/product"}],"replies":[{"embeddable":true,"href":"https:\/\/tetraktis.si\/en\/wp-json\/wp\/v2\/comments?post=32531"}],"version-history":[{"count":1,"href":"https:\/\/tetraktis.si\/en\/wp-json\/wp\/v2\/product\/32531\/revisions"}],"predecessor-version":[{"id":37136,"href":"https:\/\/tetraktis.si\/en\/wp-json\/wp\/v2\/product\/32531\/revisions\/37136"}],"wp:featuredmedia":[{"embeddable":true,"href":"https:\/\/tetraktis.si\/en\/wp-json\/wp\/v2\/media\/24914"}],"wp:attachment":[{"href":"https:\/\/tetraktis.si\/en\/wp-json\/wp\/v2\/media?parent=32531"}],"wp:term":[{"taxonomy":"product_brand","embeddable":true,"href":"https:\/\/tetraktis.si\/en\/wp-json\/wp\/v2\/product_brand?post=32531"},{"taxonomy":"product_cat","embeddable":true,"href":"https:\/\/tetraktis.si\/en\/wp-json\/wp\/v2\/product_cat?post=32531"},{"taxonomy":"product_tag","embeddable":true,"href":"https:\/\/tetraktis.si\/en\/wp-json\/wp\/v2\/product_tag?post=32531"}],"curies":[{"name":"wp","href":"https:\/\/api.w.org\/{rel}","templated":true}]}}