{"id":32519,"date":"2022-04-27T15:58:17","date_gmt":"2022-04-27T13:58:17","guid":{"rendered":"https:\/\/cortaflex.si\/izdelek\/dorwest-tree-barks-powder-for-dogs-and-cats\/"},"modified":"2025-03-16T19:00:51","modified_gmt":"2025-03-16T18:00:51","slug":"dorwest-tree-barks-powder-for-dogs-and-cats","status":"publish","type":"product","link":"https:\/\/tetraktis.si\/en\/izdelek\/dorwest-tree-barks-powder-for-dogs-and-cats\/","title":{"rendered":"Dorwest Tree Barks Powder For Dogs And Cats"},"content":{"rendered":"<h2>Dorwest Tree Barks Powder For Dogs And Cats<\/h2>\n<p>Dorwest Tree Barks Naturally aids digestion to support pets who suffer from diarrhea and intestinal disorders. Upset tummies, poor digestion, and diarrhea are all common complaints that can be non-specific and may recur, which can be unpleasant for you and your pet. Tree Barks Powder can help though, by naturally soothing the digestive tract. The two powdered tree barks in this supplement help to slow the passage of food, increasing the absorption of nutrients, firming the stools, and easing discomfort. From pups to veterans, <strong>Dorwest Tree Barks<\/strong> Powder is suitable for all dogs when their tummies need some extra support.<\/p>\n<h2>Help keep your pet\u2019s tummy naturally comfortable and stools normal with this blend of complementary digestive herbs<\/h2>\n<p>Three herbs renowned for their digestive health properties work together provide effective digestive support, for comfortable tummies and normal stools.<\/p>\n<ul>\n<li><strong>Slippery elm bark\u00a0<\/strong><\/li>\n<p>&#8211; contains mucilage, a sticky substance that helps maintain good bowel regularity and stool consistency<\/p>\n<li><strong>Marshmallow root\u00a0<\/strong><\/li>\n<p>&#8211; another powerful mucilagenous herb that coats the gut, soothing and assisting gut transit<\/p>\n<li><strong>White poplar bark\u00a0<\/strong><\/li>\n<p>&#8211; helps to keep tummies comfortable, thanks to its soothing properties<\/ul>\n<h2>Which dogs can benefit from Tree Barks Powder?<\/h2>\n<p>Gut problems are common in our pets, with gurgling tummies, excessive wind, nausea, inappetence and looser or more frequent stools all being signs that something isn`t quite right. Various medical conditions, stress and changes in your pet\u2019s environment or diet (including eating things that they shouldn\u2019t have!), can all be to blame. Whether it\u2019s ongoing tummy troubles or a short-term upset though, Tree Barks Powder can help quickly soothe your pet\u2019s digestive tract, as it is suitable for long or short-term use. The gentle action of Tree Barks Powder means that it is suitable to use in pets of all ages too, including weaning puppies and kittens.<\/p>\n<h2>How does Tree Barks Powder work?<\/h2>\n<p>Tree Barks Powder is a fine fluffy powder which does something magic when it gets wet! It becomes almost blancmange like, hence the name \u2018slippery\u2019 elm, and we all know how gooey marshmallows are&#8230; The moisture in the digestive tract is enough to cause this Tree Barks Powder transformation, allowing it to coat and soothe the stomach and digestive tract (emollient action), and slow down the passage of food. All this helps maintain normal absorption of nutrients and stools with a normal consistency.<\/p>\n<p><strong>Ingredients:\u00a0<\/strong>Finely powdered slippery elm bark (50%), marshmallow root (40%) and white poplar bark (10%)<\/p>\n<p><strong>Administration:\u00a0<\/strong>Give daily. Add 1 tsp per 10 kgs bodyweight to food (split this total daily amount between meals) or mix with liquid. This amount can be increased if required, based on individual response.<\/p>\n<p><strong>Can be used during pregnancy?:\u00a0<\/strong>Yes<\/p>\n<p><strong>Can be used during lactation?:\u00a0<\/strong>Yes<\/p>\n<p><strong>Interactions:\u00a0<\/strong>Can be given in conjunction with other medications, if you are unsure please contact us for further advice or information.<\/p>\n<p><strong>Product Finishing:\u00a0<\/strong>Powder<\/p>\n<p><strong>Special Warnings:\u00a0<\/strong>Due to the wide range of intestinal disorders, some of which may be serious, it is recommended that veterinary advice be sought before using this product or if the condition fails to improve.<\/p>\n<p>Check for\u00a0<a href=\"https:\/\/www.tetraktis.si\/en\/product-category\/dogs-cats\/dorwest-herbs\/\">others Dorwest products<\/a>!<\/p>\n","protected":false},"excerpt":{"rendered":"<p>Tree Barks Powder can help though, by naturally soothing the digestive tract. The powdered tree barks in this supplement help to slow the passage of food, increasing the absorption of nutrients, firming the stools, and easing discomfort.<\/p>\n","protected":false},"featured_media":24905,"comment_status":"open","ping_status":"closed","template":"","meta":[],"product_brand":[329],"product_cat":[3323,3349],"product_tag":[],"class_list":{"0":"post-32519","1":"product","2":"type-product","3":"status-publish","4":"has-post-thumbnail","6":"product_brand-dorwest","7":"product_cat-dogs-cats","8":"product_cat-izdelki-za-macke-en","11":"first","12":"instock","13":"taxable","14":"shipping-taxable","15":"purchasable","16":"product-type-variable","17":"has-default-attributes"},"yoast_head":"<!-- This site is optimized with the Yoast SEO Premium plugin v20.10 (Yoast SEO v27.3) - https:\/\/yoast.com\/product\/yoast-seo-premium-wordpress\/ -->\n<title>Dorwest Tree Barks can help soothing the digestive tract<\/title>\n<meta name=\"description\" content=\"Dorwest Tree Barks can help though, by naturally soothing the digestive tract. It helps firming the stools and easing discomfort.\" \/>\n<meta name=\"robots\" content=\"index, follow, max-snippet:-1, max-image-preview:large, max-video-preview:-1\" \/>\n<link rel=\"canonical\" href=\"https:\/\/tetraktis.si\/en\/izdelek\/dorwest-tree-barks-powder-for-dogs-and-cats\/\" \/>\n<meta property=\"og:locale\" content=\"en_US\" \/>\n<meta property=\"og:type\" content=\"article\" \/>\n<meta property=\"og:title\" content=\"Dorwest Tree Barks can help soothing the digestive tract\" \/>\n<meta property=\"og:description\" content=\"Dorwest Tree Barks can help though, by naturally soothing the digestive tract. It helps firming the stools and easing discomfort.\" \/>\n<meta property=\"og:url\" content=\"https:\/\/tetraktis.si\/en\/izdelek\/dorwest-tree-barks-powder-for-dogs-and-cats\/\" \/>\n<meta property=\"og:site_name\" content=\"Tetraktis- Equine America, Dorwest, Excel\" \/>\n<meta property=\"article:publisher\" content=\"https:\/\/business.facebook.com\/equineamericashop\/?business_id=193323571192825\" \/>\n<meta property=\"article:modified_time\" content=\"2025-03-16T18:00:51+00:00\" \/>\n<meta property=\"og:image\" content=\"https:\/\/tetraktis.si\/wp-content\/uploads\/2022\/04\/Dorwest-drevesno-lubje-prasek-za-pse-in-macke-3.jpg\" \/>\n\t<meta property=\"og:image:width\" content=\"734\" \/>\n\t<meta property=\"og:image:height\" content=\"734\" \/>\n\t<meta property=\"og:image:type\" content=\"image\/jpeg\" \/>\n<meta name=\"twitter:card\" content=\"summary_large_image\" \/>\n<meta name=\"twitter:site\" content=\"@TetraktisInfo\" \/>\n<meta name=\"twitter:label1\" content=\"Est. reading time\" \/>\n\t<meta name=\"twitter:data1\" content=\"2 minutes\" \/>\n<script type=\"application\/ld+json\" class=\"yoast-schema-graph\">{\"@context\":\"https:\\\/\\\/schema.org\",\"@graph\":[{\"@type\":\"WebPage\",\"@id\":\"https:\\\/\\\/tetraktis.si\\\/en\\\/izdelek\\\/dorwest-tree-barks-powder-for-dogs-and-cats\\\/\",\"url\":\"https:\\\/\\\/tetraktis.si\\\/en\\\/izdelek\\\/dorwest-tree-barks-powder-for-dogs-and-cats\\\/\",\"name\":\"Dorwest Tree Barks can help soothing the digestive tract\",\"isPartOf\":{\"@id\":\"https:\\\/\\\/tetraktis.si\\\/en\\\/#website\"},\"primaryImageOfPage\":{\"@id\":\"https:\\\/\\\/tetraktis.si\\\/en\\\/izdelek\\\/dorwest-tree-barks-powder-for-dogs-and-cats\\\/#primaryimage\"},\"image\":{\"@id\":\"https:\\\/\\\/tetraktis.si\\\/en\\\/izdelek\\\/dorwest-tree-barks-powder-for-dogs-and-cats\\\/#primaryimage\"},\"thumbnailUrl\":\"https:\\\/\\\/tetraktis.si\\\/wp-content\\\/uploads\\\/2022\\\/04\\\/Dorwest-drevesno-lubje-prasek-za-pse-in-macke-3.jpg\",\"datePublished\":\"2022-04-27T13:58:17+00:00\",\"dateModified\":\"2025-03-16T18:00:51+00:00\",\"description\":\"Dorwest Tree Barks can help though, by naturally soothing the digestive tract. It helps firming the stools and easing discomfort.\",\"breadcrumb\":{\"@id\":\"https:\\\/\\\/tetraktis.si\\\/en\\\/izdelek\\\/dorwest-tree-barks-powder-for-dogs-and-cats\\\/#breadcrumb\"},\"inLanguage\":\"en-US\",\"potentialAction\":[{\"@type\":\"ReadAction\",\"target\":[\"https:\\\/\\\/tetraktis.si\\\/en\\\/izdelek\\\/dorwest-tree-barks-powder-for-dogs-and-cats\\\/\"]}]},{\"@type\":\"ImageObject\",\"inLanguage\":\"en-US\",\"@id\":\"https:\\\/\\\/tetraktis.si\\\/en\\\/izdelek\\\/dorwest-tree-barks-powder-for-dogs-and-cats\\\/#primaryimage\",\"url\":\"https:\\\/\\\/tetraktis.si\\\/wp-content\\\/uploads\\\/2022\\\/04\\\/Dorwest-drevesno-lubje-prasek-za-pse-in-macke-3.jpg\",\"contentUrl\":\"https:\\\/\\\/tetraktis.si\\\/wp-content\\\/uploads\\\/2022\\\/04\\\/Dorwest-drevesno-lubje-prasek-za-pse-in-macke-3.jpg\",\"width\":734,\"height\":734,\"caption\":\"Dolgotrajna driska pri ma\u010dki\"},{\"@type\":\"BreadcrumbList\",\"@id\":\"https:\\\/\\\/tetraktis.si\\\/en\\\/izdelek\\\/dorwest-tree-barks-powder-for-dogs-and-cats\\\/#breadcrumb\",\"itemListElement\":[{\"@type\":\"ListItem\",\"position\":1,\"name\":\"Shop\",\"item\":\"https:\\\/\\\/tetraktis.si\\\/en\\\/shop-3\\\/\"},{\"@type\":\"ListItem\",\"position\":2,\"name\":\"Dorwest Tree Barks Powder For Dogs And Cats\"}]},{\"@type\":\"WebSite\",\"@id\":\"https:\\\/\\\/tetraktis.si\\\/en\\\/#website\",\"url\":\"https:\\\/\\\/tetraktis.si\\\/en\\\/\",\"name\":\"Tetraktis- Equine America, Dorwest, Excel\",\"description\":\"Samo najbolj\u0161e za va\u0161e \u017eivali\",\"publisher\":{\"@id\":\"https:\\\/\\\/tetraktis.si\\\/en\\\/#organization\"},\"potentialAction\":[{\"@type\":\"SearchAction\",\"target\":{\"@type\":\"EntryPoint\",\"urlTemplate\":\"https:\\\/\\\/tetraktis.si\\\/en\\\/?s={search_term_string}\"},\"query-input\":{\"@type\":\"PropertyValueSpecification\",\"valueRequired\":true,\"valueName\":\"search_term_string\"}}],\"inLanguage\":\"en-US\"},{\"@type\":\"Organization\",\"@id\":\"https:\\\/\\\/tetraktis.si\\\/en\\\/#organization\",\"name\":\"Tetraktis\",\"url\":\"https:\\\/\\\/tetraktis.si\\\/en\\\/\",\"logo\":{\"@type\":\"ImageObject\",\"inLanguage\":\"en-US\",\"@id\":\"https:\\\/\\\/tetraktis.si\\\/en\\\/#\\\/schema\\\/logo\\\/image\\\/\",\"url\":\"https:\\\/\\\/tetraktis.si\\\/wp-content\\\/uploads\\\/2022\\\/06\\\/logo.webp\",\"contentUrl\":\"https:\\\/\\\/tetraktis.si\\\/wp-content\\\/uploads\\\/2022\\\/06\\\/logo.webp\",\"width\":400,\"height\":211,\"caption\":\"Tetraktis\"},\"image\":{\"@id\":\"https:\\\/\\\/tetraktis.si\\\/en\\\/#\\\/schema\\\/logo\\\/image\\\/\"},\"sameAs\":[\"https:\\\/\\\/business.facebook.com\\\/equineamericashop\\\/?business_id=193323571192825\",\"https:\\\/\\\/x.com\\\/TetraktisInfo\",\"https:\\\/\\\/www.instagram.com\\\/tetraktisslovenija\\\/\",\"https:\\\/\\\/www.youtube.com\\\/channel\\\/UCk_PdKMdtpZ4pf0RRFL1vYA\"]}]}<\/script>\n<!-- \/ Yoast SEO Premium plugin. -->","yoast_head_json":{"title":"Dorwest Tree Barks can help soothing the digestive tract","description":"Dorwest Tree Barks can help though, by naturally soothing the digestive tract. It helps firming the stools and easing discomfort.","robots":{"index":"index","follow":"follow","max-snippet":"max-snippet:-1","max-image-preview":"max-image-preview:large","max-video-preview":"max-video-preview:-1"},"canonical":"https:\/\/tetraktis.si\/en\/izdelek\/dorwest-tree-barks-powder-for-dogs-and-cats\/","og_locale":"en_US","og_type":"article","og_title":"Dorwest Tree Barks can help soothing the digestive tract","og_description":"Dorwest Tree Barks can help though, by naturally soothing the digestive tract. It helps firming the stools and easing discomfort.","og_url":"https:\/\/tetraktis.si\/en\/izdelek\/dorwest-tree-barks-powder-for-dogs-and-cats\/","og_site_name":"Tetraktis- Equine America, Dorwest, Excel","article_publisher":"https:\/\/business.facebook.com\/equineamericashop\/?business_id=193323571192825","article_modified_time":"2025-03-16T18:00:51+00:00","og_image":[{"width":734,"height":734,"url":"https:\/\/tetraktis.si\/wp-content\/uploads\/2022\/04\/Dorwest-drevesno-lubje-prasek-za-pse-in-macke-3.jpg","type":"image\/jpeg"}],"twitter_card":"summary_large_image","twitter_site":"@TetraktisInfo","twitter_misc":{"Est. reading time":"2 minutes"},"schema":{"@context":"https:\/\/schema.org","@graph":[{"@type":"WebPage","@id":"https:\/\/tetraktis.si\/en\/izdelek\/dorwest-tree-barks-powder-for-dogs-and-cats\/","url":"https:\/\/tetraktis.si\/en\/izdelek\/dorwest-tree-barks-powder-for-dogs-and-cats\/","name":"Dorwest Tree Barks can help soothing the digestive tract","isPartOf":{"@id":"https:\/\/tetraktis.si\/en\/#website"},"primaryImageOfPage":{"@id":"https:\/\/tetraktis.si\/en\/izdelek\/dorwest-tree-barks-powder-for-dogs-and-cats\/#primaryimage"},"image":{"@id":"https:\/\/tetraktis.si\/en\/izdelek\/dorwest-tree-barks-powder-for-dogs-and-cats\/#primaryimage"},"thumbnailUrl":"https:\/\/tetraktis.si\/wp-content\/uploads\/2022\/04\/Dorwest-drevesno-lubje-prasek-za-pse-in-macke-3.jpg","datePublished":"2022-04-27T13:58:17+00:00","dateModified":"2025-03-16T18:00:51+00:00","description":"Dorwest Tree Barks can help though, by naturally soothing the digestive tract. It helps firming the stools and easing discomfort.","breadcrumb":{"@id":"https:\/\/tetraktis.si\/en\/izdelek\/dorwest-tree-barks-powder-for-dogs-and-cats\/#breadcrumb"},"inLanguage":"en-US","potentialAction":[{"@type":"ReadAction","target":["https:\/\/tetraktis.si\/en\/izdelek\/dorwest-tree-barks-powder-for-dogs-and-cats\/"]}]},{"@type":"ImageObject","inLanguage":"en-US","@id":"https:\/\/tetraktis.si\/en\/izdelek\/dorwest-tree-barks-powder-for-dogs-and-cats\/#primaryimage","url":"https:\/\/tetraktis.si\/wp-content\/uploads\/2022\/04\/Dorwest-drevesno-lubje-prasek-za-pse-in-macke-3.jpg","contentUrl":"https:\/\/tetraktis.si\/wp-content\/uploads\/2022\/04\/Dorwest-drevesno-lubje-prasek-za-pse-in-macke-3.jpg","width":734,"height":734,"caption":"Dolgotrajna driska pri ma\u010dki"},{"@type":"BreadcrumbList","@id":"https:\/\/tetraktis.si\/en\/izdelek\/dorwest-tree-barks-powder-for-dogs-and-cats\/#breadcrumb","itemListElement":[{"@type":"ListItem","position":1,"name":"Shop","item":"https:\/\/tetraktis.si\/en\/shop-3\/"},{"@type":"ListItem","position":2,"name":"Dorwest Tree Barks Powder For Dogs And Cats"}]},{"@type":"WebSite","@id":"https:\/\/tetraktis.si\/en\/#website","url":"https:\/\/tetraktis.si\/en\/","name":"Tetraktis- Equine America, Dorwest, Excel","description":"Samo najbolj\u0161e za va\u0161e \u017eivali","publisher":{"@id":"https:\/\/tetraktis.si\/en\/#organization"},"potentialAction":[{"@type":"SearchAction","target":{"@type":"EntryPoint","urlTemplate":"https:\/\/tetraktis.si\/en\/?s={search_term_string}"},"query-input":{"@type":"PropertyValueSpecification","valueRequired":true,"valueName":"search_term_string"}}],"inLanguage":"en-US"},{"@type":"Organization","@id":"https:\/\/tetraktis.si\/en\/#organization","name":"Tetraktis","url":"https:\/\/tetraktis.si\/en\/","logo":{"@type":"ImageObject","inLanguage":"en-US","@id":"https:\/\/tetraktis.si\/en\/#\/schema\/logo\/image\/","url":"https:\/\/tetraktis.si\/wp-content\/uploads\/2022\/06\/logo.webp","contentUrl":"https:\/\/tetraktis.si\/wp-content\/uploads\/2022\/06\/logo.webp","width":400,"height":211,"caption":"Tetraktis"},"image":{"@id":"https:\/\/tetraktis.si\/en\/#\/schema\/logo\/image\/"},"sameAs":["https:\/\/business.facebook.com\/equineamericashop\/?business_id=193323571192825","https:\/\/x.com\/TetraktisInfo","https:\/\/www.instagram.com\/tetraktisslovenija\/","https:\/\/www.youtube.com\/channel\/UCk_PdKMdtpZ4pf0RRFL1vYA"]}]}},"_links":{"self":[{"href":"https:\/\/tetraktis.si\/en\/wp-json\/wp\/v2\/product\/32519","targetHints":{"allow":["GET"]}}],"collection":[{"href":"https:\/\/tetraktis.si\/en\/wp-json\/wp\/v2\/product"}],"about":[{"href":"https:\/\/tetraktis.si\/en\/wp-json\/wp\/v2\/types\/product"}],"replies":[{"embeddable":true,"href":"https:\/\/tetraktis.si\/en\/wp-json\/wp\/v2\/comments?post=32519"}],"version-history":[{"count":1,"href":"https:\/\/tetraktis.si\/en\/wp-json\/wp\/v2\/product\/32519\/revisions"}],"predecessor-version":[{"id":37133,"href":"https:\/\/tetraktis.si\/en\/wp-json\/wp\/v2\/product\/32519\/revisions\/37133"}],"wp:featuredmedia":[{"embeddable":true,"href":"https:\/\/tetraktis.si\/en\/wp-json\/wp\/v2\/media\/24905"}],"wp:attachment":[{"href":"https:\/\/tetraktis.si\/en\/wp-json\/wp\/v2\/media?parent=32519"}],"wp:term":[{"taxonomy":"product_brand","embeddable":true,"href":"https:\/\/tetraktis.si\/en\/wp-json\/wp\/v2\/product_brand?post=32519"},{"taxonomy":"product_cat","embeddable":true,"href":"https:\/\/tetraktis.si\/en\/wp-json\/wp\/v2\/product_cat?post=32519"},{"taxonomy":"product_tag","embeddable":true,"href":"https:\/\/tetraktis.si\/en\/wp-json\/wp\/v2\/product_tag?post=32519"}],"curies":[{"name":"wp","href":"https:\/\/api.w.org\/{rel}","templated":true}]}}