{"id":32515,"date":"2022-04-27T15:57:42","date_gmt":"2022-04-27T13:57:42","guid":{"rendered":"https:\/\/cortaflex.si\/izdelek\/dorwest-keepers-mix-for-dogs-and-cats\/"},"modified":"2025-09-18T01:11:41","modified_gmt":"2025-09-17T23:11:41","slug":"dorwest-keepers-mix-for-dogs-and-cats","status":"publish","type":"product","link":"https:\/\/tetraktis.si\/en\/izdelek\/dorwest-keepers-mix-for-dogs-and-cats\/","title":{"rendered":"Dorwest Keeper&#8217;s Mix For Dogs And Cats"},"content":{"rendered":"<h2>Dorwest Keeper&#8217;s Mix For Dogs And Cats<\/h2>\n<p>Dorwest Keeper&#8217;s Mix is Super-boost for your pet\u2019s diet with this unique blend of eight herbs to support all-around health. Super-boost your pet`s diet with our top-selling Keeper`s Mix dietary supplement. Specially formulated using a blend of eight herbs, this supplement is perfectly balanced to provide natural antioxidants (to neutralize free radicals), vitamins, minerals, chlorophyll, fibers, and complex bioactive compounds. Keeper`s Mix promotes all-around health, supporting vital organs and maintaining the natural balance in your pet`s body, as well as encouraging a thick and healthy coat.<\/p>\n<h2>Which dogs can benefit from Keeper\u2019s Mix?<\/h2>\n<p>Keeper\u2019s Mix is ideal for all dogs as an all-around boost or to provide extra nutritional support for working dogs, animals performing at high levels, or those experiencing physical demands. For dogs on raw diets, our Keeper`s Mix is a popular choice, with 100% herbal ingredients and nothing artificial &#8211; just pure, natural goodness.<\/p>\n<h2>Which beneficial herbs are found in Keeper\u2019s Mix?<\/h2>\n<p>Each herb in <strong>Dorwest Keeper\u2019s Mix<\/strong> contains active compounds that naturally support your dog\u2019s health:<\/p>\n<ul>\n<li><strong>Kelp Seaweed<\/strong> for minerals, coat growth, and pigmentation. We recommend Keeper\u2019s Mix as a dog coat supplement, as the kelp seaweed encourages healthy coat growth.<\/li>\n<li><strong>Celery Seeds<\/strong>\u00a0for suppleness and free movement. It\u2019s important to look after your dog\u2019s joints, as sadly their joints can wear as they age.<\/li>\n<li><strong>Lucerne<\/strong>, also known as alfalfa, is a nutritious plant that is a source of vitamins A, C &amp; K. This herb provides essential vitamins to promote your dog\u2019s health.<\/li>\n<li><strong>Nettle<\/strong> is rich in chlorophyll, iron, and vitamin C.<\/li>\n<li><strong>Rosemary<\/strong>\u00a0is good for digestion and easing flatulence, and can help maintain a healthy heart.<\/li>\n<li><strong>Psyllium<\/strong>\u00a0for a healthy bowel and digestion &#8211; excellent for improving the digestion of both raw and commercial dog food.<\/li>\n<li><strong>Clivers<\/strong> help to maintain good kidney and bladder function and help maintain clear skin.<\/li>\n<li><strong>Wild Yam<\/strong>\u00a0is useful to maintain a healthy intestine.<\/li>\n<\/ul>\n<p>The visible benefits are clear to see with a wonderfully thick and healthy coat, good pigmentation, and improved overall health.<\/p>\n<p><strong>Ingredients:\u00a0<\/strong>Finely powdered Kelp seaweed, Celery seeds, Lucerne (Alfalfa), Nettles, Rosemary, Psyllium husks, Clivers, and Wild yam<\/p>\n<p><strong>Administration:\u00a0<\/strong>Small dogs &amp; cats 1 x 2.5ml measure, Medium dogs 2 x 2.5ml measures, Large dogs 3 x 2.5ml measures, Giant breeds 4 x 2.5ml measures. 2.5ml measure included in pack and equivalent to a half teaspoon. Best introduced gradually to the feed to improve acceptability.<\/p>\n<p><strong>Can be used during pregnancy?:\u00a0<\/strong>Yes<\/p>\n<p><strong>Can be used during lactation?:\u00a0<\/strong>Yes<\/p>\n<p><strong>Interactions:\u00a0<\/strong>Can be given in conjunction with any medication<\/p>\n<p><strong>Product Finishing:\u00a0<\/strong>Powder<\/p>\n<p>Check for\u00a0<a href=\"https:\/\/www.tetraktis.si\/en\/product-category\/dogs-cats\/dorwest-herbs\/\">others Dorwest products<\/a>!<\/p>\n","protected":false},"excerpt":{"rendered":"<p>Promotes all-around health, supporting vital organs and maintaining the natural balance in your pet`s body, as well as encouraging a thick and healthy coat.<\/p>\n<p>Perfectly balanced to provide natural antioxidants (to neutralize free radicals), vitamins, minerals, chlorophyll, fibers, and complex bioactive compounds.<\/p>\n<p>&nbsp;<\/p>\n","protected":false},"featured_media":24880,"comment_status":"open","ping_status":"closed","template":"","meta":[],"product_brand":[329],"product_cat":[3323,3349,3336],"product_tag":[],"class_list":{"0":"post-32515","1":"product","2":"type-product","3":"status-publish","4":"has-post-thumbnail","6":"product_brand-dorwest","7":"product_cat-dogs-cats","8":"product_cat-izdelki-za-macke-en","9":"product_cat-pasja-dlaka-in-koza-en","12":"first","13":"instock","14":"sale","15":"taxable","16":"shipping-taxable","17":"purchasable","18":"product-type-variable","19":"has-default-attributes"},"yoast_head":"<!-- This site is optimized with the Yoast SEO Premium plugin v20.10 (Yoast SEO v27.5) - https:\/\/yoast.com\/product\/yoast-seo-premium-wordpress\/ -->\n<title>Dorwest Keeper&#039;s Mix For Dogs And Cats for all round health<\/title>\n<meta name=\"description\" content=\"Dorwest Keeper&#039;s Mix For Dogs And Cats Promotes all-round health, supporting vital organs and maintaining natural balance in your pet`s body.\" \/>\n<meta name=\"robots\" content=\"index, follow, max-snippet:-1, max-image-preview:large, max-video-preview:-1\" \/>\n<link rel=\"canonical\" href=\"https:\/\/tetraktis.si\/en\/izdelek\/dorwest-keepers-mix-for-dogs-and-cats\/\" \/>\n<meta property=\"og:locale\" content=\"en_US\" \/>\n<meta property=\"og:type\" content=\"article\" \/>\n<meta property=\"og:title\" content=\"Dorwest Keeper&#039;s Mix For Dogs And Cats for all round health\" \/>\n<meta property=\"og:description\" content=\"Dorwest Keeper&#039;s Mix For Dogs And Cats Promotes all-round health, supporting vital organs and maintaining natural balance in your pet`s body.\" \/>\n<meta property=\"og:url\" content=\"https:\/\/tetraktis.si\/en\/izdelek\/dorwest-keepers-mix-for-dogs-and-cats\/\" \/>\n<meta property=\"og:site_name\" content=\"Tetraktis- Equine America, Dorwest, Excel\" \/>\n<meta property=\"article:publisher\" content=\"https:\/\/business.facebook.com\/equineamericashop\/?business_id=193323571192825\" \/>\n<meta property=\"article:modified_time\" content=\"2025-09-17T23:11:41+00:00\" \/>\n<meta property=\"og:image\" content=\"https:\/\/tetraktis.si\/wp-content\/uploads\/2022\/04\/Dorwest-cuvajeva-mesanica-tablete-psi-in-macke-3.jpg\" \/>\n\t<meta property=\"og:image:width\" content=\"265\" \/>\n\t<meta property=\"og:image:height\" content=\"265\" \/>\n\t<meta property=\"og:image:type\" content=\"image\/jpeg\" \/>\n<meta name=\"twitter:card\" content=\"summary_large_image\" \/>\n<meta name=\"twitter:site\" content=\"@TetraktisInfo\" \/>\n<meta name=\"twitter:label1\" content=\"Est. reading time\" \/>\n\t<meta name=\"twitter:data1\" content=\"2 minutes\" \/>\n<script type=\"application\/ld+json\" class=\"yoast-schema-graph\">{\"@context\":\"https:\\\/\\\/schema.org\",\"@graph\":[{\"@type\":\"WebPage\",\"@id\":\"https:\\\/\\\/tetraktis.si\\\/en\\\/izdelek\\\/dorwest-keepers-mix-for-dogs-and-cats\\\/\",\"url\":\"https:\\\/\\\/tetraktis.si\\\/en\\\/izdelek\\\/dorwest-keepers-mix-for-dogs-and-cats\\\/\",\"name\":\"Dorwest Keeper's Mix For Dogs And Cats for all round health\",\"isPartOf\":{\"@id\":\"https:\\\/\\\/tetraktis.si\\\/en\\\/#website\"},\"primaryImageOfPage\":{\"@id\":\"https:\\\/\\\/tetraktis.si\\\/en\\\/izdelek\\\/dorwest-keepers-mix-for-dogs-and-cats\\\/#primaryimage\"},\"image\":{\"@id\":\"https:\\\/\\\/tetraktis.si\\\/en\\\/izdelek\\\/dorwest-keepers-mix-for-dogs-and-cats\\\/#primaryimage\"},\"thumbnailUrl\":\"https:\\\/\\\/tetraktis.si\\\/wp-content\\\/uploads\\\/2022\\\/04\\\/Dorwest-cuvajeva-mesanica-tablete-psi-in-macke-3.jpg\",\"datePublished\":\"2022-04-27T13:57:42+00:00\",\"dateModified\":\"2025-09-17T23:11:41+00:00\",\"description\":\"Dorwest Keeper's Mix For Dogs And Cats Promotes all-round health, supporting vital organs and maintaining natural balance in your pet`s body.\",\"breadcrumb\":{\"@id\":\"https:\\\/\\\/tetraktis.si\\\/en\\\/izdelek\\\/dorwest-keepers-mix-for-dogs-and-cats\\\/#breadcrumb\"},\"inLanguage\":\"en-US\",\"potentialAction\":[{\"@type\":\"ReadAction\",\"target\":[\"https:\\\/\\\/tetraktis.si\\\/en\\\/izdelek\\\/dorwest-keepers-mix-for-dogs-and-cats\\\/\"]}]},{\"@type\":\"ImageObject\",\"inLanguage\":\"en-US\",\"@id\":\"https:\\\/\\\/tetraktis.si\\\/en\\\/izdelek\\\/dorwest-keepers-mix-for-dogs-and-cats\\\/#primaryimage\",\"url\":\"https:\\\/\\\/tetraktis.si\\\/wp-content\\\/uploads\\\/2022\\\/04\\\/Dorwest-cuvajeva-mesanica-tablete-psi-in-macke-3.jpg\",\"contentUrl\":\"https:\\\/\\\/tetraktis.si\\\/wp-content\\\/uploads\\\/2022\\\/04\\\/Dorwest-cuvajeva-mesanica-tablete-psi-in-macke-3.jpg\",\"width\":265,\"height\":265,\"caption\":\"Vitamini za psa\"},{\"@type\":\"BreadcrumbList\",\"@id\":\"https:\\\/\\\/tetraktis.si\\\/en\\\/izdelek\\\/dorwest-keepers-mix-for-dogs-and-cats\\\/#breadcrumb\",\"itemListElement\":[{\"@type\":\"ListItem\",\"position\":1,\"name\":\"Shop\",\"item\":\"https:\\\/\\\/tetraktis.si\\\/en\\\/shop-3\\\/\"},{\"@type\":\"ListItem\",\"position\":2,\"name\":\"Dorwest Keeper&#8217;s Mix For Dogs And Cats\"}]},{\"@type\":\"WebSite\",\"@id\":\"https:\\\/\\\/tetraktis.si\\\/en\\\/#website\",\"url\":\"https:\\\/\\\/tetraktis.si\\\/en\\\/\",\"name\":\"Tetraktis- Equine America, Dorwest, Excel\",\"description\":\"Samo najbolj\u0161e za va\u0161e \u017eivali\",\"publisher\":{\"@id\":\"https:\\\/\\\/tetraktis.si\\\/en\\\/#organization\"},\"potentialAction\":[{\"@type\":\"SearchAction\",\"target\":{\"@type\":\"EntryPoint\",\"urlTemplate\":\"https:\\\/\\\/tetraktis.si\\\/en\\\/?s={search_term_string}\"},\"query-input\":{\"@type\":\"PropertyValueSpecification\",\"valueRequired\":true,\"valueName\":\"search_term_string\"}}],\"inLanguage\":\"en-US\"},{\"@type\":\"Organization\",\"@id\":\"https:\\\/\\\/tetraktis.si\\\/en\\\/#organization\",\"name\":\"Tetraktis\",\"url\":\"https:\\\/\\\/tetraktis.si\\\/en\\\/\",\"logo\":{\"@type\":\"ImageObject\",\"inLanguage\":\"en-US\",\"@id\":\"https:\\\/\\\/tetraktis.si\\\/en\\\/#\\\/schema\\\/logo\\\/image\\\/\",\"url\":\"https:\\\/\\\/tetraktis.si\\\/wp-content\\\/uploads\\\/2022\\\/06\\\/logo.webp\",\"contentUrl\":\"https:\\\/\\\/tetraktis.si\\\/wp-content\\\/uploads\\\/2022\\\/06\\\/logo.webp\",\"width\":400,\"height\":211,\"caption\":\"Tetraktis\"},\"image\":{\"@id\":\"https:\\\/\\\/tetraktis.si\\\/en\\\/#\\\/schema\\\/logo\\\/image\\\/\"},\"sameAs\":[\"https:\\\/\\\/business.facebook.com\\\/equineamericashop\\\/?business_id=193323571192825\",\"https:\\\/\\\/x.com\\\/TetraktisInfo\",\"https:\\\/\\\/www.instagram.com\\\/tetraktisslovenija\\\/\",\"https:\\\/\\\/www.youtube.com\\\/channel\\\/UCk_PdKMdtpZ4pf0RRFL1vYA\"]}]}<\/script>\n<!-- \/ Yoast SEO Premium plugin. -->","yoast_head_json":{"title":"Dorwest Keeper's Mix For Dogs And Cats for all round health","description":"Dorwest Keeper's Mix For Dogs And Cats Promotes all-round health, supporting vital organs and maintaining natural balance in your pet`s body.","robots":{"index":"index","follow":"follow","max-snippet":"max-snippet:-1","max-image-preview":"max-image-preview:large","max-video-preview":"max-video-preview:-1"},"canonical":"https:\/\/tetraktis.si\/en\/izdelek\/dorwest-keepers-mix-for-dogs-and-cats\/","og_locale":"en_US","og_type":"article","og_title":"Dorwest Keeper's Mix For Dogs And Cats for all round health","og_description":"Dorwest Keeper's Mix For Dogs And Cats Promotes all-round health, supporting vital organs and maintaining natural balance in your pet`s body.","og_url":"https:\/\/tetraktis.si\/en\/izdelek\/dorwest-keepers-mix-for-dogs-and-cats\/","og_site_name":"Tetraktis- Equine America, Dorwest, Excel","article_publisher":"https:\/\/business.facebook.com\/equineamericashop\/?business_id=193323571192825","article_modified_time":"2025-09-17T23:11:41+00:00","og_image":[{"width":265,"height":265,"url":"https:\/\/tetraktis.si\/wp-content\/uploads\/2022\/04\/Dorwest-cuvajeva-mesanica-tablete-psi-in-macke-3.jpg","type":"image\/jpeg"}],"twitter_card":"summary_large_image","twitter_site":"@TetraktisInfo","twitter_misc":{"Est. reading time":"2 minutes"},"schema":{"@context":"https:\/\/schema.org","@graph":[{"@type":"WebPage","@id":"https:\/\/tetraktis.si\/en\/izdelek\/dorwest-keepers-mix-for-dogs-and-cats\/","url":"https:\/\/tetraktis.si\/en\/izdelek\/dorwest-keepers-mix-for-dogs-and-cats\/","name":"Dorwest Keeper's Mix For Dogs And Cats for all round health","isPartOf":{"@id":"https:\/\/tetraktis.si\/en\/#website"},"primaryImageOfPage":{"@id":"https:\/\/tetraktis.si\/en\/izdelek\/dorwest-keepers-mix-for-dogs-and-cats\/#primaryimage"},"image":{"@id":"https:\/\/tetraktis.si\/en\/izdelek\/dorwest-keepers-mix-for-dogs-and-cats\/#primaryimage"},"thumbnailUrl":"https:\/\/tetraktis.si\/wp-content\/uploads\/2022\/04\/Dorwest-cuvajeva-mesanica-tablete-psi-in-macke-3.jpg","datePublished":"2022-04-27T13:57:42+00:00","dateModified":"2025-09-17T23:11:41+00:00","description":"Dorwest Keeper's Mix For Dogs And Cats Promotes all-round health, supporting vital organs and maintaining natural balance in your pet`s body.","breadcrumb":{"@id":"https:\/\/tetraktis.si\/en\/izdelek\/dorwest-keepers-mix-for-dogs-and-cats\/#breadcrumb"},"inLanguage":"en-US","potentialAction":[{"@type":"ReadAction","target":["https:\/\/tetraktis.si\/en\/izdelek\/dorwest-keepers-mix-for-dogs-and-cats\/"]}]},{"@type":"ImageObject","inLanguage":"en-US","@id":"https:\/\/tetraktis.si\/en\/izdelek\/dorwest-keepers-mix-for-dogs-and-cats\/#primaryimage","url":"https:\/\/tetraktis.si\/wp-content\/uploads\/2022\/04\/Dorwest-cuvajeva-mesanica-tablete-psi-in-macke-3.jpg","contentUrl":"https:\/\/tetraktis.si\/wp-content\/uploads\/2022\/04\/Dorwest-cuvajeva-mesanica-tablete-psi-in-macke-3.jpg","width":265,"height":265,"caption":"Vitamini za psa"},{"@type":"BreadcrumbList","@id":"https:\/\/tetraktis.si\/en\/izdelek\/dorwest-keepers-mix-for-dogs-and-cats\/#breadcrumb","itemListElement":[{"@type":"ListItem","position":1,"name":"Shop","item":"https:\/\/tetraktis.si\/en\/shop-3\/"},{"@type":"ListItem","position":2,"name":"Dorwest Keeper&#8217;s Mix For Dogs And Cats"}]},{"@type":"WebSite","@id":"https:\/\/tetraktis.si\/en\/#website","url":"https:\/\/tetraktis.si\/en\/","name":"Tetraktis- Equine America, Dorwest, Excel","description":"Samo najbolj\u0161e za va\u0161e \u017eivali","publisher":{"@id":"https:\/\/tetraktis.si\/en\/#organization"},"potentialAction":[{"@type":"SearchAction","target":{"@type":"EntryPoint","urlTemplate":"https:\/\/tetraktis.si\/en\/?s={search_term_string}"},"query-input":{"@type":"PropertyValueSpecification","valueRequired":true,"valueName":"search_term_string"}}],"inLanguage":"en-US"},{"@type":"Organization","@id":"https:\/\/tetraktis.si\/en\/#organization","name":"Tetraktis","url":"https:\/\/tetraktis.si\/en\/","logo":{"@type":"ImageObject","inLanguage":"en-US","@id":"https:\/\/tetraktis.si\/en\/#\/schema\/logo\/image\/","url":"https:\/\/tetraktis.si\/wp-content\/uploads\/2022\/06\/logo.webp","contentUrl":"https:\/\/tetraktis.si\/wp-content\/uploads\/2022\/06\/logo.webp","width":400,"height":211,"caption":"Tetraktis"},"image":{"@id":"https:\/\/tetraktis.si\/en\/#\/schema\/logo\/image\/"},"sameAs":["https:\/\/business.facebook.com\/equineamericashop\/?business_id=193323571192825","https:\/\/x.com\/TetraktisInfo","https:\/\/www.instagram.com\/tetraktisslovenija\/","https:\/\/www.youtube.com\/channel\/UCk_PdKMdtpZ4pf0RRFL1vYA"]}]}},"_links":{"self":[{"href":"https:\/\/tetraktis.si\/en\/wp-json\/wp\/v2\/product\/32515","targetHints":{"allow":["GET"]}}],"collection":[{"href":"https:\/\/tetraktis.si\/en\/wp-json\/wp\/v2\/product"}],"about":[{"href":"https:\/\/tetraktis.si\/en\/wp-json\/wp\/v2\/types\/product"}],"replies":[{"embeddable":true,"href":"https:\/\/tetraktis.si\/en\/wp-json\/wp\/v2\/comments?post=32515"}],"version-history":[{"count":1,"href":"https:\/\/tetraktis.si\/en\/wp-json\/wp\/v2\/product\/32515\/revisions"}],"predecessor-version":[{"id":37132,"href":"https:\/\/tetraktis.si\/en\/wp-json\/wp\/v2\/product\/32515\/revisions\/37132"}],"wp:featuredmedia":[{"embeddable":true,"href":"https:\/\/tetraktis.si\/en\/wp-json\/wp\/v2\/media\/24880"}],"wp:attachment":[{"href":"https:\/\/tetraktis.si\/en\/wp-json\/wp\/v2\/media?parent=32515"}],"wp:term":[{"taxonomy":"product_brand","embeddable":true,"href":"https:\/\/tetraktis.si\/en\/wp-json\/wp\/v2\/product_brand?post=32515"},{"taxonomy":"product_cat","embeddable":true,"href":"https:\/\/tetraktis.si\/en\/wp-json\/wp\/v2\/product_cat?post=32515"},{"taxonomy":"product_tag","embeddable":true,"href":"https:\/\/tetraktis.si\/en\/wp-json\/wp\/v2\/product_tag?post=32515"}],"curies":[{"name":"wp","href":"https:\/\/api.w.org\/{rel}","templated":true}]}}