{"id":32514,"date":"2022-04-27T15:57:42","date_gmt":"2022-04-27T13:57:42","guid":{"rendered":"https:\/\/cortaflex.si\/izdelek\/citronella-summer-spray-triple-strength\/"},"modified":"2023-03-28T09:00:17","modified_gmt":"2023-03-28T07:00:17","slug":"citronella-summer-spray-triple-strength","status":"publish","type":"product","link":"https:\/\/tetraktis.si\/en\/izdelek\/citronella-summer-spray-triple-strength\/","title":{"rendered":"Citronella Summer Spray Triple Strength"},"content":{"rendered":"<p>New Citronella Summer Spray with calming Chamomile for sensitive skin<\/p>\n<ul>\n<li>Calming chamomile<\/li>\n<li>Perfect for sensitive skin<\/li>\n<li>Smells amazing<\/li>\n<li>Triple Strength<\/li>\n<\/ul>\n<p>A completely natural, citronella summer spray which offers the ultimate care for your horse. It has a gentle blend of<strong> cruelty- free, paraben-free and sulphate-free ingredients.<\/strong><\/p>\n<p><strong>Directions For Use:<\/strong><br \/>\nApply liberally and evenly by spray or sponge. Spray in still conditions and, for both people and animals, use care to avoid inhalation or exposure to the eyes.<\/p>\n<p>Leave your horse looking super shiny and smelling great.<\/p>\n<p><strong>Ingredients: <\/strong>3% w\/w Citronella Java type Essential Oil, 0.5% w\/w Chamomile Essential Oil, Water.<\/p>\n","protected":false},"excerpt":{"rendered":"<p>A completely natural, citronella summer spray which offers the ultimate care for your horse.<\/p>\n<p>It has a gentle blend of cruelty- free, paraben-free and sulphate-free ingredients.<\/p>\n","protected":false},"featured_media":24849,"comment_status":"open","ping_status":"closed","template":"","meta":[],"product_brand":[],"product_cat":[3326,3318],"product_tag":[1338,1370,1371],"class_list":{"0":"post-32514","1":"product","2":"type-product","3":"status-publish","4":"has-post-thumbnail","6":"product_cat-products-onsale-horses","7":"product_cat-external-applications","8":"product_tag-chamomile","9":"product_tag-citronella","10":"product_tag-horse-spray","13":"first","14":"instock","15":"taxable","16":"shipping-taxable","17":"purchasable","18":"product-type-simple"},"yoast_head":"<!-- This site is optimized with the Yoast SEO Premium plugin v20.10 (Yoast SEO v27.5) - https:\/\/yoast.com\/product\/yoast-seo-premium-wordpress\/ -->\n<title>Citronella spray for horses 500ml Equine America with calming Chamomile<\/title>\n<meta name=\"description\" content=\"Citronella spray for horses offers the ultimate care for horses. Gentle blend of cruelty- free, paraben-free and sulphate-free ingredients.\" \/>\n<meta name=\"robots\" content=\"index, follow, max-snippet:-1, max-image-preview:large, max-video-preview:-1\" \/>\n<link rel=\"canonical\" href=\"https:\/\/tetraktis.si\/en\/izdelek\/citronella-summer-spray-triple-strength\/\" \/>\n<meta property=\"og:locale\" content=\"en_US\" \/>\n<meta property=\"og:type\" content=\"article\" \/>\n<meta property=\"og:title\" content=\"Citronella spray for horses 500ml Equine America with calming Chamomile\" \/>\n<meta property=\"og:description\" content=\"Citronella spray for horses offers the ultimate care for horses. Gentle blend of cruelty- free, paraben-free and sulphate-free ingredients.\" \/>\n<meta property=\"og:url\" content=\"https:\/\/tetraktis.si\/en\/izdelek\/citronella-summer-spray-triple-strength\/\" \/>\n<meta property=\"og:site_name\" content=\"Tetraktis- Equine America, Dorwest, Excel\" \/>\n<meta property=\"article:publisher\" content=\"https:\/\/business.facebook.com\/equineamericashop\/?business_id=193323571192825\" \/>\n<meta property=\"article:modified_time\" content=\"2023-03-28T07:00:17+00:00\" \/>\n<meta property=\"og:image\" content=\"https:\/\/tetraktis.si\/wp-content\/uploads\/2022\/04\/citronela-sprej-za-konje.jpg\" \/>\n\t<meta property=\"og:image:width\" content=\"700\" \/>\n\t<meta property=\"og:image:height\" content=\"700\" \/>\n\t<meta property=\"og:image:type\" content=\"image\/jpeg\" \/>\n<meta name=\"twitter:card\" content=\"summary_large_image\" \/>\n<meta name=\"twitter:site\" content=\"@TetraktisInfo\" \/>\n<meta name=\"twitter:label1\" content=\"Est. reading time\" \/>\n\t<meta name=\"twitter:data1\" content=\"1 minute\" \/>\n<script type=\"application\/ld+json\" class=\"yoast-schema-graph\">{\"@context\":\"https:\\\/\\\/schema.org\",\"@graph\":[{\"@type\":\"WebPage\",\"@id\":\"https:\\\/\\\/tetraktis.si\\\/en\\\/izdelek\\\/citronella-summer-spray-triple-strength\\\/\",\"url\":\"https:\\\/\\\/tetraktis.si\\\/en\\\/izdelek\\\/citronella-summer-spray-triple-strength\\\/\",\"name\":\"Citronella spray for horses 500ml Equine America with calming Chamomile\",\"isPartOf\":{\"@id\":\"https:\\\/\\\/tetraktis.si\\\/en\\\/#website\"},\"primaryImageOfPage\":{\"@id\":\"https:\\\/\\\/tetraktis.si\\\/en\\\/izdelek\\\/citronella-summer-spray-triple-strength\\\/#primaryimage\"},\"image\":{\"@id\":\"https:\\\/\\\/tetraktis.si\\\/en\\\/izdelek\\\/citronella-summer-spray-triple-strength\\\/#primaryimage\"},\"thumbnailUrl\":\"https:\\\/\\\/tetraktis.si\\\/wp-content\\\/uploads\\\/2022\\\/04\\\/citronela-sprej-za-konje.jpg\",\"datePublished\":\"2022-04-27T13:57:42+00:00\",\"dateModified\":\"2023-03-28T07:00:17+00:00\",\"description\":\"Citronella spray for horses offers the ultimate care for horses. Gentle blend of cruelty- free, paraben-free and sulphate-free ingredients.\",\"breadcrumb\":{\"@id\":\"https:\\\/\\\/tetraktis.si\\\/en\\\/izdelek\\\/citronella-summer-spray-triple-strength\\\/#breadcrumb\"},\"inLanguage\":\"en-US\",\"potentialAction\":[{\"@type\":\"ReadAction\",\"target\":[\"https:\\\/\\\/tetraktis.si\\\/en\\\/izdelek\\\/citronella-summer-spray-triple-strength\\\/\"]}]},{\"@type\":\"ImageObject\",\"inLanguage\":\"en-US\",\"@id\":\"https:\\\/\\\/tetraktis.si\\\/en\\\/izdelek\\\/citronella-summer-spray-triple-strength\\\/#primaryimage\",\"url\":\"https:\\\/\\\/tetraktis.si\\\/wp-content\\\/uploads\\\/2022\\\/04\\\/citronela-sprej-za-konje.jpg\",\"contentUrl\":\"https:\\\/\\\/tetraktis.si\\\/wp-content\\\/uploads\\\/2022\\\/04\\\/citronela-sprej-za-konje.jpg\",\"width\":700,\"height\":700,\"caption\":\"Citronela sprej za konje\"},{\"@type\":\"BreadcrumbList\",\"@id\":\"https:\\\/\\\/tetraktis.si\\\/en\\\/izdelek\\\/citronella-summer-spray-triple-strength\\\/#breadcrumb\",\"itemListElement\":[{\"@type\":\"ListItem\",\"position\":1,\"name\":\"Shop\",\"item\":\"https:\\\/\\\/tetraktis.si\\\/en\\\/shop-3\\\/\"},{\"@type\":\"ListItem\",\"position\":2,\"name\":\"Citronella Summer Spray Triple Strength\"}]},{\"@type\":\"WebSite\",\"@id\":\"https:\\\/\\\/tetraktis.si\\\/en\\\/#website\",\"url\":\"https:\\\/\\\/tetraktis.si\\\/en\\\/\",\"name\":\"Tetraktis- Equine America, Dorwest, Excel\",\"description\":\"Samo najbolj\u0161e za va\u0161e \u017eivali\",\"publisher\":{\"@id\":\"https:\\\/\\\/tetraktis.si\\\/en\\\/#organization\"},\"potentialAction\":[{\"@type\":\"SearchAction\",\"target\":{\"@type\":\"EntryPoint\",\"urlTemplate\":\"https:\\\/\\\/tetraktis.si\\\/en\\\/?s={search_term_string}\"},\"query-input\":{\"@type\":\"PropertyValueSpecification\",\"valueRequired\":true,\"valueName\":\"search_term_string\"}}],\"inLanguage\":\"en-US\"},{\"@type\":\"Organization\",\"@id\":\"https:\\\/\\\/tetraktis.si\\\/en\\\/#organization\",\"name\":\"Tetraktis\",\"url\":\"https:\\\/\\\/tetraktis.si\\\/en\\\/\",\"logo\":{\"@type\":\"ImageObject\",\"inLanguage\":\"en-US\",\"@id\":\"https:\\\/\\\/tetraktis.si\\\/en\\\/#\\\/schema\\\/logo\\\/image\\\/\",\"url\":\"https:\\\/\\\/tetraktis.si\\\/wp-content\\\/uploads\\\/2022\\\/06\\\/logo.webp\",\"contentUrl\":\"https:\\\/\\\/tetraktis.si\\\/wp-content\\\/uploads\\\/2022\\\/06\\\/logo.webp\",\"width\":400,\"height\":211,\"caption\":\"Tetraktis\"},\"image\":{\"@id\":\"https:\\\/\\\/tetraktis.si\\\/en\\\/#\\\/schema\\\/logo\\\/image\\\/\"},\"sameAs\":[\"https:\\\/\\\/business.facebook.com\\\/equineamericashop\\\/?business_id=193323571192825\",\"https:\\\/\\\/x.com\\\/TetraktisInfo\",\"https:\\\/\\\/www.instagram.com\\\/tetraktisslovenija\\\/\",\"https:\\\/\\\/www.youtube.com\\\/channel\\\/UCk_PdKMdtpZ4pf0RRFL1vYA\"]}]}<\/script>\n<!-- \/ Yoast SEO Premium plugin. -->","yoast_head_json":{"title":"Citronella spray for horses 500ml Equine America with calming Chamomile","description":"Citronella spray for horses offers the ultimate care for horses. Gentle blend of cruelty- free, paraben-free and sulphate-free ingredients.","robots":{"index":"index","follow":"follow","max-snippet":"max-snippet:-1","max-image-preview":"max-image-preview:large","max-video-preview":"max-video-preview:-1"},"canonical":"https:\/\/tetraktis.si\/en\/izdelek\/citronella-summer-spray-triple-strength\/","og_locale":"en_US","og_type":"article","og_title":"Citronella spray for horses 500ml Equine America with calming Chamomile","og_description":"Citronella spray for horses offers the ultimate care for horses. Gentle blend of cruelty- free, paraben-free and sulphate-free ingredients.","og_url":"https:\/\/tetraktis.si\/en\/izdelek\/citronella-summer-spray-triple-strength\/","og_site_name":"Tetraktis- Equine America, Dorwest, Excel","article_publisher":"https:\/\/business.facebook.com\/equineamericashop\/?business_id=193323571192825","article_modified_time":"2023-03-28T07:00:17+00:00","og_image":[{"width":700,"height":700,"url":"https:\/\/tetraktis.si\/wp-content\/uploads\/2022\/04\/citronela-sprej-za-konje.jpg","type":"image\/jpeg"}],"twitter_card":"summary_large_image","twitter_site":"@TetraktisInfo","twitter_misc":{"Est. reading time":"1 minute"},"schema":{"@context":"https:\/\/schema.org","@graph":[{"@type":"WebPage","@id":"https:\/\/tetraktis.si\/en\/izdelek\/citronella-summer-spray-triple-strength\/","url":"https:\/\/tetraktis.si\/en\/izdelek\/citronella-summer-spray-triple-strength\/","name":"Citronella spray for horses 500ml Equine America with calming Chamomile","isPartOf":{"@id":"https:\/\/tetraktis.si\/en\/#website"},"primaryImageOfPage":{"@id":"https:\/\/tetraktis.si\/en\/izdelek\/citronella-summer-spray-triple-strength\/#primaryimage"},"image":{"@id":"https:\/\/tetraktis.si\/en\/izdelek\/citronella-summer-spray-triple-strength\/#primaryimage"},"thumbnailUrl":"https:\/\/tetraktis.si\/wp-content\/uploads\/2022\/04\/citronela-sprej-za-konje.jpg","datePublished":"2022-04-27T13:57:42+00:00","dateModified":"2023-03-28T07:00:17+00:00","description":"Citronella spray for horses offers the ultimate care for horses. Gentle blend of cruelty- free, paraben-free and sulphate-free ingredients.","breadcrumb":{"@id":"https:\/\/tetraktis.si\/en\/izdelek\/citronella-summer-spray-triple-strength\/#breadcrumb"},"inLanguage":"en-US","potentialAction":[{"@type":"ReadAction","target":["https:\/\/tetraktis.si\/en\/izdelek\/citronella-summer-spray-triple-strength\/"]}]},{"@type":"ImageObject","inLanguage":"en-US","@id":"https:\/\/tetraktis.si\/en\/izdelek\/citronella-summer-spray-triple-strength\/#primaryimage","url":"https:\/\/tetraktis.si\/wp-content\/uploads\/2022\/04\/citronela-sprej-za-konje.jpg","contentUrl":"https:\/\/tetraktis.si\/wp-content\/uploads\/2022\/04\/citronela-sprej-za-konje.jpg","width":700,"height":700,"caption":"Citronela sprej za konje"},{"@type":"BreadcrumbList","@id":"https:\/\/tetraktis.si\/en\/izdelek\/citronella-summer-spray-triple-strength\/#breadcrumb","itemListElement":[{"@type":"ListItem","position":1,"name":"Shop","item":"https:\/\/tetraktis.si\/en\/shop-3\/"},{"@type":"ListItem","position":2,"name":"Citronella Summer Spray Triple Strength"}]},{"@type":"WebSite","@id":"https:\/\/tetraktis.si\/en\/#website","url":"https:\/\/tetraktis.si\/en\/","name":"Tetraktis- Equine America, Dorwest, Excel","description":"Samo najbolj\u0161e za va\u0161e \u017eivali","publisher":{"@id":"https:\/\/tetraktis.si\/en\/#organization"},"potentialAction":[{"@type":"SearchAction","target":{"@type":"EntryPoint","urlTemplate":"https:\/\/tetraktis.si\/en\/?s={search_term_string}"},"query-input":{"@type":"PropertyValueSpecification","valueRequired":true,"valueName":"search_term_string"}}],"inLanguage":"en-US"},{"@type":"Organization","@id":"https:\/\/tetraktis.si\/en\/#organization","name":"Tetraktis","url":"https:\/\/tetraktis.si\/en\/","logo":{"@type":"ImageObject","inLanguage":"en-US","@id":"https:\/\/tetraktis.si\/en\/#\/schema\/logo\/image\/","url":"https:\/\/tetraktis.si\/wp-content\/uploads\/2022\/06\/logo.webp","contentUrl":"https:\/\/tetraktis.si\/wp-content\/uploads\/2022\/06\/logo.webp","width":400,"height":211,"caption":"Tetraktis"},"image":{"@id":"https:\/\/tetraktis.si\/en\/#\/schema\/logo\/image\/"},"sameAs":["https:\/\/business.facebook.com\/equineamericashop\/?business_id=193323571192825","https:\/\/x.com\/TetraktisInfo","https:\/\/www.instagram.com\/tetraktisslovenija\/","https:\/\/www.youtube.com\/channel\/UCk_PdKMdtpZ4pf0RRFL1vYA"]}]}},"_links":{"self":[{"href":"https:\/\/tetraktis.si\/en\/wp-json\/wp\/v2\/product\/32514","targetHints":{"allow":["GET"]}}],"collection":[{"href":"https:\/\/tetraktis.si\/en\/wp-json\/wp\/v2\/product"}],"about":[{"href":"https:\/\/tetraktis.si\/en\/wp-json\/wp\/v2\/types\/product"}],"replies":[{"embeddable":true,"href":"https:\/\/tetraktis.si\/en\/wp-json\/wp\/v2\/comments?post=32514"}],"version-history":[{"count":1,"href":"https:\/\/tetraktis.si\/en\/wp-json\/wp\/v2\/product\/32514\/revisions"}],"predecessor-version":[{"id":37131,"href":"https:\/\/tetraktis.si\/en\/wp-json\/wp\/v2\/product\/32514\/revisions\/37131"}],"wp:featuredmedia":[{"embeddable":true,"href":"https:\/\/tetraktis.si\/en\/wp-json\/wp\/v2\/media\/24849"}],"wp:attachment":[{"href":"https:\/\/tetraktis.si\/en\/wp-json\/wp\/v2\/media?parent=32514"}],"wp:term":[{"taxonomy":"product_brand","embeddable":true,"href":"https:\/\/tetraktis.si\/en\/wp-json\/wp\/v2\/product_brand?post=32514"},{"taxonomy":"product_cat","embeddable":true,"href":"https:\/\/tetraktis.si\/en\/wp-json\/wp\/v2\/product_cat?post=32514"},{"taxonomy":"product_tag","embeddable":true,"href":"https:\/\/tetraktis.si\/en\/wp-json\/wp\/v2\/product_tag?post=32514"}],"curies":[{"name":"wp","href":"https:\/\/api.w.org\/{rel}","templated":true}]}}