{"id":32512,"date":"2022-04-27T15:57:42","date_gmt":"2022-04-27T13:57:42","guid":{"rendered":"https:\/\/cortaflex.si\/izdelek\/super-hoof-plus-peletts-3kg\/"},"modified":"2026-02-04T18:43:10","modified_gmt":"2026-02-04T17:43:10","slug":"super-hoof-plus-peletts-3kg","status":"publish","type":"product","link":"https:\/\/tetraktis.si\/en\/izdelek\/super-hoof-plus-peletts-3kg\/","title":{"rendered":"Super Hoof Plus peletts 3KG"},"content":{"rendered":"<h1><strong>Super Hoof Pellets Increase Growth And Improve The Condition Of The Hooves<\/strong><\/h1>\n<ul>\n<li>Ultra-high specification to support optimum hoof growth and quality<\/li>\n<li>Contains 30mg biotin per 100g daily serve, in an easy to feed, palartable pellet<\/li>\n<li>Also provides key sulphur-containing amino acid methionine plus MSM<\/li>\n<li>Contains important bioavailable trace minerals including zinc<\/li>\n<li>Contains probiotics to support gut health &#8211; fundamental to hoof health<\/li>\n<li>Contain a rich blend of vitamins C and E, together with plant-based antioxidants to support immune system and liver health<\/li>\n<li>Low sugar and starch so suitable for horses and ponies.<\/li>\n<li>\n<p class=\"p1\"><span class=\"s1\">Equine America is BETA NOPS and UFAS assured which means that full product traceability is in place, along with a quality assurance program which minimises the risk of contamination of the feed with prohibited substances and NOPS. Products are formulated to be suitable for horses competing under FEI regulations and the Rules of Racing.<\/span><\/p>\n<\/li>\n<\/ul>\n<h2>Super Hoof Pellets Plus has been formulated to provide key nutrients, scientifically proven to be important in the production and maintenance of sound, healthy hooves<\/h2>\n<p>It had been recognized since the 1980\u2019s that biotin plays a vital role in the growth of new hoof horn, which is produced from special keratinized cells which form tubules from the coronary band to the base of the hoof wall. Researchers noted that supplemental biotin (20g for a 500kg horse and up to 30g for a 600kg + horse) resulted in improvements in new horse growth, (but had little effect on already poor quality or damaged horn), with positive results noted at the coronary band recorded after several weeks of supplementation.<\/p>\n<p>Further research demonstrated the importance of sulphur in helping to form the double- bonds securing the tubules, to result in a strong and healthy hoof wall. Bio-available sulphur is provided both from the sulphur-containing amino acids, including methionine, and also from MSM (methyl sulphonyl methane) in Super Hoof Plus Pellets.<\/p>\n<p>Key minerals such as zinc, copper and manganese are also recognized to play vital roles in hoof quality and are included from both organic and inorganic sources in Super Hoof Plus Pellets, to ensure optimum bioavailability.<\/p>\n<p>The role of the gut microbiome is increasingly recognized to play an important role in many areas of metabolic health, including the production of strong, healthy hooves. The inclusion of a probiotic helps to ensure gut health, which in turn will support hoof health.<\/p>\n<p>The inclusion of vitamins C and E, as well as a potent blend of plant-based antioxidants, including rosehips, together with milk thistle and dandelion helps to provide support for the liver and the immune system, which are both vital to promote health and wellbeing, including hoof growth. Horses who have suffered an illness or metabolic dysfunction such as laminitis, will often show \u201crings\u201d on their hooves, indicating the disruption to healthy hoof growth during the disease or illness.<\/p>\n<p>So <strong>Super Hoof Pellets<\/strong> provide not only scientifically supported levels of key nutrients which have a direct effect on hoof growth and quality, but also a range of other nutrient and plant-based compound to support overall health and wellbeing, which will also promote hoof health.<\/p>\n<p>Do remember that whilst new, stronger horn will be visible from the coronary band after a few weeks, it typically takes between 8 and 12 months for the hoof wall to be fully replaced, and demonstrate the benefits of supplementation with Super Hoof Plus Pellets.<\/p>\n<h3>A complementary feed for horses and ponies, designed to support and maintain healthy hooves, as part of a balanced diet.<\/h3>\n<p><strong><em>Biotin\u00a0<\/em><\/strong>is included at 30mg per 100g serve, to support high quality horn growth from the coronary band to the base of the hoof wall.<\/p>\n<p><strong><em><a href=\"https:\/\/www.tetraktis.si\/en\/product\/msm-methyl-sulphonyl-methane\/\">MSM<\/a>\u00a0<\/em><\/strong>\u00a0provides a bio-available source of sulphur to support and help strengthen the bonds between the hoof tubules. It also helps to support a normal inflammatory response.<\/p>\n<p><strong><em>Methionine\u00a0<\/em><\/strong>\u00a0is a sulphur containing amino acid, and provides a bioavailable source of sulphur to support the sulphur bonds between the tubules.<\/p>\n<p><strong><em>Key minerals\u00a0<\/em><\/strong>zinc, copper, manganese and calcium play key roles in helping to maintain the structural integrity of the hoof wall, and are provided from both organic mineral glycinates as well as inorganic salts to ensure optimum bio-availability.<\/p>\n<p><strong><em>Probiotics<\/em><\/strong>\u00a0help to support the gut microbiome, which is fundamental to overall health and wellbeing, including hoof health<\/p>\n<p><strong><em>Antioxidants\u00a0<\/em><\/strong>from vitamins C and E, together with phytochemicals from rosehips and peppermint help to neutralize damaging free radicals and support the immune system.<\/p>\n<p><strong><em>Milk Thistle and dandelion extracts<\/em><\/strong>\u00a0help to support the liver and immune system, to ensure optimum health, and in turn, hoof horn production and quality.<\/p>\n<p><strong>Key Ingredients per 100g Serving<\/strong><\/p>\n<div class=\"table-wrapper\">\n<table width=\"556\">\n<tbody>\n<tr>\n<td width=\"292\">Biotin\u00a0\u00a0\u00a0\u00a0\u00a0\u00a0\u00a0\u00a0\u00a0\u00a0\u00a0\u00a0\u00a0\u00a0\u00a0\u00a0\u00a0\u00a0\u00a0\u00a0\u00a0\u00a0\u00a0\u00a0\u00a0\u00a0\u00a0\u00a0\u00a0\u00a0\u00a0\u00a0\u00a0\u00a0\u00a0\u00a0\u00a0\u00a0\u00a0\u00a0\u00a0\u00a0\u00a0\u00a0\u00a0\u00a0\u00a0\u00a0\u00a0\u00a0\u00a030mg<\/td>\n<td width=\"265\">MSM\u00a0\u00a0\u00a0\u00a0\u00a0\u00a0\u00a0\u00a0\u00a0\u00a0\u00a0\u00a0\u00a0\u00a0\u00a0\u00a0\u00a0\u00a0\u00a0\u00a0\u00a0\u00a0\u00a0\u00a0\u00a0\u00a0\u00a0\u00a0\u00a0\u00a0\u00a0\u00a0\u00a0\u00a0\u00a0\u00a0\u00a0\u00a0\u00a0\u00a0\u00a0\u00a0\u00a0\u00a0\u00a0\u00a0\u00a0\u00a0\u00a0\u00a05 g<\/td>\n<\/tr>\n<tr>\n<td width=\"292\">Methionine\u00a0\u00a0\u00a0\u00a0\u00a0\u00a0\u00a0\u00a0\u00a0\u00a0\u00a0\u00a0\u00a0\u00a0\u00a0\u00a0\u00a0\u00a0\u00a0\u00a0\u00a0\u00a0\u00a0\u00a0\u00a0\u00a0\u00a0\u00a0\u00a0\u00a0\u00a0\u00a0\u00a0\u00a0\u00a0\u00a0\u00a0\u00a02000mg<\/td>\n<td width=\"265\">Lysine\u00a0\u00a0\u00a0\u00a0\u00a0\u00a0\u00a0\u00a0\u00a0\u00a0\u00a0\u00a0\u00a0\u00a0\u00a0\u00a0\u00a0\u00a0\u00a0\u00a0\u00a0\u00a0\u00a0\u00a0\u00a0\u00a0\u00a0\u00a0\u00a0\u00a0\u00a0\u00a0\u00a0\u00a0\u00a0\u00a0\u00a0\u00a0\u00a01900mg<\/td>\n<\/tr>\n<tr>\n<td width=\"292\">Zinc (from glycinate and oxide)\u00a0\u00a0\u00a0\u00a0\u00a0\u00a0\u00a0\u00a0\u00a0\u00a0\u00a0\u00a0\u00a0\u00a0\u00a0\u00a0\u00a0\u00a0\u00a0\u00a0\u00a0\u00a0\u00a0\u00a0\u00a0350mg<\/td>\n<td width=\"265\">Copper (from glycinate and sulphate)\u00a0\u00a0\u00a0\u00a0\u00a0\u00a0\u00a0\u00a030mg<\/td>\n<\/tr>\n<tr>\n<td width=\"292\">Manganese (from glycinate and oxide)\u00a0\u00a0\u00a0\u00a0\u00a0\u00a0\u00a0\u00a0\u00a0\u00a0\u00a0\u00a0\u00a0350mg<\/td>\n<td width=\"265\">Calcium\u00a0\u00a0\u00a0\u00a0\u00a0\u00a0\u00a0\u00a0\u00a0\u00a0\u00a0\u00a0\u00a0\u00a0\u00a0\u00a0\u00a0\u00a0\u00a0\u00a0\u00a0\u00a0\u00a0\u00a0\u00a0\u00a0\u00a0\u00a0\u00a0\u00a0\u00a0\u00a0\u00a0\u00a0\u00a0\u00a0\u00a0\u00a0\u00a0\u00a0\u00a0\u00a03.5g<\/td>\n<\/tr>\n<tr>\n<td width=\"292\">Probiotic\u00a0\u00a0\u00a0\u00a0\u00a0\u00a0\u00a0\u00a0\u00a0\u00a0\u00a0\u00a0\u00a0\u00a0\u00a0\u00a0\u00a0\u00a0\u00a0\u00a0\u00a0\u00a0\u00a0\u00a0\u00a0\u00a0\u00a0\u00a0\u00a0\u00a0\u00a0\u00a0\u00a0\u00a02.5 x 10<sup>10<\/sup>\u00a0cfu<\/td>\n<td width=\"265\">Vitamin C\u00a0\u00a0\u00a0\u00a0\u00a0\u00a0\u00a0\u00a0\u00a0\u00a0\u00a0\u00a0\u00a0\u00a0\u00a0\u00a0\u00a0\u00a0\u00a0\u00a0\u00a0\u00a0\u00a0\u00a0\u00a0\u00a0\u00a0\u00a0\u00a0\u00a0\u00a0\u00a0\u00a0\u00a0\u00a0\u00a0\u00a0900 mg<\/td>\n<\/tr>\n<tr>\n<td width=\"292\">Rosehips\u00a0\u00a0\u00a0\u00a0\u00a0\u00a0\u00a0\u00a0\u00a0\u00a0\u00a0\u00a0\u00a0\u00a0\u00a0\u00a0\u00a0\u00a0\u00a0\u00a0\u00a0\u00a0\u00a0\u00a0\u00a0\u00a0\u00a0\u00a0\u00a0\u00a0\u00a0\u00a0\u00a0\u00a0\u00a0\u00a0\u00a0\u00a0\u00a0\u00a0\u00a0\u00a0\u00a0\u00a01000mg<\/td>\n<td width=\"265\">Milk thistle extract\u00a0\u00a0\u00a0\u00a0\u00a0\u00a0\u00a0\u00a0\u00a0\u00a0\u00a0\u00a0\u00a0\u00a0\u00a0\u00a0\u00a0\u00a0\u00a0\u00a0\u00a0\u00a0\u00a0\u00a015mg<\/td>\n<\/tr>\n<\/tbody>\n<\/table>\n<\/div>\n<p><strong>Nutritional additives:<\/strong> Vitamins: Biotin (3a880) 300mg, Vitamin C (3a312) 9000mg, Choline Chloride (3a890) 1333mg, Vitamin E (3a700) 500mg<\/p>\n<p><strong>Trace elements:<\/strong> Copper (from 3b405 copper (II) sulphate pentahydrate) 250mg, Copper (from 3b413 copper chelate of glycine hydrate) 50mg, Zinc (from 3b603 zinc oxide) 2500mg, zinc (from zinc chelate of glycine hydrate) 1000mg, Manganese (from 3b502) manganese (II) oxide) 2500mg, Manganese (from 3b506 manganese chelate of glycine hydrate) 1000mg<\/p>\n<p><strong>Amino acids:<\/strong> DL Methionine (3c301), 20,000mg, Lysine hydrochloride (3.2.3) 19,000mg<\/p>\n<p>Zootechnical additives: Saccharomyces cerevisiae (4b710) 2.5 x 10<sup>11<\/sup>\u00a0cfu<\/p>\n<p>Sensory additives: Milk thistle extract (2b) 150mg, Mixture of flavouring compounds 5g<\/p>\n<p><strong>Composition:<\/strong> Dried Lucerne, Wheatfeed, Full Fat Linseed, Methylsulphonylmethane (MSM 5%), Limestone flour, Seaweed, Rosehips, Dried Peppermint powder, Dandelion root powder, Sodium Chloride<\/p>\n<p><strong>Analytical Constituents<\/strong>:<\/p>\n<div class=\"table-wrapper\">\n<table>\n<tbody>\n<tr>\n<td width=\"200\">\u00a0Crude Protein\u00a0\u00a0\u00a0\u00a0\u00a0\u00a0\u00a0\u00a0\u00a0\u00a0\u00a0\u00a0\u00a015.3%<\/td>\n<td width=\"200\">\u00a0Crude Fibre\u00a0\u00a0\u00a0\u00a0\u00a0\u00a0\u00a0\u00a0\u00a0\u00a0\u00a0\u00a0\u00a0\u00a0\u00a0\u00a0\u00a0\u00a015.4%<\/td>\n<\/tr>\n<tr>\n<td width=\"200\">\u00a0Crude Fat\u00a0\u00a0\u00a0\u00a0\u00a0\u00a0\u00a0\u00a0\u00a0\u00a0\u00a0\u00a0\u00a0\u00a0\u00a0\u00a0\u00a0\u00a0\u00a0\u00a0\u00a0\u00a0\u00a04.6%<\/td>\n<td width=\"200\">\u00a0Crude Ash\u00a0\u00a0\u00a0\u00a0\u00a0\u00a0\u00a0\u00a0\u00a0\u00a0\u00a0\u00a0\u00a0\u00a0\u00a0\u00a0\u00a0\u00a0\u00a0\u00a0\u00a015.8%<\/td>\n<\/tr>\n<tr>\n<td width=\"200\">\u00a0Sodium\u00a0\u00a0\u00a0\u00a0\u00a0\u00a0\u00a0\u00a0\u00a0\u00a0\u00a0\u00a0\u00a0\u00a0\u00a0\u00a0\u00a0\u00a0\u00a0\u00a0\u00a0\u00a0\u00a0\u00a0\u00a0\u00a0\u00a00.5%<\/td>\n<td width=\"200\">Starch and sugar\u00a0\u00a0\u00a0\u00a0\u00a0\u00a0\u00a0\u00a0\u00a0\u00a010.0%<\/td>\n<\/tr>\n<tr>\n<td width=\"200\">Methionine\u00a0\u00a0\u00a0\u00a0\u00a0\u00a0\u00a0\u00a0\u00a0\u00a0\u00a0\u00a0\u00a0\u00a0\u00a0\u00a0\u00a0\u00a0\u00a0\u00a0\u00a02.2%<\/td>\n<td width=\"200\">Lysine\u00a0\u00a0\u00a0\u00a0\u00a0\u00a0\u00a0\u00a0\u00a0\u00a0\u00a0\u00a0\u00a0\u00a0\u00a0\u00a0\u00a0\u00a0\u00a0\u00a0\u00a0\u00a0\u00a0\u00a0\u00a0\u00a0\u00a0\u00a0\u00a0\u00a02.0%<\/td>\n<\/tr>\n<tr>\n<td width=\"200\">Calcium\u00a0\u00a0\u00a0\u00a0\u00a0\u00a0\u00a0\u00a0\u00a0\u00a0\u00a0\u00a0\u00a0\u00a0\u00a0\u00a0\u00a0\u00a0\u00a0\u00a0\u00a0\u00a0\u00a0\u00a03.2%<\/td>\n<td width=\"200\">Omega 3 fatty acids\u00a0\u00a0\u00a0\u00a0\u00a0\u00a0\u00a01.3%<\/td>\n<\/tr>\n<\/tbody>\n<\/table>\n<\/div>\n<p>Directions for feeding<strong>:\u00a0<\/strong>For 500 &#8211; 650 kg horse: 100g per day.<\/p>\n<p>Maximum 100g per day.<\/p>\n","protected":false},"excerpt":{"rendered":"<div id=\"breadCrumbs\"><span style=\"color: #555555; font-size: 14.4px;\">Super Hoof Plus Pellets provide not only scientifically supported levels of key nutrients which have a direct effect on hoof growth and quality, but also a range of other nutrient and plant-based compound to support overall health and wellbeing, which will also promote hoof health.<\/span><\/div>\n","protected":false},"featured_media":35680,"comment_status":"open","ping_status":"closed","template":"","meta":[],"product_brand":[],"product_cat":[3326,3324,3316,3315],"product_tag":[],"class_list":{"0":"post-32512","1":"product","2":"type-product","3":"status-publish","4":"has-post-thumbnail","6":"product_cat-products-onsale-horses","7":"product_cat-hoofcare","8":"product_cat-vitamins-minerals","9":"product_cat-wellbeing","12":"first","13":"instock","14":"taxable","15":"shipping-taxable","16":"purchasable","17":"product-type-simple"},"yoast_head":"<!-- This site is optimized with the Yoast SEO Premium plugin v20.10 (Yoast SEO v27.3) - https:\/\/yoast.com\/product\/yoast-seo-premium-wordpress\/ -->\n<title>Super Hoof Plus peletts 3KG - High level of Biotin for Horses<\/title>\n<meta name=\"description\" content=\"Super Hoof Plus is a concentrated supplement, containing no fillers, but with high levels \u00a0of Biotin, Zinc, Methionine and Sulphur.\" \/>\n<meta name=\"robots\" content=\"index, follow, max-snippet:-1, max-image-preview:large, max-video-preview:-1\" \/>\n<link rel=\"canonical\" href=\"https:\/\/tetraktis.si\/en\/izdelek\/super-hoof-plus-peletts-3kg\/\" \/>\n<meta property=\"og:locale\" content=\"en_US\" \/>\n<meta property=\"og:type\" content=\"article\" \/>\n<meta property=\"og:title\" content=\"Super Hoof Plus peletts 3KG - High level of Biotin for Horses\" \/>\n<meta property=\"og:description\" content=\"Super Hoof Plus is a concentrated supplement, containing no fillers, but with high levels \u00a0of Biotin, Zinc, Methionine and Sulphur.\" \/>\n<meta property=\"og:url\" content=\"https:\/\/tetraktis.si\/en\/izdelek\/super-hoof-plus-peletts-3kg\/\" \/>\n<meta property=\"og:site_name\" content=\"Tetraktis- Equine America, Dorwest, Excel\" \/>\n<meta property=\"article:publisher\" content=\"https:\/\/business.facebook.com\/equineamericashop\/?business_id=193323571192825\" \/>\n<meta property=\"article:modified_time\" content=\"2026-02-04T17:43:10+00:00\" \/>\n<meta property=\"og:image\" content=\"https:\/\/tetraktis.si\/wp-content\/uploads\/2022\/04\/biotin-za-konje-1.png\" \/>\n\t<meta property=\"og:image:width\" content=\"1200\" \/>\n\t<meta property=\"og:image:height\" content=\"1200\" \/>\n\t<meta property=\"og:image:type\" content=\"image\/png\" \/>\n<meta name=\"twitter:card\" content=\"summary_large_image\" \/>\n<meta name=\"twitter:site\" content=\"@TetraktisInfo\" \/>\n<meta name=\"twitter:label1\" content=\"Est. reading time\" \/>\n\t<meta name=\"twitter:data1\" content=\"5 minutes\" \/>\n<script type=\"application\/ld+json\" class=\"yoast-schema-graph\">{\"@context\":\"https:\\\/\\\/schema.org\",\"@graph\":[{\"@type\":\"WebPage\",\"@id\":\"https:\\\/\\\/tetraktis.si\\\/en\\\/izdelek\\\/super-hoof-plus-peletts-3kg\\\/\",\"url\":\"https:\\\/\\\/tetraktis.si\\\/en\\\/izdelek\\\/super-hoof-plus-peletts-3kg\\\/\",\"name\":\"Super Hoof Plus peletts 3KG - High level of Biotin for Horses\",\"isPartOf\":{\"@id\":\"https:\\\/\\\/tetraktis.si\\\/en\\\/#website\"},\"primaryImageOfPage\":{\"@id\":\"https:\\\/\\\/tetraktis.si\\\/en\\\/izdelek\\\/super-hoof-plus-peletts-3kg\\\/#primaryimage\"},\"image\":{\"@id\":\"https:\\\/\\\/tetraktis.si\\\/en\\\/izdelek\\\/super-hoof-plus-peletts-3kg\\\/#primaryimage\"},\"thumbnailUrl\":\"https:\\\/\\\/tetraktis.si\\\/wp-content\\\/uploads\\\/2022\\\/04\\\/biotin-za-konje-1.png\",\"datePublished\":\"2022-04-27T13:57:42+00:00\",\"dateModified\":\"2026-02-04T17:43:10+00:00\",\"description\":\"Super Hoof Plus is a concentrated supplement, containing no fillers, but with high levels \u00a0of Biotin, Zinc, Methionine and Sulphur.\",\"breadcrumb\":{\"@id\":\"https:\\\/\\\/tetraktis.si\\\/en\\\/izdelek\\\/super-hoof-plus-peletts-3kg\\\/#breadcrumb\"},\"inLanguage\":\"en-US\",\"potentialAction\":[{\"@type\":\"ReadAction\",\"target\":[\"https:\\\/\\\/tetraktis.si\\\/en\\\/izdelek\\\/super-hoof-plus-peletts-3kg\\\/\"]}]},{\"@type\":\"ImageObject\",\"inLanguage\":\"en-US\",\"@id\":\"https:\\\/\\\/tetraktis.si\\\/en\\\/izdelek\\\/super-hoof-plus-peletts-3kg\\\/#primaryimage\",\"url\":\"https:\\\/\\\/tetraktis.si\\\/wp-content\\\/uploads\\\/2022\\\/04\\\/biotin-za-konje-1.png\",\"contentUrl\":\"https:\\\/\\\/tetraktis.si\\\/wp-content\\\/uploads\\\/2022\\\/04\\\/biotin-za-konje-1.png\",\"width\":1200,\"height\":1200,\"caption\":\"Biotin za konja\"},{\"@type\":\"BreadcrumbList\",\"@id\":\"https:\\\/\\\/tetraktis.si\\\/en\\\/izdelek\\\/super-hoof-plus-peletts-3kg\\\/#breadcrumb\",\"itemListElement\":[{\"@type\":\"ListItem\",\"position\":1,\"name\":\"Shop\",\"item\":\"https:\\\/\\\/tetraktis.si\\\/en\\\/shop-3\\\/\"},{\"@type\":\"ListItem\",\"position\":2,\"name\":\"Super Hoof Plus peletts 3KG\"}]},{\"@type\":\"WebSite\",\"@id\":\"https:\\\/\\\/tetraktis.si\\\/en\\\/#website\",\"url\":\"https:\\\/\\\/tetraktis.si\\\/en\\\/\",\"name\":\"Tetraktis- Equine America, Dorwest, Excel\",\"description\":\"Samo najbolj\u0161e za va\u0161e \u017eivali\",\"publisher\":{\"@id\":\"https:\\\/\\\/tetraktis.si\\\/en\\\/#organization\"},\"potentialAction\":[{\"@type\":\"SearchAction\",\"target\":{\"@type\":\"EntryPoint\",\"urlTemplate\":\"https:\\\/\\\/tetraktis.si\\\/en\\\/?s={search_term_string}\"},\"query-input\":{\"@type\":\"PropertyValueSpecification\",\"valueRequired\":true,\"valueName\":\"search_term_string\"}}],\"inLanguage\":\"en-US\"},{\"@type\":\"Organization\",\"@id\":\"https:\\\/\\\/tetraktis.si\\\/en\\\/#organization\",\"name\":\"Tetraktis\",\"url\":\"https:\\\/\\\/tetraktis.si\\\/en\\\/\",\"logo\":{\"@type\":\"ImageObject\",\"inLanguage\":\"en-US\",\"@id\":\"https:\\\/\\\/tetraktis.si\\\/en\\\/#\\\/schema\\\/logo\\\/image\\\/\",\"url\":\"https:\\\/\\\/tetraktis.si\\\/wp-content\\\/uploads\\\/2022\\\/06\\\/logo.webp\",\"contentUrl\":\"https:\\\/\\\/tetraktis.si\\\/wp-content\\\/uploads\\\/2022\\\/06\\\/logo.webp\",\"width\":400,\"height\":211,\"caption\":\"Tetraktis\"},\"image\":{\"@id\":\"https:\\\/\\\/tetraktis.si\\\/en\\\/#\\\/schema\\\/logo\\\/image\\\/\"},\"sameAs\":[\"https:\\\/\\\/business.facebook.com\\\/equineamericashop\\\/?business_id=193323571192825\",\"https:\\\/\\\/x.com\\\/TetraktisInfo\",\"https:\\\/\\\/www.instagram.com\\\/tetraktisslovenija\\\/\",\"https:\\\/\\\/www.youtube.com\\\/channel\\\/UCk_PdKMdtpZ4pf0RRFL1vYA\"]}]}<\/script>\n<!-- \/ Yoast SEO Premium plugin. -->","yoast_head_json":{"title":"Super Hoof Plus peletts 3KG - High level of Biotin for Horses","description":"Super Hoof Plus is a concentrated supplement, containing no fillers, but with high levels \u00a0of Biotin, Zinc, Methionine and Sulphur.","robots":{"index":"index","follow":"follow","max-snippet":"max-snippet:-1","max-image-preview":"max-image-preview:large","max-video-preview":"max-video-preview:-1"},"canonical":"https:\/\/tetraktis.si\/en\/izdelek\/super-hoof-plus-peletts-3kg\/","og_locale":"en_US","og_type":"article","og_title":"Super Hoof Plus peletts 3KG - High level of Biotin for Horses","og_description":"Super Hoof Plus is a concentrated supplement, containing no fillers, but with high levels \u00a0of Biotin, Zinc, Methionine and Sulphur.","og_url":"https:\/\/tetraktis.si\/en\/izdelek\/super-hoof-plus-peletts-3kg\/","og_site_name":"Tetraktis- Equine America, Dorwest, Excel","article_publisher":"https:\/\/business.facebook.com\/equineamericashop\/?business_id=193323571192825","article_modified_time":"2026-02-04T17:43:10+00:00","og_image":[{"width":1200,"height":1200,"url":"https:\/\/tetraktis.si\/wp-content\/uploads\/2022\/04\/biotin-za-konje-1.png","type":"image\/png"}],"twitter_card":"summary_large_image","twitter_site":"@TetraktisInfo","twitter_misc":{"Est. reading time":"5 minutes"},"schema":{"@context":"https:\/\/schema.org","@graph":[{"@type":"WebPage","@id":"https:\/\/tetraktis.si\/en\/izdelek\/super-hoof-plus-peletts-3kg\/","url":"https:\/\/tetraktis.si\/en\/izdelek\/super-hoof-plus-peletts-3kg\/","name":"Super Hoof Plus peletts 3KG - High level of Biotin for Horses","isPartOf":{"@id":"https:\/\/tetraktis.si\/en\/#website"},"primaryImageOfPage":{"@id":"https:\/\/tetraktis.si\/en\/izdelek\/super-hoof-plus-peletts-3kg\/#primaryimage"},"image":{"@id":"https:\/\/tetraktis.si\/en\/izdelek\/super-hoof-plus-peletts-3kg\/#primaryimage"},"thumbnailUrl":"https:\/\/tetraktis.si\/wp-content\/uploads\/2022\/04\/biotin-za-konje-1.png","datePublished":"2022-04-27T13:57:42+00:00","dateModified":"2026-02-04T17:43:10+00:00","description":"Super Hoof Plus is a concentrated supplement, containing no fillers, but with high levels \u00a0of Biotin, Zinc, Methionine and Sulphur.","breadcrumb":{"@id":"https:\/\/tetraktis.si\/en\/izdelek\/super-hoof-plus-peletts-3kg\/#breadcrumb"},"inLanguage":"en-US","potentialAction":[{"@type":"ReadAction","target":["https:\/\/tetraktis.si\/en\/izdelek\/super-hoof-plus-peletts-3kg\/"]}]},{"@type":"ImageObject","inLanguage":"en-US","@id":"https:\/\/tetraktis.si\/en\/izdelek\/super-hoof-plus-peletts-3kg\/#primaryimage","url":"https:\/\/tetraktis.si\/wp-content\/uploads\/2022\/04\/biotin-za-konje-1.png","contentUrl":"https:\/\/tetraktis.si\/wp-content\/uploads\/2022\/04\/biotin-za-konje-1.png","width":1200,"height":1200,"caption":"Biotin za konja"},{"@type":"BreadcrumbList","@id":"https:\/\/tetraktis.si\/en\/izdelek\/super-hoof-plus-peletts-3kg\/#breadcrumb","itemListElement":[{"@type":"ListItem","position":1,"name":"Shop","item":"https:\/\/tetraktis.si\/en\/shop-3\/"},{"@type":"ListItem","position":2,"name":"Super Hoof Plus peletts 3KG"}]},{"@type":"WebSite","@id":"https:\/\/tetraktis.si\/en\/#website","url":"https:\/\/tetraktis.si\/en\/","name":"Tetraktis- Equine America, Dorwest, Excel","description":"Samo najbolj\u0161e za va\u0161e \u017eivali","publisher":{"@id":"https:\/\/tetraktis.si\/en\/#organization"},"potentialAction":[{"@type":"SearchAction","target":{"@type":"EntryPoint","urlTemplate":"https:\/\/tetraktis.si\/en\/?s={search_term_string}"},"query-input":{"@type":"PropertyValueSpecification","valueRequired":true,"valueName":"search_term_string"}}],"inLanguage":"en-US"},{"@type":"Organization","@id":"https:\/\/tetraktis.si\/en\/#organization","name":"Tetraktis","url":"https:\/\/tetraktis.si\/en\/","logo":{"@type":"ImageObject","inLanguage":"en-US","@id":"https:\/\/tetraktis.si\/en\/#\/schema\/logo\/image\/","url":"https:\/\/tetraktis.si\/wp-content\/uploads\/2022\/06\/logo.webp","contentUrl":"https:\/\/tetraktis.si\/wp-content\/uploads\/2022\/06\/logo.webp","width":400,"height":211,"caption":"Tetraktis"},"image":{"@id":"https:\/\/tetraktis.si\/en\/#\/schema\/logo\/image\/"},"sameAs":["https:\/\/business.facebook.com\/equineamericashop\/?business_id=193323571192825","https:\/\/x.com\/TetraktisInfo","https:\/\/www.instagram.com\/tetraktisslovenija\/","https:\/\/www.youtube.com\/channel\/UCk_PdKMdtpZ4pf0RRFL1vYA"]}]}},"_links":{"self":[{"href":"https:\/\/tetraktis.si\/en\/wp-json\/wp\/v2\/product\/32512","targetHints":{"allow":["GET"]}}],"collection":[{"href":"https:\/\/tetraktis.si\/en\/wp-json\/wp\/v2\/product"}],"about":[{"href":"https:\/\/tetraktis.si\/en\/wp-json\/wp\/v2\/types\/product"}],"replies":[{"embeddable":true,"href":"https:\/\/tetraktis.si\/en\/wp-json\/wp\/v2\/comments?post=32512"}],"version-history":[{"count":1,"href":"https:\/\/tetraktis.si\/en\/wp-json\/wp\/v2\/product\/32512\/revisions"}],"predecessor-version":[{"id":37129,"href":"https:\/\/tetraktis.si\/en\/wp-json\/wp\/v2\/product\/32512\/revisions\/37129"}],"wp:featuredmedia":[{"embeddable":true,"href":"https:\/\/tetraktis.si\/en\/wp-json\/wp\/v2\/media\/35680"}],"wp:attachment":[{"href":"https:\/\/tetraktis.si\/en\/wp-json\/wp\/v2\/media?parent=32512"}],"wp:term":[{"taxonomy":"product_brand","embeddable":true,"href":"https:\/\/tetraktis.si\/en\/wp-json\/wp\/v2\/product_brand?post=32512"},{"taxonomy":"product_cat","embeddable":true,"href":"https:\/\/tetraktis.si\/en\/wp-json\/wp\/v2\/product_cat?post=32512"},{"taxonomy":"product_tag","embeddable":true,"href":"https:\/\/tetraktis.si\/en\/wp-json\/wp\/v2\/product_tag?post=32512"}],"curies":[{"name":"wp","href":"https:\/\/api.w.org\/{rel}","templated":true}]}}