{"id":32511,"date":"2022-04-27T15:57:16","date_gmt":"2022-04-27T13:57:16","guid":{"rendered":"https:\/\/cortaflex.si\/izdelek\/garlic-granules-for-horses-3kg\/"},"modified":"2025-02-20T14:33:55","modified_gmt":"2025-02-20T13:33:55","slug":"garlic-granules-for-horses-3kg","status":"publish","type":"product","link":"https:\/\/tetraktis.si\/en\/izdelek\/garlic-granules-for-horses-3kg\/","title":{"rendered":"Garlic Granules for horses 3kg"},"content":{"rendered":"<h1>Garlic for horses in granular forms are a unique product with many effects<\/h1>\n<p>Garlic for horses is most commonly used to <strong>repel flies and insects<\/strong>.<\/p>\n<p>But garlic granules are also recommended for:<\/p>\n<ul>\n<li>appetite stimulation,<\/li>\n<li>respiratory health support,<\/li>\n<li>maintaining healthy blood pressure,<\/li>\n<li>contains antioxidants and helps improve the functioning of the immune system<\/li>\n<\/ul>\n<h3>\nGarlic for horses has natural antibacterial, antifungal and antiviral properties.<\/h3>\n<p>Adding garlic to your horse\u2019s regular diet is an easy way to provide your horse with all the benefits of this powerful plant.<\/p>\n<p>Garlic is believed to contain more than 25 substances that kill disease germs and therefore contributes to improving the functioning of the immune system, especially desirable in the winter months. As said, garlic contains substances that are useful in relieving pain, anti-inflammatory action and reducing swelling.<\/p>\n<p>The granules are easy to use, mix perfectly with food and can be used throughout the year to have a beneficial effect on the overall health of the horse.<\/p>\n<p>Garlic, used by many horse and pony owners, is used as a regular addition to horse feeding.<br \/>\nGarlic is considered one of the most effective natural healing substances in the world. It is popularly used along with antibiotics to treat equine respiratory diseases and infections in the horse\u2019s lungs.<\/p>\n<p>Available in packs of 1kg.<\/p>\n<p>We also recommend <a href=\"https:\/\/www.tetraktis.si\/en\/product\/equine-america-turmeric-3-kg\/\">turmeric<\/a> for horses to further support the metabolism and general health of horses.<\/p>\n","protected":false},"excerpt":{"rendered":"<p>Garlic for horses is most commonly used to repel flies and insects.<\/p>\n<p>But garlic granules for horses are also recommended for: stimulating appetite, supporting respiratory health, maintaining healthy blood pressure.<\/p>\n","protected":false},"featured_media":24820,"comment_status":"open","ping_status":"closed","template":"","meta":[],"product_brand":[322],"product_cat":[3326,3331,3316,3315],"product_tag":[],"class_list":{"0":"post-32511","1":"product","2":"type-product","3":"status-publish","4":"has-post-thumbnail","6":"product_brand-equine-america","7":"product_cat-products-onsale-horses","8":"product_cat-respiratory","9":"product_cat-vitamins-minerals","10":"product_cat-wellbeing","13":"first","14":"instock","15":"sale","16":"taxable","17":"shipping-taxable","18":"purchasable","19":"product-type-variable","20":"has-default-attributes"},"yoast_head":"<!-- This site is optimized with the Yoast SEO Premium plugin v20.10 (Yoast SEO v27.3) - https:\/\/yoast.com\/product\/yoast-seo-premium-wordpress\/ -->\n<title>Garlic for horses is most commonly used to repel flies and insects.<\/title>\n<meta name=\"description\" content=\"Garlic for horses contains substances useful in relieving pain, anti-inflammatory action and reducing swelling. One of the most natural remedies.\" \/>\n<meta name=\"robots\" content=\"index, follow, max-snippet:-1, max-image-preview:large, max-video-preview:-1\" \/>\n<link rel=\"canonical\" href=\"https:\/\/tetraktis.si\/en\/izdelek\/garlic-granules-for-horses-3kg\/\" \/>\n<meta property=\"og:locale\" content=\"en_US\" \/>\n<meta property=\"og:type\" content=\"article\" \/>\n<meta property=\"og:title\" content=\"Garlic for horses is most commonly used to repel flies and insects.\" \/>\n<meta property=\"og:description\" content=\"Garlic for horses contains substances useful in relieving pain, anti-inflammatory action and reducing swelling. One of the most natural remedies.\" \/>\n<meta property=\"og:url\" content=\"https:\/\/tetraktis.si\/en\/izdelek\/garlic-granules-for-horses-3kg\/\" \/>\n<meta property=\"og:site_name\" content=\"Tetraktis- Equine America, Dorwest, Excel\" \/>\n<meta property=\"article:publisher\" content=\"https:\/\/business.facebook.com\/equineamericashop\/?business_id=193323571192825\" \/>\n<meta property=\"article:modified_time\" content=\"2025-02-20T13:33:55+00:00\" \/>\n<meta property=\"og:image\" content=\"https:\/\/tetraktis.si\/wp-content\/uploads\/2022\/04\/granule-luk.jpg\" \/>\n\t<meta property=\"og:image:width\" content=\"924\" \/>\n\t<meta property=\"og:image:height\" content=\"924\" \/>\n\t<meta property=\"og:image:type\" content=\"image\/jpeg\" \/>\n<meta name=\"twitter:card\" content=\"summary_large_image\" \/>\n<meta name=\"twitter:site\" content=\"@TetraktisInfo\" \/>\n<meta name=\"twitter:label1\" content=\"Est. reading time\" \/>\n\t<meta name=\"twitter:data1\" content=\"1 minute\" \/>\n<script type=\"application\/ld+json\" class=\"yoast-schema-graph\">{\"@context\":\"https:\\\/\\\/schema.org\",\"@graph\":[{\"@type\":\"WebPage\",\"@id\":\"https:\\\/\\\/tetraktis.si\\\/en\\\/izdelek\\\/garlic-granules-for-horses-3kg\\\/\",\"url\":\"https:\\\/\\\/tetraktis.si\\\/en\\\/izdelek\\\/garlic-granules-for-horses-3kg\\\/\",\"name\":\"Garlic for horses is most commonly used to repel flies and insects.\",\"isPartOf\":{\"@id\":\"https:\\\/\\\/tetraktis.si\\\/en\\\/#website\"},\"primaryImageOfPage\":{\"@id\":\"https:\\\/\\\/tetraktis.si\\\/en\\\/izdelek\\\/garlic-granules-for-horses-3kg\\\/#primaryimage\"},\"image\":{\"@id\":\"https:\\\/\\\/tetraktis.si\\\/en\\\/izdelek\\\/garlic-granules-for-horses-3kg\\\/#primaryimage\"},\"thumbnailUrl\":\"https:\\\/\\\/tetraktis.si\\\/wp-content\\\/uploads\\\/2022\\\/04\\\/granule-luk.jpg\",\"datePublished\":\"2022-04-27T13:57:16+00:00\",\"dateModified\":\"2025-02-20T13:33:55+00:00\",\"description\":\"Garlic for horses contains substances useful in relieving pain, anti-inflammatory action and reducing swelling. One of the most natural remedies.\",\"breadcrumb\":{\"@id\":\"https:\\\/\\\/tetraktis.si\\\/en\\\/izdelek\\\/garlic-granules-for-horses-3kg\\\/#breadcrumb\"},\"inLanguage\":\"en-US\",\"potentialAction\":[{\"@type\":\"ReadAction\",\"target\":[\"https:\\\/\\\/tetraktis.si\\\/en\\\/izdelek\\\/garlic-granules-for-horses-3kg\\\/\"]}]},{\"@type\":\"ImageObject\",\"inLanguage\":\"en-US\",\"@id\":\"https:\\\/\\\/tetraktis.si\\\/en\\\/izdelek\\\/garlic-granules-for-horses-3kg\\\/#primaryimage\",\"url\":\"https:\\\/\\\/tetraktis.si\\\/wp-content\\\/uploads\\\/2022\\\/04\\\/granule-luk.jpg\",\"contentUrl\":\"https:\\\/\\\/tetraktis.si\\\/wp-content\\\/uploads\\\/2022\\\/04\\\/granule-luk.jpg\",\"width\":924,\"height\":924,\"caption\":\"\u010desen za konje\"},{\"@type\":\"BreadcrumbList\",\"@id\":\"https:\\\/\\\/tetraktis.si\\\/en\\\/izdelek\\\/garlic-granules-for-horses-3kg\\\/#breadcrumb\",\"itemListElement\":[{\"@type\":\"ListItem\",\"position\":1,\"name\":\"Shop\",\"item\":\"https:\\\/\\\/tetraktis.si\\\/en\\\/shop-3\\\/\"},{\"@type\":\"ListItem\",\"position\":2,\"name\":\"Garlic Granules for horses 3kg\"}]},{\"@type\":\"WebSite\",\"@id\":\"https:\\\/\\\/tetraktis.si\\\/en\\\/#website\",\"url\":\"https:\\\/\\\/tetraktis.si\\\/en\\\/\",\"name\":\"Tetraktis- Equine America, Dorwest, Excel\",\"description\":\"Samo najbolj\u0161e za va\u0161e \u017eivali\",\"publisher\":{\"@id\":\"https:\\\/\\\/tetraktis.si\\\/en\\\/#organization\"},\"potentialAction\":[{\"@type\":\"SearchAction\",\"target\":{\"@type\":\"EntryPoint\",\"urlTemplate\":\"https:\\\/\\\/tetraktis.si\\\/en\\\/?s={search_term_string}\"},\"query-input\":{\"@type\":\"PropertyValueSpecification\",\"valueRequired\":true,\"valueName\":\"search_term_string\"}}],\"inLanguage\":\"en-US\"},{\"@type\":\"Organization\",\"@id\":\"https:\\\/\\\/tetraktis.si\\\/en\\\/#organization\",\"name\":\"Tetraktis\",\"url\":\"https:\\\/\\\/tetraktis.si\\\/en\\\/\",\"logo\":{\"@type\":\"ImageObject\",\"inLanguage\":\"en-US\",\"@id\":\"https:\\\/\\\/tetraktis.si\\\/en\\\/#\\\/schema\\\/logo\\\/image\\\/\",\"url\":\"https:\\\/\\\/tetraktis.si\\\/wp-content\\\/uploads\\\/2022\\\/06\\\/logo.webp\",\"contentUrl\":\"https:\\\/\\\/tetraktis.si\\\/wp-content\\\/uploads\\\/2022\\\/06\\\/logo.webp\",\"width\":400,\"height\":211,\"caption\":\"Tetraktis\"},\"image\":{\"@id\":\"https:\\\/\\\/tetraktis.si\\\/en\\\/#\\\/schema\\\/logo\\\/image\\\/\"},\"sameAs\":[\"https:\\\/\\\/business.facebook.com\\\/equineamericashop\\\/?business_id=193323571192825\",\"https:\\\/\\\/x.com\\\/TetraktisInfo\",\"https:\\\/\\\/www.instagram.com\\\/tetraktisslovenija\\\/\",\"https:\\\/\\\/www.youtube.com\\\/channel\\\/UCk_PdKMdtpZ4pf0RRFL1vYA\"]}]}<\/script>\n<!-- \/ Yoast SEO Premium plugin. -->","yoast_head_json":{"title":"Garlic for horses is most commonly used to repel flies and insects.","description":"Garlic for horses contains substances useful in relieving pain, anti-inflammatory action and reducing swelling. One of the most natural remedies.","robots":{"index":"index","follow":"follow","max-snippet":"max-snippet:-1","max-image-preview":"max-image-preview:large","max-video-preview":"max-video-preview:-1"},"canonical":"https:\/\/tetraktis.si\/en\/izdelek\/garlic-granules-for-horses-3kg\/","og_locale":"en_US","og_type":"article","og_title":"Garlic for horses is most commonly used to repel flies and insects.","og_description":"Garlic for horses contains substances useful in relieving pain, anti-inflammatory action and reducing swelling. One of the most natural remedies.","og_url":"https:\/\/tetraktis.si\/en\/izdelek\/garlic-granules-for-horses-3kg\/","og_site_name":"Tetraktis- Equine America, Dorwest, Excel","article_publisher":"https:\/\/business.facebook.com\/equineamericashop\/?business_id=193323571192825","article_modified_time":"2025-02-20T13:33:55+00:00","og_image":[{"width":924,"height":924,"url":"https:\/\/tetraktis.si\/wp-content\/uploads\/2022\/04\/granule-luk.jpg","type":"image\/jpeg"}],"twitter_card":"summary_large_image","twitter_site":"@TetraktisInfo","twitter_misc":{"Est. reading time":"1 minute"},"schema":{"@context":"https:\/\/schema.org","@graph":[{"@type":"WebPage","@id":"https:\/\/tetraktis.si\/en\/izdelek\/garlic-granules-for-horses-3kg\/","url":"https:\/\/tetraktis.si\/en\/izdelek\/garlic-granules-for-horses-3kg\/","name":"Garlic for horses is most commonly used to repel flies and insects.","isPartOf":{"@id":"https:\/\/tetraktis.si\/en\/#website"},"primaryImageOfPage":{"@id":"https:\/\/tetraktis.si\/en\/izdelek\/garlic-granules-for-horses-3kg\/#primaryimage"},"image":{"@id":"https:\/\/tetraktis.si\/en\/izdelek\/garlic-granules-for-horses-3kg\/#primaryimage"},"thumbnailUrl":"https:\/\/tetraktis.si\/wp-content\/uploads\/2022\/04\/granule-luk.jpg","datePublished":"2022-04-27T13:57:16+00:00","dateModified":"2025-02-20T13:33:55+00:00","description":"Garlic for horses contains substances useful in relieving pain, anti-inflammatory action and reducing swelling. One of the most natural remedies.","breadcrumb":{"@id":"https:\/\/tetraktis.si\/en\/izdelek\/garlic-granules-for-horses-3kg\/#breadcrumb"},"inLanguage":"en-US","potentialAction":[{"@type":"ReadAction","target":["https:\/\/tetraktis.si\/en\/izdelek\/garlic-granules-for-horses-3kg\/"]}]},{"@type":"ImageObject","inLanguage":"en-US","@id":"https:\/\/tetraktis.si\/en\/izdelek\/garlic-granules-for-horses-3kg\/#primaryimage","url":"https:\/\/tetraktis.si\/wp-content\/uploads\/2022\/04\/granule-luk.jpg","contentUrl":"https:\/\/tetraktis.si\/wp-content\/uploads\/2022\/04\/granule-luk.jpg","width":924,"height":924,"caption":"\u010desen za konje"},{"@type":"BreadcrumbList","@id":"https:\/\/tetraktis.si\/en\/izdelek\/garlic-granules-for-horses-3kg\/#breadcrumb","itemListElement":[{"@type":"ListItem","position":1,"name":"Shop","item":"https:\/\/tetraktis.si\/en\/shop-3\/"},{"@type":"ListItem","position":2,"name":"Garlic Granules for horses 3kg"}]},{"@type":"WebSite","@id":"https:\/\/tetraktis.si\/en\/#website","url":"https:\/\/tetraktis.si\/en\/","name":"Tetraktis- Equine America, Dorwest, Excel","description":"Samo najbolj\u0161e za va\u0161e \u017eivali","publisher":{"@id":"https:\/\/tetraktis.si\/en\/#organization"},"potentialAction":[{"@type":"SearchAction","target":{"@type":"EntryPoint","urlTemplate":"https:\/\/tetraktis.si\/en\/?s={search_term_string}"},"query-input":{"@type":"PropertyValueSpecification","valueRequired":true,"valueName":"search_term_string"}}],"inLanguage":"en-US"},{"@type":"Organization","@id":"https:\/\/tetraktis.si\/en\/#organization","name":"Tetraktis","url":"https:\/\/tetraktis.si\/en\/","logo":{"@type":"ImageObject","inLanguage":"en-US","@id":"https:\/\/tetraktis.si\/en\/#\/schema\/logo\/image\/","url":"https:\/\/tetraktis.si\/wp-content\/uploads\/2022\/06\/logo.webp","contentUrl":"https:\/\/tetraktis.si\/wp-content\/uploads\/2022\/06\/logo.webp","width":400,"height":211,"caption":"Tetraktis"},"image":{"@id":"https:\/\/tetraktis.si\/en\/#\/schema\/logo\/image\/"},"sameAs":["https:\/\/business.facebook.com\/equineamericashop\/?business_id=193323571192825","https:\/\/x.com\/TetraktisInfo","https:\/\/www.instagram.com\/tetraktisslovenija\/","https:\/\/www.youtube.com\/channel\/UCk_PdKMdtpZ4pf0RRFL1vYA"]}]}},"_links":{"self":[{"href":"https:\/\/tetraktis.si\/en\/wp-json\/wp\/v2\/product\/32511","targetHints":{"allow":["GET"]}}],"collection":[{"href":"https:\/\/tetraktis.si\/en\/wp-json\/wp\/v2\/product"}],"about":[{"href":"https:\/\/tetraktis.si\/en\/wp-json\/wp\/v2\/types\/product"}],"replies":[{"embeddable":true,"href":"https:\/\/tetraktis.si\/en\/wp-json\/wp\/v2\/comments?post=32511"}],"version-history":[{"count":1,"href":"https:\/\/tetraktis.si\/en\/wp-json\/wp\/v2\/product\/32511\/revisions"}],"predecessor-version":[{"id":37128,"href":"https:\/\/tetraktis.si\/en\/wp-json\/wp\/v2\/product\/32511\/revisions\/37128"}],"wp:featuredmedia":[{"embeddable":true,"href":"https:\/\/tetraktis.si\/en\/wp-json\/wp\/v2\/media\/24820"}],"wp:attachment":[{"href":"https:\/\/tetraktis.si\/en\/wp-json\/wp\/v2\/media?parent=32511"}],"wp:term":[{"taxonomy":"product_brand","embeddable":true,"href":"https:\/\/tetraktis.si\/en\/wp-json\/wp\/v2\/product_brand?post=32511"},{"taxonomy":"product_cat","embeddable":true,"href":"https:\/\/tetraktis.si\/en\/wp-json\/wp\/v2\/product_cat?post=32511"},{"taxonomy":"product_tag","embeddable":true,"href":"https:\/\/tetraktis.si\/en\/wp-json\/wp\/v2\/product_tag?post=32511"}],"curies":[{"name":"wp","href":"https:\/\/api.w.org\/{rel}","templated":true}]}}