{"id":32510,"date":"2022-04-27T15:57:16","date_gmt":"2022-04-27T13:57:16","guid":{"rendered":"https:\/\/cortaflex.si\/izdelek\/excel-grarecover-for-muscle-regeneration\/"},"modified":"2024-08-29T12:47:29","modified_gmt":"2024-08-29T10:47:29","slug":"excel-grarecover-for-muscle-regeneration","status":"publish","type":"product","link":"https:\/\/tetraktis.si\/en\/izdelek\/excel-grarecover-for-muscle-regeneration\/","title":{"rendered":"EXCEL GraRecover for muscle regeneration"},"content":{"rendered":"<h1>EXCEL GraRecover &#8211; support for fast recovery of the horse after training<\/h1>\n<p>Excel GraRecover contains a unique antioxidant formula with grape polyphenols (proanthocyanidins) and pomegranate (ellagic acid), specially developed to promote muscle recovery.<\/p>\n<p>Excel GraRecover is designed to support horse recovery.<\/p>\n<p>During exercise and competition, horse muscles can be exposed to a lot of stress, which can cause cramps and pain, and Excel GraRecover helps muscles recover faster.<\/p>\n<p><strong>Feeding instructions:<\/strong><\/p>\n<p>Starting dose (first 10 days): 60 g per day (2 scoops)<br \/>\nMaintenance: 30 g per day (1 scoop) <strong>Max. per day 60g<\/strong>.<\/p>\n<h3>Excel GraRecover is manufactured without doping substances, only with controlled natural ingredients.<\/h3>\n<p><strong>Ingredients<\/strong>: alfalfa powder, camelina oil, grape and pomegranate extract. <strong>Additives<\/strong>: flavor enhancers. <strong>Analytical constituents<\/strong>: polyphenols (32,500 ppm), omega 3 (7%), crude protein (10%), crude oils and fats (20%), crude ash (16%), fiber (21%), sodium &amp; lt; 0, 1%.<\/p>\n<p>Store in a cool, dry place. Net quantity, batch or lot reference number and expiry date (applicable at least until marked<br \/>\ndate) are imprinted on the packaging. Distributor: Excel Supplements. Responsible for labeling in Slo: Tetraktis d.o.o. T: 041 817 036 www.tetraktis.si<\/p>\n<p>Excel Supplements Europe is a manufacturer of nutritional supplements for horses based on extracts of common cod<br \/>\nThey are very successful on the US market. They focus on producing the best supplements with high quality ingredients.<\/p>\n<p>Their products provide an exceptional combination of omega 3, 6, 9 and other nutritional components.<\/p>\n<p>The result is a range of unique supplements for racehorses that support their health, hoof care, airway opening, muscle and joint health, so everything your four-legged friend needs!<\/p>\n","protected":false},"excerpt":{"rendered":"<p>During exercise and competition, horse muscles can be exposed to a lot of stress, which can cause cramps and pain, and Excel GraRecover <strong>helps muscles recover faster<\/strong>.<\/p>\n","protected":false},"featured_media":24798,"comment_status":"open","ping_status":"closed","template":"","meta":[],"product_brand":[328],"product_cat":[3312,3313,3326,3316],"product_tag":[],"class_list":{"0":"post-32510","1":"product","2":"type-product","3":"status-publish","4":"has-post-thumbnail","6":"product_brand-excel-supplements","7":"product_cat-bones-muscles","8":"product_cat-competition","9":"product_cat-products-onsale-horses","10":"product_cat-vitamins-minerals","13":"first","14":"outofstock","15":"taxable","16":"shipping-taxable","17":"purchasable","18":"product-type-simple"},"yoast_head":"<!-- This site is optimized with the Yoast SEO Premium plugin v20.10 (Yoast SEO v27.3) - https:\/\/yoast.com\/product\/yoast-seo-premium-wordpress\/ -->\n<title>EXCEL GraRecover for muscle regeneration -<\/title>\n<meta name=\"description\" content=\"EXCEL GraRecover support for fast recovery of the horse after training, contains a unique antioxidants, specially developed for muscle regen.\" \/>\n<meta name=\"robots\" content=\"index, follow, max-snippet:-1, max-image-preview:large, max-video-preview:-1\" \/>\n<link rel=\"canonical\" href=\"https:\/\/tetraktis.si\/en\/izdelek\/excel-grarecover-for-muscle-regeneration\/\" \/>\n<meta property=\"og:locale\" content=\"en_US\" \/>\n<meta property=\"og:type\" content=\"article\" \/>\n<meta property=\"og:title\" content=\"EXCEL GraRecover for muscle regeneration -\" \/>\n<meta property=\"og:description\" content=\"EXCEL GraRecover support for fast recovery of the horse after training, contains a unique antioxidants, specially developed for muscle regen.\" \/>\n<meta property=\"og:url\" content=\"https:\/\/tetraktis.si\/en\/izdelek\/excel-grarecover-for-muscle-regeneration\/\" \/>\n<meta property=\"og:site_name\" content=\"Tetraktis- Equine America, Dorwest, Excel\" \/>\n<meta property=\"article:publisher\" content=\"https:\/\/business.facebook.com\/equineamericashop\/?business_id=193323571192825\" \/>\n<meta property=\"article:modified_time\" content=\"2024-08-29T10:47:29+00:00\" \/>\n<meta property=\"og:image\" content=\"https:\/\/tetraktis.si\/wp-content\/uploads\/2022\/04\/Excel-Gra-Recover.png\" \/>\n\t<meta property=\"og:image:width\" content=\"800\" \/>\n\t<meta property=\"og:image:height\" content=\"800\" \/>\n\t<meta property=\"og:image:type\" content=\"image\/png\" \/>\n<meta name=\"twitter:card\" content=\"summary_large_image\" \/>\n<meta name=\"twitter:site\" content=\"@TetraktisInfo\" \/>\n<meta name=\"twitter:label1\" content=\"Est. reading time\" \/>\n\t<meta name=\"twitter:data1\" content=\"1 minute\" \/>\n<script type=\"application\/ld+json\" class=\"yoast-schema-graph\">{\"@context\":\"https:\\\/\\\/schema.org\",\"@graph\":[{\"@type\":\"WebPage\",\"@id\":\"https:\\\/\\\/tetraktis.si\\\/en\\\/izdelek\\\/excel-grarecover-for-muscle-regeneration\\\/\",\"url\":\"https:\\\/\\\/tetraktis.si\\\/en\\\/izdelek\\\/excel-grarecover-for-muscle-regeneration\\\/\",\"name\":\"EXCEL GraRecover for muscle regeneration -\",\"isPartOf\":{\"@id\":\"https:\\\/\\\/tetraktis.si\\\/en\\\/#website\"},\"primaryImageOfPage\":{\"@id\":\"https:\\\/\\\/tetraktis.si\\\/en\\\/izdelek\\\/excel-grarecover-for-muscle-regeneration\\\/#primaryimage\"},\"image\":{\"@id\":\"https:\\\/\\\/tetraktis.si\\\/en\\\/izdelek\\\/excel-grarecover-for-muscle-regeneration\\\/#primaryimage\"},\"thumbnailUrl\":\"https:\\\/\\\/tetraktis.si\\\/wp-content\\\/uploads\\\/2022\\\/04\\\/Excel-Gra-Recover.png\",\"datePublished\":\"2022-04-27T13:57:16+00:00\",\"dateModified\":\"2024-08-29T10:47:29+00:00\",\"description\":\"EXCEL GraRecover support for fast recovery of the horse after training, contains a unique antioxidants, specially developed for muscle regen.\",\"breadcrumb\":{\"@id\":\"https:\\\/\\\/tetraktis.si\\\/en\\\/izdelek\\\/excel-grarecover-for-muscle-regeneration\\\/#breadcrumb\"},\"inLanguage\":\"en-US\",\"potentialAction\":[{\"@type\":\"ReadAction\",\"target\":[\"https:\\\/\\\/tetraktis.si\\\/en\\\/izdelek\\\/excel-grarecover-for-muscle-regeneration\\\/\"]}]},{\"@type\":\"ImageObject\",\"inLanguage\":\"en-US\",\"@id\":\"https:\\\/\\\/tetraktis.si\\\/en\\\/izdelek\\\/excel-grarecover-for-muscle-regeneration\\\/#primaryimage\",\"url\":\"https:\\\/\\\/tetraktis.si\\\/wp-content\\\/uploads\\\/2022\\\/04\\\/Excel-Gra-Recover.png\",\"contentUrl\":\"https:\\\/\\\/tetraktis.si\\\/wp-content\\\/uploads\\\/2022\\\/04\\\/Excel-Gra-Recover.png\",\"width\":800,\"height\":800,\"caption\":\"Excel GraRecover\"},{\"@type\":\"BreadcrumbList\",\"@id\":\"https:\\\/\\\/tetraktis.si\\\/en\\\/izdelek\\\/excel-grarecover-for-muscle-regeneration\\\/#breadcrumb\",\"itemListElement\":[{\"@type\":\"ListItem\",\"position\":1,\"name\":\"Shop\",\"item\":\"https:\\\/\\\/tetraktis.si\\\/en\\\/shop-3\\\/\"},{\"@type\":\"ListItem\",\"position\":2,\"name\":\"EXCEL GraRecover for muscle regeneration\"}]},{\"@type\":\"WebSite\",\"@id\":\"https:\\\/\\\/tetraktis.si\\\/en\\\/#website\",\"url\":\"https:\\\/\\\/tetraktis.si\\\/en\\\/\",\"name\":\"Tetraktis- Equine America, Dorwest, Excel\",\"description\":\"Samo najbolj\u0161e za va\u0161e \u017eivali\",\"publisher\":{\"@id\":\"https:\\\/\\\/tetraktis.si\\\/en\\\/#organization\"},\"potentialAction\":[{\"@type\":\"SearchAction\",\"target\":{\"@type\":\"EntryPoint\",\"urlTemplate\":\"https:\\\/\\\/tetraktis.si\\\/en\\\/?s={search_term_string}\"},\"query-input\":{\"@type\":\"PropertyValueSpecification\",\"valueRequired\":true,\"valueName\":\"search_term_string\"}}],\"inLanguage\":\"en-US\"},{\"@type\":\"Organization\",\"@id\":\"https:\\\/\\\/tetraktis.si\\\/en\\\/#organization\",\"name\":\"Tetraktis\",\"url\":\"https:\\\/\\\/tetraktis.si\\\/en\\\/\",\"logo\":{\"@type\":\"ImageObject\",\"inLanguage\":\"en-US\",\"@id\":\"https:\\\/\\\/tetraktis.si\\\/en\\\/#\\\/schema\\\/logo\\\/image\\\/\",\"url\":\"https:\\\/\\\/tetraktis.si\\\/wp-content\\\/uploads\\\/2022\\\/06\\\/logo.webp\",\"contentUrl\":\"https:\\\/\\\/tetraktis.si\\\/wp-content\\\/uploads\\\/2022\\\/06\\\/logo.webp\",\"width\":400,\"height\":211,\"caption\":\"Tetraktis\"},\"image\":{\"@id\":\"https:\\\/\\\/tetraktis.si\\\/en\\\/#\\\/schema\\\/logo\\\/image\\\/\"},\"sameAs\":[\"https:\\\/\\\/business.facebook.com\\\/equineamericashop\\\/?business_id=193323571192825\",\"https:\\\/\\\/x.com\\\/TetraktisInfo\",\"https:\\\/\\\/www.instagram.com\\\/tetraktisslovenija\\\/\",\"https:\\\/\\\/www.youtube.com\\\/channel\\\/UCk_PdKMdtpZ4pf0RRFL1vYA\"]}]}<\/script>\n<!-- \/ Yoast SEO Premium plugin. -->","yoast_head_json":{"title":"EXCEL GraRecover for muscle regeneration -","description":"EXCEL GraRecover support for fast recovery of the horse after training, contains a unique antioxidants, specially developed for muscle regen.","robots":{"index":"index","follow":"follow","max-snippet":"max-snippet:-1","max-image-preview":"max-image-preview:large","max-video-preview":"max-video-preview:-1"},"canonical":"https:\/\/tetraktis.si\/en\/izdelek\/excel-grarecover-for-muscle-regeneration\/","og_locale":"en_US","og_type":"article","og_title":"EXCEL GraRecover for muscle regeneration -","og_description":"EXCEL GraRecover support for fast recovery of the horse after training, contains a unique antioxidants, specially developed for muscle regen.","og_url":"https:\/\/tetraktis.si\/en\/izdelek\/excel-grarecover-for-muscle-regeneration\/","og_site_name":"Tetraktis- Equine America, Dorwest, Excel","article_publisher":"https:\/\/business.facebook.com\/equineamericashop\/?business_id=193323571192825","article_modified_time":"2024-08-29T10:47:29+00:00","og_image":[{"width":800,"height":800,"url":"https:\/\/tetraktis.si\/wp-content\/uploads\/2022\/04\/Excel-Gra-Recover.png","type":"image\/png"}],"twitter_card":"summary_large_image","twitter_site":"@TetraktisInfo","twitter_misc":{"Est. reading time":"1 minute"},"schema":{"@context":"https:\/\/schema.org","@graph":[{"@type":"WebPage","@id":"https:\/\/tetraktis.si\/en\/izdelek\/excel-grarecover-for-muscle-regeneration\/","url":"https:\/\/tetraktis.si\/en\/izdelek\/excel-grarecover-for-muscle-regeneration\/","name":"EXCEL GraRecover for muscle regeneration -","isPartOf":{"@id":"https:\/\/tetraktis.si\/en\/#website"},"primaryImageOfPage":{"@id":"https:\/\/tetraktis.si\/en\/izdelek\/excel-grarecover-for-muscle-regeneration\/#primaryimage"},"image":{"@id":"https:\/\/tetraktis.si\/en\/izdelek\/excel-grarecover-for-muscle-regeneration\/#primaryimage"},"thumbnailUrl":"https:\/\/tetraktis.si\/wp-content\/uploads\/2022\/04\/Excel-Gra-Recover.png","datePublished":"2022-04-27T13:57:16+00:00","dateModified":"2024-08-29T10:47:29+00:00","description":"EXCEL GraRecover support for fast recovery of the horse after training, contains a unique antioxidants, specially developed for muscle regen.","breadcrumb":{"@id":"https:\/\/tetraktis.si\/en\/izdelek\/excel-grarecover-for-muscle-regeneration\/#breadcrumb"},"inLanguage":"en-US","potentialAction":[{"@type":"ReadAction","target":["https:\/\/tetraktis.si\/en\/izdelek\/excel-grarecover-for-muscle-regeneration\/"]}]},{"@type":"ImageObject","inLanguage":"en-US","@id":"https:\/\/tetraktis.si\/en\/izdelek\/excel-grarecover-for-muscle-regeneration\/#primaryimage","url":"https:\/\/tetraktis.si\/wp-content\/uploads\/2022\/04\/Excel-Gra-Recover.png","contentUrl":"https:\/\/tetraktis.si\/wp-content\/uploads\/2022\/04\/Excel-Gra-Recover.png","width":800,"height":800,"caption":"Excel GraRecover"},{"@type":"BreadcrumbList","@id":"https:\/\/tetraktis.si\/en\/izdelek\/excel-grarecover-for-muscle-regeneration\/#breadcrumb","itemListElement":[{"@type":"ListItem","position":1,"name":"Shop","item":"https:\/\/tetraktis.si\/en\/shop-3\/"},{"@type":"ListItem","position":2,"name":"EXCEL GraRecover for muscle regeneration"}]},{"@type":"WebSite","@id":"https:\/\/tetraktis.si\/en\/#website","url":"https:\/\/tetraktis.si\/en\/","name":"Tetraktis- Equine America, Dorwest, Excel","description":"Samo najbolj\u0161e za va\u0161e \u017eivali","publisher":{"@id":"https:\/\/tetraktis.si\/en\/#organization"},"potentialAction":[{"@type":"SearchAction","target":{"@type":"EntryPoint","urlTemplate":"https:\/\/tetraktis.si\/en\/?s={search_term_string}"},"query-input":{"@type":"PropertyValueSpecification","valueRequired":true,"valueName":"search_term_string"}}],"inLanguage":"en-US"},{"@type":"Organization","@id":"https:\/\/tetraktis.si\/en\/#organization","name":"Tetraktis","url":"https:\/\/tetraktis.si\/en\/","logo":{"@type":"ImageObject","inLanguage":"en-US","@id":"https:\/\/tetraktis.si\/en\/#\/schema\/logo\/image\/","url":"https:\/\/tetraktis.si\/wp-content\/uploads\/2022\/06\/logo.webp","contentUrl":"https:\/\/tetraktis.si\/wp-content\/uploads\/2022\/06\/logo.webp","width":400,"height":211,"caption":"Tetraktis"},"image":{"@id":"https:\/\/tetraktis.si\/en\/#\/schema\/logo\/image\/"},"sameAs":["https:\/\/business.facebook.com\/equineamericashop\/?business_id=193323571192825","https:\/\/x.com\/TetraktisInfo","https:\/\/www.instagram.com\/tetraktisslovenija\/","https:\/\/www.youtube.com\/channel\/UCk_PdKMdtpZ4pf0RRFL1vYA"]}]}},"_links":{"self":[{"href":"https:\/\/tetraktis.si\/en\/wp-json\/wp\/v2\/product\/32510","targetHints":{"allow":["GET"]}}],"collection":[{"href":"https:\/\/tetraktis.si\/en\/wp-json\/wp\/v2\/product"}],"about":[{"href":"https:\/\/tetraktis.si\/en\/wp-json\/wp\/v2\/types\/product"}],"replies":[{"embeddable":true,"href":"https:\/\/tetraktis.si\/en\/wp-json\/wp\/v2\/comments?post=32510"}],"version-history":[{"count":1,"href":"https:\/\/tetraktis.si\/en\/wp-json\/wp\/v2\/product\/32510\/revisions"}],"predecessor-version":[{"id":37127,"href":"https:\/\/tetraktis.si\/en\/wp-json\/wp\/v2\/product\/32510\/revisions\/37127"}],"wp:featuredmedia":[{"embeddable":true,"href":"https:\/\/tetraktis.si\/en\/wp-json\/wp\/v2\/media\/24798"}],"wp:attachment":[{"href":"https:\/\/tetraktis.si\/en\/wp-json\/wp\/v2\/media?parent=32510"}],"wp:term":[{"taxonomy":"product_brand","embeddable":true,"href":"https:\/\/tetraktis.si\/en\/wp-json\/wp\/v2\/product_brand?post=32510"},{"taxonomy":"product_cat","embeddable":true,"href":"https:\/\/tetraktis.si\/en\/wp-json\/wp\/v2\/product_cat?post=32510"},{"taxonomy":"product_tag","embeddable":true,"href":"https:\/\/tetraktis.si\/en\/wp-json\/wp\/v2\/product_tag?post=32510"}],"curies":[{"name":"wp","href":"https:\/\/api.w.org\/{rel}","templated":true}]}}