{"id":32509,"date":"2022-04-27T15:57:16","date_gmt":"2022-04-27T13:57:16","guid":{"rendered":"https:\/\/cortaflex.si\/izdelek\/excel-vitaflav-maintains-the-respiratory-system-health\/"},"modified":"2024-07-29T12:42:49","modified_gmt":"2024-07-29T10:42:49","slug":"excel-vitaflav-maintains-the-respiratory-system-health","status":"publish","type":"product","link":"https:\/\/tetraktis.si\/en\/izdelek\/excel-vitaflav-maintains-the-respiratory-system-health\/","title":{"rendered":"Excel VitaFlav maintains the respiratory system health"},"content":{"rendered":"<p><b>Excel\u00a0<\/b><b>VitaFlav<\/b>\u00a0contains a unique formula with citrus bioflavonoids (including hesperidin) combined with vitamin C, which helps to maintain the respiratory system health.<\/p>\n<div class=\"et_pb_row_inner et_pb_row_inner_0_tb_body\">\n<div class=\"et_pb_column et_pb_column_4_4 et_pb_column_inner et_pb_column_inner_0_tb_body et-last-child\">\n<div class=\"et_pb_module et_pb_wc_description et_pb_wc_description_3_tb_body et_pb_bg_layout_light  et_pb_text_align_left\">\n<div class=\"et_pb_module_inner\">\n<p><strong>FOR RESPIRATORY SYSTEM<\/strong><\/p>\n<hr \/>\n<p><b>Excel\u00a0<\/b><b>VitaFlav<\/b>\u00a0is designed to support a horse\u2019s healthy lungs and circulatory system, which can be put under a lot of stress during exercise.<\/p>\n<p><u>Feeding instructions<\/u><\/p>\n<ul>\n<li>Loading rate: 60 g per day (2 scoops)<\/li>\n<li>Maintenance: 30 g per day (1 scoop)<\/li>\n<\/ul>\n<p><b>Excel\u00a0<\/b><b>VitaFlav<\/b>\u00a0is formulated without any doping substances, only with controlled natural ingredients.<\/p>\n<\/div>\n<\/div>\n<div id=\"a\u00f1adiralcarrito\" class=\"et_pb_module et_pb_text et_pb_text_0_tb_body  et_pb_text_align_left et_pb_bg_layout_light\">\n<p>Excel VitaFlav is designed to support the horse&#8217;s lungs and blood circulation, which can be exposed to great stress during exercise.<\/p>\n<p><strong>Feeding instructions:<\/strong><\/p>\n<p>For the average horse (500kg): first 7-10 days: 60g per day (2 scoops)<br \/>\nmaintenance: 30g per day (1 scoop) <strong>Max. per day 60g<\/strong>.<\/p>\n<p><strong>Ingredients<\/strong>: alfalfa powder, camelina oil, citrus extract.<br \/>\n<strong>Composition<\/strong>: Additives: L ascorbic acid (vitamin C), flavor enhancers. <strong>Analytical constituents<\/strong>: polyphenols (18,000 ppm), vitamin C (12,000 ppm), omega 3 (7%), crude protein (10%), crude oils and fats (20%), crude ash (17%), fiber (21%) ), sodium &amp; lt; 0.1%.<\/p>\n<p>Store in a cool, dry place. The net quantity, batch or lot reference number and expiry date (valid at least until the indicated date) are printed on the packaging. Distributor: Excel Supplements. Responsible for labeling in Slo: Tetraktis d.o.o. T: 041 817 036 www.tetraktis.si<\/p>\n<\/div>\n<\/div>\n<\/div>\n<div class=\"et_pb_row_inner et_pb_row_inner_1_tb_body\">\n<div class=\"et_pb_column et_pb_column_4_4 et_pb_column_inner et_pb_column_inner_1_tb_body et-last-child\">\n<div class=\"et_pb_module et_pb_text et_pb_text_1_tb_body  et_pb_text_align_left et_pb_bg_layout_light\">\n<div class=\"et_pb_text_inner\"><\/div>\n<\/div>\n<\/div>\n<\/div>\n","protected":false},"excerpt":{"rendered":"<p>Excel VitaFlav is designed to <strong>support the horse&#8217;s lungs and blood circulation<\/strong>, which can be exposed to great stress during exercise.<\/p>\n","protected":false},"featured_media":24805,"comment_status":"open","ping_status":"closed","template":"","meta":[],"product_brand":[328],"product_cat":[3313,3326,3331],"product_tag":[],"class_list":{"0":"post-32509","1":"product","2":"type-product","3":"status-publish","4":"has-post-thumbnail","6":"product_brand-excel-supplements","7":"product_cat-competition","8":"product_cat-products-onsale-horses","9":"product_cat-respiratory","12":"first","13":"outofstock","14":"taxable","15":"shipping-taxable","16":"purchasable","17":"product-type-simple"},"yoast_head":"<!-- This site is optimized with the Yoast SEO Premium plugin v20.10 (Yoast SEO v27.5) - https:\/\/yoast.com\/product\/yoast-seo-premium-wordpress\/ -->\n<title>Excel VitaFlav maintains the respiratory system health - Tetraktis- Equine America, Dorwest, Excel<\/title>\n<meta name=\"description\" content=\"Excel VitaFlav is designed to support the horse&#039;s lungs and blood circulation, which can be exposed to great stress during exercise.\" \/>\n<meta name=\"robots\" content=\"index, follow, max-snippet:-1, max-image-preview:large, max-video-preview:-1\" \/>\n<link rel=\"canonical\" href=\"https:\/\/tetraktis.si\/en\/izdelek\/excel-vitaflav-maintains-the-respiratory-system-health\/\" \/>\n<meta property=\"og:locale\" content=\"en_US\" \/>\n<meta property=\"og:type\" content=\"article\" \/>\n<meta property=\"og:title\" content=\"Excel VitaFlav maintains the respiratory system health - Tetraktis- Equine America, Dorwest, Excel\" \/>\n<meta property=\"og:description\" content=\"Excel VitaFlav is designed to support the horse&#039;s lungs and blood circulation, which can be exposed to great stress during exercise.\" \/>\n<meta property=\"og:url\" content=\"https:\/\/tetraktis.si\/en\/izdelek\/excel-vitaflav-maintains-the-respiratory-system-health\/\" \/>\n<meta property=\"og:site_name\" content=\"Tetraktis- Equine America, Dorwest, Excel\" \/>\n<meta property=\"article:publisher\" content=\"https:\/\/business.facebook.com\/equineamericashop\/?business_id=193323571192825\" \/>\n<meta property=\"article:modified_time\" content=\"2024-07-29T10:42:49+00:00\" \/>\n<meta property=\"og:image\" content=\"https:\/\/tetraktis.si\/wp-content\/uploads\/2022\/04\/excel-vitaflav.png\" \/>\n\t<meta property=\"og:image:width\" content=\"800\" \/>\n\t<meta property=\"og:image:height\" content=\"800\" \/>\n\t<meta property=\"og:image:type\" content=\"image\/png\" \/>\n<meta name=\"twitter:card\" content=\"summary_large_image\" \/>\n<meta name=\"twitter:site\" content=\"@TetraktisInfo\" \/>\n<meta name=\"twitter:label1\" content=\"Est. reading time\" \/>\n\t<meta name=\"twitter:data1\" content=\"1 minute\" \/>\n<script type=\"application\/ld+json\" class=\"yoast-schema-graph\">{\"@context\":\"https:\\\/\\\/schema.org\",\"@graph\":[{\"@type\":\"WebPage\",\"@id\":\"https:\\\/\\\/tetraktis.si\\\/en\\\/izdelek\\\/excel-vitaflav-maintains-the-respiratory-system-health\\\/\",\"url\":\"https:\\\/\\\/tetraktis.si\\\/en\\\/izdelek\\\/excel-vitaflav-maintains-the-respiratory-system-health\\\/\",\"name\":\"Excel VitaFlav maintains the respiratory system health - Tetraktis- Equine America, Dorwest, Excel\",\"isPartOf\":{\"@id\":\"https:\\\/\\\/tetraktis.si\\\/en\\\/#website\"},\"primaryImageOfPage\":{\"@id\":\"https:\\\/\\\/tetraktis.si\\\/en\\\/izdelek\\\/excel-vitaflav-maintains-the-respiratory-system-health\\\/#primaryimage\"},\"image\":{\"@id\":\"https:\\\/\\\/tetraktis.si\\\/en\\\/izdelek\\\/excel-vitaflav-maintains-the-respiratory-system-health\\\/#primaryimage\"},\"thumbnailUrl\":\"https:\\\/\\\/tetraktis.si\\\/wp-content\\\/uploads\\\/2022\\\/04\\\/excel-vitaflav.png\",\"datePublished\":\"2022-04-27T13:57:16+00:00\",\"dateModified\":\"2024-07-29T10:42:49+00:00\",\"description\":\"Excel VitaFlav is designed to support the horse's lungs and blood circulation, which can be exposed to great stress during exercise.\",\"breadcrumb\":{\"@id\":\"https:\\\/\\\/tetraktis.si\\\/en\\\/izdelek\\\/excel-vitaflav-maintains-the-respiratory-system-health\\\/#breadcrumb\"},\"inLanguage\":\"en-US\",\"potentialAction\":[{\"@type\":\"ReadAction\",\"target\":[\"https:\\\/\\\/tetraktis.si\\\/en\\\/izdelek\\\/excel-vitaflav-maintains-the-respiratory-system-health\\\/\"]}]},{\"@type\":\"ImageObject\",\"inLanguage\":\"en-US\",\"@id\":\"https:\\\/\\\/tetraktis.si\\\/en\\\/izdelek\\\/excel-vitaflav-maintains-the-respiratory-system-health\\\/#primaryimage\",\"url\":\"https:\\\/\\\/tetraktis.si\\\/wp-content\\\/uploads\\\/2022\\\/04\\\/excel-vitaflav.png\",\"contentUrl\":\"https:\\\/\\\/tetraktis.si\\\/wp-content\\\/uploads\\\/2022\\\/04\\\/excel-vitaflav.png\",\"width\":800,\"height\":800},{\"@type\":\"BreadcrumbList\",\"@id\":\"https:\\\/\\\/tetraktis.si\\\/en\\\/izdelek\\\/excel-vitaflav-maintains-the-respiratory-system-health\\\/#breadcrumb\",\"itemListElement\":[{\"@type\":\"ListItem\",\"position\":1,\"name\":\"Shop\",\"item\":\"https:\\\/\\\/tetraktis.si\\\/en\\\/shop-3\\\/\"},{\"@type\":\"ListItem\",\"position\":2,\"name\":\"Excel VitaFlav maintains the respiratory system health\"}]},{\"@type\":\"WebSite\",\"@id\":\"https:\\\/\\\/tetraktis.si\\\/en\\\/#website\",\"url\":\"https:\\\/\\\/tetraktis.si\\\/en\\\/\",\"name\":\"Tetraktis- Equine America, Dorwest, Excel\",\"description\":\"Samo najbolj\u0161e za va\u0161e \u017eivali\",\"publisher\":{\"@id\":\"https:\\\/\\\/tetraktis.si\\\/en\\\/#organization\"},\"potentialAction\":[{\"@type\":\"SearchAction\",\"target\":{\"@type\":\"EntryPoint\",\"urlTemplate\":\"https:\\\/\\\/tetraktis.si\\\/en\\\/?s={search_term_string}\"},\"query-input\":{\"@type\":\"PropertyValueSpecification\",\"valueRequired\":true,\"valueName\":\"search_term_string\"}}],\"inLanguage\":\"en-US\"},{\"@type\":\"Organization\",\"@id\":\"https:\\\/\\\/tetraktis.si\\\/en\\\/#organization\",\"name\":\"Tetraktis\",\"url\":\"https:\\\/\\\/tetraktis.si\\\/en\\\/\",\"logo\":{\"@type\":\"ImageObject\",\"inLanguage\":\"en-US\",\"@id\":\"https:\\\/\\\/tetraktis.si\\\/en\\\/#\\\/schema\\\/logo\\\/image\\\/\",\"url\":\"https:\\\/\\\/tetraktis.si\\\/wp-content\\\/uploads\\\/2022\\\/06\\\/logo.webp\",\"contentUrl\":\"https:\\\/\\\/tetraktis.si\\\/wp-content\\\/uploads\\\/2022\\\/06\\\/logo.webp\",\"width\":400,\"height\":211,\"caption\":\"Tetraktis\"},\"image\":{\"@id\":\"https:\\\/\\\/tetraktis.si\\\/en\\\/#\\\/schema\\\/logo\\\/image\\\/\"},\"sameAs\":[\"https:\\\/\\\/business.facebook.com\\\/equineamericashop\\\/?business_id=193323571192825\",\"https:\\\/\\\/x.com\\\/TetraktisInfo\",\"https:\\\/\\\/www.instagram.com\\\/tetraktisslovenija\\\/\",\"https:\\\/\\\/www.youtube.com\\\/channel\\\/UCk_PdKMdtpZ4pf0RRFL1vYA\"]}]}<\/script>\n<!-- \/ Yoast SEO Premium plugin. -->","yoast_head_json":{"title":"Excel VitaFlav maintains the respiratory system health - Tetraktis- Equine America, Dorwest, Excel","description":"Excel VitaFlav is designed to support the horse's lungs and blood circulation, which can be exposed to great stress during exercise.","robots":{"index":"index","follow":"follow","max-snippet":"max-snippet:-1","max-image-preview":"max-image-preview:large","max-video-preview":"max-video-preview:-1"},"canonical":"https:\/\/tetraktis.si\/en\/izdelek\/excel-vitaflav-maintains-the-respiratory-system-health\/","og_locale":"en_US","og_type":"article","og_title":"Excel VitaFlav maintains the respiratory system health - Tetraktis- Equine America, Dorwest, Excel","og_description":"Excel VitaFlav is designed to support the horse's lungs and blood circulation, which can be exposed to great stress during exercise.","og_url":"https:\/\/tetraktis.si\/en\/izdelek\/excel-vitaflav-maintains-the-respiratory-system-health\/","og_site_name":"Tetraktis- Equine America, Dorwest, Excel","article_publisher":"https:\/\/business.facebook.com\/equineamericashop\/?business_id=193323571192825","article_modified_time":"2024-07-29T10:42:49+00:00","og_image":[{"width":800,"height":800,"url":"https:\/\/tetraktis.si\/wp-content\/uploads\/2022\/04\/excel-vitaflav.png","type":"image\/png"}],"twitter_card":"summary_large_image","twitter_site":"@TetraktisInfo","twitter_misc":{"Est. reading time":"1 minute"},"schema":{"@context":"https:\/\/schema.org","@graph":[{"@type":"WebPage","@id":"https:\/\/tetraktis.si\/en\/izdelek\/excel-vitaflav-maintains-the-respiratory-system-health\/","url":"https:\/\/tetraktis.si\/en\/izdelek\/excel-vitaflav-maintains-the-respiratory-system-health\/","name":"Excel VitaFlav maintains the respiratory system health - Tetraktis- Equine America, Dorwest, Excel","isPartOf":{"@id":"https:\/\/tetraktis.si\/en\/#website"},"primaryImageOfPage":{"@id":"https:\/\/tetraktis.si\/en\/izdelek\/excel-vitaflav-maintains-the-respiratory-system-health\/#primaryimage"},"image":{"@id":"https:\/\/tetraktis.si\/en\/izdelek\/excel-vitaflav-maintains-the-respiratory-system-health\/#primaryimage"},"thumbnailUrl":"https:\/\/tetraktis.si\/wp-content\/uploads\/2022\/04\/excel-vitaflav.png","datePublished":"2022-04-27T13:57:16+00:00","dateModified":"2024-07-29T10:42:49+00:00","description":"Excel VitaFlav is designed to support the horse's lungs and blood circulation, which can be exposed to great stress during exercise.","breadcrumb":{"@id":"https:\/\/tetraktis.si\/en\/izdelek\/excel-vitaflav-maintains-the-respiratory-system-health\/#breadcrumb"},"inLanguage":"en-US","potentialAction":[{"@type":"ReadAction","target":["https:\/\/tetraktis.si\/en\/izdelek\/excel-vitaflav-maintains-the-respiratory-system-health\/"]}]},{"@type":"ImageObject","inLanguage":"en-US","@id":"https:\/\/tetraktis.si\/en\/izdelek\/excel-vitaflav-maintains-the-respiratory-system-health\/#primaryimage","url":"https:\/\/tetraktis.si\/wp-content\/uploads\/2022\/04\/excel-vitaflav.png","contentUrl":"https:\/\/tetraktis.si\/wp-content\/uploads\/2022\/04\/excel-vitaflav.png","width":800,"height":800},{"@type":"BreadcrumbList","@id":"https:\/\/tetraktis.si\/en\/izdelek\/excel-vitaflav-maintains-the-respiratory-system-health\/#breadcrumb","itemListElement":[{"@type":"ListItem","position":1,"name":"Shop","item":"https:\/\/tetraktis.si\/en\/shop-3\/"},{"@type":"ListItem","position":2,"name":"Excel VitaFlav maintains the respiratory system health"}]},{"@type":"WebSite","@id":"https:\/\/tetraktis.si\/en\/#website","url":"https:\/\/tetraktis.si\/en\/","name":"Tetraktis- Equine America, Dorwest, Excel","description":"Samo najbolj\u0161e za va\u0161e \u017eivali","publisher":{"@id":"https:\/\/tetraktis.si\/en\/#organization"},"potentialAction":[{"@type":"SearchAction","target":{"@type":"EntryPoint","urlTemplate":"https:\/\/tetraktis.si\/en\/?s={search_term_string}"},"query-input":{"@type":"PropertyValueSpecification","valueRequired":true,"valueName":"search_term_string"}}],"inLanguage":"en-US"},{"@type":"Organization","@id":"https:\/\/tetraktis.si\/en\/#organization","name":"Tetraktis","url":"https:\/\/tetraktis.si\/en\/","logo":{"@type":"ImageObject","inLanguage":"en-US","@id":"https:\/\/tetraktis.si\/en\/#\/schema\/logo\/image\/","url":"https:\/\/tetraktis.si\/wp-content\/uploads\/2022\/06\/logo.webp","contentUrl":"https:\/\/tetraktis.si\/wp-content\/uploads\/2022\/06\/logo.webp","width":400,"height":211,"caption":"Tetraktis"},"image":{"@id":"https:\/\/tetraktis.si\/en\/#\/schema\/logo\/image\/"},"sameAs":["https:\/\/business.facebook.com\/equineamericashop\/?business_id=193323571192825","https:\/\/x.com\/TetraktisInfo","https:\/\/www.instagram.com\/tetraktisslovenija\/","https:\/\/www.youtube.com\/channel\/UCk_PdKMdtpZ4pf0RRFL1vYA"]}]}},"_links":{"self":[{"href":"https:\/\/tetraktis.si\/en\/wp-json\/wp\/v2\/product\/32509","targetHints":{"allow":["GET"]}}],"collection":[{"href":"https:\/\/tetraktis.si\/en\/wp-json\/wp\/v2\/product"}],"about":[{"href":"https:\/\/tetraktis.si\/en\/wp-json\/wp\/v2\/types\/product"}],"replies":[{"embeddable":true,"href":"https:\/\/tetraktis.si\/en\/wp-json\/wp\/v2\/comments?post=32509"}],"version-history":[{"count":1,"href":"https:\/\/tetraktis.si\/en\/wp-json\/wp\/v2\/product\/32509\/revisions"}],"predecessor-version":[{"id":37126,"href":"https:\/\/tetraktis.si\/en\/wp-json\/wp\/v2\/product\/32509\/revisions\/37126"}],"wp:featuredmedia":[{"embeddable":true,"href":"https:\/\/tetraktis.si\/en\/wp-json\/wp\/v2\/media\/24805"}],"wp:attachment":[{"href":"https:\/\/tetraktis.si\/en\/wp-json\/wp\/v2\/media?parent=32509"}],"wp:term":[{"taxonomy":"product_brand","embeddable":true,"href":"https:\/\/tetraktis.si\/en\/wp-json\/wp\/v2\/product_brand?post=32509"},{"taxonomy":"product_cat","embeddable":true,"href":"https:\/\/tetraktis.si\/en\/wp-json\/wp\/v2\/product_cat?post=32509"},{"taxonomy":"product_tag","embeddable":true,"href":"https:\/\/tetraktis.si\/en\/wp-json\/wp\/v2\/product_tag?post=32509"}],"curies":[{"name":"wp","href":"https:\/\/api.w.org\/{rel}","templated":true}]}}