{"id":32506,"date":"2022-04-27T15:57:16","date_gmt":"2022-04-27T13:57:16","guid":{"rendered":"https:\/\/cortaflex.si\/izdelek\/for-racehorses-excel-proelite-oil-regeneration\/"},"modified":"2026-02-03T16:04:51","modified_gmt":"2026-02-03T15:04:51","slug":"for-racehorses-excel-proelite-oil-regeneration","status":"publish","type":"product","link":"https:\/\/tetraktis.si\/en\/izdelek\/for-racehorses-excel-proelite-oil-regeneration\/","title":{"rendered":"For racehorses Excel ProElite oil (regeneration)"},"content":{"rendered":"<h1>For racehorses Excel ProElite camelina oil<\/h1>\n<p>For racehorses, Excel ProElite with camelina oil offers natural antioxidants and an incomparable balance of omega-3, omega-6 and plant omega-9 for superior performance and rapid recovery (regeneration) of horses.<\/p>\n<p>ProElite \u2122 consists of a quality and tested blend of Camelina sativa seed oil (common fennel or wild flax) and Excel Cam additives, an exclusive ingredient of CamOlive.<\/p>\n<p>It also contains vitamin E, which helps improve performance and recovery, making it your best choice to supplement your horse\u2019s health.<\/p>\n<p>Excel ProElite contains the optimal combination of key nutrients from <strong>cold-pressed vegetable oils<\/strong> that provide a unique balance of omega 3, 6 and 9 fatty acids and vitamin E.<\/p>\n<p>Excel ProElite for racehorses is designed to increase their performance<br \/>\nOmega-3 and triterpene olives, found in large quantities, help increase horse performance.<\/p>\n<p>The Excel ProElite nutritional supplement focuses on supporting a strong immune system, healthy joints, shiny fur, and good intestinal and cardiovascular health.<\/p>\n<p>Excel ProElite:<br \/>\n&#8211; 100% camelina oil and olive oil extracts, with a high content of olive triterpene (2000 &#8211; 2500 ppm).<\/p>\n<h3>What are triterpenes?<\/h3>\n<p>Triterpenes are natural <strong>antioxidants<\/strong> that are used primarily in diseased horses and replace steroid hormones such as cortisone.<br \/>\nExcel ProElite focuses on its anti-inflammatory properties, increases muscle mobility and development, and thus fights the aging process.<\/p>\n<p>Excel ProElite formulas do not contain doping substances, the formula contains only pure ingredients of controlled origin<br \/>\nProElite uses natural antioxidants (vitamin E) and a balance of plant omega-3, omega-6 and omega-9 from our two exclusive main ingredients, Camelina sativa and CamOlive.<\/p>\n<p>The combination of these two ingredients works on:<\/p>\n<ul>\n<li>Increased joint mobility<\/li>\n<li>Muscle development<\/li>\n<li>Healthy skin and shiny hair<\/li>\n<li>Help with ulcers on the hind and foregut<\/li>\n<\/ul>\n<p>Many Excel customers have switched to Excel ProElite for racehorses replacing several different dietary supplements because it is also easier to feed! Now you only have 1 feeding product \ud83d\ude42<\/p>\n<p>With only 30 &#8211; 60 ml per day, your horse will get all the benefits without any problems with more supplements.<\/p>\n<p>ExcelEQ ProElite \u2122 oil is also recommended for:<\/p>\n<ul>\n<li>older horses that need extra support for the joints,<\/li>\n<li>horses with Cushing&#8217;s syndrome or a horse prone to PSSM,<\/li>\n<li>rehabilitation horses recovering from injuries,<\/li>\n<li>horses struggling with stomach ulcers and ulcers<\/li>\n<\/ul>\n<h3>Flaxseed oil &#8211; camellna oil &#8211; is there a difference?<\/h3>\n<p>Contrary to popular belief, flax and common flax (wild flax) are two completely different plants.<\/p>\n<p>Flax belongs to the flaxseed family. Well-known flax seeds are obtained from the flax plant. Flaxseed oil is produced by squeezing the seeds.<\/p>\n<p>Common camelina or toter (Camelina sativa) or wild flax, also known as camelina seed or yolk, belongs to a family of hybrids such as mustard.<br \/>\nCamellia oil contains a high proportion of omega-6 (about 18% linoleic acid) and especially omega-3 fatty acids (about 38% alpha-linolenic acid).<\/p>\n<p>These essential fatty acids need to be obtained through external intake because the body cannot produce them on its own. Camelina oil also contains a lot of vitamin E.<\/p>\n<h2>Why Excel ProElite for racehorses?<\/h2>\n<p>All-natural vegetable oil, without the addition of fish oil (Hm, since when do horses fish?), with natural vitamin E, no sugar, no preservatives and additives.<br \/>\nThe manufacturer Excel has been researching and developing products specifically for horses and dogs for more than 15 years.<br \/>\nExcel ProElite is one of the highest quality products on the market, with an ideal ratio (4: 1) of Omega 3 and Omega 6 fatty acids.<\/p>\n<p>Omega 3 fatty acids help the body produce and release anti-inflammatory substances. These substances help the body fight inflammatory processes in the joints, blood circulation and connective tissue.<\/p>\n<p>Excel ProElite also contains a large proportion of natural vitamin E; a vitamin that a horse cannot produce on its own, but is extremely important to its health.<\/p>\n<p><strong>Vitamin E<\/strong> is the most important building block for the protection of individual body cells. It penetrates incomparably into the spinal canal, brain, liver, eyes, heart, skin and joints.<\/p>\n<p><strong>Feeding instructions:<\/strong><br \/>\nAverage horses (500kg): 60ml \/ day (or 2x30ml \/ day);<\/p>\n<p>Pony and foal: 30ml \/ day. <strong>Max. per day 150ml.<\/strong><\/p>\n<p>Ingredients: virgin camelina oil enriched with bioactive olive compounds. Analytical constituents: crude protein 0%, crude oil and fat 100%, sodium 0%, crude fiber 0%, crude ash 0%, Omega 3 (30%), Omega 6 (15%), Omega 9 (40%), vitamin E (700 ppm), Camelina Polyphenois (100ppm).<\/p>\n<p>Store in a cool, dry place. The net quantity, batch or lot reference number and expiry date (valid at least until the indicated date) are printed on the packaging.<br \/>\nMade in Spain, Excel Supplements. Responsible for labeling in Slo: Tetraktis d.o.o.<br \/>\nT: 041 817 036 www.tetraktis.si<\/p>\n","protected":false},"excerpt":{"rendered":"<p>An ideal 4: 1 ratio of Omega 3 and Omega 6 fatty acids that <strong>help the body<\/strong> fight inflammatory processes in the joints, blood circulation and connective tissue.<\/p>\n<p>It also contains a large proportion of natural vitamin E for faster regeneration of the body.<\/p>\n","protected":false},"featured_media":24771,"comment_status":"open","ping_status":"closed","template":"","meta":[],"product_brand":[328],"product_cat":[3312,3313,3317,3326,3314,3784,3316,3315],"product_tag":[],"class_list":{"0":"post-32506","1":"product","2":"type-product","3":"status-publish","4":"has-post-thumbnail","6":"product_brand-excel-supplements","7":"product_cat-bones-muscles","8":"product_cat-competition","9":"product_cat-digestive","10":"product_cat-products-onsale-horses","11":"product_cat-mobility-joints","12":"product_cat-oils-for-horses","13":"product_cat-vitamins-minerals","14":"product_cat-wellbeing","17":"first","18":"instock","19":"taxable","20":"shipping-taxable","21":"purchasable","22":"product-type-variable","23":"has-default-attributes"},"yoast_head":"<!-- This site is optimized with the Yoast SEO Premium plugin v20.10 (Yoast SEO v27.3) - https:\/\/yoast.com\/product\/yoast-seo-premium-wordpress\/ -->\n<title>For racehorses Excel ProElite oil (regeneration) - for quick regeneration<\/title>\n<meta name=\"description\" content=\"For racehorses, Excel ProElite offers strong support to the immune system, joints, hair, and good intestinal and cardiovascular health.\" \/>\n<meta name=\"robots\" content=\"index, follow, max-snippet:-1, max-image-preview:large, max-video-preview:-1\" \/>\n<link rel=\"canonical\" href=\"https:\/\/tetraktis.si\/en\/izdelek\/for-racehorses-excel-proelite-oil-regeneration\/\" \/>\n<meta property=\"og:locale\" content=\"en_US\" \/>\n<meta property=\"og:type\" content=\"article\" \/>\n<meta property=\"og:title\" content=\"For racehorses Excel ProElite oil (regeneration) - for quick regeneration\" \/>\n<meta property=\"og:description\" content=\"For racehorses, Excel ProElite offers strong support to the immune system, joints, hair, and good intestinal and cardiovascular health.\" \/>\n<meta property=\"og:url\" content=\"https:\/\/tetraktis.si\/en\/izdelek\/for-racehorses-excel-proelite-oil-regeneration\/\" \/>\n<meta property=\"og:site_name\" content=\"Tetraktis- Equine America, Dorwest, Excel\" \/>\n<meta property=\"article:publisher\" content=\"https:\/\/business.facebook.com\/equineamericashop\/?business_id=193323571192825\" \/>\n<meta property=\"article:modified_time\" content=\"2026-02-03T15:04:51+00:00\" \/>\n<meta property=\"og:image\" content=\"https:\/\/tetraktis.si\/wp-content\/uploads\/2022\/04\/ProElite-kamelino-ulje.png\" \/>\n\t<meta property=\"og:image:width\" content=\"800\" \/>\n\t<meta property=\"og:image:height\" content=\"800\" \/>\n\t<meta property=\"og:image:type\" content=\"image\/png\" \/>\n<meta name=\"twitter:card\" content=\"summary_large_image\" \/>\n<meta name=\"twitter:site\" content=\"@TetraktisInfo\" \/>\n<meta name=\"twitter:label1\" content=\"Est. reading time\" \/>\n\t<meta name=\"twitter:data1\" content=\"4 minutes\" \/>\n<script type=\"application\/ld+json\" class=\"yoast-schema-graph\">{\"@context\":\"https:\\\/\\\/schema.org\",\"@graph\":[{\"@type\":\"WebPage\",\"@id\":\"https:\\\/\\\/tetraktis.si\\\/en\\\/izdelek\\\/for-racehorses-excel-proelite-oil-regeneration\\\/\",\"url\":\"https:\\\/\\\/tetraktis.si\\\/en\\\/izdelek\\\/for-racehorses-excel-proelite-oil-regeneration\\\/\",\"name\":\"For racehorses Excel ProElite oil (regeneration) - for quick regeneration\",\"isPartOf\":{\"@id\":\"https:\\\/\\\/tetraktis.si\\\/en\\\/#website\"},\"primaryImageOfPage\":{\"@id\":\"https:\\\/\\\/tetraktis.si\\\/en\\\/izdelek\\\/for-racehorses-excel-proelite-oil-regeneration\\\/#primaryimage\"},\"image\":{\"@id\":\"https:\\\/\\\/tetraktis.si\\\/en\\\/izdelek\\\/for-racehorses-excel-proelite-oil-regeneration\\\/#primaryimage\"},\"thumbnailUrl\":\"https:\\\/\\\/tetraktis.si\\\/wp-content\\\/uploads\\\/2022\\\/04\\\/ProElite-kamelino-ulje.png\",\"datePublished\":\"2022-04-27T13:57:16+00:00\",\"dateModified\":\"2026-02-03T15:04:51+00:00\",\"description\":\"For racehorses, Excel ProElite offers strong support to the immune system, joints, hair, and good intestinal and cardiovascular health.\",\"breadcrumb\":{\"@id\":\"https:\\\/\\\/tetraktis.si\\\/en\\\/izdelek\\\/for-racehorses-excel-proelite-oil-regeneration\\\/#breadcrumb\"},\"inLanguage\":\"en-US\",\"potentialAction\":[{\"@type\":\"ReadAction\",\"target\":[\"https:\\\/\\\/tetraktis.si\\\/en\\\/izdelek\\\/for-racehorses-excel-proelite-oil-regeneration\\\/\"]}]},{\"@type\":\"ImageObject\",\"inLanguage\":\"en-US\",\"@id\":\"https:\\\/\\\/tetraktis.si\\\/en\\\/izdelek\\\/for-racehorses-excel-proelite-oil-regeneration\\\/#primaryimage\",\"url\":\"https:\\\/\\\/tetraktis.si\\\/wp-content\\\/uploads\\\/2022\\\/04\\\/ProElite-kamelino-ulje.png\",\"contentUrl\":\"https:\\\/\\\/tetraktis.si\\\/wp-content\\\/uploads\\\/2022\\\/04\\\/ProElite-kamelino-ulje.png\",\"width\":800,\"height\":800,\"caption\":\"za tekmovalne konje\"},{\"@type\":\"BreadcrumbList\",\"@id\":\"https:\\\/\\\/tetraktis.si\\\/en\\\/izdelek\\\/for-racehorses-excel-proelite-oil-regeneration\\\/#breadcrumb\",\"itemListElement\":[{\"@type\":\"ListItem\",\"position\":1,\"name\":\"Shop\",\"item\":\"https:\\\/\\\/tetraktis.si\\\/en\\\/shop-3\\\/\"},{\"@type\":\"ListItem\",\"position\":2,\"name\":\"For racehorses Excel ProElite oil (regeneration)\"}]},{\"@type\":\"WebSite\",\"@id\":\"https:\\\/\\\/tetraktis.si\\\/en\\\/#website\",\"url\":\"https:\\\/\\\/tetraktis.si\\\/en\\\/\",\"name\":\"Tetraktis- Equine America, Dorwest, Excel\",\"description\":\"Samo najbolj\u0161e za va\u0161e \u017eivali\",\"publisher\":{\"@id\":\"https:\\\/\\\/tetraktis.si\\\/en\\\/#organization\"},\"potentialAction\":[{\"@type\":\"SearchAction\",\"target\":{\"@type\":\"EntryPoint\",\"urlTemplate\":\"https:\\\/\\\/tetraktis.si\\\/en\\\/?s={search_term_string}\"},\"query-input\":{\"@type\":\"PropertyValueSpecification\",\"valueRequired\":true,\"valueName\":\"search_term_string\"}}],\"inLanguage\":\"en-US\"},{\"@type\":\"Organization\",\"@id\":\"https:\\\/\\\/tetraktis.si\\\/en\\\/#organization\",\"name\":\"Tetraktis\",\"url\":\"https:\\\/\\\/tetraktis.si\\\/en\\\/\",\"logo\":{\"@type\":\"ImageObject\",\"inLanguage\":\"en-US\",\"@id\":\"https:\\\/\\\/tetraktis.si\\\/en\\\/#\\\/schema\\\/logo\\\/image\\\/\",\"url\":\"https:\\\/\\\/tetraktis.si\\\/wp-content\\\/uploads\\\/2022\\\/06\\\/logo.webp\",\"contentUrl\":\"https:\\\/\\\/tetraktis.si\\\/wp-content\\\/uploads\\\/2022\\\/06\\\/logo.webp\",\"width\":400,\"height\":211,\"caption\":\"Tetraktis\"},\"image\":{\"@id\":\"https:\\\/\\\/tetraktis.si\\\/en\\\/#\\\/schema\\\/logo\\\/image\\\/\"},\"sameAs\":[\"https:\\\/\\\/business.facebook.com\\\/equineamericashop\\\/?business_id=193323571192825\",\"https:\\\/\\\/x.com\\\/TetraktisInfo\",\"https:\\\/\\\/www.instagram.com\\\/tetraktisslovenija\\\/\",\"https:\\\/\\\/www.youtube.com\\\/channel\\\/UCk_PdKMdtpZ4pf0RRFL1vYA\"]}]}<\/script>\n<!-- \/ Yoast SEO Premium plugin. -->","yoast_head_json":{"title":"For racehorses Excel ProElite oil (regeneration) - for quick regeneration","description":"For racehorses, Excel ProElite offers strong support to the immune system, joints, hair, and good intestinal and cardiovascular health.","robots":{"index":"index","follow":"follow","max-snippet":"max-snippet:-1","max-image-preview":"max-image-preview:large","max-video-preview":"max-video-preview:-1"},"canonical":"https:\/\/tetraktis.si\/en\/izdelek\/for-racehorses-excel-proelite-oil-regeneration\/","og_locale":"en_US","og_type":"article","og_title":"For racehorses Excel ProElite oil (regeneration) - for quick regeneration","og_description":"For racehorses, Excel ProElite offers strong support to the immune system, joints, hair, and good intestinal and cardiovascular health.","og_url":"https:\/\/tetraktis.si\/en\/izdelek\/for-racehorses-excel-proelite-oil-regeneration\/","og_site_name":"Tetraktis- Equine America, Dorwest, Excel","article_publisher":"https:\/\/business.facebook.com\/equineamericashop\/?business_id=193323571192825","article_modified_time":"2026-02-03T15:04:51+00:00","og_image":[{"width":800,"height":800,"url":"https:\/\/tetraktis.si\/wp-content\/uploads\/2022\/04\/ProElite-kamelino-ulje.png","type":"image\/png"}],"twitter_card":"summary_large_image","twitter_site":"@TetraktisInfo","twitter_misc":{"Est. reading time":"4 minutes"},"schema":{"@context":"https:\/\/schema.org","@graph":[{"@type":"WebPage","@id":"https:\/\/tetraktis.si\/en\/izdelek\/for-racehorses-excel-proelite-oil-regeneration\/","url":"https:\/\/tetraktis.si\/en\/izdelek\/for-racehorses-excel-proelite-oil-regeneration\/","name":"For racehorses Excel ProElite oil (regeneration) - for quick regeneration","isPartOf":{"@id":"https:\/\/tetraktis.si\/en\/#website"},"primaryImageOfPage":{"@id":"https:\/\/tetraktis.si\/en\/izdelek\/for-racehorses-excel-proelite-oil-regeneration\/#primaryimage"},"image":{"@id":"https:\/\/tetraktis.si\/en\/izdelek\/for-racehorses-excel-proelite-oil-regeneration\/#primaryimage"},"thumbnailUrl":"https:\/\/tetraktis.si\/wp-content\/uploads\/2022\/04\/ProElite-kamelino-ulje.png","datePublished":"2022-04-27T13:57:16+00:00","dateModified":"2026-02-03T15:04:51+00:00","description":"For racehorses, Excel ProElite offers strong support to the immune system, joints, hair, and good intestinal and cardiovascular health.","breadcrumb":{"@id":"https:\/\/tetraktis.si\/en\/izdelek\/for-racehorses-excel-proelite-oil-regeneration\/#breadcrumb"},"inLanguage":"en-US","potentialAction":[{"@type":"ReadAction","target":["https:\/\/tetraktis.si\/en\/izdelek\/for-racehorses-excel-proelite-oil-regeneration\/"]}]},{"@type":"ImageObject","inLanguage":"en-US","@id":"https:\/\/tetraktis.si\/en\/izdelek\/for-racehorses-excel-proelite-oil-regeneration\/#primaryimage","url":"https:\/\/tetraktis.si\/wp-content\/uploads\/2022\/04\/ProElite-kamelino-ulje.png","contentUrl":"https:\/\/tetraktis.si\/wp-content\/uploads\/2022\/04\/ProElite-kamelino-ulje.png","width":800,"height":800,"caption":"za tekmovalne konje"},{"@type":"BreadcrumbList","@id":"https:\/\/tetraktis.si\/en\/izdelek\/for-racehorses-excel-proelite-oil-regeneration\/#breadcrumb","itemListElement":[{"@type":"ListItem","position":1,"name":"Shop","item":"https:\/\/tetraktis.si\/en\/shop-3\/"},{"@type":"ListItem","position":2,"name":"For racehorses Excel ProElite oil (regeneration)"}]},{"@type":"WebSite","@id":"https:\/\/tetraktis.si\/en\/#website","url":"https:\/\/tetraktis.si\/en\/","name":"Tetraktis- Equine America, Dorwest, Excel","description":"Samo najbolj\u0161e za va\u0161e \u017eivali","publisher":{"@id":"https:\/\/tetraktis.si\/en\/#organization"},"potentialAction":[{"@type":"SearchAction","target":{"@type":"EntryPoint","urlTemplate":"https:\/\/tetraktis.si\/en\/?s={search_term_string}"},"query-input":{"@type":"PropertyValueSpecification","valueRequired":true,"valueName":"search_term_string"}}],"inLanguage":"en-US"},{"@type":"Organization","@id":"https:\/\/tetraktis.si\/en\/#organization","name":"Tetraktis","url":"https:\/\/tetraktis.si\/en\/","logo":{"@type":"ImageObject","inLanguage":"en-US","@id":"https:\/\/tetraktis.si\/en\/#\/schema\/logo\/image\/","url":"https:\/\/tetraktis.si\/wp-content\/uploads\/2022\/06\/logo.webp","contentUrl":"https:\/\/tetraktis.si\/wp-content\/uploads\/2022\/06\/logo.webp","width":400,"height":211,"caption":"Tetraktis"},"image":{"@id":"https:\/\/tetraktis.si\/en\/#\/schema\/logo\/image\/"},"sameAs":["https:\/\/business.facebook.com\/equineamericashop\/?business_id=193323571192825","https:\/\/x.com\/TetraktisInfo","https:\/\/www.instagram.com\/tetraktisslovenija\/","https:\/\/www.youtube.com\/channel\/UCk_PdKMdtpZ4pf0RRFL1vYA"]}]}},"_links":{"self":[{"href":"https:\/\/tetraktis.si\/en\/wp-json\/wp\/v2\/product\/32506","targetHints":{"allow":["GET"]}}],"collection":[{"href":"https:\/\/tetraktis.si\/en\/wp-json\/wp\/v2\/product"}],"about":[{"href":"https:\/\/tetraktis.si\/en\/wp-json\/wp\/v2\/types\/product"}],"replies":[{"embeddable":true,"href":"https:\/\/tetraktis.si\/en\/wp-json\/wp\/v2\/comments?post=32506"}],"version-history":[{"count":1,"href":"https:\/\/tetraktis.si\/en\/wp-json\/wp\/v2\/product\/32506\/revisions"}],"predecessor-version":[{"id":37125,"href":"https:\/\/tetraktis.si\/en\/wp-json\/wp\/v2\/product\/32506\/revisions\/37125"}],"wp:featuredmedia":[{"embeddable":true,"href":"https:\/\/tetraktis.si\/en\/wp-json\/wp\/v2\/media\/24771"}],"wp:attachment":[{"href":"https:\/\/tetraktis.si\/en\/wp-json\/wp\/v2\/media?parent=32506"}],"wp:term":[{"taxonomy":"product_brand","embeddable":true,"href":"https:\/\/tetraktis.si\/en\/wp-json\/wp\/v2\/product_brand?post=32506"},{"taxonomy":"product_cat","embeddable":true,"href":"https:\/\/tetraktis.si\/en\/wp-json\/wp\/v2\/product_cat?post=32506"},{"taxonomy":"product_tag","embeddable":true,"href":"https:\/\/tetraktis.si\/en\/wp-json\/wp\/v2\/product_tag?post=32506"}],"curies":[{"name":"wp","href":"https:\/\/api.w.org\/{rel}","templated":true}]}}