{"id":32503,"date":"2022-04-27T15:57:16","date_gmt":"2022-04-27T13:57:16","guid":{"rendered":"https:\/\/cortaflex.si\/izdelek\/excel-eq-with-camelina-oil-for-older-horses\/"},"modified":"2023-03-28T09:00:28","modified_gmt":"2023-03-28T07:00:28","slug":"excel-eq-with-camelina-oil-for-older-horses","status":"publish","type":"product","link":"https:\/\/tetraktis.si\/en\/izdelek\/excel-eq-with-camelina-oil-for-older-horses\/","title":{"rendered":"Excel EQ with camelina oil for older horses"},"content":{"rendered":"<h1>Excel EQ with camelina oil for older horses<\/h1>\n<p>Excel EQ with camelina oil for older horses will offer a unique ratio of omega 3-6-9 fatty acids that supports joint mobility, heart health, the immune system, shiny hair and tale, and regulates digestion.<\/p>\n<p>Excel EQ contains an optimal combination of key nutrients from cold-pressed, vegetable, castor oils, which provides a unique balance of omega fatty acids, vitamin E and polyphenols, which are powerful antioxidants.<\/p>\n<p>Omega-3 and omega-6 fatty acids have been shown to have a positive effect on the cell membrane&#8217;s response to trauma and infection, and to reduce inflammation.<\/p>\n<p>Recent research on horses has even shown that fatty acids can help regulate insulin sensitivity. Camelina oil is also a rich source of natural mixed tocopherols, a family of vitamin E compounds. A wide range of vitamin E compounds can reduce muscle aches after exercise.<\/p>\n<p>Excel EQ Camelina oil, in addition to being a great support for older horses, of course also offers support to horses during hard work in training and competitions, and also promotes the health of their skin and mane, so that your horse can look great when working hard!<\/p>\n<h3>Excel EQ \u2122 has a positive effect on your horse:<\/h3>\n<ul>\n<li>gastrointestinal health (ulcers),<\/li>\n<li>mobility of joints,<\/li>\n<li>has an anti-inflammatory effect on the skin (local and internal),<\/li>\n<li>faster wound healing,<\/li>\n<li>fertility,<\/li>\n<li>immune system,<\/li>\n<li>joint health,<\/li>\n<li>shiny and healthy mane,<\/li>\n<li>lung health<\/li>\n<li>acts as a repellent for flies (especially around the eyes),<\/li>\n<li>prevents the occurrence of pulmonary hemorrhage during intense exercise (increasing the flexibility of red blood cells, reducing the possibility of bleeding during strenuous exercise,<\/li>\n<li>help your horse to always feel, behave and look great!<\/li>\n<\/ul>\n<p>Treat your horse with a completely natural supplement that supports the health of muscles, joints and circulation and helps with overall well-being.<\/p>\n<p><strong>Excel EQ \u2122 is a GMO-free dietary supplement used by thousands of horses worldwide and in all disciplines &#8211; both professional and recreational.<\/strong><\/p>\n<p>Its unique formula also replaces many different, existing supplements.<\/p>\n<p>Excel EQ contains only controlled natural ingredients.<\/p>\n<h3>Excel EQ nutritional supplement for older horses to promote overall horse health<\/h3>\n<p>Excel EQ is designed to support the overall health of horses. The omega-3 and omega-6 fatty acids found in Excel EQ oil have several beneficial functions in the body.<\/p>\n<p>Feeding instructions (pack of 2 ltr):<\/p>\n<ul>\n<li>average horse (500 kg): 60ml \/ day;<\/li>\n<li>ponies and foals: 30ml \/ day<br \/>\nMax. per day 150ml.<\/li>\n<\/ul>\n<p><strong>Ingredients<\/strong>: virgin castor oil and pumpkin oil, extract of fennel oil polyphenols. Additives: flavor enhancer. Analytical constituents: crude protein 0%, crude oil and fat 100%, sodium 0%, crude fiber 0%, crude ash 0%, Omega 3 (35%), Omega 6 (20%), Omega 9<br \/>\n(35%), vitamin E (800 ppm), Camelina Polyphenois (400 ppm).<\/p>\n<p>Store in a cool, dry place. Net quantity, batch or lot reference number and expiry date (applicable at least until the indicated date) are printed on the packaging.<\/p>\n<p>Produced by Excel Supplements.<\/p>\n<p>Responsible for labeling in Slo: www.tetraktis.si<\/p>\n","protected":false},"excerpt":{"rendered":"<p>Help your horse to always feel, behave and look great with a completely natural supplement.<\/p>\n<p>Camelina oil or golden oil supports the health of muscles, joints and circulation and helps with overall well-being.<\/p>\n","protected":false},"featured_media":24780,"comment_status":"open","ping_status":"closed","template":"","meta":[],"product_brand":[328],"product_cat":[3317,3326,3314,3784,3320,3316,3315],"product_tag":[],"class_list":{"0":"post-32503","1":"product","2":"type-product","3":"status-publish","4":"has-post-thumbnail","6":"product_brand-excel-supplements","7":"product_cat-digestive","8":"product_cat-products-onsale-horses","9":"product_cat-mobility-joints","10":"product_cat-oils-for-horses","11":"product_cat-first-aid","12":"product_cat-vitamins-minerals","13":"product_cat-wellbeing","16":"first","17":"instock","18":"taxable","19":"shipping-taxable","20":"purchasable","21":"product-type-variable"},"yoast_head":"<!-- This site is optimized with the Yoast SEO Premium plugin v20.10 (Yoast SEO v27.3) - https:\/\/yoast.com\/product\/yoast-seo-premium-wordpress\/ -->\n<title>Excel EQ with camelina oil for older horses - with omega 3 6 and 9<\/title>\n<meta name=\"description\" content=\"Excel EQ offers a unique ratio of omega fatty acids that support joint mobility, the immune system, shiny hair.\" \/>\n<meta name=\"robots\" content=\"index, follow, max-snippet:-1, max-image-preview:large, max-video-preview:-1\" \/>\n<link rel=\"canonical\" href=\"https:\/\/tetraktis.si\/en\/izdelek\/excel-eq-with-camelina-oil-for-older-horses\/\" \/>\n<meta property=\"og:locale\" content=\"en_US\" \/>\n<meta property=\"og:type\" content=\"article\" \/>\n<meta property=\"og:title\" content=\"Excel EQ with camelina oil for older horses - with omega 3 6 and 9\" \/>\n<meta property=\"og:description\" content=\"Excel EQ offers a unique ratio of omega fatty acids that support joint mobility, the immune system, shiny hair.\" \/>\n<meta property=\"og:url\" content=\"https:\/\/tetraktis.si\/en\/izdelek\/excel-eq-with-camelina-oil-for-older-horses\/\" \/>\n<meta property=\"og:site_name\" content=\"Tetraktis- Equine America, Dorwest, Excel\" \/>\n<meta property=\"article:publisher\" content=\"https:\/\/business.facebook.com\/equineamericashop\/?business_id=193323571192825\" \/>\n<meta property=\"article:modified_time\" content=\"2023-03-28T07:00:28+00:00\" \/>\n<meta property=\"og:image\" content=\"https:\/\/tetraktis.si\/wp-content\/uploads\/2022\/04\/Excel-EQ.png\" \/>\n\t<meta property=\"og:image:width\" content=\"800\" \/>\n\t<meta property=\"og:image:height\" content=\"800\" \/>\n\t<meta property=\"og:image:type\" content=\"image\/png\" \/>\n<meta name=\"twitter:card\" content=\"summary_large_image\" \/>\n<meta name=\"twitter:site\" content=\"@TetraktisInfo\" \/>\n<meta name=\"twitter:label1\" content=\"Est. reading time\" \/>\n\t<meta name=\"twitter:data1\" content=\"3 minutes\" \/>\n<script type=\"application\/ld+json\" class=\"yoast-schema-graph\">{\"@context\":\"https:\\\/\\\/schema.org\",\"@graph\":[{\"@type\":\"WebPage\",\"@id\":\"https:\\\/\\\/tetraktis.si\\\/en\\\/izdelek\\\/excel-eq-with-camelina-oil-for-older-horses\\\/\",\"url\":\"https:\\\/\\\/tetraktis.si\\\/en\\\/izdelek\\\/excel-eq-with-camelina-oil-for-older-horses\\\/\",\"name\":\"Excel EQ with camelina oil for older horses - with omega 3 6 and 9\",\"isPartOf\":{\"@id\":\"https:\\\/\\\/tetraktis.si\\\/en\\\/#website\"},\"primaryImageOfPage\":{\"@id\":\"https:\\\/\\\/tetraktis.si\\\/en\\\/izdelek\\\/excel-eq-with-camelina-oil-for-older-horses\\\/#primaryimage\"},\"image\":{\"@id\":\"https:\\\/\\\/tetraktis.si\\\/en\\\/izdelek\\\/excel-eq-with-camelina-oil-for-older-horses\\\/#primaryimage\"},\"thumbnailUrl\":\"https:\\\/\\\/tetraktis.si\\\/wp-content\\\/uploads\\\/2022\\\/04\\\/Excel-EQ.png\",\"datePublished\":\"2022-04-27T13:57:16+00:00\",\"dateModified\":\"2023-03-28T07:00:28+00:00\",\"description\":\"Excel EQ offers a unique ratio of omega fatty acids that support joint mobility, the immune system, shiny hair.\",\"breadcrumb\":{\"@id\":\"https:\\\/\\\/tetraktis.si\\\/en\\\/izdelek\\\/excel-eq-with-camelina-oil-for-older-horses\\\/#breadcrumb\"},\"inLanguage\":\"en-US\",\"potentialAction\":[{\"@type\":\"ReadAction\",\"target\":[\"https:\\\/\\\/tetraktis.si\\\/en\\\/izdelek\\\/excel-eq-with-camelina-oil-for-older-horses\\\/\"]}]},{\"@type\":\"ImageObject\",\"inLanguage\":\"en-US\",\"@id\":\"https:\\\/\\\/tetraktis.si\\\/en\\\/izdelek\\\/excel-eq-with-camelina-oil-for-older-horses\\\/#primaryimage\",\"url\":\"https:\\\/\\\/tetraktis.si\\\/wp-content\\\/uploads\\\/2022\\\/04\\\/Excel-EQ.png\",\"contentUrl\":\"https:\\\/\\\/tetraktis.si\\\/wp-content\\\/uploads\\\/2022\\\/04\\\/Excel-EQ.png\",\"width\":800,\"height\":800},{\"@type\":\"BreadcrumbList\",\"@id\":\"https:\\\/\\\/tetraktis.si\\\/en\\\/izdelek\\\/excel-eq-with-camelina-oil-for-older-horses\\\/#breadcrumb\",\"itemListElement\":[{\"@type\":\"ListItem\",\"position\":1,\"name\":\"Shop\",\"item\":\"https:\\\/\\\/tetraktis.si\\\/en\\\/shop-3\\\/\"},{\"@type\":\"ListItem\",\"position\":2,\"name\":\"Excel EQ with camelina oil for older horses\"}]},{\"@type\":\"WebSite\",\"@id\":\"https:\\\/\\\/tetraktis.si\\\/en\\\/#website\",\"url\":\"https:\\\/\\\/tetraktis.si\\\/en\\\/\",\"name\":\"Tetraktis- Equine America, Dorwest, Excel\",\"description\":\"Samo najbolj\u0161e za va\u0161e \u017eivali\",\"publisher\":{\"@id\":\"https:\\\/\\\/tetraktis.si\\\/en\\\/#organization\"},\"potentialAction\":[{\"@type\":\"SearchAction\",\"target\":{\"@type\":\"EntryPoint\",\"urlTemplate\":\"https:\\\/\\\/tetraktis.si\\\/en\\\/?s={search_term_string}\"},\"query-input\":{\"@type\":\"PropertyValueSpecification\",\"valueRequired\":true,\"valueName\":\"search_term_string\"}}],\"inLanguage\":\"en-US\"},{\"@type\":\"Organization\",\"@id\":\"https:\\\/\\\/tetraktis.si\\\/en\\\/#organization\",\"name\":\"Tetraktis\",\"url\":\"https:\\\/\\\/tetraktis.si\\\/en\\\/\",\"logo\":{\"@type\":\"ImageObject\",\"inLanguage\":\"en-US\",\"@id\":\"https:\\\/\\\/tetraktis.si\\\/en\\\/#\\\/schema\\\/logo\\\/image\\\/\",\"url\":\"https:\\\/\\\/tetraktis.si\\\/wp-content\\\/uploads\\\/2022\\\/06\\\/logo.webp\",\"contentUrl\":\"https:\\\/\\\/tetraktis.si\\\/wp-content\\\/uploads\\\/2022\\\/06\\\/logo.webp\",\"width\":400,\"height\":211,\"caption\":\"Tetraktis\"},\"image\":{\"@id\":\"https:\\\/\\\/tetraktis.si\\\/en\\\/#\\\/schema\\\/logo\\\/image\\\/\"},\"sameAs\":[\"https:\\\/\\\/business.facebook.com\\\/equineamericashop\\\/?business_id=193323571192825\",\"https:\\\/\\\/x.com\\\/TetraktisInfo\",\"https:\\\/\\\/www.instagram.com\\\/tetraktisslovenija\\\/\",\"https:\\\/\\\/www.youtube.com\\\/channel\\\/UCk_PdKMdtpZ4pf0RRFL1vYA\"]}]}<\/script>\n<!-- \/ Yoast SEO Premium plugin. -->","yoast_head_json":{"title":"Excel EQ with camelina oil for older horses - with omega 3 6 and 9","description":"Excel EQ offers a unique ratio of omega fatty acids that support joint mobility, the immune system, shiny hair.","robots":{"index":"index","follow":"follow","max-snippet":"max-snippet:-1","max-image-preview":"max-image-preview:large","max-video-preview":"max-video-preview:-1"},"canonical":"https:\/\/tetraktis.si\/en\/izdelek\/excel-eq-with-camelina-oil-for-older-horses\/","og_locale":"en_US","og_type":"article","og_title":"Excel EQ with camelina oil for older horses - with omega 3 6 and 9","og_description":"Excel EQ offers a unique ratio of omega fatty acids that support joint mobility, the immune system, shiny hair.","og_url":"https:\/\/tetraktis.si\/en\/izdelek\/excel-eq-with-camelina-oil-for-older-horses\/","og_site_name":"Tetraktis- Equine America, Dorwest, Excel","article_publisher":"https:\/\/business.facebook.com\/equineamericashop\/?business_id=193323571192825","article_modified_time":"2023-03-28T07:00:28+00:00","og_image":[{"width":800,"height":800,"url":"https:\/\/tetraktis.si\/wp-content\/uploads\/2022\/04\/Excel-EQ.png","type":"image\/png"}],"twitter_card":"summary_large_image","twitter_site":"@TetraktisInfo","twitter_misc":{"Est. reading time":"3 minutes"},"schema":{"@context":"https:\/\/schema.org","@graph":[{"@type":"WebPage","@id":"https:\/\/tetraktis.si\/en\/izdelek\/excel-eq-with-camelina-oil-for-older-horses\/","url":"https:\/\/tetraktis.si\/en\/izdelek\/excel-eq-with-camelina-oil-for-older-horses\/","name":"Excel EQ with camelina oil for older horses - with omega 3 6 and 9","isPartOf":{"@id":"https:\/\/tetraktis.si\/en\/#website"},"primaryImageOfPage":{"@id":"https:\/\/tetraktis.si\/en\/izdelek\/excel-eq-with-camelina-oil-for-older-horses\/#primaryimage"},"image":{"@id":"https:\/\/tetraktis.si\/en\/izdelek\/excel-eq-with-camelina-oil-for-older-horses\/#primaryimage"},"thumbnailUrl":"https:\/\/tetraktis.si\/wp-content\/uploads\/2022\/04\/Excel-EQ.png","datePublished":"2022-04-27T13:57:16+00:00","dateModified":"2023-03-28T07:00:28+00:00","description":"Excel EQ offers a unique ratio of omega fatty acids that support joint mobility, the immune system, shiny hair.","breadcrumb":{"@id":"https:\/\/tetraktis.si\/en\/izdelek\/excel-eq-with-camelina-oil-for-older-horses\/#breadcrumb"},"inLanguage":"en-US","potentialAction":[{"@type":"ReadAction","target":["https:\/\/tetraktis.si\/en\/izdelek\/excel-eq-with-camelina-oil-for-older-horses\/"]}]},{"@type":"ImageObject","inLanguage":"en-US","@id":"https:\/\/tetraktis.si\/en\/izdelek\/excel-eq-with-camelina-oil-for-older-horses\/#primaryimage","url":"https:\/\/tetraktis.si\/wp-content\/uploads\/2022\/04\/Excel-EQ.png","contentUrl":"https:\/\/tetraktis.si\/wp-content\/uploads\/2022\/04\/Excel-EQ.png","width":800,"height":800},{"@type":"BreadcrumbList","@id":"https:\/\/tetraktis.si\/en\/izdelek\/excel-eq-with-camelina-oil-for-older-horses\/#breadcrumb","itemListElement":[{"@type":"ListItem","position":1,"name":"Shop","item":"https:\/\/tetraktis.si\/en\/shop-3\/"},{"@type":"ListItem","position":2,"name":"Excel EQ with camelina oil for older horses"}]},{"@type":"WebSite","@id":"https:\/\/tetraktis.si\/en\/#website","url":"https:\/\/tetraktis.si\/en\/","name":"Tetraktis- Equine America, Dorwest, Excel","description":"Samo najbolj\u0161e za va\u0161e \u017eivali","publisher":{"@id":"https:\/\/tetraktis.si\/en\/#organization"},"potentialAction":[{"@type":"SearchAction","target":{"@type":"EntryPoint","urlTemplate":"https:\/\/tetraktis.si\/en\/?s={search_term_string}"},"query-input":{"@type":"PropertyValueSpecification","valueRequired":true,"valueName":"search_term_string"}}],"inLanguage":"en-US"},{"@type":"Organization","@id":"https:\/\/tetraktis.si\/en\/#organization","name":"Tetraktis","url":"https:\/\/tetraktis.si\/en\/","logo":{"@type":"ImageObject","inLanguage":"en-US","@id":"https:\/\/tetraktis.si\/en\/#\/schema\/logo\/image\/","url":"https:\/\/tetraktis.si\/wp-content\/uploads\/2022\/06\/logo.webp","contentUrl":"https:\/\/tetraktis.si\/wp-content\/uploads\/2022\/06\/logo.webp","width":400,"height":211,"caption":"Tetraktis"},"image":{"@id":"https:\/\/tetraktis.si\/en\/#\/schema\/logo\/image\/"},"sameAs":["https:\/\/business.facebook.com\/equineamericashop\/?business_id=193323571192825","https:\/\/x.com\/TetraktisInfo","https:\/\/www.instagram.com\/tetraktisslovenija\/","https:\/\/www.youtube.com\/channel\/UCk_PdKMdtpZ4pf0RRFL1vYA"]}]}},"_links":{"self":[{"href":"https:\/\/tetraktis.si\/en\/wp-json\/wp\/v2\/product\/32503","targetHints":{"allow":["GET"]}}],"collection":[{"href":"https:\/\/tetraktis.si\/en\/wp-json\/wp\/v2\/product"}],"about":[{"href":"https:\/\/tetraktis.si\/en\/wp-json\/wp\/v2\/types\/product"}],"replies":[{"embeddable":true,"href":"https:\/\/tetraktis.si\/en\/wp-json\/wp\/v2\/comments?post=32503"}],"version-history":[{"count":1,"href":"https:\/\/tetraktis.si\/en\/wp-json\/wp\/v2\/product\/32503\/revisions"}],"predecessor-version":[{"id":37124,"href":"https:\/\/tetraktis.si\/en\/wp-json\/wp\/v2\/product\/32503\/revisions\/37124"}],"wp:featuredmedia":[{"embeddable":true,"href":"https:\/\/tetraktis.si\/en\/wp-json\/wp\/v2\/media\/24780"}],"wp:attachment":[{"href":"https:\/\/tetraktis.si\/en\/wp-json\/wp\/v2\/media?parent=32503"}],"wp:term":[{"taxonomy":"product_brand","embeddable":true,"href":"https:\/\/tetraktis.si\/en\/wp-json\/wp\/v2\/product_brand?post=32503"},{"taxonomy":"product_cat","embeddable":true,"href":"https:\/\/tetraktis.si\/en\/wp-json\/wp\/v2\/product_cat?post=32503"},{"taxonomy":"product_tag","embeddable":true,"href":"https:\/\/tetraktis.si\/en\/wp-json\/wp\/v2\/product_tag?post=32503"}],"curies":[{"name":"wp","href":"https:\/\/api.w.org\/{rel}","templated":true}]}}