{"id":32502,"date":"2022-04-27T15:57:42","date_gmt":"2022-04-27T13:57:42","guid":{"rendered":"https:\/\/cortaflex.si\/izdelek\/excel-hoof-topical-support-500ml\/"},"modified":"2026-01-02T04:37:52","modified_gmt":"2026-01-02T03:37:52","slug":"excel-hoof-topical-support-500ml","status":"publish","type":"product","link":"https:\/\/tetraktis.si\/en\/izdelek\/excel-hoof-topical-support-500ml\/","title":{"rendered":"Excel Hoof Topical Support 500ml"},"content":{"rendered":"<h1>Excel Hoof Topical Support<\/h1>\n<p>Excel Hoof topical support is designed to support and maintain elasticity and help prevent cracks and dryness of the hooves.<\/p>\n<h2>Why is hoof care important?<\/h2>\n<p>Have you ever noticed that your horse has blisters on its hooves and split skin? Small wounds and injuries can be painful for a horse, so it is important that the hooves are healthy and hydrated. A unique hoof support, provides just that with camelina oil, beeswax and essential oils, preserves and hydrates the hoof and also has an antibacterial effect. This makes it an ideal solution for hooves in both summer and winter. The balm leaves an exceptional shine.<\/p>\n<h3>Excel Hoof Support emulsion &#8211; for external use, topical support for horse hooves, 500ml<\/h3>\n<p>Instructions for use: clean the hoof thoroughly before application. With the included brush, apply the product to the hoof and growth line (roll) every other day (at least 3-4 per week). It is recommended that you apply the product after work \/ exercise.<\/p>\n<p>Ingredients: cold pressed camelina oil, beeswax and essential oils.<\/p>\n<p>The net quantity, batch or lot reference number and expiry date (valid at least until the indicated date) are marked on the packaging.<\/p>\n<p>Responsible for labeling in Slo: Tetraktis d.o.o. T: 041 817 036 www.tetraktis.si<\/p>\n","protected":false},"excerpt":{"rendered":"<p>Excel Hoof topical support is designed to support and maintain elasticity and help prevent cracks and dryness of the hooves.<\/p>\n","protected":false},"featured_media":40238,"comment_status":"open","ping_status":"closed","template":"","meta":[],"product_brand":[],"product_cat":[3326,3324],"product_tag":[],"class_list":{"0":"post-32502","1":"product","2":"type-product","3":"status-publish","4":"has-post-thumbnail","6":"product_cat-products-onsale-horses","7":"product_cat-hoofcare","10":"first","11":"onbackorder","12":"taxable","13":"shipping-taxable","14":"purchasable","15":"product-type-simple"},"yoast_head":"<!-- This site is optimized with the Yoast SEO Premium plugin v20.10 (Yoast SEO v27.3) - https:\/\/yoast.com\/product\/yoast-seo-premium-wordpress\/ -->\n<title>Excel Hoof Support - super concentrated blend of natural oils.<\/title>\n<meta name=\"description\" content=\"Excel Hoof Support balm is 100% NATURAL, ANTI-BACTERIAL &amp; ANTI-FUNGAL. Shines, moisturises, protects &amp; allows hoof to breathe.\" \/>\n<meta name=\"robots\" content=\"index, follow, max-snippet:-1, max-image-preview:large, max-video-preview:-1\" \/>\n<link rel=\"canonical\" href=\"https:\/\/tetraktis.si\/en\/izdelek\/excel-hoof-topical-support-500ml\/\" \/>\n<meta property=\"og:locale\" content=\"en_US\" \/>\n<meta property=\"og:type\" content=\"article\" \/>\n<meta property=\"og:title\" content=\"Excel Hoof Support - super concentrated blend of natural oils.\" \/>\n<meta property=\"og:description\" content=\"Excel Hoof Support balm is 100% NATURAL, ANTI-BACTERIAL &amp; ANTI-FUNGAL. Shines, moisturises, protects &amp; allows hoof to breathe.\" \/>\n<meta property=\"og:url\" content=\"https:\/\/tetraktis.si\/en\/izdelek\/excel-hoof-topical-support-500ml\/\" \/>\n<meta property=\"og:site_name\" content=\"Tetraktis- Equine America, Dorwest, Excel\" \/>\n<meta property=\"article:publisher\" content=\"https:\/\/business.facebook.com\/equineamericashop\/?business_id=193323571192825\" \/>\n<meta property=\"article:modified_time\" content=\"2026-01-02T03:37:52+00:00\" \/>\n<meta property=\"og:image\" content=\"https:\/\/tetraktis.si\/wp-content\/uploads\/2022\/04\/excel-hoof-mazilo-1.jpg\" \/>\n\t<meta property=\"og:image:width\" content=\"800\" \/>\n\t<meta property=\"og:image:height\" content=\"800\" \/>\n\t<meta property=\"og:image:type\" content=\"image\/jpeg\" \/>\n<meta name=\"twitter:card\" content=\"summary_large_image\" \/>\n<meta name=\"twitter:site\" content=\"@TetraktisInfo\" \/>\n<meta name=\"twitter:label1\" content=\"Est. reading time\" \/>\n\t<meta name=\"twitter:data1\" content=\"1 minute\" \/>\n<script type=\"application\/ld+json\" class=\"yoast-schema-graph\">{\"@context\":\"https:\\\/\\\/schema.org\",\"@graph\":[{\"@type\":\"WebPage\",\"@id\":\"https:\\\/\\\/tetraktis.si\\\/en\\\/izdelek\\\/excel-hoof-topical-support-500ml\\\/\",\"url\":\"https:\\\/\\\/tetraktis.si\\\/en\\\/izdelek\\\/excel-hoof-topical-support-500ml\\\/\",\"name\":\"Excel Hoof Support - super concentrated blend of natural oils.\",\"isPartOf\":{\"@id\":\"https:\\\/\\\/tetraktis.si\\\/en\\\/#website\"},\"primaryImageOfPage\":{\"@id\":\"https:\\\/\\\/tetraktis.si\\\/en\\\/izdelek\\\/excel-hoof-topical-support-500ml\\\/#primaryimage\"},\"image\":{\"@id\":\"https:\\\/\\\/tetraktis.si\\\/en\\\/izdelek\\\/excel-hoof-topical-support-500ml\\\/#primaryimage\"},\"thumbnailUrl\":\"https:\\\/\\\/tetraktis.si\\\/wp-content\\\/uploads\\\/2022\\\/04\\\/Mast-za-kopita-konja-Excel-Hoof-Support-1.jpg\",\"datePublished\":\"2022-04-27T13:57:42+00:00\",\"dateModified\":\"2026-01-02T03:37:52+00:00\",\"description\":\"Excel Hoof Support balm is 100% NATURAL, ANTI-BACTERIAL & ANTI-FUNGAL. Shines, moisturises, protects & allows hoof to breathe.\",\"breadcrumb\":{\"@id\":\"https:\\\/\\\/tetraktis.si\\\/en\\\/izdelek\\\/excel-hoof-topical-support-500ml\\\/#breadcrumb\"},\"inLanguage\":\"en-US\",\"potentialAction\":[{\"@type\":\"ReadAction\",\"target\":[\"https:\\\/\\\/tetraktis.si\\\/en\\\/izdelek\\\/excel-hoof-topical-support-500ml\\\/\"]}]},{\"@type\":\"ImageObject\",\"inLanguage\":\"en-US\",\"@id\":\"https:\\\/\\\/tetraktis.si\\\/en\\\/izdelek\\\/excel-hoof-topical-support-500ml\\\/#primaryimage\",\"url\":\"https:\\\/\\\/tetraktis.si\\\/wp-content\\\/uploads\\\/2022\\\/04\\\/Mast-za-kopita-konja-Excel-Hoof-Support-1.jpg\",\"contentUrl\":\"https:\\\/\\\/tetraktis.si\\\/wp-content\\\/uploads\\\/2022\\\/04\\\/Mast-za-kopita-konja-Excel-Hoof-Support-1.jpg\",\"width\":800,\"height\":800,\"caption\":\"Konjska mast za kopita\"},{\"@type\":\"BreadcrumbList\",\"@id\":\"https:\\\/\\\/tetraktis.si\\\/en\\\/izdelek\\\/excel-hoof-topical-support-500ml\\\/#breadcrumb\",\"itemListElement\":[{\"@type\":\"ListItem\",\"position\":1,\"name\":\"Shop\",\"item\":\"https:\\\/\\\/tetraktis.si\\\/en\\\/shop-3\\\/\"},{\"@type\":\"ListItem\",\"position\":2,\"name\":\"Excel Hoof Topical Support 500ml\"}]},{\"@type\":\"WebSite\",\"@id\":\"https:\\\/\\\/tetraktis.si\\\/en\\\/#website\",\"url\":\"https:\\\/\\\/tetraktis.si\\\/en\\\/\",\"name\":\"Tetraktis- Equine America, Dorwest, Excel\",\"description\":\"Samo najbolj\u0161e za va\u0161e \u017eivali\",\"publisher\":{\"@id\":\"https:\\\/\\\/tetraktis.si\\\/en\\\/#organization\"},\"potentialAction\":[{\"@type\":\"SearchAction\",\"target\":{\"@type\":\"EntryPoint\",\"urlTemplate\":\"https:\\\/\\\/tetraktis.si\\\/en\\\/?s={search_term_string}\"},\"query-input\":{\"@type\":\"PropertyValueSpecification\",\"valueRequired\":true,\"valueName\":\"search_term_string\"}}],\"inLanguage\":\"en-US\"},{\"@type\":\"Organization\",\"@id\":\"https:\\\/\\\/tetraktis.si\\\/en\\\/#organization\",\"name\":\"Tetraktis\",\"url\":\"https:\\\/\\\/tetraktis.si\\\/en\\\/\",\"logo\":{\"@type\":\"ImageObject\",\"inLanguage\":\"en-US\",\"@id\":\"https:\\\/\\\/tetraktis.si\\\/en\\\/#\\\/schema\\\/logo\\\/image\\\/\",\"url\":\"https:\\\/\\\/tetraktis.si\\\/wp-content\\\/uploads\\\/2022\\\/06\\\/logo.webp\",\"contentUrl\":\"https:\\\/\\\/tetraktis.si\\\/wp-content\\\/uploads\\\/2022\\\/06\\\/logo.webp\",\"width\":400,\"height\":211,\"caption\":\"Tetraktis\"},\"image\":{\"@id\":\"https:\\\/\\\/tetraktis.si\\\/en\\\/#\\\/schema\\\/logo\\\/image\\\/\"},\"sameAs\":[\"https:\\\/\\\/business.facebook.com\\\/equineamericashop\\\/?business_id=193323571192825\",\"https:\\\/\\\/x.com\\\/TetraktisInfo\",\"https:\\\/\\\/www.instagram.com\\\/tetraktisslovenija\\\/\",\"https:\\\/\\\/www.youtube.com\\\/channel\\\/UCk_PdKMdtpZ4pf0RRFL1vYA\"]}]}<\/script>\n<!-- \/ Yoast SEO Premium plugin. -->","yoast_head_json":{"title":"Excel Hoof Support - super concentrated blend of natural oils.","description":"Excel Hoof Support balm is 100% NATURAL, ANTI-BACTERIAL & ANTI-FUNGAL. Shines, moisturises, protects & allows hoof to breathe.","robots":{"index":"index","follow":"follow","max-snippet":"max-snippet:-1","max-image-preview":"max-image-preview:large","max-video-preview":"max-video-preview:-1"},"canonical":"https:\/\/tetraktis.si\/en\/izdelek\/excel-hoof-topical-support-500ml\/","og_locale":"en_US","og_type":"article","og_title":"Excel Hoof Support - super concentrated blend of natural oils.","og_description":"Excel Hoof Support balm is 100% NATURAL, ANTI-BACTERIAL & ANTI-FUNGAL. Shines, moisturises, protects & allows hoof to breathe.","og_url":"https:\/\/tetraktis.si\/en\/izdelek\/excel-hoof-topical-support-500ml\/","og_site_name":"Tetraktis- Equine America, Dorwest, Excel","article_publisher":"https:\/\/business.facebook.com\/equineamericashop\/?business_id=193323571192825","article_modified_time":"2026-01-02T03:37:52+00:00","og_image":[{"width":800,"height":800,"url":"https:\/\/tetraktis.si\/wp-content\/uploads\/2022\/04\/excel-hoof-mazilo-1.jpg","type":"image\/jpeg"}],"twitter_card":"summary_large_image","twitter_site":"@TetraktisInfo","twitter_misc":{"Est. reading time":"1 minute"},"schema":{"@context":"https:\/\/schema.org","@graph":[{"@type":"WebPage","@id":"https:\/\/tetraktis.si\/en\/izdelek\/excel-hoof-topical-support-500ml\/","url":"https:\/\/tetraktis.si\/en\/izdelek\/excel-hoof-topical-support-500ml\/","name":"Excel Hoof Support - super concentrated blend of natural oils.","isPartOf":{"@id":"https:\/\/tetraktis.si\/en\/#website"},"primaryImageOfPage":{"@id":"https:\/\/tetraktis.si\/en\/izdelek\/excel-hoof-topical-support-500ml\/#primaryimage"},"image":{"@id":"https:\/\/tetraktis.si\/en\/izdelek\/excel-hoof-topical-support-500ml\/#primaryimage"},"thumbnailUrl":"https:\/\/tetraktis.si\/wp-content\/uploads\/2022\/04\/Mast-za-kopita-konja-Excel-Hoof-Support-1.jpg","datePublished":"2022-04-27T13:57:42+00:00","dateModified":"2026-01-02T03:37:52+00:00","description":"Excel Hoof Support balm is 100% NATURAL, ANTI-BACTERIAL & ANTI-FUNGAL. Shines, moisturises, protects & allows hoof to breathe.","breadcrumb":{"@id":"https:\/\/tetraktis.si\/en\/izdelek\/excel-hoof-topical-support-500ml\/#breadcrumb"},"inLanguage":"en-US","potentialAction":[{"@type":"ReadAction","target":["https:\/\/tetraktis.si\/en\/izdelek\/excel-hoof-topical-support-500ml\/"]}]},{"@type":"ImageObject","inLanguage":"en-US","@id":"https:\/\/tetraktis.si\/en\/izdelek\/excel-hoof-topical-support-500ml\/#primaryimage","url":"https:\/\/tetraktis.si\/wp-content\/uploads\/2022\/04\/Mast-za-kopita-konja-Excel-Hoof-Support-1.jpg","contentUrl":"https:\/\/tetraktis.si\/wp-content\/uploads\/2022\/04\/Mast-za-kopita-konja-Excel-Hoof-Support-1.jpg","width":800,"height":800,"caption":"Konjska mast za kopita"},{"@type":"BreadcrumbList","@id":"https:\/\/tetraktis.si\/en\/izdelek\/excel-hoof-topical-support-500ml\/#breadcrumb","itemListElement":[{"@type":"ListItem","position":1,"name":"Shop","item":"https:\/\/tetraktis.si\/en\/shop-3\/"},{"@type":"ListItem","position":2,"name":"Excel Hoof Topical Support 500ml"}]},{"@type":"WebSite","@id":"https:\/\/tetraktis.si\/en\/#website","url":"https:\/\/tetraktis.si\/en\/","name":"Tetraktis- Equine America, Dorwest, Excel","description":"Samo najbolj\u0161e za va\u0161e \u017eivali","publisher":{"@id":"https:\/\/tetraktis.si\/en\/#organization"},"potentialAction":[{"@type":"SearchAction","target":{"@type":"EntryPoint","urlTemplate":"https:\/\/tetraktis.si\/en\/?s={search_term_string}"},"query-input":{"@type":"PropertyValueSpecification","valueRequired":true,"valueName":"search_term_string"}}],"inLanguage":"en-US"},{"@type":"Organization","@id":"https:\/\/tetraktis.si\/en\/#organization","name":"Tetraktis","url":"https:\/\/tetraktis.si\/en\/","logo":{"@type":"ImageObject","inLanguage":"en-US","@id":"https:\/\/tetraktis.si\/en\/#\/schema\/logo\/image\/","url":"https:\/\/tetraktis.si\/wp-content\/uploads\/2022\/06\/logo.webp","contentUrl":"https:\/\/tetraktis.si\/wp-content\/uploads\/2022\/06\/logo.webp","width":400,"height":211,"caption":"Tetraktis"},"image":{"@id":"https:\/\/tetraktis.si\/en\/#\/schema\/logo\/image\/"},"sameAs":["https:\/\/business.facebook.com\/equineamericashop\/?business_id=193323571192825","https:\/\/x.com\/TetraktisInfo","https:\/\/www.instagram.com\/tetraktisslovenija\/","https:\/\/www.youtube.com\/channel\/UCk_PdKMdtpZ4pf0RRFL1vYA"]}]}},"_links":{"self":[{"href":"https:\/\/tetraktis.si\/en\/wp-json\/wp\/v2\/product\/32502","targetHints":{"allow":["GET"]}}],"collection":[{"href":"https:\/\/tetraktis.si\/en\/wp-json\/wp\/v2\/product"}],"about":[{"href":"https:\/\/tetraktis.si\/en\/wp-json\/wp\/v2\/types\/product"}],"replies":[{"embeddable":true,"href":"https:\/\/tetraktis.si\/en\/wp-json\/wp\/v2\/comments?post=32502"}],"version-history":[{"count":1,"href":"https:\/\/tetraktis.si\/en\/wp-json\/wp\/v2\/product\/32502\/revisions"}],"predecessor-version":[{"id":37123,"href":"https:\/\/tetraktis.si\/en\/wp-json\/wp\/v2\/product\/32502\/revisions\/37123"}],"wp:featuredmedia":[{"embeddable":true,"href":"https:\/\/tetraktis.si\/en\/wp-json\/wp\/v2\/media\/40238"}],"wp:attachment":[{"href":"https:\/\/tetraktis.si\/en\/wp-json\/wp\/v2\/media?parent=32502"}],"wp:term":[{"taxonomy":"product_brand","embeddable":true,"href":"https:\/\/tetraktis.si\/en\/wp-json\/wp\/v2\/product_brand?post=32502"},{"taxonomy":"product_cat","embeddable":true,"href":"https:\/\/tetraktis.si\/en\/wp-json\/wp\/v2\/product_cat?post=32502"},{"taxonomy":"product_tag","embeddable":true,"href":"https:\/\/tetraktis.si\/en\/wp-json\/wp\/v2\/product_tag?post=32502"}],"curies":[{"name":"wp","href":"https:\/\/api.w.org\/{rel}","templated":true}]}}