{"id":32501,"date":"2022-04-27T15:57:16","date_gmt":"2022-04-27T13:57:16","guid":{"rendered":"https:\/\/cortaflex.si\/izdelek\/lamigard-pellets-trt-for-laminitis\/"},"modified":"2025-11-10T12:54:58","modified_gmt":"2025-11-10T11:54:58","slug":"lamigard-pellets-trt-for-laminitis","status":"publish","type":"product","link":"https:\/\/tetraktis.si\/en\/izdelek\/lamigard-pellets-trt-for-laminitis\/","title":{"rendered":"Lamigard pellets TRT (for laminitis)"},"content":{"rendered":"<p><strong style=\"font-size: 23.04px;\">Lamigard pellets Advanced Care, 1,5kg<\/strong><\/p>\n<div id=\"station-tabs-0\" class=\"station-tabs is-ready\" role=\"tablist\">\n<div id=\"st-product-description_0-0\" class=\"station-tabs-content is-active\" tabindex=\"0\" role=\"tabpanel\" aria-labelledby=\"st-link-product-description_0-0\" aria-hidden=\"false\">\n<div class=\"station-tabs-content-inner\">\n<h1 style=\"font-size: 23.04px;\"><strong style=\"font-size: 23.04px;\">Lamigard pellets <\/strong>contain a potent blend of key nutrient and plant extracts to help in long term nutritional management of horses and ponies prone to both SIRS laminitis and those with endocrine dysfunction<\/h1>\n<p>Lamigard Advanced Care pellets are low in sugar and starch, \u00a0high fibre, easy to feed and suitable for horses and ponies on very low, or no other concentrate feed, and provide:<\/p>\n<ul>\n<li>Potent Antioxidant support from key vitamins and minerals, as well as plant-based extracts<\/li>\n<li>Pre and Probiotics for hindgut support, as well as an MOS (mannan oligosaccharide) to bind undesirable microbes, and take them out of the gut<\/li>\n<li>A combination of minerals and plant extracts including magnesium and cinnamon to support the endocrine (insulin) system<\/li>\n<li>Folic acid to support the vascular system<\/li>\n<li>High levels of biotin, plus MSM and zinc to support hoof quality and growth.<\/li>\n<\/ul>\n<h2>Nutritional support for horses and ponies, especially during Spring and Autumn\u00a0months<\/h2>\n<ul>\n<li><span style=\"color: #555555;\">Lamigard Advanced Care Pellets deliver a unique approach to the nutritional management and metabolic support for horses and ponies.<\/span><\/li>\n<\/ul>\n<\/div>\n<\/div>\n<\/div>\n<h2>Findings about laminitis from recent studies<\/h2>\n<p>Historically, most laminitis cases were thought to be caused as a result of an inflammatory response, from over consumption of pasture and other feeds which are high in soluble carbohydrates, leading to a disruption to the hindgut microbiome, which caused the release of endotoxins, and the excessive production of free radicals from oxidation.<\/p>\n<p>The actual physiological responses which lead to laminitis are still unclear, but it is thought that the inflammatory response and the high level of damaging free radicals produced by oxidation during the inflammatory response ultimately affect blood supply to the feet. The restriction of blood to the feet causes damage and death to the laminae, resulting in pain and lameness, and in severe cases, rotation of the pedal bone.<\/p>\n<p>Excessive concussion of the feet, retained placenta in broodmares, systemic infections and supporting limb (following an injury) laminitis are also all thought to result in laminitis as a result of\u00a0<strong>Systemic Inflammatory Response Syndrome (SIRS)<\/strong>\u00a0 &#8211; Laminitis caused by inflammation and resulting oxidative damage.<\/p>\n<h3>However, recent studies have reported that a high proportion of laminitis cases are now thought to occur as a result of\u00a0<strong>Endocrine<\/strong>\u00a0or\u00a0<strong>hormonal dysfunction.<\/strong><\/h3>\n<p>These hormone imbalances can occur either as a result of PPID (Pars Pituitary Intermedia Dysfunction, commonly known as Cushings Disease), or a range of syndromes referred to as Equine Metabolic Syndrome or EMS. These disorders are characterised by, amongst other symptoms, insulin resistance (IR) and maybe be genetic in origin, as\u00a0 there seems to be a high incidence in Native ponies and some draft breeds.<\/p>\n<p>Again, it is not yet fully clear why higher than normal insulin levels can result in laminitis, but one theory is that insulin resistance may be associated with high levels of key proteins which cause vasoconstriction or narrowing of blood vessels in the feet. This is thought to result in narrowing and stretching of the lamellar cells over a period of time, before symptoms of pain and lameness become obvious to the owner \u2013 unlike SIRS laminitis, which is usually rapid in onset.<\/p>\n<p><strong>Other Useful Products<\/strong><\/p>\n<p><a href=\"https:\/\/www.tetraktis.si\/en\/product\/vitamin-mineral-supplement\/\"><strong>Everyday Vitamins and Minerals<\/strong><\/a> \u2013 to provide broad spectrum mineral and vitamin support for horses and ponies on forage based or very concentrate feed regimes. A\u00a0cost-effective broad spectrum supplement for general health.<\/p>\n<p><a href=\"https:\/\/www.tetraktis.si\/en\/product\/buteless-high-strength\/\"><strong>Buteless Xtra Strength Solution<\/strong><\/a>\u00a0-to provide comfort and support if necessary, following discussion with your vet.<\/p>\n<p>Although Equine America (UK) products have always been free from prohibited substances, our new UFAS and BETA NOPS certifications will provide further reassurance in the light of the recent high profile prohibited substances cases, giving our customers peace of mind regarding FEI and BEF prohibited substances, enabling full traceability.<\/p>\n<p>In order to comply with the rules and regulations regarding these certifications, we are only able to use certain suppliers, who are also certified, and so have had to make a change to our supply of ingredients and will not be adding colourants to the products.<\/p>\n<p><span style=\"color: #8c1b8c;\">Label information:<\/span><\/p>\n<p><a href=\"https:\/\/www.tetraktis.si\/wp-content\/uploads\/2019\/10\/LAMIGARD-ADVANCED-CARE-PELLETSsolution.pdf\">PELLETS<\/a><\/p>\n","protected":false},"excerpt":{"rendered":"<p id=\"breadCrumbs\">Lamigard Advanced Care pellets are low in sugar and starch, \u00a0high fibre, easy to feed and suitable for horses and ponies on very low, or no other concentrate feed.<\/p>\n","protected":false},"featured_media":21738,"comment_status":"open","ping_status":"closed","template":"","meta":[],"product_brand":[],"product_cat":[3313,3326,3324],"product_tag":[],"class_list":{"0":"post-32501","1":"product","2":"type-product","3":"status-publish","4":"has-post-thumbnail","6":"product_cat-competition","7":"product_cat-products-onsale-horses","8":"product_cat-hoofcare","11":"first","12":"instock","13":"taxable","14":"shipping-taxable","15":"purchasable","16":"product-type-simple"},"yoast_head":"<!-- This site is optimized with the Yoast SEO Premium plugin v20.10 (Yoast SEO v27.3) - https:\/\/yoast.com\/product\/yoast-seo-premium-wordpress\/ -->\n<title>Lamigard pellets are effective supplement for treating laminitis in horses<\/title>\n<meta name=\"description\" content=\"Lamigard pellets are a highly effective supplement for the horse or pony which is prone to Laminitis, for short term and for long-term-health.\" \/>\n<meta name=\"robots\" content=\"index, follow, max-snippet:-1, max-image-preview:large, max-video-preview:-1\" \/>\n<link rel=\"canonical\" href=\"https:\/\/tetraktis.si\/en\/izdelek\/lamigard-pellets-trt-for-laminitis\/\" \/>\n<meta property=\"og:locale\" content=\"en_US\" \/>\n<meta property=\"og:type\" content=\"article\" \/>\n<meta property=\"og:title\" content=\"Lamigard pellets are effective supplement for treating laminitis in horses\" \/>\n<meta property=\"og:description\" content=\"Lamigard pellets are a highly effective supplement for the horse or pony which is prone to Laminitis, for short term and for long-term-health.\" \/>\n<meta property=\"og:url\" content=\"https:\/\/tetraktis.si\/en\/izdelek\/lamigard-pellets-trt-for-laminitis\/\" \/>\n<meta property=\"og:site_name\" content=\"Tetraktis- Equine America, Dorwest, Excel\" \/>\n<meta property=\"article:publisher\" content=\"https:\/\/business.facebook.com\/equineamericashop\/?business_id=193323571192825\" \/>\n<meta property=\"article:modified_time\" content=\"2025-11-10T11:54:58+00:00\" \/>\n<meta property=\"og:image\" content=\"https:\/\/tetraktis.si\/wp-content\/uploads\/2022\/04\/LAMIGARD-ADVANCED-CARE-PELLETS.jpg\" \/>\n\t<meta property=\"og:image:width\" content=\"924\" \/>\n\t<meta property=\"og:image:height\" content=\"924\" \/>\n\t<meta property=\"og:image:type\" content=\"image\/jpeg\" \/>\n<meta name=\"twitter:card\" content=\"summary_large_image\" \/>\n<meta name=\"twitter:site\" content=\"@TetraktisInfo\" \/>\n<meta name=\"twitter:label1\" content=\"Est. reading time\" \/>\n\t<meta name=\"twitter:data1\" content=\"3 minutes\" \/>\n<script type=\"application\/ld+json\" class=\"yoast-schema-graph\">{\"@context\":\"https:\\\/\\\/schema.org\",\"@graph\":[{\"@type\":\"WebPage\",\"@id\":\"https:\\\/\\\/tetraktis.si\\\/en\\\/izdelek\\\/lamigard-pellets-trt-for-laminitis\\\/\",\"url\":\"https:\\\/\\\/tetraktis.si\\\/en\\\/izdelek\\\/lamigard-pellets-trt-for-laminitis\\\/\",\"name\":\"Lamigard pellets are effective supplement for treating laminitis in horses\",\"isPartOf\":{\"@id\":\"https:\\\/\\\/tetraktis.si\\\/en\\\/#website\"},\"primaryImageOfPage\":{\"@id\":\"https:\\\/\\\/tetraktis.si\\\/en\\\/izdelek\\\/lamigard-pellets-trt-for-laminitis\\\/#primaryimage\"},\"image\":{\"@id\":\"https:\\\/\\\/tetraktis.si\\\/en\\\/izdelek\\\/lamigard-pellets-trt-for-laminitis\\\/#primaryimage\"},\"thumbnailUrl\":\"https:\\\/\\\/tetraktis.si\\\/wp-content\\\/uploads\\\/2022\\\/04\\\/LAMIGARD-ADVANCED-CARE-PELLETS.jpg\",\"datePublished\":\"2022-04-27T13:57:16+00:00\",\"dateModified\":\"2025-11-10T11:54:58+00:00\",\"description\":\"Lamigard pellets are a highly effective supplement for the horse or pony which is prone to Laminitis, for short term and for long-term-health.\",\"breadcrumb\":{\"@id\":\"https:\\\/\\\/tetraktis.si\\\/en\\\/izdelek\\\/lamigard-pellets-trt-for-laminitis\\\/#breadcrumb\"},\"inLanguage\":\"en-US\",\"potentialAction\":[{\"@type\":\"ReadAction\",\"target\":[\"https:\\\/\\\/tetraktis.si\\\/en\\\/izdelek\\\/lamigard-pellets-trt-for-laminitis\\\/\"]}]},{\"@type\":\"ImageObject\",\"inLanguage\":\"en-US\",\"@id\":\"https:\\\/\\\/tetraktis.si\\\/en\\\/izdelek\\\/lamigard-pellets-trt-for-laminitis\\\/#primaryimage\",\"url\":\"https:\\\/\\\/tetraktis.si\\\/wp-content\\\/uploads\\\/2022\\\/04\\\/LAMIGARD-ADVANCED-CARE-PELLETS.jpg\",\"contentUrl\":\"https:\\\/\\\/tetraktis.si\\\/wp-content\\\/uploads\\\/2022\\\/04\\\/LAMIGARD-ADVANCED-CARE-PELLETS.jpg\",\"width\":924,\"height\":924},{\"@type\":\"BreadcrumbList\",\"@id\":\"https:\\\/\\\/tetraktis.si\\\/en\\\/izdelek\\\/lamigard-pellets-trt-for-laminitis\\\/#breadcrumb\",\"itemListElement\":[{\"@type\":\"ListItem\",\"position\":1,\"name\":\"Shop\",\"item\":\"https:\\\/\\\/tetraktis.si\\\/en\\\/shop-3\\\/\"},{\"@type\":\"ListItem\",\"position\":2,\"name\":\"Lamigard pellets TRT (for laminitis)\"}]},{\"@type\":\"WebSite\",\"@id\":\"https:\\\/\\\/tetraktis.si\\\/en\\\/#website\",\"url\":\"https:\\\/\\\/tetraktis.si\\\/en\\\/\",\"name\":\"Tetraktis- Equine America, Dorwest, Excel\",\"description\":\"Samo najbolj\u0161e za va\u0161e \u017eivali\",\"publisher\":{\"@id\":\"https:\\\/\\\/tetraktis.si\\\/en\\\/#organization\"},\"potentialAction\":[{\"@type\":\"SearchAction\",\"target\":{\"@type\":\"EntryPoint\",\"urlTemplate\":\"https:\\\/\\\/tetraktis.si\\\/en\\\/?s={search_term_string}\"},\"query-input\":{\"@type\":\"PropertyValueSpecification\",\"valueRequired\":true,\"valueName\":\"search_term_string\"}}],\"inLanguage\":\"en-US\"},{\"@type\":\"Organization\",\"@id\":\"https:\\\/\\\/tetraktis.si\\\/en\\\/#organization\",\"name\":\"Tetraktis\",\"url\":\"https:\\\/\\\/tetraktis.si\\\/en\\\/\",\"logo\":{\"@type\":\"ImageObject\",\"inLanguage\":\"en-US\",\"@id\":\"https:\\\/\\\/tetraktis.si\\\/en\\\/#\\\/schema\\\/logo\\\/image\\\/\",\"url\":\"https:\\\/\\\/tetraktis.si\\\/wp-content\\\/uploads\\\/2022\\\/06\\\/logo.webp\",\"contentUrl\":\"https:\\\/\\\/tetraktis.si\\\/wp-content\\\/uploads\\\/2022\\\/06\\\/logo.webp\",\"width\":400,\"height\":211,\"caption\":\"Tetraktis\"},\"image\":{\"@id\":\"https:\\\/\\\/tetraktis.si\\\/en\\\/#\\\/schema\\\/logo\\\/image\\\/\"},\"sameAs\":[\"https:\\\/\\\/business.facebook.com\\\/equineamericashop\\\/?business_id=193323571192825\",\"https:\\\/\\\/x.com\\\/TetraktisInfo\",\"https:\\\/\\\/www.instagram.com\\\/tetraktisslovenija\\\/\",\"https:\\\/\\\/www.youtube.com\\\/channel\\\/UCk_PdKMdtpZ4pf0RRFL1vYA\"]}]}<\/script>\n<!-- \/ Yoast SEO Premium plugin. -->","yoast_head_json":{"title":"Lamigard pellets are effective supplement for treating laminitis in horses","description":"Lamigard pellets are a highly effective supplement for the horse or pony which is prone to Laminitis, for short term and for long-term-health.","robots":{"index":"index","follow":"follow","max-snippet":"max-snippet:-1","max-image-preview":"max-image-preview:large","max-video-preview":"max-video-preview:-1"},"canonical":"https:\/\/tetraktis.si\/en\/izdelek\/lamigard-pellets-trt-for-laminitis\/","og_locale":"en_US","og_type":"article","og_title":"Lamigard pellets are effective supplement for treating laminitis in horses","og_description":"Lamigard pellets are a highly effective supplement for the horse or pony which is prone to Laminitis, for short term and for long-term-health.","og_url":"https:\/\/tetraktis.si\/en\/izdelek\/lamigard-pellets-trt-for-laminitis\/","og_site_name":"Tetraktis- Equine America, Dorwest, Excel","article_publisher":"https:\/\/business.facebook.com\/equineamericashop\/?business_id=193323571192825","article_modified_time":"2025-11-10T11:54:58+00:00","og_image":[{"width":924,"height":924,"url":"https:\/\/tetraktis.si\/wp-content\/uploads\/2022\/04\/LAMIGARD-ADVANCED-CARE-PELLETS.jpg","type":"image\/jpeg"}],"twitter_card":"summary_large_image","twitter_site":"@TetraktisInfo","twitter_misc":{"Est. reading time":"3 minutes"},"schema":{"@context":"https:\/\/schema.org","@graph":[{"@type":"WebPage","@id":"https:\/\/tetraktis.si\/en\/izdelek\/lamigard-pellets-trt-for-laminitis\/","url":"https:\/\/tetraktis.si\/en\/izdelek\/lamigard-pellets-trt-for-laminitis\/","name":"Lamigard pellets are effective supplement for treating laminitis in horses","isPartOf":{"@id":"https:\/\/tetraktis.si\/en\/#website"},"primaryImageOfPage":{"@id":"https:\/\/tetraktis.si\/en\/izdelek\/lamigard-pellets-trt-for-laminitis\/#primaryimage"},"image":{"@id":"https:\/\/tetraktis.si\/en\/izdelek\/lamigard-pellets-trt-for-laminitis\/#primaryimage"},"thumbnailUrl":"https:\/\/tetraktis.si\/wp-content\/uploads\/2022\/04\/LAMIGARD-ADVANCED-CARE-PELLETS.jpg","datePublished":"2022-04-27T13:57:16+00:00","dateModified":"2025-11-10T11:54:58+00:00","description":"Lamigard pellets are a highly effective supplement for the horse or pony which is prone to Laminitis, for short term and for long-term-health.","breadcrumb":{"@id":"https:\/\/tetraktis.si\/en\/izdelek\/lamigard-pellets-trt-for-laminitis\/#breadcrumb"},"inLanguage":"en-US","potentialAction":[{"@type":"ReadAction","target":["https:\/\/tetraktis.si\/en\/izdelek\/lamigard-pellets-trt-for-laminitis\/"]}]},{"@type":"ImageObject","inLanguage":"en-US","@id":"https:\/\/tetraktis.si\/en\/izdelek\/lamigard-pellets-trt-for-laminitis\/#primaryimage","url":"https:\/\/tetraktis.si\/wp-content\/uploads\/2022\/04\/LAMIGARD-ADVANCED-CARE-PELLETS.jpg","contentUrl":"https:\/\/tetraktis.si\/wp-content\/uploads\/2022\/04\/LAMIGARD-ADVANCED-CARE-PELLETS.jpg","width":924,"height":924},{"@type":"BreadcrumbList","@id":"https:\/\/tetraktis.si\/en\/izdelek\/lamigard-pellets-trt-for-laminitis\/#breadcrumb","itemListElement":[{"@type":"ListItem","position":1,"name":"Shop","item":"https:\/\/tetraktis.si\/en\/shop-3\/"},{"@type":"ListItem","position":2,"name":"Lamigard pellets TRT (for laminitis)"}]},{"@type":"WebSite","@id":"https:\/\/tetraktis.si\/en\/#website","url":"https:\/\/tetraktis.si\/en\/","name":"Tetraktis- Equine America, Dorwest, Excel","description":"Samo najbolj\u0161e za va\u0161e \u017eivali","publisher":{"@id":"https:\/\/tetraktis.si\/en\/#organization"},"potentialAction":[{"@type":"SearchAction","target":{"@type":"EntryPoint","urlTemplate":"https:\/\/tetraktis.si\/en\/?s={search_term_string}"},"query-input":{"@type":"PropertyValueSpecification","valueRequired":true,"valueName":"search_term_string"}}],"inLanguage":"en-US"},{"@type":"Organization","@id":"https:\/\/tetraktis.si\/en\/#organization","name":"Tetraktis","url":"https:\/\/tetraktis.si\/en\/","logo":{"@type":"ImageObject","inLanguage":"en-US","@id":"https:\/\/tetraktis.si\/en\/#\/schema\/logo\/image\/","url":"https:\/\/tetraktis.si\/wp-content\/uploads\/2022\/06\/logo.webp","contentUrl":"https:\/\/tetraktis.si\/wp-content\/uploads\/2022\/06\/logo.webp","width":400,"height":211,"caption":"Tetraktis"},"image":{"@id":"https:\/\/tetraktis.si\/en\/#\/schema\/logo\/image\/"},"sameAs":["https:\/\/business.facebook.com\/equineamericashop\/?business_id=193323571192825","https:\/\/x.com\/TetraktisInfo","https:\/\/www.instagram.com\/tetraktisslovenija\/","https:\/\/www.youtube.com\/channel\/UCk_PdKMdtpZ4pf0RRFL1vYA"]}]}},"_links":{"self":[{"href":"https:\/\/tetraktis.si\/en\/wp-json\/wp\/v2\/product\/32501","targetHints":{"allow":["GET"]}}],"collection":[{"href":"https:\/\/tetraktis.si\/en\/wp-json\/wp\/v2\/product"}],"about":[{"href":"https:\/\/tetraktis.si\/en\/wp-json\/wp\/v2\/types\/product"}],"replies":[{"embeddable":true,"href":"https:\/\/tetraktis.si\/en\/wp-json\/wp\/v2\/comments?post=32501"}],"version-history":[{"count":1,"href":"https:\/\/tetraktis.si\/en\/wp-json\/wp\/v2\/product\/32501\/revisions"}],"predecessor-version":[{"id":37122,"href":"https:\/\/tetraktis.si\/en\/wp-json\/wp\/v2\/product\/32501\/revisions\/37122"}],"wp:featuredmedia":[{"embeddable":true,"href":"https:\/\/tetraktis.si\/en\/wp-json\/wp\/v2\/media\/21738"}],"wp:attachment":[{"href":"https:\/\/tetraktis.si\/en\/wp-json\/wp\/v2\/media?parent=32501"}],"wp:term":[{"taxonomy":"product_brand","embeddable":true,"href":"https:\/\/tetraktis.si\/en\/wp-json\/wp\/v2\/product_brand?post=32501"},{"taxonomy":"product_cat","embeddable":true,"href":"https:\/\/tetraktis.si\/en\/wp-json\/wp\/v2\/product_cat?post=32501"},{"taxonomy":"product_tag","embeddable":true,"href":"https:\/\/tetraktis.si\/en\/wp-json\/wp\/v2\/product_tag?post=32501"}],"curies":[{"name":"wp","href":"https:\/\/api.w.org\/{rel}","templated":true}]}}