{"id":32500,"date":"2022-04-27T15:57:16","date_gmt":"2022-04-27T13:57:16","guid":{"rendered":"https:\/\/cortaflex.si\/izdelek\/lamigard-regular-trt-for-laminitis-solution\/"},"modified":"2026-03-10T14:29:40","modified_gmt":"2026-03-10T13:29:40","slug":"lamigard-regular-trt-for-laminitis-solution","status":"publish","type":"product","link":"https:\/\/tetraktis.si\/en\/izdelek\/lamigard-regular-trt-for-laminitis-solution\/","title":{"rendered":"Lamigard Regular TRT (for laminitis) solution"},"content":{"rendered":"<p><strong style=\"font-size: 23.04px;\">Lamigard Regular Solution- NUTRITIONAL SUPPORT FOR HEALTHY LAMINAE, 1 ltr<\/strong><\/p>\n<ul>\n<li>Provides significant antioxidant support from\u00a0<strong><em>plant extracts<\/em><\/strong>\u00a0including\u00a0<strong><em>Marshmallow\u00a0<\/em><\/strong>and\u00a0<strong><em>Milk Thistle.<\/em><\/strong><\/li>\n<li>Provides\u00a0<strong><em>Magnesium\u00a0<\/em><\/strong>and\u00a0<strong><em>Vitamin E<\/em><\/strong> as further support against free radical damage.<\/li>\n<li>Provides\u00a0<strong><em>Folic Acid<\/em><\/strong>\u00a0to support blood vessels in the hoof.<\/li>\n<li>Contains\u00a0<strong><em>Melon Pulp<\/em><\/strong> &#8211; a natural source of key antioxidant enzymes.<\/li>\n<li><strong><em>VERY Low sugar and starch<\/em><\/strong>\u00a0for horses and ponies.<\/li>\n<li>Palatable and may be syringed if little or no concentrate feed is offered.<\/li>\n<\/ul>\n<h3>Lamigard Regular Solution is a carefully formulated blend of ingredients to provide nutritional and antioxidant support for horses and ponies, and can be used both at higher levels for short term benefit, and maintenance levels for long term health.<\/h3>\n<p>Use Lamigard Regular Solution in conjunction with a fibre based, low starch and sugar diet, which provides a broad spectrum mineral and vitamin supply for optimum health.<\/p>\n<p>Contains:<\/p>\n<ul>\n<li>A unique source of\u00a0 key antioxidant enzymes<\/li>\n<li>Vitamin E- one of the best known antioxidant vitamins<\/li>\n<li>Magnesium &#8211; to support carbohydrate metabolism and insulin function<\/li>\n<li>Folic Acid\u00a0 &#8211; to support blood vessel health in the hoof<\/li>\n<li>Milk thistle \u2013 to support the liver and provide anti-inflammatory and antioxidant support<\/li>\n<li>Marshmallow root extract \u2013 to provide anti-inflammatory support.<\/li>\n<\/ul>\n<p>Available 1ltr &#8211;\u00a0 Please note due\u00a0to the new ingredients\u00a0being used the colour will vary from the original formula this is because we are delighted to report that we are now manufacturing all the Equine America (UK) products in the UK, using certified facilities with the highest standards of safety and production.<\/p>\n<h2>A complementary feed for horses and ponies, to support a healthy metabolism as part of a balanced diet.<\/h2>\n<p>Directions for feeding<strong>:\u00a0<\/strong>Horses and large ponies: 30 ml twice daily for 7 days, followed by 30 ml once daily for a further 7 days.\u00a0\u00a0Thereafter, 15 ml per day for maintenance. Maximum 60 ml per day.<\/p>\n<p>Smaller ponies: 20ml twice daily for 7 days, followed by 20 ml once daily for 7 days. Thereafter 10 ml per day for maintenance. Maximum 40 ml per day.<\/p>\n<h3>\u00a0<strong>Key Ingredients per 30 ml Serving:<\/strong><\/h3>\n<ul>\n<li>Magnesium 1.0g<\/li>\n<li>Folic Acid\u00a0 300mg<\/li>\n<li>Milk Thistle\u00a0\u00a0extract 1000mg<\/li>\n<li>Vitamin E\u00a0 210mg<\/li>\n<li>Melon Juice (antioxidant)\u00a0 \u00a0 0.75g<\/li>\n<li>Marshmallow extract 1000mg<\/li>\n<\/ul>\n<p>Nutritional additives\/kg: Vitamins: Vitamin E (3a700) 7,000mg, Folic Acid (3a316) 10,000mg,\u00a0Sensory additives: 2b Milk Thistle Extract 33,330mg, Althaea officinalis (Marshmallow) extract 33,330mg,\u00a0Composition: Water, Magnesium chloride, Melon Pulp.<\/p>\n<p><strong>Analytical Constituents<\/strong>:<\/p>\n<ul>\n<li>Crude Protein\u00a0\u00a0\u00a0\u00a0\u00a0\u00a0\u00a0\u00a0\u00a0\u00a0\u00a0\u00a0\u00a0&lt;1.0%<\/li>\n<li>Crude Fibre\u00a0\u00a0\u00a0\u00a0\u00a0\u00a0\u00a0\u00a0\u00a0\u00a0\u00a0\u00a0\u00a0\u00a0\u00a0\u00a0\u00a0\u00a0&lt;1.0%<\/li>\n<li>Crude Fat\u00a0\u00a0\u00a0\u00a0\u00a0\u00a0\u00a0\u00a0\u00a0\u00a0\u00a0\u00a0\u00a0\u00a0\u00a0\u00a0\u00a0\u00a0\u00a0\u00a0\u00a0\u00a0&lt;1.0%<\/li>\n<li>Crude Ash\u00a0\u00a0\u00a0\u00a0\u00a0\u00a0\u00a0\u00a0\u00a0\u00a0\u00a0\u00a0\u00a0\u00a0\u00a0\u00a0\u00a0\u00a0\u00a0\u00a0\u00a07.0%<\/li>\n<li>Sodium\u00a0\u00a0\u00a0\u00a0\u00a0\u00a0\u00a0\u00a0\u00a0\u00a0\u00a0\u00a0\u00a0\u00a0\u00a0\u00a0\u00a0\u00a0\u00a0\u00a0\u00a0\u00a0\u00a0\u00a0\u00a0&lt;1.0%<\/li>\n<li>Starch and sugar\u00a0\u00a0\u00a0\u00a0\u00a0\u00a0\u00a0\u00a0\u00a0\u00a0&lt;2.0%<\/li>\n<li>Magnesium\u00a0\u00a0\u00a0\u00a0\u00a0\u00a0\u00a0\u00a0\u00a0\u00a0\u00a0\u00a0\u00a0\u00a0\u00a0\u00a0\u00a0\u00a0\u00a0\u00a0\u00a03.3%<\/li>\n<li>Moisture\u00a0\u00a0\u00a0\u00a0\u00a0\u00a0\u00a0\u00a0\u00a0\u00a0\u00a0\u00a0\u00a0\u00a0\u00a0\u00a0\u00a0\u00a0\u00a0\u00a0\u00a0\u00a0\u00a0\u00a0\u00a075%<\/li>\n<\/ul>\n<p>It\u00a0can also be fed to the in-foal and lactating mare.<\/p>\n<h2>Findings about laminitis from recent studies<\/h2>\n<p>Historically, most laminitis cases were thought to be caused as a result of an inflammatory response, from over consumption of pasture and other feeds which are high in soluble carbohydrates, leading to a disruption to the hindgut microbiome, which caused the release of endotoxins, and the excessive production of free radicals from oxidation.<\/p>\n<p>The actual physiological responses which lead to laminitis are still unclear, but it is thought that the inflammatory response and the high level of damaging free radicals produced by oxidation during the inflammatory response ultimately affect blood supply to the feet. The restriction of blood to the feet causes damage and death to the laminae, resulting in pain and lameness, and in severe cases, rotation of the pedal bone.<\/p>\n<p>Excessive concussion of the feet, retained placenta in broodmares, systemic infections and supporting limb (following an injury) laminitis are also all thought to result in laminitis as a result of\u00a0<strong>Systemic Inflammatory Response Syndrome (SIRS)<\/strong>\u00a0 &#8211; Laminitis caused by inflammation and resulting oxidative damage.<\/p>\n<h3>However, recent studies have reported that a high proportion of laminitis cases are now thought to occur as a result of\u00a0<strong>Endocrine<\/strong>\u00a0or\u00a0<strong>hormonal dysfunction.<\/strong><\/h3>\n<p>These hormone imbalances can occur either as a result of PPID (Pars Pituitary Intermedia Dysfunction, commonly known as Cushings Disease), or a range of syndromes referred to as Equine Metabolic Syndrome or EMS. These disorders are characterised by, amongst other symptoms, insulin resistance (IR) and maybe be genetic in origin, as\u00a0 there seems to be a high incidence in Native ponies and some draft breeds.<\/p>\n<p>Again, it is not yet fully clear why higher than normal insulin levels can result in laminitis, but one theory is that insulin resistance may be associated with high levels of key proteins which cause vasoconstriction or narrowing of blood vessels in the feet. This is thought to result in narrowing and stretching of the lamellar cells over a period of time, before symptoms of pain and lameness become obvious to the owner \u2013 unlike SIRS laminitis, which is usually rapid in onset.<\/p>\n<p><strong>Other Useful Products<\/strong><\/p>\n<p><a href=\"https:\/\/www.tetraktis.si\/en\/product\/vitamin-mineral-supplement\/\"><strong>Everyday Vitamins and Minerals<\/strong><\/a> \u2013 to provide broad spectrum mineral and vitamin support for horses and ponies on forage based or very concentrate feed regimes. A\u00a0cost-effective broad spectrum supplement for general health.<\/p>\n<p><a href=\"https:\/\/www.tetraktis.si\/en\/product\/buteless-high-strength\/\"><strong>Buteless Xtra Strength Solution<\/strong><\/a>\u00a0-to provide comfort and support if necessary, following discussion with your vet.<\/p>\n<p>Although Equine America (UK) products have always been free from prohibited substances, our new UFAS and BETA NOPS certifications will provide further reassurance in the light of the recent high profile prohibited substances cases, giving our customers peace of mind regarding FEI and BEF prohibited substances, enabling full traceability.<\/p>\n<p>In order to comply with the rules and regulations regarding these certifications, we are only able to use certain suppliers, who are also certified, and so have had to make a change to our supply of ingredients and will not be adding colourants to the products.<\/p>\n<p><span style=\"color: #8c1b8c;\">Label information:<\/span><\/p>\n<p><span style=\"color: #8c1b8c;\"><a style=\"color: #8c1b8c;\" href=\"https:\/\/www.tetraktis.si\/wp-content\/uploads\/2019\/10\/LAMIGARD-ADVANCED-CARE-PELLETSsolution.pdf\">SOLUTION 1 Ltr<\/a><\/span><\/p>\n","protected":false},"excerpt":{"rendered":"<p id=\"breadCrumbs\"><strong>Lamigard Regular Solution<\/strong> is a carefully formulated blend of ingredients to provide nutritional and antioxidant support for horses and ponies, and can be used both at higher levels for short term benefit, and maintenance levels for long term health.<\/p>\n","protected":false},"featured_media":21740,"comment_status":"open","ping_status":"closed","template":"","meta":[],"product_brand":[],"product_cat":[3313,3326,3324],"product_tag":[],"class_list":{"0":"post-32500","1":"product","2":"type-product","3":"status-publish","4":"has-post-thumbnail","6":"product_cat-competition","7":"product_cat-products-onsale-horses","8":"product_cat-hoofcare","11":"first","12":"instock","13":"taxable","14":"shipping-taxable","15":"purchasable","16":"product-type-simple"},"yoast_head":"<!-- This site is optimized with the Yoast SEO Premium plugin v20.10 (Yoast SEO v27.3) - https:\/\/yoast.com\/product\/yoast-seo-premium-wordpress\/ -->\n<title>Lamigard Regular is effective supplement for treating laminitis in horses<\/title>\n<meta name=\"description\" content=\"Lamigard Regular Solution- nutritional and antioxidant support for horses and ponies, for short term benefit, and maintenance levels!\" \/>\n<meta name=\"robots\" content=\"index, follow, max-snippet:-1, max-image-preview:large, max-video-preview:-1\" \/>\n<link rel=\"canonical\" href=\"https:\/\/tetraktis.si\/en\/izdelek\/lamigard-regular-trt-for-laminitis-solution\/\" \/>\n<meta property=\"og:locale\" content=\"en_US\" \/>\n<meta property=\"og:type\" content=\"article\" \/>\n<meta property=\"og:title\" content=\"Lamigard Regular is effective supplement for treating laminitis in horses\" \/>\n<meta property=\"og:description\" content=\"Lamigard Regular Solution- nutritional and antioxidant support for horses and ponies, for short term benefit, and maintenance levels!\" \/>\n<meta property=\"og:url\" content=\"https:\/\/tetraktis.si\/en\/izdelek\/lamigard-regular-trt-for-laminitis-solution\/\" \/>\n<meta property=\"og:site_name\" content=\"Tetraktis- Equine America, Dorwest, Excel\" \/>\n<meta property=\"article:publisher\" content=\"https:\/\/business.facebook.com\/equineamericashop\/?business_id=193323571192825\" \/>\n<meta property=\"article:modified_time\" content=\"2026-03-10T13:29:40+00:00\" \/>\n<meta property=\"og:image\" content=\"https:\/\/tetraktis.si\/wp-content\/uploads\/2022\/04\/LAMIGARD-ADVANCED-CARE-PELLETSsolution.jpg\" \/>\n\t<meta property=\"og:image:width\" content=\"924\" \/>\n\t<meta property=\"og:image:height\" content=\"924\" \/>\n\t<meta property=\"og:image:type\" content=\"image\/jpeg\" \/>\n<meta name=\"twitter:card\" content=\"summary_large_image\" \/>\n<meta name=\"twitter:site\" content=\"@TetraktisInfo\" \/>\n<meta name=\"twitter:label1\" content=\"Est. reading time\" \/>\n\t<meta name=\"twitter:data1\" content=\"5 minutes\" \/>\n<script type=\"application\/ld+json\" class=\"yoast-schema-graph\">{\"@context\":\"https:\\\/\\\/schema.org\",\"@graph\":[{\"@type\":\"WebPage\",\"@id\":\"https:\\\/\\\/tetraktis.si\\\/en\\\/izdelek\\\/lamigard-regular-trt-for-laminitis-solution\\\/\",\"url\":\"https:\\\/\\\/tetraktis.si\\\/en\\\/izdelek\\\/lamigard-regular-trt-for-laminitis-solution\\\/\",\"name\":\"Lamigard Regular is effective supplement for treating laminitis in horses\",\"isPartOf\":{\"@id\":\"https:\\\/\\\/tetraktis.si\\\/en\\\/#website\"},\"primaryImageOfPage\":{\"@id\":\"https:\\\/\\\/tetraktis.si\\\/en\\\/izdelek\\\/lamigard-regular-trt-for-laminitis-solution\\\/#primaryimage\"},\"image\":{\"@id\":\"https:\\\/\\\/tetraktis.si\\\/en\\\/izdelek\\\/lamigard-regular-trt-for-laminitis-solution\\\/#primaryimage\"},\"thumbnailUrl\":\"https:\\\/\\\/tetraktis.si\\\/wp-content\\\/uploads\\\/2022\\\/04\\\/LAMIGARD-ADVANCED-CARE-PELLETSsolution.jpg\",\"datePublished\":\"2022-04-27T13:57:16+00:00\",\"dateModified\":\"2026-03-10T13:29:40+00:00\",\"description\":\"Lamigard Regular Solution- nutritional and antioxidant support for horses and ponies, for short term benefit, and maintenance levels!\",\"breadcrumb\":{\"@id\":\"https:\\\/\\\/tetraktis.si\\\/en\\\/izdelek\\\/lamigard-regular-trt-for-laminitis-solution\\\/#breadcrumb\"},\"inLanguage\":\"en-US\",\"potentialAction\":[{\"@type\":\"ReadAction\",\"target\":[\"https:\\\/\\\/tetraktis.si\\\/en\\\/izdelek\\\/lamigard-regular-trt-for-laminitis-solution\\\/\"]}]},{\"@type\":\"ImageObject\",\"inLanguage\":\"en-US\",\"@id\":\"https:\\\/\\\/tetraktis.si\\\/en\\\/izdelek\\\/lamigard-regular-trt-for-laminitis-solution\\\/#primaryimage\",\"url\":\"https:\\\/\\\/tetraktis.si\\\/wp-content\\\/uploads\\\/2022\\\/04\\\/LAMIGARD-ADVANCED-CARE-PELLETSsolution.jpg\",\"contentUrl\":\"https:\\\/\\\/tetraktis.si\\\/wp-content\\\/uploads\\\/2022\\\/04\\\/LAMIGARD-ADVANCED-CARE-PELLETSsolution.jpg\",\"width\":924,\"height\":924},{\"@type\":\"BreadcrumbList\",\"@id\":\"https:\\\/\\\/tetraktis.si\\\/en\\\/izdelek\\\/lamigard-regular-trt-for-laminitis-solution\\\/#breadcrumb\",\"itemListElement\":[{\"@type\":\"ListItem\",\"position\":1,\"name\":\"Shop\",\"item\":\"https:\\\/\\\/tetraktis.si\\\/en\\\/shop-3\\\/\"},{\"@type\":\"ListItem\",\"position\":2,\"name\":\"Lamigard Regular TRT (for laminitis) solution\"}]},{\"@type\":\"WebSite\",\"@id\":\"https:\\\/\\\/tetraktis.si\\\/en\\\/#website\",\"url\":\"https:\\\/\\\/tetraktis.si\\\/en\\\/\",\"name\":\"Tetraktis- Equine America, Dorwest, Excel\",\"description\":\"Samo najbolj\u0161e za va\u0161e \u017eivali\",\"publisher\":{\"@id\":\"https:\\\/\\\/tetraktis.si\\\/en\\\/#organization\"},\"potentialAction\":[{\"@type\":\"SearchAction\",\"target\":{\"@type\":\"EntryPoint\",\"urlTemplate\":\"https:\\\/\\\/tetraktis.si\\\/en\\\/?s={search_term_string}\"},\"query-input\":{\"@type\":\"PropertyValueSpecification\",\"valueRequired\":true,\"valueName\":\"search_term_string\"}}],\"inLanguage\":\"en-US\"},{\"@type\":\"Organization\",\"@id\":\"https:\\\/\\\/tetraktis.si\\\/en\\\/#organization\",\"name\":\"Tetraktis\",\"url\":\"https:\\\/\\\/tetraktis.si\\\/en\\\/\",\"logo\":{\"@type\":\"ImageObject\",\"inLanguage\":\"en-US\",\"@id\":\"https:\\\/\\\/tetraktis.si\\\/en\\\/#\\\/schema\\\/logo\\\/image\\\/\",\"url\":\"https:\\\/\\\/tetraktis.si\\\/wp-content\\\/uploads\\\/2022\\\/06\\\/logo.webp\",\"contentUrl\":\"https:\\\/\\\/tetraktis.si\\\/wp-content\\\/uploads\\\/2022\\\/06\\\/logo.webp\",\"width\":400,\"height\":211,\"caption\":\"Tetraktis\"},\"image\":{\"@id\":\"https:\\\/\\\/tetraktis.si\\\/en\\\/#\\\/schema\\\/logo\\\/image\\\/\"},\"sameAs\":[\"https:\\\/\\\/business.facebook.com\\\/equineamericashop\\\/?business_id=193323571192825\",\"https:\\\/\\\/x.com\\\/TetraktisInfo\",\"https:\\\/\\\/www.instagram.com\\\/tetraktisslovenija\\\/\",\"https:\\\/\\\/www.youtube.com\\\/channel\\\/UCk_PdKMdtpZ4pf0RRFL1vYA\"]}]}<\/script>\n<!-- \/ Yoast SEO Premium plugin. -->","yoast_head_json":{"title":"Lamigard Regular is effective supplement for treating laminitis in horses","description":"Lamigard Regular Solution- nutritional and antioxidant support for horses and ponies, for short term benefit, and maintenance levels!","robots":{"index":"index","follow":"follow","max-snippet":"max-snippet:-1","max-image-preview":"max-image-preview:large","max-video-preview":"max-video-preview:-1"},"canonical":"https:\/\/tetraktis.si\/en\/izdelek\/lamigard-regular-trt-for-laminitis-solution\/","og_locale":"en_US","og_type":"article","og_title":"Lamigard Regular is effective supplement for treating laminitis in horses","og_description":"Lamigard Regular Solution- nutritional and antioxidant support for horses and ponies, for short term benefit, and maintenance levels!","og_url":"https:\/\/tetraktis.si\/en\/izdelek\/lamigard-regular-trt-for-laminitis-solution\/","og_site_name":"Tetraktis- Equine America, Dorwest, Excel","article_publisher":"https:\/\/business.facebook.com\/equineamericashop\/?business_id=193323571192825","article_modified_time":"2026-03-10T13:29:40+00:00","og_image":[{"width":924,"height":924,"url":"https:\/\/tetraktis.si\/wp-content\/uploads\/2022\/04\/LAMIGARD-ADVANCED-CARE-PELLETSsolution.jpg","type":"image\/jpeg"}],"twitter_card":"summary_large_image","twitter_site":"@TetraktisInfo","twitter_misc":{"Est. reading time":"5 minutes"},"schema":{"@context":"https:\/\/schema.org","@graph":[{"@type":"WebPage","@id":"https:\/\/tetraktis.si\/en\/izdelek\/lamigard-regular-trt-for-laminitis-solution\/","url":"https:\/\/tetraktis.si\/en\/izdelek\/lamigard-regular-trt-for-laminitis-solution\/","name":"Lamigard Regular is effective supplement for treating laminitis in horses","isPartOf":{"@id":"https:\/\/tetraktis.si\/en\/#website"},"primaryImageOfPage":{"@id":"https:\/\/tetraktis.si\/en\/izdelek\/lamigard-regular-trt-for-laminitis-solution\/#primaryimage"},"image":{"@id":"https:\/\/tetraktis.si\/en\/izdelek\/lamigard-regular-trt-for-laminitis-solution\/#primaryimage"},"thumbnailUrl":"https:\/\/tetraktis.si\/wp-content\/uploads\/2022\/04\/LAMIGARD-ADVANCED-CARE-PELLETSsolution.jpg","datePublished":"2022-04-27T13:57:16+00:00","dateModified":"2026-03-10T13:29:40+00:00","description":"Lamigard Regular Solution- nutritional and antioxidant support for horses and ponies, for short term benefit, and maintenance levels!","breadcrumb":{"@id":"https:\/\/tetraktis.si\/en\/izdelek\/lamigard-regular-trt-for-laminitis-solution\/#breadcrumb"},"inLanguage":"en-US","potentialAction":[{"@type":"ReadAction","target":["https:\/\/tetraktis.si\/en\/izdelek\/lamigard-regular-trt-for-laminitis-solution\/"]}]},{"@type":"ImageObject","inLanguage":"en-US","@id":"https:\/\/tetraktis.si\/en\/izdelek\/lamigard-regular-trt-for-laminitis-solution\/#primaryimage","url":"https:\/\/tetraktis.si\/wp-content\/uploads\/2022\/04\/LAMIGARD-ADVANCED-CARE-PELLETSsolution.jpg","contentUrl":"https:\/\/tetraktis.si\/wp-content\/uploads\/2022\/04\/LAMIGARD-ADVANCED-CARE-PELLETSsolution.jpg","width":924,"height":924},{"@type":"BreadcrumbList","@id":"https:\/\/tetraktis.si\/en\/izdelek\/lamigard-regular-trt-for-laminitis-solution\/#breadcrumb","itemListElement":[{"@type":"ListItem","position":1,"name":"Shop","item":"https:\/\/tetraktis.si\/en\/shop-3\/"},{"@type":"ListItem","position":2,"name":"Lamigard Regular TRT (for laminitis) solution"}]},{"@type":"WebSite","@id":"https:\/\/tetraktis.si\/en\/#website","url":"https:\/\/tetraktis.si\/en\/","name":"Tetraktis- Equine America, Dorwest, Excel","description":"Samo najbolj\u0161e za va\u0161e \u017eivali","publisher":{"@id":"https:\/\/tetraktis.si\/en\/#organization"},"potentialAction":[{"@type":"SearchAction","target":{"@type":"EntryPoint","urlTemplate":"https:\/\/tetraktis.si\/en\/?s={search_term_string}"},"query-input":{"@type":"PropertyValueSpecification","valueRequired":true,"valueName":"search_term_string"}}],"inLanguage":"en-US"},{"@type":"Organization","@id":"https:\/\/tetraktis.si\/en\/#organization","name":"Tetraktis","url":"https:\/\/tetraktis.si\/en\/","logo":{"@type":"ImageObject","inLanguage":"en-US","@id":"https:\/\/tetraktis.si\/en\/#\/schema\/logo\/image\/","url":"https:\/\/tetraktis.si\/wp-content\/uploads\/2022\/06\/logo.webp","contentUrl":"https:\/\/tetraktis.si\/wp-content\/uploads\/2022\/06\/logo.webp","width":400,"height":211,"caption":"Tetraktis"},"image":{"@id":"https:\/\/tetraktis.si\/en\/#\/schema\/logo\/image\/"},"sameAs":["https:\/\/business.facebook.com\/equineamericashop\/?business_id=193323571192825","https:\/\/x.com\/TetraktisInfo","https:\/\/www.instagram.com\/tetraktisslovenija\/","https:\/\/www.youtube.com\/channel\/UCk_PdKMdtpZ4pf0RRFL1vYA"]}]}},"_links":{"self":[{"href":"https:\/\/tetraktis.si\/en\/wp-json\/wp\/v2\/product\/32500","targetHints":{"allow":["GET"]}}],"collection":[{"href":"https:\/\/tetraktis.si\/en\/wp-json\/wp\/v2\/product"}],"about":[{"href":"https:\/\/tetraktis.si\/en\/wp-json\/wp\/v2\/types\/product"}],"replies":[{"embeddable":true,"href":"https:\/\/tetraktis.si\/en\/wp-json\/wp\/v2\/comments?post=32500"}],"version-history":[{"count":1,"href":"https:\/\/tetraktis.si\/en\/wp-json\/wp\/v2\/product\/32500\/revisions"}],"predecessor-version":[{"id":37121,"href":"https:\/\/tetraktis.si\/en\/wp-json\/wp\/v2\/product\/32500\/revisions\/37121"}],"wp:featuredmedia":[{"embeddable":true,"href":"https:\/\/tetraktis.si\/en\/wp-json\/wp\/v2\/media\/21740"}],"wp:attachment":[{"href":"https:\/\/tetraktis.si\/en\/wp-json\/wp\/v2\/media?parent=32500"}],"wp:term":[{"taxonomy":"product_brand","embeddable":true,"href":"https:\/\/tetraktis.si\/en\/wp-json\/wp\/v2\/product_brand?post=32500"},{"taxonomy":"product_cat","embeddable":true,"href":"https:\/\/tetraktis.si\/en\/wp-json\/wp\/v2\/product_cat?post=32500"},{"taxonomy":"product_tag","embeddable":true,"href":"https:\/\/tetraktis.si\/en\/wp-json\/wp\/v2\/product_tag?post=32500"}],"curies":[{"name":"wp","href":"https:\/\/api.w.org\/{rel}","templated":true}]}}