{"id":32496,"date":"2022-04-27T15:56:47","date_gmt":"2022-04-27T13:56:47","guid":{"rendered":"https:\/\/cortaflex.si\/izdelek\/canine-cortaflex-working-dog-powder\/"},"modified":"2025-12-04T08:58:43","modified_gmt":"2025-12-04T07:58:43","slug":"canine-cortaflex-working-dog-powder","status":"publish","type":"product","link":"https:\/\/tetraktis.si\/en\/izdelek\/canine-cortaflex-working-dog-powder\/","title":{"rendered":"Canine Cortaflex Working Dog powder"},"content":{"rendered":"<div class=\"descInfo marginBottom\">\n<h1>CORTAFLEX FOR DOGS<\/h1>\n<p>&nbsp;<\/p>\n<p>Cortaflex for dogs- when only the best will do, <strong>Cortaflex Working Dog<\/strong> performs on another level. <strong>World-class ingredients<\/strong> come together in an optimally dosed formula for the best joint mobility and comfort support anywhere in the world today.<\/p>\n<p>Built on the solid foundations of glucosamine, chondroitin, and hyaluronic acid for joint structure and lubrication, Cortaflex Working Dog includes a unique and highly specialized <strong>native type II collagen (b-2Cool\u00ae)<\/strong> that invokes an intelligent immune-mediated mechanism to prevent connective tissue degradation. b-2Cool\u00ae is endorsed by 3 scientific studies. Cortaflex Working Dog also contains <strong>vitamin C<\/strong> and manganese which act as cofactors for structural tissue development, which additionally contribute as antioxidants to soothe irritation.<\/p>\n<p>For the hardest working dogs and those of more advanced years, daily joint comfort becomes absolutely essential.<\/p>\n<h2>Rest assured Cortaflex Working Dog has your dog covered:<\/h2>\n<ul>\n<li>introducing <a href=\"https:\/\/www.tetraktis.si\/en\/product\/canine-inflamex-solution-500ml\/\"><strong>AquaLOX\u00ae boswellia<\/strong><\/a> &#8211; the world&#8217;s most powerful and most effective botanical for soothing sore and aching joints.<\/li>\n<li>Backed by numerous scientific trials, AquaLOX\u00ae Boswellia contains exceptionally high levels of AKBA (Alpha Keto Boswellic Acid), the key component recognized for its incredible results.<\/li>\n<\/ul>\n<p><strong>FEEDING DIRECTIONS PER DAY<\/strong>:<br \/>\nSmall Dogs (&lt;20kg): Add 1.5g powder to feed and mix thoroughly (60 day supply)<br \/>\nLarge Dogs (&gt;20kg): Add 3g powder to feed and mix thoroughly (30 day supply)<\/p>\n<p>Approx. 0,75g scoop enclosed<\/p>\n<p><em style=\"font-size: 23.04px; color: #333333;\">Cortaflex for dogs key Features<\/em><\/p>\n<div class=\"descInfo marginBottom\">\n<ul>\n<li>Cortaflex is the\u00a0No1 Joint Supplement with over 2 million bottles sold!<\/li>\n<li>With\u00a0type II collagen b-2Cool\u00ae &amp; <a href=\"https:\/\/www.tetraktis.si\/product\/canine-inflamex-sirup-473ml\/\">AquaLOX\u00ae Boswellia<\/a><\/li>\n<li>Natural health care for your pet&#8217;s joints using only premium grade materials,<\/li>\n<li>Easy to feed<\/li>\n<\/ul>\n<p>Our range of dog supplements is market-leading. We have developed a range of health supplements for dogs including joint and skincare products. Cortaflex for dogs is a highly popular and effective joint supplement for dogs with joint problems or to help prevent the effects of aging on joints. Our derma gel is a fantastic skincare product for dogs along with our derma spray. We have years of experience creating affordable and effective animal supplements and treatments and our canine range are there for your dog.<\/p>\n<p><strong>Ingredients per 3mg<\/strong>: Glucosamine 690mg, Manganese2.1mg, Type II Collagen 20mg, AKBA (Boswellia)40mg, Chondroitin Sulphate87mg, Hyaluronic Acid6.3mg, Vitamin C 40mg from (from AquaLOX Boswellia 78% AKBA).<\/p>\n<p>&nbsp;<\/p>\n<\/div>\n<\/div>\n","protected":false},"excerpt":{"rendered":"<ul>\n<li>Cortaflex is the\u00a0No1 Joint Supplement with over 2 million bottles sold!<\/li>\n<li>With\u00a0type II collagen b-2Cool\u00ae &amp; AquaLOX\u00ae\u00a0boswellia<\/li>\n<li>Natural health care for your pet&#8217;s joints using only premium grade materials<\/li>\n<li>Easy to feed<\/li>\n<\/ul>\n","protected":false},"featured_media":43048,"comment_status":"open","ping_status":"closed","template":"","meta":[],"product_brand":[],"product_cat":[3329,3323],"product_tag":[],"class_list":{"0":"post-32496","1":"product","2":"type-product","3":"status-publish","4":"has-post-thumbnail","6":"product_cat-food-supplements","7":"product_cat-dogs-cats","10":"first","11":"instock","12":"taxable","13":"shipping-taxable","14":"purchasable","15":"product-type-simple"},"yoast_head":"<!-- This site is optimized with the Yoast SEO Premium plugin v20.10 (Yoast SEO v27.6) - https:\/\/yoast.com\/product\/yoast-seo-premium-wordpress\/ -->\n<title>Cortaflex for dogs with Boswelia by Equine America<\/title>\n<meta name=\"description\" content=\"Cortaflex for dogs is built on the solid foundations of glucosamine, chondroitin and hyaluronic acid for joint structure and lubrication\" \/>\n<meta name=\"robots\" content=\"index, follow, max-snippet:-1, max-image-preview:large, max-video-preview:-1\" \/>\n<link rel=\"canonical\" href=\"https:\/\/tetraktis.si\/en\/izdelek\/canine-cortaflex-working-dog-powder\/\" \/>\n<meta property=\"og:locale\" content=\"en_US\" \/>\n<meta property=\"og:type\" content=\"article\" \/>\n<meta property=\"og:title\" content=\"Cortaflex for dogs with Boswelia by Equine America\" \/>\n<meta property=\"og:description\" content=\"Cortaflex for dogs is built on the solid foundations of glucosamine, chondroitin and hyaluronic acid for joint structure and lubrication\" \/>\n<meta property=\"og:url\" content=\"https:\/\/tetraktis.si\/en\/izdelek\/canine-cortaflex-working-dog-powder\/\" \/>\n<meta property=\"og:site_name\" content=\"Tetraktis- Equine America, Dorwest, Excel\" \/>\n<meta property=\"article:publisher\" content=\"https:\/\/business.facebook.com\/equineamericashop\/?business_id=193323571192825\" \/>\n<meta property=\"article:modified_time\" content=\"2025-12-04T07:58:43+00:00\" \/>\n<meta property=\"og:image\" content=\"https:\/\/tetraktis.si\/wp-content\/uploads\/2022\/04\/canine-cortaflex-working-dog-powder.jpg\" \/>\n\t<meta property=\"og:image:width\" content=\"924\" \/>\n\t<meta property=\"og:image:height\" content=\"924\" \/>\n\t<meta property=\"og:image:type\" content=\"image\/jpeg\" \/>\n<meta name=\"twitter:card\" content=\"summary_large_image\" \/>\n<meta name=\"twitter:site\" content=\"@TetraktisInfo\" \/>\n<meta name=\"twitter:label1\" content=\"Est. reading time\" \/>\n\t<meta name=\"twitter:data1\" content=\"3 minutes\" \/>\n<script type=\"application\/ld+json\" class=\"yoast-schema-graph\">{\"@context\":\"https:\\\/\\\/schema.org\",\"@graph\":[{\"@type\":\"WebPage\",\"@id\":\"https:\\\/\\\/tetraktis.si\\\/en\\\/izdelek\\\/canine-cortaflex-working-dog-powder\\\/\",\"url\":\"https:\\\/\\\/tetraktis.si\\\/en\\\/izdelek\\\/canine-cortaflex-working-dog-powder\\\/\",\"name\":\"Cortaflex for dogs with Boswelia by Equine America\",\"isPartOf\":{\"@id\":\"https:\\\/\\\/tetraktis.si\\\/en\\\/#website\"},\"primaryImageOfPage\":{\"@id\":\"https:\\\/\\\/tetraktis.si\\\/en\\\/izdelek\\\/canine-cortaflex-working-dog-powder\\\/#primaryimage\"},\"image\":{\"@id\":\"https:\\\/\\\/tetraktis.si\\\/en\\\/izdelek\\\/canine-cortaflex-working-dog-powder\\\/#primaryimage\"},\"thumbnailUrl\":\"https:\\\/\\\/tetraktis.si\\\/wp-content\\\/uploads\\\/2022\\\/04\\\/Canine-Cortaflex-za-pse.webp\",\"datePublished\":\"2022-04-27T13:56:47+00:00\",\"dateModified\":\"2025-12-04T07:58:43+00:00\",\"description\":\"Cortaflex for dogs is built on the solid foundations of glucosamine, chondroitin and hyaluronic acid for joint structure and lubrication\",\"breadcrumb\":{\"@id\":\"https:\\\/\\\/tetraktis.si\\\/en\\\/izdelek\\\/canine-cortaflex-working-dog-powder\\\/#breadcrumb\"},\"inLanguage\":\"en-US\",\"potentialAction\":[{\"@type\":\"ReadAction\",\"target\":[\"https:\\\/\\\/tetraktis.si\\\/en\\\/izdelek\\\/canine-cortaflex-working-dog-powder\\\/\"]}]},{\"@type\":\"ImageObject\",\"inLanguage\":\"en-US\",\"@id\":\"https:\\\/\\\/tetraktis.si\\\/en\\\/izdelek\\\/canine-cortaflex-working-dog-powder\\\/#primaryimage\",\"url\":\"https:\\\/\\\/tetraktis.si\\\/wp-content\\\/uploads\\\/2022\\\/04\\\/Canine-Cortaflex-za-pse.webp\",\"contentUrl\":\"https:\\\/\\\/tetraktis.si\\\/wp-content\\\/uploads\\\/2022\\\/04\\\/Canine-Cortaflex-za-pse.webp\",\"width\":540,\"height\":540,\"caption\":\"kolagen za pse\"},{\"@type\":\"BreadcrumbList\",\"@id\":\"https:\\\/\\\/tetraktis.si\\\/en\\\/izdelek\\\/canine-cortaflex-working-dog-powder\\\/#breadcrumb\",\"itemListElement\":[{\"@type\":\"ListItem\",\"position\":1,\"name\":\"Shop\",\"item\":\"https:\\\/\\\/tetraktis.si\\\/en\\\/shop-3\\\/\"},{\"@type\":\"ListItem\",\"position\":2,\"name\":\"Canine Cortaflex Working Dog powder\"}]},{\"@type\":\"WebSite\",\"@id\":\"https:\\\/\\\/tetraktis.si\\\/en\\\/#website\",\"url\":\"https:\\\/\\\/tetraktis.si\\\/en\\\/\",\"name\":\"Tetraktis- Equine America, Dorwest, Excel\",\"description\":\"Samo najbolj\u0161e za va\u0161e \u017eivali\",\"publisher\":{\"@id\":\"https:\\\/\\\/tetraktis.si\\\/en\\\/#organization\"},\"potentialAction\":[{\"@type\":\"SearchAction\",\"target\":{\"@type\":\"EntryPoint\",\"urlTemplate\":\"https:\\\/\\\/tetraktis.si\\\/en\\\/?s={search_term_string}\"},\"query-input\":{\"@type\":\"PropertyValueSpecification\",\"valueRequired\":true,\"valueName\":\"search_term_string\"}}],\"inLanguage\":\"en-US\"},{\"@type\":\"Organization\",\"@id\":\"https:\\\/\\\/tetraktis.si\\\/en\\\/#organization\",\"name\":\"Tetraktis\",\"url\":\"https:\\\/\\\/tetraktis.si\\\/en\\\/\",\"logo\":{\"@type\":\"ImageObject\",\"inLanguage\":\"en-US\",\"@id\":\"https:\\\/\\\/tetraktis.si\\\/en\\\/#\\\/schema\\\/logo\\\/image\\\/\",\"url\":\"https:\\\/\\\/tetraktis.si\\\/wp-content\\\/uploads\\\/2022\\\/06\\\/logo.webp\",\"contentUrl\":\"https:\\\/\\\/tetraktis.si\\\/wp-content\\\/uploads\\\/2022\\\/06\\\/logo.webp\",\"width\":400,\"height\":211,\"caption\":\"Tetraktis\"},\"image\":{\"@id\":\"https:\\\/\\\/tetraktis.si\\\/en\\\/#\\\/schema\\\/logo\\\/image\\\/\"},\"sameAs\":[\"https:\\\/\\\/business.facebook.com\\\/equineamericashop\\\/?business_id=193323571192825\",\"https:\\\/\\\/x.com\\\/TetraktisInfo\",\"https:\\\/\\\/www.instagram.com\\\/tetraktisslovenija\\\/\",\"https:\\\/\\\/www.youtube.com\\\/channel\\\/UCk_PdKMdtpZ4pf0RRFL1vYA\"]}]}<\/script>\n<!-- \/ Yoast SEO Premium plugin. -->","yoast_head_json":{"title":"Cortaflex for dogs with Boswelia by Equine America","description":"Cortaflex for dogs is built on the solid foundations of glucosamine, chondroitin and hyaluronic acid for joint structure and lubrication","robots":{"index":"index","follow":"follow","max-snippet":"max-snippet:-1","max-image-preview":"max-image-preview:large","max-video-preview":"max-video-preview:-1"},"canonical":"https:\/\/tetraktis.si\/en\/izdelek\/canine-cortaflex-working-dog-powder\/","og_locale":"en_US","og_type":"article","og_title":"Cortaflex for dogs with Boswelia by Equine America","og_description":"Cortaflex for dogs is built on the solid foundations of glucosamine, chondroitin and hyaluronic acid for joint structure and lubrication","og_url":"https:\/\/tetraktis.si\/en\/izdelek\/canine-cortaflex-working-dog-powder\/","og_site_name":"Tetraktis- Equine America, Dorwest, Excel","article_publisher":"https:\/\/business.facebook.com\/equineamericashop\/?business_id=193323571192825","article_modified_time":"2025-12-04T07:58:43+00:00","og_image":[{"width":924,"height":924,"url":"https:\/\/tetraktis.si\/wp-content\/uploads\/2022\/04\/canine-cortaflex-working-dog-powder.jpg","type":"image\/jpeg"}],"twitter_card":"summary_large_image","twitter_site":"@TetraktisInfo","twitter_misc":{"Est. reading time":"3 minutes"},"schema":{"@context":"https:\/\/schema.org","@graph":[{"@type":"WebPage","@id":"https:\/\/tetraktis.si\/en\/izdelek\/canine-cortaflex-working-dog-powder\/","url":"https:\/\/tetraktis.si\/en\/izdelek\/canine-cortaflex-working-dog-powder\/","name":"Cortaflex for dogs with Boswelia by Equine America","isPartOf":{"@id":"https:\/\/tetraktis.si\/en\/#website"},"primaryImageOfPage":{"@id":"https:\/\/tetraktis.si\/en\/izdelek\/canine-cortaflex-working-dog-powder\/#primaryimage"},"image":{"@id":"https:\/\/tetraktis.si\/en\/izdelek\/canine-cortaflex-working-dog-powder\/#primaryimage"},"thumbnailUrl":"https:\/\/tetraktis.si\/wp-content\/uploads\/2022\/04\/Canine-Cortaflex-za-pse.webp","datePublished":"2022-04-27T13:56:47+00:00","dateModified":"2025-12-04T07:58:43+00:00","description":"Cortaflex for dogs is built on the solid foundations of glucosamine, chondroitin and hyaluronic acid for joint structure and lubrication","breadcrumb":{"@id":"https:\/\/tetraktis.si\/en\/izdelek\/canine-cortaflex-working-dog-powder\/#breadcrumb"},"inLanguage":"en-US","potentialAction":[{"@type":"ReadAction","target":["https:\/\/tetraktis.si\/en\/izdelek\/canine-cortaflex-working-dog-powder\/"]}]},{"@type":"ImageObject","inLanguage":"en-US","@id":"https:\/\/tetraktis.si\/en\/izdelek\/canine-cortaflex-working-dog-powder\/#primaryimage","url":"https:\/\/tetraktis.si\/wp-content\/uploads\/2022\/04\/Canine-Cortaflex-za-pse.webp","contentUrl":"https:\/\/tetraktis.si\/wp-content\/uploads\/2022\/04\/Canine-Cortaflex-za-pse.webp","width":540,"height":540,"caption":"kolagen za pse"},{"@type":"BreadcrumbList","@id":"https:\/\/tetraktis.si\/en\/izdelek\/canine-cortaflex-working-dog-powder\/#breadcrumb","itemListElement":[{"@type":"ListItem","position":1,"name":"Shop","item":"https:\/\/tetraktis.si\/en\/shop-3\/"},{"@type":"ListItem","position":2,"name":"Canine Cortaflex Working Dog powder"}]},{"@type":"WebSite","@id":"https:\/\/tetraktis.si\/en\/#website","url":"https:\/\/tetraktis.si\/en\/","name":"Tetraktis- Equine America, Dorwest, Excel","description":"Samo najbolj\u0161e za va\u0161e \u017eivali","publisher":{"@id":"https:\/\/tetraktis.si\/en\/#organization"},"potentialAction":[{"@type":"SearchAction","target":{"@type":"EntryPoint","urlTemplate":"https:\/\/tetraktis.si\/en\/?s={search_term_string}"},"query-input":{"@type":"PropertyValueSpecification","valueRequired":true,"valueName":"search_term_string"}}],"inLanguage":"en-US"},{"@type":"Organization","@id":"https:\/\/tetraktis.si\/en\/#organization","name":"Tetraktis","url":"https:\/\/tetraktis.si\/en\/","logo":{"@type":"ImageObject","inLanguage":"en-US","@id":"https:\/\/tetraktis.si\/en\/#\/schema\/logo\/image\/","url":"https:\/\/tetraktis.si\/wp-content\/uploads\/2022\/06\/logo.webp","contentUrl":"https:\/\/tetraktis.si\/wp-content\/uploads\/2022\/06\/logo.webp","width":400,"height":211,"caption":"Tetraktis"},"image":{"@id":"https:\/\/tetraktis.si\/en\/#\/schema\/logo\/image\/"},"sameAs":["https:\/\/business.facebook.com\/equineamericashop\/?business_id=193323571192825","https:\/\/x.com\/TetraktisInfo","https:\/\/www.instagram.com\/tetraktisslovenija\/","https:\/\/www.youtube.com\/channel\/UCk_PdKMdtpZ4pf0RRFL1vYA"]}]}},"_links":{"self":[{"href":"https:\/\/tetraktis.si\/en\/wp-json\/wp\/v2\/product\/32496","targetHints":{"allow":["GET"]}}],"collection":[{"href":"https:\/\/tetraktis.si\/en\/wp-json\/wp\/v2\/product"}],"about":[{"href":"https:\/\/tetraktis.si\/en\/wp-json\/wp\/v2\/types\/product"}],"replies":[{"embeddable":true,"href":"https:\/\/tetraktis.si\/en\/wp-json\/wp\/v2\/comments?post=32496"}],"version-history":[{"count":2,"href":"https:\/\/tetraktis.si\/en\/wp-json\/wp\/v2\/product\/32496\/revisions"}],"predecessor-version":[{"id":38395,"href":"https:\/\/tetraktis.si\/en\/wp-json\/wp\/v2\/product\/32496\/revisions\/38395"}],"wp:featuredmedia":[{"embeddable":true,"href":"https:\/\/tetraktis.si\/en\/wp-json\/wp\/v2\/media\/43048"}],"wp:attachment":[{"href":"https:\/\/tetraktis.si\/en\/wp-json\/wp\/v2\/media?parent=32496"}],"wp:term":[{"taxonomy":"product_brand","embeddable":true,"href":"https:\/\/tetraktis.si\/en\/wp-json\/wp\/v2\/product_brand?post=32496"},{"taxonomy":"product_cat","embeddable":true,"href":"https:\/\/tetraktis.si\/en\/wp-json\/wp\/v2\/product_cat?post=32496"},{"taxonomy":"product_tag","embeddable":true,"href":"https:\/\/tetraktis.si\/en\/wp-json\/wp\/v2\/product_tag?post=32496"}],"curies":[{"name":"wp","href":"https:\/\/api.w.org\/{rel}","templated":true}]}}