{"id":32494,"date":"2022-04-27T15:56:47","date_gmt":"2022-04-27T13:56:47","guid":{"rendered":"https:\/\/cortaflex.si\/izdelek\/copper-plus-powder\/"},"modified":"2023-03-28T09:00:57","modified_gmt":"2023-03-28T07:00:57","slug":"copper-plus-powder","status":"publish","type":"product","link":"https:\/\/tetraktis.si\/en\/izdelek\/copper-plus-powder\/","title":{"rendered":"COPPER-PLUS Powder"},"content":{"rendered":"<h1>Cooper with vitamin B12 for horses<\/h1>\n<p><img fetchpriority=\"high\" decoding=\"async\" class=\"alignnone size-medium wp-image-13109\" src=\"https:\/\/www.tetraktis.si\/wp-content\/uploads\/2020\/06\/tetraktiscooperpluszakonje-800x800.jpg\" alt=\"vitamin-b12-za-konje\" width=\"800\" height=\"800\" \/><\/p>\n<p>Copper for horses is designed to support dietary copper levels. Cooper is a key trace mineral and plays many important roles in the body, including:<\/p>\n<ul>\n<li>Red blood cell production and in particular the formation of the oxygen-carrying pigment haemoglobin<\/li>\n<li>As a key component in antioxidant enzymes, helping to protect muscle and other cells from oxidative damage<\/li>\n<li>As a key co-factor in enzymes that help maintain strength and flexibility in connective tissue such as tendons and ligaments<\/li>\n<li>Bone production and development, and is vital for correct skeletal development in young horses<\/li>\n<li>The production of myelin, the protective covering of nerve cells<\/li>\n<li>Keratin synthesis for healthy skin, mane and tail hair and hoof production<\/li>\n<li>As a key component in enzymes responsible for the production of skin pigments<\/li>\n<li>Copper interacts closely with zinc and Vitamin B12, and both these micronutrients are provided in Copper Plus Powder, to help maintain the correct ratios in the overall diet.<\/li>\n<li>Key antioxidants Vitamin E and controlled levels of Selenium are also provided to support copper\u2019s role as an important co-factor in antioxidant enzymes, helping to protect muscles and other cells from oxidative damage.<\/li>\n<\/ul>\n<p><strong>Copper<\/strong> interacts closely with <strong>zinc<\/strong> and <strong>Vitamin B12<\/strong>, and both these micronutrients are provided in Copper Plus Powder, to help maintain the correct ratios in the overall diet. Key antioxidants Vitamin E and controlled levels of Selenium are also provided to support copper\u2019s role as an important co-factor in antioxidant enzymes, helping to protect muscles and other cells from oxidative damage.<\/p>\n<p>Many pastures and forages are either low or marginal in copper, and copper supplementation may be required in specific cases where forage levels are known to be low or marginal, or where are high levels of copper antagonists such as iron or sulphur are present in the feed or forage, which may interfere with copper absorption.<\/p>\n<p>Copper Plus Powder will help to correct a lack of copper in the diet, with safe and controlled levels, from bio-available sources.<\/p>\n<p><em>Seek professional advice if a copper deficiency is suspected, either from a qualified nutritionist or your veterinary surgeon.<\/em><\/p>\n<h2>What are the benefits of Copper Plus Powder?<\/h2>\n<p>Copper \u2013 is provided from two sources, to ensure optimum bio-availability and help correct sub-optimal intakes:<\/p>\n<p>50% from the chelate of glycine hydrate<\/p>\n<p>50% from copper sulphate<\/p>\n<p>Zinc \u2013 is included to help maintain correct overall dietary ratios and ensure optimum bioavailability:<\/p>\n<p>50% from the chelate of glycine hydrate<\/p>\n<p>50% from zinc oxide<\/p>\n<p>Vitamin B12 \u2013 to support blood cell production<\/p>\n<p>Vitamin E and Selenium \u2013 to provide additional antioxidant support<\/p>\n<p>&nbsp;<\/p>\n<h3>COOPER PLUS POWDER 1KG<\/h3>\n<p class=\"tw-data-text tw-text-large XcVN5d tw-ta\" dir=\"ltr\" data-placeholder=\"Prijevod\">A complementary feed for horses designed to support dietary copper levels as part of a balanced diet. Net weight 1kg.<br \/>\n<strong><em>Feeding Directions<\/em><\/strong>: For horses and large ponies: 20g per day; For smaller ponies: 15g per day.<br \/>\nDo not exceed 20g per day unless under professional advice. 20g (approx) measure enclosed.<\/p>\n<p><strong>Key Nutrients per 20g Serving:\u00a0<\/strong>Total copper (from 50% chelate and 50% sulphate &#8211; 100mg,\u00a0Total zinc (from 50% chelate and 50% oxide) 100mg, Vitamin B12\u00a0 100mcg, Vitamin E\u00a0 500mg, Selenium 0.2mg<\/p>\n<p><strong>Additives per kg<\/strong>: Nutritional additives: Trace elements: Copper total 5000mg. Copper (Copper (II) chelate of glycine hydrate 3b413) 2500mg, Copper (copper (II) sulphate pentahydrate 3b405) 2500mg, Zinc total 5000mg, zinc (Zinc chelate of glycine hydrate 3b607) 2500mg, Zinc (zinc oxide 3b603) 2500mg, Selenium (sodium selenite 3b801) 10mg; <strong>Vitamins<\/strong>: 3a Vitamin B12 5mg, 3a700 Vitamin E 25,000mg, <strong>Sensory additives<\/strong>: Mixture of flavouring compounds 2.5g, <strong>Composition<\/strong>: Dried alfalfa, calcium carbonate, vegetable oil, <strong>Analytical Constituents<\/strong>: Crude Protein 13.6%, Crude Oils &amp; Fats 5.0%<br \/>\nSodium 0.3%, Crude Fibre 21.5%, Crude Ash 22.1%, Copper 5000mg\/kg.<\/p>\n<p dir=\"ltr\" data-placeholder=\"Prijevod\">Available in 1kg (a 50 day supply at maintenance).<\/p>\n<p dir=\"ltr\" data-placeholder=\"Prijevod\"><em>Produced by<\/em>: <a href=\"https:\/\/www.equine-america.co.uk\/about-us\/3\">Equine America Ltd<\/a><\/p>\n","protected":false},"excerpt":{"rendered":"<p>Copper, which is present in all body cells, aids in the absorption and utilization of iron, for blood cell production. Copper is also necessary for several enzymes involved in vital processes, as well as regulating normal hair pigmentation. Horses are very tolerant of copper but over-supplementation can interfere with the absorption of zinc and iron.<br \/>\nA complementary feed for horses designed to support dietary copper levels as part of a balanced diet.<br \/>\nNet weight 1kg.<\/p>\n","protected":false},"featured_media":24735,"comment_status":"open","ping_status":"closed","template":"","meta":[],"product_brand":[],"product_cat":[3326,3316],"product_tag":[3507],"class_list":{"0":"post-32494","1":"product","2":"type-product","3":"status-publish","4":"has-post-thumbnail","6":"product_cat-products-onsale-horses","7":"product_cat-vitamins-minerals","8":"product_tag-for-horses","11":"first","12":"instock","13":"taxable","14":"shipping-taxable","15":"purchasable","16":"product-type-simple"},"yoast_head":"<!-- This site is optimized with the Yoast SEO Premium plugin v20.10 (Yoast SEO v27.5) - https:\/\/yoast.com\/product\/yoast-seo-premium-wordpress\/ -->\n<title>Copper for horses with vitamin B12 by Equine America<\/title>\n<meta name=\"description\" content=\"Copper for horses is dietery supplement to obtain cooper levels in body. Available in 1kg (a 50 day supply at maintenance).\" \/>\n<meta name=\"robots\" content=\"index, follow, max-snippet:-1, max-image-preview:large, max-video-preview:-1\" \/>\n<link rel=\"canonical\" href=\"https:\/\/tetraktis.si\/en\/izdelek\/copper-plus-powder\/\" \/>\n<meta property=\"og:locale\" content=\"en_US\" \/>\n<meta property=\"og:type\" content=\"article\" \/>\n<meta property=\"og:title\" content=\"Copper for horses with vitamin B12 by Equine America\" \/>\n<meta property=\"og:description\" content=\"Copper for horses is dietery supplement to obtain cooper levels in body. Available in 1kg (a 50 day supply at maintenance).\" \/>\n<meta property=\"og:url\" content=\"https:\/\/tetraktis.si\/en\/izdelek\/copper-plus-powder\/\" \/>\n<meta property=\"og:site_name\" content=\"Tetraktis- Equine America, Dorwest, Excel\" \/>\n<meta property=\"article:publisher\" content=\"https:\/\/business.facebook.com\/equineamericashop\/?business_id=193323571192825\" \/>\n<meta property=\"article:modified_time\" content=\"2023-03-28T07:00:57+00:00\" \/>\n<meta property=\"og:image\" content=\"https:\/\/tetraktis.si\/wp-content\/uploads\/2022\/04\/tetraktiscooperpluszakonje.jpg\" \/>\n\t<meta property=\"og:image:width\" content=\"924\" \/>\n\t<meta property=\"og:image:height\" content=\"924\" \/>\n\t<meta property=\"og:image:type\" content=\"image\/jpeg\" \/>\n<meta name=\"twitter:card\" content=\"summary_large_image\" \/>\n<meta name=\"twitter:site\" content=\"@TetraktisInfo\" \/>\n<meta name=\"twitter:label1\" content=\"Est. reading time\" \/>\n\t<meta name=\"twitter:data1\" content=\"3 minutes\" \/>\n<script type=\"application\/ld+json\" class=\"yoast-schema-graph\">{\"@context\":\"https:\\\/\\\/schema.org\",\"@graph\":[{\"@type\":\"WebPage\",\"@id\":\"https:\\\/\\\/tetraktis.si\\\/en\\\/izdelek\\\/copper-plus-powder\\\/\",\"url\":\"https:\\\/\\\/tetraktis.si\\\/en\\\/izdelek\\\/copper-plus-powder\\\/\",\"name\":\"Copper for horses with vitamin B12 by Equine America\",\"isPartOf\":{\"@id\":\"https:\\\/\\\/tetraktis.si\\\/en\\\/#website\"},\"primaryImageOfPage\":{\"@id\":\"https:\\\/\\\/tetraktis.si\\\/en\\\/izdelek\\\/copper-plus-powder\\\/#primaryimage\"},\"image\":{\"@id\":\"https:\\\/\\\/tetraktis.si\\\/en\\\/izdelek\\\/copper-plus-powder\\\/#primaryimage\"},\"thumbnailUrl\":\"https:\\\/\\\/tetraktis.si\\\/wp-content\\\/uploads\\\/2022\\\/04\\\/tetraktiscooperpluszakonje.jpg\",\"datePublished\":\"2022-04-27T13:56:47+00:00\",\"dateModified\":\"2023-03-28T07:00:57+00:00\",\"description\":\"Copper for horses is dietery supplement to obtain cooper levels in body. Available in 1kg (a 50 day supply at maintenance).\",\"breadcrumb\":{\"@id\":\"https:\\\/\\\/tetraktis.si\\\/en\\\/izdelek\\\/copper-plus-powder\\\/#breadcrumb\"},\"inLanguage\":\"en-US\",\"potentialAction\":[{\"@type\":\"ReadAction\",\"target\":[\"https:\\\/\\\/tetraktis.si\\\/en\\\/izdelek\\\/copper-plus-powder\\\/\"]}]},{\"@type\":\"ImageObject\",\"inLanguage\":\"en-US\",\"@id\":\"https:\\\/\\\/tetraktis.si\\\/en\\\/izdelek\\\/copper-plus-powder\\\/#primaryimage\",\"url\":\"https:\\\/\\\/tetraktis.si\\\/wp-content\\\/uploads\\\/2022\\\/04\\\/tetraktiscooperpluszakonje.jpg\",\"contentUrl\":\"https:\\\/\\\/tetraktis.si\\\/wp-content\\\/uploads\\\/2022\\\/04\\\/tetraktiscooperpluszakonje.jpg\",\"width\":924,\"height\":924},{\"@type\":\"BreadcrumbList\",\"@id\":\"https:\\\/\\\/tetraktis.si\\\/en\\\/izdelek\\\/copper-plus-powder\\\/#breadcrumb\",\"itemListElement\":[{\"@type\":\"ListItem\",\"position\":1,\"name\":\"Shop\",\"item\":\"https:\\\/\\\/tetraktis.si\\\/en\\\/shop-3\\\/\"},{\"@type\":\"ListItem\",\"position\":2,\"name\":\"COPPER-PLUS Powder\"}]},{\"@type\":\"WebSite\",\"@id\":\"https:\\\/\\\/tetraktis.si\\\/en\\\/#website\",\"url\":\"https:\\\/\\\/tetraktis.si\\\/en\\\/\",\"name\":\"Tetraktis- Equine America, Dorwest, Excel\",\"description\":\"Samo najbolj\u0161e za va\u0161e \u017eivali\",\"publisher\":{\"@id\":\"https:\\\/\\\/tetraktis.si\\\/en\\\/#organization\"},\"potentialAction\":[{\"@type\":\"SearchAction\",\"target\":{\"@type\":\"EntryPoint\",\"urlTemplate\":\"https:\\\/\\\/tetraktis.si\\\/en\\\/?s={search_term_string}\"},\"query-input\":{\"@type\":\"PropertyValueSpecification\",\"valueRequired\":true,\"valueName\":\"search_term_string\"}}],\"inLanguage\":\"en-US\"},{\"@type\":\"Organization\",\"@id\":\"https:\\\/\\\/tetraktis.si\\\/en\\\/#organization\",\"name\":\"Tetraktis\",\"url\":\"https:\\\/\\\/tetraktis.si\\\/en\\\/\",\"logo\":{\"@type\":\"ImageObject\",\"inLanguage\":\"en-US\",\"@id\":\"https:\\\/\\\/tetraktis.si\\\/en\\\/#\\\/schema\\\/logo\\\/image\\\/\",\"url\":\"https:\\\/\\\/tetraktis.si\\\/wp-content\\\/uploads\\\/2022\\\/06\\\/logo.webp\",\"contentUrl\":\"https:\\\/\\\/tetraktis.si\\\/wp-content\\\/uploads\\\/2022\\\/06\\\/logo.webp\",\"width\":400,\"height\":211,\"caption\":\"Tetraktis\"},\"image\":{\"@id\":\"https:\\\/\\\/tetraktis.si\\\/en\\\/#\\\/schema\\\/logo\\\/image\\\/\"},\"sameAs\":[\"https:\\\/\\\/business.facebook.com\\\/equineamericashop\\\/?business_id=193323571192825\",\"https:\\\/\\\/x.com\\\/TetraktisInfo\",\"https:\\\/\\\/www.instagram.com\\\/tetraktisslovenija\\\/\",\"https:\\\/\\\/www.youtube.com\\\/channel\\\/UCk_PdKMdtpZ4pf0RRFL1vYA\"]}]}<\/script>\n<!-- \/ Yoast SEO Premium plugin. -->","yoast_head_json":{"title":"Copper for horses with vitamin B12 by Equine America","description":"Copper for horses is dietery supplement to obtain cooper levels in body. Available in 1kg (a 50 day supply at maintenance).","robots":{"index":"index","follow":"follow","max-snippet":"max-snippet:-1","max-image-preview":"max-image-preview:large","max-video-preview":"max-video-preview:-1"},"canonical":"https:\/\/tetraktis.si\/en\/izdelek\/copper-plus-powder\/","og_locale":"en_US","og_type":"article","og_title":"Copper for horses with vitamin B12 by Equine America","og_description":"Copper for horses is dietery supplement to obtain cooper levels in body. Available in 1kg (a 50 day supply at maintenance).","og_url":"https:\/\/tetraktis.si\/en\/izdelek\/copper-plus-powder\/","og_site_name":"Tetraktis- Equine America, Dorwest, Excel","article_publisher":"https:\/\/business.facebook.com\/equineamericashop\/?business_id=193323571192825","article_modified_time":"2023-03-28T07:00:57+00:00","og_image":[{"width":924,"height":924,"url":"https:\/\/tetraktis.si\/wp-content\/uploads\/2022\/04\/tetraktiscooperpluszakonje.jpg","type":"image\/jpeg"}],"twitter_card":"summary_large_image","twitter_site":"@TetraktisInfo","twitter_misc":{"Est. reading time":"3 minutes"},"schema":{"@context":"https:\/\/schema.org","@graph":[{"@type":"WebPage","@id":"https:\/\/tetraktis.si\/en\/izdelek\/copper-plus-powder\/","url":"https:\/\/tetraktis.si\/en\/izdelek\/copper-plus-powder\/","name":"Copper for horses with vitamin B12 by Equine America","isPartOf":{"@id":"https:\/\/tetraktis.si\/en\/#website"},"primaryImageOfPage":{"@id":"https:\/\/tetraktis.si\/en\/izdelek\/copper-plus-powder\/#primaryimage"},"image":{"@id":"https:\/\/tetraktis.si\/en\/izdelek\/copper-plus-powder\/#primaryimage"},"thumbnailUrl":"https:\/\/tetraktis.si\/wp-content\/uploads\/2022\/04\/tetraktiscooperpluszakonje.jpg","datePublished":"2022-04-27T13:56:47+00:00","dateModified":"2023-03-28T07:00:57+00:00","description":"Copper for horses is dietery supplement to obtain cooper levels in body. Available in 1kg (a 50 day supply at maintenance).","breadcrumb":{"@id":"https:\/\/tetraktis.si\/en\/izdelek\/copper-plus-powder\/#breadcrumb"},"inLanguage":"en-US","potentialAction":[{"@type":"ReadAction","target":["https:\/\/tetraktis.si\/en\/izdelek\/copper-plus-powder\/"]}]},{"@type":"ImageObject","inLanguage":"en-US","@id":"https:\/\/tetraktis.si\/en\/izdelek\/copper-plus-powder\/#primaryimage","url":"https:\/\/tetraktis.si\/wp-content\/uploads\/2022\/04\/tetraktiscooperpluszakonje.jpg","contentUrl":"https:\/\/tetraktis.si\/wp-content\/uploads\/2022\/04\/tetraktiscooperpluszakonje.jpg","width":924,"height":924},{"@type":"BreadcrumbList","@id":"https:\/\/tetraktis.si\/en\/izdelek\/copper-plus-powder\/#breadcrumb","itemListElement":[{"@type":"ListItem","position":1,"name":"Shop","item":"https:\/\/tetraktis.si\/en\/shop-3\/"},{"@type":"ListItem","position":2,"name":"COPPER-PLUS Powder"}]},{"@type":"WebSite","@id":"https:\/\/tetraktis.si\/en\/#website","url":"https:\/\/tetraktis.si\/en\/","name":"Tetraktis- Equine America, Dorwest, Excel","description":"Samo najbolj\u0161e za va\u0161e \u017eivali","publisher":{"@id":"https:\/\/tetraktis.si\/en\/#organization"},"potentialAction":[{"@type":"SearchAction","target":{"@type":"EntryPoint","urlTemplate":"https:\/\/tetraktis.si\/en\/?s={search_term_string}"},"query-input":{"@type":"PropertyValueSpecification","valueRequired":true,"valueName":"search_term_string"}}],"inLanguage":"en-US"},{"@type":"Organization","@id":"https:\/\/tetraktis.si\/en\/#organization","name":"Tetraktis","url":"https:\/\/tetraktis.si\/en\/","logo":{"@type":"ImageObject","inLanguage":"en-US","@id":"https:\/\/tetraktis.si\/en\/#\/schema\/logo\/image\/","url":"https:\/\/tetraktis.si\/wp-content\/uploads\/2022\/06\/logo.webp","contentUrl":"https:\/\/tetraktis.si\/wp-content\/uploads\/2022\/06\/logo.webp","width":400,"height":211,"caption":"Tetraktis"},"image":{"@id":"https:\/\/tetraktis.si\/en\/#\/schema\/logo\/image\/"},"sameAs":["https:\/\/business.facebook.com\/equineamericashop\/?business_id=193323571192825","https:\/\/x.com\/TetraktisInfo","https:\/\/www.instagram.com\/tetraktisslovenija\/","https:\/\/www.youtube.com\/channel\/UCk_PdKMdtpZ4pf0RRFL1vYA"]}]}},"_links":{"self":[{"href":"https:\/\/tetraktis.si\/en\/wp-json\/wp\/v2\/product\/32494","targetHints":{"allow":["GET"]}}],"collection":[{"href":"https:\/\/tetraktis.si\/en\/wp-json\/wp\/v2\/product"}],"about":[{"href":"https:\/\/tetraktis.si\/en\/wp-json\/wp\/v2\/types\/product"}],"replies":[{"embeddable":true,"href":"https:\/\/tetraktis.si\/en\/wp-json\/wp\/v2\/comments?post=32494"}],"version-history":[{"count":1,"href":"https:\/\/tetraktis.si\/en\/wp-json\/wp\/v2\/product\/32494\/revisions"}],"predecessor-version":[{"id":37118,"href":"https:\/\/tetraktis.si\/en\/wp-json\/wp\/v2\/product\/32494\/revisions\/37118"}],"wp:featuredmedia":[{"embeddable":true,"href":"https:\/\/tetraktis.si\/en\/wp-json\/wp\/v2\/media\/24735"}],"wp:attachment":[{"href":"https:\/\/tetraktis.si\/en\/wp-json\/wp\/v2\/media?parent=32494"}],"wp:term":[{"taxonomy":"product_brand","embeddable":true,"href":"https:\/\/tetraktis.si\/en\/wp-json\/wp\/v2\/product_brand?post=32494"},{"taxonomy":"product_cat","embeddable":true,"href":"https:\/\/tetraktis.si\/en\/wp-json\/wp\/v2\/product_cat?post=32494"},{"taxonomy":"product_tag","embeddable":true,"href":"https:\/\/tetraktis.si\/en\/wp-json\/wp\/v2\/product_tag?post=32494"}],"curies":[{"name":"wp","href":"https:\/\/api.w.org\/{rel}","templated":true}]}}