{"id":32488,"date":"2022-04-27T15:54:35","date_gmt":"2022-04-27T13:54:35","guid":{"rendered":"https:\/\/cortaflex.si\/izdelek\/biotin-for-horses-xtra-powder-25kg\/"},"modified":"2026-03-16T13:21:29","modified_gmt":"2026-03-16T12:21:29","slug":"biotin-for-horses-xtra-powder-25kg","status":"publish","type":"product","link":"https:\/\/tetraktis.si\/en\/izdelek\/biotin-for-horses-xtra-powder-25kg\/","title":{"rendered":"BIOTIN FOR HORSES XTRA POWDER 2,5kg"},"content":{"rendered":"<h1><strong>Biotin for horses Xtra Powder is a palatable, cost-effective supplement to support hoof health<\/strong><\/h1>\n<p>Biotin Xtra Powder provides a<strong> full 20mg biotin<\/strong> per 50g daily dose, as well as <strong>zinc<\/strong> and the sulfur-containing <strong>amino acid<\/strong> methionine to help promote strong, healthy hooves.<\/p>\n<p><strong>Biotin Xtra Powder<\/strong> also contains <a href=\"https:\/\/www.tetraktis.si\/en\/product\/msm-methyl-sulphonyl-methane\/\"><strong>MSM<\/strong><\/a>, an additional source of bio-available sulfur to help promote <strong>hoof wall strength and integrity.<\/strong><\/p>\n<p><strong>Calcium<\/strong> is also an important nutrient for hoof health and growth and is provided from two sources in Biotin Xtra Powder \u2013 naturally present in alfalfa, and also from calcium carbonate.<\/p>\n<p><strong>Brewer&#8217;s yeast<\/strong> is also included, to provide a natural source of <strong>B vitamins<\/strong>, which play many important roles in hoof, skin, and coat health.<\/p>\n<h2>Biotin for horses Xtra powder 2,5kg<\/h2>\n<p><strong>Feeding directions<\/strong>: For horses and large ponies, 50 g per day; For smaller ponies, 30 g per day. 50 g measure enclosed.<\/p>\n<p>Do not exceed 50 g per day unless under professional advice<\/p>\n<p><strong>Composition<\/strong>: calcium carbonate, dried alfalfa, dextrose, yeast products, vegetable oil, methylsulphonylmethane (MSM). <strong>Additives (per Kg)<\/strong>: Technological additives: BHT 100 mg. Nutritional additives: zinc (zinc ocide 3b603) 2000 mg, biotin (3a880) 400 mg, DL methionine (3c301) 18,000 mg. Sensory additives: mixture of flavouring compounds. <strong>Analytical Constituents<\/strong>: crude protein 6.1%, crude fibre 5.7%, crude oils&amp;fats 0.6%, crude ash 66.3%, sodium &lt;1.0%, calcium 25.2%, phosphorus 0.1%, magnesium 0.1%<\/p>\n<p>For animal use only. Do not feed to sheep. Keep out of reach of children. Store in a cool dry place, out of direct sunlight. Do not use if the seal is missing or damaged.<\/p>\n<p>Available in a 2.5kg<\/p>\n<p>For best results use in conjunction with <a href=\"https:\/\/www.tetraktis.si\/en\/product\/hoof-balm\/\">Equine America Hoof Balm<\/a>.<\/p>\n","protected":false},"excerpt":{"rendered":"<p>Biotin Xtra Powder is a palatable, cost-effective supplement to support hoof health. Biotin Xtra Powder provides a full 20mg biotin per 50g daily dose, as well as zinc and the sulfur-containing amino acid methionine to help promote strong, healthy hooves.<\/p>\n","protected":false},"featured_media":24542,"comment_status":"open","ping_status":"closed","template":"","meta":[],"product_brand":[],"product_cat":[3326,3324],"product_tag":[3506],"class_list":{"0":"post-32488","1":"product","2":"type-product","3":"status-publish","4":"has-post-thumbnail","6":"product_cat-products-onsale-horses","7":"product_cat-hoofcare","8":"product_tag-vitamin-b-en","11":"first","12":"instock","13":"taxable","14":"shipping-taxable","15":"purchasable","16":"product-type-simple"},"yoast_head":"<!-- This site is optimized with the Yoast SEO Premium plugin v20.10 (Yoast SEO v27.3) - https:\/\/yoast.com\/product\/yoast-seo-premium-wordpress\/ -->\n<title>Biotin for horses 2.5 kg by Equine America - Great value!<\/title>\n<meta name=\"description\" content=\"Biotin for horses Xtra Powder provides a full 20mg biotin per 50g daily dose, as well as zinc and the sulfur-containing amino acid methionine!\" \/>\n<meta name=\"robots\" content=\"index, follow, max-snippet:-1, max-image-preview:large, max-video-preview:-1\" \/>\n<link rel=\"canonical\" href=\"https:\/\/tetraktis.si\/en\/izdelek\/biotin-for-horses-xtra-powder-25kg\/\" \/>\n<meta property=\"og:locale\" content=\"en_US\" \/>\n<meta property=\"og:type\" content=\"article\" \/>\n<meta property=\"og:title\" content=\"Biotin for horses 2.5 kg by Equine America - Great value!\" \/>\n<meta property=\"og:description\" content=\"Biotin for horses Xtra Powder provides a full 20mg biotin per 50g daily dose, as well as zinc and the sulfur-containing amino acid methionine!\" \/>\n<meta property=\"og:url\" content=\"https:\/\/tetraktis.si\/en\/izdelek\/biotin-for-horses-xtra-powder-25kg\/\" \/>\n<meta property=\"og:site_name\" content=\"Tetraktis- Equine America, Dorwest, Excel\" \/>\n<meta property=\"article:publisher\" content=\"https:\/\/business.facebook.com\/equineamericashop\/?business_id=193323571192825\" \/>\n<meta property=\"article:modified_time\" content=\"2026-03-16T12:21:29+00:00\" \/>\n<meta property=\"og:image\" content=\"https:\/\/tetraktis.si\/wp-content\/uploads\/2022\/04\/Biotin-za-kopita-za-konje.jpg\" \/>\n\t<meta property=\"og:image:width\" content=\"924\" \/>\n\t<meta property=\"og:image:height\" content=\"924\" \/>\n\t<meta property=\"og:image:type\" content=\"image\/jpeg\" \/>\n<meta name=\"twitter:card\" content=\"summary_large_image\" \/>\n<meta name=\"twitter:site\" content=\"@TetraktisInfo\" \/>\n<meta name=\"twitter:label1\" content=\"Est. reading time\" \/>\n\t<meta name=\"twitter:data1\" content=\"2 minutes\" \/>\n<script type=\"application\/ld+json\" class=\"yoast-schema-graph\">{\"@context\":\"https:\\\/\\\/schema.org\",\"@graph\":[{\"@type\":\"WebPage\",\"@id\":\"https:\\\/\\\/tetraktis.si\\\/en\\\/izdelek\\\/biotin-for-horses-xtra-powder-25kg\\\/\",\"url\":\"https:\\\/\\\/tetraktis.si\\\/en\\\/izdelek\\\/biotin-for-horses-xtra-powder-25kg\\\/\",\"name\":\"Biotin for horses 2.5 kg by Equine America - Great value!\",\"isPartOf\":{\"@id\":\"https:\\\/\\\/tetraktis.si\\\/en\\\/#website\"},\"primaryImageOfPage\":{\"@id\":\"https:\\\/\\\/tetraktis.si\\\/en\\\/izdelek\\\/biotin-for-horses-xtra-powder-25kg\\\/#primaryimage\"},\"image\":{\"@id\":\"https:\\\/\\\/tetraktis.si\\\/en\\\/izdelek\\\/biotin-for-horses-xtra-powder-25kg\\\/#primaryimage\"},\"thumbnailUrl\":\"https:\\\/\\\/tetraktis.si\\\/wp-content\\\/uploads\\\/2022\\\/04\\\/Biotin-za-kopita-za-konje.jpg\",\"datePublished\":\"2022-04-27T13:54:35+00:00\",\"dateModified\":\"2026-03-16T12:21:29+00:00\",\"description\":\"Biotin for horses Xtra Powder provides a full 20mg biotin per 50g daily dose, as well as zinc and the sulfur-containing amino acid methionine!\",\"breadcrumb\":{\"@id\":\"https:\\\/\\\/tetraktis.si\\\/en\\\/izdelek\\\/biotin-for-horses-xtra-powder-25kg\\\/#breadcrumb\"},\"inLanguage\":\"en-US\",\"potentialAction\":[{\"@type\":\"ReadAction\",\"target\":[\"https:\\\/\\\/tetraktis.si\\\/en\\\/izdelek\\\/biotin-for-horses-xtra-powder-25kg\\\/\"]}]},{\"@type\":\"ImageObject\",\"inLanguage\":\"en-US\",\"@id\":\"https:\\\/\\\/tetraktis.si\\\/en\\\/izdelek\\\/biotin-for-horses-xtra-powder-25kg\\\/#primaryimage\",\"url\":\"https:\\\/\\\/tetraktis.si\\\/wp-content\\\/uploads\\\/2022\\\/04\\\/Biotin-za-kopita-za-konje.jpg\",\"contentUrl\":\"https:\\\/\\\/tetraktis.si\\\/wp-content\\\/uploads\\\/2022\\\/04\\\/Biotin-za-kopita-za-konje.jpg\",\"width\":924,\"height\":924},{\"@type\":\"BreadcrumbList\",\"@id\":\"https:\\\/\\\/tetraktis.si\\\/en\\\/izdelek\\\/biotin-for-horses-xtra-powder-25kg\\\/#breadcrumb\",\"itemListElement\":[{\"@type\":\"ListItem\",\"position\":1,\"name\":\"Shop\",\"item\":\"https:\\\/\\\/tetraktis.si\\\/en\\\/shop-3\\\/\"},{\"@type\":\"ListItem\",\"position\":2,\"name\":\"BIOTIN FOR HORSES XTRA POWDER 2,5kg\"}]},{\"@type\":\"WebSite\",\"@id\":\"https:\\\/\\\/tetraktis.si\\\/en\\\/#website\",\"url\":\"https:\\\/\\\/tetraktis.si\\\/en\\\/\",\"name\":\"Tetraktis- Equine America, Dorwest, Excel\",\"description\":\"Samo najbolj\u0161e za va\u0161e \u017eivali\",\"publisher\":{\"@id\":\"https:\\\/\\\/tetraktis.si\\\/en\\\/#organization\"},\"potentialAction\":[{\"@type\":\"SearchAction\",\"target\":{\"@type\":\"EntryPoint\",\"urlTemplate\":\"https:\\\/\\\/tetraktis.si\\\/en\\\/?s={search_term_string}\"},\"query-input\":{\"@type\":\"PropertyValueSpecification\",\"valueRequired\":true,\"valueName\":\"search_term_string\"}}],\"inLanguage\":\"en-US\"},{\"@type\":\"Organization\",\"@id\":\"https:\\\/\\\/tetraktis.si\\\/en\\\/#organization\",\"name\":\"Tetraktis\",\"url\":\"https:\\\/\\\/tetraktis.si\\\/en\\\/\",\"logo\":{\"@type\":\"ImageObject\",\"inLanguage\":\"en-US\",\"@id\":\"https:\\\/\\\/tetraktis.si\\\/en\\\/#\\\/schema\\\/logo\\\/image\\\/\",\"url\":\"https:\\\/\\\/tetraktis.si\\\/wp-content\\\/uploads\\\/2022\\\/06\\\/logo.webp\",\"contentUrl\":\"https:\\\/\\\/tetraktis.si\\\/wp-content\\\/uploads\\\/2022\\\/06\\\/logo.webp\",\"width\":400,\"height\":211,\"caption\":\"Tetraktis\"},\"image\":{\"@id\":\"https:\\\/\\\/tetraktis.si\\\/en\\\/#\\\/schema\\\/logo\\\/image\\\/\"},\"sameAs\":[\"https:\\\/\\\/business.facebook.com\\\/equineamericashop\\\/?business_id=193323571192825\",\"https:\\\/\\\/x.com\\\/TetraktisInfo\",\"https:\\\/\\\/www.instagram.com\\\/tetraktisslovenija\\\/\",\"https:\\\/\\\/www.youtube.com\\\/channel\\\/UCk_PdKMdtpZ4pf0RRFL1vYA\"]}]}<\/script>\n<!-- \/ Yoast SEO Premium plugin. -->","yoast_head_json":{"title":"Biotin for horses 2.5 kg by Equine America - Great value!","description":"Biotin for horses Xtra Powder provides a full 20mg biotin per 50g daily dose, as well as zinc and the sulfur-containing amino acid methionine!","robots":{"index":"index","follow":"follow","max-snippet":"max-snippet:-1","max-image-preview":"max-image-preview:large","max-video-preview":"max-video-preview:-1"},"canonical":"https:\/\/tetraktis.si\/en\/izdelek\/biotin-for-horses-xtra-powder-25kg\/","og_locale":"en_US","og_type":"article","og_title":"Biotin for horses 2.5 kg by Equine America - Great value!","og_description":"Biotin for horses Xtra Powder provides a full 20mg biotin per 50g daily dose, as well as zinc and the sulfur-containing amino acid methionine!","og_url":"https:\/\/tetraktis.si\/en\/izdelek\/biotin-for-horses-xtra-powder-25kg\/","og_site_name":"Tetraktis- Equine America, Dorwest, Excel","article_publisher":"https:\/\/business.facebook.com\/equineamericashop\/?business_id=193323571192825","article_modified_time":"2026-03-16T12:21:29+00:00","og_image":[{"width":924,"height":924,"url":"https:\/\/tetraktis.si\/wp-content\/uploads\/2022\/04\/Biotin-za-kopita-za-konje.jpg","type":"image\/jpeg"}],"twitter_card":"summary_large_image","twitter_site":"@TetraktisInfo","twitter_misc":{"Est. reading time":"2 minutes"},"schema":{"@context":"https:\/\/schema.org","@graph":[{"@type":"WebPage","@id":"https:\/\/tetraktis.si\/en\/izdelek\/biotin-for-horses-xtra-powder-25kg\/","url":"https:\/\/tetraktis.si\/en\/izdelek\/biotin-for-horses-xtra-powder-25kg\/","name":"Biotin for horses 2.5 kg by Equine America - Great value!","isPartOf":{"@id":"https:\/\/tetraktis.si\/en\/#website"},"primaryImageOfPage":{"@id":"https:\/\/tetraktis.si\/en\/izdelek\/biotin-for-horses-xtra-powder-25kg\/#primaryimage"},"image":{"@id":"https:\/\/tetraktis.si\/en\/izdelek\/biotin-for-horses-xtra-powder-25kg\/#primaryimage"},"thumbnailUrl":"https:\/\/tetraktis.si\/wp-content\/uploads\/2022\/04\/Biotin-za-kopita-za-konje.jpg","datePublished":"2022-04-27T13:54:35+00:00","dateModified":"2026-03-16T12:21:29+00:00","description":"Biotin for horses Xtra Powder provides a full 20mg biotin per 50g daily dose, as well as zinc and the sulfur-containing amino acid methionine!","breadcrumb":{"@id":"https:\/\/tetraktis.si\/en\/izdelek\/biotin-for-horses-xtra-powder-25kg\/#breadcrumb"},"inLanguage":"en-US","potentialAction":[{"@type":"ReadAction","target":["https:\/\/tetraktis.si\/en\/izdelek\/biotin-for-horses-xtra-powder-25kg\/"]}]},{"@type":"ImageObject","inLanguage":"en-US","@id":"https:\/\/tetraktis.si\/en\/izdelek\/biotin-for-horses-xtra-powder-25kg\/#primaryimage","url":"https:\/\/tetraktis.si\/wp-content\/uploads\/2022\/04\/Biotin-za-kopita-za-konje.jpg","contentUrl":"https:\/\/tetraktis.si\/wp-content\/uploads\/2022\/04\/Biotin-za-kopita-za-konje.jpg","width":924,"height":924},{"@type":"BreadcrumbList","@id":"https:\/\/tetraktis.si\/en\/izdelek\/biotin-for-horses-xtra-powder-25kg\/#breadcrumb","itemListElement":[{"@type":"ListItem","position":1,"name":"Shop","item":"https:\/\/tetraktis.si\/en\/shop-3\/"},{"@type":"ListItem","position":2,"name":"BIOTIN FOR HORSES XTRA POWDER 2,5kg"}]},{"@type":"WebSite","@id":"https:\/\/tetraktis.si\/en\/#website","url":"https:\/\/tetraktis.si\/en\/","name":"Tetraktis- Equine America, Dorwest, Excel","description":"Samo najbolj\u0161e za va\u0161e \u017eivali","publisher":{"@id":"https:\/\/tetraktis.si\/en\/#organization"},"potentialAction":[{"@type":"SearchAction","target":{"@type":"EntryPoint","urlTemplate":"https:\/\/tetraktis.si\/en\/?s={search_term_string}"},"query-input":{"@type":"PropertyValueSpecification","valueRequired":true,"valueName":"search_term_string"}}],"inLanguage":"en-US"},{"@type":"Organization","@id":"https:\/\/tetraktis.si\/en\/#organization","name":"Tetraktis","url":"https:\/\/tetraktis.si\/en\/","logo":{"@type":"ImageObject","inLanguage":"en-US","@id":"https:\/\/tetraktis.si\/en\/#\/schema\/logo\/image\/","url":"https:\/\/tetraktis.si\/wp-content\/uploads\/2022\/06\/logo.webp","contentUrl":"https:\/\/tetraktis.si\/wp-content\/uploads\/2022\/06\/logo.webp","width":400,"height":211,"caption":"Tetraktis"},"image":{"@id":"https:\/\/tetraktis.si\/en\/#\/schema\/logo\/image\/"},"sameAs":["https:\/\/business.facebook.com\/equineamericashop\/?business_id=193323571192825","https:\/\/x.com\/TetraktisInfo","https:\/\/www.instagram.com\/tetraktisslovenija\/","https:\/\/www.youtube.com\/channel\/UCk_PdKMdtpZ4pf0RRFL1vYA"]}]}},"_links":{"self":[{"href":"https:\/\/tetraktis.si\/en\/wp-json\/wp\/v2\/product\/32488","targetHints":{"allow":["GET"]}}],"collection":[{"href":"https:\/\/tetraktis.si\/en\/wp-json\/wp\/v2\/product"}],"about":[{"href":"https:\/\/tetraktis.si\/en\/wp-json\/wp\/v2\/types\/product"}],"replies":[{"embeddable":true,"href":"https:\/\/tetraktis.si\/en\/wp-json\/wp\/v2\/comments?post=32488"}],"version-history":[{"count":1,"href":"https:\/\/tetraktis.si\/en\/wp-json\/wp\/v2\/product\/32488\/revisions"}],"predecessor-version":[{"id":37112,"href":"https:\/\/tetraktis.si\/en\/wp-json\/wp\/v2\/product\/32488\/revisions\/37112"}],"wp:featuredmedia":[{"embeddable":true,"href":"https:\/\/tetraktis.si\/en\/wp-json\/wp\/v2\/media\/24542"}],"wp:attachment":[{"href":"https:\/\/tetraktis.si\/en\/wp-json\/wp\/v2\/media?parent=32488"}],"wp:term":[{"taxonomy":"product_brand","embeddable":true,"href":"https:\/\/tetraktis.si\/en\/wp-json\/wp\/v2\/product_brand?post=32488"},{"taxonomy":"product_cat","embeddable":true,"href":"https:\/\/tetraktis.si\/en\/wp-json\/wp\/v2\/product_cat?post=32488"},{"taxonomy":"product_tag","embeddable":true,"href":"https:\/\/tetraktis.si\/en\/wp-json\/wp\/v2\/product_tag?post=32488"}],"curies":[{"name":"wp","href":"https:\/\/api.w.org\/{rel}","templated":true}]}}