{"id":32486,"date":"2022-04-27T15:56:20","date_gmt":"2022-04-27T13:56:20","guid":{"rendered":"https:\/\/cortaflex.si\/izdelek\/vitamin-c-2000-powder\/"},"modified":"2023-03-28T09:01:09","modified_gmt":"2023-03-28T07:01:09","slug":"vitamin-c-2000-powder","status":"publish","type":"product","link":"https:\/\/tetraktis.si\/en\/izdelek\/vitamin-c-2000-powder\/","title":{"rendered":"VITAMIN C 2000 powder"},"content":{"rendered":"<h1>ADDITIONAL ANTIOXIDANT SUPPORT<\/h1>\n<p><strong>Vitamin C<\/strong> is involved in the <strong>transfer of iron<\/strong> and is vital to the <strong>normal formation of collagen<\/strong>, an <strong>essential structure of skin and connective tissue<\/strong>.<br \/>\nHorses synthesise their own Vitamin C and this, along with it gained through green leafy forage, is normally considered sufficient. However, your veterinary\u00a0 will be able to advise if additional Vitamin C is necessary.<\/p>\n<p>The benefits of this vitamin may include protection against immune system deficiencies, cardiovascular disease, prenatal health problems, eye disease, and even skin aging.<\/p>\n<p>Ascorbic acid, other name for this vitamin, has received a great deal of attention, and with good reason. Higher blood levels of vitamin C may be the ideal nutrition marker for overall health. The more we study vitamin C, the better our understanding of how diverse it is in protecting our horses health, from cardiovascular, cancer, stroke, eye health [and] immunity to living longer.<\/p>\n<p>This vitamin is necessary for the growth, development and repair of all body tissues. It&#8217;s involved in many body functions, including formation of collagen, absorption of iron, the proper functioning of the immune system, wound healing, and the maintenance of cartilage, bones, and teeth.<\/p>\n<p>Available in 1kg (a two month supply)<\/p>\n<p>This product is considered <strong>appropriate for horses competing under the rules of FEI, RFHE and Jockey Club<\/strong><\/p>\n<p>&nbsp;<\/p>\n<h2>SUPPORTING HEALTHY SKIN AND TISSUE<\/h2>\n<p><strong>Vitamin C<\/strong> has shown to <strong>support increasing the body\u00b4s immune system<\/strong> and is also involved in the transfer of iron and is vital to the normal formation of collagen, an essential structure of skin and connective tissue.<\/p>\n<p>Vitamin C <strong>tastes like cherry so horses love it<\/strong>.<\/p>\n<p><em>Composition<\/em>: alfalfa, dextrose, calcium carbonate, rapeseed oil.<\/p>\n<p><em>Additives<\/em> (per Kg): Technological additives: BHT (E321) 100 mg. Nutritional additives: vitamin C (3a312) 133,333.<\/p>\n<p><em>Analytical Constituents<\/em>: crude protein 6.7%, crude fibre 11.2%, crude oils 1.7%, crude ash 38.2%, sodium 5.5%<\/p>\n<p><strong>Feeding directions:<\/strong><\/p>\n<p>For an average 500 kg horse, per day: 15 g with the horse\u2019s regular feed. Feed others according to body weight.<\/p>\n<p>Maximum per day: 15 g. Do not exceed 15 g per day unless under professional advice.<\/p>\n<p>15 g measure enclosed<\/p>\n<p>For animal use only. Do not feed to sheep. Keep out of reach of children. Store in cool dry conditions, out of direct sunlight. Do not use if seal damaged or missing.<\/p>\n<p>&nbsp;<\/p>\n<p>Available 1kg<\/p>\n<p>Other useful products:<\/p>\n<p><a href=\"https:\/\/www.tetraktis.si\/en\/product\/tye-gard\/\"><strong>Tye-Gard\u00a0<\/strong><\/a>\u2013 a liquid\u00a0<a href=\"https:\/\/www.tetraktis.si\/en\/product\/vitamin-e-s-selenom-za-konje-908g\/\"><strong>vitamin E and Selenium<\/strong><\/a>\u00a0supplement for the support of muscle function.<\/p>\n<p><a href=\"https:\/\/www.tetraktis.si\/en\/product\/vitamin-mineral-supplement\/\"><strong>Everyday Vitamins &amp; Minerals<\/strong><\/a> will give your horse a boost of healthy feel with crutial vitamins &amp; minerals.<\/p>\n<p>&nbsp;<\/p>\n","protected":false},"excerpt":{"rendered":"<p>A powerful antioxidant providing stable and available Vitamin C.<\/p>\n<p>Available 1 kg.<\/p>\n","protected":false},"featured_media":24693,"comment_status":"open","ping_status":"closed","template":"","meta":[],"product_brand":[322],"product_cat":[3326,3320,3316,3315],"product_tag":[3507],"class_list":{"0":"post-32486","1":"product","2":"type-product","3":"status-publish","4":"has-post-thumbnail","6":"product_brand-equine-america","7":"product_cat-products-onsale-horses","8":"product_cat-first-aid","9":"product_cat-vitamins-minerals","10":"product_cat-wellbeing","11":"product_tag-for-horses","14":"first","15":"instock","16":"taxable","17":"shipping-taxable","18":"purchasable","19":"product-type-simple"},"yoast_head":"<!-- This site is optimized with the Yoast SEO Premium plugin v20.10 (Yoast SEO v27.3) - https:\/\/yoast.com\/product\/yoast-seo-premium-wordpress\/ -->\n<title>VITAMIN C FOR HORSES<\/title>\n<meta name=\"description\" content=\"Vitamin C has shown to support increasing the body\u00b4s immune system and this product is boosted with Alfa Alfa and vitamin C.\" \/>\n<meta name=\"robots\" content=\"index, follow, max-snippet:-1, max-image-preview:large, max-video-preview:-1\" \/>\n<link rel=\"canonical\" href=\"https:\/\/tetraktis.si\/en\/izdelek\/vitamin-c-2000-powder\/\" \/>\n<meta property=\"og:locale\" content=\"en_US\" \/>\n<meta property=\"og:type\" content=\"article\" \/>\n<meta property=\"og:title\" content=\"VITAMIN C FOR HORSES\" \/>\n<meta property=\"og:description\" content=\"Vitamin C has shown to support increasing the body\u00b4s immune system and this product is boosted with Alfa Alfa and vitamin C.\" \/>\n<meta property=\"og:url\" content=\"https:\/\/tetraktis.si\/en\/izdelek\/vitamin-c-2000-powder\/\" \/>\n<meta property=\"og:site_name\" content=\"Tetraktis- Equine America, Dorwest, Excel\" \/>\n<meta property=\"article:publisher\" content=\"https:\/\/business.facebook.com\/equineamericashop\/?business_id=193323571192825\" \/>\n<meta property=\"article:modified_time\" content=\"2023-03-28T07:01:09+00:00\" \/>\n<meta property=\"og:image\" content=\"https:\/\/tetraktis.si\/wp-content\/uploads\/2022\/04\/Vitamin-C.jpg\" \/>\n\t<meta property=\"og:image:width\" content=\"924\" \/>\n\t<meta property=\"og:image:height\" content=\"924\" \/>\n\t<meta property=\"og:image:type\" content=\"image\/jpeg\" \/>\n<meta name=\"twitter:card\" content=\"summary_large_image\" \/>\n<meta name=\"twitter:site\" content=\"@TetraktisInfo\" \/>\n<meta name=\"twitter:label1\" content=\"Est. reading time\" \/>\n\t<meta name=\"twitter:data1\" content=\"2 minutes\" \/>\n<script type=\"application\/ld+json\" class=\"yoast-schema-graph\">{\"@context\":\"https:\\\/\\\/schema.org\",\"@graph\":[{\"@type\":\"WebPage\",\"@id\":\"https:\\\/\\\/tetraktis.si\\\/en\\\/izdelek\\\/vitamin-c-2000-powder\\\/\",\"url\":\"https:\\\/\\\/tetraktis.si\\\/en\\\/izdelek\\\/vitamin-c-2000-powder\\\/\",\"name\":\"VITAMIN C FOR HORSES\",\"isPartOf\":{\"@id\":\"https:\\\/\\\/tetraktis.si\\\/en\\\/#website\"},\"primaryImageOfPage\":{\"@id\":\"https:\\\/\\\/tetraktis.si\\\/en\\\/izdelek\\\/vitamin-c-2000-powder\\\/#primaryimage\"},\"image\":{\"@id\":\"https:\\\/\\\/tetraktis.si\\\/en\\\/izdelek\\\/vitamin-c-2000-powder\\\/#primaryimage\"},\"thumbnailUrl\":\"https:\\\/\\\/tetraktis.si\\\/wp-content\\\/uploads\\\/2022\\\/04\\\/Vitamin-C.jpg\",\"datePublished\":\"2022-04-27T13:56:20+00:00\",\"dateModified\":\"2023-03-28T07:01:09+00:00\",\"description\":\"Vitamin C has shown to support increasing the body\u00b4s immune system and this product is boosted with Alfa Alfa and vitamin C.\",\"breadcrumb\":{\"@id\":\"https:\\\/\\\/tetraktis.si\\\/en\\\/izdelek\\\/vitamin-c-2000-powder\\\/#breadcrumb\"},\"inLanguage\":\"en-US\",\"potentialAction\":[{\"@type\":\"ReadAction\",\"target\":[\"https:\\\/\\\/tetraktis.si\\\/en\\\/izdelek\\\/vitamin-c-2000-powder\\\/\"]}]},{\"@type\":\"ImageObject\",\"inLanguage\":\"en-US\",\"@id\":\"https:\\\/\\\/tetraktis.si\\\/en\\\/izdelek\\\/vitamin-c-2000-powder\\\/#primaryimage\",\"url\":\"https:\\\/\\\/tetraktis.si\\\/wp-content\\\/uploads\\\/2022\\\/04\\\/Vitamin-C.jpg\",\"contentUrl\":\"https:\\\/\\\/tetraktis.si\\\/wp-content\\\/uploads\\\/2022\\\/04\\\/Vitamin-C.jpg\",\"width\":924,\"height\":924},{\"@type\":\"BreadcrumbList\",\"@id\":\"https:\\\/\\\/tetraktis.si\\\/en\\\/izdelek\\\/vitamin-c-2000-powder\\\/#breadcrumb\",\"itemListElement\":[{\"@type\":\"ListItem\",\"position\":1,\"name\":\"Shop\",\"item\":\"https:\\\/\\\/tetraktis.si\\\/en\\\/shop-3\\\/\"},{\"@type\":\"ListItem\",\"position\":2,\"name\":\"VITAMIN C 2000 powder\"}]},{\"@type\":\"WebSite\",\"@id\":\"https:\\\/\\\/tetraktis.si\\\/en\\\/#website\",\"url\":\"https:\\\/\\\/tetraktis.si\\\/en\\\/\",\"name\":\"Tetraktis- Equine America, Dorwest, Excel\",\"description\":\"Samo najbolj\u0161e za va\u0161e \u017eivali\",\"publisher\":{\"@id\":\"https:\\\/\\\/tetraktis.si\\\/en\\\/#organization\"},\"potentialAction\":[{\"@type\":\"SearchAction\",\"target\":{\"@type\":\"EntryPoint\",\"urlTemplate\":\"https:\\\/\\\/tetraktis.si\\\/en\\\/?s={search_term_string}\"},\"query-input\":{\"@type\":\"PropertyValueSpecification\",\"valueRequired\":true,\"valueName\":\"search_term_string\"}}],\"inLanguage\":\"en-US\"},{\"@type\":\"Organization\",\"@id\":\"https:\\\/\\\/tetraktis.si\\\/en\\\/#organization\",\"name\":\"Tetraktis\",\"url\":\"https:\\\/\\\/tetraktis.si\\\/en\\\/\",\"logo\":{\"@type\":\"ImageObject\",\"inLanguage\":\"en-US\",\"@id\":\"https:\\\/\\\/tetraktis.si\\\/en\\\/#\\\/schema\\\/logo\\\/image\\\/\",\"url\":\"https:\\\/\\\/tetraktis.si\\\/wp-content\\\/uploads\\\/2022\\\/06\\\/logo.webp\",\"contentUrl\":\"https:\\\/\\\/tetraktis.si\\\/wp-content\\\/uploads\\\/2022\\\/06\\\/logo.webp\",\"width\":400,\"height\":211,\"caption\":\"Tetraktis\"},\"image\":{\"@id\":\"https:\\\/\\\/tetraktis.si\\\/en\\\/#\\\/schema\\\/logo\\\/image\\\/\"},\"sameAs\":[\"https:\\\/\\\/business.facebook.com\\\/equineamericashop\\\/?business_id=193323571192825\",\"https:\\\/\\\/x.com\\\/TetraktisInfo\",\"https:\\\/\\\/www.instagram.com\\\/tetraktisslovenija\\\/\",\"https:\\\/\\\/www.youtube.com\\\/channel\\\/UCk_PdKMdtpZ4pf0RRFL1vYA\"]}]}<\/script>\n<!-- \/ Yoast SEO Premium plugin. -->","yoast_head_json":{"title":"VITAMIN C FOR HORSES","description":"Vitamin C has shown to support increasing the body\u00b4s immune system and this product is boosted with Alfa Alfa and vitamin C.","robots":{"index":"index","follow":"follow","max-snippet":"max-snippet:-1","max-image-preview":"max-image-preview:large","max-video-preview":"max-video-preview:-1"},"canonical":"https:\/\/tetraktis.si\/en\/izdelek\/vitamin-c-2000-powder\/","og_locale":"en_US","og_type":"article","og_title":"VITAMIN C FOR HORSES","og_description":"Vitamin C has shown to support increasing the body\u00b4s immune system and this product is boosted with Alfa Alfa and vitamin C.","og_url":"https:\/\/tetraktis.si\/en\/izdelek\/vitamin-c-2000-powder\/","og_site_name":"Tetraktis- Equine America, Dorwest, Excel","article_publisher":"https:\/\/business.facebook.com\/equineamericashop\/?business_id=193323571192825","article_modified_time":"2023-03-28T07:01:09+00:00","og_image":[{"width":924,"height":924,"url":"https:\/\/tetraktis.si\/wp-content\/uploads\/2022\/04\/Vitamin-C.jpg","type":"image\/jpeg"}],"twitter_card":"summary_large_image","twitter_site":"@TetraktisInfo","twitter_misc":{"Est. reading time":"2 minutes"},"schema":{"@context":"https:\/\/schema.org","@graph":[{"@type":"WebPage","@id":"https:\/\/tetraktis.si\/en\/izdelek\/vitamin-c-2000-powder\/","url":"https:\/\/tetraktis.si\/en\/izdelek\/vitamin-c-2000-powder\/","name":"VITAMIN C FOR HORSES","isPartOf":{"@id":"https:\/\/tetraktis.si\/en\/#website"},"primaryImageOfPage":{"@id":"https:\/\/tetraktis.si\/en\/izdelek\/vitamin-c-2000-powder\/#primaryimage"},"image":{"@id":"https:\/\/tetraktis.si\/en\/izdelek\/vitamin-c-2000-powder\/#primaryimage"},"thumbnailUrl":"https:\/\/tetraktis.si\/wp-content\/uploads\/2022\/04\/Vitamin-C.jpg","datePublished":"2022-04-27T13:56:20+00:00","dateModified":"2023-03-28T07:01:09+00:00","description":"Vitamin C has shown to support increasing the body\u00b4s immune system and this product is boosted with Alfa Alfa and vitamin C.","breadcrumb":{"@id":"https:\/\/tetraktis.si\/en\/izdelek\/vitamin-c-2000-powder\/#breadcrumb"},"inLanguage":"en-US","potentialAction":[{"@type":"ReadAction","target":["https:\/\/tetraktis.si\/en\/izdelek\/vitamin-c-2000-powder\/"]}]},{"@type":"ImageObject","inLanguage":"en-US","@id":"https:\/\/tetraktis.si\/en\/izdelek\/vitamin-c-2000-powder\/#primaryimage","url":"https:\/\/tetraktis.si\/wp-content\/uploads\/2022\/04\/Vitamin-C.jpg","contentUrl":"https:\/\/tetraktis.si\/wp-content\/uploads\/2022\/04\/Vitamin-C.jpg","width":924,"height":924},{"@type":"BreadcrumbList","@id":"https:\/\/tetraktis.si\/en\/izdelek\/vitamin-c-2000-powder\/#breadcrumb","itemListElement":[{"@type":"ListItem","position":1,"name":"Shop","item":"https:\/\/tetraktis.si\/en\/shop-3\/"},{"@type":"ListItem","position":2,"name":"VITAMIN C 2000 powder"}]},{"@type":"WebSite","@id":"https:\/\/tetraktis.si\/en\/#website","url":"https:\/\/tetraktis.si\/en\/","name":"Tetraktis- Equine America, Dorwest, Excel","description":"Samo najbolj\u0161e za va\u0161e \u017eivali","publisher":{"@id":"https:\/\/tetraktis.si\/en\/#organization"},"potentialAction":[{"@type":"SearchAction","target":{"@type":"EntryPoint","urlTemplate":"https:\/\/tetraktis.si\/en\/?s={search_term_string}"},"query-input":{"@type":"PropertyValueSpecification","valueRequired":true,"valueName":"search_term_string"}}],"inLanguage":"en-US"},{"@type":"Organization","@id":"https:\/\/tetraktis.si\/en\/#organization","name":"Tetraktis","url":"https:\/\/tetraktis.si\/en\/","logo":{"@type":"ImageObject","inLanguage":"en-US","@id":"https:\/\/tetraktis.si\/en\/#\/schema\/logo\/image\/","url":"https:\/\/tetraktis.si\/wp-content\/uploads\/2022\/06\/logo.webp","contentUrl":"https:\/\/tetraktis.si\/wp-content\/uploads\/2022\/06\/logo.webp","width":400,"height":211,"caption":"Tetraktis"},"image":{"@id":"https:\/\/tetraktis.si\/en\/#\/schema\/logo\/image\/"},"sameAs":["https:\/\/business.facebook.com\/equineamericashop\/?business_id=193323571192825","https:\/\/x.com\/TetraktisInfo","https:\/\/www.instagram.com\/tetraktisslovenija\/","https:\/\/www.youtube.com\/channel\/UCk_PdKMdtpZ4pf0RRFL1vYA"]}]}},"_links":{"self":[{"href":"https:\/\/tetraktis.si\/en\/wp-json\/wp\/v2\/product\/32486","targetHints":{"allow":["GET"]}}],"collection":[{"href":"https:\/\/tetraktis.si\/en\/wp-json\/wp\/v2\/product"}],"about":[{"href":"https:\/\/tetraktis.si\/en\/wp-json\/wp\/v2\/types\/product"}],"replies":[{"embeddable":true,"href":"https:\/\/tetraktis.si\/en\/wp-json\/wp\/v2\/comments?post=32486"}],"version-history":[{"count":1,"href":"https:\/\/tetraktis.si\/en\/wp-json\/wp\/v2\/product\/32486\/revisions"}],"predecessor-version":[{"id":37110,"href":"https:\/\/tetraktis.si\/en\/wp-json\/wp\/v2\/product\/32486\/revisions\/37110"}],"wp:featuredmedia":[{"embeddable":true,"href":"https:\/\/tetraktis.si\/en\/wp-json\/wp\/v2\/media\/24693"}],"wp:attachment":[{"href":"https:\/\/tetraktis.si\/en\/wp-json\/wp\/v2\/media?parent=32486"}],"wp:term":[{"taxonomy":"product_brand","embeddable":true,"href":"https:\/\/tetraktis.si\/en\/wp-json\/wp\/v2\/product_brand?post=32486"},{"taxonomy":"product_cat","embeddable":true,"href":"https:\/\/tetraktis.si\/en\/wp-json\/wp\/v2\/product_cat?post=32486"},{"taxonomy":"product_tag","embeddable":true,"href":"https:\/\/tetraktis.si\/en\/wp-json\/wp\/v2\/product_tag?post=32486"}],"curies":[{"name":"wp","href":"https:\/\/api.w.org\/{rel}","templated":true}]}}