{"id":32478,"date":"2022-04-27T15:56:20","date_gmt":"2022-04-27T13:56:20","guid":{"rendered":"https:\/\/cortaflex.si\/izdelek\/sampon-za-pse-2v1-biogance-250-ml\/"},"modified":"2023-09-18T21:35:07","modified_gmt":"2023-09-18T19:35:07","slug":"sampon-za-pse-2v1-biogance-250-ml","status":"publish","type":"product","link":"https:\/\/tetraktis.si\/en\/izdelek\/sampon-za-pse-2v1-biogance-250-ml\/","title":{"rendered":"\u0160ampon za pse 2v1 BIOGANCE 250 ml"},"content":{"rendered":"<h1>\u0160ampon za pse 2v1 BIOGANCE<\/h1>\n<p>\u0160ampon za pse, ki je obenem tudi regenerator- odli\u010dna re\u0161itev kadar \u017eelite urediti va\u0161ega ljubljen\u010dka \u010dim hitreje \ud83d\ude42<\/p>\n<p>2v1 \u0161ampon in balzam od francoskega proizvajalca BIOGANCE je odli\u010den naraven, antistati\u010den in ph nevtralen \u0161ampon kot tudi obenem balzam\/regenerator, ki omogo\u010da svilnato in ne\u017eno dlako. Po uporabi boste dlako z lahkoto raz\u010desali in oblikovali.<\/p>\n<p>\u010ce pa vseeno potrebujete \u0161e dodatnega pomo\u010dnika pri &#8220;trdovratnih&#8221; vozlih, pa bo najbolj\u0161i <a href=\"https:\/\/www.tetraktis.si\/product\/sprej-za-odstranjevanje-vozlov\/\">Xtra liss sprej<\/a> \ud83d\ude42<\/p>\n<p>2v1 \u0161ampon je narejen na osnovi borage in mandljev, ki \u010disti, odstranjuje ne\u010disto\u010do, neguje in vla\u017ei dlako.<\/p>\n<h2>Za koga je primeren 2v1?<\/h2>\n<p id=\"tw-target-text\" class=\"tw-data-text tw-text-large tw-ta\" dir=\"ltr\" data-placeholder=\"Prevod\"><span lang=\"sl\">Najbolj priporo\u010damo za srednje dolgo in dolgo dlako kot jo imajo pasme: koker \u0161panjeli, kavalir kralja Karla, setri\u2026<\/span><\/p>\n<p class=\"tw-data-text tw-text-large tw-ta\" dir=\"ltr\" data-placeholder=\"Prevod\"><span lang=\"sl\">Primerno tudi za mladi\u010dke.<\/span><\/p>\n<h2>Formula Biogance 2 v 1 \u0161ampon za pse je:<\/h2>\n<ul>\n<li>antistati\u010dna,<\/li>\n<li>bio aktivna sestava,<\/li>\n<li>hipoalergena,<\/li>\n<li>ph nevtralna<\/li>\n<li>brez parabenov ali<\/li>\n<li>drugih kemi\u010dnih dodatkov.<\/li>\n<\/ul>\n<p>Pakiranje 250ml.<\/p>\n<h2><span lang=\"sl\" style=\"font-size: 14.4px;\">Navodila za uporabo:<\/span><\/h2>\n<p><span lang=\"sl\" style=\"font-size: 14.4px;\">Nanesite na mokro dlako, ne\u017eno drgnite in nato temeljito sperite. Ponovite nanos in pustite delovati dve minuti pred izpiranjem. Izogibajte se stiku z o\u010dmi.<\/span><\/p>\n<h2><span style=\"color: #555555;\">Ve\u010d o proizvajalcu, francoskem podjetju <a href=\"https:\/\/www.tetraktis.si\/?s=biogance&amp;post_type=product&amp;lang=sl\">Biogance<\/a><\/span><\/h2>\n<p><span style=\"color: #555555;\">\u0160ampon za pse 2 v 1 je samo eden v vrsti \u0161tevilnih preparatov naravne kozmetike za nego ljubljen\u010dkov. Vsa kozmetika je naravna, brez parabenov,kemi\u010dnih dodatkov, fenoksietanola ali \u017eivalskih olj. Izdelki seveda tudi niso testirani na \u017eivalih.<\/span><\/p>\n<p>BIOGANCE je vrhunska francoska blagovna znamka higienskih in negovalnih izdelkov za hi\u0161ne ljubljen\u010dke, neposredno navdihnjena iz narave in sestavljena iz organskih in naravnih sestavin.<\/p>\n<p>Francoski proizvajalec \u017eeli na\u0161im psom in ma\u010dkam dati najbolj\u0161e. To je dinami\u010dno in inovativno podjetje, ki se za najve\u010djo blaginjo hi\u0161nih ljubljen\u010dkov zana\u0161a na strokovno znanje in znanje kemikov, farmacevtov in veterinarjev.<\/p>\n<p>Tudi embala\u017ea in pokrov\u010dki so 100-odstotno reciklirani.<\/p>\n<p>Mi jih podpiramo, kaj pa vi?<\/p>\n","protected":false},"excerpt":{"rendered":"<p>2v1 \u0161ampon za pse je narejen na osnovi borage in mandljev. Ne\u017eno \u010disti, odstranjuje ne\u010disto\u010do ter obenem neguje in vla\u017ei dlako.<\/p>\n<p>Primeren za mladi\u010de in vse vrste dlak.<\/p>\n","protected":false},"featured_media":24670,"comment_status":"open","ping_status":"closed","template":"","meta":[],"product_brand":[327],"product_cat":[3323,3334,3344],"product_tag":[],"class_list":{"0":"post-32478","1":"product","2":"type-product","3":"status-publish","4":"has-post-thumbnail","6":"product_brand-biogance","7":"product_cat-dogs-cats","8":"product_cat-nega-psa-en","9":"product_cat-samponi-in-nega-en","12":"first","13":"outofstock","14":"taxable","15":"shipping-taxable","16":"purchasable","17":"product-type-simple"},"yoast_head":"<!-- This site is optimized with the Yoast SEO Premium plugin v20.10 (Yoast SEO v27.6) - https:\/\/yoast.com\/product\/yoast-seo-premium-wordpress\/ -->\n<title>\u0160ampon za pse 2v1 BIOGANCE 250 ml - Tetraktis- Equine America, Dorwest, Excel<\/title>\n<meta name=\"description\" content=\"\u0160ampon za pse 2v1 BIOGANCE je narejen na osnovi borage in mandljev, ki ne\u017eno \u010disti, odstranjuje ne\u010disto\u010do ter neguje in vla\u017ei dlako.\" \/>\n<meta name=\"robots\" content=\"index, follow, max-snippet:-1, max-image-preview:large, max-video-preview:-1\" \/>\n<link rel=\"canonical\" href=\"https:\/\/tetraktis.si\/en\/izdelek\/sampon-za-pse-2v1-biogance-250-ml\/\" \/>\n<meta property=\"og:locale\" content=\"en_US\" \/>\n<meta property=\"og:type\" content=\"article\" \/>\n<meta property=\"og:title\" content=\"\u0160ampon za pse 2v1 BIOGANCE 250 ml - Tetraktis- Equine America, Dorwest, Excel\" \/>\n<meta property=\"og:description\" content=\"\u0160ampon za pse 2v1 BIOGANCE je narejen na osnovi borage in mandljev, ki ne\u017eno \u010disti, odstranjuje ne\u010disto\u010do ter neguje in vla\u017ei dlako.\" \/>\n<meta property=\"og:url\" content=\"https:\/\/tetraktis.si\/en\/izdelek\/sampon-za-pse-2v1-biogance-250-ml\/\" \/>\n<meta property=\"og:site_name\" content=\"Tetraktis- Equine America, Dorwest, Excel\" \/>\n<meta property=\"article:publisher\" content=\"https:\/\/business.facebook.com\/equineamericashop\/?business_id=193323571192825\" \/>\n<meta property=\"article:modified_time\" content=\"2023-09-18T19:35:07+00:00\" \/>\n<meta property=\"og:image\" content=\"https:\/\/tetraktis.si\/wp-content\/uploads\/2022\/04\/Sampon-za-pse-2v1-Biogance-250ml.png\" \/>\n\t<meta property=\"og:image:width\" content=\"750\" \/>\n\t<meta property=\"og:image:height\" content=\"1050\" \/>\n\t<meta property=\"og:image:type\" content=\"image\/png\" \/>\n<meta name=\"twitter:card\" content=\"summary_large_image\" \/>\n<meta name=\"twitter:site\" content=\"@TetraktisInfo\" \/>\n<meta name=\"twitter:label1\" content=\"Est. reading time\" \/>\n\t<meta name=\"twitter:data1\" content=\"2 minutes\" \/>\n<script type=\"application\/ld+json\" class=\"yoast-schema-graph\">{\"@context\":\"https:\\\/\\\/schema.org\",\"@graph\":[{\"@type\":\"WebPage\",\"@id\":\"https:\\\/\\\/tetraktis.si\\\/en\\\/izdelek\\\/sampon-za-pse-2v1-biogance-250-ml\\\/\",\"url\":\"https:\\\/\\\/tetraktis.si\\\/en\\\/izdelek\\\/sampon-za-pse-2v1-biogance-250-ml\\\/\",\"name\":\"\u0160ampon za pse 2v1 BIOGANCE 250 ml - Tetraktis- Equine America, Dorwest, Excel\",\"isPartOf\":{\"@id\":\"https:\\\/\\\/tetraktis.si\\\/en\\\/#website\"},\"primaryImageOfPage\":{\"@id\":\"https:\\\/\\\/tetraktis.si\\\/en\\\/izdelek\\\/sampon-za-pse-2v1-biogance-250-ml\\\/#primaryimage\"},\"image\":{\"@id\":\"https:\\\/\\\/tetraktis.si\\\/en\\\/izdelek\\\/sampon-za-pse-2v1-biogance-250-ml\\\/#primaryimage\"},\"thumbnailUrl\":\"https:\\\/\\\/tetraktis.si\\\/wp-content\\\/uploads\\\/2022\\\/04\\\/Sampon-za-pse-2v1-Biogance-250ml.png\",\"datePublished\":\"2022-04-27T13:56:20+00:00\",\"dateModified\":\"2023-09-18T19:35:07+00:00\",\"description\":\"\u0160ampon za pse 2v1 BIOGANCE je narejen na osnovi borage in mandljev, ki ne\u017eno \u010disti, odstranjuje ne\u010disto\u010do ter neguje in vla\u017ei dlako.\",\"breadcrumb\":{\"@id\":\"https:\\\/\\\/tetraktis.si\\\/en\\\/izdelek\\\/sampon-za-pse-2v1-biogance-250-ml\\\/#breadcrumb\"},\"inLanguage\":\"en-US\",\"potentialAction\":[{\"@type\":\"ReadAction\",\"target\":[\"https:\\\/\\\/tetraktis.si\\\/en\\\/izdelek\\\/sampon-za-pse-2v1-biogance-250-ml\\\/\"]}]},{\"@type\":\"ImageObject\",\"inLanguage\":\"en-US\",\"@id\":\"https:\\\/\\\/tetraktis.si\\\/en\\\/izdelek\\\/sampon-za-pse-2v1-biogance-250-ml\\\/#primaryimage\",\"url\":\"https:\\\/\\\/tetraktis.si\\\/wp-content\\\/uploads\\\/2022\\\/04\\\/Sampon-za-pse-2v1-Biogance-250ml.png\",\"contentUrl\":\"https:\\\/\\\/tetraktis.si\\\/wp-content\\\/uploads\\\/2022\\\/04\\\/Sampon-za-pse-2v1-Biogance-250ml.png\",\"width\":750,\"height\":1050,\"caption\":\"\u0160ampon za pse\"},{\"@type\":\"BreadcrumbList\",\"@id\":\"https:\\\/\\\/tetraktis.si\\\/en\\\/izdelek\\\/sampon-za-pse-2v1-biogance-250-ml\\\/#breadcrumb\",\"itemListElement\":[{\"@type\":\"ListItem\",\"position\":1,\"name\":\"Shop\",\"item\":\"https:\\\/\\\/tetraktis.si\\\/en\\\/shop-3\\\/\"},{\"@type\":\"ListItem\",\"position\":2,\"name\":\"\u0160ampon za pse 2v1 BIOGANCE 250 ml\"}]},{\"@type\":\"WebSite\",\"@id\":\"https:\\\/\\\/tetraktis.si\\\/en\\\/#website\",\"url\":\"https:\\\/\\\/tetraktis.si\\\/en\\\/\",\"name\":\"Tetraktis- Equine America, Dorwest, Excel\",\"description\":\"Samo najbolj\u0161e za va\u0161e \u017eivali\",\"publisher\":{\"@id\":\"https:\\\/\\\/tetraktis.si\\\/en\\\/#organization\"},\"potentialAction\":[{\"@type\":\"SearchAction\",\"target\":{\"@type\":\"EntryPoint\",\"urlTemplate\":\"https:\\\/\\\/tetraktis.si\\\/en\\\/?s={search_term_string}\"},\"query-input\":{\"@type\":\"PropertyValueSpecification\",\"valueRequired\":true,\"valueName\":\"search_term_string\"}}],\"inLanguage\":\"en-US\"},{\"@type\":\"Organization\",\"@id\":\"https:\\\/\\\/tetraktis.si\\\/en\\\/#organization\",\"name\":\"Tetraktis\",\"url\":\"https:\\\/\\\/tetraktis.si\\\/en\\\/\",\"logo\":{\"@type\":\"ImageObject\",\"inLanguage\":\"en-US\",\"@id\":\"https:\\\/\\\/tetraktis.si\\\/en\\\/#\\\/schema\\\/logo\\\/image\\\/\",\"url\":\"https:\\\/\\\/tetraktis.si\\\/wp-content\\\/uploads\\\/2022\\\/06\\\/logo.webp\",\"contentUrl\":\"https:\\\/\\\/tetraktis.si\\\/wp-content\\\/uploads\\\/2022\\\/06\\\/logo.webp\",\"width\":400,\"height\":211,\"caption\":\"Tetraktis\"},\"image\":{\"@id\":\"https:\\\/\\\/tetraktis.si\\\/en\\\/#\\\/schema\\\/logo\\\/image\\\/\"},\"sameAs\":[\"https:\\\/\\\/business.facebook.com\\\/equineamericashop\\\/?business_id=193323571192825\",\"https:\\\/\\\/x.com\\\/TetraktisInfo\",\"https:\\\/\\\/www.instagram.com\\\/tetraktisslovenija\\\/\",\"https:\\\/\\\/www.youtube.com\\\/channel\\\/UCk_PdKMdtpZ4pf0RRFL1vYA\"]}]}<\/script>\n<!-- \/ Yoast SEO Premium plugin. -->","yoast_head_json":{"title":"\u0160ampon za pse 2v1 BIOGANCE 250 ml - Tetraktis- Equine America, Dorwest, Excel","description":"\u0160ampon za pse 2v1 BIOGANCE je narejen na osnovi borage in mandljev, ki ne\u017eno \u010disti, odstranjuje ne\u010disto\u010do ter neguje in vla\u017ei dlako.","robots":{"index":"index","follow":"follow","max-snippet":"max-snippet:-1","max-image-preview":"max-image-preview:large","max-video-preview":"max-video-preview:-1"},"canonical":"https:\/\/tetraktis.si\/en\/izdelek\/sampon-za-pse-2v1-biogance-250-ml\/","og_locale":"en_US","og_type":"article","og_title":"\u0160ampon za pse 2v1 BIOGANCE 250 ml - Tetraktis- Equine America, Dorwest, Excel","og_description":"\u0160ampon za pse 2v1 BIOGANCE je narejen na osnovi borage in mandljev, ki ne\u017eno \u010disti, odstranjuje ne\u010disto\u010do ter neguje in vla\u017ei dlako.","og_url":"https:\/\/tetraktis.si\/en\/izdelek\/sampon-za-pse-2v1-biogance-250-ml\/","og_site_name":"Tetraktis- Equine America, Dorwest, Excel","article_publisher":"https:\/\/business.facebook.com\/equineamericashop\/?business_id=193323571192825","article_modified_time":"2023-09-18T19:35:07+00:00","og_image":[{"width":750,"height":1050,"url":"https:\/\/tetraktis.si\/wp-content\/uploads\/2022\/04\/Sampon-za-pse-2v1-Biogance-250ml.png","type":"image\/png"}],"twitter_card":"summary_large_image","twitter_site":"@TetraktisInfo","twitter_misc":{"Est. reading time":"2 minutes"},"schema":{"@context":"https:\/\/schema.org","@graph":[{"@type":"WebPage","@id":"https:\/\/tetraktis.si\/en\/izdelek\/sampon-za-pse-2v1-biogance-250-ml\/","url":"https:\/\/tetraktis.si\/en\/izdelek\/sampon-za-pse-2v1-biogance-250-ml\/","name":"\u0160ampon za pse 2v1 BIOGANCE 250 ml - Tetraktis- Equine America, Dorwest, Excel","isPartOf":{"@id":"https:\/\/tetraktis.si\/en\/#website"},"primaryImageOfPage":{"@id":"https:\/\/tetraktis.si\/en\/izdelek\/sampon-za-pse-2v1-biogance-250-ml\/#primaryimage"},"image":{"@id":"https:\/\/tetraktis.si\/en\/izdelek\/sampon-za-pse-2v1-biogance-250-ml\/#primaryimage"},"thumbnailUrl":"https:\/\/tetraktis.si\/wp-content\/uploads\/2022\/04\/Sampon-za-pse-2v1-Biogance-250ml.png","datePublished":"2022-04-27T13:56:20+00:00","dateModified":"2023-09-18T19:35:07+00:00","description":"\u0160ampon za pse 2v1 BIOGANCE je narejen na osnovi borage in mandljev, ki ne\u017eno \u010disti, odstranjuje ne\u010disto\u010do ter neguje in vla\u017ei dlako.","breadcrumb":{"@id":"https:\/\/tetraktis.si\/en\/izdelek\/sampon-za-pse-2v1-biogance-250-ml\/#breadcrumb"},"inLanguage":"en-US","potentialAction":[{"@type":"ReadAction","target":["https:\/\/tetraktis.si\/en\/izdelek\/sampon-za-pse-2v1-biogance-250-ml\/"]}]},{"@type":"ImageObject","inLanguage":"en-US","@id":"https:\/\/tetraktis.si\/en\/izdelek\/sampon-za-pse-2v1-biogance-250-ml\/#primaryimage","url":"https:\/\/tetraktis.si\/wp-content\/uploads\/2022\/04\/Sampon-za-pse-2v1-Biogance-250ml.png","contentUrl":"https:\/\/tetraktis.si\/wp-content\/uploads\/2022\/04\/Sampon-za-pse-2v1-Biogance-250ml.png","width":750,"height":1050,"caption":"\u0160ampon za pse"},{"@type":"BreadcrumbList","@id":"https:\/\/tetraktis.si\/en\/izdelek\/sampon-za-pse-2v1-biogance-250-ml\/#breadcrumb","itemListElement":[{"@type":"ListItem","position":1,"name":"Shop","item":"https:\/\/tetraktis.si\/en\/shop-3\/"},{"@type":"ListItem","position":2,"name":"\u0160ampon za pse 2v1 BIOGANCE 250 ml"}]},{"@type":"WebSite","@id":"https:\/\/tetraktis.si\/en\/#website","url":"https:\/\/tetraktis.si\/en\/","name":"Tetraktis- Equine America, Dorwest, Excel","description":"Samo najbolj\u0161e za va\u0161e \u017eivali","publisher":{"@id":"https:\/\/tetraktis.si\/en\/#organization"},"potentialAction":[{"@type":"SearchAction","target":{"@type":"EntryPoint","urlTemplate":"https:\/\/tetraktis.si\/en\/?s={search_term_string}"},"query-input":{"@type":"PropertyValueSpecification","valueRequired":true,"valueName":"search_term_string"}}],"inLanguage":"en-US"},{"@type":"Organization","@id":"https:\/\/tetraktis.si\/en\/#organization","name":"Tetraktis","url":"https:\/\/tetraktis.si\/en\/","logo":{"@type":"ImageObject","inLanguage":"en-US","@id":"https:\/\/tetraktis.si\/en\/#\/schema\/logo\/image\/","url":"https:\/\/tetraktis.si\/wp-content\/uploads\/2022\/06\/logo.webp","contentUrl":"https:\/\/tetraktis.si\/wp-content\/uploads\/2022\/06\/logo.webp","width":400,"height":211,"caption":"Tetraktis"},"image":{"@id":"https:\/\/tetraktis.si\/en\/#\/schema\/logo\/image\/"},"sameAs":["https:\/\/business.facebook.com\/equineamericashop\/?business_id=193323571192825","https:\/\/x.com\/TetraktisInfo","https:\/\/www.instagram.com\/tetraktisslovenija\/","https:\/\/www.youtube.com\/channel\/UCk_PdKMdtpZ4pf0RRFL1vYA"]}]}},"_links":{"self":[{"href":"https:\/\/tetraktis.si\/en\/wp-json\/wp\/v2\/product\/32478","targetHints":{"allow":["GET"]}}],"collection":[{"href":"https:\/\/tetraktis.si\/en\/wp-json\/wp\/v2\/product"}],"about":[{"href":"https:\/\/tetraktis.si\/en\/wp-json\/wp\/v2\/types\/product"}],"replies":[{"embeddable":true,"href":"https:\/\/tetraktis.si\/en\/wp-json\/wp\/v2\/comments?post=32478"}],"version-history":[{"count":1,"href":"https:\/\/tetraktis.si\/en\/wp-json\/wp\/v2\/product\/32478\/revisions"}],"predecessor-version":[{"id":35334,"href":"https:\/\/tetraktis.si\/en\/wp-json\/wp\/v2\/product\/32478\/revisions\/35334"}],"wp:featuredmedia":[{"embeddable":true,"href":"https:\/\/tetraktis.si\/en\/wp-json\/wp\/v2\/media\/24670"}],"wp:attachment":[{"href":"https:\/\/tetraktis.si\/en\/wp-json\/wp\/v2\/media?parent=32478"}],"wp:term":[{"taxonomy":"product_brand","embeddable":true,"href":"https:\/\/tetraktis.si\/en\/wp-json\/wp\/v2\/product_brand?post=32478"},{"taxonomy":"product_cat","embeddable":true,"href":"https:\/\/tetraktis.si\/en\/wp-json\/wp\/v2\/product_cat?post=32478"},{"taxonomy":"product_tag","embeddable":true,"href":"https:\/\/tetraktis.si\/en\/wp-json\/wp\/v2\/product_tag?post=32478"}],"curies":[{"name":"wp","href":"https:\/\/api.w.org\/{rel}","templated":true}]}}