{"id":32477,"date":"2022-04-27T15:56:20","date_gmt":"2022-04-27T13:56:20","guid":{"rendered":"https:\/\/cortaflex.si\/izdelek\/suhi-sampon-za-pse-biogance-no-rinse-dog-200-ml\/"},"modified":"2023-06-07T16:32:51","modified_gmt":"2023-06-07T14:32:51","slug":"suhi-sampon-za-pse-biogance-no-rinse-dog-200-ml","status":"publish","type":"product","link":"https:\/\/tetraktis.si\/en\/izdelek\/suhi-sampon-za-pse-biogance-no-rinse-dog-200-ml\/","title":{"rendered":"Suhi \u0161ampon za pse BIOGANCE NO RINSE DOG 200 ml"},"content":{"rendered":"<h1>Suhi \u0161ampon za pse BIOGANCE NO RINSE DOG<\/h1>\n<p>Suhi \u0161ampon za pse BIOGANCE NO RINSE je \u010distilna pena za pse, zasnovana i<span lang=\"sl\">z naravnih ekstraktov kapucinke, ki slovi po lastnostih odi\u0161avljenja in \u010di\u0161\u010denja, ne da bi jo bilo potrebno izpirati.<\/span><\/p>\n<p><span lang=\"sl\">A se vam mudi ali pa va\u0161i hi\u0161ni ljubljen\u010dki ne marajo kopeli?<\/span><\/p>\n<p>NO RINSE DOG pena je takrat <span lang=\"sl\">odli\u010dna naravna re\u0161itev (brez kemikalij), ki jo lahko uporabite za va\u0161ega ljubljen\u010dka. Pena je odli\u010dna, ker absorbira ma\u0161\u010dobo, umazanijo in vlago, isto\u010dasno pa ne dra\u017ei in ne izsu\u0161uje ko\u017ee.\u00a0<\/span><\/p>\n<p>Z redno uporabo boste opazili bolj di\u0161e\u010do, svetle\u010do dlako va\u0161ega ku\u017eka.<\/p>\n<p><span lang=\"sl\">Primerno za vse vrste ko\u017eu\u0161\u010dkov.\u00a0<\/span><\/p>\n<p>Primeren tudi za mladi\u010de.<\/p>\n<h3><span style=\"font-size: 14.4px;\">\u0160ampon\/pena za suho pranje ku\u017ekov (brez izpiranja)<\/span><span style=\"font-size: 14.4px;\">\u00a0<\/span><span style=\"font-size: 14.4px;\">BIOGANCE NO RINSE DOG<\/span><span style=\"font-size: 14.4px;\">\u00a0<\/span><span style=\"font-size: 14.4px;\">je:<\/span><\/h3>\n<ul style=\"font-size: 14.4px;\">\n<li><span lang=\"sl\">brez parabena,<\/span><\/li>\n<li>brez (drugih) kemi\u010dnih dodatkov,<\/li>\n<li><span lang=\"sl\">hipoalergen,<\/span><\/li>\n<li>temeljito in ne\u017eno o\u010disti brez izplakovanja,<\/li>\n<li><span lang=\"sl\">vsebuje naravne u\u010dinkovine in bio aktivno sestavo<\/span><\/li>\n<\/ul>\n<p style=\"font-size: 14.4px;\">Pakiranje: 200ml.\u00a0<span lang=\"sl\">Izdelano v Franciji.<\/span><\/p>\n<h2><span lang=\"sl\">Navodila za uporabo suhega \u0161ampona za pse<\/span><\/h2>\n<p><span lang=\"sl\">Fla\u0161ko pretresite. Peno nanesite na dlako\/ko\u017euh. Uporabite 2-3 potiska\/razpr\u0161ila, dobro in ne\u017eno vmasirajte v dlako in nato posu\u0161ite s \u010disto brisa\u010do.<\/span><\/p>\n<p><span lang=\"sl\">Za\u0161\u010ditite predel o\u010di in gobca ku\u017eka.<\/span><\/p>\n<h2><span style=\"color: #555555;\">Ve\u010d o proizvajalcu, francoskem podjetju <a href=\"https:\/\/www.tetraktis.si\/?s=biogance&amp;post_type=product&amp;lang=sl\">Biogance<\/a><\/span><\/h2>\n<p><span style=\"color: #555555;\">NO RINSE DOG pena oz. suhi \u0161ampon za pse je samo eden v vrsti \u0161tevilnih preparatov naravne kozmetike za nego ljubljen\u010dkov. Vsa kozmetika je naravna, brez parabenov,kemi\u010dnih dodatkov, fenoksietanola ali \u017eivalskih olj. Izdelki seveda tudi niso testirani na \u017eivalih.<\/span><\/p>\n<p>BIOGANCE je vrhunska francoska blagovna znamka higienskih in negovalnih izdelkov za hi\u0161ne ljubljen\u010dke, neposredno navdihnjena iz narave in sestavljena iz organskih in naravnih sestavin.<\/p>\n<p>Francoski proizvajalec \u017eeli na\u0161im psom in ma\u010dkam dati najbolj\u0161e. To je dinami\u010dno in inovativno podjetje, ki se za najve\u010djo blaginjo hi\u0161nih ljubljen\u010dkov zana\u0161a na strokovno znanje in znanje kemikov, farmacevtov in veterinarjev.<\/p>\n<p>Tudi embala\u017ea in pokrov\u010dki so 100-odstotno reciklirani.<\/p>\n<p>Mi jih podpiramo, kaj pa vi?<\/p>\n<p>A ima dlaka va\u0161ega pse ve\u010d izzivov? Te\u017eko se raz\u010de\u0161e? Imamo odli\u010den sprej za razvozlavanje \u0161e najtrdovratnej\u0161ih vozlov, poi\u0161\u010dite<a href=\"https:\/\/www.tetraktis.si\/product\/sprej-za-odstranjevanje-vozlov\/\"> XTRA LISS sprej<\/a>!<\/p>\n","protected":false},"excerpt":{"rendered":"<p>Suhi \u0161ampon\/pena za pse BIOGANCE NO RINSE DOG je pena za umivanje brez izpiranja oz. uporabe vode.<\/p>\n<p>Primeren za mladi\u010de in vse vrste dlak.<\/p>\n","protected":false},"featured_media":24651,"comment_status":"open","ping_status":"closed","template":"","meta":[],"product_brand":[],"product_cat":[3323,3334,3344],"product_tag":[],"class_list":{"0":"post-32477","1":"product","2":"type-product","3":"status-publish","4":"has-post-thumbnail","6":"product_cat-dogs-cats","7":"product_cat-nega-psa-en","8":"product_cat-samponi-in-nega-en","11":"first","12":"outofstock","13":"taxable","14":"shipping-taxable","15":"purchasable","16":"product-type-simple"},"yoast_head":"<!-- This site is optimized with the Yoast SEO Premium plugin v20.10 (Yoast SEO v27.3) - https:\/\/yoast.com\/product\/yoast-seo-premium-wordpress\/ -->\n<title>Suhi \u0161ampon za pse BIOGANCE NO RINSE DOG 200 ml - Tetraktis- Equine America, Dorwest, Excel<\/title>\n<meta name=\"description\" content=\"Suhi \u0161ampon za pse BIOGANCE NO RINSE DOG je \u010distilna pena za pse, na osnovi ekstraktov kapucinke, ki odi\u0161avi in \u010disti, ne da bi jo bilo potrebno izpirati.\" \/>\n<meta name=\"robots\" content=\"index, follow, max-snippet:-1, max-image-preview:large, max-video-preview:-1\" \/>\n<link rel=\"canonical\" href=\"https:\/\/tetraktis.si\/en\/izdelek\/suhi-sampon-za-pse-biogance-no-rinse-dog-200-ml\/\" \/>\n<meta property=\"og:locale\" content=\"en_US\" \/>\n<meta property=\"og:type\" content=\"article\" \/>\n<meta property=\"og:title\" content=\"Suhi \u0161ampon za pse BIOGANCE NO RINSE DOG 200 ml - Tetraktis- Equine America, Dorwest, Excel\" \/>\n<meta property=\"og:description\" content=\"Suhi \u0161ampon za pse BIOGANCE NO RINSE DOG je \u010distilna pena za pse, na osnovi ekstraktov kapucinke, ki odi\u0161avi in \u010disti, ne da bi jo bilo potrebno izpirati.\" \/>\n<meta property=\"og:url\" content=\"https:\/\/tetraktis.si\/en\/izdelek\/suhi-sampon-za-pse-biogance-no-rinse-dog-200-ml\/\" \/>\n<meta property=\"og:site_name\" content=\"Tetraktis- Equine America, Dorwest, Excel\" \/>\n<meta property=\"article:publisher\" content=\"https:\/\/business.facebook.com\/equineamericashop\/?business_id=193323571192825\" \/>\n<meta property=\"article:modified_time\" content=\"2023-06-07T14:32:51+00:00\" \/>\n<meta property=\"og:image\" content=\"https:\/\/tetraktis.si\/wp-content\/uploads\/2022\/04\/Biogance-NO-RINSE-FOAMER-Dog-za-pse.png\" \/>\n\t<meta property=\"og:image:width\" content=\"750\" \/>\n\t<meta property=\"og:image:height\" content=\"1050\" \/>\n\t<meta property=\"og:image:type\" content=\"image\/png\" \/>\n<meta name=\"twitter:card\" content=\"summary_large_image\" \/>\n<meta name=\"twitter:site\" content=\"@TetraktisInfo\" \/>\n<meta name=\"twitter:label1\" content=\"Est. reading time\" \/>\n\t<meta name=\"twitter:data1\" content=\"2 minutes\" \/>\n<script type=\"application\/ld+json\" class=\"yoast-schema-graph\">{\"@context\":\"https:\\\/\\\/schema.org\",\"@graph\":[{\"@type\":\"WebPage\",\"@id\":\"https:\\\/\\\/tetraktis.si\\\/en\\\/izdelek\\\/suhi-sampon-za-pse-biogance-no-rinse-dog-200-ml\\\/\",\"url\":\"https:\\\/\\\/tetraktis.si\\\/en\\\/izdelek\\\/suhi-sampon-za-pse-biogance-no-rinse-dog-200-ml\\\/\",\"name\":\"Suhi \u0161ampon za pse BIOGANCE NO RINSE DOG 200 ml - Tetraktis- Equine America, Dorwest, Excel\",\"isPartOf\":{\"@id\":\"https:\\\/\\\/tetraktis.si\\\/en\\\/#website\"},\"primaryImageOfPage\":{\"@id\":\"https:\\\/\\\/tetraktis.si\\\/en\\\/izdelek\\\/suhi-sampon-za-pse-biogance-no-rinse-dog-200-ml\\\/#primaryimage\"},\"image\":{\"@id\":\"https:\\\/\\\/tetraktis.si\\\/en\\\/izdelek\\\/suhi-sampon-za-pse-biogance-no-rinse-dog-200-ml\\\/#primaryimage\"},\"thumbnailUrl\":\"https:\\\/\\\/tetraktis.si\\\/wp-content\\\/uploads\\\/2022\\\/04\\\/Biogance-NO-RINSE-FOAMER-Dog-za-pse.png\",\"datePublished\":\"2022-04-27T13:56:20+00:00\",\"dateModified\":\"2023-06-07T14:32:51+00:00\",\"description\":\"Suhi \u0161ampon za pse BIOGANCE NO RINSE DOG je \u010distilna pena za pse, na osnovi ekstraktov kapucinke, ki odi\u0161avi in \u010disti, ne da bi jo bilo potrebno izpirati.\",\"breadcrumb\":{\"@id\":\"https:\\\/\\\/tetraktis.si\\\/en\\\/izdelek\\\/suhi-sampon-za-pse-biogance-no-rinse-dog-200-ml\\\/#breadcrumb\"},\"inLanguage\":\"en-US\",\"potentialAction\":[{\"@type\":\"ReadAction\",\"target\":[\"https:\\\/\\\/tetraktis.si\\\/en\\\/izdelek\\\/suhi-sampon-za-pse-biogance-no-rinse-dog-200-ml\\\/\"]}]},{\"@type\":\"ImageObject\",\"inLanguage\":\"en-US\",\"@id\":\"https:\\\/\\\/tetraktis.si\\\/en\\\/izdelek\\\/suhi-sampon-za-pse-biogance-no-rinse-dog-200-ml\\\/#primaryimage\",\"url\":\"https:\\\/\\\/tetraktis.si\\\/wp-content\\\/uploads\\\/2022\\\/04\\\/Biogance-NO-RINSE-FOAMER-Dog-za-pse.png\",\"contentUrl\":\"https:\\\/\\\/tetraktis.si\\\/wp-content\\\/uploads\\\/2022\\\/04\\\/Biogance-NO-RINSE-FOAMER-Dog-za-pse.png\",\"width\":750,\"height\":1050},{\"@type\":\"BreadcrumbList\",\"@id\":\"https:\\\/\\\/tetraktis.si\\\/en\\\/izdelek\\\/suhi-sampon-za-pse-biogance-no-rinse-dog-200-ml\\\/#breadcrumb\",\"itemListElement\":[{\"@type\":\"ListItem\",\"position\":1,\"name\":\"Shop\",\"item\":\"https:\\\/\\\/tetraktis.si\\\/en\\\/shop-3\\\/\"},{\"@type\":\"ListItem\",\"position\":2,\"name\":\"Suhi \u0161ampon za pse BIOGANCE NO RINSE DOG 200 ml\"}]},{\"@type\":\"WebSite\",\"@id\":\"https:\\\/\\\/tetraktis.si\\\/en\\\/#website\",\"url\":\"https:\\\/\\\/tetraktis.si\\\/en\\\/\",\"name\":\"Tetraktis- Equine America, Dorwest, Excel\",\"description\":\"Samo najbolj\u0161e za va\u0161e \u017eivali\",\"publisher\":{\"@id\":\"https:\\\/\\\/tetraktis.si\\\/en\\\/#organization\"},\"potentialAction\":[{\"@type\":\"SearchAction\",\"target\":{\"@type\":\"EntryPoint\",\"urlTemplate\":\"https:\\\/\\\/tetraktis.si\\\/en\\\/?s={search_term_string}\"},\"query-input\":{\"@type\":\"PropertyValueSpecification\",\"valueRequired\":true,\"valueName\":\"search_term_string\"}}],\"inLanguage\":\"en-US\"},{\"@type\":\"Organization\",\"@id\":\"https:\\\/\\\/tetraktis.si\\\/en\\\/#organization\",\"name\":\"Tetraktis\",\"url\":\"https:\\\/\\\/tetraktis.si\\\/en\\\/\",\"logo\":{\"@type\":\"ImageObject\",\"inLanguage\":\"en-US\",\"@id\":\"https:\\\/\\\/tetraktis.si\\\/en\\\/#\\\/schema\\\/logo\\\/image\\\/\",\"url\":\"https:\\\/\\\/tetraktis.si\\\/wp-content\\\/uploads\\\/2022\\\/06\\\/logo.webp\",\"contentUrl\":\"https:\\\/\\\/tetraktis.si\\\/wp-content\\\/uploads\\\/2022\\\/06\\\/logo.webp\",\"width\":400,\"height\":211,\"caption\":\"Tetraktis\"},\"image\":{\"@id\":\"https:\\\/\\\/tetraktis.si\\\/en\\\/#\\\/schema\\\/logo\\\/image\\\/\"},\"sameAs\":[\"https:\\\/\\\/business.facebook.com\\\/equineamericashop\\\/?business_id=193323571192825\",\"https:\\\/\\\/x.com\\\/TetraktisInfo\",\"https:\\\/\\\/www.instagram.com\\\/tetraktisslovenija\\\/\",\"https:\\\/\\\/www.youtube.com\\\/channel\\\/UCk_PdKMdtpZ4pf0RRFL1vYA\"]}]}<\/script>\n<!-- \/ Yoast SEO Premium plugin. -->","yoast_head_json":{"title":"Suhi \u0161ampon za pse BIOGANCE NO RINSE DOG 200 ml - Tetraktis- Equine America, Dorwest, Excel","description":"Suhi \u0161ampon za pse BIOGANCE NO RINSE DOG je \u010distilna pena za pse, na osnovi ekstraktov kapucinke, ki odi\u0161avi in \u010disti, ne da bi jo bilo potrebno izpirati.","robots":{"index":"index","follow":"follow","max-snippet":"max-snippet:-1","max-image-preview":"max-image-preview:large","max-video-preview":"max-video-preview:-1"},"canonical":"https:\/\/tetraktis.si\/en\/izdelek\/suhi-sampon-za-pse-biogance-no-rinse-dog-200-ml\/","og_locale":"en_US","og_type":"article","og_title":"Suhi \u0161ampon za pse BIOGANCE NO RINSE DOG 200 ml - Tetraktis- Equine America, Dorwest, Excel","og_description":"Suhi \u0161ampon za pse BIOGANCE NO RINSE DOG je \u010distilna pena za pse, na osnovi ekstraktov kapucinke, ki odi\u0161avi in \u010disti, ne da bi jo bilo potrebno izpirati.","og_url":"https:\/\/tetraktis.si\/en\/izdelek\/suhi-sampon-za-pse-biogance-no-rinse-dog-200-ml\/","og_site_name":"Tetraktis- Equine America, Dorwest, Excel","article_publisher":"https:\/\/business.facebook.com\/equineamericashop\/?business_id=193323571192825","article_modified_time":"2023-06-07T14:32:51+00:00","og_image":[{"width":750,"height":1050,"url":"https:\/\/tetraktis.si\/wp-content\/uploads\/2022\/04\/Biogance-NO-RINSE-FOAMER-Dog-za-pse.png","type":"image\/png"}],"twitter_card":"summary_large_image","twitter_site":"@TetraktisInfo","twitter_misc":{"Est. reading time":"2 minutes"},"schema":{"@context":"https:\/\/schema.org","@graph":[{"@type":"WebPage","@id":"https:\/\/tetraktis.si\/en\/izdelek\/suhi-sampon-za-pse-biogance-no-rinse-dog-200-ml\/","url":"https:\/\/tetraktis.si\/en\/izdelek\/suhi-sampon-za-pse-biogance-no-rinse-dog-200-ml\/","name":"Suhi \u0161ampon za pse BIOGANCE NO RINSE DOG 200 ml - Tetraktis- Equine America, Dorwest, Excel","isPartOf":{"@id":"https:\/\/tetraktis.si\/en\/#website"},"primaryImageOfPage":{"@id":"https:\/\/tetraktis.si\/en\/izdelek\/suhi-sampon-za-pse-biogance-no-rinse-dog-200-ml\/#primaryimage"},"image":{"@id":"https:\/\/tetraktis.si\/en\/izdelek\/suhi-sampon-za-pse-biogance-no-rinse-dog-200-ml\/#primaryimage"},"thumbnailUrl":"https:\/\/tetraktis.si\/wp-content\/uploads\/2022\/04\/Biogance-NO-RINSE-FOAMER-Dog-za-pse.png","datePublished":"2022-04-27T13:56:20+00:00","dateModified":"2023-06-07T14:32:51+00:00","description":"Suhi \u0161ampon za pse BIOGANCE NO RINSE DOG je \u010distilna pena za pse, na osnovi ekstraktov kapucinke, ki odi\u0161avi in \u010disti, ne da bi jo bilo potrebno izpirati.","breadcrumb":{"@id":"https:\/\/tetraktis.si\/en\/izdelek\/suhi-sampon-za-pse-biogance-no-rinse-dog-200-ml\/#breadcrumb"},"inLanguage":"en-US","potentialAction":[{"@type":"ReadAction","target":["https:\/\/tetraktis.si\/en\/izdelek\/suhi-sampon-za-pse-biogance-no-rinse-dog-200-ml\/"]}]},{"@type":"ImageObject","inLanguage":"en-US","@id":"https:\/\/tetraktis.si\/en\/izdelek\/suhi-sampon-za-pse-biogance-no-rinse-dog-200-ml\/#primaryimage","url":"https:\/\/tetraktis.si\/wp-content\/uploads\/2022\/04\/Biogance-NO-RINSE-FOAMER-Dog-za-pse.png","contentUrl":"https:\/\/tetraktis.si\/wp-content\/uploads\/2022\/04\/Biogance-NO-RINSE-FOAMER-Dog-za-pse.png","width":750,"height":1050},{"@type":"BreadcrumbList","@id":"https:\/\/tetraktis.si\/en\/izdelek\/suhi-sampon-za-pse-biogance-no-rinse-dog-200-ml\/#breadcrumb","itemListElement":[{"@type":"ListItem","position":1,"name":"Shop","item":"https:\/\/tetraktis.si\/en\/shop-3\/"},{"@type":"ListItem","position":2,"name":"Suhi \u0161ampon za pse BIOGANCE NO RINSE DOG 200 ml"}]},{"@type":"WebSite","@id":"https:\/\/tetraktis.si\/en\/#website","url":"https:\/\/tetraktis.si\/en\/","name":"Tetraktis- Equine America, Dorwest, Excel","description":"Samo najbolj\u0161e za va\u0161e \u017eivali","publisher":{"@id":"https:\/\/tetraktis.si\/en\/#organization"},"potentialAction":[{"@type":"SearchAction","target":{"@type":"EntryPoint","urlTemplate":"https:\/\/tetraktis.si\/en\/?s={search_term_string}"},"query-input":{"@type":"PropertyValueSpecification","valueRequired":true,"valueName":"search_term_string"}}],"inLanguage":"en-US"},{"@type":"Organization","@id":"https:\/\/tetraktis.si\/en\/#organization","name":"Tetraktis","url":"https:\/\/tetraktis.si\/en\/","logo":{"@type":"ImageObject","inLanguage":"en-US","@id":"https:\/\/tetraktis.si\/en\/#\/schema\/logo\/image\/","url":"https:\/\/tetraktis.si\/wp-content\/uploads\/2022\/06\/logo.webp","contentUrl":"https:\/\/tetraktis.si\/wp-content\/uploads\/2022\/06\/logo.webp","width":400,"height":211,"caption":"Tetraktis"},"image":{"@id":"https:\/\/tetraktis.si\/en\/#\/schema\/logo\/image\/"},"sameAs":["https:\/\/business.facebook.com\/equineamericashop\/?business_id=193323571192825","https:\/\/x.com\/TetraktisInfo","https:\/\/www.instagram.com\/tetraktisslovenija\/","https:\/\/www.youtube.com\/channel\/UCk_PdKMdtpZ4pf0RRFL1vYA"]}]}},"_links":{"self":[{"href":"https:\/\/tetraktis.si\/en\/wp-json\/wp\/v2\/product\/32477","targetHints":{"allow":["GET"]}}],"collection":[{"href":"https:\/\/tetraktis.si\/en\/wp-json\/wp\/v2\/product"}],"about":[{"href":"https:\/\/tetraktis.si\/en\/wp-json\/wp\/v2\/types\/product"}],"replies":[{"embeddable":true,"href":"https:\/\/tetraktis.si\/en\/wp-json\/wp\/v2\/comments?post=32477"}],"version-history":[{"count":1,"href":"https:\/\/tetraktis.si\/en\/wp-json\/wp\/v2\/product\/32477\/revisions"}],"predecessor-version":[{"id":35333,"href":"https:\/\/tetraktis.si\/en\/wp-json\/wp\/v2\/product\/32477\/revisions\/35333"}],"wp:featuredmedia":[{"embeddable":true,"href":"https:\/\/tetraktis.si\/en\/wp-json\/wp\/v2\/media\/24651"}],"wp:attachment":[{"href":"https:\/\/tetraktis.si\/en\/wp-json\/wp\/v2\/media?parent=32477"}],"wp:term":[{"taxonomy":"product_brand","embeddable":true,"href":"https:\/\/tetraktis.si\/en\/wp-json\/wp\/v2\/product_brand?post=32477"},{"taxonomy":"product_cat","embeddable":true,"href":"https:\/\/tetraktis.si\/en\/wp-json\/wp\/v2\/product_cat?post=32477"},{"taxonomy":"product_tag","embeddable":true,"href":"https:\/\/tetraktis.si\/en\/wp-json\/wp\/v2\/product_tag?post=32477"}],"curies":[{"name":"wp","href":"https:\/\/api.w.org\/{rel}","templated":true}]}}