{"id":32474,"date":"2022-04-27T15:56:20","date_gmt":"2022-04-27T13:56:20","guid":{"rendered":"https:\/\/cortaflex.si\/izdelek\/pasji-sampon-proti-bolham-biogance-secret-lavande-250ml\/"},"modified":"2024-03-06T10:21:38","modified_gmt":"2024-03-06T09:21:38","slug":"pasji-sampon-proti-bolham-biogance-secret-lavande-250ml","status":"publish","type":"product","link":"https:\/\/tetraktis.si\/en\/izdelek\/pasji-sampon-proti-bolham-biogance-secret-lavande-250ml\/","title":{"rendered":"Pasji \u0161ampon proti bolham BIOGANCE Secret Lavande 250ml"},"content":{"rendered":"<h1><strong>Pasji \u0161ampon proti bolham Secret Lavande <\/strong><\/h1>\n<p>Pasji \u0161ampon proti bolham Secret Lavande je naraven in narejen iz 98% organskih sestavin. Repelentni \u0161ampon neguje in \u0161\u010diti ko\u017eo s esencialnimi olji aloe vere, limonska trava in sivka pa \u0161\u010ditijo dlako pred \u0161kodljivimi vplivi iz okolja.<\/p>\n<p>Secret Lavande \u0161ampon za pse je primeren tudi za mladi\u010de starej\u0161e od 3 mesecev.<\/p>\n<h2><strong><span style=\"color: #555555;\">\u017de poznate proizvajalca francosko podjetje Biogance?<\/span><\/strong><\/h2>\n<p><span style=\"color: #555555;\">Secret Lavande je samo eden v vrsti \u0161tevilnih preparatov naravne kozmetike za nego ljubljen\u010dkov. Vsa kozmetika je naravna, brez parabenov,kemi\u010dnih dodatkov, fenoksietanola ali \u017eivalskih olj. Izdelki seveda tudi niso testirani na \u017eivalih.<\/span><\/p>\n<p>BIOGANCE je vrhunska francoska blagovna znamka higienskih in negovalnih izdelkov za hi\u0161ne ljubljen\u010dke, neposredno navdihnjena iz narave in sestavljena iz organskih in naravnih sestavin.<\/p>\n<p>Francoski proizvajalec \u017eeli na\u0161im psom in ma\u010dkam dati najbolj\u0161e. To je dinami\u010dno in inovativno podjetje, ki se pri najve\u010dji blaginji hi\u0161nih ljubljen\u010dkov zana\u0161a na strokovno znanje in znanje kemikov, farmacevtov in veterinarjev.<\/p>\n<p>Tudi embala\u017ea in pokrov\u010dki so 100-odstotno reciklirani. Mi jih podpiramo, kaj pa vi?<\/p>\n<h2>\u0160ampon proti bolham Secret Lavande je:<\/h2>\n<ul>\n<li>brez parabenov ali<\/li>\n<li>drugih kemi\u010dnih dodatkov.<\/li>\n<\/ul>\n<p>Pakiranje 250ml.<\/p>\n<p><span lang=\"sl\">Za optimalno za\u0161\u010dito hi\u0161nega ljubljen\u010dka najprej uporabite sprej proti bolham v stanovanju <a href=\"https:\/\/www.tetraktis.si\/en\/product\/sprej-proti-bolham-v-stanovanju\/\">Biospotix Indoor<\/a> in nanesite ampule za pse proti bolham <a href=\"https:\/\/www.tetraktis.si\/en\/product\/ampule-za-bolhe\/\">Biospotix <\/a>.<\/span><\/p>\n<p>&nbsp;<\/p>\n","protected":false},"excerpt":{"rendered":"<p>Pasji \u0161ampon proti bolham BIOGANCE Secret Lavande je naraven in narejen iz 98% organskih sestavin. Repelentni \u0161ampon neguje in \u0161\u010diti ko\u017eo s esencialnimi olji aloe vere, limonska trava in sivka pa \u0161\u010ditijo dlako pred \u0161kodljivimi vplivi iz okolja.<\/p>\n<p>Primeren za mladi\u010de starej\u0161e od 3 mesecev.<\/p>\n","protected":false},"featured_media":24649,"comment_status":"open","ping_status":"closed","template":"","meta":[],"product_brand":[327],"product_cat":[3323,3334,3344],"product_tag":[],"class_list":{"0":"post-32474","1":"product","2":"type-product","3":"status-publish","4":"has-post-thumbnail","6":"product_brand-biogance","7":"product_cat-dogs-cats","8":"product_cat-nega-psa-en","9":"product_cat-samponi-in-nega-en","12":"first","13":"outofstock","14":"taxable","15":"shipping-taxable","16":"purchasable","17":"product-type-simple"},"yoast_head":"<!-- This site is optimized with the Yoast SEO Premium plugin v20.10 (Yoast SEO v27.3) - https:\/\/yoast.com\/product\/yoast-seo-premium-wordpress\/ -->\n<title>Pasji \u0161ampon proti bolham BIOGANCE Secret Lavande 250ml - Tetraktis- Equine America, Dorwest, Excel<\/title>\n<meta name=\"description\" content=\"Pasji \u0161ampon proti bolham BIOGANCE Secret Lavande je naraven in narejen iz 98% organskih sestavin, vsebuje olja aloe vere, limonske trave in sivke.\" \/>\n<meta name=\"robots\" content=\"index, follow, max-snippet:-1, max-image-preview:large, max-video-preview:-1\" \/>\n<link rel=\"canonical\" href=\"https:\/\/tetraktis.si\/en\/izdelek\/pasji-sampon-proti-bolham-biogance-secret-lavande-250ml\/\" \/>\n<meta property=\"og:locale\" content=\"en_US\" \/>\n<meta property=\"og:type\" content=\"article\" \/>\n<meta property=\"og:title\" content=\"Pasji \u0161ampon proti bolham BIOGANCE Secret Lavande 250ml - Tetraktis- Equine America, Dorwest, Excel\" \/>\n<meta property=\"og:description\" content=\"Pasji \u0161ampon proti bolham BIOGANCE Secret Lavande je naraven in narejen iz 98% organskih sestavin, vsebuje olja aloe vere, limonske trave in sivke.\" \/>\n<meta property=\"og:url\" content=\"https:\/\/tetraktis.si\/en\/izdelek\/pasji-sampon-proti-bolham-biogance-secret-lavande-250ml\/\" \/>\n<meta property=\"og:site_name\" content=\"Tetraktis- Equine America, Dorwest, Excel\" \/>\n<meta property=\"article:publisher\" content=\"https:\/\/business.facebook.com\/equineamericashop\/?business_id=193323571192825\" \/>\n<meta property=\"article:modified_time\" content=\"2024-03-06T09:21:38+00:00\" \/>\n<meta property=\"og:image\" content=\"https:\/\/tetraktis.si\/wp-content\/uploads\/2022\/04\/Biogance-LAVANDE-sampon-za-pse-250ml-1.jpg\" \/>\n\t<meta property=\"og:image:width\" content=\"600\" \/>\n\t<meta property=\"og:image:height\" content=\"600\" \/>\n\t<meta property=\"og:image:type\" content=\"image\/jpeg\" \/>\n<meta name=\"twitter:card\" content=\"summary_large_image\" \/>\n<meta name=\"twitter:site\" content=\"@TetraktisInfo\" \/>\n<meta name=\"twitter:label1\" content=\"Est. reading time\" \/>\n\t<meta name=\"twitter:data1\" content=\"1 minute\" \/>\n<script type=\"application\/ld+json\" class=\"yoast-schema-graph\">{\"@context\":\"https:\\\/\\\/schema.org\",\"@graph\":[{\"@type\":\"WebPage\",\"@id\":\"https:\\\/\\\/tetraktis.si\\\/en\\\/izdelek\\\/pasji-sampon-proti-bolham-biogance-secret-lavande-250ml\\\/\",\"url\":\"https:\\\/\\\/tetraktis.si\\\/en\\\/izdelek\\\/pasji-sampon-proti-bolham-biogance-secret-lavande-250ml\\\/\",\"name\":\"Pasji \u0161ampon proti bolham BIOGANCE Secret Lavande 250ml - Tetraktis- Equine America, Dorwest, Excel\",\"isPartOf\":{\"@id\":\"https:\\\/\\\/tetraktis.si\\\/en\\\/#website\"},\"primaryImageOfPage\":{\"@id\":\"https:\\\/\\\/tetraktis.si\\\/en\\\/izdelek\\\/pasji-sampon-proti-bolham-biogance-secret-lavande-250ml\\\/#primaryimage\"},\"image\":{\"@id\":\"https:\\\/\\\/tetraktis.si\\\/en\\\/izdelek\\\/pasji-sampon-proti-bolham-biogance-secret-lavande-250ml\\\/#primaryimage\"},\"thumbnailUrl\":\"https:\\\/\\\/tetraktis.si\\\/wp-content\\\/uploads\\\/2022\\\/04\\\/Biogance-LAVANDE-sampon-za-pse-250ml-1.jpg\",\"datePublished\":\"2022-04-27T13:56:20+00:00\",\"dateModified\":\"2024-03-06T09:21:38+00:00\",\"description\":\"Pasji \u0161ampon proti bolham BIOGANCE Secret Lavande je naraven in narejen iz 98% organskih sestavin, vsebuje olja aloe vere, limonske trave in sivke.\",\"breadcrumb\":{\"@id\":\"https:\\\/\\\/tetraktis.si\\\/en\\\/izdelek\\\/pasji-sampon-proti-bolham-biogance-secret-lavande-250ml\\\/#breadcrumb\"},\"inLanguage\":\"en-US\",\"potentialAction\":[{\"@type\":\"ReadAction\",\"target\":[\"https:\\\/\\\/tetraktis.si\\\/en\\\/izdelek\\\/pasji-sampon-proti-bolham-biogance-secret-lavande-250ml\\\/\"]}]},{\"@type\":\"ImageObject\",\"inLanguage\":\"en-US\",\"@id\":\"https:\\\/\\\/tetraktis.si\\\/en\\\/izdelek\\\/pasji-sampon-proti-bolham-biogance-secret-lavande-250ml\\\/#primaryimage\",\"url\":\"https:\\\/\\\/tetraktis.si\\\/wp-content\\\/uploads\\\/2022\\\/04\\\/Biogance-LAVANDE-sampon-za-pse-250ml-1.jpg\",\"contentUrl\":\"https:\\\/\\\/tetraktis.si\\\/wp-content\\\/uploads\\\/2022\\\/04\\\/Biogance-LAVANDE-sampon-za-pse-250ml-1.jpg\",\"width\":600,\"height\":600},{\"@type\":\"BreadcrumbList\",\"@id\":\"https:\\\/\\\/tetraktis.si\\\/en\\\/izdelek\\\/pasji-sampon-proti-bolham-biogance-secret-lavande-250ml\\\/#breadcrumb\",\"itemListElement\":[{\"@type\":\"ListItem\",\"position\":1,\"name\":\"Shop\",\"item\":\"https:\\\/\\\/tetraktis.si\\\/en\\\/shop-3\\\/\"},{\"@type\":\"ListItem\",\"position\":2,\"name\":\"Pasji \u0161ampon proti bolham BIOGANCE Secret Lavande 250ml\"}]},{\"@type\":\"WebSite\",\"@id\":\"https:\\\/\\\/tetraktis.si\\\/en\\\/#website\",\"url\":\"https:\\\/\\\/tetraktis.si\\\/en\\\/\",\"name\":\"Tetraktis- Equine America, Dorwest, Excel\",\"description\":\"Samo najbolj\u0161e za va\u0161e \u017eivali\",\"publisher\":{\"@id\":\"https:\\\/\\\/tetraktis.si\\\/en\\\/#organization\"},\"potentialAction\":[{\"@type\":\"SearchAction\",\"target\":{\"@type\":\"EntryPoint\",\"urlTemplate\":\"https:\\\/\\\/tetraktis.si\\\/en\\\/?s={search_term_string}\"},\"query-input\":{\"@type\":\"PropertyValueSpecification\",\"valueRequired\":true,\"valueName\":\"search_term_string\"}}],\"inLanguage\":\"en-US\"},{\"@type\":\"Organization\",\"@id\":\"https:\\\/\\\/tetraktis.si\\\/en\\\/#organization\",\"name\":\"Tetraktis\",\"url\":\"https:\\\/\\\/tetraktis.si\\\/en\\\/\",\"logo\":{\"@type\":\"ImageObject\",\"inLanguage\":\"en-US\",\"@id\":\"https:\\\/\\\/tetraktis.si\\\/en\\\/#\\\/schema\\\/logo\\\/image\\\/\",\"url\":\"https:\\\/\\\/tetraktis.si\\\/wp-content\\\/uploads\\\/2022\\\/06\\\/logo.webp\",\"contentUrl\":\"https:\\\/\\\/tetraktis.si\\\/wp-content\\\/uploads\\\/2022\\\/06\\\/logo.webp\",\"width\":400,\"height\":211,\"caption\":\"Tetraktis\"},\"image\":{\"@id\":\"https:\\\/\\\/tetraktis.si\\\/en\\\/#\\\/schema\\\/logo\\\/image\\\/\"},\"sameAs\":[\"https:\\\/\\\/business.facebook.com\\\/equineamericashop\\\/?business_id=193323571192825\",\"https:\\\/\\\/x.com\\\/TetraktisInfo\",\"https:\\\/\\\/www.instagram.com\\\/tetraktisslovenija\\\/\",\"https:\\\/\\\/www.youtube.com\\\/channel\\\/UCk_PdKMdtpZ4pf0RRFL1vYA\"]}]}<\/script>\n<!-- \/ Yoast SEO Premium plugin. -->","yoast_head_json":{"title":"Pasji \u0161ampon proti bolham BIOGANCE Secret Lavande 250ml - Tetraktis- Equine America, Dorwest, Excel","description":"Pasji \u0161ampon proti bolham BIOGANCE Secret Lavande je naraven in narejen iz 98% organskih sestavin, vsebuje olja aloe vere, limonske trave in sivke.","robots":{"index":"index","follow":"follow","max-snippet":"max-snippet:-1","max-image-preview":"max-image-preview:large","max-video-preview":"max-video-preview:-1"},"canonical":"https:\/\/tetraktis.si\/en\/izdelek\/pasji-sampon-proti-bolham-biogance-secret-lavande-250ml\/","og_locale":"en_US","og_type":"article","og_title":"Pasji \u0161ampon proti bolham BIOGANCE Secret Lavande 250ml - Tetraktis- Equine America, Dorwest, Excel","og_description":"Pasji \u0161ampon proti bolham BIOGANCE Secret Lavande je naraven in narejen iz 98% organskih sestavin, vsebuje olja aloe vere, limonske trave in sivke.","og_url":"https:\/\/tetraktis.si\/en\/izdelek\/pasji-sampon-proti-bolham-biogance-secret-lavande-250ml\/","og_site_name":"Tetraktis- Equine America, Dorwest, Excel","article_publisher":"https:\/\/business.facebook.com\/equineamericashop\/?business_id=193323571192825","article_modified_time":"2024-03-06T09:21:38+00:00","og_image":[{"width":600,"height":600,"url":"https:\/\/tetraktis.si\/wp-content\/uploads\/2022\/04\/Biogance-LAVANDE-sampon-za-pse-250ml-1.jpg","type":"image\/jpeg"}],"twitter_card":"summary_large_image","twitter_site":"@TetraktisInfo","twitter_misc":{"Est. reading time":"1 minute"},"schema":{"@context":"https:\/\/schema.org","@graph":[{"@type":"WebPage","@id":"https:\/\/tetraktis.si\/en\/izdelek\/pasji-sampon-proti-bolham-biogance-secret-lavande-250ml\/","url":"https:\/\/tetraktis.si\/en\/izdelek\/pasji-sampon-proti-bolham-biogance-secret-lavande-250ml\/","name":"Pasji \u0161ampon proti bolham BIOGANCE Secret Lavande 250ml - Tetraktis- Equine America, Dorwest, Excel","isPartOf":{"@id":"https:\/\/tetraktis.si\/en\/#website"},"primaryImageOfPage":{"@id":"https:\/\/tetraktis.si\/en\/izdelek\/pasji-sampon-proti-bolham-biogance-secret-lavande-250ml\/#primaryimage"},"image":{"@id":"https:\/\/tetraktis.si\/en\/izdelek\/pasji-sampon-proti-bolham-biogance-secret-lavande-250ml\/#primaryimage"},"thumbnailUrl":"https:\/\/tetraktis.si\/wp-content\/uploads\/2022\/04\/Biogance-LAVANDE-sampon-za-pse-250ml-1.jpg","datePublished":"2022-04-27T13:56:20+00:00","dateModified":"2024-03-06T09:21:38+00:00","description":"Pasji \u0161ampon proti bolham BIOGANCE Secret Lavande je naraven in narejen iz 98% organskih sestavin, vsebuje olja aloe vere, limonske trave in sivke.","breadcrumb":{"@id":"https:\/\/tetraktis.si\/en\/izdelek\/pasji-sampon-proti-bolham-biogance-secret-lavande-250ml\/#breadcrumb"},"inLanguage":"en-US","potentialAction":[{"@type":"ReadAction","target":["https:\/\/tetraktis.si\/en\/izdelek\/pasji-sampon-proti-bolham-biogance-secret-lavande-250ml\/"]}]},{"@type":"ImageObject","inLanguage":"en-US","@id":"https:\/\/tetraktis.si\/en\/izdelek\/pasji-sampon-proti-bolham-biogance-secret-lavande-250ml\/#primaryimage","url":"https:\/\/tetraktis.si\/wp-content\/uploads\/2022\/04\/Biogance-LAVANDE-sampon-za-pse-250ml-1.jpg","contentUrl":"https:\/\/tetraktis.si\/wp-content\/uploads\/2022\/04\/Biogance-LAVANDE-sampon-za-pse-250ml-1.jpg","width":600,"height":600},{"@type":"BreadcrumbList","@id":"https:\/\/tetraktis.si\/en\/izdelek\/pasji-sampon-proti-bolham-biogance-secret-lavande-250ml\/#breadcrumb","itemListElement":[{"@type":"ListItem","position":1,"name":"Shop","item":"https:\/\/tetraktis.si\/en\/shop-3\/"},{"@type":"ListItem","position":2,"name":"Pasji \u0161ampon proti bolham BIOGANCE Secret Lavande 250ml"}]},{"@type":"WebSite","@id":"https:\/\/tetraktis.si\/en\/#website","url":"https:\/\/tetraktis.si\/en\/","name":"Tetraktis- Equine America, Dorwest, Excel","description":"Samo najbolj\u0161e za va\u0161e \u017eivali","publisher":{"@id":"https:\/\/tetraktis.si\/en\/#organization"},"potentialAction":[{"@type":"SearchAction","target":{"@type":"EntryPoint","urlTemplate":"https:\/\/tetraktis.si\/en\/?s={search_term_string}"},"query-input":{"@type":"PropertyValueSpecification","valueRequired":true,"valueName":"search_term_string"}}],"inLanguage":"en-US"},{"@type":"Organization","@id":"https:\/\/tetraktis.si\/en\/#organization","name":"Tetraktis","url":"https:\/\/tetraktis.si\/en\/","logo":{"@type":"ImageObject","inLanguage":"en-US","@id":"https:\/\/tetraktis.si\/en\/#\/schema\/logo\/image\/","url":"https:\/\/tetraktis.si\/wp-content\/uploads\/2022\/06\/logo.webp","contentUrl":"https:\/\/tetraktis.si\/wp-content\/uploads\/2022\/06\/logo.webp","width":400,"height":211,"caption":"Tetraktis"},"image":{"@id":"https:\/\/tetraktis.si\/en\/#\/schema\/logo\/image\/"},"sameAs":["https:\/\/business.facebook.com\/equineamericashop\/?business_id=193323571192825","https:\/\/x.com\/TetraktisInfo","https:\/\/www.instagram.com\/tetraktisslovenija\/","https:\/\/www.youtube.com\/channel\/UCk_PdKMdtpZ4pf0RRFL1vYA"]}]}},"_links":{"self":[{"href":"https:\/\/tetraktis.si\/en\/wp-json\/wp\/v2\/product\/32474","targetHints":{"allow":["GET"]}}],"collection":[{"href":"https:\/\/tetraktis.si\/en\/wp-json\/wp\/v2\/product"}],"about":[{"href":"https:\/\/tetraktis.si\/en\/wp-json\/wp\/v2\/types\/product"}],"replies":[{"embeddable":true,"href":"https:\/\/tetraktis.si\/en\/wp-json\/wp\/v2\/comments?post=32474"}],"version-history":[{"count":1,"href":"https:\/\/tetraktis.si\/en\/wp-json\/wp\/v2\/product\/32474\/revisions"}],"predecessor-version":[{"id":35330,"href":"https:\/\/tetraktis.si\/en\/wp-json\/wp\/v2\/product\/32474\/revisions\/35330"}],"wp:featuredmedia":[{"embeddable":true,"href":"https:\/\/tetraktis.si\/en\/wp-json\/wp\/v2\/media\/24649"}],"wp:attachment":[{"href":"https:\/\/tetraktis.si\/en\/wp-json\/wp\/v2\/media?parent=32474"}],"wp:term":[{"taxonomy":"product_brand","embeddable":true,"href":"https:\/\/tetraktis.si\/en\/wp-json\/wp\/v2\/product_brand?post=32474"},{"taxonomy":"product_cat","embeddable":true,"href":"https:\/\/tetraktis.si\/en\/wp-json\/wp\/v2\/product_cat?post=32474"},{"taxonomy":"product_tag","embeddable":true,"href":"https:\/\/tetraktis.si\/en\/wp-json\/wp\/v2\/product_tag?post=32474"}],"curies":[{"name":"wp","href":"https:\/\/api.w.org\/{rel}","templated":true}]}}