{"id":32473,"date":"2022-04-27T15:55:46","date_gmt":"2022-04-27T13:55:46","guid":{"rendered":"https:\/\/cortaflex.si\/izdelek\/biospotix-sprej-za-macke\/"},"modified":"2023-03-28T09:01:34","modified_gmt":"2023-03-28T07:01:34","slug":"biospotix-sprej-za-macke","status":"publish","type":"product","link":"https:\/\/tetraktis.si\/en\/izdelek\/biospotix-sprej-za-macke\/","title":{"rendered":"Biospotix sprej za ma\u010dke"},"content":{"rendered":"<h1>Biospotix sprej za ma\u010dke<\/h1>\n<p>Biospotix sprej za ma\u010dke je naravni repelent, ki ga razpr\u0161imo na ko\u017euh ma\u010dke. Delovanje je takoj\u0161nje proti zunanjim zajedavcem kot so bolhe, klopi, u\u0161i in komarji. Za\u0161\u010dita pa deluje 48ur.<\/p>\n<p id=\"tw-target-text\" class=\"tw-data-text tw-text-large tw-ta\" dir=\"ltr\" data-placeholder=\"Prevod\"><span lang=\"sl\">Za u\u010dinkovito naravno re\u0161itev in za\u0161\u010dito va\u0161e ma\u010dke pred bolhami, klopi in komarji kot tudi prepre\u010devanju nove oku\u017ebe. <\/span><\/p>\n<p class=\"tw-data-text tw-text-large tw-ta\" dir=\"ltr\" data-placeholder=\"Prevod\"><span lang=\"sl\">Pakiranje 500ml.<\/span><\/p>\n<h2 dir=\"ltr\" data-placeholder=\"Prevod\">Kako deluje Biospotix razpr\u0161ilo za ma\u010dke?<\/h2>\n<p class=\"tw-data-text tw-text-large tw-ta\" dir=\"ltr\" data-placeholder=\"Prevod\"><span lang=\"sl\">Biospotix sprej proti ma\u010djim bolham je 100% naraven in brez kemikalij. Narejen je na osnovi esencialnih olj oz. aktivne snovi geraniol, ki deluje tako, da blokira dihala \u017eu\u017eelk. Biospotix sprej prekrije ko\u017euh va\u0161ega ljubljen\u010dka z za\u0161\u010ditnim filmom, ki odbija bolhe, klope in druge zunanje zajedavce.<\/span><\/p>\n<h2 class=\"tw-data-text tw-text-large tw-ta\" dir=\"ltr\" data-placeholder=\"Prevod\"><span lang=\"sl\">Uporaba razpr\u0161ila proti pasjim bolham<\/span><\/h2>\n<p class=\"tw-data-text tw-text-large tw-ta\" dir=\"ltr\" data-placeholder=\"Prevod\"><span lang=\"sl\">Razpr\u0161ite z razdalje 30 cm, dlaka naj se naravno posu\u0161i, ne izpirajte in ne su\u0161ite dlake. S krta\u010denjem pomagajte razdeliti losjon po celotnem ko\u017euhu.<\/span><\/p>\n<p class=\"tw-data-text tw-text-large tw-ta\" dir=\"ltr\" data-placeholder=\"Prevod\"><span lang=\"sl\">Predlagana uporaba glede na te\u017eo ma\u010dke ali glodavca:<\/span><\/p>\n<p class=\"tw-data-text tw-text-large tw-ta\" dir=\"ltr\" data-placeholder=\"Prevod\"><span lang=\"sl\">Manj kot 10 kg: 1 x razpr\u0161ite<\/span><\/p>\n<p class=\"tw-data-text tw-text-large tw-ta\" dir=\"ltr\" data-placeholder=\"Prevod\"><span lang=\"sl\">ve\u010d kot 10 kg:\u00a0 \u00a02 x razpr\u0161ite<\/span><\/p>\n<p class=\"tw-data-text tw-text-large tw-ta\" dir=\"ltr\" data-placeholder=\"Prevod\"><span lang=\"sl\">Ta nanos bo deloval takoj in nudi 48 urno za\u0161\u010dito. Varno za uporabo na mladi\u010dih, starih ve\u010d kot 3 mes.<\/span><\/p>\n<p dir=\"ltr\" data-placeholder=\"Prevod\"><span lang=\"sl\">Za optimalno za\u0161\u010dito hi\u0161nega ljubljen\u010dka najprej uporabite sprej <a href=\"https:\/\/www.tetraktis.si\/en\/product\/sprej-proti-bolham-v-stanovanju\/\">Biospotix Indoor <\/a>\u00a0proti bolham v stanovanju in za <\/span>direkten nanos na ko\u017eo uporabite ampule proti bolham <a href=\"https:\/\/www.tetraktis.si\/en\/product\/biospotix-ampule-za-macke\/\">Biospotix.<\/a><\/p>\n<pre id=\"tw-target-text\" class=\"tw-data-text tw-text-large tw-ta\" dir=\"ltr\" data-placeholder=\"Prevod\"><\/pre>\n<h2 dir=\"ltr\" data-placeholder=\"Prevod\">Varnostna navodila<\/h2>\n<p class=\"tw-data-text tw-text-large tw-ta\" dir=\"ltr\" data-placeholder=\"Prevod\"><span lang=\"sl\">Ne uporabljajte na \u017eivalih s ko\u017enimi po\u0161kodbami, brejih in doje\u010dih samicah.<\/span><\/p>\n<p class=\"tw-data-text tw-text-large tw-ta\" dir=\"ltr\" data-placeholder=\"Prevod\"><span lang=\"sl\">Biospotix sprej proti ma\u010djim bolham n<\/span><span lang=\"sl\">e nana\u0161ajte na o\u010di, usta in sluznico. Hraniti izven dosega otrok.<\/span><\/p>\n<p dir=\"ltr\" data-placeholder=\"Prevod\"><span lang=\"sl\">Shranjujte pri sobni temperaturi. <\/span><span lang=\"sl\">Samo za zunanjo uporabo. Hranite stran od hrane in pija\u010de.<\/span><\/p>\n<p dir=\"ltr\" data-placeholder=\"Prevod\"><span lang=\"sl\">V primeru zau\u017eitja ali \u010de dra\u017eenje ne mine, se posvetujte z veterinarjem oz. zdravnikom.<\/span><\/p>\n<p dir=\"ltr\" data-placeholder=\"Prevod\"><span lang=\"sl\">Geraniol (aktivna sestavina v spreju proti pasjim bolham) lahko povzro\u010di alergijsko reakcijo.<\/span><\/p>\n","protected":false},"excerpt":{"rendered":"<p><span lang=\"sl\">Biospotix sprej za ma\u010dke<\/span><span lang=\"sl\">\u00a0proti ma\u010djim bolham je 100% naraven in brez kemikalij.<\/span><\/p>\n<p><span lang=\"sl\">Narejen je na osnovi esencialnih olj Geraniol, ki deluje tako, da blokira dihala \u017eu\u017eelk.<\/span><\/p>\n<p><span lang=\"sl\">Biospotix sprej prekrije ko\u017euh va\u0161ega ljubljen\u010dka z za\u0161\u010ditnim filmom, ki odbija bolhe, klope in druge zunanje zajedavce.\u00a0<\/span><\/p>\n","protected":false},"featured_media":24641,"comment_status":"open","ping_status":"closed","template":"","meta":[],"product_brand":[],"product_cat":[3323,3349,3353],"product_tag":[],"class_list":{"0":"post-32473","1":"product","2":"type-product","3":"status-publish","4":"has-post-thumbnail","6":"product_cat-dogs-cats","7":"product_cat-izdelki-za-macke-en","8":"product_cat-zunanji-zajedavci-en","11":"first","12":"outofstock","13":"taxable","14":"shipping-taxable","15":"purchasable","16":"product-type-simple"},"yoast_head":"<!-- This site is optimized with the Yoast SEO Premium plugin v20.10 (Yoast SEO v27.3) - https:\/\/yoast.com\/product\/yoast-seo-premium-wordpress\/ -->\n<title>Biospotix sprej za ma\u010dke proti notranjim zajedavcem<\/title>\n<meta name=\"description\" content=\"Biospotix sprej za ma\u010dke. 100% naravni repelent proti ma\u010djim bolham, na osnovi esencialnih olj geraniola (deluje tako, da blokira dihala \u017eu\u017eelk).\" \/>\n<meta name=\"robots\" content=\"index, follow, max-snippet:-1, max-image-preview:large, max-video-preview:-1\" \/>\n<link rel=\"canonical\" href=\"https:\/\/tetraktis.si\/en\/izdelek\/biospotix-sprej-za-macke\/\" \/>\n<meta property=\"og:locale\" content=\"en_US\" \/>\n<meta property=\"og:type\" content=\"article\" \/>\n<meta property=\"og:title\" content=\"Biospotix sprej za ma\u010dke proti notranjim zajedavcem\" \/>\n<meta property=\"og:description\" content=\"Biospotix sprej za ma\u010dke. 100% naravni repelent proti ma\u010djim bolham, na osnovi esencialnih olj geraniola (deluje tako, da blokira dihala \u017eu\u017eelk).\" \/>\n<meta property=\"og:url\" content=\"https:\/\/tetraktis.si\/en\/izdelek\/biospotix-sprej-za-macke\/\" \/>\n<meta property=\"og:site_name\" content=\"Tetraktis- Equine America, Dorwest, Excel\" \/>\n<meta property=\"article:publisher\" content=\"https:\/\/business.facebook.com\/equineamericashop\/?business_id=193323571192825\" \/>\n<meta property=\"article:modified_time\" content=\"2023-03-28T07:01:34+00:00\" \/>\n<meta property=\"og:image\" content=\"https:\/\/tetraktis.si\/wp-content\/uploads\/2022\/04\/Biospotix-sprej-za-macke.png\" \/>\n\t<meta property=\"og:image:width\" content=\"924\" \/>\n\t<meta property=\"og:image:height\" content=\"1294\" \/>\n\t<meta property=\"og:image:type\" content=\"image\/png\" \/>\n<meta name=\"twitter:card\" content=\"summary_large_image\" \/>\n<meta name=\"twitter:site\" content=\"@TetraktisInfo\" \/>\n<meta name=\"twitter:label1\" content=\"Est. reading time\" \/>\n\t<meta name=\"twitter:data1\" content=\"2 minutes\" \/>\n<script type=\"application\/ld+json\" class=\"yoast-schema-graph\">{\"@context\":\"https:\\\/\\\/schema.org\",\"@graph\":[{\"@type\":\"WebPage\",\"@id\":\"https:\\\/\\\/tetraktis.si\\\/en\\\/izdelek\\\/biospotix-sprej-za-macke\\\/\",\"url\":\"https:\\\/\\\/tetraktis.si\\\/en\\\/izdelek\\\/biospotix-sprej-za-macke\\\/\",\"name\":\"Biospotix sprej za ma\u010dke proti notranjim zajedavcem\",\"isPartOf\":{\"@id\":\"https:\\\/\\\/tetraktis.si\\\/en\\\/#website\"},\"primaryImageOfPage\":{\"@id\":\"https:\\\/\\\/tetraktis.si\\\/en\\\/izdelek\\\/biospotix-sprej-za-macke\\\/#primaryimage\"},\"image\":{\"@id\":\"https:\\\/\\\/tetraktis.si\\\/en\\\/izdelek\\\/biospotix-sprej-za-macke\\\/#primaryimage\"},\"thumbnailUrl\":\"https:\\\/\\\/tetraktis.si\\\/wp-content\\\/uploads\\\/2022\\\/04\\\/Biospotix-sprej-za-macke.png\",\"datePublished\":\"2022-04-27T13:55:46+00:00\",\"dateModified\":\"2023-03-28T07:01:34+00:00\",\"description\":\"Biospotix sprej za ma\u010dke. 100% naravni repelent proti ma\u010djim bolham, na osnovi esencialnih olj geraniola (deluje tako, da blokira dihala \u017eu\u017eelk).\",\"breadcrumb\":{\"@id\":\"https:\\\/\\\/tetraktis.si\\\/en\\\/izdelek\\\/biospotix-sprej-za-macke\\\/#breadcrumb\"},\"inLanguage\":\"en-US\",\"potentialAction\":[{\"@type\":\"ReadAction\",\"target\":[\"https:\\\/\\\/tetraktis.si\\\/en\\\/izdelek\\\/biospotix-sprej-za-macke\\\/\"]}]},{\"@type\":\"ImageObject\",\"inLanguage\":\"en-US\",\"@id\":\"https:\\\/\\\/tetraktis.si\\\/en\\\/izdelek\\\/biospotix-sprej-za-macke\\\/#primaryimage\",\"url\":\"https:\\\/\\\/tetraktis.si\\\/wp-content\\\/uploads\\\/2022\\\/04\\\/Biospotix-sprej-za-macke.png\",\"contentUrl\":\"https:\\\/\\\/tetraktis.si\\\/wp-content\\\/uploads\\\/2022\\\/04\\\/Biospotix-sprej-za-macke.png\",\"width\":924,\"height\":1294},{\"@type\":\"BreadcrumbList\",\"@id\":\"https:\\\/\\\/tetraktis.si\\\/en\\\/izdelek\\\/biospotix-sprej-za-macke\\\/#breadcrumb\",\"itemListElement\":[{\"@type\":\"ListItem\",\"position\":1,\"name\":\"Shop\",\"item\":\"https:\\\/\\\/tetraktis.si\\\/en\\\/shop-3\\\/\"},{\"@type\":\"ListItem\",\"position\":2,\"name\":\"Biospotix sprej za ma\u010dke\"}]},{\"@type\":\"WebSite\",\"@id\":\"https:\\\/\\\/tetraktis.si\\\/en\\\/#website\",\"url\":\"https:\\\/\\\/tetraktis.si\\\/en\\\/\",\"name\":\"Tetraktis- Equine America, Dorwest, Excel\",\"description\":\"Samo najbolj\u0161e za va\u0161e \u017eivali\",\"publisher\":{\"@id\":\"https:\\\/\\\/tetraktis.si\\\/en\\\/#organization\"},\"potentialAction\":[{\"@type\":\"SearchAction\",\"target\":{\"@type\":\"EntryPoint\",\"urlTemplate\":\"https:\\\/\\\/tetraktis.si\\\/en\\\/?s={search_term_string}\"},\"query-input\":{\"@type\":\"PropertyValueSpecification\",\"valueRequired\":true,\"valueName\":\"search_term_string\"}}],\"inLanguage\":\"en-US\"},{\"@type\":\"Organization\",\"@id\":\"https:\\\/\\\/tetraktis.si\\\/en\\\/#organization\",\"name\":\"Tetraktis\",\"url\":\"https:\\\/\\\/tetraktis.si\\\/en\\\/\",\"logo\":{\"@type\":\"ImageObject\",\"inLanguage\":\"en-US\",\"@id\":\"https:\\\/\\\/tetraktis.si\\\/en\\\/#\\\/schema\\\/logo\\\/image\\\/\",\"url\":\"https:\\\/\\\/tetraktis.si\\\/wp-content\\\/uploads\\\/2022\\\/06\\\/logo.webp\",\"contentUrl\":\"https:\\\/\\\/tetraktis.si\\\/wp-content\\\/uploads\\\/2022\\\/06\\\/logo.webp\",\"width\":400,\"height\":211,\"caption\":\"Tetraktis\"},\"image\":{\"@id\":\"https:\\\/\\\/tetraktis.si\\\/en\\\/#\\\/schema\\\/logo\\\/image\\\/\"},\"sameAs\":[\"https:\\\/\\\/business.facebook.com\\\/equineamericashop\\\/?business_id=193323571192825\",\"https:\\\/\\\/x.com\\\/TetraktisInfo\",\"https:\\\/\\\/www.instagram.com\\\/tetraktisslovenija\\\/\",\"https:\\\/\\\/www.youtube.com\\\/channel\\\/UCk_PdKMdtpZ4pf0RRFL1vYA\"]}]}<\/script>\n<!-- \/ Yoast SEO Premium plugin. -->","yoast_head_json":{"title":"Biospotix sprej za ma\u010dke proti notranjim zajedavcem","description":"Biospotix sprej za ma\u010dke. 100% naravni repelent proti ma\u010djim bolham, na osnovi esencialnih olj geraniola (deluje tako, da blokira dihala \u017eu\u017eelk).","robots":{"index":"index","follow":"follow","max-snippet":"max-snippet:-1","max-image-preview":"max-image-preview:large","max-video-preview":"max-video-preview:-1"},"canonical":"https:\/\/tetraktis.si\/en\/izdelek\/biospotix-sprej-za-macke\/","og_locale":"en_US","og_type":"article","og_title":"Biospotix sprej za ma\u010dke proti notranjim zajedavcem","og_description":"Biospotix sprej za ma\u010dke. 100% naravni repelent proti ma\u010djim bolham, na osnovi esencialnih olj geraniola (deluje tako, da blokira dihala \u017eu\u017eelk).","og_url":"https:\/\/tetraktis.si\/en\/izdelek\/biospotix-sprej-za-macke\/","og_site_name":"Tetraktis- Equine America, Dorwest, Excel","article_publisher":"https:\/\/business.facebook.com\/equineamericashop\/?business_id=193323571192825","article_modified_time":"2023-03-28T07:01:34+00:00","og_image":[{"width":924,"height":1294,"url":"https:\/\/tetraktis.si\/wp-content\/uploads\/2022\/04\/Biospotix-sprej-za-macke.png","type":"image\/png"}],"twitter_card":"summary_large_image","twitter_site":"@TetraktisInfo","twitter_misc":{"Est. reading time":"2 minutes"},"schema":{"@context":"https:\/\/schema.org","@graph":[{"@type":"WebPage","@id":"https:\/\/tetraktis.si\/en\/izdelek\/biospotix-sprej-za-macke\/","url":"https:\/\/tetraktis.si\/en\/izdelek\/biospotix-sprej-za-macke\/","name":"Biospotix sprej za ma\u010dke proti notranjim zajedavcem","isPartOf":{"@id":"https:\/\/tetraktis.si\/en\/#website"},"primaryImageOfPage":{"@id":"https:\/\/tetraktis.si\/en\/izdelek\/biospotix-sprej-za-macke\/#primaryimage"},"image":{"@id":"https:\/\/tetraktis.si\/en\/izdelek\/biospotix-sprej-za-macke\/#primaryimage"},"thumbnailUrl":"https:\/\/tetraktis.si\/wp-content\/uploads\/2022\/04\/Biospotix-sprej-za-macke.png","datePublished":"2022-04-27T13:55:46+00:00","dateModified":"2023-03-28T07:01:34+00:00","description":"Biospotix sprej za ma\u010dke. 100% naravni repelent proti ma\u010djim bolham, na osnovi esencialnih olj geraniola (deluje tako, da blokira dihala \u017eu\u017eelk).","breadcrumb":{"@id":"https:\/\/tetraktis.si\/en\/izdelek\/biospotix-sprej-za-macke\/#breadcrumb"},"inLanguage":"en-US","potentialAction":[{"@type":"ReadAction","target":["https:\/\/tetraktis.si\/en\/izdelek\/biospotix-sprej-za-macke\/"]}]},{"@type":"ImageObject","inLanguage":"en-US","@id":"https:\/\/tetraktis.si\/en\/izdelek\/biospotix-sprej-za-macke\/#primaryimage","url":"https:\/\/tetraktis.si\/wp-content\/uploads\/2022\/04\/Biospotix-sprej-za-macke.png","contentUrl":"https:\/\/tetraktis.si\/wp-content\/uploads\/2022\/04\/Biospotix-sprej-za-macke.png","width":924,"height":1294},{"@type":"BreadcrumbList","@id":"https:\/\/tetraktis.si\/en\/izdelek\/biospotix-sprej-za-macke\/#breadcrumb","itemListElement":[{"@type":"ListItem","position":1,"name":"Shop","item":"https:\/\/tetraktis.si\/en\/shop-3\/"},{"@type":"ListItem","position":2,"name":"Biospotix sprej za ma\u010dke"}]},{"@type":"WebSite","@id":"https:\/\/tetraktis.si\/en\/#website","url":"https:\/\/tetraktis.si\/en\/","name":"Tetraktis- Equine America, Dorwest, Excel","description":"Samo najbolj\u0161e za va\u0161e \u017eivali","publisher":{"@id":"https:\/\/tetraktis.si\/en\/#organization"},"potentialAction":[{"@type":"SearchAction","target":{"@type":"EntryPoint","urlTemplate":"https:\/\/tetraktis.si\/en\/?s={search_term_string}"},"query-input":{"@type":"PropertyValueSpecification","valueRequired":true,"valueName":"search_term_string"}}],"inLanguage":"en-US"},{"@type":"Organization","@id":"https:\/\/tetraktis.si\/en\/#organization","name":"Tetraktis","url":"https:\/\/tetraktis.si\/en\/","logo":{"@type":"ImageObject","inLanguage":"en-US","@id":"https:\/\/tetraktis.si\/en\/#\/schema\/logo\/image\/","url":"https:\/\/tetraktis.si\/wp-content\/uploads\/2022\/06\/logo.webp","contentUrl":"https:\/\/tetraktis.si\/wp-content\/uploads\/2022\/06\/logo.webp","width":400,"height":211,"caption":"Tetraktis"},"image":{"@id":"https:\/\/tetraktis.si\/en\/#\/schema\/logo\/image\/"},"sameAs":["https:\/\/business.facebook.com\/equineamericashop\/?business_id=193323571192825","https:\/\/x.com\/TetraktisInfo","https:\/\/www.instagram.com\/tetraktisslovenija\/","https:\/\/www.youtube.com\/channel\/UCk_PdKMdtpZ4pf0RRFL1vYA"]}]}},"_links":{"self":[{"href":"https:\/\/tetraktis.si\/en\/wp-json\/wp\/v2\/product\/32473","targetHints":{"allow":["GET"]}}],"collection":[{"href":"https:\/\/tetraktis.si\/en\/wp-json\/wp\/v2\/product"}],"about":[{"href":"https:\/\/tetraktis.si\/en\/wp-json\/wp\/v2\/types\/product"}],"replies":[{"embeddable":true,"href":"https:\/\/tetraktis.si\/en\/wp-json\/wp\/v2\/comments?post=32473"}],"version-history":[{"count":1,"href":"https:\/\/tetraktis.si\/en\/wp-json\/wp\/v2\/product\/32473\/revisions"}],"predecessor-version":[{"id":35329,"href":"https:\/\/tetraktis.si\/en\/wp-json\/wp\/v2\/product\/32473\/revisions\/35329"}],"wp:featuredmedia":[{"embeddable":true,"href":"https:\/\/tetraktis.si\/en\/wp-json\/wp\/v2\/media\/24641"}],"wp:attachment":[{"href":"https:\/\/tetraktis.si\/en\/wp-json\/wp\/v2\/media?parent=32473"}],"wp:term":[{"taxonomy":"product_brand","embeddable":true,"href":"https:\/\/tetraktis.si\/en\/wp-json\/wp\/v2\/product_brand?post=32473"},{"taxonomy":"product_cat","embeddable":true,"href":"https:\/\/tetraktis.si\/en\/wp-json\/wp\/v2\/product_cat?post=32473"},{"taxonomy":"product_tag","embeddable":true,"href":"https:\/\/tetraktis.si\/en\/wp-json\/wp\/v2\/product_tag?post=32473"}],"curies":[{"name":"wp","href":"https:\/\/api.w.org\/{rel}","templated":true}]}}