{"id":32468,"date":"2022-04-27T15:55:46","date_gmt":"2022-04-27T13:55:46","guid":{"rendered":"https:\/\/cortaflex.si\/izdelek\/biospotix-ovratnica-za-pse-proti-klopom-in-bolham-75-cm\/"},"modified":"2024-05-22T12:35:53","modified_gmt":"2024-05-22T10:35:53","slug":"biospotix-ovratnica-za-pse-proti-klopom-in-bolham-75-cm","status":"publish","type":"product","link":"https:\/\/tetraktis.si\/en\/izdelek\/biospotix-ovratnica-za-pse-proti-klopom-in-bolham-75-cm\/","title":{"rendered":"BIOSPOTIX ovratnica za pse proti klopom in bolham 75 cm"},"content":{"rendered":"<h1 dir=\"ltr\" data-placeholder=\"Prevod\">Ovratnica za pse proti klopom 75 cm BIOSPOTIX od Biogance<\/h1>\n<p class=\"tw-data-text tw-text-large tw-ta\" dir=\"ltr\" data-placeholder=\"Prevod\"><span lang=\"sl\">Ovratnica za pse proti klopom 75 cm <\/span>BIOSPOTIX<span lang=\"sl\">, primerna za pse velike pasme, ki tehtajo 20 kg in ve\u010d. <\/span><span lang=\"sl\">Je popolnoma naraven odganjalec\/ repelent,\u00a0 ki daje naravno za\u0161\u010dito pred zunanjimi zajedavci, kot so bolhe, klopi, komarji, u\u0161i.<\/span><\/p>\n<p class=\"tw-data-text tw-text-large tw-ta\" dir=\"ltr\" data-placeholder=\"Prevod\">100% naravne aktivne sestavine z uporabo eteri\u010dnih olj geraniol.<\/p>\n<h2 dir=\"ltr\" data-placeholder=\"Prevod\">Kako deluje Biospotix naravna ovratnica za pse proti klopom?<\/h2>\n<p class=\"tw-data-text tw-text-large tw-ta\" dir=\"ltr\" data-placeholder=\"Prevod\"><span lang=\"sl\">Na osnovi eteri\u010dnih olj Geraniol u\u010dinkovine na Biospotix ovratnici za pse proti klopom dehidrirajo hitin (hitin je glavni sestavni del celi\u010dnih sten, eksoskeletov \u017eu\u017eelk in \u010dlenono\u017ecev) * in blokira dihalni sistem \u017eu\u017eelk. Paraziti se nato odvrnejo z zadu\u0161itvijo in dehidracijo, plinska faza geraniola pa pomaga tudi pri dehidriranju jajc in li\u010dink, kar daje Biospotixu odli\u010dne ovicidne in larvicidne lastnosti. BIOSPOTIX ovratnica za pse proti klopom je odporna na vodo, aktivne sestavine pa se preko sebuma raz\u0161irijo po celotni dlaki va\u0161ega psa ali ma\u010dke. Zato ovratnica, ki se nosi okoli vratu, \u0161\u010diti celotno telo va\u0161ega ljubljen\u010dka in prepre\u010duje, da bi ga napadle bolhe in klopi.<\/span><\/p>\n<p class=\"tw-data-text tw-text-large tw-ta\" dir=\"ltr\" data-placeholder=\"Prevod\"><span lang=\"sl\">Vsaka \u0161katla vsebuje eno ovratnico, ki traja do 4 mesece.<\/span><\/p>\n<h2 class=\"tw-data-text tw-text-large tw-ta\" dir=\"ltr\" data-placeholder=\"Prevod\"><span lang=\"sl\">Navodila za uporabo<\/span><\/h2>\n<p class=\"tw-data-text tw-text-large tw-ta\" dir=\"ltr\" data-placeholder=\"Prevod\"><span lang=\"sl\">Ovratnico namestite okoli vratu, pustite razmik 2 prstov in odre\u017eite dodatno dol\u017eino.<\/span><\/p>\n<p class=\"tw-data-text tw-text-large tw-ta\" dir=\"ltr\" data-placeholder=\"Prevod\"><span lang=\"sl\">Dodatni nasvet: preostalo dol\u017eino ovratnika polo\u017eite v ko\u0161arico za hi\u0161ne ljubljen\u010dke ali v vre\u010dko sesalnika.<\/span><\/p>\n<p class=\"tw-data-text tw-text-large tw-ta\" dir=\"ltr\" data-placeholder=\"Prevod\"><span lang=\"sl\">Ne uporabljajte na \u017eivalih s ko\u017enimi po\u0161kodbami, brejih in doje\u010dih samicah ali \u017eivalih, mlaj\u0161ih od 3 mesecev.<\/span><\/p>\n<p class=\"tw-data-text tw-text-large tw-ta\" dir=\"ltr\" data-placeholder=\"Prevod\"><span lang=\"sl\">Shranjujte pri sobni temperaturi.<\/span><\/p>\n<p class=\"tw-data-text tw-text-large tw-ta\" dir=\"ltr\" data-placeholder=\"Prevod\"><span lang=\"sl\">Izogibajte se stiku z o\u010dmi in usti.<\/span><\/p>\n<p class=\"tw-data-text tw-text-large tw-ta\" dir=\"ltr\" data-placeholder=\"Prevod\"><span lang=\"sl\">Samo za zunanjo uporabo. Hraniti izven dosega otrok. V primeru zau\u017eitja ali \u010de dra\u017eenje ne mine, se posvetujte z veterinarjem. Geraniol lahko povzro\u010di alergijsko reakcijo.<\/span><\/p>\n<p class=\"tw-data-text tw-text-large tw-ta\" dir=\"ltr\" data-placeholder=\"Prevod\"><span lang=\"sl\">Na voljo tudi pri v obliki ampul Biospotix ampule za pse nad 20kg. <\/span><span lang=\"sl\">Ker se na va\u0161em hi\u0161nem ljubljen\u010dku nahaja samo 5% odraslih bolh, 95% pa jih je v okolju hi\u0161nega ljubljen\u010dka, mo\u010dno priporo\u010damo, da za\u010dnete s tretiranjem prostora z uporabo <a href=\"https:\/\/tetraktis.si\/izdelek\/sprej-proti-bolham-v-stanovanju\/\">Biospotix INDOOR razpr\u0161ila 500ml.<\/a><\/span><\/p>\n","protected":false},"excerpt":{"rendered":"<p><span lang=\"sl\">BIOSPOTIX ovratnica za pse 75 cm je popolnoma naraven repelent proti klopom za pse.<\/span><\/p>\n<p><span lang=\"sl\">Daje naravno za\u0161\u010dito pred zunanjimi zajedavci, kot so bolhe, klopi, komarji, u\u0161i.<\/span><\/p>\n<p><span lang=\"sl\">100% naravne aktivne sestavine (uporaba eteri\u010dnih olj geraniol).<\/span><\/p>\n<p><span lang=\"sl\">Za pse, ki tehtajo ve\u010d kot 20kg.<\/span><\/p>\n<p><span lang=\"sl\">Velikost ovratnika: 75cm.<\/span><\/p>\n","protected":false},"featured_media":24618,"comment_status":"open","ping_status":"closed","template":"","meta":[],"product_brand":[],"product_cat":[3323],"product_tag":[],"class_list":{"0":"post-32468","1":"product","2":"type-product","3":"status-publish","4":"has-post-thumbnail","6":"product_cat-dogs-cats","9":"first","10":"instock","11":"taxable","12":"shipping-taxable","13":"purchasable","14":"product-type-simple"},"yoast_head":"<!-- This site is optimized with the Yoast SEO Premium plugin v20.10 (Yoast SEO v27.3) - https:\/\/yoast.com\/product\/yoast-seo-premium-wordpress\/ -->\n<title>BIOSPOTIX ovratnica za pse proti klopom in bolham 75 cm - Tetraktis- Equine America, Dorwest, Excel<\/title>\n<meta name=\"description\" content=\"BIOSPOTIX ovratnica za pse proti klopom je popolnoma naraven repelent. Nudi za\u0161\u010dito pred zunanjimi zajedavci, kot so bolhe, klopi, komarji, u\u0161i.\" \/>\n<meta name=\"robots\" content=\"index, follow, max-snippet:-1, max-image-preview:large, max-video-preview:-1\" \/>\n<link rel=\"canonical\" href=\"https:\/\/tetraktis.si\/en\/izdelek\/biospotix-ovratnica-za-pse-proti-klopom-in-bolham-75-cm\/\" \/>\n<meta property=\"og:locale\" content=\"en_US\" \/>\n<meta property=\"og:type\" content=\"article\" \/>\n<meta property=\"og:title\" content=\"BIOSPOTIX ovratnica za pse proti klopom in bolham 75 cm - Tetraktis- Equine America, Dorwest, Excel\" \/>\n<meta property=\"og:description\" content=\"BIOSPOTIX ovratnica za pse proti klopom je popolnoma naraven repelent. Nudi za\u0161\u010dito pred zunanjimi zajedavci, kot so bolhe, klopi, komarji, u\u0161i.\" \/>\n<meta property=\"og:url\" content=\"https:\/\/tetraktis.si\/en\/izdelek\/biospotix-ovratnica-za-pse-proti-klopom-in-bolham-75-cm\/\" \/>\n<meta property=\"og:site_name\" content=\"Tetraktis- Equine America, Dorwest, Excel\" \/>\n<meta property=\"article:publisher\" content=\"https:\/\/business.facebook.com\/equineamericashop\/?business_id=193323571192825\" \/>\n<meta property=\"article:modified_time\" content=\"2024-05-22T10:35:53+00:00\" \/>\n<meta property=\"og:image\" content=\"https:\/\/tetraktis.si\/wp-content\/uploads\/2022\/04\/BIOSPOTIX-ovratnica-za-pse-do-75-cm-proti-klopom-in-bolham-1.png\" \/>\n\t<meta property=\"og:image:width\" content=\"924\" \/>\n\t<meta property=\"og:image:height\" content=\"1294\" \/>\n\t<meta property=\"og:image:type\" content=\"image\/png\" \/>\n<meta name=\"twitter:card\" content=\"summary_large_image\" \/>\n<meta name=\"twitter:site\" content=\"@TetraktisInfo\" \/>\n<meta name=\"twitter:label1\" content=\"Est. reading time\" \/>\n\t<meta name=\"twitter:data1\" content=\"2 minutes\" \/>\n<script type=\"application\/ld+json\" class=\"yoast-schema-graph\">{\"@context\":\"https:\\\/\\\/schema.org\",\"@graph\":[{\"@type\":\"WebPage\",\"@id\":\"https:\\\/\\\/tetraktis.si\\\/en\\\/izdelek\\\/biospotix-ovratnica-za-pse-proti-klopom-in-bolham-75-cm\\\/\",\"url\":\"https:\\\/\\\/tetraktis.si\\\/en\\\/izdelek\\\/biospotix-ovratnica-za-pse-proti-klopom-in-bolham-75-cm\\\/\",\"name\":\"BIOSPOTIX ovratnica za pse proti klopom in bolham 75 cm - Tetraktis- Equine America, Dorwest, Excel\",\"isPartOf\":{\"@id\":\"https:\\\/\\\/tetraktis.si\\\/en\\\/#website\"},\"primaryImageOfPage\":{\"@id\":\"https:\\\/\\\/tetraktis.si\\\/en\\\/izdelek\\\/biospotix-ovratnica-za-pse-proti-klopom-in-bolham-75-cm\\\/#primaryimage\"},\"image\":{\"@id\":\"https:\\\/\\\/tetraktis.si\\\/en\\\/izdelek\\\/biospotix-ovratnica-za-pse-proti-klopom-in-bolham-75-cm\\\/#primaryimage\"},\"thumbnailUrl\":\"https:\\\/\\\/tetraktis.si\\\/wp-content\\\/uploads\\\/2022\\\/04\\\/BIOSPOTIX-ovratnica-za-pse-do-75-cm-proti-klopom-in-bolham-1.png\",\"datePublished\":\"2022-04-27T13:55:46+00:00\",\"dateModified\":\"2024-05-22T10:35:53+00:00\",\"description\":\"BIOSPOTIX ovratnica za pse proti klopom je popolnoma naraven repelent. Nudi za\u0161\u010dito pred zunanjimi zajedavci, kot so bolhe, klopi, komarji, u\u0161i.\",\"breadcrumb\":{\"@id\":\"https:\\\/\\\/tetraktis.si\\\/en\\\/izdelek\\\/biospotix-ovratnica-za-pse-proti-klopom-in-bolham-75-cm\\\/#breadcrumb\"},\"inLanguage\":\"en-US\",\"potentialAction\":[{\"@type\":\"ReadAction\",\"target\":[\"https:\\\/\\\/tetraktis.si\\\/en\\\/izdelek\\\/biospotix-ovratnica-za-pse-proti-klopom-in-bolham-75-cm\\\/\"]}]},{\"@type\":\"ImageObject\",\"inLanguage\":\"en-US\",\"@id\":\"https:\\\/\\\/tetraktis.si\\\/en\\\/izdelek\\\/biospotix-ovratnica-za-pse-proti-klopom-in-bolham-75-cm\\\/#primaryimage\",\"url\":\"https:\\\/\\\/tetraktis.si\\\/wp-content\\\/uploads\\\/2022\\\/04\\\/BIOSPOTIX-ovratnica-za-pse-do-75-cm-proti-klopom-in-bolham-1.png\",\"contentUrl\":\"https:\\\/\\\/tetraktis.si\\\/wp-content\\\/uploads\\\/2022\\\/04\\\/BIOSPOTIX-ovratnica-za-pse-do-75-cm-proti-klopom-in-bolham-1.png\",\"width\":924,\"height\":1294,\"caption\":\"Ovratnica za pse proti klopom\"},{\"@type\":\"BreadcrumbList\",\"@id\":\"https:\\\/\\\/tetraktis.si\\\/en\\\/izdelek\\\/biospotix-ovratnica-za-pse-proti-klopom-in-bolham-75-cm\\\/#breadcrumb\",\"itemListElement\":[{\"@type\":\"ListItem\",\"position\":1,\"name\":\"Shop\",\"item\":\"https:\\\/\\\/tetraktis.si\\\/en\\\/shop-3\\\/\"},{\"@type\":\"ListItem\",\"position\":2,\"name\":\"BIOSPOTIX ovratnica za pse proti klopom in bolham 75 cm\"}]},{\"@type\":\"WebSite\",\"@id\":\"https:\\\/\\\/tetraktis.si\\\/en\\\/#website\",\"url\":\"https:\\\/\\\/tetraktis.si\\\/en\\\/\",\"name\":\"Tetraktis- Equine America, Dorwest, Excel\",\"description\":\"Samo najbolj\u0161e za va\u0161e \u017eivali\",\"publisher\":{\"@id\":\"https:\\\/\\\/tetraktis.si\\\/en\\\/#organization\"},\"potentialAction\":[{\"@type\":\"SearchAction\",\"target\":{\"@type\":\"EntryPoint\",\"urlTemplate\":\"https:\\\/\\\/tetraktis.si\\\/en\\\/?s={search_term_string}\"},\"query-input\":{\"@type\":\"PropertyValueSpecification\",\"valueRequired\":true,\"valueName\":\"search_term_string\"}}],\"inLanguage\":\"en-US\"},{\"@type\":\"Organization\",\"@id\":\"https:\\\/\\\/tetraktis.si\\\/en\\\/#organization\",\"name\":\"Tetraktis\",\"url\":\"https:\\\/\\\/tetraktis.si\\\/en\\\/\",\"logo\":{\"@type\":\"ImageObject\",\"inLanguage\":\"en-US\",\"@id\":\"https:\\\/\\\/tetraktis.si\\\/en\\\/#\\\/schema\\\/logo\\\/image\\\/\",\"url\":\"https:\\\/\\\/tetraktis.si\\\/wp-content\\\/uploads\\\/2022\\\/06\\\/logo.webp\",\"contentUrl\":\"https:\\\/\\\/tetraktis.si\\\/wp-content\\\/uploads\\\/2022\\\/06\\\/logo.webp\",\"width\":400,\"height\":211,\"caption\":\"Tetraktis\"},\"image\":{\"@id\":\"https:\\\/\\\/tetraktis.si\\\/en\\\/#\\\/schema\\\/logo\\\/image\\\/\"},\"sameAs\":[\"https:\\\/\\\/business.facebook.com\\\/equineamericashop\\\/?business_id=193323571192825\",\"https:\\\/\\\/x.com\\\/TetraktisInfo\",\"https:\\\/\\\/www.instagram.com\\\/tetraktisslovenija\\\/\",\"https:\\\/\\\/www.youtube.com\\\/channel\\\/UCk_PdKMdtpZ4pf0RRFL1vYA\"]}]}<\/script>\n<!-- \/ Yoast SEO Premium plugin. -->","yoast_head_json":{"title":"BIOSPOTIX ovratnica za pse proti klopom in bolham 75 cm - Tetraktis- Equine America, Dorwest, Excel","description":"BIOSPOTIX ovratnica za pse proti klopom je popolnoma naraven repelent. Nudi za\u0161\u010dito pred zunanjimi zajedavci, kot so bolhe, klopi, komarji, u\u0161i.","robots":{"index":"index","follow":"follow","max-snippet":"max-snippet:-1","max-image-preview":"max-image-preview:large","max-video-preview":"max-video-preview:-1"},"canonical":"https:\/\/tetraktis.si\/en\/izdelek\/biospotix-ovratnica-za-pse-proti-klopom-in-bolham-75-cm\/","og_locale":"en_US","og_type":"article","og_title":"BIOSPOTIX ovratnica za pse proti klopom in bolham 75 cm - Tetraktis- Equine America, Dorwest, Excel","og_description":"BIOSPOTIX ovratnica za pse proti klopom je popolnoma naraven repelent. Nudi za\u0161\u010dito pred zunanjimi zajedavci, kot so bolhe, klopi, komarji, u\u0161i.","og_url":"https:\/\/tetraktis.si\/en\/izdelek\/biospotix-ovratnica-za-pse-proti-klopom-in-bolham-75-cm\/","og_site_name":"Tetraktis- Equine America, Dorwest, Excel","article_publisher":"https:\/\/business.facebook.com\/equineamericashop\/?business_id=193323571192825","article_modified_time":"2024-05-22T10:35:53+00:00","og_image":[{"width":924,"height":1294,"url":"https:\/\/tetraktis.si\/wp-content\/uploads\/2022\/04\/BIOSPOTIX-ovratnica-za-pse-do-75-cm-proti-klopom-in-bolham-1.png","type":"image\/png"}],"twitter_card":"summary_large_image","twitter_site":"@TetraktisInfo","twitter_misc":{"Est. reading time":"2 minutes"},"schema":{"@context":"https:\/\/schema.org","@graph":[{"@type":"WebPage","@id":"https:\/\/tetraktis.si\/en\/izdelek\/biospotix-ovratnica-za-pse-proti-klopom-in-bolham-75-cm\/","url":"https:\/\/tetraktis.si\/en\/izdelek\/biospotix-ovratnica-za-pse-proti-klopom-in-bolham-75-cm\/","name":"BIOSPOTIX ovratnica za pse proti klopom in bolham 75 cm - Tetraktis- Equine America, Dorwest, Excel","isPartOf":{"@id":"https:\/\/tetraktis.si\/en\/#website"},"primaryImageOfPage":{"@id":"https:\/\/tetraktis.si\/en\/izdelek\/biospotix-ovratnica-za-pse-proti-klopom-in-bolham-75-cm\/#primaryimage"},"image":{"@id":"https:\/\/tetraktis.si\/en\/izdelek\/biospotix-ovratnica-za-pse-proti-klopom-in-bolham-75-cm\/#primaryimage"},"thumbnailUrl":"https:\/\/tetraktis.si\/wp-content\/uploads\/2022\/04\/BIOSPOTIX-ovratnica-za-pse-do-75-cm-proti-klopom-in-bolham-1.png","datePublished":"2022-04-27T13:55:46+00:00","dateModified":"2024-05-22T10:35:53+00:00","description":"BIOSPOTIX ovratnica za pse proti klopom je popolnoma naraven repelent. Nudi za\u0161\u010dito pred zunanjimi zajedavci, kot so bolhe, klopi, komarji, u\u0161i.","breadcrumb":{"@id":"https:\/\/tetraktis.si\/en\/izdelek\/biospotix-ovratnica-za-pse-proti-klopom-in-bolham-75-cm\/#breadcrumb"},"inLanguage":"en-US","potentialAction":[{"@type":"ReadAction","target":["https:\/\/tetraktis.si\/en\/izdelek\/biospotix-ovratnica-za-pse-proti-klopom-in-bolham-75-cm\/"]}]},{"@type":"ImageObject","inLanguage":"en-US","@id":"https:\/\/tetraktis.si\/en\/izdelek\/biospotix-ovratnica-za-pse-proti-klopom-in-bolham-75-cm\/#primaryimage","url":"https:\/\/tetraktis.si\/wp-content\/uploads\/2022\/04\/BIOSPOTIX-ovratnica-za-pse-do-75-cm-proti-klopom-in-bolham-1.png","contentUrl":"https:\/\/tetraktis.si\/wp-content\/uploads\/2022\/04\/BIOSPOTIX-ovratnica-za-pse-do-75-cm-proti-klopom-in-bolham-1.png","width":924,"height":1294,"caption":"Ovratnica za pse proti klopom"},{"@type":"BreadcrumbList","@id":"https:\/\/tetraktis.si\/en\/izdelek\/biospotix-ovratnica-za-pse-proti-klopom-in-bolham-75-cm\/#breadcrumb","itemListElement":[{"@type":"ListItem","position":1,"name":"Shop","item":"https:\/\/tetraktis.si\/en\/shop-3\/"},{"@type":"ListItem","position":2,"name":"BIOSPOTIX ovratnica za pse proti klopom in bolham 75 cm"}]},{"@type":"WebSite","@id":"https:\/\/tetraktis.si\/en\/#website","url":"https:\/\/tetraktis.si\/en\/","name":"Tetraktis- Equine America, Dorwest, Excel","description":"Samo najbolj\u0161e za va\u0161e \u017eivali","publisher":{"@id":"https:\/\/tetraktis.si\/en\/#organization"},"potentialAction":[{"@type":"SearchAction","target":{"@type":"EntryPoint","urlTemplate":"https:\/\/tetraktis.si\/en\/?s={search_term_string}"},"query-input":{"@type":"PropertyValueSpecification","valueRequired":true,"valueName":"search_term_string"}}],"inLanguage":"en-US"},{"@type":"Organization","@id":"https:\/\/tetraktis.si\/en\/#organization","name":"Tetraktis","url":"https:\/\/tetraktis.si\/en\/","logo":{"@type":"ImageObject","inLanguage":"en-US","@id":"https:\/\/tetraktis.si\/en\/#\/schema\/logo\/image\/","url":"https:\/\/tetraktis.si\/wp-content\/uploads\/2022\/06\/logo.webp","contentUrl":"https:\/\/tetraktis.si\/wp-content\/uploads\/2022\/06\/logo.webp","width":400,"height":211,"caption":"Tetraktis"},"image":{"@id":"https:\/\/tetraktis.si\/en\/#\/schema\/logo\/image\/"},"sameAs":["https:\/\/business.facebook.com\/equineamericashop\/?business_id=193323571192825","https:\/\/x.com\/TetraktisInfo","https:\/\/www.instagram.com\/tetraktisslovenija\/","https:\/\/www.youtube.com\/channel\/UCk_PdKMdtpZ4pf0RRFL1vYA"]}]}},"_links":{"self":[{"href":"https:\/\/tetraktis.si\/en\/wp-json\/wp\/v2\/product\/32468","targetHints":{"allow":["GET"]}}],"collection":[{"href":"https:\/\/tetraktis.si\/en\/wp-json\/wp\/v2\/product"}],"about":[{"href":"https:\/\/tetraktis.si\/en\/wp-json\/wp\/v2\/types\/product"}],"replies":[{"embeddable":true,"href":"https:\/\/tetraktis.si\/en\/wp-json\/wp\/v2\/comments?post=32468"}],"version-history":[{"count":2,"href":"https:\/\/tetraktis.si\/en\/wp-json\/wp\/v2\/product\/32468\/revisions"}],"predecessor-version":[{"id":40472,"href":"https:\/\/tetraktis.si\/en\/wp-json\/wp\/v2\/product\/32468\/revisions\/40472"}],"wp:featuredmedia":[{"embeddable":true,"href":"https:\/\/tetraktis.si\/en\/wp-json\/wp\/v2\/media\/24618"}],"wp:attachment":[{"href":"https:\/\/tetraktis.si\/en\/wp-json\/wp\/v2\/media?parent=32468"}],"wp:term":[{"taxonomy":"product_brand","embeddable":true,"href":"https:\/\/tetraktis.si\/en\/wp-json\/wp\/v2\/product_brand?post=32468"},{"taxonomy":"product_cat","embeddable":true,"href":"https:\/\/tetraktis.si\/en\/wp-json\/wp\/v2\/product_cat?post=32468"},{"taxonomy":"product_tag","embeddable":true,"href":"https:\/\/tetraktis.si\/en\/wp-json\/wp\/v2\/product_tag?post=32468"}],"curies":[{"name":"wp","href":"https:\/\/api.w.org\/{rel}","templated":true}]}}