{"id":32467,"date":"2022-04-27T15:55:46","date_gmt":"2022-04-27T13:55:46","guid":{"rendered":"https:\/\/cortaflex.si\/izdelek\/sprej-proti-bolham-v-stanovanju-biospotix-indoor-500ml\/"},"modified":"2025-07-18T11:38:41","modified_gmt":"2025-07-18T09:38:41","slug":"sprej-proti-bolham-v-stanovanju-biospotix-indoor-500ml","status":"publish","type":"product","link":"https:\/\/tetraktis.si\/en\/izdelek\/sprej-proti-bolham-v-stanovanju-biospotix-indoor-500ml\/","title":{"rendered":"Sprej proti bolham v stanovanju Biospotix INDOOR 500ml"},"content":{"rendered":"<h1 id=\"tw-target-text\" class=\"tw-data-text tw-text-large tw-ta\" dir=\"ltr\" data-placeholder=\"Prevod\">Sprej proti bolham v stanovanju Biospotix INDOOR<\/h1>\n<p class=\"tw-data-text tw-text-large tw-ta\" dir=\"ltr\" data-placeholder=\"Prevod\"><span lang=\"sl\">Sprej proti bolham v stanovanju Biospotix INDOOR za razpr\u0161evanje v prostoru za odpravo zunanjih parazitov. Nana\u0161amo ga lahko po vseh tekstilnih povr\u0161inah (kav\u010di, preproge, le\u017ei\u0161\u010da, ute, v avtu ipd).<\/span><\/p>\n<h2 dir=\"ltr\" data-placeholder=\"Prevod\">Zakaj sprej proti bolham v stanovanju Biospotix?<\/h2>\n<p class=\"tw-data-text tw-text-large tw-ta\" dir=\"ltr\" data-placeholder=\"Prevod\"><span lang=\"sl\">V nasprotju s splo\u0161nim prepri\u010danjem, bolhe se ne dr\u017eijo za doma\u010de \u017eivali in dejansko ve\u010dino \u010dasa pre\u017eivijo na tleh, preprogah, oblazinjenju, psarnah, ko\u0161arah itd. <\/span><span lang=\"sl\">Na va\u0161em hi\u0161nem ljubljen\u010dku je le 5% odraslih bolh, 95% pa v okolju va\u0161ega hi\u0161nega ljubljen\u010dka v obliki jaj\u010dec in li\u010dink.\u00a0<\/span><span lang=\"sl\">Zato mo\u010dno priporo\u010damo, da za\u010dnete tretiranje okolja z sprejem proti bolham v stanovanju in se znebite odraslih bolh, li\u010dink in jaj\u010dec.\u00a0<\/span><\/p>\n<h2 class=\"tw-data-text tw-text-large tw-ta\" dir=\"ltr\" data-placeholder=\"Prevod\"><span lang=\"sl\">Dodaten nasvet!<\/span><\/h2>\n<p class=\"tw-data-text tw-text-large tw-ta\" dir=\"ltr\" data-placeholder=\"Prevod\"><span lang=\"sl\">Redno sesanje vam bo pomagalo pobrati odrasle bolhe, jaj\u010deca, li\u010dinke in mladi\u010de, preden se razvijejo. Toda pomembno je pogosto praznjenje vakuumske vre\u010dke kot tudi vstavitev ovratnice proti bolham v vakuumsko vre\u010dko. V sesalec lahko vstavite tisti del ovratnice, ki je odve\u010d in ga odre\u017eete, ko Biospotix ovratnico za <a href=\"https:\/\/www.tetraktis.si\/en\/product\/biospotix-ovratnica-za-pse-proti-klopom-in-bolham-75-cm\/\">pse<\/a> ali <a href=\"https:\/\/www.tetraktis.si\/product\/proti-klopom-za-macke\/\">ma\u010dke<\/a> namestite okoli vratu \u017eivali.<\/span><\/p>\n<p class=\"tw-data-text tw-text-large tw-ta\" dir=\"ltr\" data-placeholder=\"Prevod\"><span lang=\"sl\">Izogibajte se vodi in vla\u017eenju tal, ker vlaga nudi priro\u010dno okolje za razvoj jajc in li\u010dink.<\/span><\/p>\n<h2 dir=\"ltr\" data-placeholder=\"Prevod\">Navodila za uporabo spreja proti bolham v stanovanju Biospotix<\/h2>\n<p>Sprej proti bolham v stanovanju Biospotix je za splo\u0161no uporabo. Pred uporabo pretresite ter razpr\u0161ite po prostoru iz odaljenosti cca.30 cm.<\/p>\n<h2 class=\"tw-data-text tw-text-large tw-ta\" dir=\"ltr\" data-placeholder=\"Prevod\"><span lang=\"sl\">OPOZORILO: <\/span><\/h2>\n<p class=\"tw-data-text tw-text-large tw-ta\" dir=\"ltr\" data-placeholder=\"Prevod\"><span lang=\"sl\">Izdelka ne nana\u0161ati na doma\u010de \u017eivali. Po uporabi si umijte roke. Shranjujte pri sobni temperaturi. Izogibajte se stiku z o\u010dmi in usti. <\/span><span lang=\"sl\">Samo za zunanjo uporabo. Hraniti izven dosega otrok. Hranite stran od hrane in pija\u010de. V primeru zau\u017eitja ali \u010de dra\u017eenje ne mine, se posvetujte z zdravnikom. Geraniol (aktivna sestavina v spreju) lahko povzro\u010di alergijsko reakcijo.<\/span><\/p>\n<p class=\"tw-data-text tw-text-large tw-ta\" dir=\"ltr\" data-placeholder=\"Prevod\"><span lang=\"sl\">Za najbolj\u0161e rezultate ponovno razpr\u0161ite po prostoru vsakih 48 ur.<\/span><\/p>\n<p>Pakiranje 500 ml, kar zado\u0161\u010da za povr\u0161ino 100m\u00b2.\u00a0Odi\u0161avljeno s sivko.<\/p>\n","protected":false},"excerpt":{"rendered":"<p>Naravni repelent v obliki spreja za uporabo na povr\u0161inah v domovih, avtih ipd.<\/p>\n<p>Takoj\u0161nje delovanje proti klopom, bolham in njihovim li\u010dinkam.<\/p>\n<p>Pakiranje 500 ml.<\/p>\n<p>&nbsp;<\/p>\n","protected":false},"featured_media":24630,"comment_status":"open","ping_status":"closed","template":"","meta":[],"product_brand":[],"product_cat":[3323,3349,3353],"product_tag":[],"class_list":{"0":"post-32467","1":"product","2":"type-product","3":"status-publish","4":"has-post-thumbnail","6":"product_cat-dogs-cats","7":"product_cat-izdelki-za-macke-en","8":"product_cat-zunanji-zajedavci-en","11":"first","12":"instock","13":"taxable","14":"shipping-taxable","15":"purchasable","16":"product-type-simple"},"yoast_head":"<!-- This site is optimized with the Yoast SEO Premium plugin v20.10 (Yoast SEO v27.5) - https:\/\/yoast.com\/product\/yoast-seo-premium-wordpress\/ -->\n<title>Sprej proti bolham v stanovanju Biospotix INDOOR 500ml - Tetraktis- Equine America, Dorwest, Excel<\/title>\n<meta name=\"description\" content=\"Sprej proti bolham v stanovanju Biospotix- naravni repelent za splo\u0161no uporabo v domovih, avtih proti klopom, bolham in njihovim li\u010dinkam.\" \/>\n<meta name=\"robots\" content=\"index, follow, max-snippet:-1, max-image-preview:large, max-video-preview:-1\" \/>\n<link rel=\"canonical\" href=\"https:\/\/tetraktis.si\/en\/izdelek\/sprej-proti-bolham-v-stanovanju-biospotix-indoor-500ml\/\" \/>\n<meta property=\"og:locale\" content=\"en_US\" \/>\n<meta property=\"og:type\" content=\"article\" \/>\n<meta property=\"og:title\" content=\"Sprej proti bolham v stanovanju Biospotix INDOOR 500ml - Tetraktis- Equine America, Dorwest, Excel\" \/>\n<meta property=\"og:description\" content=\"Sprej proti bolham v stanovanju Biospotix- naravni repelent za splo\u0161no uporabo v domovih, avtih proti klopom, bolham in njihovim li\u010dinkam.\" \/>\n<meta property=\"og:url\" content=\"https:\/\/tetraktis.si\/en\/izdelek\/sprej-proti-bolham-v-stanovanju-biospotix-indoor-500ml\/\" \/>\n<meta property=\"og:site_name\" content=\"Tetraktis- Equine America, Dorwest, Excel\" \/>\n<meta property=\"article:publisher\" content=\"https:\/\/business.facebook.com\/equineamericashop\/?business_id=193323571192825\" \/>\n<meta property=\"article:modified_time\" content=\"2025-07-18T09:38:41+00:00\" \/>\n<meta property=\"og:image\" content=\"https:\/\/tetraktis.si\/wp-content\/uploads\/2022\/04\/Biospotix-INDOOR-razprsilo-500ml-stisnjeno.jpg\" \/>\n\t<meta property=\"og:image:width\" content=\"320\" \/>\n\t<meta property=\"og:image:height\" content=\"448\" \/>\n\t<meta property=\"og:image:type\" content=\"image\/jpeg\" \/>\n<meta name=\"twitter:card\" content=\"summary_large_image\" \/>\n<meta name=\"twitter:site\" content=\"@TetraktisInfo\" \/>\n<meta name=\"twitter:label1\" content=\"Est. reading time\" \/>\n\t<meta name=\"twitter:data1\" content=\"2 minutes\" \/>\n<script type=\"application\/ld+json\" class=\"yoast-schema-graph\">{\"@context\":\"https:\\\/\\\/schema.org\",\"@graph\":[{\"@type\":\"WebPage\",\"@id\":\"https:\\\/\\\/tetraktis.si\\\/en\\\/izdelek\\\/sprej-proti-bolham-v-stanovanju-biospotix-indoor-500ml\\\/\",\"url\":\"https:\\\/\\\/tetraktis.si\\\/en\\\/izdelek\\\/sprej-proti-bolham-v-stanovanju-biospotix-indoor-500ml\\\/\",\"name\":\"Sprej proti bolham v stanovanju Biospotix INDOOR 500ml - Tetraktis- Equine America, Dorwest, Excel\",\"isPartOf\":{\"@id\":\"https:\\\/\\\/tetraktis.si\\\/en\\\/#website\"},\"primaryImageOfPage\":{\"@id\":\"https:\\\/\\\/tetraktis.si\\\/en\\\/izdelek\\\/sprej-proti-bolham-v-stanovanju-biospotix-indoor-500ml\\\/#primaryimage\"},\"image\":{\"@id\":\"https:\\\/\\\/tetraktis.si\\\/en\\\/izdelek\\\/sprej-proti-bolham-v-stanovanju-biospotix-indoor-500ml\\\/#primaryimage\"},\"thumbnailUrl\":\"https:\\\/\\\/tetraktis.si\\\/wp-content\\\/uploads\\\/2022\\\/04\\\/Biospotix-INDOOR-razprsilo-500ml-stisnjeno.jpg\",\"datePublished\":\"2022-04-27T13:55:46+00:00\",\"dateModified\":\"2025-07-18T09:38:41+00:00\",\"description\":\"Sprej proti bolham v stanovanju Biospotix- naravni repelent za splo\u0161no uporabo v domovih, avtih proti klopom, bolham in njihovim li\u010dinkam.\",\"breadcrumb\":{\"@id\":\"https:\\\/\\\/tetraktis.si\\\/en\\\/izdelek\\\/sprej-proti-bolham-v-stanovanju-biospotix-indoor-500ml\\\/#breadcrumb\"},\"inLanguage\":\"en-US\",\"potentialAction\":[{\"@type\":\"ReadAction\",\"target\":[\"https:\\\/\\\/tetraktis.si\\\/en\\\/izdelek\\\/sprej-proti-bolham-v-stanovanju-biospotix-indoor-500ml\\\/\"]}]},{\"@type\":\"ImageObject\",\"inLanguage\":\"en-US\",\"@id\":\"https:\\\/\\\/tetraktis.si\\\/en\\\/izdelek\\\/sprej-proti-bolham-v-stanovanju-biospotix-indoor-500ml\\\/#primaryimage\",\"url\":\"https:\\\/\\\/tetraktis.si\\\/wp-content\\\/uploads\\\/2022\\\/04\\\/Biospotix-INDOOR-razprsilo-500ml-stisnjeno.jpg\",\"contentUrl\":\"https:\\\/\\\/tetraktis.si\\\/wp-content\\\/uploads\\\/2022\\\/04\\\/Biospotix-INDOOR-razprsilo-500ml-stisnjeno.jpg\",\"width\":320,\"height\":448,\"caption\":\"Sprej proti bolham v stanovanju\"},{\"@type\":\"BreadcrumbList\",\"@id\":\"https:\\\/\\\/tetraktis.si\\\/en\\\/izdelek\\\/sprej-proti-bolham-v-stanovanju-biospotix-indoor-500ml\\\/#breadcrumb\",\"itemListElement\":[{\"@type\":\"ListItem\",\"position\":1,\"name\":\"Shop\",\"item\":\"https:\\\/\\\/tetraktis.si\\\/en\\\/shop-3\\\/\"},{\"@type\":\"ListItem\",\"position\":2,\"name\":\"Sprej proti bolham v stanovanju Biospotix INDOOR 500ml\"}]},{\"@type\":\"WebSite\",\"@id\":\"https:\\\/\\\/tetraktis.si\\\/en\\\/#website\",\"url\":\"https:\\\/\\\/tetraktis.si\\\/en\\\/\",\"name\":\"Tetraktis- Equine America, Dorwest, Excel\",\"description\":\"Samo najbolj\u0161e za va\u0161e \u017eivali\",\"publisher\":{\"@id\":\"https:\\\/\\\/tetraktis.si\\\/en\\\/#organization\"},\"potentialAction\":[{\"@type\":\"SearchAction\",\"target\":{\"@type\":\"EntryPoint\",\"urlTemplate\":\"https:\\\/\\\/tetraktis.si\\\/en\\\/?s={search_term_string}\"},\"query-input\":{\"@type\":\"PropertyValueSpecification\",\"valueRequired\":true,\"valueName\":\"search_term_string\"}}],\"inLanguage\":\"en-US\"},{\"@type\":\"Organization\",\"@id\":\"https:\\\/\\\/tetraktis.si\\\/en\\\/#organization\",\"name\":\"Tetraktis\",\"url\":\"https:\\\/\\\/tetraktis.si\\\/en\\\/\",\"logo\":{\"@type\":\"ImageObject\",\"inLanguage\":\"en-US\",\"@id\":\"https:\\\/\\\/tetraktis.si\\\/en\\\/#\\\/schema\\\/logo\\\/image\\\/\",\"url\":\"https:\\\/\\\/tetraktis.si\\\/wp-content\\\/uploads\\\/2022\\\/06\\\/logo.webp\",\"contentUrl\":\"https:\\\/\\\/tetraktis.si\\\/wp-content\\\/uploads\\\/2022\\\/06\\\/logo.webp\",\"width\":400,\"height\":211,\"caption\":\"Tetraktis\"},\"image\":{\"@id\":\"https:\\\/\\\/tetraktis.si\\\/en\\\/#\\\/schema\\\/logo\\\/image\\\/\"},\"sameAs\":[\"https:\\\/\\\/business.facebook.com\\\/equineamericashop\\\/?business_id=193323571192825\",\"https:\\\/\\\/x.com\\\/TetraktisInfo\",\"https:\\\/\\\/www.instagram.com\\\/tetraktisslovenija\\\/\",\"https:\\\/\\\/www.youtube.com\\\/channel\\\/UCk_PdKMdtpZ4pf0RRFL1vYA\"]}]}<\/script>\n<!-- \/ Yoast SEO Premium plugin. -->","yoast_head_json":{"title":"Sprej proti bolham v stanovanju Biospotix INDOOR 500ml - Tetraktis- Equine America, Dorwest, Excel","description":"Sprej proti bolham v stanovanju Biospotix- naravni repelent za splo\u0161no uporabo v domovih, avtih proti klopom, bolham in njihovim li\u010dinkam.","robots":{"index":"index","follow":"follow","max-snippet":"max-snippet:-1","max-image-preview":"max-image-preview:large","max-video-preview":"max-video-preview:-1"},"canonical":"https:\/\/tetraktis.si\/en\/izdelek\/sprej-proti-bolham-v-stanovanju-biospotix-indoor-500ml\/","og_locale":"en_US","og_type":"article","og_title":"Sprej proti bolham v stanovanju Biospotix INDOOR 500ml - Tetraktis- Equine America, Dorwest, Excel","og_description":"Sprej proti bolham v stanovanju Biospotix- naravni repelent za splo\u0161no uporabo v domovih, avtih proti klopom, bolham in njihovim li\u010dinkam.","og_url":"https:\/\/tetraktis.si\/en\/izdelek\/sprej-proti-bolham-v-stanovanju-biospotix-indoor-500ml\/","og_site_name":"Tetraktis- Equine America, Dorwest, Excel","article_publisher":"https:\/\/business.facebook.com\/equineamericashop\/?business_id=193323571192825","article_modified_time":"2025-07-18T09:38:41+00:00","og_image":[{"width":320,"height":448,"url":"https:\/\/tetraktis.si\/wp-content\/uploads\/2022\/04\/Biospotix-INDOOR-razprsilo-500ml-stisnjeno.jpg","type":"image\/jpeg"}],"twitter_card":"summary_large_image","twitter_site":"@TetraktisInfo","twitter_misc":{"Est. reading time":"2 minutes"},"schema":{"@context":"https:\/\/schema.org","@graph":[{"@type":"WebPage","@id":"https:\/\/tetraktis.si\/en\/izdelek\/sprej-proti-bolham-v-stanovanju-biospotix-indoor-500ml\/","url":"https:\/\/tetraktis.si\/en\/izdelek\/sprej-proti-bolham-v-stanovanju-biospotix-indoor-500ml\/","name":"Sprej proti bolham v stanovanju Biospotix INDOOR 500ml - Tetraktis- Equine America, Dorwest, Excel","isPartOf":{"@id":"https:\/\/tetraktis.si\/en\/#website"},"primaryImageOfPage":{"@id":"https:\/\/tetraktis.si\/en\/izdelek\/sprej-proti-bolham-v-stanovanju-biospotix-indoor-500ml\/#primaryimage"},"image":{"@id":"https:\/\/tetraktis.si\/en\/izdelek\/sprej-proti-bolham-v-stanovanju-biospotix-indoor-500ml\/#primaryimage"},"thumbnailUrl":"https:\/\/tetraktis.si\/wp-content\/uploads\/2022\/04\/Biospotix-INDOOR-razprsilo-500ml-stisnjeno.jpg","datePublished":"2022-04-27T13:55:46+00:00","dateModified":"2025-07-18T09:38:41+00:00","description":"Sprej proti bolham v stanovanju Biospotix- naravni repelent za splo\u0161no uporabo v domovih, avtih proti klopom, bolham in njihovim li\u010dinkam.","breadcrumb":{"@id":"https:\/\/tetraktis.si\/en\/izdelek\/sprej-proti-bolham-v-stanovanju-biospotix-indoor-500ml\/#breadcrumb"},"inLanguage":"en-US","potentialAction":[{"@type":"ReadAction","target":["https:\/\/tetraktis.si\/en\/izdelek\/sprej-proti-bolham-v-stanovanju-biospotix-indoor-500ml\/"]}]},{"@type":"ImageObject","inLanguage":"en-US","@id":"https:\/\/tetraktis.si\/en\/izdelek\/sprej-proti-bolham-v-stanovanju-biospotix-indoor-500ml\/#primaryimage","url":"https:\/\/tetraktis.si\/wp-content\/uploads\/2022\/04\/Biospotix-INDOOR-razprsilo-500ml-stisnjeno.jpg","contentUrl":"https:\/\/tetraktis.si\/wp-content\/uploads\/2022\/04\/Biospotix-INDOOR-razprsilo-500ml-stisnjeno.jpg","width":320,"height":448,"caption":"Sprej proti bolham v stanovanju"},{"@type":"BreadcrumbList","@id":"https:\/\/tetraktis.si\/en\/izdelek\/sprej-proti-bolham-v-stanovanju-biospotix-indoor-500ml\/#breadcrumb","itemListElement":[{"@type":"ListItem","position":1,"name":"Shop","item":"https:\/\/tetraktis.si\/en\/shop-3\/"},{"@type":"ListItem","position":2,"name":"Sprej proti bolham v stanovanju Biospotix INDOOR 500ml"}]},{"@type":"WebSite","@id":"https:\/\/tetraktis.si\/en\/#website","url":"https:\/\/tetraktis.si\/en\/","name":"Tetraktis- Equine America, Dorwest, Excel","description":"Samo najbolj\u0161e za va\u0161e \u017eivali","publisher":{"@id":"https:\/\/tetraktis.si\/en\/#organization"},"potentialAction":[{"@type":"SearchAction","target":{"@type":"EntryPoint","urlTemplate":"https:\/\/tetraktis.si\/en\/?s={search_term_string}"},"query-input":{"@type":"PropertyValueSpecification","valueRequired":true,"valueName":"search_term_string"}}],"inLanguage":"en-US"},{"@type":"Organization","@id":"https:\/\/tetraktis.si\/en\/#organization","name":"Tetraktis","url":"https:\/\/tetraktis.si\/en\/","logo":{"@type":"ImageObject","inLanguage":"en-US","@id":"https:\/\/tetraktis.si\/en\/#\/schema\/logo\/image\/","url":"https:\/\/tetraktis.si\/wp-content\/uploads\/2022\/06\/logo.webp","contentUrl":"https:\/\/tetraktis.si\/wp-content\/uploads\/2022\/06\/logo.webp","width":400,"height":211,"caption":"Tetraktis"},"image":{"@id":"https:\/\/tetraktis.si\/en\/#\/schema\/logo\/image\/"},"sameAs":["https:\/\/business.facebook.com\/equineamericashop\/?business_id=193323571192825","https:\/\/x.com\/TetraktisInfo","https:\/\/www.instagram.com\/tetraktisslovenija\/","https:\/\/www.youtube.com\/channel\/UCk_PdKMdtpZ4pf0RRFL1vYA"]}]}},"_links":{"self":[{"href":"https:\/\/tetraktis.si\/en\/wp-json\/wp\/v2\/product\/32467","targetHints":{"allow":["GET"]}}],"collection":[{"href":"https:\/\/tetraktis.si\/en\/wp-json\/wp\/v2\/product"}],"about":[{"href":"https:\/\/tetraktis.si\/en\/wp-json\/wp\/v2\/types\/product"}],"replies":[{"embeddable":true,"href":"https:\/\/tetraktis.si\/en\/wp-json\/wp\/v2\/comments?post=32467"}],"version-history":[{"count":1,"href":"https:\/\/tetraktis.si\/en\/wp-json\/wp\/v2\/product\/32467\/revisions"}],"predecessor-version":[{"id":35325,"href":"https:\/\/tetraktis.si\/en\/wp-json\/wp\/v2\/product\/32467\/revisions\/35325"}],"wp:featuredmedia":[{"embeddable":true,"href":"https:\/\/tetraktis.si\/en\/wp-json\/wp\/v2\/media\/24630"}],"wp:attachment":[{"href":"https:\/\/tetraktis.si\/en\/wp-json\/wp\/v2\/media?parent=32467"}],"wp:term":[{"taxonomy":"product_brand","embeddable":true,"href":"https:\/\/tetraktis.si\/en\/wp-json\/wp\/v2\/product_brand?post=32467"},{"taxonomy":"product_cat","embeddable":true,"href":"https:\/\/tetraktis.si\/en\/wp-json\/wp\/v2\/product_cat?post=32467"},{"taxonomy":"product_tag","embeddable":true,"href":"https:\/\/tetraktis.si\/en\/wp-json\/wp\/v2\/product_tag?post=32467"}],"curies":[{"name":"wp","href":"https:\/\/api.w.org\/{rel}","templated":true}]}}