{"id":32466,"date":"2022-04-27T15:55:46","date_gmt":"2022-04-27T13:55:46","guid":{"rendered":"https:\/\/cortaflex.si\/izdelek\/cushins-pelets-equine-cushing-syndrome\/"},"modified":"2025-05-21T09:30:32","modified_gmt":"2025-05-21T07:30:32","slug":"cushins-pelets-equine-cushing-syndrome","status":"publish","type":"product","link":"https:\/\/tetraktis.si\/en\/izdelek\/cushins-pelets-equine-cushing-syndrome\/","title":{"rendered":"CUSHINS pelets (equine cushing syndrome)"},"content":{"rendered":"<div class=\"descTitle\">\n<h1>Equine Cushing syndrome or pituitary pars intermedia dysfunction (PPID)<\/h1>\n<p><strong>Equine Cushing syndrome <\/strong>involves the pituitary gland, which is a gland located at the base of the brain that produces hormones\u00a0<b>in<\/b> response brain signals. Equine America <strong>Cushins pellets <\/strong>p<span style=\"color: #333333; font-size: 14.4px;\">rovide nutritional support for the endocrine (hormone) system and pituitary gland in particular.<\/span><\/p>\n<p><strong>Cushins pellets also:<\/strong><\/p>\n<\/div>\n<div class=\"descInfo marginBottom\">\n<ul>\n<li>Providing nutritional support for insulin regulation<\/li>\n<li>Supporting hoof health with 20 mg <a href=\"https:\/\/www.tetraktis.si\/en\/product\/super-hoof-pellets\/\">biotin<\/a> plus methionine<\/li>\n<li>Providing natural, plant-based antioxidants plus <a href=\"https:\/\/www.tetraktis.si\/en\/product\/msm-methyl-sulphonyl-methane\/\">MSM<\/a><\/li>\n<li>Providing pre and probiotics to support a healthy gut microbiome<\/li>\n<li>Low sugar and starch formula<\/li>\n<\/ul>\n<\/div>\n<div class=\"descTitle\">\n<h2>About<\/h2>\n<\/div>\n<div class=\"descSub\">\n<div>\n<table border=\"0\" width=\"591\" cellspacing=\"0\" cellpadding=\"0\">\n<colgroup>\n<col \/>\n<col \/><\/colgroup>\n<tbody>\n<tr>\n<td height=\"25\"><strong>Key Ingredients per 30g Serving<\/strong><\/td>\n<td><\/td>\n<\/tr>\n<tr>\n<td height=\"22\">Agnus Castus 5g (Chastetree berries)<\/td>\n<td>Biotin 20mg<\/td>\n<\/tr>\n<tr>\n<td height=\"22\">Cinnamon\u00a0 3g<\/td>\n<td>Methionine 300mg<\/td>\n<\/tr>\n<tr>\n<td height=\"22\">Magnesium\u00a0 1g<\/td>\n<td>Folic Acid 100mg<\/td>\n<\/tr>\n<tr>\n<td height=\"25\">MSM\u00a0 1g<\/td>\n<td>Probiotic yeast\u00a0 8.3 x 10<sup>11<\/sup>cfu\/kg<\/td>\n<\/tr>\n<\/tbody>\n<\/table>\n<h2><strong><u>What provide Cushins<\/u><u>\u2122<\/u><u> Pellets for horses with cushing syndrome?<\/u><\/strong><\/h2>\n<\/div>\n<p>Cushins pellets are formulated to provide significant nutritional support for the pituitary gland, insulin regulation, gut health and hoof health for horses with cushing syndrome.<\/p>\n<p><strong><em>Agnus Castus<\/em><\/strong> (Chastetree berry) is thought to promote support for the endocrine (hormone) system, and <strong><em>magnesium<\/em><\/strong>\u00a0and\u00a0<strong><em>cinnamon<\/em><\/strong>\u00a0provide support for insulin regulation and control of blood sugar.<\/p>\n<p><strong><em>Vitamin E<\/em><\/strong>\u00a0and\u00a0<strong><em>Rosehips\u00a0<\/em><\/strong>provide significant antioxidant support to help with oxidative stress and immune support, and other key vitamins including\u00a0<strong><em>Folic Acid and Vitamin B6<\/em><\/strong>\u00a0help to promote general health.<\/p>\n<p>A full 20 mg of\u00a0<strong><em>biotin,<\/em><\/strong>\u00a0together with\u00a0<strong><em>MSM<\/em><\/strong>\u00a0plus key amino acid\u00a0<em>methionine<\/em> help to support hoof health.<\/p>\n<p><strong><em>Natural prebiotics<\/em><\/strong>\u00a0plus a\u00a0<strong><em>live probiotic<\/em><\/strong>\u00a0help to support gut health, and Ginseng helps to support an active outlook in older horses and ponies.<\/p>\n<p>Cushins<sup>TM<\/sup>\u00a0Pellets are suitable for all horses and ponies, and may be fed alone, or added to a small fibre feed.<\/p>\n<table border=\"0\" width=\"505\" cellspacing=\"0\" cellpadding=\"0\">\n<colgroup>\n<col \/>\n<col \/>\n<col \/><\/colgroup>\n<tbody>\n<tr>\n<td colspan=\"2\" height=\"26\"><strong>Nutrition Information<\/strong><\/td>\n<td><\/td>\n<\/tr>\n<tr>\n<td height=\"33\"><strong>Active Ingredient\u00a0<\/strong><\/td>\n<td><strong>Amount per 30g\u00a0<\/strong><\/td>\n<td><strong>Amount per kg<\/strong><\/td>\n<\/tr>\n<tr>\n<td height=\"21\">Agnus Castus (chastetree berries)<\/td>\n<td>5g<\/td>\n<td>167g<\/td>\n<\/tr>\n<tr>\n<td height=\"21\">Cinnamon<\/td>\n<td>3g<\/td>\n<td>100g<\/td>\n<\/tr>\n<tr>\n<td height=\"21\">Magnesium<\/td>\n<td>1g<\/td>\n<td>33g<\/td>\n<\/tr>\n<tr>\n<td height=\"21\">MSM<\/td>\n<td>1g<\/td>\n<td>33g<\/td>\n<\/tr>\n<tr>\n<td height=\"21\">Biotin<\/td>\n<td>20mg<\/td>\n<td>667mg<\/td>\n<\/tr>\n<tr>\n<td height=\"21\">Methionine<\/td>\n<td>300mg<\/td>\n<td>10,000mg<\/td>\n<\/tr>\n<tr>\n<td height=\"21\">Vitamin E<\/td>\n<td>200mg<\/td>\n<td>6667mg<\/td>\n<\/tr>\n<tr>\n<td height=\"21\">Vitamin B6<\/td>\n<td>30mg<\/td>\n<td>1000mg<\/td>\n<\/tr>\n<tr>\n<td height=\"21\">Folic Acid<\/td>\n<td>100mg<\/td>\n<td>3333mg<\/td>\n<\/tr>\n<tr>\n<td height=\"21\">Probiotic\u00a0 yeast<\/td>\n<td><\/td>\n<td>8.3 x 10<sup>11<\/sup>\u00a0cfu<\/td>\n<\/tr>\n<\/tbody>\n<\/table>\n<p><strong>Composition:<\/strong>\u00a0Chastetree berries, Soya hulls, unmolassed beet pulp, dried alfalfa, cinnamon bark powder, magnesium oxide, MSM, rosehips, ginseng, salt, melon juice and pulp.<\/p>\n<p><strong>Analytical Constituents<\/strong>:<\/p>\n<table border=\"0\" width=\"382\" cellspacing=\"0\" cellpadding=\"0\">\n<colgroup>\n<col \/>\n<col \/><\/colgroup>\n<tbody>\n<tr>\n<td height=\"21\">\u00a0Crude Protein 10.3%<\/td>\n<td>\u00a0Crude Fibre 17.8%<\/td>\n<\/tr>\n<tr>\n<td height=\"21\">\u00a0Crude Oil 2.5%<\/td>\n<td>\u00a0Crude Ash 13.9%<\/td>\n<\/tr>\n<tr>\n<td height=\"21\">\u00a0Sodium 0.2%<\/td>\n<td>Sugar 1.8%<\/td>\n<\/tr>\n<tr>\n<td height=\"21\">Starch 2.4%<\/td>\n<td><\/td>\n<\/tr>\n<\/tbody>\n<\/table>\n<p><strong>Directions for use:<\/strong><\/p>\n<p>For larger ponies and horses: for initial 14 days 30g per day. Thereafter 15g per day<\/p>\n<p>For smaller ponies: For initial 14 days 20g per day. Thereafter 10g per day<\/p>\n<p>May be fed alone, or mixed in a small fibre feed if usually offered.<\/p>\n<p>15g (approx) measure enclosed. Do not exceed recommended intake unless under professional advice.<\/p>\n<\/div>\n","protected":false},"excerpt":{"rendered":"<p>To Support Hormone Balance<\/p>\n<p>Cushins pellets are formulated to provide significant nutritional support for the pituitary gland, insulin regulation, gut health\u00a0 and hoof health.<\/p>\n","protected":false},"featured_media":24598,"comment_status":"open","ping_status":"closed","template":"","meta":[],"product_brand":[],"product_cat":[3326,3324,3315],"product_tag":[],"class_list":{"0":"post-32466","1":"product","2":"type-product","3":"status-publish","4":"has-post-thumbnail","6":"product_cat-products-onsale-horses","7":"product_cat-hoofcare","8":"product_cat-wellbeing","11":"first","12":"instock","13":"taxable","14":"shipping-taxable","15":"purchasable","16":"product-type-simple"},"yoast_head":"<!-- This site is optimized with the Yoast SEO Premium plugin v20.10 (Yoast SEO v27.3) - https:\/\/yoast.com\/product\/yoast-seo-premium-wordpress\/ -->\n<title>Equine Cushing syndrome - check Equine America&#039;s Cushins pellets!<\/title>\n<meta name=\"description\" content=\"Cushing syndrome? Cushins pellets provide nutritional support for the pituitary gland, insulin regulation, gut health\u00a0and hoof health.\" \/>\n<meta name=\"robots\" content=\"index, follow, max-snippet:-1, max-image-preview:large, max-video-preview:-1\" \/>\n<link rel=\"canonical\" href=\"https:\/\/tetraktis.si\/en\/izdelek\/cushins-pelets-equine-cushing-syndrome\/\" \/>\n<meta property=\"og:locale\" content=\"en_US\" \/>\n<meta property=\"og:type\" content=\"article\" \/>\n<meta property=\"og:title\" content=\"Equine Cushing syndrome - check Equine America&#039;s Cushins pellets!\" \/>\n<meta property=\"og:description\" content=\"Cushing syndrome? Cushins pellets provide nutritional support for the pituitary gland, insulin regulation, gut health\u00a0and hoof health.\" \/>\n<meta property=\"og:url\" content=\"https:\/\/tetraktis.si\/en\/izdelek\/cushins-pelets-equine-cushing-syndrome\/\" \/>\n<meta property=\"og:site_name\" content=\"Tetraktis- Equine America, Dorwest, Excel\" \/>\n<meta property=\"article:publisher\" content=\"https:\/\/business.facebook.com\/equineamericashop\/?business_id=193323571192825\" \/>\n<meta property=\"article:modified_time\" content=\"2025-05-21T07:30:32+00:00\" \/>\n<meta property=\"og:image\" content=\"https:\/\/tetraktis.si\/wp-content\/uploads\/2022\/04\/Cushins-peleti.jpg\" \/>\n\t<meta property=\"og:image:width\" content=\"924\" \/>\n\t<meta property=\"og:image:height\" content=\"924\" \/>\n\t<meta property=\"og:image:type\" content=\"image\/jpeg\" \/>\n<meta name=\"twitter:card\" content=\"summary_large_image\" \/>\n<meta name=\"twitter:site\" content=\"@TetraktisInfo\" \/>\n<meta name=\"twitter:label1\" content=\"Est. reading time\" \/>\n\t<meta name=\"twitter:data1\" content=\"2 minutes\" \/>\n<script type=\"application\/ld+json\" class=\"yoast-schema-graph\">{\"@context\":\"https:\\\/\\\/schema.org\",\"@graph\":[{\"@type\":\"WebPage\",\"@id\":\"https:\\\/\\\/tetraktis.si\\\/en\\\/izdelek\\\/cushins-pelets-equine-cushing-syndrome\\\/\",\"url\":\"https:\\\/\\\/tetraktis.si\\\/en\\\/izdelek\\\/cushins-pelets-equine-cushing-syndrome\\\/\",\"name\":\"Equine Cushing syndrome - check Equine America's Cushins pellets!\",\"isPartOf\":{\"@id\":\"https:\\\/\\\/tetraktis.si\\\/en\\\/#website\"},\"primaryImageOfPage\":{\"@id\":\"https:\\\/\\\/tetraktis.si\\\/en\\\/izdelek\\\/cushins-pelets-equine-cushing-syndrome\\\/#primaryimage\"},\"image\":{\"@id\":\"https:\\\/\\\/tetraktis.si\\\/en\\\/izdelek\\\/cushins-pelets-equine-cushing-syndrome\\\/#primaryimage\"},\"thumbnailUrl\":\"https:\\\/\\\/tetraktis.si\\\/wp-content\\\/uploads\\\/2022\\\/04\\\/Cushins-peleti.jpg\",\"datePublished\":\"2022-04-27T13:55:46+00:00\",\"dateModified\":\"2025-05-21T07:30:32+00:00\",\"description\":\"Cushing syndrome? Cushins pellets provide nutritional support for the pituitary gland, insulin regulation, gut health\u00a0and hoof health.\",\"breadcrumb\":{\"@id\":\"https:\\\/\\\/tetraktis.si\\\/en\\\/izdelek\\\/cushins-pelets-equine-cushing-syndrome\\\/#breadcrumb\"},\"inLanguage\":\"en-US\",\"potentialAction\":[{\"@type\":\"ReadAction\",\"target\":[\"https:\\\/\\\/tetraktis.si\\\/en\\\/izdelek\\\/cushins-pelets-equine-cushing-syndrome\\\/\"]}]},{\"@type\":\"ImageObject\",\"inLanguage\":\"en-US\",\"@id\":\"https:\\\/\\\/tetraktis.si\\\/en\\\/izdelek\\\/cushins-pelets-equine-cushing-syndrome\\\/#primaryimage\",\"url\":\"https:\\\/\\\/tetraktis.si\\\/wp-content\\\/uploads\\\/2022\\\/04\\\/Cushins-peleti.jpg\",\"contentUrl\":\"https:\\\/\\\/tetraktis.si\\\/wp-content\\\/uploads\\\/2022\\\/04\\\/Cushins-peleti.jpg\",\"width\":924,\"height\":924},{\"@type\":\"BreadcrumbList\",\"@id\":\"https:\\\/\\\/tetraktis.si\\\/en\\\/izdelek\\\/cushins-pelets-equine-cushing-syndrome\\\/#breadcrumb\",\"itemListElement\":[{\"@type\":\"ListItem\",\"position\":1,\"name\":\"Shop\",\"item\":\"https:\\\/\\\/tetraktis.si\\\/en\\\/shop-3\\\/\"},{\"@type\":\"ListItem\",\"position\":2,\"name\":\"CUSHINS pelets (equine cushing syndrome)\"}]},{\"@type\":\"WebSite\",\"@id\":\"https:\\\/\\\/tetraktis.si\\\/en\\\/#website\",\"url\":\"https:\\\/\\\/tetraktis.si\\\/en\\\/\",\"name\":\"Tetraktis- Equine America, Dorwest, Excel\",\"description\":\"Samo najbolj\u0161e za va\u0161e \u017eivali\",\"publisher\":{\"@id\":\"https:\\\/\\\/tetraktis.si\\\/en\\\/#organization\"},\"potentialAction\":[{\"@type\":\"SearchAction\",\"target\":{\"@type\":\"EntryPoint\",\"urlTemplate\":\"https:\\\/\\\/tetraktis.si\\\/en\\\/?s={search_term_string}\"},\"query-input\":{\"@type\":\"PropertyValueSpecification\",\"valueRequired\":true,\"valueName\":\"search_term_string\"}}],\"inLanguage\":\"en-US\"},{\"@type\":\"Organization\",\"@id\":\"https:\\\/\\\/tetraktis.si\\\/en\\\/#organization\",\"name\":\"Tetraktis\",\"url\":\"https:\\\/\\\/tetraktis.si\\\/en\\\/\",\"logo\":{\"@type\":\"ImageObject\",\"inLanguage\":\"en-US\",\"@id\":\"https:\\\/\\\/tetraktis.si\\\/en\\\/#\\\/schema\\\/logo\\\/image\\\/\",\"url\":\"https:\\\/\\\/tetraktis.si\\\/wp-content\\\/uploads\\\/2022\\\/06\\\/logo.webp\",\"contentUrl\":\"https:\\\/\\\/tetraktis.si\\\/wp-content\\\/uploads\\\/2022\\\/06\\\/logo.webp\",\"width\":400,\"height\":211,\"caption\":\"Tetraktis\"},\"image\":{\"@id\":\"https:\\\/\\\/tetraktis.si\\\/en\\\/#\\\/schema\\\/logo\\\/image\\\/\"},\"sameAs\":[\"https:\\\/\\\/business.facebook.com\\\/equineamericashop\\\/?business_id=193323571192825\",\"https:\\\/\\\/x.com\\\/TetraktisInfo\",\"https:\\\/\\\/www.instagram.com\\\/tetraktisslovenija\\\/\",\"https:\\\/\\\/www.youtube.com\\\/channel\\\/UCk_PdKMdtpZ4pf0RRFL1vYA\"]}]}<\/script>\n<!-- \/ Yoast SEO Premium plugin. -->","yoast_head_json":{"title":"Equine Cushing syndrome - check Equine America's Cushins pellets!","description":"Cushing syndrome? Cushins pellets provide nutritional support for the pituitary gland, insulin regulation, gut health\u00a0and hoof health.","robots":{"index":"index","follow":"follow","max-snippet":"max-snippet:-1","max-image-preview":"max-image-preview:large","max-video-preview":"max-video-preview:-1"},"canonical":"https:\/\/tetraktis.si\/en\/izdelek\/cushins-pelets-equine-cushing-syndrome\/","og_locale":"en_US","og_type":"article","og_title":"Equine Cushing syndrome - check Equine America's Cushins pellets!","og_description":"Cushing syndrome? Cushins pellets provide nutritional support for the pituitary gland, insulin regulation, gut health\u00a0and hoof health.","og_url":"https:\/\/tetraktis.si\/en\/izdelek\/cushins-pelets-equine-cushing-syndrome\/","og_site_name":"Tetraktis- Equine America, Dorwest, Excel","article_publisher":"https:\/\/business.facebook.com\/equineamericashop\/?business_id=193323571192825","article_modified_time":"2025-05-21T07:30:32+00:00","og_image":[{"width":924,"height":924,"url":"https:\/\/tetraktis.si\/wp-content\/uploads\/2022\/04\/Cushins-peleti.jpg","type":"image\/jpeg"}],"twitter_card":"summary_large_image","twitter_site":"@TetraktisInfo","twitter_misc":{"Est. reading time":"2 minutes"},"schema":{"@context":"https:\/\/schema.org","@graph":[{"@type":"WebPage","@id":"https:\/\/tetraktis.si\/en\/izdelek\/cushins-pelets-equine-cushing-syndrome\/","url":"https:\/\/tetraktis.si\/en\/izdelek\/cushins-pelets-equine-cushing-syndrome\/","name":"Equine Cushing syndrome - check Equine America's Cushins pellets!","isPartOf":{"@id":"https:\/\/tetraktis.si\/en\/#website"},"primaryImageOfPage":{"@id":"https:\/\/tetraktis.si\/en\/izdelek\/cushins-pelets-equine-cushing-syndrome\/#primaryimage"},"image":{"@id":"https:\/\/tetraktis.si\/en\/izdelek\/cushins-pelets-equine-cushing-syndrome\/#primaryimage"},"thumbnailUrl":"https:\/\/tetraktis.si\/wp-content\/uploads\/2022\/04\/Cushins-peleti.jpg","datePublished":"2022-04-27T13:55:46+00:00","dateModified":"2025-05-21T07:30:32+00:00","description":"Cushing syndrome? Cushins pellets provide nutritional support for the pituitary gland, insulin regulation, gut health\u00a0and hoof health.","breadcrumb":{"@id":"https:\/\/tetraktis.si\/en\/izdelek\/cushins-pelets-equine-cushing-syndrome\/#breadcrumb"},"inLanguage":"en-US","potentialAction":[{"@type":"ReadAction","target":["https:\/\/tetraktis.si\/en\/izdelek\/cushins-pelets-equine-cushing-syndrome\/"]}]},{"@type":"ImageObject","inLanguage":"en-US","@id":"https:\/\/tetraktis.si\/en\/izdelek\/cushins-pelets-equine-cushing-syndrome\/#primaryimage","url":"https:\/\/tetraktis.si\/wp-content\/uploads\/2022\/04\/Cushins-peleti.jpg","contentUrl":"https:\/\/tetraktis.si\/wp-content\/uploads\/2022\/04\/Cushins-peleti.jpg","width":924,"height":924},{"@type":"BreadcrumbList","@id":"https:\/\/tetraktis.si\/en\/izdelek\/cushins-pelets-equine-cushing-syndrome\/#breadcrumb","itemListElement":[{"@type":"ListItem","position":1,"name":"Shop","item":"https:\/\/tetraktis.si\/en\/shop-3\/"},{"@type":"ListItem","position":2,"name":"CUSHINS pelets (equine cushing syndrome)"}]},{"@type":"WebSite","@id":"https:\/\/tetraktis.si\/en\/#website","url":"https:\/\/tetraktis.si\/en\/","name":"Tetraktis- Equine America, Dorwest, Excel","description":"Samo najbolj\u0161e za va\u0161e \u017eivali","publisher":{"@id":"https:\/\/tetraktis.si\/en\/#organization"},"potentialAction":[{"@type":"SearchAction","target":{"@type":"EntryPoint","urlTemplate":"https:\/\/tetraktis.si\/en\/?s={search_term_string}"},"query-input":{"@type":"PropertyValueSpecification","valueRequired":true,"valueName":"search_term_string"}}],"inLanguage":"en-US"},{"@type":"Organization","@id":"https:\/\/tetraktis.si\/en\/#organization","name":"Tetraktis","url":"https:\/\/tetraktis.si\/en\/","logo":{"@type":"ImageObject","inLanguage":"en-US","@id":"https:\/\/tetraktis.si\/en\/#\/schema\/logo\/image\/","url":"https:\/\/tetraktis.si\/wp-content\/uploads\/2022\/06\/logo.webp","contentUrl":"https:\/\/tetraktis.si\/wp-content\/uploads\/2022\/06\/logo.webp","width":400,"height":211,"caption":"Tetraktis"},"image":{"@id":"https:\/\/tetraktis.si\/en\/#\/schema\/logo\/image\/"},"sameAs":["https:\/\/business.facebook.com\/equineamericashop\/?business_id=193323571192825","https:\/\/x.com\/TetraktisInfo","https:\/\/www.instagram.com\/tetraktisslovenija\/","https:\/\/www.youtube.com\/channel\/UCk_PdKMdtpZ4pf0RRFL1vYA"]}]}},"_links":{"self":[{"href":"https:\/\/tetraktis.si\/en\/wp-json\/wp\/v2\/product\/32466","targetHints":{"allow":["GET"]}}],"collection":[{"href":"https:\/\/tetraktis.si\/en\/wp-json\/wp\/v2\/product"}],"about":[{"href":"https:\/\/tetraktis.si\/en\/wp-json\/wp\/v2\/types\/product"}],"replies":[{"embeddable":true,"href":"https:\/\/tetraktis.si\/en\/wp-json\/wp\/v2\/comments?post=32466"}],"version-history":[{"count":1,"href":"https:\/\/tetraktis.si\/en\/wp-json\/wp\/v2\/product\/32466\/revisions"}],"predecessor-version":[{"id":37109,"href":"https:\/\/tetraktis.si\/en\/wp-json\/wp\/v2\/product\/32466\/revisions\/37109"}],"wp:featuredmedia":[{"embeddable":true,"href":"https:\/\/tetraktis.si\/en\/wp-json\/wp\/v2\/media\/24598"}],"wp:attachment":[{"href":"https:\/\/tetraktis.si\/en\/wp-json\/wp\/v2\/media?parent=32466"}],"wp:term":[{"taxonomy":"product_brand","embeddable":true,"href":"https:\/\/tetraktis.si\/en\/wp-json\/wp\/v2\/product_brand?post=32466"},{"taxonomy":"product_cat","embeddable":true,"href":"https:\/\/tetraktis.si\/en\/wp-json\/wp\/v2\/product_cat?post=32466"},{"taxonomy":"product_tag","embeddable":true,"href":"https:\/\/tetraktis.si\/en\/wp-json\/wp\/v2\/product_tag?post=32466"}],"curies":[{"name":"wp","href":"https:\/\/api.w.org\/{rel}","templated":true}]}}