{"id":32464,"date":"2022-04-27T15:54:35","date_gmt":"2022-04-27T13:54:35","guid":{"rendered":"https:\/\/cortaflex.si\/izdelek\/vitamin-e-selenium-1kg\/"},"modified":"2023-03-28T09:01:42","modified_gmt":"2023-03-28T07:01:42","slug":"vitamin-e-selenium-1kg","status":"publish","type":"product","link":"https:\/\/tetraktis.si\/en\/izdelek\/vitamin-e-selenium-1kg\/","title":{"rendered":"VITAMIN E &amp; SELENIUM 1kg"},"content":{"rendered":"<h1>Important For Muscle Health In Performance Horses<\/h1>\n<p>Vitamin E is a fat-soluble vitamin and plays a vital role in many important functions in the body including the immune system, reproduction, and the correct functioning of nerves and muscles. One of its major roles is as an antioxidant.<\/p>\n<p>Selenium is an important trace element. It plays a vital role in the correct functioning of the immune system and is a key component of a number of selenoproteins. However, its best-known role is as an antioxidant, working in combination with vitamin E, in both independent and overlapping roles.<\/p>\n<p>The antioxidant role of these two key micronutrients is especially important in hard-working and competition horses and ponies. Oxidation is the process by which fats, carbohydrates, and proteins are metabolized to produce energy. However, when this process is accelerated, as energy requirements increase during work, the oxidation process doesn\u2019t differentiate between dietary fats and carbohydrates, and the body\u2019s important structural and functional fats, carbohydrates and proteins, such as cell walls and enzymes, and can begin to break these down also. During the oxidation process, free radicals and other unstable compounds are produced, which further damage cell structures, especially important functional and structural proteins and lipids (fats) in muscle cells.<\/p>\n<p>The role of antioxidants is to either stop the formation of the damaging free radicals or to deal with them once formed, converting them to harmless substances in the body.<\/p>\n<p>Vitamin E and Selenium play vital and complementary roles in the antioxidant processes throughout the body, helping to protect muscle and other body cells from oxidative damage.<\/p>\n<p>It must be remembered that excessive selenium intake can rapidly become toxic, and the addition of a selenium and vitamin E supplement should be carefully considered, in conjunction with other selenium sources in the diet.<\/p>\n<p><strong>Key nutrients per 15g serving:<\/strong><\/p>\n<p><strong>Vitamin E \u00a0\u00a0\u00a0\u00a0\u00a0\u00a0\u00a0 1000mg<\/strong><\/p>\n<p><strong>Selenium\u00a0\u00a0\u00a0\u00a0\u00a0\u00a0\u00a0\u00a0 0.45mg<\/strong><\/p>\n<p>&nbsp;<\/p>\n<h2>Vitamin E &amp; Selenium 1kg<\/h2>\n<p><strong>Instructions for use<\/strong>: For a 500kg horse, per day: 14g ; Maximum per day: 14g ; measure enclosed. Feed according to weight.<br \/>\nMaintenance Feeding Rate (average size animal) 14gms<br \/>\n<strong>How long will it last (days)?<\/strong> 64 days for an average 500kg horse<\/p>\n<p><strong>Composition<\/strong>: Alfalfa, Sodium, Vitamin E; Ingredients: Dehydrated Alfalfa Meal with Dextrose, Vitamin E, Sodium Selenite, Mineral Oil, Ammonium Propionate, Natural and Synthesized flavoring.<\/p>\n<p>&nbsp;<\/p>\n<p>Other useful products:<\/p>\n<p><a href=\"https:\/\/www.tetraktis.si\/en\/product\/tye-gard\/\"><strong>Tye-Gard\u00a0<\/strong><\/a>\u2013 a liquid\u00a0<a href=\"https:\/\/www.equine-america.co.uk\/vitamin-e-selenium\/view\/158\"><strong>vitamin E and Selenium<\/strong><\/a>\u00a0supplement for the support of muscle function.<\/p>\n<p><a href=\"https:\/\/www.equine-america.co.uk\/vitamin-c\/view\/105\"><strong>Vitamin C<\/strong><\/a>\u00a0\u2013 A powerful antioxidant providing stable and available Vitamin C.<\/p>\n","protected":false},"excerpt":{"rendered":"<p>ANTIOXIDANT SUPPORT FOR HEALTHY MUSCLE FUNCTION<\/p>\n<p>Available 1 kg.<\/p>\n","protected":false},"featured_media":24533,"comment_status":"open","ping_status":"closed","template":"","meta":[],"product_brand":[],"product_cat":[3313,3326,3316],"product_tag":[3507],"class_list":{"0":"post-32464","1":"product","2":"type-product","3":"status-publish","4":"has-post-thumbnail","6":"product_cat-competition","7":"product_cat-products-onsale-horses","8":"product_cat-vitamins-minerals","9":"product_tag-for-horses","12":"first","13":"instock","14":"taxable","15":"shipping-taxable","16":"purchasable","17":"product-type-simple"},"yoast_head":"<!-- This site is optimized with the Yoast SEO Premium plugin v20.10 (Yoast SEO v27.3) - https:\/\/yoast.com\/product\/yoast-seo-premium-wordpress\/ -->\n<title>VITAMIN E &amp; SELENIUM 1kg - Tetraktis- Equine America, Dorwest, Excel<\/title>\n<meta name=\"robots\" content=\"index, follow, max-snippet:-1, max-image-preview:large, max-video-preview:-1\" \/>\n<link rel=\"canonical\" href=\"https:\/\/tetraktis.si\/en\/izdelek\/vitamin-e-selenium-1kg\/\" \/>\n<meta property=\"og:locale\" content=\"en_US\" \/>\n<meta property=\"og:type\" content=\"article\" \/>\n<meta property=\"og:title\" content=\"VITAMIN E &amp; SELENIUM 1kg - Tetraktis- Equine America, Dorwest, Excel\" \/>\n<meta property=\"og:description\" content=\"ANTIOXIDANT SUPPORT FOR HEALTHY MUSCLE FUNCTION Available 1 kg.\" \/>\n<meta property=\"og:url\" content=\"https:\/\/tetraktis.si\/en\/izdelek\/vitamin-e-selenium-1kg\/\" \/>\n<meta property=\"og:site_name\" content=\"Tetraktis- Equine America, Dorwest, Excel\" \/>\n<meta property=\"article:publisher\" content=\"https:\/\/business.facebook.com\/equineamericashop\/?business_id=193323571192825\" \/>\n<meta property=\"article:modified_time\" content=\"2023-03-28T07:01:42+00:00\" \/>\n<meta property=\"og:image\" content=\"https:\/\/tetraktis.si\/wp-content\/uploads\/2022\/04\/Vitamin-E.jpg\" \/>\n\t<meta property=\"og:image:width\" content=\"924\" \/>\n\t<meta property=\"og:image:height\" content=\"924\" \/>\n\t<meta property=\"og:image:type\" content=\"image\/jpeg\" \/>\n<meta name=\"twitter:card\" content=\"summary_large_image\" \/>\n<meta name=\"twitter:site\" content=\"@TetraktisInfo\" \/>\n<meta name=\"twitter:label1\" content=\"Est. reading time\" \/>\n\t<meta name=\"twitter:data1\" content=\"2 minutes\" \/>\n<script type=\"application\/ld+json\" class=\"yoast-schema-graph\">{\"@context\":\"https:\\\/\\\/schema.org\",\"@graph\":[{\"@type\":\"WebPage\",\"@id\":\"https:\\\/\\\/tetraktis.si\\\/en\\\/izdelek\\\/vitamin-e-selenium-1kg\\\/\",\"url\":\"https:\\\/\\\/tetraktis.si\\\/en\\\/izdelek\\\/vitamin-e-selenium-1kg\\\/\",\"name\":\"VITAMIN E &amp; SELENIUM 1kg - Tetraktis- Equine America, Dorwest, Excel\",\"isPartOf\":{\"@id\":\"https:\\\/\\\/tetraktis.si\\\/en\\\/#website\"},\"primaryImageOfPage\":{\"@id\":\"https:\\\/\\\/tetraktis.si\\\/en\\\/izdelek\\\/vitamin-e-selenium-1kg\\\/#primaryimage\"},\"image\":{\"@id\":\"https:\\\/\\\/tetraktis.si\\\/en\\\/izdelek\\\/vitamin-e-selenium-1kg\\\/#primaryimage\"},\"thumbnailUrl\":\"https:\\\/\\\/tetraktis.si\\\/wp-content\\\/uploads\\\/2022\\\/04\\\/Vitamin-E.jpg\",\"datePublished\":\"2022-04-27T13:54:35+00:00\",\"dateModified\":\"2023-03-28T07:01:42+00:00\",\"breadcrumb\":{\"@id\":\"https:\\\/\\\/tetraktis.si\\\/en\\\/izdelek\\\/vitamin-e-selenium-1kg\\\/#breadcrumb\"},\"inLanguage\":\"en-US\",\"potentialAction\":[{\"@type\":\"ReadAction\",\"target\":[\"https:\\\/\\\/tetraktis.si\\\/en\\\/izdelek\\\/vitamin-e-selenium-1kg\\\/\"]}]},{\"@type\":\"ImageObject\",\"inLanguage\":\"en-US\",\"@id\":\"https:\\\/\\\/tetraktis.si\\\/en\\\/izdelek\\\/vitamin-e-selenium-1kg\\\/#primaryimage\",\"url\":\"https:\\\/\\\/tetraktis.si\\\/wp-content\\\/uploads\\\/2022\\\/04\\\/Vitamin-E.jpg\",\"contentUrl\":\"https:\\\/\\\/tetraktis.si\\\/wp-content\\\/uploads\\\/2022\\\/04\\\/Vitamin-E.jpg\",\"width\":924,\"height\":924,\"caption\":\"vitamin e in selen za konje\"},{\"@type\":\"BreadcrumbList\",\"@id\":\"https:\\\/\\\/tetraktis.si\\\/en\\\/izdelek\\\/vitamin-e-selenium-1kg\\\/#breadcrumb\",\"itemListElement\":[{\"@type\":\"ListItem\",\"position\":1,\"name\":\"Shop\",\"item\":\"https:\\\/\\\/tetraktis.si\\\/en\\\/shop-3\\\/\"},{\"@type\":\"ListItem\",\"position\":2,\"name\":\"VITAMIN E &amp; SELENIUM 1kg\"}]},{\"@type\":\"WebSite\",\"@id\":\"https:\\\/\\\/tetraktis.si\\\/en\\\/#website\",\"url\":\"https:\\\/\\\/tetraktis.si\\\/en\\\/\",\"name\":\"Tetraktis- Equine America, Dorwest, Excel\",\"description\":\"Samo najbolj\u0161e za va\u0161e \u017eivali\",\"publisher\":{\"@id\":\"https:\\\/\\\/tetraktis.si\\\/en\\\/#organization\"},\"potentialAction\":[{\"@type\":\"SearchAction\",\"target\":{\"@type\":\"EntryPoint\",\"urlTemplate\":\"https:\\\/\\\/tetraktis.si\\\/en\\\/?s={search_term_string}\"},\"query-input\":{\"@type\":\"PropertyValueSpecification\",\"valueRequired\":true,\"valueName\":\"search_term_string\"}}],\"inLanguage\":\"en-US\"},{\"@type\":\"Organization\",\"@id\":\"https:\\\/\\\/tetraktis.si\\\/en\\\/#organization\",\"name\":\"Tetraktis\",\"url\":\"https:\\\/\\\/tetraktis.si\\\/en\\\/\",\"logo\":{\"@type\":\"ImageObject\",\"inLanguage\":\"en-US\",\"@id\":\"https:\\\/\\\/tetraktis.si\\\/en\\\/#\\\/schema\\\/logo\\\/image\\\/\",\"url\":\"https:\\\/\\\/tetraktis.si\\\/wp-content\\\/uploads\\\/2022\\\/06\\\/logo.webp\",\"contentUrl\":\"https:\\\/\\\/tetraktis.si\\\/wp-content\\\/uploads\\\/2022\\\/06\\\/logo.webp\",\"width\":400,\"height\":211,\"caption\":\"Tetraktis\"},\"image\":{\"@id\":\"https:\\\/\\\/tetraktis.si\\\/en\\\/#\\\/schema\\\/logo\\\/image\\\/\"},\"sameAs\":[\"https:\\\/\\\/business.facebook.com\\\/equineamericashop\\\/?business_id=193323571192825\",\"https:\\\/\\\/x.com\\\/TetraktisInfo\",\"https:\\\/\\\/www.instagram.com\\\/tetraktisslovenija\\\/\",\"https:\\\/\\\/www.youtube.com\\\/channel\\\/UCk_PdKMdtpZ4pf0RRFL1vYA\"]}]}<\/script>\n<!-- \/ Yoast SEO Premium plugin. -->","yoast_head_json":{"title":"VITAMIN E &amp; SELENIUM 1kg - Tetraktis- Equine America, Dorwest, Excel","robots":{"index":"index","follow":"follow","max-snippet":"max-snippet:-1","max-image-preview":"max-image-preview:large","max-video-preview":"max-video-preview:-1"},"canonical":"https:\/\/tetraktis.si\/en\/izdelek\/vitamin-e-selenium-1kg\/","og_locale":"en_US","og_type":"article","og_title":"VITAMIN E &amp; SELENIUM 1kg - Tetraktis- Equine America, Dorwest, Excel","og_description":"ANTIOXIDANT SUPPORT FOR HEALTHY MUSCLE FUNCTION Available 1 kg.","og_url":"https:\/\/tetraktis.si\/en\/izdelek\/vitamin-e-selenium-1kg\/","og_site_name":"Tetraktis- Equine America, Dorwest, Excel","article_publisher":"https:\/\/business.facebook.com\/equineamericashop\/?business_id=193323571192825","article_modified_time":"2023-03-28T07:01:42+00:00","og_image":[{"width":924,"height":924,"url":"https:\/\/tetraktis.si\/wp-content\/uploads\/2022\/04\/Vitamin-E.jpg","type":"image\/jpeg"}],"twitter_card":"summary_large_image","twitter_site":"@TetraktisInfo","twitter_misc":{"Est. reading time":"2 minutes"},"schema":{"@context":"https:\/\/schema.org","@graph":[{"@type":"WebPage","@id":"https:\/\/tetraktis.si\/en\/izdelek\/vitamin-e-selenium-1kg\/","url":"https:\/\/tetraktis.si\/en\/izdelek\/vitamin-e-selenium-1kg\/","name":"VITAMIN E &amp; SELENIUM 1kg - Tetraktis- Equine America, Dorwest, Excel","isPartOf":{"@id":"https:\/\/tetraktis.si\/en\/#website"},"primaryImageOfPage":{"@id":"https:\/\/tetraktis.si\/en\/izdelek\/vitamin-e-selenium-1kg\/#primaryimage"},"image":{"@id":"https:\/\/tetraktis.si\/en\/izdelek\/vitamin-e-selenium-1kg\/#primaryimage"},"thumbnailUrl":"https:\/\/tetraktis.si\/wp-content\/uploads\/2022\/04\/Vitamin-E.jpg","datePublished":"2022-04-27T13:54:35+00:00","dateModified":"2023-03-28T07:01:42+00:00","breadcrumb":{"@id":"https:\/\/tetraktis.si\/en\/izdelek\/vitamin-e-selenium-1kg\/#breadcrumb"},"inLanguage":"en-US","potentialAction":[{"@type":"ReadAction","target":["https:\/\/tetraktis.si\/en\/izdelek\/vitamin-e-selenium-1kg\/"]}]},{"@type":"ImageObject","inLanguage":"en-US","@id":"https:\/\/tetraktis.si\/en\/izdelek\/vitamin-e-selenium-1kg\/#primaryimage","url":"https:\/\/tetraktis.si\/wp-content\/uploads\/2022\/04\/Vitamin-E.jpg","contentUrl":"https:\/\/tetraktis.si\/wp-content\/uploads\/2022\/04\/Vitamin-E.jpg","width":924,"height":924,"caption":"vitamin e in selen za konje"},{"@type":"BreadcrumbList","@id":"https:\/\/tetraktis.si\/en\/izdelek\/vitamin-e-selenium-1kg\/#breadcrumb","itemListElement":[{"@type":"ListItem","position":1,"name":"Shop","item":"https:\/\/tetraktis.si\/en\/shop-3\/"},{"@type":"ListItem","position":2,"name":"VITAMIN E &amp; SELENIUM 1kg"}]},{"@type":"WebSite","@id":"https:\/\/tetraktis.si\/en\/#website","url":"https:\/\/tetraktis.si\/en\/","name":"Tetraktis- Equine America, Dorwest, Excel","description":"Samo najbolj\u0161e za va\u0161e \u017eivali","publisher":{"@id":"https:\/\/tetraktis.si\/en\/#organization"},"potentialAction":[{"@type":"SearchAction","target":{"@type":"EntryPoint","urlTemplate":"https:\/\/tetraktis.si\/en\/?s={search_term_string}"},"query-input":{"@type":"PropertyValueSpecification","valueRequired":true,"valueName":"search_term_string"}}],"inLanguage":"en-US"},{"@type":"Organization","@id":"https:\/\/tetraktis.si\/en\/#organization","name":"Tetraktis","url":"https:\/\/tetraktis.si\/en\/","logo":{"@type":"ImageObject","inLanguage":"en-US","@id":"https:\/\/tetraktis.si\/en\/#\/schema\/logo\/image\/","url":"https:\/\/tetraktis.si\/wp-content\/uploads\/2022\/06\/logo.webp","contentUrl":"https:\/\/tetraktis.si\/wp-content\/uploads\/2022\/06\/logo.webp","width":400,"height":211,"caption":"Tetraktis"},"image":{"@id":"https:\/\/tetraktis.si\/en\/#\/schema\/logo\/image\/"},"sameAs":["https:\/\/business.facebook.com\/equineamericashop\/?business_id=193323571192825","https:\/\/x.com\/TetraktisInfo","https:\/\/www.instagram.com\/tetraktisslovenija\/","https:\/\/www.youtube.com\/channel\/UCk_PdKMdtpZ4pf0RRFL1vYA"]}]}},"_links":{"self":[{"href":"https:\/\/tetraktis.si\/en\/wp-json\/wp\/v2\/product\/32464","targetHints":{"allow":["GET"]}}],"collection":[{"href":"https:\/\/tetraktis.si\/en\/wp-json\/wp\/v2\/product"}],"about":[{"href":"https:\/\/tetraktis.si\/en\/wp-json\/wp\/v2\/types\/product"}],"replies":[{"embeddable":true,"href":"https:\/\/tetraktis.si\/en\/wp-json\/wp\/v2\/comments?post=32464"}],"version-history":[{"count":1,"href":"https:\/\/tetraktis.si\/en\/wp-json\/wp\/v2\/product\/32464\/revisions"}],"predecessor-version":[{"id":37107,"href":"https:\/\/tetraktis.si\/en\/wp-json\/wp\/v2\/product\/32464\/revisions\/37107"}],"wp:featuredmedia":[{"embeddable":true,"href":"https:\/\/tetraktis.si\/en\/wp-json\/wp\/v2\/media\/24533"}],"wp:attachment":[{"href":"https:\/\/tetraktis.si\/en\/wp-json\/wp\/v2\/media?parent=32464"}],"wp:term":[{"taxonomy":"product_brand","embeddable":true,"href":"https:\/\/tetraktis.si\/en\/wp-json\/wp\/v2\/product_brand?post=32464"},{"taxonomy":"product_cat","embeddable":true,"href":"https:\/\/tetraktis.si\/en\/wp-json\/wp\/v2\/product_cat?post=32464"},{"taxonomy":"product_tag","embeddable":true,"href":"https:\/\/tetraktis.si\/en\/wp-json\/wp\/v2\/product_tag?post=32464"}],"curies":[{"name":"wp","href":"https:\/\/api.w.org\/{rel}","templated":true}]}}