{"id":32441,"date":"2022-04-27T15:53:38","date_gmt":"2022-04-27T13:53:38","guid":{"rendered":"https:\/\/cortaflex.si\/izdelek\/super-so-kalm-plus-paste\/"},"modified":"2023-03-28T09:01:53","modified_gmt":"2023-03-28T07:01:53","slug":"super-so-kalm-plus-paste","status":"publish","type":"product","link":"https:\/\/tetraktis.si\/en\/izdelek\/super-so-kalm-plus-paste\/","title":{"rendered":"Super So Kalm\u00ae plus paste"},"content":{"rendered":"<h1><b>Equine America Super so kalm paste to support concentration and focus.<\/b><\/h1>\n<div><b>Equine America Super so kalm paste<\/b> is a concentrated form for more rapid support. Administer a minimum of 10ml 2 hours prior to event before the adrenalin is pumping, (better to use a little more than not enough).<\/div>\n<p><strong>Horses<\/strong> can experience nervousness and tension before exercise or <strong>competition<\/strong> causing them to mis behave or &#8216;washout&#8217;.<\/p>\n<p><b>Equine America Super so kalm paste<\/b> contains a premium grade <strong>Magnesium with L-Tryptophan<\/strong>, an essential amino acid associated with the production of <strong>serotonin<\/strong>, to <strong>calm<\/strong> and <strong>focus<\/strong> the <strong>horse<\/strong>.<\/p>\n<p>Available in <a href=\"https:\/\/www.tetraktis.si\/en\/product\/super-so-kalm-2\/\">1kg powder<\/a> for daily use (a one month supply at maintenance) or in an easy to administer 30ml paste (3 x 10ml servings)<\/p>\n<p>Fed daily this can aid <strong>concentration<\/strong> and willingness to work, without removing the edge required for competition. Young <strong>horses<\/strong> also have a tendency to be highly strung and distracted, leading to training problems in the future.<\/p>\n<p><strong>Additives:\u00a0<\/strong>Technological Additives: Preservatives: Ammonium Propionate &#8211; E 280-1000mg\/kg. Thickener: Xanthan Gum &#8211; E415-23,000mg\/kg.\u00a0Nutritional Additives:<br \/>\nVitamins &amp; pro-vitamins: Thiamine Hydrochloride &#8211; 7000mg\/kg. Amino Acids: L-Tryptophan.<br \/>\nComposition:\u00a0Water, Bromelain Extract &#8211; 10,000mg\/kg, D-Glucose, Calcium Lactate, Magnesium Sulphate.<\/p>\n<p><strong>Analytical Constituents:\u00a0<\/strong>Crude Protein 7.00%, Crude Fibre 0.10%,\u00a0Crude Oils &amp; Fats 0.30%,\u00a0Crude Ash 11.80%,\u00a0Magnesium 1.50%,\u00a0Calcium 0.40%.<\/p>\n<p>FOR ANIMAL USE ONLY. KEEP\u00a0OUT OF REACH OF CHILDREN.\u00a0STORE IN A COOL DRY PLACE.\u00a0CLOSE CONTAINER AFTER EACH\u00a0USE. DO NOT USE IF SEAL IS\u00a0MISSING OR DAMAGED.<\/p>\n<p><a href=\"https:\/\/www.tetraktis.si\/wp-content\/uploads\/2019\/10\/SUPER-SO-KALM-PASTE.pdf\">LABEL<\/a><\/p>\n<p><a href=\"https:\/\/www.tetraktis.si\/wp-content\/uploads\/2019\/10\/SUPER-SO-KALM-PASTE2.pdf\">LABEL<\/a><\/p>\n","protected":false},"excerpt":{"rendered":"<h2><strong>Reduce Stress, Promote Calming and improve Concentration.<\/strong><\/h2>\n<p><strong>Super So-Kalm Paste<\/strong> contains a premium grade<strong> Magnesium<\/strong> with<strong> L-Tryptophan<\/strong>, an essential amino acid associated with the production of serotonin, to calm and focus the horse.<\/p>\n<p><strong>Super So-Kalm Paste<\/strong> is a concentrated form for more rapid support. Administer a minimum of 10ml 2 hours prior to event before the adrenalin is pumping,<\/p>\n<p>&nbsp;<\/p>\n<p>&nbsp;<\/p>\n","protected":false},"featured_media":24503,"comment_status":"open","ping_status":"closed","template":"","meta":[],"product_brand":[],"product_cat":[3338,3313,3326],"product_tag":[],"class_list":{"0":"post-32441","1":"product","2":"type-product","3":"status-publish","4":"has-post-thumbnail","6":"product_cat-behavioural","7":"product_cat-competition","8":"product_cat-products-onsale-horses","11":"first","12":"instock","13":"taxable","14":"shipping-taxable","15":"purchasable","16":"product-type-simple"},"yoast_head":"<!-- This site is optimized with the Yoast SEO Premium plugin v20.10 (Yoast SEO v27.3) - https:\/\/yoast.com\/product\/yoast-seo-premium-wordpress\/ -->\n<title>Equine America Super So Kalm Plus Paste supports concetration in horses<\/title>\n<meta name=\"description\" content=\"Equine America\u00a0 Super So Kalm contains a premium grade Magnesium with L-Tryptophan, to calm and focus the horse. Fed daily this can aid concentration.\" \/>\n<meta name=\"robots\" content=\"index, follow, max-snippet:-1, max-image-preview:large, max-video-preview:-1\" \/>\n<link rel=\"canonical\" href=\"https:\/\/tetraktis.si\/en\/izdelek\/super-so-kalm-plus-paste\/\" \/>\n<meta property=\"og:locale\" content=\"en_US\" \/>\n<meta property=\"og:type\" content=\"article\" \/>\n<meta property=\"og:title\" content=\"Equine America Super So Kalm Plus Paste supports concetration in horses\" \/>\n<meta property=\"og:description\" content=\"Equine America\u00a0 Super So Kalm contains a premium grade Magnesium with L-Tryptophan, to calm and focus the horse. Fed daily this can aid concentration.\" \/>\n<meta property=\"og:url\" content=\"https:\/\/tetraktis.si\/en\/izdelek\/super-so-kalm-plus-paste\/\" \/>\n<meta property=\"og:site_name\" content=\"Tetraktis- Equine America, Dorwest, Excel\" \/>\n<meta property=\"article:publisher\" content=\"https:\/\/business.facebook.com\/equineamericashop\/?business_id=193323571192825\" \/>\n<meta property=\"article:modified_time\" content=\"2023-03-28T07:01:53+00:00\" \/>\n<meta property=\"og:image\" content=\"https:\/\/tetraktis.si\/wp-content\/uploads\/2022\/04\/tetraktis-online-ducan-super-so-calm-pasta-za-konje.jpg\" \/>\n\t<meta property=\"og:image:width\" content=\"500\" \/>\n\t<meta property=\"og:image:height\" content=\"500\" \/>\n\t<meta property=\"og:image:type\" content=\"image\/jpeg\" \/>\n<meta name=\"twitter:card\" content=\"summary_large_image\" \/>\n<meta name=\"twitter:site\" content=\"@TetraktisInfo\" \/>\n<meta name=\"twitter:label1\" content=\"Est. reading time\" \/>\n\t<meta name=\"twitter:data1\" content=\"1 minute\" \/>\n<script type=\"application\/ld+json\" class=\"yoast-schema-graph\">{\"@context\":\"https:\\\/\\\/schema.org\",\"@graph\":[{\"@type\":\"WebPage\",\"@id\":\"https:\\\/\\\/tetraktis.si\\\/en\\\/izdelek\\\/super-so-kalm-plus-paste\\\/\",\"url\":\"https:\\\/\\\/tetraktis.si\\\/en\\\/izdelek\\\/super-so-kalm-plus-paste\\\/\",\"name\":\"Equine America Super So Kalm Plus Paste supports concetration in horses\",\"isPartOf\":{\"@id\":\"https:\\\/\\\/tetraktis.si\\\/en\\\/#website\"},\"primaryImageOfPage\":{\"@id\":\"https:\\\/\\\/tetraktis.si\\\/en\\\/izdelek\\\/super-so-kalm-plus-paste\\\/#primaryimage\"},\"image\":{\"@id\":\"https:\\\/\\\/tetraktis.si\\\/en\\\/izdelek\\\/super-so-kalm-plus-paste\\\/#primaryimage\"},\"thumbnailUrl\":\"https:\\\/\\\/tetraktis.si\\\/wp-content\\\/uploads\\\/2022\\\/04\\\/tetraktis-online-ducan-super-so-calm-pasta-za-konje.jpg\",\"datePublished\":\"2022-04-27T13:53:38+00:00\",\"dateModified\":\"2023-03-28T07:01:53+00:00\",\"description\":\"Equine America\u00a0 Super So Kalm contains a premium grade Magnesium with L-Tryptophan, to calm and focus the horse. Fed daily this can aid concentration.\",\"breadcrumb\":{\"@id\":\"https:\\\/\\\/tetraktis.si\\\/en\\\/izdelek\\\/super-so-kalm-plus-paste\\\/#breadcrumb\"},\"inLanguage\":\"en-US\",\"potentialAction\":[{\"@type\":\"ReadAction\",\"target\":[\"https:\\\/\\\/tetraktis.si\\\/en\\\/izdelek\\\/super-so-kalm-plus-paste\\\/\"]}]},{\"@type\":\"ImageObject\",\"inLanguage\":\"en-US\",\"@id\":\"https:\\\/\\\/tetraktis.si\\\/en\\\/izdelek\\\/super-so-kalm-plus-paste\\\/#primaryimage\",\"url\":\"https:\\\/\\\/tetraktis.si\\\/wp-content\\\/uploads\\\/2022\\\/04\\\/tetraktis-online-ducan-super-so-calm-pasta-za-konje.jpg\",\"contentUrl\":\"https:\\\/\\\/tetraktis.si\\\/wp-content\\\/uploads\\\/2022\\\/04\\\/tetraktis-online-ducan-super-so-calm-pasta-za-konje.jpg\",\"width\":500,\"height\":500,\"caption\":\"paste za konje\"},{\"@type\":\"BreadcrumbList\",\"@id\":\"https:\\\/\\\/tetraktis.si\\\/en\\\/izdelek\\\/super-so-kalm-plus-paste\\\/#breadcrumb\",\"itemListElement\":[{\"@type\":\"ListItem\",\"position\":1,\"name\":\"Shop\",\"item\":\"https:\\\/\\\/tetraktis.si\\\/en\\\/shop-3\\\/\"},{\"@type\":\"ListItem\",\"position\":2,\"name\":\"Super So Kalm\u00ae plus paste\"}]},{\"@type\":\"WebSite\",\"@id\":\"https:\\\/\\\/tetraktis.si\\\/en\\\/#website\",\"url\":\"https:\\\/\\\/tetraktis.si\\\/en\\\/\",\"name\":\"Tetraktis- Equine America, Dorwest, Excel\",\"description\":\"Samo najbolj\u0161e za va\u0161e \u017eivali\",\"publisher\":{\"@id\":\"https:\\\/\\\/tetraktis.si\\\/en\\\/#organization\"},\"potentialAction\":[{\"@type\":\"SearchAction\",\"target\":{\"@type\":\"EntryPoint\",\"urlTemplate\":\"https:\\\/\\\/tetraktis.si\\\/en\\\/?s={search_term_string}\"},\"query-input\":{\"@type\":\"PropertyValueSpecification\",\"valueRequired\":true,\"valueName\":\"search_term_string\"}}],\"inLanguage\":\"en-US\"},{\"@type\":\"Organization\",\"@id\":\"https:\\\/\\\/tetraktis.si\\\/en\\\/#organization\",\"name\":\"Tetraktis\",\"url\":\"https:\\\/\\\/tetraktis.si\\\/en\\\/\",\"logo\":{\"@type\":\"ImageObject\",\"inLanguage\":\"en-US\",\"@id\":\"https:\\\/\\\/tetraktis.si\\\/en\\\/#\\\/schema\\\/logo\\\/image\\\/\",\"url\":\"https:\\\/\\\/tetraktis.si\\\/wp-content\\\/uploads\\\/2022\\\/06\\\/logo.webp\",\"contentUrl\":\"https:\\\/\\\/tetraktis.si\\\/wp-content\\\/uploads\\\/2022\\\/06\\\/logo.webp\",\"width\":400,\"height\":211,\"caption\":\"Tetraktis\"},\"image\":{\"@id\":\"https:\\\/\\\/tetraktis.si\\\/en\\\/#\\\/schema\\\/logo\\\/image\\\/\"},\"sameAs\":[\"https:\\\/\\\/business.facebook.com\\\/equineamericashop\\\/?business_id=193323571192825\",\"https:\\\/\\\/x.com\\\/TetraktisInfo\",\"https:\\\/\\\/www.instagram.com\\\/tetraktisslovenija\\\/\",\"https:\\\/\\\/www.youtube.com\\\/channel\\\/UCk_PdKMdtpZ4pf0RRFL1vYA\"]}]}<\/script>\n<!-- \/ Yoast SEO Premium plugin. -->","yoast_head_json":{"title":"Equine America Super So Kalm Plus Paste supports concetration in horses","description":"Equine America\u00a0 Super So Kalm contains a premium grade Magnesium with L-Tryptophan, to calm and focus the horse. Fed daily this can aid concentration.","robots":{"index":"index","follow":"follow","max-snippet":"max-snippet:-1","max-image-preview":"max-image-preview:large","max-video-preview":"max-video-preview:-1"},"canonical":"https:\/\/tetraktis.si\/en\/izdelek\/super-so-kalm-plus-paste\/","og_locale":"en_US","og_type":"article","og_title":"Equine America Super So Kalm Plus Paste supports concetration in horses","og_description":"Equine America\u00a0 Super So Kalm contains a premium grade Magnesium with L-Tryptophan, to calm and focus the horse. Fed daily this can aid concentration.","og_url":"https:\/\/tetraktis.si\/en\/izdelek\/super-so-kalm-plus-paste\/","og_site_name":"Tetraktis- Equine America, Dorwest, Excel","article_publisher":"https:\/\/business.facebook.com\/equineamericashop\/?business_id=193323571192825","article_modified_time":"2023-03-28T07:01:53+00:00","og_image":[{"width":500,"height":500,"url":"https:\/\/tetraktis.si\/wp-content\/uploads\/2022\/04\/tetraktis-online-ducan-super-so-calm-pasta-za-konje.jpg","type":"image\/jpeg"}],"twitter_card":"summary_large_image","twitter_site":"@TetraktisInfo","twitter_misc":{"Est. reading time":"1 minute"},"schema":{"@context":"https:\/\/schema.org","@graph":[{"@type":"WebPage","@id":"https:\/\/tetraktis.si\/en\/izdelek\/super-so-kalm-plus-paste\/","url":"https:\/\/tetraktis.si\/en\/izdelek\/super-so-kalm-plus-paste\/","name":"Equine America Super So Kalm Plus Paste supports concetration in horses","isPartOf":{"@id":"https:\/\/tetraktis.si\/en\/#website"},"primaryImageOfPage":{"@id":"https:\/\/tetraktis.si\/en\/izdelek\/super-so-kalm-plus-paste\/#primaryimage"},"image":{"@id":"https:\/\/tetraktis.si\/en\/izdelek\/super-so-kalm-plus-paste\/#primaryimage"},"thumbnailUrl":"https:\/\/tetraktis.si\/wp-content\/uploads\/2022\/04\/tetraktis-online-ducan-super-so-calm-pasta-za-konje.jpg","datePublished":"2022-04-27T13:53:38+00:00","dateModified":"2023-03-28T07:01:53+00:00","description":"Equine America\u00a0 Super So Kalm contains a premium grade Magnesium with L-Tryptophan, to calm and focus the horse. Fed daily this can aid concentration.","breadcrumb":{"@id":"https:\/\/tetraktis.si\/en\/izdelek\/super-so-kalm-plus-paste\/#breadcrumb"},"inLanguage":"en-US","potentialAction":[{"@type":"ReadAction","target":["https:\/\/tetraktis.si\/en\/izdelek\/super-so-kalm-plus-paste\/"]}]},{"@type":"ImageObject","inLanguage":"en-US","@id":"https:\/\/tetraktis.si\/en\/izdelek\/super-so-kalm-plus-paste\/#primaryimage","url":"https:\/\/tetraktis.si\/wp-content\/uploads\/2022\/04\/tetraktis-online-ducan-super-so-calm-pasta-za-konje.jpg","contentUrl":"https:\/\/tetraktis.si\/wp-content\/uploads\/2022\/04\/tetraktis-online-ducan-super-so-calm-pasta-za-konje.jpg","width":500,"height":500,"caption":"paste za konje"},{"@type":"BreadcrumbList","@id":"https:\/\/tetraktis.si\/en\/izdelek\/super-so-kalm-plus-paste\/#breadcrumb","itemListElement":[{"@type":"ListItem","position":1,"name":"Shop","item":"https:\/\/tetraktis.si\/en\/shop-3\/"},{"@type":"ListItem","position":2,"name":"Super So Kalm\u00ae plus paste"}]},{"@type":"WebSite","@id":"https:\/\/tetraktis.si\/en\/#website","url":"https:\/\/tetraktis.si\/en\/","name":"Tetraktis- Equine America, Dorwest, Excel","description":"Samo najbolj\u0161e za va\u0161e \u017eivali","publisher":{"@id":"https:\/\/tetraktis.si\/en\/#organization"},"potentialAction":[{"@type":"SearchAction","target":{"@type":"EntryPoint","urlTemplate":"https:\/\/tetraktis.si\/en\/?s={search_term_string}"},"query-input":{"@type":"PropertyValueSpecification","valueRequired":true,"valueName":"search_term_string"}}],"inLanguage":"en-US"},{"@type":"Organization","@id":"https:\/\/tetraktis.si\/en\/#organization","name":"Tetraktis","url":"https:\/\/tetraktis.si\/en\/","logo":{"@type":"ImageObject","inLanguage":"en-US","@id":"https:\/\/tetraktis.si\/en\/#\/schema\/logo\/image\/","url":"https:\/\/tetraktis.si\/wp-content\/uploads\/2022\/06\/logo.webp","contentUrl":"https:\/\/tetraktis.si\/wp-content\/uploads\/2022\/06\/logo.webp","width":400,"height":211,"caption":"Tetraktis"},"image":{"@id":"https:\/\/tetraktis.si\/en\/#\/schema\/logo\/image\/"},"sameAs":["https:\/\/business.facebook.com\/equineamericashop\/?business_id=193323571192825","https:\/\/x.com\/TetraktisInfo","https:\/\/www.instagram.com\/tetraktisslovenija\/","https:\/\/www.youtube.com\/channel\/UCk_PdKMdtpZ4pf0RRFL1vYA"]}]}},"_links":{"self":[{"href":"https:\/\/tetraktis.si\/en\/wp-json\/wp\/v2\/product\/32441","targetHints":{"allow":["GET"]}}],"collection":[{"href":"https:\/\/tetraktis.si\/en\/wp-json\/wp\/v2\/product"}],"about":[{"href":"https:\/\/tetraktis.si\/en\/wp-json\/wp\/v2\/types\/product"}],"replies":[{"embeddable":true,"href":"https:\/\/tetraktis.si\/en\/wp-json\/wp\/v2\/comments?post=32441"}],"version-history":[{"count":1,"href":"https:\/\/tetraktis.si\/en\/wp-json\/wp\/v2\/product\/32441\/revisions"}],"predecessor-version":[{"id":37105,"href":"https:\/\/tetraktis.si\/en\/wp-json\/wp\/v2\/product\/32441\/revisions\/37105"}],"wp:featuredmedia":[{"embeddable":true,"href":"https:\/\/tetraktis.si\/en\/wp-json\/wp\/v2\/media\/24503"}],"wp:attachment":[{"href":"https:\/\/tetraktis.si\/en\/wp-json\/wp\/v2\/media?parent=32441"}],"wp:term":[{"taxonomy":"product_brand","embeddable":true,"href":"https:\/\/tetraktis.si\/en\/wp-json\/wp\/v2\/product_brand?post=32441"},{"taxonomy":"product_cat","embeddable":true,"href":"https:\/\/tetraktis.si\/en\/wp-json\/wp\/v2\/product_cat?post=32441"},{"taxonomy":"product_tag","embeddable":true,"href":"https:\/\/tetraktis.si\/en\/wp-json\/wp\/v2\/product_tag?post=32441"}],"curies":[{"name":"wp","href":"https:\/\/api.w.org\/{rel}","templated":true}]}}