{"id":32438,"date":"2022-04-27T15:53:38","date_gmt":"2022-04-27T13:53:38","guid":{"rendered":"https:\/\/cortaflex.si\/izdelek\/cranimals-very-berry-antioxidant-pet-supplement-120g\/"},"modified":"2025-04-24T09:51:19","modified_gmt":"2025-04-24T07:51:19","slug":"cranimals-very-berry-antioxidant-pet-supplement-120g","status":"publish","type":"product","link":"https:\/\/tetraktis.si\/en\/izdelek\/cranimals-very-berry-antioxidant-pet-supplement-120g\/","title":{"rendered":"Cranimals Very Berry Antioxidant Pet Supplement 120g"},"content":{"rendered":"<p>CRANIMALS\u2122 VERY BERRY is made from certified organic blueberries, cranberries, and red raspberries, three of the world&#8217;s healthiest fruits. Scientific studies show that the polyphenols in these berries have anti-carcinogenic, anti-angiogenic, anti-inflammatory, anti-bacterial, and anti-viral properties. Anthocyanidins found in cranberries and blueberries naturally support urinary tract and oral health in companion animals. Red raspberries are particularly enriched in ellagitannins, compounds demonstrated to destroy various cancer cells.<\/p>\n<h3>Easy to Understand for Pet Owners<\/h3>\n<p>CRANIMALS\u2122 VERY BERRY offers a powerful blend of antioxidants that help eliminate harmful substances called free radicals. Free radicals can damage cells, tissues, and arteries, leading to chronic diseases.<\/p>\n<p>You can easily add CRANIMALS\u2122 VERY BERRY to your pet&#8217;s daily diet to give them an extra boost of antioxidants!<\/p>\n<h3>INSTRUCTIONS:<\/h3>\n<ul>\n<li><strong>Small dogs or cats (1-10kg):<\/strong> 1 teaspoon\/day<\/li>\n<li><strong>Dogs (11-25kg):<\/strong> 2 teaspoons\/day<\/li>\n<li><strong>Dogs (26-62kg):<\/strong> 2.5 teaspoons\/day<\/li>\n<\/ul>\n<p>Mix CRANIMALS\u2122 VERY BERRY with your pet&#8217;s kibble, wet food, or snacks like yogurt.<\/p>\n<h3>INGREDIENTS: certified organic cranberry extract, certified organic blueberry extract, certified organic raspberry extract<\/h3>\n<p>Produced by I&amp;W Research Inc, Canada.<\/p>\n","protected":false},"excerpt":{"rendered":"<p><strong>Antioxidant<\/strong> supplement<strong> for cats and dogs<\/strong> to help prevent chronic degenerative diseases like <strong>cancer, arthritis, vascular disease and macular degeneration of eyes<\/strong>.<\/p>\n","protected":false},"featured_media":21904,"comment_status":"open","ping_status":"closed","template":"","meta":[],"product_brand":[],"product_cat":[3341,3323,3349],"product_tag":[],"class_list":{"0":"post-32438","1":"product","2":"type-product","3":"status-publish","4":"has-post-thumbnail","6":"product_cat-cranimals-for-dogs","7":"product_cat-dogs-cats","8":"product_cat-izdelki-za-macke-en","11":"first","12":"instock","13":"taxable","14":"shipping-taxable","15":"purchasable","16":"product-type-simple"},"yoast_head":"<!-- This site is optimized with the Yoast SEO Premium plugin v20.10 (Yoast SEO v27.3) - https:\/\/yoast.com\/product\/yoast-seo-premium-wordpress\/ -->\n<title>Cranimals Very Berry Antioxidant Pet Supplement 120g<\/title>\n<meta name=\"description\" content=\"CRANIMALS\u2122 VERY BERRY is made from certified organic blueberries, cranberries, and red raspberries, three of the world&#039;s healthiest fruits.\" \/>\n<meta name=\"robots\" content=\"index, follow, max-snippet:-1, max-image-preview:large, max-video-preview:-1\" \/>\n<link rel=\"canonical\" href=\"https:\/\/tetraktis.si\/en\/izdelek\/cranimals-very-berry-antioxidant-pet-supplement-120g\/\" \/>\n<meta property=\"og:locale\" content=\"en_US\" \/>\n<meta property=\"og:type\" content=\"article\" \/>\n<meta property=\"og:title\" content=\"Cranimals Very Berry Antioxidant Pet Supplement 120g\" \/>\n<meta property=\"og:description\" content=\"CRANIMALS\u2122 VERY BERRY is made from certified organic blueberries, cranberries, and red raspberries, three of the world&#039;s healthiest fruits.\" \/>\n<meta property=\"og:url\" content=\"https:\/\/tetraktis.si\/en\/izdelek\/cranimals-very-berry-antioxidant-pet-supplement-120g\/\" \/>\n<meta property=\"og:site_name\" content=\"Tetraktis- Equine America, Dorwest, Excel\" \/>\n<meta property=\"article:publisher\" content=\"https:\/\/business.facebook.com\/equineamericashop\/?business_id=193323571192825\" \/>\n<meta property=\"article:modified_time\" content=\"2025-04-24T07:51:19+00:00\" \/>\n<meta property=\"og:image\" content=\"https:\/\/tetraktis.si\/wp-content\/uploads\/2022\/04\/Cranimals-VERY-BERRY.png\" \/>\n\t<meta property=\"og:image:width\" content=\"418\" \/>\n\t<meta property=\"og:image:height\" content=\"495\" \/>\n\t<meta property=\"og:image:type\" content=\"image\/png\" \/>\n<meta name=\"twitter:card\" content=\"summary_large_image\" \/>\n<meta name=\"twitter:site\" content=\"@TetraktisInfo\" \/>\n<meta name=\"twitter:label1\" content=\"Est. reading time\" \/>\n\t<meta name=\"twitter:data1\" content=\"2 minutes\" \/>\n<script type=\"application\/ld+json\" class=\"yoast-schema-graph\">{\"@context\":\"https:\\\/\\\/schema.org\",\"@graph\":[{\"@type\":\"WebPage\",\"@id\":\"https:\\\/\\\/tetraktis.si\\\/en\\\/izdelek\\\/cranimals-very-berry-antioxidant-pet-supplement-120g\\\/\",\"url\":\"https:\\\/\\\/tetraktis.si\\\/en\\\/izdelek\\\/cranimals-very-berry-antioxidant-pet-supplement-120g\\\/\",\"name\":\"Cranimals Very Berry Antioxidant Pet Supplement 120g\",\"isPartOf\":{\"@id\":\"https:\\\/\\\/tetraktis.si\\\/en\\\/#website\"},\"primaryImageOfPage\":{\"@id\":\"https:\\\/\\\/tetraktis.si\\\/en\\\/izdelek\\\/cranimals-very-berry-antioxidant-pet-supplement-120g\\\/#primaryimage\"},\"image\":{\"@id\":\"https:\\\/\\\/tetraktis.si\\\/en\\\/izdelek\\\/cranimals-very-berry-antioxidant-pet-supplement-120g\\\/#primaryimage\"},\"thumbnailUrl\":\"https:\\\/\\\/tetraktis.si\\\/wp-content\\\/uploads\\\/2022\\\/04\\\/Cranimals-VERY-BERRY.png\",\"datePublished\":\"2022-04-27T13:53:38+00:00\",\"dateModified\":\"2025-04-24T07:51:19+00:00\",\"description\":\"CRANIMALS\u2122 VERY BERRY is made from certified organic blueberries, cranberries, and red raspberries, three of the world's healthiest fruits.\",\"breadcrumb\":{\"@id\":\"https:\\\/\\\/tetraktis.si\\\/en\\\/izdelek\\\/cranimals-very-berry-antioxidant-pet-supplement-120g\\\/#breadcrumb\"},\"inLanguage\":\"en-US\",\"potentialAction\":[{\"@type\":\"ReadAction\",\"target\":[\"https:\\\/\\\/tetraktis.si\\\/en\\\/izdelek\\\/cranimals-very-berry-antioxidant-pet-supplement-120g\\\/\"]}]},{\"@type\":\"ImageObject\",\"inLanguage\":\"en-US\",\"@id\":\"https:\\\/\\\/tetraktis.si\\\/en\\\/izdelek\\\/cranimals-very-berry-antioxidant-pet-supplement-120g\\\/#primaryimage\",\"url\":\"https:\\\/\\\/tetraktis.si\\\/wp-content\\\/uploads\\\/2022\\\/04\\\/Cranimals-VERY-BERRY.png\",\"contentUrl\":\"https:\\\/\\\/tetraktis.si\\\/wp-content\\\/uploads\\\/2022\\\/04\\\/Cranimals-VERY-BERRY.png\",\"width\":418,\"height\":495},{\"@type\":\"BreadcrumbList\",\"@id\":\"https:\\\/\\\/tetraktis.si\\\/en\\\/izdelek\\\/cranimals-very-berry-antioxidant-pet-supplement-120g\\\/#breadcrumb\",\"itemListElement\":[{\"@type\":\"ListItem\",\"position\":1,\"name\":\"Shop\",\"item\":\"https:\\\/\\\/tetraktis.si\\\/en\\\/shop-3\\\/\"},{\"@type\":\"ListItem\",\"position\":2,\"name\":\"Cranimals Very Berry Antioxidant Pet Supplement 120g\"}]},{\"@type\":\"WebSite\",\"@id\":\"https:\\\/\\\/tetraktis.si\\\/en\\\/#website\",\"url\":\"https:\\\/\\\/tetraktis.si\\\/en\\\/\",\"name\":\"Tetraktis- Equine America, Dorwest, Excel\",\"description\":\"Samo najbolj\u0161e za va\u0161e \u017eivali\",\"publisher\":{\"@id\":\"https:\\\/\\\/tetraktis.si\\\/en\\\/#organization\"},\"potentialAction\":[{\"@type\":\"SearchAction\",\"target\":{\"@type\":\"EntryPoint\",\"urlTemplate\":\"https:\\\/\\\/tetraktis.si\\\/en\\\/?s={search_term_string}\"},\"query-input\":{\"@type\":\"PropertyValueSpecification\",\"valueRequired\":true,\"valueName\":\"search_term_string\"}}],\"inLanguage\":\"en-US\"},{\"@type\":\"Organization\",\"@id\":\"https:\\\/\\\/tetraktis.si\\\/en\\\/#organization\",\"name\":\"Tetraktis\",\"url\":\"https:\\\/\\\/tetraktis.si\\\/en\\\/\",\"logo\":{\"@type\":\"ImageObject\",\"inLanguage\":\"en-US\",\"@id\":\"https:\\\/\\\/tetraktis.si\\\/en\\\/#\\\/schema\\\/logo\\\/image\\\/\",\"url\":\"https:\\\/\\\/tetraktis.si\\\/wp-content\\\/uploads\\\/2022\\\/06\\\/logo.webp\",\"contentUrl\":\"https:\\\/\\\/tetraktis.si\\\/wp-content\\\/uploads\\\/2022\\\/06\\\/logo.webp\",\"width\":400,\"height\":211,\"caption\":\"Tetraktis\"},\"image\":{\"@id\":\"https:\\\/\\\/tetraktis.si\\\/en\\\/#\\\/schema\\\/logo\\\/image\\\/\"},\"sameAs\":[\"https:\\\/\\\/business.facebook.com\\\/equineamericashop\\\/?business_id=193323571192825\",\"https:\\\/\\\/x.com\\\/TetraktisInfo\",\"https:\\\/\\\/www.instagram.com\\\/tetraktisslovenija\\\/\",\"https:\\\/\\\/www.youtube.com\\\/channel\\\/UCk_PdKMdtpZ4pf0RRFL1vYA\"]}]}<\/script>\n<!-- \/ Yoast SEO Premium plugin. -->","yoast_head_json":{"title":"Cranimals Very Berry Antioxidant Pet Supplement 120g","description":"CRANIMALS\u2122 VERY BERRY is made from certified organic blueberries, cranberries, and red raspberries, three of the world's healthiest fruits.","robots":{"index":"index","follow":"follow","max-snippet":"max-snippet:-1","max-image-preview":"max-image-preview:large","max-video-preview":"max-video-preview:-1"},"canonical":"https:\/\/tetraktis.si\/en\/izdelek\/cranimals-very-berry-antioxidant-pet-supplement-120g\/","og_locale":"en_US","og_type":"article","og_title":"Cranimals Very Berry Antioxidant Pet Supplement 120g","og_description":"CRANIMALS\u2122 VERY BERRY is made from certified organic blueberries, cranberries, and red raspberries, three of the world's healthiest fruits.","og_url":"https:\/\/tetraktis.si\/en\/izdelek\/cranimals-very-berry-antioxidant-pet-supplement-120g\/","og_site_name":"Tetraktis- Equine America, Dorwest, Excel","article_publisher":"https:\/\/business.facebook.com\/equineamericashop\/?business_id=193323571192825","article_modified_time":"2025-04-24T07:51:19+00:00","og_image":[{"width":418,"height":495,"url":"https:\/\/tetraktis.si\/wp-content\/uploads\/2022\/04\/Cranimals-VERY-BERRY.png","type":"image\/png"}],"twitter_card":"summary_large_image","twitter_site":"@TetraktisInfo","twitter_misc":{"Est. reading time":"2 minutes"},"schema":{"@context":"https:\/\/schema.org","@graph":[{"@type":"WebPage","@id":"https:\/\/tetraktis.si\/en\/izdelek\/cranimals-very-berry-antioxidant-pet-supplement-120g\/","url":"https:\/\/tetraktis.si\/en\/izdelek\/cranimals-very-berry-antioxidant-pet-supplement-120g\/","name":"Cranimals Very Berry Antioxidant Pet Supplement 120g","isPartOf":{"@id":"https:\/\/tetraktis.si\/en\/#website"},"primaryImageOfPage":{"@id":"https:\/\/tetraktis.si\/en\/izdelek\/cranimals-very-berry-antioxidant-pet-supplement-120g\/#primaryimage"},"image":{"@id":"https:\/\/tetraktis.si\/en\/izdelek\/cranimals-very-berry-antioxidant-pet-supplement-120g\/#primaryimage"},"thumbnailUrl":"https:\/\/tetraktis.si\/wp-content\/uploads\/2022\/04\/Cranimals-VERY-BERRY.png","datePublished":"2022-04-27T13:53:38+00:00","dateModified":"2025-04-24T07:51:19+00:00","description":"CRANIMALS\u2122 VERY BERRY is made from certified organic blueberries, cranberries, and red raspberries, three of the world's healthiest fruits.","breadcrumb":{"@id":"https:\/\/tetraktis.si\/en\/izdelek\/cranimals-very-berry-antioxidant-pet-supplement-120g\/#breadcrumb"},"inLanguage":"en-US","potentialAction":[{"@type":"ReadAction","target":["https:\/\/tetraktis.si\/en\/izdelek\/cranimals-very-berry-antioxidant-pet-supplement-120g\/"]}]},{"@type":"ImageObject","inLanguage":"en-US","@id":"https:\/\/tetraktis.si\/en\/izdelek\/cranimals-very-berry-antioxidant-pet-supplement-120g\/#primaryimage","url":"https:\/\/tetraktis.si\/wp-content\/uploads\/2022\/04\/Cranimals-VERY-BERRY.png","contentUrl":"https:\/\/tetraktis.si\/wp-content\/uploads\/2022\/04\/Cranimals-VERY-BERRY.png","width":418,"height":495},{"@type":"BreadcrumbList","@id":"https:\/\/tetraktis.si\/en\/izdelek\/cranimals-very-berry-antioxidant-pet-supplement-120g\/#breadcrumb","itemListElement":[{"@type":"ListItem","position":1,"name":"Shop","item":"https:\/\/tetraktis.si\/en\/shop-3\/"},{"@type":"ListItem","position":2,"name":"Cranimals Very Berry Antioxidant Pet Supplement 120g"}]},{"@type":"WebSite","@id":"https:\/\/tetraktis.si\/en\/#website","url":"https:\/\/tetraktis.si\/en\/","name":"Tetraktis- Equine America, Dorwest, Excel","description":"Samo najbolj\u0161e za va\u0161e \u017eivali","publisher":{"@id":"https:\/\/tetraktis.si\/en\/#organization"},"potentialAction":[{"@type":"SearchAction","target":{"@type":"EntryPoint","urlTemplate":"https:\/\/tetraktis.si\/en\/?s={search_term_string}"},"query-input":{"@type":"PropertyValueSpecification","valueRequired":true,"valueName":"search_term_string"}}],"inLanguage":"en-US"},{"@type":"Organization","@id":"https:\/\/tetraktis.si\/en\/#organization","name":"Tetraktis","url":"https:\/\/tetraktis.si\/en\/","logo":{"@type":"ImageObject","inLanguage":"en-US","@id":"https:\/\/tetraktis.si\/en\/#\/schema\/logo\/image\/","url":"https:\/\/tetraktis.si\/wp-content\/uploads\/2022\/06\/logo.webp","contentUrl":"https:\/\/tetraktis.si\/wp-content\/uploads\/2022\/06\/logo.webp","width":400,"height":211,"caption":"Tetraktis"},"image":{"@id":"https:\/\/tetraktis.si\/en\/#\/schema\/logo\/image\/"},"sameAs":["https:\/\/business.facebook.com\/equineamericashop\/?business_id=193323571192825","https:\/\/x.com\/TetraktisInfo","https:\/\/www.instagram.com\/tetraktisslovenija\/","https:\/\/www.youtube.com\/channel\/UCk_PdKMdtpZ4pf0RRFL1vYA"]}]}},"_links":{"self":[{"href":"https:\/\/tetraktis.si\/en\/wp-json\/wp\/v2\/product\/32438","targetHints":{"allow":["GET"]}}],"collection":[{"href":"https:\/\/tetraktis.si\/en\/wp-json\/wp\/v2\/product"}],"about":[{"href":"https:\/\/tetraktis.si\/en\/wp-json\/wp\/v2\/types\/product"}],"replies":[{"embeddable":true,"href":"https:\/\/tetraktis.si\/en\/wp-json\/wp\/v2\/comments?post=32438"}],"version-history":[{"count":3,"href":"https:\/\/tetraktis.si\/en\/wp-json\/wp\/v2\/product\/32438\/revisions"}],"predecessor-version":[{"id":41745,"href":"https:\/\/tetraktis.si\/en\/wp-json\/wp\/v2\/product\/32438\/revisions\/41745"}],"wp:featuredmedia":[{"embeddable":true,"href":"https:\/\/tetraktis.si\/en\/wp-json\/wp\/v2\/media\/21904"}],"wp:attachment":[{"href":"https:\/\/tetraktis.si\/en\/wp-json\/wp\/v2\/media?parent=32438"}],"wp:term":[{"taxonomy":"product_brand","embeddable":true,"href":"https:\/\/tetraktis.si\/en\/wp-json\/wp\/v2\/product_brand?post=32438"},{"taxonomy":"product_cat","embeddable":true,"href":"https:\/\/tetraktis.si\/en\/wp-json\/wp\/v2\/product_cat?post=32438"},{"taxonomy":"product_tag","embeddable":true,"href":"https:\/\/tetraktis.si\/en\/wp-json\/wp\/v2\/product_tag?post=32438"}],"curies":[{"name":"wp","href":"https:\/\/api.w.org\/{rel}","templated":true}]}}