{"id":32437,"date":"2022-04-27T15:53:38","date_gmt":"2022-04-27T13:53:38","guid":{"rendered":"https:\/\/cortaflex.si\/izdelek\/cranimals-original-urinary-tract-pet-supplement-120-g\/"},"modified":"2026-01-05T13:01:11","modified_gmt":"2026-01-05T12:01:11","slug":"cranimals-original-urinary-tract-pet-supplement-120-g","status":"publish","type":"product","link":"https:\/\/tetraktis.si\/en\/izdelek\/cranimals-original-urinary-tract-pet-supplement-120-g\/","title":{"rendered":"Cranimals Original Urinary Tract Pet Supplement 120 G"},"content":{"rendered":"<p>CRANIMALS\u2122 ORIGINAL is a special supplement made from 100% certified organic cranberries.<\/p>\n<p>A veterinary study published in the American Journal of Veterinary Research (vol. 77 (4), 2016) found that Cranimals Original prevented urinary tract infections (UTIs) in all pets that took it. It worked just as well as a common antibiotic used for treating UTIs in pets when following the dosage instructions on the label.<\/p>\n<ul>\n<li>Each dose has about 2000 mg of pure cranberry extract, which is the most powerful source of proanthocyanidins (PACs) available. PACs are natural compounds that stop E. coli bacteria (the main cause of UTIs) from sticking to the urinary tract.<\/li>\n<li>Cranimals Original is also good for your pet\u2019s dental health. It helps prevent plaque buildup on teeth and gums because you mix it with your pet&#8217;s food in powder form.<\/li>\n<li>Holistic veterinarians in North America, Europe, and Asia recommend Cranimals Original to prevent recurring UTIs, struvite stones, and incontinence in pets.<\/li>\n<li>Using Cranimals Original reduces the need for antibiotics, helping to prevent antibiotic resistance and side effects that can come with drug-based treatments.<\/li>\n<li>Plus, Cranimals Original is vegan and non-GMO.<\/li>\n<\/ul>\n<p>Made by I&amp;W Research Inc, Canada.<\/p>\n","protected":false},"excerpt":{"rendered":"<p>Scientifically proven in <strong>veterinary trials.<\/strong> <strong>The world&#8217;s # 1 Urinary tract supplement for cats and dogs<\/strong> formulated to help prevent <strong>recurrent infections<\/strong>, and associated <strong>struvite stones and incontinence.<\/strong><\/p>\n<p>Helps to <strong>lower urine pH naturally<\/strong> when used according to dosage directions on label.<\/p>\n","protected":false},"featured_media":21900,"comment_status":"open","ping_status":"closed","template":"","meta":[],"product_brand":[324],"product_cat":[3341,3323,3349],"product_tag":[],"class_list":{"0":"post-32437","1":"product","2":"type-product","3":"status-publish","4":"has-post-thumbnail","6":"product_brand-cranimals","7":"product_cat-cranimals-for-dogs","8":"product_cat-dogs-cats","9":"product_cat-izdelki-za-macke-en","12":"first","13":"instock","14":"sale","15":"taxable","16":"shipping-taxable","17":"purchasable","18":"product-type-variable","19":"has-default-attributes"},"yoast_head":"<!-- This site is optimized with the Yoast SEO Premium plugin v20.10 (Yoast SEO v27.3) - https:\/\/yoast.com\/product\/yoast-seo-premium-wordpress\/ -->\n<title>Cranimals Original Urinary Tract Pet Supplement 120 G - Tetraktis- Equine America, Dorwest, Excel<\/title>\n<meta name=\"description\" content=\"Cranimals Original - 100% certified organic cranberry supplement for pets, designed to prevent urinary tract infections, incontinence, and struvite stones.\" \/>\n<meta name=\"robots\" content=\"index, follow, max-snippet:-1, max-image-preview:large, max-video-preview:-1\" \/>\n<link rel=\"canonical\" href=\"https:\/\/tetraktis.si\/en\/izdelek\/cranimals-original-urinary-tract-pet-supplement-120-g\/\" \/>\n<meta property=\"og:locale\" content=\"en_US\" \/>\n<meta property=\"og:type\" content=\"article\" \/>\n<meta property=\"og:title\" content=\"Cranimals Original Urinary Tract Pet Supplement 120 G - Tetraktis- Equine America, Dorwest, Excel\" \/>\n<meta property=\"og:description\" content=\"Cranimals Original - 100% certified organic cranberry supplement for pets, designed to prevent urinary tract infections, incontinence, and struvite stones.\" \/>\n<meta property=\"og:url\" content=\"https:\/\/tetraktis.si\/en\/izdelek\/cranimals-original-urinary-tract-pet-supplement-120-g\/\" \/>\n<meta property=\"og:site_name\" content=\"Tetraktis- Equine America, Dorwest, Excel\" \/>\n<meta property=\"article:publisher\" content=\"https:\/\/business.facebook.com\/equineamericashop\/?business_id=193323571192825\" \/>\n<meta property=\"article:modified_time\" content=\"2026-01-05T12:01:11+00:00\" \/>\n<meta property=\"og:image\" content=\"https:\/\/tetraktis.si\/wp-content\/uploads\/2022\/04\/Cranimals-Original.jpg\" \/>\n\t<meta property=\"og:image:width\" content=\"210\" \/>\n\t<meta property=\"og:image:height\" content=\"320\" \/>\n\t<meta property=\"og:image:type\" content=\"image\/jpeg\" \/>\n<meta name=\"twitter:card\" content=\"summary_large_image\" \/>\n<meta name=\"twitter:site\" content=\"@TetraktisInfo\" \/>\n<meta name=\"twitter:label1\" content=\"Est. reading time\" \/>\n\t<meta name=\"twitter:data1\" content=\"2 minutes\" \/>\n<script type=\"application\/ld+json\" class=\"yoast-schema-graph\">{\"@context\":\"https:\\\/\\\/schema.org\",\"@graph\":[{\"@type\":\"WebPage\",\"@id\":\"https:\\\/\\\/tetraktis.si\\\/en\\\/izdelek\\\/cranimals-original-urinary-tract-pet-supplement-120-g\\\/\",\"url\":\"https:\\\/\\\/tetraktis.si\\\/en\\\/izdelek\\\/cranimals-original-urinary-tract-pet-supplement-120-g\\\/\",\"name\":\"Cranimals Original Urinary Tract Pet Supplement 120 G - Tetraktis- Equine America, Dorwest, Excel\",\"isPartOf\":{\"@id\":\"https:\\\/\\\/tetraktis.si\\\/en\\\/#website\"},\"primaryImageOfPage\":{\"@id\":\"https:\\\/\\\/tetraktis.si\\\/en\\\/izdelek\\\/cranimals-original-urinary-tract-pet-supplement-120-g\\\/#primaryimage\"},\"image\":{\"@id\":\"https:\\\/\\\/tetraktis.si\\\/en\\\/izdelek\\\/cranimals-original-urinary-tract-pet-supplement-120-g\\\/#primaryimage\"},\"thumbnailUrl\":\"https:\\\/\\\/tetraktis.si\\\/wp-content\\\/uploads\\\/2022\\\/04\\\/Cranimals-Original.jpg\",\"datePublished\":\"2022-04-27T13:53:38+00:00\",\"dateModified\":\"2026-01-05T12:01:11+00:00\",\"description\":\"Cranimals Original - 100% certified organic cranberry supplement for pets, designed to prevent urinary tract infections, incontinence, and struvite stones.\",\"breadcrumb\":{\"@id\":\"https:\\\/\\\/tetraktis.si\\\/en\\\/izdelek\\\/cranimals-original-urinary-tract-pet-supplement-120-g\\\/#breadcrumb\"},\"inLanguage\":\"en-US\",\"potentialAction\":[{\"@type\":\"ReadAction\",\"target\":[\"https:\\\/\\\/tetraktis.si\\\/en\\\/izdelek\\\/cranimals-original-urinary-tract-pet-supplement-120-g\\\/\"]}]},{\"@type\":\"ImageObject\",\"inLanguage\":\"en-US\",\"@id\":\"https:\\\/\\\/tetraktis.si\\\/en\\\/izdelek\\\/cranimals-original-urinary-tract-pet-supplement-120-g\\\/#primaryimage\",\"url\":\"https:\\\/\\\/tetraktis.si\\\/wp-content\\\/uploads\\\/2022\\\/04\\\/Cranimals-Original.jpg\",\"contentUrl\":\"https:\\\/\\\/tetraktis.si\\\/wp-content\\\/uploads\\\/2022\\\/04\\\/Cranimals-Original.jpg\",\"width\":210,\"height\":320},{\"@type\":\"BreadcrumbList\",\"@id\":\"https:\\\/\\\/tetraktis.si\\\/en\\\/izdelek\\\/cranimals-original-urinary-tract-pet-supplement-120-g\\\/#breadcrumb\",\"itemListElement\":[{\"@type\":\"ListItem\",\"position\":1,\"name\":\"Shop\",\"item\":\"https:\\\/\\\/tetraktis.si\\\/en\\\/shop-3\\\/\"},{\"@type\":\"ListItem\",\"position\":2,\"name\":\"Cranimals Original Urinary Tract Pet Supplement 120 G\"}]},{\"@type\":\"WebSite\",\"@id\":\"https:\\\/\\\/tetraktis.si\\\/en\\\/#website\",\"url\":\"https:\\\/\\\/tetraktis.si\\\/en\\\/\",\"name\":\"Tetraktis- Equine America, Dorwest, Excel\",\"description\":\"Samo najbolj\u0161e za va\u0161e \u017eivali\",\"publisher\":{\"@id\":\"https:\\\/\\\/tetraktis.si\\\/en\\\/#organization\"},\"potentialAction\":[{\"@type\":\"SearchAction\",\"target\":{\"@type\":\"EntryPoint\",\"urlTemplate\":\"https:\\\/\\\/tetraktis.si\\\/en\\\/?s={search_term_string}\"},\"query-input\":{\"@type\":\"PropertyValueSpecification\",\"valueRequired\":true,\"valueName\":\"search_term_string\"}}],\"inLanguage\":\"en-US\"},{\"@type\":\"Organization\",\"@id\":\"https:\\\/\\\/tetraktis.si\\\/en\\\/#organization\",\"name\":\"Tetraktis\",\"url\":\"https:\\\/\\\/tetraktis.si\\\/en\\\/\",\"logo\":{\"@type\":\"ImageObject\",\"inLanguage\":\"en-US\",\"@id\":\"https:\\\/\\\/tetraktis.si\\\/en\\\/#\\\/schema\\\/logo\\\/image\\\/\",\"url\":\"https:\\\/\\\/tetraktis.si\\\/wp-content\\\/uploads\\\/2022\\\/06\\\/logo.webp\",\"contentUrl\":\"https:\\\/\\\/tetraktis.si\\\/wp-content\\\/uploads\\\/2022\\\/06\\\/logo.webp\",\"width\":400,\"height\":211,\"caption\":\"Tetraktis\"},\"image\":{\"@id\":\"https:\\\/\\\/tetraktis.si\\\/en\\\/#\\\/schema\\\/logo\\\/image\\\/\"},\"sameAs\":[\"https:\\\/\\\/business.facebook.com\\\/equineamericashop\\\/?business_id=193323571192825\",\"https:\\\/\\\/x.com\\\/TetraktisInfo\",\"https:\\\/\\\/www.instagram.com\\\/tetraktisslovenija\\\/\",\"https:\\\/\\\/www.youtube.com\\\/channel\\\/UCk_PdKMdtpZ4pf0RRFL1vYA\"]}]}<\/script>\n<!-- \/ Yoast SEO Premium plugin. -->","yoast_head_json":{"title":"Cranimals Original Urinary Tract Pet Supplement 120 G - Tetraktis- Equine America, Dorwest, Excel","description":"Cranimals Original - 100% certified organic cranberry supplement for pets, designed to prevent urinary tract infections, incontinence, and struvite stones.","robots":{"index":"index","follow":"follow","max-snippet":"max-snippet:-1","max-image-preview":"max-image-preview:large","max-video-preview":"max-video-preview:-1"},"canonical":"https:\/\/tetraktis.si\/en\/izdelek\/cranimals-original-urinary-tract-pet-supplement-120-g\/","og_locale":"en_US","og_type":"article","og_title":"Cranimals Original Urinary Tract Pet Supplement 120 G - Tetraktis- Equine America, Dorwest, Excel","og_description":"Cranimals Original - 100% certified organic cranberry supplement for pets, designed to prevent urinary tract infections, incontinence, and struvite stones.","og_url":"https:\/\/tetraktis.si\/en\/izdelek\/cranimals-original-urinary-tract-pet-supplement-120-g\/","og_site_name":"Tetraktis- Equine America, Dorwest, Excel","article_publisher":"https:\/\/business.facebook.com\/equineamericashop\/?business_id=193323571192825","article_modified_time":"2026-01-05T12:01:11+00:00","og_image":[{"width":210,"height":320,"url":"https:\/\/tetraktis.si\/wp-content\/uploads\/2022\/04\/Cranimals-Original.jpg","type":"image\/jpeg"}],"twitter_card":"summary_large_image","twitter_site":"@TetraktisInfo","twitter_misc":{"Est. reading time":"2 minutes"},"schema":{"@context":"https:\/\/schema.org","@graph":[{"@type":"WebPage","@id":"https:\/\/tetraktis.si\/en\/izdelek\/cranimals-original-urinary-tract-pet-supplement-120-g\/","url":"https:\/\/tetraktis.si\/en\/izdelek\/cranimals-original-urinary-tract-pet-supplement-120-g\/","name":"Cranimals Original Urinary Tract Pet Supplement 120 G - Tetraktis- Equine America, Dorwest, Excel","isPartOf":{"@id":"https:\/\/tetraktis.si\/en\/#website"},"primaryImageOfPage":{"@id":"https:\/\/tetraktis.si\/en\/izdelek\/cranimals-original-urinary-tract-pet-supplement-120-g\/#primaryimage"},"image":{"@id":"https:\/\/tetraktis.si\/en\/izdelek\/cranimals-original-urinary-tract-pet-supplement-120-g\/#primaryimage"},"thumbnailUrl":"https:\/\/tetraktis.si\/wp-content\/uploads\/2022\/04\/Cranimals-Original.jpg","datePublished":"2022-04-27T13:53:38+00:00","dateModified":"2026-01-05T12:01:11+00:00","description":"Cranimals Original - 100% certified organic cranberry supplement for pets, designed to prevent urinary tract infections, incontinence, and struvite stones.","breadcrumb":{"@id":"https:\/\/tetraktis.si\/en\/izdelek\/cranimals-original-urinary-tract-pet-supplement-120-g\/#breadcrumb"},"inLanguage":"en-US","potentialAction":[{"@type":"ReadAction","target":["https:\/\/tetraktis.si\/en\/izdelek\/cranimals-original-urinary-tract-pet-supplement-120-g\/"]}]},{"@type":"ImageObject","inLanguage":"en-US","@id":"https:\/\/tetraktis.si\/en\/izdelek\/cranimals-original-urinary-tract-pet-supplement-120-g\/#primaryimage","url":"https:\/\/tetraktis.si\/wp-content\/uploads\/2022\/04\/Cranimals-Original.jpg","contentUrl":"https:\/\/tetraktis.si\/wp-content\/uploads\/2022\/04\/Cranimals-Original.jpg","width":210,"height":320},{"@type":"BreadcrumbList","@id":"https:\/\/tetraktis.si\/en\/izdelek\/cranimals-original-urinary-tract-pet-supplement-120-g\/#breadcrumb","itemListElement":[{"@type":"ListItem","position":1,"name":"Shop","item":"https:\/\/tetraktis.si\/en\/shop-3\/"},{"@type":"ListItem","position":2,"name":"Cranimals Original Urinary Tract Pet Supplement 120 G"}]},{"@type":"WebSite","@id":"https:\/\/tetraktis.si\/en\/#website","url":"https:\/\/tetraktis.si\/en\/","name":"Tetraktis- Equine America, Dorwest, Excel","description":"Samo najbolj\u0161e za va\u0161e \u017eivali","publisher":{"@id":"https:\/\/tetraktis.si\/en\/#organization"},"potentialAction":[{"@type":"SearchAction","target":{"@type":"EntryPoint","urlTemplate":"https:\/\/tetraktis.si\/en\/?s={search_term_string}"},"query-input":{"@type":"PropertyValueSpecification","valueRequired":true,"valueName":"search_term_string"}}],"inLanguage":"en-US"},{"@type":"Organization","@id":"https:\/\/tetraktis.si\/en\/#organization","name":"Tetraktis","url":"https:\/\/tetraktis.si\/en\/","logo":{"@type":"ImageObject","inLanguage":"en-US","@id":"https:\/\/tetraktis.si\/en\/#\/schema\/logo\/image\/","url":"https:\/\/tetraktis.si\/wp-content\/uploads\/2022\/06\/logo.webp","contentUrl":"https:\/\/tetraktis.si\/wp-content\/uploads\/2022\/06\/logo.webp","width":400,"height":211,"caption":"Tetraktis"},"image":{"@id":"https:\/\/tetraktis.si\/en\/#\/schema\/logo\/image\/"},"sameAs":["https:\/\/business.facebook.com\/equineamericashop\/?business_id=193323571192825","https:\/\/x.com\/TetraktisInfo","https:\/\/www.instagram.com\/tetraktisslovenija\/","https:\/\/www.youtube.com\/channel\/UCk_PdKMdtpZ4pf0RRFL1vYA"]}]}},"_links":{"self":[{"href":"https:\/\/tetraktis.si\/en\/wp-json\/wp\/v2\/product\/32437","targetHints":{"allow":["GET"]}}],"collection":[{"href":"https:\/\/tetraktis.si\/en\/wp-json\/wp\/v2\/product"}],"about":[{"href":"https:\/\/tetraktis.si\/en\/wp-json\/wp\/v2\/types\/product"}],"replies":[{"embeddable":true,"href":"https:\/\/tetraktis.si\/en\/wp-json\/wp\/v2\/comments?post=32437"}],"version-history":[{"count":3,"href":"https:\/\/tetraktis.si\/en\/wp-json\/wp\/v2\/product\/32437\/revisions"}],"predecessor-version":[{"id":41743,"href":"https:\/\/tetraktis.si\/en\/wp-json\/wp\/v2\/product\/32437\/revisions\/41743"}],"wp:featuredmedia":[{"embeddable":true,"href":"https:\/\/tetraktis.si\/en\/wp-json\/wp\/v2\/media\/21900"}],"wp:attachment":[{"href":"https:\/\/tetraktis.si\/en\/wp-json\/wp\/v2\/media?parent=32437"}],"wp:term":[{"taxonomy":"product_brand","embeddable":true,"href":"https:\/\/tetraktis.si\/en\/wp-json\/wp\/v2\/product_brand?post=32437"},{"taxonomy":"product_cat","embeddable":true,"href":"https:\/\/tetraktis.si\/en\/wp-json\/wp\/v2\/product_cat?post=32437"},{"taxonomy":"product_tag","embeddable":true,"href":"https:\/\/tetraktis.si\/en\/wp-json\/wp\/v2\/product_tag?post=32437"}],"curies":[{"name":"wp","href":"https:\/\/api.w.org\/{rel}","templated":true}]}}