{"id":32436,"date":"2022-04-27T15:53:38","date_gmt":"2022-04-27T13:53:38","guid":{"rendered":"https:\/\/cortaflex.si\/izdelek\/verm-x-cat-crunchies\/"},"modified":"2023-12-30T17:02:17","modified_gmt":"2023-12-30T16:02:17","slug":"verm-x-cat-crunchies","status":"publish","type":"product","link":"https:\/\/tetraktis.si\/en\/izdelek\/verm-x-cat-crunchies\/","title":{"rendered":"Verm-X Cat Crunchies"},"content":{"rendered":"<p>&nbsp;<\/p>\n<p><strong>Verm-X Cat Crunchies<\/strong> are made with only the best unadulterated ingredients including chicken and salmon\u00a0<span class=\"details\">oil, a useful pre-biotic and the <strong>Verm-X feline<\/strong> formula of herbs.<\/span><\/p>\n<p><span class=\"details\">They are irresistibly tasty and can be used as a reward, added to meals or used in activity play balls. <strong>Verm-X Cat Crunchies<\/strong> are suitable for seniors, adults and kittens.<\/span><\/p>\n<p><span class=\"details\">Being a formulation of 100% natural active ingredients, <strong>Verm-X<\/strong> is gentle on <strong>the gut and digestive<\/strong> system and ideal for older <strong>Cats<\/strong> and those prone to weight gain.<\/span><\/p>\n<p><strong>Ingredients:<\/strong>\u00a0Brown Rice, Poultry Meal,Beet pulp, Refined Chicken Fat, Potato, Potato Starch, Brewers Yeast, Seaweed, Salmon Oil,\u00a0<span lang=\"EN-US\">Cinnamon,Garlic, Peppermint, Common Thyme, Fennel, Cleavers, Nettle, Slippery Elm, Quassia, Cayenne, Green Tea Extract, FOS, MOS, Minerals and Vitamins:A, D3, E, B1, B2, B6, B12, Biotin, Folic Acid. Omega 3 and Omega 6, Calcium:Phosphorous, Iron.<\/span><\/p>\n<h3><span lang=\"EN-US\">How much and how often do I feed Verm-X to my Cat?<\/span><\/h3>\n<ul>\n<li>Kittens: 1 Crunchy daily.<\/li>\n<li>Cats: 2 Crunchies daily.<\/li>\n<\/ul>\n<p><span lang=\"EN-US\"><strong>Verm-X for Cats<\/strong>: 60g will last one cat one month.<\/span><\/p>\n<p>Produced by\u00a0Paddock Farm Partnership Ltd.,\u00a0VB.<\/p>\n","protected":false},"excerpt":{"rendered":"<p><strong>Verm-X Cat Crunchies<\/strong> are a super-premium treat with the added <strong>Verm-X<\/strong> feline formula.<\/p>\n<p>The palatable biscuits are fed on a daily basis throughout the year, providing effective <strong>natural control of intestinal hygiene<\/strong> for your cat.<\/p>\n","protected":false},"featured_media":24459,"comment_status":"open","ping_status":"closed","template":"","meta":[],"product_brand":[323],"product_cat":[3349],"product_tag":[],"class_list":{"0":"post-32436","1":"product","2":"type-product","3":"status-publish","4":"has-post-thumbnail","6":"product_brand-verm-x","7":"product_cat-izdelki-za-macke-en","10":"first","11":"instock","12":"taxable","13":"shipping-taxable","14":"purchasable","15":"product-type-variable","16":"has-default-attributes"},"yoast_head":"<!-- This site is optimized with the Yoast SEO Premium plugin v20.10 (Yoast SEO v27.5) - https:\/\/yoast.com\/product\/yoast-seo-premium-wordpress\/ -->\n<title>Verm-X Cat Crunchies - Tetraktis- Equine America, Dorwest, Excel<\/title>\n<meta name=\"robots\" content=\"index, follow, max-snippet:-1, max-image-preview:large, max-video-preview:-1\" \/>\n<link rel=\"canonical\" href=\"https:\/\/tetraktis.si\/en\/izdelek\/verm-x-cat-crunchies\/\" \/>\n<meta property=\"og:locale\" content=\"en_US\" \/>\n<meta property=\"og:type\" content=\"article\" \/>\n<meta property=\"og:title\" content=\"Verm-X Cat Crunchies - Tetraktis- Equine America, Dorwest, Excel\" \/>\n<meta property=\"og:description\" content=\"Verm-X Cat Crunchies are a super-premium treat with the added Verm-X feline formula. The palatable biscuits are fed on a daily basis throughout the year, providing effective natural control of intestinal hygiene for your cat.\" \/>\n<meta property=\"og:url\" content=\"https:\/\/tetraktis.si\/en\/izdelek\/verm-x-cat-crunchies\/\" \/>\n<meta property=\"og:site_name\" content=\"Tetraktis- Equine America, Dorwest, Excel\" \/>\n<meta property=\"article:publisher\" content=\"https:\/\/business.facebook.com\/equineamericashop\/?business_id=193323571192825\" \/>\n<meta property=\"article:modified_time\" content=\"2023-12-30T16:02:17+00:00\" \/>\n<meta property=\"og:image\" content=\"https:\/\/tetraktis.si\/wp-content\/uploads\/2022\/04\/tetraktis-online-ducan-verm-x-poslastice-za-macke.jpg\" \/>\n\t<meta property=\"og:image:width\" content=\"466\" \/>\n\t<meta property=\"og:image:height\" content=\"546\" \/>\n\t<meta property=\"og:image:type\" content=\"image\/jpeg\" \/>\n<meta name=\"twitter:card\" content=\"summary_large_image\" \/>\n<meta name=\"twitter:site\" content=\"@TetraktisInfo\" \/>\n<meta name=\"twitter:label1\" content=\"Est. reading time\" \/>\n\t<meta name=\"twitter:data1\" content=\"1 minute\" \/>\n<script type=\"application\/ld+json\" class=\"yoast-schema-graph\">{\"@context\":\"https:\\\/\\\/schema.org\",\"@graph\":[{\"@type\":\"WebPage\",\"@id\":\"https:\\\/\\\/tetraktis.si\\\/en\\\/izdelek\\\/verm-x-cat-crunchies\\\/\",\"url\":\"https:\\\/\\\/tetraktis.si\\\/en\\\/izdelek\\\/verm-x-cat-crunchies\\\/\",\"name\":\"Verm-X Cat Crunchies - Tetraktis- Equine America, Dorwest, Excel\",\"isPartOf\":{\"@id\":\"https:\\\/\\\/tetraktis.si\\\/en\\\/#website\"},\"primaryImageOfPage\":{\"@id\":\"https:\\\/\\\/tetraktis.si\\\/en\\\/izdelek\\\/verm-x-cat-crunchies\\\/#primaryimage\"},\"image\":{\"@id\":\"https:\\\/\\\/tetraktis.si\\\/en\\\/izdelek\\\/verm-x-cat-crunchies\\\/#primaryimage\"},\"thumbnailUrl\":\"https:\\\/\\\/tetraktis.si\\\/wp-content\\\/uploads\\\/2022\\\/04\\\/tetraktis-online-ducan-verm-x-poslastice-za-macke.jpg\",\"datePublished\":\"2022-04-27T13:53:38+00:00\",\"dateModified\":\"2023-12-30T16:02:17+00:00\",\"breadcrumb\":{\"@id\":\"https:\\\/\\\/tetraktis.si\\\/en\\\/izdelek\\\/verm-x-cat-crunchies\\\/#breadcrumb\"},\"inLanguage\":\"en-US\",\"potentialAction\":[{\"@type\":\"ReadAction\",\"target\":[\"https:\\\/\\\/tetraktis.si\\\/en\\\/izdelek\\\/verm-x-cat-crunchies\\\/\"]}]},{\"@type\":\"ImageObject\",\"inLanguage\":\"en-US\",\"@id\":\"https:\\\/\\\/tetraktis.si\\\/en\\\/izdelek\\\/verm-x-cat-crunchies\\\/#primaryimage\",\"url\":\"https:\\\/\\\/tetraktis.si\\\/wp-content\\\/uploads\\\/2022\\\/04\\\/tetraktis-online-ducan-verm-x-poslastice-za-macke.jpg\",\"contentUrl\":\"https:\\\/\\\/tetraktis.si\\\/wp-content\\\/uploads\\\/2022\\\/04\\\/tetraktis-online-ducan-verm-x-poslastice-za-macke.jpg\",\"width\":466,\"height\":546},{\"@type\":\"BreadcrumbList\",\"@id\":\"https:\\\/\\\/tetraktis.si\\\/en\\\/izdelek\\\/verm-x-cat-crunchies\\\/#breadcrumb\",\"itemListElement\":[{\"@type\":\"ListItem\",\"position\":1,\"name\":\"Shop\",\"item\":\"https:\\\/\\\/tetraktis.si\\\/en\\\/shop-3\\\/\"},{\"@type\":\"ListItem\",\"position\":2,\"name\":\"Verm-X Cat Crunchies\"}]},{\"@type\":\"WebSite\",\"@id\":\"https:\\\/\\\/tetraktis.si\\\/en\\\/#website\",\"url\":\"https:\\\/\\\/tetraktis.si\\\/en\\\/\",\"name\":\"Tetraktis- Equine America, Dorwest, Excel\",\"description\":\"Samo najbolj\u0161e za va\u0161e \u017eivali\",\"publisher\":{\"@id\":\"https:\\\/\\\/tetraktis.si\\\/en\\\/#organization\"},\"potentialAction\":[{\"@type\":\"SearchAction\",\"target\":{\"@type\":\"EntryPoint\",\"urlTemplate\":\"https:\\\/\\\/tetraktis.si\\\/en\\\/?s={search_term_string}\"},\"query-input\":{\"@type\":\"PropertyValueSpecification\",\"valueRequired\":true,\"valueName\":\"search_term_string\"}}],\"inLanguage\":\"en-US\"},{\"@type\":\"Organization\",\"@id\":\"https:\\\/\\\/tetraktis.si\\\/en\\\/#organization\",\"name\":\"Tetraktis\",\"url\":\"https:\\\/\\\/tetraktis.si\\\/en\\\/\",\"logo\":{\"@type\":\"ImageObject\",\"inLanguage\":\"en-US\",\"@id\":\"https:\\\/\\\/tetraktis.si\\\/en\\\/#\\\/schema\\\/logo\\\/image\\\/\",\"url\":\"https:\\\/\\\/tetraktis.si\\\/wp-content\\\/uploads\\\/2022\\\/06\\\/logo.webp\",\"contentUrl\":\"https:\\\/\\\/tetraktis.si\\\/wp-content\\\/uploads\\\/2022\\\/06\\\/logo.webp\",\"width\":400,\"height\":211,\"caption\":\"Tetraktis\"},\"image\":{\"@id\":\"https:\\\/\\\/tetraktis.si\\\/en\\\/#\\\/schema\\\/logo\\\/image\\\/\"},\"sameAs\":[\"https:\\\/\\\/business.facebook.com\\\/equineamericashop\\\/?business_id=193323571192825\",\"https:\\\/\\\/x.com\\\/TetraktisInfo\",\"https:\\\/\\\/www.instagram.com\\\/tetraktisslovenija\\\/\",\"https:\\\/\\\/www.youtube.com\\\/channel\\\/UCk_PdKMdtpZ4pf0RRFL1vYA\"]}]}<\/script>\n<!-- \/ Yoast SEO Premium plugin. -->","yoast_head_json":{"title":"Verm-X Cat Crunchies - Tetraktis- Equine America, Dorwest, Excel","robots":{"index":"index","follow":"follow","max-snippet":"max-snippet:-1","max-image-preview":"max-image-preview:large","max-video-preview":"max-video-preview:-1"},"canonical":"https:\/\/tetraktis.si\/en\/izdelek\/verm-x-cat-crunchies\/","og_locale":"en_US","og_type":"article","og_title":"Verm-X Cat Crunchies - Tetraktis- Equine America, Dorwest, Excel","og_description":"Verm-X Cat Crunchies are a super-premium treat with the added Verm-X feline formula. The palatable biscuits are fed on a daily basis throughout the year, providing effective natural control of intestinal hygiene for your cat.","og_url":"https:\/\/tetraktis.si\/en\/izdelek\/verm-x-cat-crunchies\/","og_site_name":"Tetraktis- Equine America, Dorwest, Excel","article_publisher":"https:\/\/business.facebook.com\/equineamericashop\/?business_id=193323571192825","article_modified_time":"2023-12-30T16:02:17+00:00","og_image":[{"width":466,"height":546,"url":"https:\/\/tetraktis.si\/wp-content\/uploads\/2022\/04\/tetraktis-online-ducan-verm-x-poslastice-za-macke.jpg","type":"image\/jpeg"}],"twitter_card":"summary_large_image","twitter_site":"@TetraktisInfo","twitter_misc":{"Est. reading time":"1 minute"},"schema":{"@context":"https:\/\/schema.org","@graph":[{"@type":"WebPage","@id":"https:\/\/tetraktis.si\/en\/izdelek\/verm-x-cat-crunchies\/","url":"https:\/\/tetraktis.si\/en\/izdelek\/verm-x-cat-crunchies\/","name":"Verm-X Cat Crunchies - Tetraktis- Equine America, Dorwest, Excel","isPartOf":{"@id":"https:\/\/tetraktis.si\/en\/#website"},"primaryImageOfPage":{"@id":"https:\/\/tetraktis.si\/en\/izdelek\/verm-x-cat-crunchies\/#primaryimage"},"image":{"@id":"https:\/\/tetraktis.si\/en\/izdelek\/verm-x-cat-crunchies\/#primaryimage"},"thumbnailUrl":"https:\/\/tetraktis.si\/wp-content\/uploads\/2022\/04\/tetraktis-online-ducan-verm-x-poslastice-za-macke.jpg","datePublished":"2022-04-27T13:53:38+00:00","dateModified":"2023-12-30T16:02:17+00:00","breadcrumb":{"@id":"https:\/\/tetraktis.si\/en\/izdelek\/verm-x-cat-crunchies\/#breadcrumb"},"inLanguage":"en-US","potentialAction":[{"@type":"ReadAction","target":["https:\/\/tetraktis.si\/en\/izdelek\/verm-x-cat-crunchies\/"]}]},{"@type":"ImageObject","inLanguage":"en-US","@id":"https:\/\/tetraktis.si\/en\/izdelek\/verm-x-cat-crunchies\/#primaryimage","url":"https:\/\/tetraktis.si\/wp-content\/uploads\/2022\/04\/tetraktis-online-ducan-verm-x-poslastice-za-macke.jpg","contentUrl":"https:\/\/tetraktis.si\/wp-content\/uploads\/2022\/04\/tetraktis-online-ducan-verm-x-poslastice-za-macke.jpg","width":466,"height":546},{"@type":"BreadcrumbList","@id":"https:\/\/tetraktis.si\/en\/izdelek\/verm-x-cat-crunchies\/#breadcrumb","itemListElement":[{"@type":"ListItem","position":1,"name":"Shop","item":"https:\/\/tetraktis.si\/en\/shop-3\/"},{"@type":"ListItem","position":2,"name":"Verm-X Cat Crunchies"}]},{"@type":"WebSite","@id":"https:\/\/tetraktis.si\/en\/#website","url":"https:\/\/tetraktis.si\/en\/","name":"Tetraktis- Equine America, Dorwest, Excel","description":"Samo najbolj\u0161e za va\u0161e \u017eivali","publisher":{"@id":"https:\/\/tetraktis.si\/en\/#organization"},"potentialAction":[{"@type":"SearchAction","target":{"@type":"EntryPoint","urlTemplate":"https:\/\/tetraktis.si\/en\/?s={search_term_string}"},"query-input":{"@type":"PropertyValueSpecification","valueRequired":true,"valueName":"search_term_string"}}],"inLanguage":"en-US"},{"@type":"Organization","@id":"https:\/\/tetraktis.si\/en\/#organization","name":"Tetraktis","url":"https:\/\/tetraktis.si\/en\/","logo":{"@type":"ImageObject","inLanguage":"en-US","@id":"https:\/\/tetraktis.si\/en\/#\/schema\/logo\/image\/","url":"https:\/\/tetraktis.si\/wp-content\/uploads\/2022\/06\/logo.webp","contentUrl":"https:\/\/tetraktis.si\/wp-content\/uploads\/2022\/06\/logo.webp","width":400,"height":211,"caption":"Tetraktis"},"image":{"@id":"https:\/\/tetraktis.si\/en\/#\/schema\/logo\/image\/"},"sameAs":["https:\/\/business.facebook.com\/equineamericashop\/?business_id=193323571192825","https:\/\/x.com\/TetraktisInfo","https:\/\/www.instagram.com\/tetraktisslovenija\/","https:\/\/www.youtube.com\/channel\/UCk_PdKMdtpZ4pf0RRFL1vYA"]}]}},"_links":{"self":[{"href":"https:\/\/tetraktis.si\/en\/wp-json\/wp\/v2\/product\/32436","targetHints":{"allow":["GET"]}}],"collection":[{"href":"https:\/\/tetraktis.si\/en\/wp-json\/wp\/v2\/product"}],"about":[{"href":"https:\/\/tetraktis.si\/en\/wp-json\/wp\/v2\/types\/product"}],"replies":[{"embeddable":true,"href":"https:\/\/tetraktis.si\/en\/wp-json\/wp\/v2\/comments?post=32436"}],"version-history":[{"count":1,"href":"https:\/\/tetraktis.si\/en\/wp-json\/wp\/v2\/product\/32436\/revisions"}],"predecessor-version":[{"id":37101,"href":"https:\/\/tetraktis.si\/en\/wp-json\/wp\/v2\/product\/32436\/revisions\/37101"}],"wp:featuredmedia":[{"embeddable":true,"href":"https:\/\/tetraktis.si\/en\/wp-json\/wp\/v2\/media\/24459"}],"wp:attachment":[{"href":"https:\/\/tetraktis.si\/en\/wp-json\/wp\/v2\/media?parent=32436"}],"wp:term":[{"taxonomy":"product_brand","embeddable":true,"href":"https:\/\/tetraktis.si\/en\/wp-json\/wp\/v2\/product_brand?post=32436"},{"taxonomy":"product_cat","embeddable":true,"href":"https:\/\/tetraktis.si\/en\/wp-json\/wp\/v2\/product_cat?post=32436"},{"taxonomy":"product_tag","embeddable":true,"href":"https:\/\/tetraktis.si\/en\/wp-json\/wp\/v2\/product_tag?post=32436"}],"curies":[{"name":"wp","href":"https:\/\/api.w.org\/{rel}","templated":true}]}}