{"id":32433,"date":"2022-04-27T15:53:38","date_gmt":"2022-04-27T13:53:38","guid":{"rendered":"https:\/\/cortaflex.si\/izdelek\/verm-x-crunchies-for-dogs\/"},"modified":"2023-03-28T09:02:04","modified_gmt":"2023-03-28T07:02:04","slug":"verm-x-crunchies-for-dogs","status":"publish","type":"product","link":"https:\/\/tetraktis.si\/en\/izdelek\/verm-x-crunchies-for-dogs\/","title":{"rendered":"Verm-X Crunchies for Dogs"},"content":{"rendered":"<p><span class=\"details\"><strong>Verm-X Crunchies<\/strong> are designed to be fed every day throughout the year. This means that you do not need to buy additional reward or treat products for your dogs as our <strong>Verm-X formulation<\/strong> can act as an traditional treat whilst functioning as a continual <strong>intestinal hygiene control<\/strong>.<\/span><\/p>\n<p><span class=\"details\">As with all natural ingredients, it may take a number of days after feeding <strong>Verm-X<\/strong> before it becomes fully effective so it is important to follow the feeding instructions.<br \/>\n<\/span><\/p>\n<h3><span class=\"details\">How many Verm-X Dog Crunchies do I feed?<\/span><\/h3>\n<p><span class=\"details\">Feed every day throughout the year.<br \/>\n<\/span><\/p>\n<ul>\n<li><span class=\"details\">Small breeds (e.g. Jack Russell):\u00a0 2 per day<\/span><\/li>\n<li><span class=\"details\">Medium breeds (e.g. Labradors):\u00a0\u00a0 4 per day<\/span><\/li>\n<li><span class=\"details\">Large breeds (e.g. Newfoundland): \u00a06 per day<\/span><\/li>\n<\/ul>\n<p><span class=\"details\">Available in 2 sizes: 100g (contains approximately 60 crunchies), 325g (contains approximately 196 crunchies).<br \/>\n<strong>Verm-X Dog Crunchies:<\/strong> <em>1 small dog<\/em> requires 100g per month. <em>1 medium dog<\/em> requires 200g per month, <em>1 large dog<\/em> requires 300g per month.<\/span><\/p>\n<p><span class=\"details\"><strong>Verm-X Dog Crunchies Composition:<\/strong> Brown Rice, Poultry Meal, Sugar Beet Pulp, Refined Chicken Fat, Cinnamon, Garlic, Common Thyme, Peppermint, Fennel, Cleavers, Nettle, Slippery Elm, Quassia, Cayenne, Potato Starch, Potato, Brewers Yeast, Chickenstock, Seaweed, Salmon Oil, Minerals and Vitamins, \u00a0Prebiotic MOS, Prebiotic FOS, Green Tea Extract.<\/span><\/p>\n<p>&nbsp;<\/p>\n<p>Produced by\u00a0Paddock Farm Partnership Ltd.,\u00a0VB.<\/p>\n","protected":false},"excerpt":{"rendered":"<p><strong>Verm-X<\/strong> is highly palatable and is an easy to use formulation\u00a0made with 100% <strong>natural active ingredients<\/strong> to <strong>control intestinal hygiene<\/strong> whilst being gentle on the gut and digestive system. It can therefore provide <strong>active control<\/strong> throughout the year.<\/p>\n<p><strong>Verm-X for Dogs<\/strong> is available as a functional, daily <strong>crunchie<\/strong>, a convenient \u2018add to feed\u2019 liquid or a\u00a0NEW\u00a0easy to use herbal Pellet.<\/p>\n","protected":false},"featured_media":24424,"comment_status":"open","ping_status":"closed","template":"","meta":[],"product_brand":[323],"product_cat":[3323],"product_tag":[],"class_list":{"0":"post-32433","1":"product","2":"type-product","3":"status-publish","4":"has-post-thumbnail","6":"product_brand-verm-x","7":"product_cat-dogs-cats","10":"first","11":"instock","12":"taxable","13":"shipping-taxable","14":"purchasable","15":"product-type-variable","16":"has-default-attributes"},"yoast_head":"<!-- This site is optimized with the Yoast SEO Premium plugin v20.10 (Yoast SEO v27.3) - https:\/\/yoast.com\/product\/yoast-seo-premium-wordpress\/ -->\n<title>Verm-X Crunchies for Dogs - Tetraktis- Equine America, Dorwest, Excel<\/title>\n<meta name=\"robots\" content=\"index, follow, max-snippet:-1, max-image-preview:large, max-video-preview:-1\" \/>\n<link rel=\"canonical\" href=\"https:\/\/tetraktis.si\/en\/izdelek\/verm-x-crunchies-for-dogs\/\" \/>\n<meta property=\"og:locale\" content=\"en_US\" \/>\n<meta property=\"og:type\" content=\"article\" \/>\n<meta property=\"og:title\" content=\"Verm-X Crunchies for Dogs - Tetraktis- Equine America, Dorwest, Excel\" \/>\n<meta property=\"og:description\" content=\"Verm-X is highly palatable and is an easy to use formulation\u00a0made with 100% natural active ingredients to control intestinal hygiene whilst being gentle on the gut and digestive system. It can therefore provide active control throughout the year. Verm-X for Dogs is available as a functional, daily crunchie, a convenient \u2018add to feed\u2019 liquid or a\u00a0NEW\u00a0easy to use herbal Pellet.\" \/>\n<meta property=\"og:url\" content=\"https:\/\/tetraktis.si\/en\/izdelek\/verm-x-crunchies-for-dogs\/\" \/>\n<meta property=\"og:site_name\" content=\"Tetraktis- Equine America, Dorwest, Excel\" \/>\n<meta property=\"article:publisher\" content=\"https:\/\/business.facebook.com\/equineamericashop\/?business_id=193323571192825\" \/>\n<meta property=\"article:modified_time\" content=\"2023-03-28T07:02:04+00:00\" \/>\n<meta property=\"og:image\" content=\"https:\/\/tetraktis.si\/wp-content\/uploads\/2022\/04\/tetraktis-online-ducan-verm-x-poslastice-za-psa.jpg\" \/>\n\t<meta property=\"og:image:width\" content=\"200\" \/>\n\t<meta property=\"og:image:height\" content=\"200\" \/>\n\t<meta property=\"og:image:type\" content=\"image\/jpeg\" \/>\n<meta name=\"twitter:card\" content=\"summary_large_image\" \/>\n<meta name=\"twitter:site\" content=\"@TetraktisInfo\" \/>\n<meta name=\"twitter:label1\" content=\"Est. reading time\" \/>\n\t<meta name=\"twitter:data1\" content=\"1 minute\" \/>\n<script type=\"application\/ld+json\" class=\"yoast-schema-graph\">{\"@context\":\"https:\\\/\\\/schema.org\",\"@graph\":[{\"@type\":\"WebPage\",\"@id\":\"https:\\\/\\\/tetraktis.si\\\/en\\\/izdelek\\\/verm-x-crunchies-for-dogs\\\/\",\"url\":\"https:\\\/\\\/tetraktis.si\\\/en\\\/izdelek\\\/verm-x-crunchies-for-dogs\\\/\",\"name\":\"Verm-X Crunchies for Dogs - Tetraktis- Equine America, Dorwest, Excel\",\"isPartOf\":{\"@id\":\"https:\\\/\\\/tetraktis.si\\\/en\\\/#website\"},\"primaryImageOfPage\":{\"@id\":\"https:\\\/\\\/tetraktis.si\\\/en\\\/izdelek\\\/verm-x-crunchies-for-dogs\\\/#primaryimage\"},\"image\":{\"@id\":\"https:\\\/\\\/tetraktis.si\\\/en\\\/izdelek\\\/verm-x-crunchies-for-dogs\\\/#primaryimage\"},\"thumbnailUrl\":\"https:\\\/\\\/tetraktis.si\\\/wp-content\\\/uploads\\\/2022\\\/04\\\/tetraktis-online-ducan-verm-x-poslastice-za-psa.jpg\",\"datePublished\":\"2022-04-27T13:53:38+00:00\",\"dateModified\":\"2023-03-28T07:02:04+00:00\",\"breadcrumb\":{\"@id\":\"https:\\\/\\\/tetraktis.si\\\/en\\\/izdelek\\\/verm-x-crunchies-for-dogs\\\/#breadcrumb\"},\"inLanguage\":\"en-US\",\"potentialAction\":[{\"@type\":\"ReadAction\",\"target\":[\"https:\\\/\\\/tetraktis.si\\\/en\\\/izdelek\\\/verm-x-crunchies-for-dogs\\\/\"]}]},{\"@type\":\"ImageObject\",\"inLanguage\":\"en-US\",\"@id\":\"https:\\\/\\\/tetraktis.si\\\/en\\\/izdelek\\\/verm-x-crunchies-for-dogs\\\/#primaryimage\",\"url\":\"https:\\\/\\\/tetraktis.si\\\/wp-content\\\/uploads\\\/2022\\\/04\\\/tetraktis-online-ducan-verm-x-poslastice-za-psa.jpg\",\"contentUrl\":\"https:\\\/\\\/tetraktis.si\\\/wp-content\\\/uploads\\\/2022\\\/04\\\/tetraktis-online-ducan-verm-x-poslastice-za-psa.jpg\",\"width\":200,\"height\":200,\"caption\":\"Verm-X pribolj\u0161ki\"},{\"@type\":\"BreadcrumbList\",\"@id\":\"https:\\\/\\\/tetraktis.si\\\/en\\\/izdelek\\\/verm-x-crunchies-for-dogs\\\/#breadcrumb\",\"itemListElement\":[{\"@type\":\"ListItem\",\"position\":1,\"name\":\"Shop\",\"item\":\"https:\\\/\\\/tetraktis.si\\\/en\\\/shop-3\\\/\"},{\"@type\":\"ListItem\",\"position\":2,\"name\":\"Verm-X Crunchies for Dogs\"}]},{\"@type\":\"WebSite\",\"@id\":\"https:\\\/\\\/tetraktis.si\\\/en\\\/#website\",\"url\":\"https:\\\/\\\/tetraktis.si\\\/en\\\/\",\"name\":\"Tetraktis- Equine America, Dorwest, Excel\",\"description\":\"Samo najbolj\u0161e za va\u0161e \u017eivali\",\"publisher\":{\"@id\":\"https:\\\/\\\/tetraktis.si\\\/en\\\/#organization\"},\"potentialAction\":[{\"@type\":\"SearchAction\",\"target\":{\"@type\":\"EntryPoint\",\"urlTemplate\":\"https:\\\/\\\/tetraktis.si\\\/en\\\/?s={search_term_string}\"},\"query-input\":{\"@type\":\"PropertyValueSpecification\",\"valueRequired\":true,\"valueName\":\"search_term_string\"}}],\"inLanguage\":\"en-US\"},{\"@type\":\"Organization\",\"@id\":\"https:\\\/\\\/tetraktis.si\\\/en\\\/#organization\",\"name\":\"Tetraktis\",\"url\":\"https:\\\/\\\/tetraktis.si\\\/en\\\/\",\"logo\":{\"@type\":\"ImageObject\",\"inLanguage\":\"en-US\",\"@id\":\"https:\\\/\\\/tetraktis.si\\\/en\\\/#\\\/schema\\\/logo\\\/image\\\/\",\"url\":\"https:\\\/\\\/tetraktis.si\\\/wp-content\\\/uploads\\\/2022\\\/06\\\/logo.webp\",\"contentUrl\":\"https:\\\/\\\/tetraktis.si\\\/wp-content\\\/uploads\\\/2022\\\/06\\\/logo.webp\",\"width\":400,\"height\":211,\"caption\":\"Tetraktis\"},\"image\":{\"@id\":\"https:\\\/\\\/tetraktis.si\\\/en\\\/#\\\/schema\\\/logo\\\/image\\\/\"},\"sameAs\":[\"https:\\\/\\\/business.facebook.com\\\/equineamericashop\\\/?business_id=193323571192825\",\"https:\\\/\\\/x.com\\\/TetraktisInfo\",\"https:\\\/\\\/www.instagram.com\\\/tetraktisslovenija\\\/\",\"https:\\\/\\\/www.youtube.com\\\/channel\\\/UCk_PdKMdtpZ4pf0RRFL1vYA\"]}]}<\/script>\n<!-- \/ Yoast SEO Premium plugin. -->","yoast_head_json":{"title":"Verm-X Crunchies for Dogs - Tetraktis- Equine America, Dorwest, Excel","robots":{"index":"index","follow":"follow","max-snippet":"max-snippet:-1","max-image-preview":"max-image-preview:large","max-video-preview":"max-video-preview:-1"},"canonical":"https:\/\/tetraktis.si\/en\/izdelek\/verm-x-crunchies-for-dogs\/","og_locale":"en_US","og_type":"article","og_title":"Verm-X Crunchies for Dogs - Tetraktis- Equine America, Dorwest, Excel","og_description":"Verm-X is highly palatable and is an easy to use formulation\u00a0made with 100% natural active ingredients to control intestinal hygiene whilst being gentle on the gut and digestive system. It can therefore provide active control throughout the year. Verm-X for Dogs is available as a functional, daily crunchie, a convenient \u2018add to feed\u2019 liquid or a\u00a0NEW\u00a0easy to use herbal Pellet.","og_url":"https:\/\/tetraktis.si\/en\/izdelek\/verm-x-crunchies-for-dogs\/","og_site_name":"Tetraktis- Equine America, Dorwest, Excel","article_publisher":"https:\/\/business.facebook.com\/equineamericashop\/?business_id=193323571192825","article_modified_time":"2023-03-28T07:02:04+00:00","og_image":[{"width":200,"height":200,"url":"https:\/\/tetraktis.si\/wp-content\/uploads\/2022\/04\/tetraktis-online-ducan-verm-x-poslastice-za-psa.jpg","type":"image\/jpeg"}],"twitter_card":"summary_large_image","twitter_site":"@TetraktisInfo","twitter_misc":{"Est. reading time":"1 minute"},"schema":{"@context":"https:\/\/schema.org","@graph":[{"@type":"WebPage","@id":"https:\/\/tetraktis.si\/en\/izdelek\/verm-x-crunchies-for-dogs\/","url":"https:\/\/tetraktis.si\/en\/izdelek\/verm-x-crunchies-for-dogs\/","name":"Verm-X Crunchies for Dogs - Tetraktis- Equine America, Dorwest, Excel","isPartOf":{"@id":"https:\/\/tetraktis.si\/en\/#website"},"primaryImageOfPage":{"@id":"https:\/\/tetraktis.si\/en\/izdelek\/verm-x-crunchies-for-dogs\/#primaryimage"},"image":{"@id":"https:\/\/tetraktis.si\/en\/izdelek\/verm-x-crunchies-for-dogs\/#primaryimage"},"thumbnailUrl":"https:\/\/tetraktis.si\/wp-content\/uploads\/2022\/04\/tetraktis-online-ducan-verm-x-poslastice-za-psa.jpg","datePublished":"2022-04-27T13:53:38+00:00","dateModified":"2023-03-28T07:02:04+00:00","breadcrumb":{"@id":"https:\/\/tetraktis.si\/en\/izdelek\/verm-x-crunchies-for-dogs\/#breadcrumb"},"inLanguage":"en-US","potentialAction":[{"@type":"ReadAction","target":["https:\/\/tetraktis.si\/en\/izdelek\/verm-x-crunchies-for-dogs\/"]}]},{"@type":"ImageObject","inLanguage":"en-US","@id":"https:\/\/tetraktis.si\/en\/izdelek\/verm-x-crunchies-for-dogs\/#primaryimage","url":"https:\/\/tetraktis.si\/wp-content\/uploads\/2022\/04\/tetraktis-online-ducan-verm-x-poslastice-za-psa.jpg","contentUrl":"https:\/\/tetraktis.si\/wp-content\/uploads\/2022\/04\/tetraktis-online-ducan-verm-x-poslastice-za-psa.jpg","width":200,"height":200,"caption":"Verm-X pribolj\u0161ki"},{"@type":"BreadcrumbList","@id":"https:\/\/tetraktis.si\/en\/izdelek\/verm-x-crunchies-for-dogs\/#breadcrumb","itemListElement":[{"@type":"ListItem","position":1,"name":"Shop","item":"https:\/\/tetraktis.si\/en\/shop-3\/"},{"@type":"ListItem","position":2,"name":"Verm-X Crunchies for Dogs"}]},{"@type":"WebSite","@id":"https:\/\/tetraktis.si\/en\/#website","url":"https:\/\/tetraktis.si\/en\/","name":"Tetraktis- Equine America, Dorwest, Excel","description":"Samo najbolj\u0161e za va\u0161e \u017eivali","publisher":{"@id":"https:\/\/tetraktis.si\/en\/#organization"},"potentialAction":[{"@type":"SearchAction","target":{"@type":"EntryPoint","urlTemplate":"https:\/\/tetraktis.si\/en\/?s={search_term_string}"},"query-input":{"@type":"PropertyValueSpecification","valueRequired":true,"valueName":"search_term_string"}}],"inLanguage":"en-US"},{"@type":"Organization","@id":"https:\/\/tetraktis.si\/en\/#organization","name":"Tetraktis","url":"https:\/\/tetraktis.si\/en\/","logo":{"@type":"ImageObject","inLanguage":"en-US","@id":"https:\/\/tetraktis.si\/en\/#\/schema\/logo\/image\/","url":"https:\/\/tetraktis.si\/wp-content\/uploads\/2022\/06\/logo.webp","contentUrl":"https:\/\/tetraktis.si\/wp-content\/uploads\/2022\/06\/logo.webp","width":400,"height":211,"caption":"Tetraktis"},"image":{"@id":"https:\/\/tetraktis.si\/en\/#\/schema\/logo\/image\/"},"sameAs":["https:\/\/business.facebook.com\/equineamericashop\/?business_id=193323571192825","https:\/\/x.com\/TetraktisInfo","https:\/\/www.instagram.com\/tetraktisslovenija\/","https:\/\/www.youtube.com\/channel\/UCk_PdKMdtpZ4pf0RRFL1vYA"]}]}},"_links":{"self":[{"href":"https:\/\/tetraktis.si\/en\/wp-json\/wp\/v2\/product\/32433","targetHints":{"allow":["GET"]}}],"collection":[{"href":"https:\/\/tetraktis.si\/en\/wp-json\/wp\/v2\/product"}],"about":[{"href":"https:\/\/tetraktis.si\/en\/wp-json\/wp\/v2\/types\/product"}],"replies":[{"embeddable":true,"href":"https:\/\/tetraktis.si\/en\/wp-json\/wp\/v2\/comments?post=32433"}],"version-history":[{"count":1,"href":"https:\/\/tetraktis.si\/en\/wp-json\/wp\/v2\/product\/32433\/revisions"}],"predecessor-version":[{"id":37100,"href":"https:\/\/tetraktis.si\/en\/wp-json\/wp\/v2\/product\/32433\/revisions\/37100"}],"wp:featuredmedia":[{"embeddable":true,"href":"https:\/\/tetraktis.si\/en\/wp-json\/wp\/v2\/media\/24424"}],"wp:attachment":[{"href":"https:\/\/tetraktis.si\/en\/wp-json\/wp\/v2\/media?parent=32433"}],"wp:term":[{"taxonomy":"product_brand","embeddable":true,"href":"https:\/\/tetraktis.si\/en\/wp-json\/wp\/v2\/product_brand?post=32433"},{"taxonomy":"product_cat","embeddable":true,"href":"https:\/\/tetraktis.si\/en\/wp-json\/wp\/v2\/product_cat?post=32433"},{"taxonomy":"product_tag","embeddable":true,"href":"https:\/\/tetraktis.si\/en\/wp-json\/wp\/v2\/product_tag?post=32433"}],"curies":[{"name":"wp","href":"https:\/\/api.w.org\/{rel}","templated":true}]}}