{"id":32432,"date":"2022-04-27T15:53:38","date_gmt":"2022-04-27T13:53:38","guid":{"rendered":"https:\/\/cortaflex.si\/izdelek\/verm-x-liquid-for-dogs\/"},"modified":"2023-03-28T09:02:06","modified_gmt":"2023-03-28T07:02:06","slug":"verm-x-liquid-for-dogs","status":"publish","type":"product","link":"https:\/\/tetraktis.si\/en\/izdelek\/verm-x-liquid-for-dogs\/","title":{"rendered":"Verm-X Liquid for Dogs"},"content":{"rendered":"<p><strong>Verm-X for Dogs<\/strong> is available as a functional, daily crunchie, a convenient \u2018add to feed\u2019 liquid or a\u00a0NEW\u00a0easy to use herbal Pellet.<\/p>\n<p><strong>Verm-X Liquid for Dogs<\/strong> is designed to be added to the feed for three consecutive days per month.<\/p>\n<p><strong>Verm-X Dog Liquid:\u00a0<\/strong>1 small dog requires 15ml per month, 1 medium dog requires \u00a030ml per month, 1 large dog requires 45ml per month.<\/p>\n<h3>How do I feed Verm-X Liquid for Dogs?<\/h3>\n<p>Add to your dog\u2019s food for 3 consecutive days each month.<\/p>\n<ul>\n<li>Small breeds: \u00a0 5ml per day for the 3 days<\/li>\n<li>Medium breeds: 10ml per day for the 3 days<\/li>\n<li>Large breeds: \u00a015ml per day for the 3 days<\/li>\n<\/ul>\n<p>Each bottle comes with a measuring cap making<strong> Verm-X<\/strong> easy to measure out and use.<\/p>\n<p><strong>Verm-X Dog Liquid Composition:<\/strong> Cinnamon, Garlic, Common Thyme, Peppermint, Fennel, Cleavers, Nettle, Slippery Elm, Quassia, Elecampane.<\/p>\n<p>Produced by\u00a0Paddock Farm Partnership Ltd.,\u00a0VB.<\/p>\n","protected":false},"excerpt":{"rendered":"<p><strong>Verm-X<\/strong> is highly palatable and is an easy to use formulation\u00a0made with 100% <strong>natural active ingredients<\/strong> to <strong>control intestinal hygiene<\/strong> whilst being gentle on the gut and digestive system. It can therefore provide <strong>active control<\/strong> throughout the year.<\/p>\n<p>As with all natural ingredients, it may take a number of days after feeding <strong>Verm-X<\/strong> before it becomes fully effective so it is important to follow the feeding instructions.<\/p>\n","protected":false},"featured_media":24453,"comment_status":"open","ping_status":"closed","template":"","meta":[],"product_brand":[],"product_cat":[3323],"product_tag":[],"class_list":{"0":"post-32432","1":"product","2":"type-product","3":"status-publish","4":"has-post-thumbnail","6":"product_cat-dogs-cats","9":"first","10":"instock","11":"sale","12":"taxable","13":"shipping-taxable","14":"purchasable","15":"product-type-simple"},"yoast_head":"<!-- This site is optimized with the Yoast SEO Premium plugin v20.10 (Yoast SEO v27.3) - https:\/\/yoast.com\/product\/yoast-seo-premium-wordpress\/ -->\n<title>Verm-X Liquid for Dogs - Tetraktis- Equine America, Dorwest, Excel<\/title>\n<meta name=\"robots\" content=\"index, follow, max-snippet:-1, max-image-preview:large, max-video-preview:-1\" \/>\n<link rel=\"canonical\" href=\"https:\/\/tetraktis.si\/en\/izdelek\/verm-x-liquid-for-dogs\/\" \/>\n<meta property=\"og:locale\" content=\"en_US\" \/>\n<meta property=\"og:type\" content=\"article\" \/>\n<meta property=\"og:title\" content=\"Verm-X Liquid for Dogs - Tetraktis- Equine America, Dorwest, Excel\" \/>\n<meta property=\"og:description\" content=\"Verm-X is highly palatable and is an easy to use formulation\u00a0made with 100% natural active ingredients to control intestinal hygiene whilst being gentle on the gut and digestive system. It can therefore provide active control throughout the year. As with all natural ingredients, it may take a number of days after feeding Verm-X before it becomes fully effective so it is important to follow the feeding instructions.\" \/>\n<meta property=\"og:url\" content=\"https:\/\/tetraktis.si\/en\/izdelek\/verm-x-liquid-for-dogs\/\" \/>\n<meta property=\"og:site_name\" content=\"Tetraktis- Equine America, Dorwest, Excel\" \/>\n<meta property=\"article:publisher\" content=\"https:\/\/business.facebook.com\/equineamericashop\/?business_id=193323571192825\" \/>\n<meta property=\"article:modified_time\" content=\"2023-03-28T07:02:06+00:00\" \/>\n<meta property=\"og:image\" content=\"https:\/\/tetraktis.si\/wp-content\/uploads\/2022\/04\/tetraktis-online-ducan-verm-x-sirup-za-pse.jpg\" \/>\n\t<meta property=\"og:image:width\" content=\"466\" \/>\n\t<meta property=\"og:image:height\" content=\"564\" \/>\n\t<meta property=\"og:image:type\" content=\"image\/jpeg\" \/>\n<meta name=\"twitter:card\" content=\"summary_large_image\" \/>\n<meta name=\"twitter:site\" content=\"@TetraktisInfo\" \/>\n<meta name=\"twitter:label1\" content=\"Est. reading time\" \/>\n\t<meta name=\"twitter:data1\" content=\"1 minute\" \/>\n<script type=\"application\/ld+json\" class=\"yoast-schema-graph\">{\"@context\":\"https:\\\/\\\/schema.org\",\"@graph\":[{\"@type\":\"WebPage\",\"@id\":\"https:\\\/\\\/tetraktis.si\\\/en\\\/izdelek\\\/verm-x-liquid-for-dogs\\\/\",\"url\":\"https:\\\/\\\/tetraktis.si\\\/en\\\/izdelek\\\/verm-x-liquid-for-dogs\\\/\",\"name\":\"Verm-X Liquid for Dogs - Tetraktis- Equine America, Dorwest, Excel\",\"isPartOf\":{\"@id\":\"https:\\\/\\\/tetraktis.si\\\/en\\\/#website\"},\"primaryImageOfPage\":{\"@id\":\"https:\\\/\\\/tetraktis.si\\\/en\\\/izdelek\\\/verm-x-liquid-for-dogs\\\/#primaryimage\"},\"image\":{\"@id\":\"https:\\\/\\\/tetraktis.si\\\/en\\\/izdelek\\\/verm-x-liquid-for-dogs\\\/#primaryimage\"},\"thumbnailUrl\":\"https:\\\/\\\/tetraktis.si\\\/wp-content\\\/uploads\\\/2022\\\/04\\\/tetraktis-online-ducan-verm-x-sirup-za-pse.jpg\",\"datePublished\":\"2022-04-27T13:53:38+00:00\",\"dateModified\":\"2023-03-28T07:02:06+00:00\",\"breadcrumb\":{\"@id\":\"https:\\\/\\\/tetraktis.si\\\/en\\\/izdelek\\\/verm-x-liquid-for-dogs\\\/#breadcrumb\"},\"inLanguage\":\"en-US\",\"potentialAction\":[{\"@type\":\"ReadAction\",\"target\":[\"https:\\\/\\\/tetraktis.si\\\/en\\\/izdelek\\\/verm-x-liquid-for-dogs\\\/\"]}]},{\"@type\":\"ImageObject\",\"inLanguage\":\"en-US\",\"@id\":\"https:\\\/\\\/tetraktis.si\\\/en\\\/izdelek\\\/verm-x-liquid-for-dogs\\\/#primaryimage\",\"url\":\"https:\\\/\\\/tetraktis.si\\\/wp-content\\\/uploads\\\/2022\\\/04\\\/tetraktis-online-ducan-verm-x-sirup-za-pse.jpg\",\"contentUrl\":\"https:\\\/\\\/tetraktis.si\\\/wp-content\\\/uploads\\\/2022\\\/04\\\/tetraktis-online-ducan-verm-x-sirup-za-pse.jpg\",\"width\":466,\"height\":564,\"caption\":\"Verm-x za pse\"},{\"@type\":\"BreadcrumbList\",\"@id\":\"https:\\\/\\\/tetraktis.si\\\/en\\\/izdelek\\\/verm-x-liquid-for-dogs\\\/#breadcrumb\",\"itemListElement\":[{\"@type\":\"ListItem\",\"position\":1,\"name\":\"Shop\",\"item\":\"https:\\\/\\\/tetraktis.si\\\/en\\\/shop-3\\\/\"},{\"@type\":\"ListItem\",\"position\":2,\"name\":\"Verm-X Liquid for Dogs\"}]},{\"@type\":\"WebSite\",\"@id\":\"https:\\\/\\\/tetraktis.si\\\/en\\\/#website\",\"url\":\"https:\\\/\\\/tetraktis.si\\\/en\\\/\",\"name\":\"Tetraktis- Equine America, Dorwest, Excel\",\"description\":\"Samo najbolj\u0161e za va\u0161e \u017eivali\",\"publisher\":{\"@id\":\"https:\\\/\\\/tetraktis.si\\\/en\\\/#organization\"},\"potentialAction\":[{\"@type\":\"SearchAction\",\"target\":{\"@type\":\"EntryPoint\",\"urlTemplate\":\"https:\\\/\\\/tetraktis.si\\\/en\\\/?s={search_term_string}\"},\"query-input\":{\"@type\":\"PropertyValueSpecification\",\"valueRequired\":true,\"valueName\":\"search_term_string\"}}],\"inLanguage\":\"en-US\"},{\"@type\":\"Organization\",\"@id\":\"https:\\\/\\\/tetraktis.si\\\/en\\\/#organization\",\"name\":\"Tetraktis\",\"url\":\"https:\\\/\\\/tetraktis.si\\\/en\\\/\",\"logo\":{\"@type\":\"ImageObject\",\"inLanguage\":\"en-US\",\"@id\":\"https:\\\/\\\/tetraktis.si\\\/en\\\/#\\\/schema\\\/logo\\\/image\\\/\",\"url\":\"https:\\\/\\\/tetraktis.si\\\/wp-content\\\/uploads\\\/2022\\\/06\\\/logo.webp\",\"contentUrl\":\"https:\\\/\\\/tetraktis.si\\\/wp-content\\\/uploads\\\/2022\\\/06\\\/logo.webp\",\"width\":400,\"height\":211,\"caption\":\"Tetraktis\"},\"image\":{\"@id\":\"https:\\\/\\\/tetraktis.si\\\/en\\\/#\\\/schema\\\/logo\\\/image\\\/\"},\"sameAs\":[\"https:\\\/\\\/business.facebook.com\\\/equineamericashop\\\/?business_id=193323571192825\",\"https:\\\/\\\/x.com\\\/TetraktisInfo\",\"https:\\\/\\\/www.instagram.com\\\/tetraktisslovenija\\\/\",\"https:\\\/\\\/www.youtube.com\\\/channel\\\/UCk_PdKMdtpZ4pf0RRFL1vYA\"]}]}<\/script>\n<!-- \/ Yoast SEO Premium plugin. -->","yoast_head_json":{"title":"Verm-X Liquid for Dogs - Tetraktis- Equine America, Dorwest, Excel","robots":{"index":"index","follow":"follow","max-snippet":"max-snippet:-1","max-image-preview":"max-image-preview:large","max-video-preview":"max-video-preview:-1"},"canonical":"https:\/\/tetraktis.si\/en\/izdelek\/verm-x-liquid-for-dogs\/","og_locale":"en_US","og_type":"article","og_title":"Verm-X Liquid for Dogs - Tetraktis- Equine America, Dorwest, Excel","og_description":"Verm-X is highly palatable and is an easy to use formulation\u00a0made with 100% natural active ingredients to control intestinal hygiene whilst being gentle on the gut and digestive system. It can therefore provide active control throughout the year. As with all natural ingredients, it may take a number of days after feeding Verm-X before it becomes fully effective so it is important to follow the feeding instructions.","og_url":"https:\/\/tetraktis.si\/en\/izdelek\/verm-x-liquid-for-dogs\/","og_site_name":"Tetraktis- Equine America, Dorwest, Excel","article_publisher":"https:\/\/business.facebook.com\/equineamericashop\/?business_id=193323571192825","article_modified_time":"2023-03-28T07:02:06+00:00","og_image":[{"width":466,"height":564,"url":"https:\/\/tetraktis.si\/wp-content\/uploads\/2022\/04\/tetraktis-online-ducan-verm-x-sirup-za-pse.jpg","type":"image\/jpeg"}],"twitter_card":"summary_large_image","twitter_site":"@TetraktisInfo","twitter_misc":{"Est. reading time":"1 minute"},"schema":{"@context":"https:\/\/schema.org","@graph":[{"@type":"WebPage","@id":"https:\/\/tetraktis.si\/en\/izdelek\/verm-x-liquid-for-dogs\/","url":"https:\/\/tetraktis.si\/en\/izdelek\/verm-x-liquid-for-dogs\/","name":"Verm-X Liquid for Dogs - Tetraktis- Equine America, Dorwest, Excel","isPartOf":{"@id":"https:\/\/tetraktis.si\/en\/#website"},"primaryImageOfPage":{"@id":"https:\/\/tetraktis.si\/en\/izdelek\/verm-x-liquid-for-dogs\/#primaryimage"},"image":{"@id":"https:\/\/tetraktis.si\/en\/izdelek\/verm-x-liquid-for-dogs\/#primaryimage"},"thumbnailUrl":"https:\/\/tetraktis.si\/wp-content\/uploads\/2022\/04\/tetraktis-online-ducan-verm-x-sirup-za-pse.jpg","datePublished":"2022-04-27T13:53:38+00:00","dateModified":"2023-03-28T07:02:06+00:00","breadcrumb":{"@id":"https:\/\/tetraktis.si\/en\/izdelek\/verm-x-liquid-for-dogs\/#breadcrumb"},"inLanguage":"en-US","potentialAction":[{"@type":"ReadAction","target":["https:\/\/tetraktis.si\/en\/izdelek\/verm-x-liquid-for-dogs\/"]}]},{"@type":"ImageObject","inLanguage":"en-US","@id":"https:\/\/tetraktis.si\/en\/izdelek\/verm-x-liquid-for-dogs\/#primaryimage","url":"https:\/\/tetraktis.si\/wp-content\/uploads\/2022\/04\/tetraktis-online-ducan-verm-x-sirup-za-pse.jpg","contentUrl":"https:\/\/tetraktis.si\/wp-content\/uploads\/2022\/04\/tetraktis-online-ducan-verm-x-sirup-za-pse.jpg","width":466,"height":564,"caption":"Verm-x za pse"},{"@type":"BreadcrumbList","@id":"https:\/\/tetraktis.si\/en\/izdelek\/verm-x-liquid-for-dogs\/#breadcrumb","itemListElement":[{"@type":"ListItem","position":1,"name":"Shop","item":"https:\/\/tetraktis.si\/en\/shop-3\/"},{"@type":"ListItem","position":2,"name":"Verm-X Liquid for Dogs"}]},{"@type":"WebSite","@id":"https:\/\/tetraktis.si\/en\/#website","url":"https:\/\/tetraktis.si\/en\/","name":"Tetraktis- Equine America, Dorwest, Excel","description":"Samo najbolj\u0161e za va\u0161e \u017eivali","publisher":{"@id":"https:\/\/tetraktis.si\/en\/#organization"},"potentialAction":[{"@type":"SearchAction","target":{"@type":"EntryPoint","urlTemplate":"https:\/\/tetraktis.si\/en\/?s={search_term_string}"},"query-input":{"@type":"PropertyValueSpecification","valueRequired":true,"valueName":"search_term_string"}}],"inLanguage":"en-US"},{"@type":"Organization","@id":"https:\/\/tetraktis.si\/en\/#organization","name":"Tetraktis","url":"https:\/\/tetraktis.si\/en\/","logo":{"@type":"ImageObject","inLanguage":"en-US","@id":"https:\/\/tetraktis.si\/en\/#\/schema\/logo\/image\/","url":"https:\/\/tetraktis.si\/wp-content\/uploads\/2022\/06\/logo.webp","contentUrl":"https:\/\/tetraktis.si\/wp-content\/uploads\/2022\/06\/logo.webp","width":400,"height":211,"caption":"Tetraktis"},"image":{"@id":"https:\/\/tetraktis.si\/en\/#\/schema\/logo\/image\/"},"sameAs":["https:\/\/business.facebook.com\/equineamericashop\/?business_id=193323571192825","https:\/\/x.com\/TetraktisInfo","https:\/\/www.instagram.com\/tetraktisslovenija\/","https:\/\/www.youtube.com\/channel\/UCk_PdKMdtpZ4pf0RRFL1vYA"]}]}},"_links":{"self":[{"href":"https:\/\/tetraktis.si\/en\/wp-json\/wp\/v2\/product\/32432","targetHints":{"allow":["GET"]}}],"collection":[{"href":"https:\/\/tetraktis.si\/en\/wp-json\/wp\/v2\/product"}],"about":[{"href":"https:\/\/tetraktis.si\/en\/wp-json\/wp\/v2\/types\/product"}],"replies":[{"embeddable":true,"href":"https:\/\/tetraktis.si\/en\/wp-json\/wp\/v2\/comments?post=32432"}],"version-history":[{"count":1,"href":"https:\/\/tetraktis.si\/en\/wp-json\/wp\/v2\/product\/32432\/revisions"}],"predecessor-version":[{"id":37099,"href":"https:\/\/tetraktis.si\/en\/wp-json\/wp\/v2\/product\/32432\/revisions\/37099"}],"wp:featuredmedia":[{"embeddable":true,"href":"https:\/\/tetraktis.si\/en\/wp-json\/wp\/v2\/media\/24453"}],"wp:attachment":[{"href":"https:\/\/tetraktis.si\/en\/wp-json\/wp\/v2\/media?parent=32432"}],"wp:term":[{"taxonomy":"product_brand","embeddable":true,"href":"https:\/\/tetraktis.si\/en\/wp-json\/wp\/v2\/product_brand?post=32432"},{"taxonomy":"product_cat","embeddable":true,"href":"https:\/\/tetraktis.si\/en\/wp-json\/wp\/v2\/product_cat?post=32432"},{"taxonomy":"product_tag","embeddable":true,"href":"https:\/\/tetraktis.si\/en\/wp-json\/wp\/v2\/product_tag?post=32432"}],"curies":[{"name":"wp","href":"https:\/\/api.w.org\/{rel}","templated":true}]}}